{"id":9604,"date":"2022-12-15T12:25:41","date_gmt":"2022-12-15T12:25:41","guid":{"rendered":"https:\/\/sulin.ee\/?post_type=product&#038;p=9604"},"modified":"2025-11-22T21:44:02","modified_gmt":"2025-11-22T21:44:02","slug":"bibs-couture-lutt-2tk-fossil-grey-mauve","status":"publish","type":"product","link":"https:\/\/sulin.ee\/en\/toode\/bibs-couture-lutt-2tk-fossil-grey-mauve\/","title":{"rendered":"BIBS Couture lutt 2tk &#8211; Fossil Grey \/ Mauve"},"content":{"rendered":"<p id=\"tw-target-text\" class=\"tw-data-text tw-text-large tw-ta\" dir=\"ltr\" data-placeholder=\"T\u00f5lge\"><strong><span class=\"Y2IQFc\">BIBS Couture lutt on k\u00f5rgeima kvaliteediga anatoomilise kuju ja esmaklassilise disainiga lutt.<\/span><\/strong><\/p>\n<p class=\"tw-data-text tw-text-large tw-ta\" dir=\"ltr\" data-placeholder=\"T\u00f5lge\"><span class=\"Y2IQFc\">Anatoomilise kujuga ehk ortodontilise kujuga lutt on \u00fclaosast kaardus, et sobituda loomulikul viisil lapse suulaega ning luti ots on v\u00e4hese nurga all, et lihtsustada keele asetsust. Selline luti kuju avaldab k\u00f5ige v\u00e4hem survet l\u00f5ualuule, igemetele ja hammastele.<\/span><\/p>\n<p class=\"tw-data-text tw-text-large tw-ta\" dir=\"ltr\" data-placeholder=\"T\u00f5lge\"><strong><span class=\"Y2IQFc\">Lutt on valmistatud looduslikust kummist ning ei sisalda<\/span>\u00a0BPA-d, PVC-d ja ftalaate.<\/strong><\/p>\n<ul>\n<li>Valmistatud looduslikust kaut\u0161ukist<\/li>\n<li>100% PVC ja BPA vaba<\/li>\n<li>Ei j\u00e4ta rante beebi n\u00e4ole<\/li>\n<li>Lutt on kerge<\/li>\n<li>Ajatu Taani disain<\/li>\n<li>Vastab EN 1400 Standardile<\/li>\n<\/ul>\n<p class=\"tw-data-text tw-text-large tw-ta\" dir=\"ltr\" data-placeholder=\"T\u00f5lge\"><span class=\"Y2IQFc\">Disainitud ja toodetud Taanis\/EL.<\/span><\/p>\n<p><strong>Komplektis kaks\u00a0eri v\u00e4rvi anatoomilist lutti.<\/strong><\/p>\n","protected":false},"excerpt":{"rendered":"<p>BIBS Couture lutt on k\u00f5rgeima kvaliteediga anatoomilise kuju ja esmaklassilise disainiga lutt. Anatoomilise kujuga ehk ortodontilise kujuga lutt on \u00fclaosast kaardus, et sobituda loomulikul viisil lapse suulaega ning luti ots on v\u00e4hese nurga all, et lihtsustada keele asetsust. Selline luti kuju avaldab k\u00f5ige v\u00e4hem survet l\u00f5ualuule, igemetele ja hammastele. Lutt on valmistatud looduslikust kummist ning [&hellip;]<\/p>\n","protected":false},"featured_media":9605,"comment_status":"open","ping_status":"closed","template":"","meta":[],"product_brand":[],"product_cat":[800,563],"product_tag":[],"class_list":{"0":"post-9604","1":"product","2":"type-product","3":"status-publish","4":"has-post-thumbnail","6":"product_cat-bibs-couture-lutid","7":"product_cat-bibs","8":"has-post-title","9":"has-post-date","10":"has-post-category","11":"has-post-tag","12":"has-post-comment","13":"has-post-author","14":"","16":"first","17":"instock","18":"sale","19":"taxable","20":"shipping-taxable","21":"purchasable","22":"product-type-variable"},"yoast_head":"<!-- This site is optimized with the Yoast SEO plugin v26.8 - https:\/\/yoast.com\/product\/yoast-seo-wordpress\/ -->\n<title>BIBS Couture lutt 2tk - Fossil Grey \/ Mauve - sulin.ee<\/title>\n<meta name=\"description\" content=\"BIBS Couture lutt on anatoomilise kujuga, et sobituda loomulikul viisil lapse suulaega. Looduslikust kummist lutt ei sisalda\u00a0BPA-d, PVC-d ja ftalaate.\" \/>\n<meta name=\"robots\" content=\"index, follow, max-snippet:-1, max-image-preview:large, max-video-preview:-1\" \/>\n<link rel=\"canonical\" href=\"https:\/\/sulin.ee\/en\/toode\/bibs-couture-lutt-2tk-fossil-grey-mauve\/\" \/>\n<meta property=\"og:locale\" content=\"en_US\" \/>\n<meta property=\"og:type\" content=\"article\" \/>\n<meta property=\"og:title\" content=\"BIBS Couture lutt 2tk - Fossil Grey \/ Mauve - sulin.ee\" \/>\n<meta property=\"og:description\" content=\"BIBS Couture lutt on anatoomilise kujuga, et sobituda loomulikul viisil lapse suulaega. Looduslikust kummist lutt ei sisalda\u00a0BPA-d, PVC-d ja ftalaate.\" \/>\n<meta property=\"og:url\" content=\"https:\/\/sulin.ee\/en\/toode\/bibs-couture-lutt-2tk-fossil-grey-mauve\/\" \/>\n<meta property=\"og:site_name\" content=\"sulin.ee\" \/>\n<meta property=\"article:publisher\" content=\"https:\/\/www.facebook.com\/www.sulin.ee\/\" \/>\n<meta property=\"article:modified_time\" content=\"2025-11-22T21:44:02+00:00\" \/>\n<meta property=\"og:image\" content=\"https:\/\/sulin.ee\/wp-content\/uploads\/2022\/12\/fossilgrey_mauve.jpg\" \/>\n\t<meta property=\"og:image:width\" content=\"1080\" \/>\n\t<meta property=\"og:image:height\" content=\"1440\" \/>\n\t<meta property=\"og:image:type\" content=\"image\/jpeg\" \/>\n<meta name=\"twitter:card\" content=\"summary_large_image\" \/>\n<meta name=\"twitter:label1\" content=\"Est. reading time\" \/>\n\t<meta name=\"twitter:data1\" content=\"1 minute\" \/>\n<script type=\"application\/ld+json\" class=\"yoast-schema-graph\">{\"@context\":\"https:\/\/schema.org\",\"@graph\":[{\"@type\":\"WebPage\",\"@id\":\"https:\/\/sulin.ee\/en\/toode\/bibs-couture-lutt-2tk-fossil-grey-mauve\/\",\"url\":\"https:\/\/sulin.ee\/en\/toode\/bibs-couture-lutt-2tk-fossil-grey-mauve\/\",\"name\":\"BIBS Couture lutt 2tk - Fossil Grey \/ Mauve - sulin.ee\",\"isPartOf\":{\"@id\":\"https:\/\/sulin.ee\/en\/#website\"},\"primaryImageOfPage\":{\"@id\":\"https:\/\/sulin.ee\/en\/toode\/bibs-couture-lutt-2tk-fossil-grey-mauve\/#primaryimage\"},\"image\":{\"@id\":\"https:\/\/sulin.ee\/en\/toode\/bibs-couture-lutt-2tk-fossil-grey-mauve\/#primaryimage\"},\"thumbnailUrl\":\"https:\/\/sulin.ee\/wp-content\/uploads\/2022\/12\/fossilgrey_mauve.jpg\",\"datePublished\":\"2022-12-15T12:25:41+00:00\",\"dateModified\":\"2025-11-22T21:44:02+00:00\",\"description\":\"BIBS Couture lutt on anatoomilise kujuga, et sobituda loomulikul viisil lapse suulaega. Looduslikust kummist lutt ei sisalda\u00a0BPA-d, PVC-d ja ftalaate.\",\"breadcrumb\":{\"@id\":\"https:\/\/sulin.ee\/en\/toode\/bibs-couture-lutt-2tk-fossil-grey-mauve\/#breadcrumb\"},\"inLanguage\":\"en-US\",\"potentialAction\":[{\"@type\":\"ReadAction\",\"target\":[\"https:\/\/sulin.ee\/en\/toode\/bibs-couture-lutt-2tk-fossil-grey-mauve\/\"]}]},{\"@type\":\"ImageObject\",\"inLanguage\":\"en-US\",\"@id\":\"https:\/\/sulin.ee\/en\/toode\/bibs-couture-lutt-2tk-fossil-grey-mauve\/#primaryimage\",\"url\":\"https:\/\/sulin.ee\/wp-content\/uploads\/2022\/12\/fossilgrey_mauve.jpg\",\"contentUrl\":\"https:\/\/sulin.ee\/wp-content\/uploads\/2022\/12\/fossilgrey_mauve.jpg\",\"width\":1080,\"height\":1440,\"caption\":\"BIBS Couture lutt\"},{\"@type\":\"BreadcrumbList\",\"@id\":\"https:\/\/sulin.ee\/en\/toode\/bibs-couture-lutt-2tk-fossil-grey-mauve\/#breadcrumb\",\"itemListElement\":[{\"@type\":\"ListItem\",\"position\":1,\"name\":\"Home\",\"item\":\"https:\/\/sulin.ee\/en\/\"},{\"@type\":\"ListItem\",\"position\":2,\"name\":\"Sulin.ee e-pood\",\"item\":\"https:\/\/sulin.ee\/shop\/\"},{\"@type\":\"ListItem\",\"position\":3,\"name\":\"BIBS Couture lutt 2tk &#8211; Fossil Grey \/ Mauve\"}]},{\"@type\":\"WebSite\",\"@id\":\"https:\/\/sulin.ee\/en\/#website\",\"url\":\"https:\/\/sulin.ee\/en\/\",\"name\":\"sulin.ee\",\"description\":\"\",\"publisher\":{\"@id\":\"https:\/\/sulin.ee\/en\/#organization\"},\"potentialAction\":[{\"@type\":\"SearchAction\",\"target\":{\"@type\":\"EntryPoint\",\"urlTemplate\":\"https:\/\/sulin.ee\/en\/?s={search_term_string}\"},\"query-input\":{\"@type\":\"PropertyValueSpecification\",\"valueRequired\":true,\"valueName\":\"search_term_string\"}}],\"inLanguage\":\"en-US\"},{\"@type\":\"Organization\",\"@id\":\"https:\/\/sulin.ee\/en\/#organization\",\"name\":\"SULIN TRADE O\u00dc\",\"url\":\"https:\/\/sulin.ee\/en\/\",\"logo\":{\"@type\":\"ImageObject\",\"inLanguage\":\"en-US\",\"@id\":\"https:\/\/sulin.ee\/en\/#\/schema\/logo\/image\/\",\"url\":\"https:\/\/sulin.ee\/wp-content\/uploads\/2022\/11\/sulin-logo.png\",\"contentUrl\":\"https:\/\/sulin.ee\/wp-content\/uploads\/2022\/11\/sulin-logo.png\",\"width\":871,\"height\":321,\"caption\":\"SULIN TRADE O\u00dc\"},\"image\":{\"@id\":\"https:\/\/sulin.ee\/en\/#\/schema\/logo\/image\/\"},\"sameAs\":[\"https:\/\/www.facebook.com\/www.sulin.ee\/\",\"https:\/\/www.instagram.com\/sulintrade\/\"]}]}<\/script>\n<!-- \/ Yoast SEO plugin. -->","yoast_head_json":{"title":"BIBS Couture lutt 2tk - Fossil Grey \/ Mauve - sulin.ee","description":"BIBS Couture lutt on anatoomilise kujuga, et sobituda loomulikul viisil lapse suulaega. Looduslikust kummist lutt ei sisalda\u00a0BPA-d, PVC-d ja ftalaate.","robots":{"index":"index","follow":"follow","max-snippet":"max-snippet:-1","max-image-preview":"max-image-preview:large","max-video-preview":"max-video-preview:-1"},"canonical":"https:\/\/sulin.ee\/en\/toode\/bibs-couture-lutt-2tk-fossil-grey-mauve\/","og_locale":"en_US","og_type":"article","og_title":"BIBS Couture lutt 2tk - Fossil Grey \/ Mauve - sulin.ee","og_description":"BIBS Couture lutt on anatoomilise kujuga, et sobituda loomulikul viisil lapse suulaega. Looduslikust kummist lutt ei sisalda\u00a0BPA-d, PVC-d ja ftalaate.","og_url":"https:\/\/sulin.ee\/en\/toode\/bibs-couture-lutt-2tk-fossil-grey-mauve\/","og_site_name":"sulin.ee","article_publisher":"https:\/\/www.facebook.com\/www.sulin.ee\/","article_modified_time":"2025-11-22T21:44:02+00:00","og_image":[{"width":1080,"height":1440,"url":"https:\/\/sulin.ee\/wp-content\/uploads\/2022\/12\/fossilgrey_mauve.jpg","type":"image\/jpeg"}],"twitter_card":"summary_large_image","twitter_misc":{"Est. reading time":"1 minute"},"schema":{"@context":"https:\/\/schema.org","@graph":[{"@type":"WebPage","@id":"https:\/\/sulin.ee\/en\/toode\/bibs-couture-lutt-2tk-fossil-grey-mauve\/","url":"https:\/\/sulin.ee\/en\/toode\/bibs-couture-lutt-2tk-fossil-grey-mauve\/","name":"BIBS Couture lutt 2tk - Fossil Grey \/ Mauve - sulin.ee","isPartOf":{"@id":"https:\/\/sulin.ee\/en\/#website"},"primaryImageOfPage":{"@id":"https:\/\/sulin.ee\/en\/toode\/bibs-couture-lutt-2tk-fossil-grey-mauve\/#primaryimage"},"image":{"@id":"https:\/\/sulin.ee\/en\/toode\/bibs-couture-lutt-2tk-fossil-grey-mauve\/#primaryimage"},"thumbnailUrl":"https:\/\/sulin.ee\/wp-content\/uploads\/2022\/12\/fossilgrey_mauve.jpg","datePublished":"2022-12-15T12:25:41+00:00","dateModified":"2025-11-22T21:44:02+00:00","description":"BIBS Couture lutt on anatoomilise kujuga, et sobituda loomulikul viisil lapse suulaega. Looduslikust kummist lutt ei sisalda\u00a0BPA-d, PVC-d ja ftalaate.","breadcrumb":{"@id":"https:\/\/sulin.ee\/en\/toode\/bibs-couture-lutt-2tk-fossil-grey-mauve\/#breadcrumb"},"inLanguage":"en-US","potentialAction":[{"@type":"ReadAction","target":["https:\/\/sulin.ee\/en\/toode\/bibs-couture-lutt-2tk-fossil-grey-mauve\/"]}]},{"@type":"ImageObject","inLanguage":"en-US","@id":"https:\/\/sulin.ee\/en\/toode\/bibs-couture-lutt-2tk-fossil-grey-mauve\/#primaryimage","url":"https:\/\/sulin.ee\/wp-content\/uploads\/2022\/12\/fossilgrey_mauve.jpg","contentUrl":"https:\/\/sulin.ee\/wp-content\/uploads\/2022\/12\/fossilgrey_mauve.jpg","width":1080,"height":1440,"caption":"BIBS Couture lutt"},{"@type":"BreadcrumbList","@id":"https:\/\/sulin.ee\/en\/toode\/bibs-couture-lutt-2tk-fossil-grey-mauve\/#breadcrumb","itemListElement":[{"@type":"ListItem","position":1,"name":"Home","item":"https:\/\/sulin.ee\/en\/"},{"@type":"ListItem","position":2,"name":"Sulin.ee e-pood","item":"https:\/\/sulin.ee\/shop\/"},{"@type":"ListItem","position":3,"name":"BIBS Couture lutt 2tk &#8211; Fossil Grey \/ Mauve"}]},{"@type":"WebSite","@id":"https:\/\/sulin.ee\/en\/#website","url":"https:\/\/sulin.ee\/en\/","name":"sulin.ee","description":"","publisher":{"@id":"https:\/\/sulin.ee\/en\/#organization"},"potentialAction":[{"@type":"SearchAction","target":{"@type":"EntryPoint","urlTemplate":"https:\/\/sulin.ee\/en\/?s={search_term_string}"},"query-input":{"@type":"PropertyValueSpecification","valueRequired":true,"valueName":"search_term_string"}}],"inLanguage":"en-US"},{"@type":"Organization","@id":"https:\/\/sulin.ee\/en\/#organization","name":"SULIN TRADE O\u00dc","url":"https:\/\/sulin.ee\/en\/","logo":{"@type":"ImageObject","inLanguage":"en-US","@id":"https:\/\/sulin.ee\/en\/#\/schema\/logo\/image\/","url":"https:\/\/sulin.ee\/wp-content\/uploads\/2022\/11\/sulin-logo.png","contentUrl":"https:\/\/sulin.ee\/wp-content\/uploads\/2022\/11\/sulin-logo.png","width":871,"height":321,"caption":"SULIN TRADE O\u00dc"},"image":{"@id":"https:\/\/sulin.ee\/en\/#\/schema\/logo\/image\/"},"sameAs":["https:\/\/www.facebook.com\/www.sulin.ee\/","https:\/\/www.instagram.com\/sulintrade\/"]}]}},"builder_content":"","_links":{"self":[{"href":"https:\/\/sulin.ee\/en\/wp-json\/wp\/v2\/product\/9604","targetHints":{"allow":["GET"]}}],"collection":[{"href":"https:\/\/sulin.ee\/en\/wp-json\/wp\/v2\/product"}],"about":[{"href":"https:\/\/sulin.ee\/en\/wp-json\/wp\/v2\/types\/product"}],"replies":[{"embeddable":true,"href":"https:\/\/sulin.ee\/en\/wp-json\/wp\/v2\/comments?post=9604"}],"wp:featuredmedia":[{"embeddable":true,"href":"https:\/\/sulin.ee\/en\/wp-json\/wp\/v2\/media\/9605"}],"wp:attachment":[{"href":"https:\/\/sulin.ee\/en\/wp-json\/wp\/v2\/media?parent=9604"}],"wp:term":[{"taxonomy":"product_brand","embeddable":true,"href":"https:\/\/sulin.ee\/en\/wp-json\/wp\/v2\/product_brand?post=9604"},{"taxonomy":"product_cat","embeddable":true,"href":"https:\/\/sulin.ee\/en\/wp-json\/wp\/v2\/product_cat?post=9604"},{"taxonomy":"product_tag","embeddable":true,"href":"https:\/\/sulin.ee\/en\/wp-json\/wp\/v2\/product_tag?post=9604"}],"curies":[{"name":"wp","href":"https:\/\/api.w.org\/{rel}","templated":true}]}}