{"id":96,"date":"2022-09-13T14:00:17","date_gmt":"2022-09-13T14:00:17","guid":{"rendered":"http:\/\/test.itson.ee\/sulin\/product\/bambaw-metallist-raseerija-hobe-alus\/"},"modified":"2025-09-07T21:55:59","modified_gmt":"2025-09-07T21:55:59","slug":"bambaw-metallist-raseerija-hobe-alus","status":"publish","type":"product","link":"https:\/\/sulin.ee\/en\/toode\/bambaw-metallist-raseerija-hobe-alus\/","title":{"rendered":"Metallist raseerija h\u00f5be + alus"},"content":{"rendered":"<p style=\"text-align: justify;\"><span style=\"font-family: arial, helvetica, sans-serif; font-size: medium;\"><a href=\"https:\/\/www.bambaw.com\/\">Bambaw<\/a> metallist k\u00e4epidemega korduvkasutatav raseerija sobib kasutamiseks nii meestele kui ka naistele. Pikk k\u00e4epide tagab kindla haarde ning seda on suurep\u00e4rane kasutada keha- ja n\u00e4okarvade raseerimiseks du\u0161\u0161i all, vannis v\u00f5i kraanikausi kohal.<br \/>\n<\/span><\/p>\n<p style=\"text-align: justify;\"><span style=\"font-family: arial, helvetica, sans-serif; font-size: medium;\">Raseerija vahetatavad terad on valmistatud roostevabast terasest ning neid on v\u00f5imalik \u00fcmber t\u00f6\u00f6delda. Kui tihti terasid peab vahetama, oleneb karva t\u00fc\u00fcbist ja kasutamise tihedusest, see v\u00f5ib varieeruda m\u00f5nest n\u00e4dalast kuuni.<\/span><\/p>\n<p style=\"text-align: justify;\"><span style=\"font-family: arial, helvetica, sans-serif; font-size: medium;\">Igal aastal visatakse minema miljardeid \u00fchekordseid plastikust raseerijaid, mida ei saa \u00fcmber t\u00f6\u00f6delda. Tihti need p\u00f5letatakse v\u00f5i satuvad need lihtsalt loodusesse, mis omakorda m\u00f5jutab negatiivselt meid \u00fcmbritsevat keskkonda. Korduvkasutatav raseerija on keskkonnas\u00f5bralik alternatiiv plastist raseerijatele.<\/span><\/p>\n<p style=\"text-align: justify;\"><span style=\"font-family: arial, helvetica, sans-serif; font-size: medium;\"><b>Komplektis:\u00a0<\/b>metallist k\u00e4epidemega raseerija, raseerija alus ja \u00fcks\u00a0Bambaw roostevabast terasest <a href=\"https:\/\/sulin.ee\/toode\/bambaw-ziletiterad-5tk\/\">raseerimistera<\/a>.<\/span><\/p>\n","protected":false},"excerpt":{"rendered":"<p>Bambaw<\/p>\n","protected":false},"featured_media":3237,"comment_status":"open","ping_status":"closed","template":"","meta":[],"product_brand":[],"product_cat":[56,239],"product_tag":[249],"class_list":{"0":"post-96","1":"product","2":"type-product","3":"status-publish","4":"has-post-thumbnail","6":"product_cat-raseerijad","7":"product_cat-bambaw","8":"product_tag-bambaw","9":"has-post-title","10":"has-post-date","11":"has-post-category","12":"has-post-tag","13":"has-post-comment","14":"has-post-author","15":"","17":"first","18":"instock","19":"sale","20":"taxable","21":"shipping-taxable","22":"purchasable","23":"product-type-simple"},"yoast_head":"<!-- This site is optimized with the Yoast SEO plugin v26.8 - https:\/\/yoast.com\/product\/yoast-seo-wordpress\/ -->\n<title>Metallist raseerija h\u00f5be + alus - sulin.ee<\/title>\n<meta name=\"description\" content=\"Bambaw metallist raseerija on hea alternatiiv \u00fchekordsetele raseerijatele. Raseerija sobib kasutamiseks nii meestele kui ka naistele.\" \/>\n<meta name=\"robots\" content=\"index, follow, max-snippet:-1, max-image-preview:large, max-video-preview:-1\" \/>\n<link rel=\"canonical\" href=\"https:\/\/sulin.ee\/en\/toode\/bambaw-metallist-raseerija-hobe-alus\/\" \/>\n<meta property=\"og:locale\" content=\"en_US\" \/>\n<meta property=\"og:type\" content=\"article\" \/>\n<meta property=\"og:title\" content=\"Metallist raseerija h\u00f5be + alus - sulin.ee\" \/>\n<meta property=\"og:description\" content=\"Bambaw metallist raseerija on hea alternatiiv \u00fchekordsetele raseerijatele. Raseerija sobib kasutamiseks nii meestele kui ka naistele.\" \/>\n<meta property=\"og:url\" content=\"https:\/\/sulin.ee\/en\/toode\/bambaw-metallist-raseerija-hobe-alus\/\" \/>\n<meta property=\"og:site_name\" content=\"sulin.ee\" \/>\n<meta property=\"article:publisher\" content=\"https:\/\/www.facebook.com\/www.sulin.ee\/\" \/>\n<meta property=\"article:modified_time\" content=\"2025-09-07T21:55:59+00:00\" \/>\n<meta property=\"og:image\" content=\"https:\/\/sulin.ee\/wp-content\/uploads\/2022\/09\/Silver-Stand.jpg\" \/>\n\t<meta property=\"og:image:width\" content=\"800\" \/>\n\t<meta property=\"og:image:height\" content=\"800\" \/>\n\t<meta property=\"og:image:type\" content=\"image\/jpeg\" \/>\n<meta name=\"twitter:card\" content=\"summary_large_image\" \/>\n<meta name=\"twitter:label1\" content=\"Est. reading time\" \/>\n\t<meta name=\"twitter:data1\" content=\"1 minute\" \/>\n<script type=\"application\/ld+json\" class=\"yoast-schema-graph\">{\"@context\":\"https:\/\/schema.org\",\"@graph\":[{\"@type\":\"WebPage\",\"@id\":\"https:\/\/sulin.ee\/en\/toode\/bambaw-metallist-raseerija-hobe-alus\/\",\"url\":\"https:\/\/sulin.ee\/en\/toode\/bambaw-metallist-raseerija-hobe-alus\/\",\"name\":\"Metallist raseerija h\u00f5be + alus - sulin.ee\",\"isPartOf\":{\"@id\":\"https:\/\/sulin.ee\/en\/#website\"},\"primaryImageOfPage\":{\"@id\":\"https:\/\/sulin.ee\/en\/toode\/bambaw-metallist-raseerija-hobe-alus\/#primaryimage\"},\"image\":{\"@id\":\"https:\/\/sulin.ee\/en\/toode\/bambaw-metallist-raseerija-hobe-alus\/#primaryimage\"},\"thumbnailUrl\":\"https:\/\/sulin.ee\/wp-content\/uploads\/2022\/09\/Silver-Stand.jpg\",\"datePublished\":\"2022-09-13T14:00:17+00:00\",\"dateModified\":\"2025-09-07T21:55:59+00:00\",\"description\":\"Bambaw metallist raseerija on hea alternatiiv \u00fchekordsetele raseerijatele. Raseerija sobib kasutamiseks nii meestele kui ka naistele.\",\"breadcrumb\":{\"@id\":\"https:\/\/sulin.ee\/en\/toode\/bambaw-metallist-raseerija-hobe-alus\/#breadcrumb\"},\"inLanguage\":\"en-US\",\"potentialAction\":[{\"@type\":\"ReadAction\",\"target\":[\"https:\/\/sulin.ee\/en\/toode\/bambaw-metallist-raseerija-hobe-alus\/\"]}]},{\"@type\":\"ImageObject\",\"inLanguage\":\"en-US\",\"@id\":\"https:\/\/sulin.ee\/en\/toode\/bambaw-metallist-raseerija-hobe-alus\/#primaryimage\",\"url\":\"https:\/\/sulin.ee\/wp-content\/uploads\/2022\/09\/Silver-Stand.jpg\",\"contentUrl\":\"https:\/\/sulin.ee\/wp-content\/uploads\/2022\/09\/Silver-Stand.jpg\",\"width\":800,\"height\":800,\"caption\":\"metallist raseerija\"},{\"@type\":\"BreadcrumbList\",\"@id\":\"https:\/\/sulin.ee\/en\/toode\/bambaw-metallist-raseerija-hobe-alus\/#breadcrumb\",\"itemListElement\":[{\"@type\":\"ListItem\",\"position\":1,\"name\":\"Home\",\"item\":\"https:\/\/sulin.ee\/en\/\"},{\"@type\":\"ListItem\",\"position\":2,\"name\":\"Sulin.ee e-pood\",\"item\":\"https:\/\/sulin.ee\/shop\/\"},{\"@type\":\"ListItem\",\"position\":3,\"name\":\"Metallist raseerija h\u00f5be + alus\"}]},{\"@type\":\"WebSite\",\"@id\":\"https:\/\/sulin.ee\/en\/#website\",\"url\":\"https:\/\/sulin.ee\/en\/\",\"name\":\"sulin.ee\",\"description\":\"\",\"publisher\":{\"@id\":\"https:\/\/sulin.ee\/en\/#organization\"},\"potentialAction\":[{\"@type\":\"SearchAction\",\"target\":{\"@type\":\"EntryPoint\",\"urlTemplate\":\"https:\/\/sulin.ee\/en\/?s={search_term_string}\"},\"query-input\":{\"@type\":\"PropertyValueSpecification\",\"valueRequired\":true,\"valueName\":\"search_term_string\"}}],\"inLanguage\":\"en-US\"},{\"@type\":\"Organization\",\"@id\":\"https:\/\/sulin.ee\/en\/#organization\",\"name\":\"SULIN TRADE O\u00dc\",\"url\":\"https:\/\/sulin.ee\/en\/\",\"logo\":{\"@type\":\"ImageObject\",\"inLanguage\":\"en-US\",\"@id\":\"https:\/\/sulin.ee\/en\/#\/schema\/logo\/image\/\",\"url\":\"https:\/\/sulin.ee\/wp-content\/uploads\/2022\/11\/sulin-logo.png\",\"contentUrl\":\"https:\/\/sulin.ee\/wp-content\/uploads\/2022\/11\/sulin-logo.png\",\"width\":871,\"height\":321,\"caption\":\"SULIN TRADE O\u00dc\"},\"image\":{\"@id\":\"https:\/\/sulin.ee\/en\/#\/schema\/logo\/image\/\"},\"sameAs\":[\"https:\/\/www.facebook.com\/www.sulin.ee\/\",\"https:\/\/www.instagram.com\/sulintrade\/\"]}]}<\/script>\n<!-- \/ Yoast SEO plugin. -->","yoast_head_json":{"title":"Metallist raseerija h\u00f5be + alus - sulin.ee","description":"Bambaw metallist raseerija on hea alternatiiv \u00fchekordsetele raseerijatele. Raseerija sobib kasutamiseks nii meestele kui ka naistele.","robots":{"index":"index","follow":"follow","max-snippet":"max-snippet:-1","max-image-preview":"max-image-preview:large","max-video-preview":"max-video-preview:-1"},"canonical":"https:\/\/sulin.ee\/en\/toode\/bambaw-metallist-raseerija-hobe-alus\/","og_locale":"en_US","og_type":"article","og_title":"Metallist raseerija h\u00f5be + alus - sulin.ee","og_description":"Bambaw metallist raseerija on hea alternatiiv \u00fchekordsetele raseerijatele. Raseerija sobib kasutamiseks nii meestele kui ka naistele.","og_url":"https:\/\/sulin.ee\/en\/toode\/bambaw-metallist-raseerija-hobe-alus\/","og_site_name":"sulin.ee","article_publisher":"https:\/\/www.facebook.com\/www.sulin.ee\/","article_modified_time":"2025-09-07T21:55:59+00:00","og_image":[{"width":800,"height":800,"url":"https:\/\/sulin.ee\/wp-content\/uploads\/2022\/09\/Silver-Stand.jpg","type":"image\/jpeg"}],"twitter_card":"summary_large_image","twitter_misc":{"Est. reading time":"1 minute"},"schema":{"@context":"https:\/\/schema.org","@graph":[{"@type":"WebPage","@id":"https:\/\/sulin.ee\/en\/toode\/bambaw-metallist-raseerija-hobe-alus\/","url":"https:\/\/sulin.ee\/en\/toode\/bambaw-metallist-raseerija-hobe-alus\/","name":"Metallist raseerija h\u00f5be + alus - sulin.ee","isPartOf":{"@id":"https:\/\/sulin.ee\/en\/#website"},"primaryImageOfPage":{"@id":"https:\/\/sulin.ee\/en\/toode\/bambaw-metallist-raseerija-hobe-alus\/#primaryimage"},"image":{"@id":"https:\/\/sulin.ee\/en\/toode\/bambaw-metallist-raseerija-hobe-alus\/#primaryimage"},"thumbnailUrl":"https:\/\/sulin.ee\/wp-content\/uploads\/2022\/09\/Silver-Stand.jpg","datePublished":"2022-09-13T14:00:17+00:00","dateModified":"2025-09-07T21:55:59+00:00","description":"Bambaw metallist raseerija on hea alternatiiv \u00fchekordsetele raseerijatele. Raseerija sobib kasutamiseks nii meestele kui ka naistele.","breadcrumb":{"@id":"https:\/\/sulin.ee\/en\/toode\/bambaw-metallist-raseerija-hobe-alus\/#breadcrumb"},"inLanguage":"en-US","potentialAction":[{"@type":"ReadAction","target":["https:\/\/sulin.ee\/en\/toode\/bambaw-metallist-raseerija-hobe-alus\/"]}]},{"@type":"ImageObject","inLanguage":"en-US","@id":"https:\/\/sulin.ee\/en\/toode\/bambaw-metallist-raseerija-hobe-alus\/#primaryimage","url":"https:\/\/sulin.ee\/wp-content\/uploads\/2022\/09\/Silver-Stand.jpg","contentUrl":"https:\/\/sulin.ee\/wp-content\/uploads\/2022\/09\/Silver-Stand.jpg","width":800,"height":800,"caption":"metallist raseerija"},{"@type":"BreadcrumbList","@id":"https:\/\/sulin.ee\/en\/toode\/bambaw-metallist-raseerija-hobe-alus\/#breadcrumb","itemListElement":[{"@type":"ListItem","position":1,"name":"Home","item":"https:\/\/sulin.ee\/en\/"},{"@type":"ListItem","position":2,"name":"Sulin.ee e-pood","item":"https:\/\/sulin.ee\/shop\/"},{"@type":"ListItem","position":3,"name":"Metallist raseerija h\u00f5be + alus"}]},{"@type":"WebSite","@id":"https:\/\/sulin.ee\/en\/#website","url":"https:\/\/sulin.ee\/en\/","name":"sulin.ee","description":"","publisher":{"@id":"https:\/\/sulin.ee\/en\/#organization"},"potentialAction":[{"@type":"SearchAction","target":{"@type":"EntryPoint","urlTemplate":"https:\/\/sulin.ee\/en\/?s={search_term_string}"},"query-input":{"@type":"PropertyValueSpecification","valueRequired":true,"valueName":"search_term_string"}}],"inLanguage":"en-US"},{"@type":"Organization","@id":"https:\/\/sulin.ee\/en\/#organization","name":"SULIN TRADE O\u00dc","url":"https:\/\/sulin.ee\/en\/","logo":{"@type":"ImageObject","inLanguage":"en-US","@id":"https:\/\/sulin.ee\/en\/#\/schema\/logo\/image\/","url":"https:\/\/sulin.ee\/wp-content\/uploads\/2022\/11\/sulin-logo.png","contentUrl":"https:\/\/sulin.ee\/wp-content\/uploads\/2022\/11\/sulin-logo.png","width":871,"height":321,"caption":"SULIN TRADE O\u00dc"},"image":{"@id":"https:\/\/sulin.ee\/en\/#\/schema\/logo\/image\/"},"sameAs":["https:\/\/www.facebook.com\/www.sulin.ee\/","https:\/\/www.instagram.com\/sulintrade\/"]}]}},"builder_content":"","_links":{"self":[{"href":"https:\/\/sulin.ee\/en\/wp-json\/wp\/v2\/product\/96","targetHints":{"allow":["GET"]}}],"collection":[{"href":"https:\/\/sulin.ee\/en\/wp-json\/wp\/v2\/product"}],"about":[{"href":"https:\/\/sulin.ee\/en\/wp-json\/wp\/v2\/types\/product"}],"replies":[{"embeddable":true,"href":"https:\/\/sulin.ee\/en\/wp-json\/wp\/v2\/comments?post=96"}],"wp:featuredmedia":[{"embeddable":true,"href":"https:\/\/sulin.ee\/en\/wp-json\/wp\/v2\/media\/3237"}],"wp:attachment":[{"href":"https:\/\/sulin.ee\/en\/wp-json\/wp\/v2\/media?parent=96"}],"wp:term":[{"taxonomy":"product_brand","embeddable":true,"href":"https:\/\/sulin.ee\/en\/wp-json\/wp\/v2\/product_brand?post=96"},{"taxonomy":"product_cat","embeddable":true,"href":"https:\/\/sulin.ee\/en\/wp-json\/wp\/v2\/product_cat?post=96"},{"taxonomy":"product_tag","embeddable":true,"href":"https:\/\/sulin.ee\/en\/wp-json\/wp\/v2\/product_tag?post=96"}],"curies":[{"name":"wp","href":"https:\/\/api.w.org\/{rel}","templated":true}]}}