{"id":9599,"date":"2022-12-15T13:27:23","date_gmt":"2022-12-15T13:27:23","guid":{"rendered":"https:\/\/sulin.ee\/?post_type=product&#038;p=9599"},"modified":"2025-10-08T09:37:20","modified_gmt":"2025-10-08T09:37:20","slug":"bibs-colour-round-lutt-2-tk-blush-night-vanilla-night","status":"publish","type":"product","link":"https:\/\/sulin.ee\/en\/toode\/bibs-colour-round-lutt-2-tk-blush-night-vanilla-night\/","title":{"rendered":"BIBS Colour Round lutt 2 tk &#8211; Blush Glow \/ Vanilla Glow"},"content":{"rendered":"<p><strong>BIBS Colour Round \u00f6\u00f6lutt on klassikaline ja ajatu. Valmistatud 100% looduslikust kummist, mis on pehme ja painduv.<\/strong> \u00dcmmargune luti ots ja \u00fcmbris imiteerivad ema rinda ning toetavad beebi loomulikku imemisrefleksi. Taanis disainitud ja valmistatud lutid on beebide lemmikud juba \u00fcle 40. aasta.<\/p>\n<p>BIBS Colour Round \u00f6\u00f6lutt on sama k\u00f5rge kvaliteediga kui originaalsed BIBS Colour lutid, kuid neil on praktiline pimedas helendav efekt. H<span class=\"Y2IQFc\">elendamine h\u00f5lbustab nii vanematel kui ka v\u00e4ikestel pimedas luti leidmist ja v\u00e4hendab stressi, mida luti kadumine keset \u00f6\u00f6d v\u00f5ib p\u00f5hjustada.<\/span><\/p>\n<p><strong>Selleks, et lutt \u00f6\u00f6sel helendaks, hoidke seda ereda valguse k\u00e4es umbes 10 sekundit. See aktiveerib helendamise , mis kestab 8+ tundi.<\/strong><\/p>\n<p>BIBS Colour Round \u00f6\u00f6luti \u00fcmmargune \u00fcmbris on disainitud viisil, mis laseb \u00f5huvoolul vabalt liikuda ning on beebi naha vastas \u00f5rn.<\/p>\n<p>Kuna tegemist on loodusliku kummiga, siis luti kummiosa v\u00e4rv v\u00f5ib varieeruda. Luti \u00fcmmargune plastikosa on disainitud viisil, mis laseb \u00f5huvoolul vabalt liikuda ning on beebi naha vastas \u00f5rn.<\/p>\n<p class=\"tw-data-text tw-text-large tw-ta\" dir=\"ltr\" data-placeholder=\"T\u00f5lge\"><strong><span class=\"Y2IQFc\">Lutt on valmistatud looduslikust kummist ning ei sisalda<\/span>\u00a0BPA-d, PVC-d ja ftalaate.<\/strong><\/p>\n<ul>\n<li><span style=\"color: #333333;\">Valmistatud looduslikust kaut\u0161ukist<\/span><\/li>\n<li>100% PVC ja BPA vaba<\/li>\n<li>Ei j\u00e4ta rante beebi n\u00e4ole<\/li>\n<li>Lutt on kerge<\/li>\n<li>Ajatu Taani disain<\/li>\n<li>Vastab EN 1400 Standardile<\/li>\n<\/ul>\n<p><strong>Komplektis kaks BIBS lutti.<\/strong><\/p>\n<p>Vaata ka teisi <span style=\"color: #800000;\"><a style=\"color: #800000;\" href=\"https:\/\/sulin.ee\/tootekategooria\/beebid\/lutid\/bibs-lutid\/bibs-oolutid\/\">pimedas helendavaid lutte.<\/a><\/span><\/p>\n","protected":false},"excerpt":{"rendered":"<p>BIBS Colour Round \u00f6\u00f6lutt on klassikaline ja ajatu. Valmistatud 100% looduslikust kummist, mis on pehme ja painduv. \u00dcmmargune luti ots ja \u00fcmbris imiteerivad ema rinda ning toetavad beebi loomulikku imemisrefleksi. Taanis disainitud ja valmistatud lutid on beebide lemmikud juba \u00fcle 40. aasta. BIBS Colour Round \u00f6\u00f6lutt on sama k\u00f5rge kvaliteediga kui originaalsed BIBS Colour lutid, [&hellip;]<\/p>\n","protected":false},"featured_media":9600,"comment_status":"open","ping_status":"closed","template":"","meta":[],"product_brand":[],"product_cat":[797,801,563],"product_tag":[],"class_list":{"0":"post-9599","1":"product","2":"type-product","3":"status-publish","4":"has-post-thumbnail","6":"product_cat-bibs-colour-round-lutid","7":"product_cat-bibs-oolutid","8":"product_cat-bibs","9":"has-post-title","10":"has-post-date","11":"has-post-category","12":"has-post-tag","13":"has-post-comment","14":"has-post-author","15":"","17":"first","18":"instock","19":"sale","20":"taxable","21":"shipping-taxable","22":"purchasable","23":"product-type-variable"},"yoast_head":"<!-- This site is optimized with the Yoast SEO plugin v26.8 - https:\/\/yoast.com\/product\/yoast-seo-wordpress\/ -->\n<title>BIBS Colour Round lutt 2 tk - Blush Glow \/ Vanilla Glow - sulin.ee<\/title>\n<meta name=\"description\" content=\"BIBS Colour Round \u00f6\u00f6lutt on klassikaline ja ajatu. \u00dcmmargune luti ots ja \u00fcmbris imiteerivad ema rinda ning toetavad beebi loomulikku imemisrefleksi.\" \/>\n<meta name=\"robots\" content=\"index, follow, max-snippet:-1, max-image-preview:large, max-video-preview:-1\" \/>\n<link rel=\"canonical\" href=\"https:\/\/sulin.ee\/en\/toode\/bibs-colour-round-lutt-2-tk-blush-night-vanilla-night\/\" \/>\n<meta property=\"og:locale\" content=\"en_US\" \/>\n<meta property=\"og:type\" content=\"article\" \/>\n<meta property=\"og:title\" content=\"BIBS Colour Round lutt 2 tk - Blush Glow \/ Vanilla Glow - sulin.ee\" \/>\n<meta property=\"og:description\" content=\"BIBS Colour Round \u00f6\u00f6lutt on klassikaline ja ajatu. \u00dcmmargune luti ots ja \u00fcmbris imiteerivad ema rinda ning toetavad beebi loomulikku imemisrefleksi.\" \/>\n<meta property=\"og:url\" content=\"https:\/\/sulin.ee\/en\/toode\/bibs-colour-round-lutt-2-tk-blush-night-vanilla-night\/\" \/>\n<meta property=\"og:site_name\" content=\"sulin.ee\" \/>\n<meta property=\"article:publisher\" content=\"https:\/\/www.facebook.com\/www.sulin.ee\/\" \/>\n<meta property=\"article:modified_time\" content=\"2025-10-08T09:37:20+00:00\" \/>\n<meta property=\"og:image\" content=\"https:\/\/sulin.ee\/wp-content\/uploads\/2022\/12\/bibs-blushnightvanillanight.jpg\" \/>\n\t<meta property=\"og:image:width\" content=\"1080\" \/>\n\t<meta property=\"og:image:height\" content=\"1440\" \/>\n\t<meta property=\"og:image:type\" content=\"image\/jpeg\" \/>\n<meta name=\"twitter:card\" content=\"summary_large_image\" \/>\n<meta name=\"twitter:label1\" content=\"Est. reading time\" \/>\n\t<meta name=\"twitter:data1\" content=\"2 minutes\" \/>\n<script type=\"application\/ld+json\" class=\"yoast-schema-graph\">{\"@context\":\"https:\/\/schema.org\",\"@graph\":[{\"@type\":\"WebPage\",\"@id\":\"https:\/\/sulin.ee\/en\/toode\/bibs-colour-round-lutt-2-tk-blush-night-vanilla-night\/\",\"url\":\"https:\/\/sulin.ee\/en\/toode\/bibs-colour-round-lutt-2-tk-blush-night-vanilla-night\/\",\"name\":\"BIBS Colour Round lutt 2 tk - Blush Glow \/ Vanilla Glow - sulin.ee\",\"isPartOf\":{\"@id\":\"https:\/\/sulin.ee\/en\/#website\"},\"primaryImageOfPage\":{\"@id\":\"https:\/\/sulin.ee\/en\/toode\/bibs-colour-round-lutt-2-tk-blush-night-vanilla-night\/#primaryimage\"},\"image\":{\"@id\":\"https:\/\/sulin.ee\/en\/toode\/bibs-colour-round-lutt-2-tk-blush-night-vanilla-night\/#primaryimage\"},\"thumbnailUrl\":\"https:\/\/sulin.ee\/wp-content\/uploads\/2022\/12\/bibs-blushnightvanillanight.jpg\",\"datePublished\":\"2022-12-15T13:27:23+00:00\",\"dateModified\":\"2025-10-08T09:37:20+00:00\",\"description\":\"BIBS Colour Round \u00f6\u00f6lutt on klassikaline ja ajatu. \u00dcmmargune luti ots ja \u00fcmbris imiteerivad ema rinda ning toetavad beebi loomulikku imemisrefleksi.\",\"breadcrumb\":{\"@id\":\"https:\/\/sulin.ee\/en\/toode\/bibs-colour-round-lutt-2-tk-blush-night-vanilla-night\/#breadcrumb\"},\"inLanguage\":\"en-US\",\"potentialAction\":[{\"@type\":\"ReadAction\",\"target\":[\"https:\/\/sulin.ee\/en\/toode\/bibs-colour-round-lutt-2-tk-blush-night-vanilla-night\/\"]}]},{\"@type\":\"ImageObject\",\"inLanguage\":\"en-US\",\"@id\":\"https:\/\/sulin.ee\/en\/toode\/bibs-colour-round-lutt-2-tk-blush-night-vanilla-night\/#primaryimage\",\"url\":\"https:\/\/sulin.ee\/wp-content\/uploads\/2022\/12\/bibs-blushnightvanillanight.jpg\",\"contentUrl\":\"https:\/\/sulin.ee\/wp-content\/uploads\/2022\/12\/bibs-blushnightvanillanight.jpg\",\"width\":1080,\"height\":1440,\"caption\":\"BIBS Colour Round lutt\"},{\"@type\":\"BreadcrumbList\",\"@id\":\"https:\/\/sulin.ee\/en\/toode\/bibs-colour-round-lutt-2-tk-blush-night-vanilla-night\/#breadcrumb\",\"itemListElement\":[{\"@type\":\"ListItem\",\"position\":1,\"name\":\"Home\",\"item\":\"https:\/\/sulin.ee\/en\/\"},{\"@type\":\"ListItem\",\"position\":2,\"name\":\"Sulin.ee e-pood\",\"item\":\"https:\/\/sulin.ee\/shop\/\"},{\"@type\":\"ListItem\",\"position\":3,\"name\":\"BIBS Colour Round lutt 2 tk &#8211; Blush Glow \/ Vanilla Glow\"}]},{\"@type\":\"WebSite\",\"@id\":\"https:\/\/sulin.ee\/en\/#website\",\"url\":\"https:\/\/sulin.ee\/en\/\",\"name\":\"sulin.ee\",\"description\":\"\",\"publisher\":{\"@id\":\"https:\/\/sulin.ee\/en\/#organization\"},\"potentialAction\":[{\"@type\":\"SearchAction\",\"target\":{\"@type\":\"EntryPoint\",\"urlTemplate\":\"https:\/\/sulin.ee\/en\/?s={search_term_string}\"},\"query-input\":{\"@type\":\"PropertyValueSpecification\",\"valueRequired\":true,\"valueName\":\"search_term_string\"}}],\"inLanguage\":\"en-US\"},{\"@type\":\"Organization\",\"@id\":\"https:\/\/sulin.ee\/en\/#organization\",\"name\":\"SULIN TRADE O\u00dc\",\"url\":\"https:\/\/sulin.ee\/en\/\",\"logo\":{\"@type\":\"ImageObject\",\"inLanguage\":\"en-US\",\"@id\":\"https:\/\/sulin.ee\/en\/#\/schema\/logo\/image\/\",\"url\":\"https:\/\/sulin.ee\/wp-content\/uploads\/2022\/11\/sulin-logo.png\",\"contentUrl\":\"https:\/\/sulin.ee\/wp-content\/uploads\/2022\/11\/sulin-logo.png\",\"width\":871,\"height\":321,\"caption\":\"SULIN TRADE O\u00dc\"},\"image\":{\"@id\":\"https:\/\/sulin.ee\/en\/#\/schema\/logo\/image\/\"},\"sameAs\":[\"https:\/\/www.facebook.com\/www.sulin.ee\/\",\"https:\/\/www.instagram.com\/sulintrade\/\"]}]}<\/script>\n<!-- \/ Yoast SEO plugin. -->","yoast_head_json":{"title":"BIBS Colour Round lutt 2 tk - Blush Glow \/ Vanilla Glow - sulin.ee","description":"BIBS Colour Round \u00f6\u00f6lutt on klassikaline ja ajatu. \u00dcmmargune luti ots ja \u00fcmbris imiteerivad ema rinda ning toetavad beebi loomulikku imemisrefleksi.","robots":{"index":"index","follow":"follow","max-snippet":"max-snippet:-1","max-image-preview":"max-image-preview:large","max-video-preview":"max-video-preview:-1"},"canonical":"https:\/\/sulin.ee\/en\/toode\/bibs-colour-round-lutt-2-tk-blush-night-vanilla-night\/","og_locale":"en_US","og_type":"article","og_title":"BIBS Colour Round lutt 2 tk - Blush Glow \/ Vanilla Glow - sulin.ee","og_description":"BIBS Colour Round \u00f6\u00f6lutt on klassikaline ja ajatu. \u00dcmmargune luti ots ja \u00fcmbris imiteerivad ema rinda ning toetavad beebi loomulikku imemisrefleksi.","og_url":"https:\/\/sulin.ee\/en\/toode\/bibs-colour-round-lutt-2-tk-blush-night-vanilla-night\/","og_site_name":"sulin.ee","article_publisher":"https:\/\/www.facebook.com\/www.sulin.ee\/","article_modified_time":"2025-10-08T09:37:20+00:00","og_image":[{"width":1080,"height":1440,"url":"https:\/\/sulin.ee\/wp-content\/uploads\/2022\/12\/bibs-blushnightvanillanight.jpg","type":"image\/jpeg"}],"twitter_card":"summary_large_image","twitter_misc":{"Est. reading time":"2 minutes"},"schema":{"@context":"https:\/\/schema.org","@graph":[{"@type":"WebPage","@id":"https:\/\/sulin.ee\/en\/toode\/bibs-colour-round-lutt-2-tk-blush-night-vanilla-night\/","url":"https:\/\/sulin.ee\/en\/toode\/bibs-colour-round-lutt-2-tk-blush-night-vanilla-night\/","name":"BIBS Colour Round lutt 2 tk - Blush Glow \/ Vanilla Glow - sulin.ee","isPartOf":{"@id":"https:\/\/sulin.ee\/en\/#website"},"primaryImageOfPage":{"@id":"https:\/\/sulin.ee\/en\/toode\/bibs-colour-round-lutt-2-tk-blush-night-vanilla-night\/#primaryimage"},"image":{"@id":"https:\/\/sulin.ee\/en\/toode\/bibs-colour-round-lutt-2-tk-blush-night-vanilla-night\/#primaryimage"},"thumbnailUrl":"https:\/\/sulin.ee\/wp-content\/uploads\/2022\/12\/bibs-blushnightvanillanight.jpg","datePublished":"2022-12-15T13:27:23+00:00","dateModified":"2025-10-08T09:37:20+00:00","description":"BIBS Colour Round \u00f6\u00f6lutt on klassikaline ja ajatu. \u00dcmmargune luti ots ja \u00fcmbris imiteerivad ema rinda ning toetavad beebi loomulikku imemisrefleksi.","breadcrumb":{"@id":"https:\/\/sulin.ee\/en\/toode\/bibs-colour-round-lutt-2-tk-blush-night-vanilla-night\/#breadcrumb"},"inLanguage":"en-US","potentialAction":[{"@type":"ReadAction","target":["https:\/\/sulin.ee\/en\/toode\/bibs-colour-round-lutt-2-tk-blush-night-vanilla-night\/"]}]},{"@type":"ImageObject","inLanguage":"en-US","@id":"https:\/\/sulin.ee\/en\/toode\/bibs-colour-round-lutt-2-tk-blush-night-vanilla-night\/#primaryimage","url":"https:\/\/sulin.ee\/wp-content\/uploads\/2022\/12\/bibs-blushnightvanillanight.jpg","contentUrl":"https:\/\/sulin.ee\/wp-content\/uploads\/2022\/12\/bibs-blushnightvanillanight.jpg","width":1080,"height":1440,"caption":"BIBS Colour Round lutt"},{"@type":"BreadcrumbList","@id":"https:\/\/sulin.ee\/en\/toode\/bibs-colour-round-lutt-2-tk-blush-night-vanilla-night\/#breadcrumb","itemListElement":[{"@type":"ListItem","position":1,"name":"Home","item":"https:\/\/sulin.ee\/en\/"},{"@type":"ListItem","position":2,"name":"Sulin.ee e-pood","item":"https:\/\/sulin.ee\/shop\/"},{"@type":"ListItem","position":3,"name":"BIBS Colour Round lutt 2 tk &#8211; Blush Glow \/ Vanilla Glow"}]},{"@type":"WebSite","@id":"https:\/\/sulin.ee\/en\/#website","url":"https:\/\/sulin.ee\/en\/","name":"sulin.ee","description":"","publisher":{"@id":"https:\/\/sulin.ee\/en\/#organization"},"potentialAction":[{"@type":"SearchAction","target":{"@type":"EntryPoint","urlTemplate":"https:\/\/sulin.ee\/en\/?s={search_term_string}"},"query-input":{"@type":"PropertyValueSpecification","valueRequired":true,"valueName":"search_term_string"}}],"inLanguage":"en-US"},{"@type":"Organization","@id":"https:\/\/sulin.ee\/en\/#organization","name":"SULIN TRADE O\u00dc","url":"https:\/\/sulin.ee\/en\/","logo":{"@type":"ImageObject","inLanguage":"en-US","@id":"https:\/\/sulin.ee\/en\/#\/schema\/logo\/image\/","url":"https:\/\/sulin.ee\/wp-content\/uploads\/2022\/11\/sulin-logo.png","contentUrl":"https:\/\/sulin.ee\/wp-content\/uploads\/2022\/11\/sulin-logo.png","width":871,"height":321,"caption":"SULIN TRADE O\u00dc"},"image":{"@id":"https:\/\/sulin.ee\/en\/#\/schema\/logo\/image\/"},"sameAs":["https:\/\/www.facebook.com\/www.sulin.ee\/","https:\/\/www.instagram.com\/sulintrade\/"]}]}},"builder_content":"","_links":{"self":[{"href":"https:\/\/sulin.ee\/en\/wp-json\/wp\/v2\/product\/9599","targetHints":{"allow":["GET"]}}],"collection":[{"href":"https:\/\/sulin.ee\/en\/wp-json\/wp\/v2\/product"}],"about":[{"href":"https:\/\/sulin.ee\/en\/wp-json\/wp\/v2\/types\/product"}],"replies":[{"embeddable":true,"href":"https:\/\/sulin.ee\/en\/wp-json\/wp\/v2\/comments?post=9599"}],"wp:featuredmedia":[{"embeddable":true,"href":"https:\/\/sulin.ee\/en\/wp-json\/wp\/v2\/media\/9600"}],"wp:attachment":[{"href":"https:\/\/sulin.ee\/en\/wp-json\/wp\/v2\/media?parent=9599"}],"wp:term":[{"taxonomy":"product_brand","embeddable":true,"href":"https:\/\/sulin.ee\/en\/wp-json\/wp\/v2\/product_brand?post=9599"},{"taxonomy":"product_cat","embeddable":true,"href":"https:\/\/sulin.ee\/en\/wp-json\/wp\/v2\/product_cat?post=9599"},{"taxonomy":"product_tag","embeddable":true,"href":"https:\/\/sulin.ee\/en\/wp-json\/wp\/v2\/product_tag?post=9599"}],"curies":[{"name":"wp","href":"https:\/\/api.w.org\/{rel}","templated":true}]}}