{"id":9585,"date":"2022-12-15T13:12:08","date_gmt":"2022-12-15T13:12:08","guid":{"rendered":"https:\/\/sulin.ee\/?post_type=product&#038;p=9585"},"modified":"2026-03-08T09:10:23","modified_gmt":"2026-03-08T09:10:23","slug":"bibs-boheme-lutt-2tk-sage-glow-cloud-glow","status":"publish","type":"product","link":"https:\/\/sulin.ee\/en\/toode\/bibs-boheme-lutt-2tk-sage-glow-cloud-glow\/","title":{"rendered":"BIBS Boheme lutt 2tk &#8211; Sage Glow \/ Cloud Glow"},"content":{"rendered":"<p><strong>BIBS Boheme \u00f6\u00f6lutt on inspireeritud moodsast boheemlaslikust stiilist. Boheme m\u00f5jub oma looduslike elementide ja orgaanilise siluetiga v\u00e4rske, loomingulise ja esteetilisena.<\/strong><\/p>\n<p>Lutil on kirsikujuline kummiosa, mis on valmistatud naturaalsest lateksist, t\u00e4nu millele on luti ots pehme ja painduv. Luti \u00fcmmargune plastikosa on disainitud viisil, mis laseb \u00f5huvoolul vabalt liikuda ning on beebi naha vastas \u00f5rn.<\/p>\n<p>BIBS Boheme \u00f6\u00f6lutt GLOW on sama k\u00f5rge kvaliteediga kui originaalsed BIBS lutid, kuid neil on praktiline pimedas helendav efekt. H<span class=\"Y2IQFc\">elendamine h\u00f5lbustab nii vanematel kui ka v\u00e4ikestel pimedas luti leidmist ja v\u00e4hendab stressi, mida luti kadumine keset \u00f6\u00f6d v\u00f5ib p\u00f5hjustada.<\/span><\/p>\n<p dir=\"ltr\" data-placeholder=\"T\u00f5lge\">Selleks, et lutt \u00f6\u00f6sel helendaks, hoidke seda ereda valguse k\u00e4es umbes 10 sekundit. See aktiveerib helendamise , mis kestab 8+ tundi.<\/p>\n<p>Kuna tegemist on loodusliku kummiga, siis luti kummiosa v\u00e4rv v\u00f5ib varieeruda. Luti \u00fcmmargune plastikosa on disainitud viisil, mis laseb \u00f5huvoolul vabalt liikuda ning on beebi naha vastas \u00f5rn.<\/p>\n<p class=\"tw-data-text tw-text-large tw-ta\" dir=\"ltr\" data-placeholder=\"T\u00f5lge\"><strong><span class=\"Y2IQFc\">Lutt on valmistatud looduslikust kummist ning ei sisalda<\/span>\u00a0BPA-d, PVC-d ja ftalaate.<\/strong><\/p>\n<ul>\n<li>Valmistatud looduslikust kaut\u0161ukist<\/li>\n<li>100% PVC ja BPA vaba<\/li>\n<li>Ei j\u00e4ta rante beebi n\u00e4ole<\/li>\n<li>Lutt on kerge<\/li>\n<li>Ajatu Taani disain<\/li>\n<li>Vastab EN 1400 Standardile<\/li>\n<\/ul>\n<p class=\"tw-data-text tw-text-large tw-ta\" dir=\"ltr\" data-placeholder=\"T\u00f5lge\"><span class=\"Y2IQFc\">Disainitud ja toodetud Taanis\/EL.<\/span><\/p>\n<p><strong>Komplektis kaks BIBS lutti.<\/strong><\/p>\n<p>Infot erinevate luti kujude kohta leiad <span style=\"color: #800000;\"><a style=\"color: #800000;\" href=\"https:\/\/www.youtube.com\/watch?v=SLEAJhpZimo\">siit.<\/a><\/span><\/p>\n","protected":false},"excerpt":{"rendered":"<p>BIBS Boheme \u00f6\u00f6lutt on inspireeritud moodsast boheemlaslikust stiilist. Boheme m\u00f5jub oma looduslike elementide ja orgaanilise siluetiga v\u00e4rske, loomingulise ja esteetilisena. Lutil on kirsikujuline kummiosa, mis on valmistatud naturaalsest lateksist, t\u00e4nu millele on luti ots pehme ja painduv. Luti \u00fcmmargune plastikosa on disainitud viisil, mis laseb \u00f5huvoolul vabalt liikuda ning on beebi naha vastas \u00f5rn. BIBS [&hellip;]<\/p>\n","protected":false},"featured_media":9590,"comment_status":"open","ping_status":"closed","template":"","meta":[],"product_brand":[],"product_cat":[799,801,563],"product_tag":[],"class_list":{"0":"post-9585","1":"product","2":"type-product","3":"status-publish","4":"has-post-thumbnail","6":"product_cat-bibs-boheme-lutid","7":"product_cat-bibs-oolutid","8":"product_cat-bibs","9":"has-post-title","10":"has-post-date","11":"has-post-category","12":"has-post-tag","13":"has-post-comment","14":"has-post-author","15":"","17":"first","18":"instock","19":"sale","20":"taxable","21":"shipping-taxable","22":"purchasable","23":"product-type-variable"},"yoast_head":"<!-- This site is optimized with the Yoast SEO plugin v26.8 - https:\/\/yoast.com\/product\/yoast-seo-wordpress\/ -->\n<title>BIBS Boheme lutt 2tk - Sage Glow \/ Cloud Glow - sulin.ee<\/title>\n<meta name=\"description\" content=\"BIBS Boheme \u00f6\u00f6lutt on sama k\u00f5rge kvaliteediga kui originaalsed BIBS lutid, kuid neil on praktiline pimedas helendav efekt.\" \/>\n<meta name=\"robots\" content=\"index, follow, max-snippet:-1, max-image-preview:large, max-video-preview:-1\" \/>\n<link rel=\"canonical\" href=\"https:\/\/sulin.ee\/en\/toode\/bibs-boheme-lutt-2tk-sage-glow-cloud-glow\/\" \/>\n<meta property=\"og:locale\" content=\"en_US\" \/>\n<meta property=\"og:type\" content=\"article\" \/>\n<meta property=\"og:title\" content=\"BIBS Boheme lutt 2tk - Sage Glow \/ Cloud Glow - sulin.ee\" \/>\n<meta property=\"og:description\" content=\"BIBS Boheme \u00f6\u00f6lutt on sama k\u00f5rge kvaliteediga kui originaalsed BIBS lutid, kuid neil on praktiline pimedas helendav efekt.\" \/>\n<meta property=\"og:url\" content=\"https:\/\/sulin.ee\/en\/toode\/bibs-boheme-lutt-2tk-sage-glow-cloud-glow\/\" \/>\n<meta property=\"og:site_name\" content=\"sulin.ee\" \/>\n<meta property=\"article:publisher\" content=\"https:\/\/www.facebook.com\/www.sulin.ee\/\" \/>\n<meta property=\"article:modified_time\" content=\"2026-03-08T09:10:23+00:00\" \/>\n<meta property=\"og:image\" content=\"https:\/\/sulin.ee\/wp-content\/uploads\/2022\/12\/BIBS_boheme_sageglowcloudglow.jpg\" \/>\n\t<meta property=\"og:image:width\" content=\"1080\" \/>\n\t<meta property=\"og:image:height\" content=\"1440\" \/>\n\t<meta property=\"og:image:type\" content=\"image\/jpeg\" \/>\n<meta name=\"twitter:card\" content=\"summary_large_image\" \/>\n<meta name=\"twitter:label1\" content=\"Est. reading time\" \/>\n\t<meta name=\"twitter:data1\" content=\"2 minutes\" \/>\n<script type=\"application\/ld+json\" class=\"yoast-schema-graph\">{\"@context\":\"https:\/\/schema.org\",\"@graph\":[{\"@type\":\"WebPage\",\"@id\":\"https:\/\/sulin.ee\/en\/toode\/bibs-boheme-lutt-2tk-sage-glow-cloud-glow\/\",\"url\":\"https:\/\/sulin.ee\/en\/toode\/bibs-boheme-lutt-2tk-sage-glow-cloud-glow\/\",\"name\":\"BIBS Boheme lutt 2tk - Sage Glow \/ Cloud Glow - sulin.ee\",\"isPartOf\":{\"@id\":\"https:\/\/sulin.ee\/en\/#website\"},\"primaryImageOfPage\":{\"@id\":\"https:\/\/sulin.ee\/en\/toode\/bibs-boheme-lutt-2tk-sage-glow-cloud-glow\/#primaryimage\"},\"image\":{\"@id\":\"https:\/\/sulin.ee\/en\/toode\/bibs-boheme-lutt-2tk-sage-glow-cloud-glow\/#primaryimage\"},\"thumbnailUrl\":\"https:\/\/sulin.ee\/wp-content\/uploads\/2022\/12\/BIBS_boheme_sageglowcloudglow.jpg\",\"datePublished\":\"2022-12-15T13:12:08+00:00\",\"dateModified\":\"2026-03-08T09:10:23+00:00\",\"description\":\"BIBS Boheme \u00f6\u00f6lutt on sama k\u00f5rge kvaliteediga kui originaalsed BIBS lutid, kuid neil on praktiline pimedas helendav efekt.\",\"breadcrumb\":{\"@id\":\"https:\/\/sulin.ee\/en\/toode\/bibs-boheme-lutt-2tk-sage-glow-cloud-glow\/#breadcrumb\"},\"inLanguage\":\"en-US\",\"potentialAction\":[{\"@type\":\"ReadAction\",\"target\":[\"https:\/\/sulin.ee\/en\/toode\/bibs-boheme-lutt-2tk-sage-glow-cloud-glow\/\"]}]},{\"@type\":\"ImageObject\",\"inLanguage\":\"en-US\",\"@id\":\"https:\/\/sulin.ee\/en\/toode\/bibs-boheme-lutt-2tk-sage-glow-cloud-glow\/#primaryimage\",\"url\":\"https:\/\/sulin.ee\/wp-content\/uploads\/2022\/12\/BIBS_boheme_sageglowcloudglow.jpg\",\"contentUrl\":\"https:\/\/sulin.ee\/wp-content\/uploads\/2022\/12\/BIBS_boheme_sageglowcloudglow.jpg\",\"width\":1080,\"height\":1440,\"caption\":\"BIBS Boheme lutt\"},{\"@type\":\"BreadcrumbList\",\"@id\":\"https:\/\/sulin.ee\/en\/toode\/bibs-boheme-lutt-2tk-sage-glow-cloud-glow\/#breadcrumb\",\"itemListElement\":[{\"@type\":\"ListItem\",\"position\":1,\"name\":\"Home\",\"item\":\"https:\/\/sulin.ee\/en\/\"},{\"@type\":\"ListItem\",\"position\":2,\"name\":\"Sulin.ee e-pood\",\"item\":\"https:\/\/sulin.ee\/shop\/\"},{\"@type\":\"ListItem\",\"position\":3,\"name\":\"BIBS Boheme lutt 2tk &#8211; Sage Glow \/ Cloud Glow\"}]},{\"@type\":\"WebSite\",\"@id\":\"https:\/\/sulin.ee\/en\/#website\",\"url\":\"https:\/\/sulin.ee\/en\/\",\"name\":\"sulin.ee\",\"description\":\"\",\"publisher\":{\"@id\":\"https:\/\/sulin.ee\/en\/#organization\"},\"potentialAction\":[{\"@type\":\"SearchAction\",\"target\":{\"@type\":\"EntryPoint\",\"urlTemplate\":\"https:\/\/sulin.ee\/en\/?s={search_term_string}\"},\"query-input\":{\"@type\":\"PropertyValueSpecification\",\"valueRequired\":true,\"valueName\":\"search_term_string\"}}],\"inLanguage\":\"en-US\"},{\"@type\":\"Organization\",\"@id\":\"https:\/\/sulin.ee\/en\/#organization\",\"name\":\"SULIN TRADE O\u00dc\",\"url\":\"https:\/\/sulin.ee\/en\/\",\"logo\":{\"@type\":\"ImageObject\",\"inLanguage\":\"en-US\",\"@id\":\"https:\/\/sulin.ee\/en\/#\/schema\/logo\/image\/\",\"url\":\"https:\/\/sulin.ee\/wp-content\/uploads\/2022\/11\/sulin-logo.png\",\"contentUrl\":\"https:\/\/sulin.ee\/wp-content\/uploads\/2022\/11\/sulin-logo.png\",\"width\":871,\"height\":321,\"caption\":\"SULIN TRADE O\u00dc\"},\"image\":{\"@id\":\"https:\/\/sulin.ee\/en\/#\/schema\/logo\/image\/\"},\"sameAs\":[\"https:\/\/www.facebook.com\/www.sulin.ee\/\",\"https:\/\/www.instagram.com\/sulintrade\/\"]}]}<\/script>\n<!-- \/ Yoast SEO plugin. -->","yoast_head_json":{"title":"BIBS Boheme lutt 2tk - Sage Glow \/ Cloud Glow - sulin.ee","description":"BIBS Boheme \u00f6\u00f6lutt on sama k\u00f5rge kvaliteediga kui originaalsed BIBS lutid, kuid neil on praktiline pimedas helendav efekt.","robots":{"index":"index","follow":"follow","max-snippet":"max-snippet:-1","max-image-preview":"max-image-preview:large","max-video-preview":"max-video-preview:-1"},"canonical":"https:\/\/sulin.ee\/en\/toode\/bibs-boheme-lutt-2tk-sage-glow-cloud-glow\/","og_locale":"en_US","og_type":"article","og_title":"BIBS Boheme lutt 2tk - Sage Glow \/ Cloud Glow - sulin.ee","og_description":"BIBS Boheme \u00f6\u00f6lutt on sama k\u00f5rge kvaliteediga kui originaalsed BIBS lutid, kuid neil on praktiline pimedas helendav efekt.","og_url":"https:\/\/sulin.ee\/en\/toode\/bibs-boheme-lutt-2tk-sage-glow-cloud-glow\/","og_site_name":"sulin.ee","article_publisher":"https:\/\/www.facebook.com\/www.sulin.ee\/","article_modified_time":"2026-03-08T09:10:23+00:00","og_image":[{"width":1080,"height":1440,"url":"https:\/\/sulin.ee\/wp-content\/uploads\/2022\/12\/BIBS_boheme_sageglowcloudglow.jpg","type":"image\/jpeg"}],"twitter_card":"summary_large_image","twitter_misc":{"Est. reading time":"2 minutes"},"schema":{"@context":"https:\/\/schema.org","@graph":[{"@type":"WebPage","@id":"https:\/\/sulin.ee\/en\/toode\/bibs-boheme-lutt-2tk-sage-glow-cloud-glow\/","url":"https:\/\/sulin.ee\/en\/toode\/bibs-boheme-lutt-2tk-sage-glow-cloud-glow\/","name":"BIBS Boheme lutt 2tk - Sage Glow \/ Cloud Glow - sulin.ee","isPartOf":{"@id":"https:\/\/sulin.ee\/en\/#website"},"primaryImageOfPage":{"@id":"https:\/\/sulin.ee\/en\/toode\/bibs-boheme-lutt-2tk-sage-glow-cloud-glow\/#primaryimage"},"image":{"@id":"https:\/\/sulin.ee\/en\/toode\/bibs-boheme-lutt-2tk-sage-glow-cloud-glow\/#primaryimage"},"thumbnailUrl":"https:\/\/sulin.ee\/wp-content\/uploads\/2022\/12\/BIBS_boheme_sageglowcloudglow.jpg","datePublished":"2022-12-15T13:12:08+00:00","dateModified":"2026-03-08T09:10:23+00:00","description":"BIBS Boheme \u00f6\u00f6lutt on sama k\u00f5rge kvaliteediga kui originaalsed BIBS lutid, kuid neil on praktiline pimedas helendav efekt.","breadcrumb":{"@id":"https:\/\/sulin.ee\/en\/toode\/bibs-boheme-lutt-2tk-sage-glow-cloud-glow\/#breadcrumb"},"inLanguage":"en-US","potentialAction":[{"@type":"ReadAction","target":["https:\/\/sulin.ee\/en\/toode\/bibs-boheme-lutt-2tk-sage-glow-cloud-glow\/"]}]},{"@type":"ImageObject","inLanguage":"en-US","@id":"https:\/\/sulin.ee\/en\/toode\/bibs-boheme-lutt-2tk-sage-glow-cloud-glow\/#primaryimage","url":"https:\/\/sulin.ee\/wp-content\/uploads\/2022\/12\/BIBS_boheme_sageglowcloudglow.jpg","contentUrl":"https:\/\/sulin.ee\/wp-content\/uploads\/2022\/12\/BIBS_boheme_sageglowcloudglow.jpg","width":1080,"height":1440,"caption":"BIBS Boheme lutt"},{"@type":"BreadcrumbList","@id":"https:\/\/sulin.ee\/en\/toode\/bibs-boheme-lutt-2tk-sage-glow-cloud-glow\/#breadcrumb","itemListElement":[{"@type":"ListItem","position":1,"name":"Home","item":"https:\/\/sulin.ee\/en\/"},{"@type":"ListItem","position":2,"name":"Sulin.ee e-pood","item":"https:\/\/sulin.ee\/shop\/"},{"@type":"ListItem","position":3,"name":"BIBS Boheme lutt 2tk &#8211; Sage Glow \/ Cloud Glow"}]},{"@type":"WebSite","@id":"https:\/\/sulin.ee\/en\/#website","url":"https:\/\/sulin.ee\/en\/","name":"sulin.ee","description":"","publisher":{"@id":"https:\/\/sulin.ee\/en\/#organization"},"potentialAction":[{"@type":"SearchAction","target":{"@type":"EntryPoint","urlTemplate":"https:\/\/sulin.ee\/en\/?s={search_term_string}"},"query-input":{"@type":"PropertyValueSpecification","valueRequired":true,"valueName":"search_term_string"}}],"inLanguage":"en-US"},{"@type":"Organization","@id":"https:\/\/sulin.ee\/en\/#organization","name":"SULIN TRADE O\u00dc","url":"https:\/\/sulin.ee\/en\/","logo":{"@type":"ImageObject","inLanguage":"en-US","@id":"https:\/\/sulin.ee\/en\/#\/schema\/logo\/image\/","url":"https:\/\/sulin.ee\/wp-content\/uploads\/2022\/11\/sulin-logo.png","contentUrl":"https:\/\/sulin.ee\/wp-content\/uploads\/2022\/11\/sulin-logo.png","width":871,"height":321,"caption":"SULIN TRADE O\u00dc"},"image":{"@id":"https:\/\/sulin.ee\/en\/#\/schema\/logo\/image\/"},"sameAs":["https:\/\/www.facebook.com\/www.sulin.ee\/","https:\/\/www.instagram.com\/sulintrade\/"]}]}},"builder_content":"","_links":{"self":[{"href":"https:\/\/sulin.ee\/en\/wp-json\/wp\/v2\/product\/9585","targetHints":{"allow":["GET"]}}],"collection":[{"href":"https:\/\/sulin.ee\/en\/wp-json\/wp\/v2\/product"}],"about":[{"href":"https:\/\/sulin.ee\/en\/wp-json\/wp\/v2\/types\/product"}],"replies":[{"embeddable":true,"href":"https:\/\/sulin.ee\/en\/wp-json\/wp\/v2\/comments?post=9585"}],"wp:featuredmedia":[{"embeddable":true,"href":"https:\/\/sulin.ee\/en\/wp-json\/wp\/v2\/media\/9590"}],"wp:attachment":[{"href":"https:\/\/sulin.ee\/en\/wp-json\/wp\/v2\/media?parent=9585"}],"wp:term":[{"taxonomy":"product_brand","embeddable":true,"href":"https:\/\/sulin.ee\/en\/wp-json\/wp\/v2\/product_brand?post=9585"},{"taxonomy":"product_cat","embeddable":true,"href":"https:\/\/sulin.ee\/en\/wp-json\/wp\/v2\/product_cat?post=9585"},{"taxonomy":"product_tag","embeddable":true,"href":"https:\/\/sulin.ee\/en\/wp-json\/wp\/v2\/product_tag?post=9585"}],"curies":[{"name":"wp","href":"https:\/\/api.w.org\/{rel}","templated":true}]}}