{"id":9509,"date":"2022-12-14T21:34:52","date_gmt":"2022-12-14T21:34:52","guid":{"rendered":"https:\/\/sulin.ee\/?post_type=product&#038;p=9509"},"modified":"2025-09-07T21:48:45","modified_gmt":"2025-09-07T21:48:45","slug":"bibs-boheme-lutt-2tk-woodchuck-blush","status":"publish","type":"product","link":"https:\/\/sulin.ee\/en\/toode\/bibs-boheme-lutt-2tk-woodchuck-blush\/","title":{"rendered":"BIBS Boheme lutt 2tk &#8211; Woodchuck \/ Blush"},"content":{"rendered":"<p><strong>BIBS Boheme lutt on inspireeritud moodsast boheemlaslikust stiilist. Boheme m\u00f5jub oma looduslike elementide ja orgaanilise siluetiga v\u00e4rske, loomingulise ja esteetilisena.<\/strong><\/p>\n<p>Lutil on kirsikujuline kummiosa, mis on valmistatud naturaalsest lateksist, t\u00e4nu sellele on luti ots pehme ja painduv. Luti \u00fcmmargune plastikosa on disainitud viisil, mis laseb \u00f5huvoolul vabalt liikuda ning on beebi naha vastas \u00f5rn.<\/p>\n<p>Kuna tegemist on loodusliku kummiga, siis luti kummiosa v\u00e4rv v\u00f5ib varieeruda. Luti \u00fcmmargune plastikosa on disainitud viisil, mis laseb \u00f5huvoolul vabalt liikuda ning on beebi naha vastas \u00f5rn.<\/p>\n<p><strong>Hoiatus!<\/strong><\/p>\n<p>Selleks, et tagada beebi turvalisus, kontrolli alati lutti enne, kui beebi seda kasutab. Eriti t\u00e4helepanelik tuleks olla siis, kui beebil on hambad. Kontrolli lutti, t\u00f5mmates seda igas suunas. Luti kasutamine tuleks l\u00f5petada kohe, kui esinevad esimesed m\u00e4rgid kahjustustest. Kasuta lutiga ainult vastavalt EN 12586 testitud lutikette. Luti k\u00fclge ei tohiks kunagi kinnitada teisi n\u00f6\u00f6re v\u00f5i paelu, sest need v\u00f5ivad sattuda \u00fcmber beebi kaela ja olla ohtlikud. Lutti ei tohi hoiustada otsese p\u00e4ikesevalguse k\u00e4es.<\/p>\n","protected":false},"excerpt":{"rendered":"<p>BIBS Boheme lutt on inspireeritud moodsast boheemlaslikust stiilist. Boheme m\u00f5jub oma looduslike elementide ja orgaanilise siluetiga v\u00e4rske, loomingulise ja esteetilisena. Lutil on kirsikujuline kummiosa, mis on valmistatud naturaalsest lateksist, t\u00e4nu sellele on luti ots pehme ja painduv. Luti \u00fcmmargune plastikosa on disainitud viisil, mis laseb \u00f5huvoolul vabalt liikuda ning on beebi naha vastas \u00f5rn. Kuna [&hellip;]<\/p>\n","protected":false},"featured_media":9551,"comment_status":"open","ping_status":"closed","template":"","meta":[],"product_brand":[],"product_cat":[799,563],"product_tag":[],"class_list":{"0":"post-9509","1":"product","2":"type-product","3":"status-publish","4":"has-post-thumbnail","6":"product_cat-bibs-boheme-lutid","7":"product_cat-bibs","8":"has-post-title","9":"has-post-date","10":"has-post-category","11":"has-post-tag","12":"has-post-comment","13":"has-post-author","14":"","16":"first","17":"instock","18":"sale","19":"taxable","20":"shipping-taxable","21":"purchasable","22":"product-type-variable"},"yoast_head":"<!-- This site is optimized with the Yoast SEO plugin v26.8 - https:\/\/yoast.com\/product\/yoast-seo-wordpress\/ -->\n<title>BIBS Boheme lutt 2tk - Woodchuck \/ Blush - sulin.ee<\/title>\n<meta name=\"description\" content=\"BIBS Boheme lutt on inspireeritud moodsast boheemlaslikust stiilist. Lutil on kirsikujuline kummiosa, mis on valmistatud naturaalsest lateksist.\" \/>\n<meta name=\"robots\" content=\"index, follow, max-snippet:-1, max-image-preview:large, max-video-preview:-1\" \/>\n<link rel=\"canonical\" href=\"https:\/\/sulin.ee\/en\/toode\/bibs-boheme-lutt-2tk-woodchuck-blush\/\" \/>\n<meta property=\"og:locale\" content=\"en_US\" \/>\n<meta property=\"og:type\" content=\"article\" \/>\n<meta property=\"og:title\" content=\"BIBS Boheme lutt 2tk - Woodchuck \/ Blush - sulin.ee\" \/>\n<meta property=\"og:description\" content=\"BIBS Boheme lutt on inspireeritud moodsast boheemlaslikust stiilist. Lutil on kirsikujuline kummiosa, mis on valmistatud naturaalsest lateksist.\" \/>\n<meta property=\"og:url\" content=\"https:\/\/sulin.ee\/en\/toode\/bibs-boheme-lutt-2tk-woodchuck-blush\/\" \/>\n<meta property=\"og:site_name\" content=\"sulin.ee\" \/>\n<meta property=\"article:publisher\" content=\"https:\/\/www.facebook.com\/www.sulin.ee\/\" \/>\n<meta property=\"article:modified_time\" content=\"2025-09-07T21:48:45+00:00\" \/>\n<meta property=\"og:image\" content=\"https:\/\/sulin.ee\/wp-content\/uploads\/2022\/12\/BIBS_Boheme_B2B_Woodchuck_Blush.jpg\" \/>\n\t<meta property=\"og:image:width\" content=\"1080\" \/>\n\t<meta property=\"og:image:height\" content=\"1440\" \/>\n\t<meta property=\"og:image:type\" content=\"image\/jpeg\" \/>\n<meta name=\"twitter:card\" content=\"summary_large_image\" \/>\n<meta name=\"twitter:label1\" content=\"Est. reading time\" \/>\n\t<meta name=\"twitter:data1\" content=\"2 minutes\" \/>\n<script type=\"application\/ld+json\" class=\"yoast-schema-graph\">{\"@context\":\"https:\/\/schema.org\",\"@graph\":[{\"@type\":\"WebPage\",\"@id\":\"https:\/\/sulin.ee\/en\/toode\/bibs-boheme-lutt-2tk-woodchuck-blush\/\",\"url\":\"https:\/\/sulin.ee\/en\/toode\/bibs-boheme-lutt-2tk-woodchuck-blush\/\",\"name\":\"BIBS Boheme lutt 2tk - Woodchuck \/ Blush - sulin.ee\",\"isPartOf\":{\"@id\":\"https:\/\/sulin.ee\/en\/#website\"},\"primaryImageOfPage\":{\"@id\":\"https:\/\/sulin.ee\/en\/toode\/bibs-boheme-lutt-2tk-woodchuck-blush\/#primaryimage\"},\"image\":{\"@id\":\"https:\/\/sulin.ee\/en\/toode\/bibs-boheme-lutt-2tk-woodchuck-blush\/#primaryimage\"},\"thumbnailUrl\":\"https:\/\/sulin.ee\/wp-content\/uploads\/2022\/12\/BIBS_Boheme_B2B_Woodchuck_Blush.jpg\",\"datePublished\":\"2022-12-14T21:34:52+00:00\",\"dateModified\":\"2025-09-07T21:48:45+00:00\",\"description\":\"BIBS Boheme lutt on inspireeritud moodsast boheemlaslikust stiilist. Lutil on kirsikujuline kummiosa, mis on valmistatud naturaalsest lateksist.\",\"breadcrumb\":{\"@id\":\"https:\/\/sulin.ee\/en\/toode\/bibs-boheme-lutt-2tk-woodchuck-blush\/#breadcrumb\"},\"inLanguage\":\"en-US\",\"potentialAction\":[{\"@type\":\"ReadAction\",\"target\":[\"https:\/\/sulin.ee\/en\/toode\/bibs-boheme-lutt-2tk-woodchuck-blush\/\"]}]},{\"@type\":\"ImageObject\",\"inLanguage\":\"en-US\",\"@id\":\"https:\/\/sulin.ee\/en\/toode\/bibs-boheme-lutt-2tk-woodchuck-blush\/#primaryimage\",\"url\":\"https:\/\/sulin.ee\/wp-content\/uploads\/2022\/12\/BIBS_Boheme_B2B_Woodchuck_Blush.jpg\",\"contentUrl\":\"https:\/\/sulin.ee\/wp-content\/uploads\/2022\/12\/BIBS_Boheme_B2B_Woodchuck_Blush.jpg\",\"width\":1080,\"height\":1440,\"caption\":\"BIBS Boheme lutt\"},{\"@type\":\"BreadcrumbList\",\"@id\":\"https:\/\/sulin.ee\/en\/toode\/bibs-boheme-lutt-2tk-woodchuck-blush\/#breadcrumb\",\"itemListElement\":[{\"@type\":\"ListItem\",\"position\":1,\"name\":\"Home\",\"item\":\"https:\/\/sulin.ee\/en\/\"},{\"@type\":\"ListItem\",\"position\":2,\"name\":\"Sulin.ee e-pood\",\"item\":\"https:\/\/sulin.ee\/shop\/\"},{\"@type\":\"ListItem\",\"position\":3,\"name\":\"BIBS Boheme lutt 2tk &#8211; Woodchuck \/ Blush\"}]},{\"@type\":\"WebSite\",\"@id\":\"https:\/\/sulin.ee\/en\/#website\",\"url\":\"https:\/\/sulin.ee\/en\/\",\"name\":\"sulin.ee\",\"description\":\"\",\"publisher\":{\"@id\":\"https:\/\/sulin.ee\/en\/#organization\"},\"potentialAction\":[{\"@type\":\"SearchAction\",\"target\":{\"@type\":\"EntryPoint\",\"urlTemplate\":\"https:\/\/sulin.ee\/en\/?s={search_term_string}\"},\"query-input\":{\"@type\":\"PropertyValueSpecification\",\"valueRequired\":true,\"valueName\":\"search_term_string\"}}],\"inLanguage\":\"en-US\"},{\"@type\":\"Organization\",\"@id\":\"https:\/\/sulin.ee\/en\/#organization\",\"name\":\"SULIN TRADE O\u00dc\",\"url\":\"https:\/\/sulin.ee\/en\/\",\"logo\":{\"@type\":\"ImageObject\",\"inLanguage\":\"en-US\",\"@id\":\"https:\/\/sulin.ee\/en\/#\/schema\/logo\/image\/\",\"url\":\"https:\/\/sulin.ee\/wp-content\/uploads\/2022\/11\/sulin-logo.png\",\"contentUrl\":\"https:\/\/sulin.ee\/wp-content\/uploads\/2022\/11\/sulin-logo.png\",\"width\":871,\"height\":321,\"caption\":\"SULIN TRADE O\u00dc\"},\"image\":{\"@id\":\"https:\/\/sulin.ee\/en\/#\/schema\/logo\/image\/\"},\"sameAs\":[\"https:\/\/www.facebook.com\/www.sulin.ee\/\",\"https:\/\/www.instagram.com\/sulintrade\/\"]}]}<\/script>\n<!-- \/ Yoast SEO plugin. -->","yoast_head_json":{"title":"BIBS Boheme lutt 2tk - Woodchuck \/ Blush - sulin.ee","description":"BIBS Boheme lutt on inspireeritud moodsast boheemlaslikust stiilist. Lutil on kirsikujuline kummiosa, mis on valmistatud naturaalsest lateksist.","robots":{"index":"index","follow":"follow","max-snippet":"max-snippet:-1","max-image-preview":"max-image-preview:large","max-video-preview":"max-video-preview:-1"},"canonical":"https:\/\/sulin.ee\/en\/toode\/bibs-boheme-lutt-2tk-woodchuck-blush\/","og_locale":"en_US","og_type":"article","og_title":"BIBS Boheme lutt 2tk - Woodchuck \/ Blush - sulin.ee","og_description":"BIBS Boheme lutt on inspireeritud moodsast boheemlaslikust stiilist. Lutil on kirsikujuline kummiosa, mis on valmistatud naturaalsest lateksist.","og_url":"https:\/\/sulin.ee\/en\/toode\/bibs-boheme-lutt-2tk-woodchuck-blush\/","og_site_name":"sulin.ee","article_publisher":"https:\/\/www.facebook.com\/www.sulin.ee\/","article_modified_time":"2025-09-07T21:48:45+00:00","og_image":[{"width":1080,"height":1440,"url":"https:\/\/sulin.ee\/wp-content\/uploads\/2022\/12\/BIBS_Boheme_B2B_Woodchuck_Blush.jpg","type":"image\/jpeg"}],"twitter_card":"summary_large_image","twitter_misc":{"Est. reading time":"2 minutes"},"schema":{"@context":"https:\/\/schema.org","@graph":[{"@type":"WebPage","@id":"https:\/\/sulin.ee\/en\/toode\/bibs-boheme-lutt-2tk-woodchuck-blush\/","url":"https:\/\/sulin.ee\/en\/toode\/bibs-boheme-lutt-2tk-woodchuck-blush\/","name":"BIBS Boheme lutt 2tk - Woodchuck \/ Blush - sulin.ee","isPartOf":{"@id":"https:\/\/sulin.ee\/en\/#website"},"primaryImageOfPage":{"@id":"https:\/\/sulin.ee\/en\/toode\/bibs-boheme-lutt-2tk-woodchuck-blush\/#primaryimage"},"image":{"@id":"https:\/\/sulin.ee\/en\/toode\/bibs-boheme-lutt-2tk-woodchuck-blush\/#primaryimage"},"thumbnailUrl":"https:\/\/sulin.ee\/wp-content\/uploads\/2022\/12\/BIBS_Boheme_B2B_Woodchuck_Blush.jpg","datePublished":"2022-12-14T21:34:52+00:00","dateModified":"2025-09-07T21:48:45+00:00","description":"BIBS Boheme lutt on inspireeritud moodsast boheemlaslikust stiilist. Lutil on kirsikujuline kummiosa, mis on valmistatud naturaalsest lateksist.","breadcrumb":{"@id":"https:\/\/sulin.ee\/en\/toode\/bibs-boheme-lutt-2tk-woodchuck-blush\/#breadcrumb"},"inLanguage":"en-US","potentialAction":[{"@type":"ReadAction","target":["https:\/\/sulin.ee\/en\/toode\/bibs-boheme-lutt-2tk-woodchuck-blush\/"]}]},{"@type":"ImageObject","inLanguage":"en-US","@id":"https:\/\/sulin.ee\/en\/toode\/bibs-boheme-lutt-2tk-woodchuck-blush\/#primaryimage","url":"https:\/\/sulin.ee\/wp-content\/uploads\/2022\/12\/BIBS_Boheme_B2B_Woodchuck_Blush.jpg","contentUrl":"https:\/\/sulin.ee\/wp-content\/uploads\/2022\/12\/BIBS_Boheme_B2B_Woodchuck_Blush.jpg","width":1080,"height":1440,"caption":"BIBS Boheme lutt"},{"@type":"BreadcrumbList","@id":"https:\/\/sulin.ee\/en\/toode\/bibs-boheme-lutt-2tk-woodchuck-blush\/#breadcrumb","itemListElement":[{"@type":"ListItem","position":1,"name":"Home","item":"https:\/\/sulin.ee\/en\/"},{"@type":"ListItem","position":2,"name":"Sulin.ee e-pood","item":"https:\/\/sulin.ee\/shop\/"},{"@type":"ListItem","position":3,"name":"BIBS Boheme lutt 2tk &#8211; Woodchuck \/ Blush"}]},{"@type":"WebSite","@id":"https:\/\/sulin.ee\/en\/#website","url":"https:\/\/sulin.ee\/en\/","name":"sulin.ee","description":"","publisher":{"@id":"https:\/\/sulin.ee\/en\/#organization"},"potentialAction":[{"@type":"SearchAction","target":{"@type":"EntryPoint","urlTemplate":"https:\/\/sulin.ee\/en\/?s={search_term_string}"},"query-input":{"@type":"PropertyValueSpecification","valueRequired":true,"valueName":"search_term_string"}}],"inLanguage":"en-US"},{"@type":"Organization","@id":"https:\/\/sulin.ee\/en\/#organization","name":"SULIN TRADE O\u00dc","url":"https:\/\/sulin.ee\/en\/","logo":{"@type":"ImageObject","inLanguage":"en-US","@id":"https:\/\/sulin.ee\/en\/#\/schema\/logo\/image\/","url":"https:\/\/sulin.ee\/wp-content\/uploads\/2022\/11\/sulin-logo.png","contentUrl":"https:\/\/sulin.ee\/wp-content\/uploads\/2022\/11\/sulin-logo.png","width":871,"height":321,"caption":"SULIN TRADE O\u00dc"},"image":{"@id":"https:\/\/sulin.ee\/en\/#\/schema\/logo\/image\/"},"sameAs":["https:\/\/www.facebook.com\/www.sulin.ee\/","https:\/\/www.instagram.com\/sulintrade\/"]}]}},"builder_content":"","_links":{"self":[{"href":"https:\/\/sulin.ee\/en\/wp-json\/wp\/v2\/product\/9509","targetHints":{"allow":["GET"]}}],"collection":[{"href":"https:\/\/sulin.ee\/en\/wp-json\/wp\/v2\/product"}],"about":[{"href":"https:\/\/sulin.ee\/en\/wp-json\/wp\/v2\/types\/product"}],"replies":[{"embeddable":true,"href":"https:\/\/sulin.ee\/en\/wp-json\/wp\/v2\/comments?post=9509"}],"wp:featuredmedia":[{"embeddable":true,"href":"https:\/\/sulin.ee\/en\/wp-json\/wp\/v2\/media\/9551"}],"wp:attachment":[{"href":"https:\/\/sulin.ee\/en\/wp-json\/wp\/v2\/media?parent=9509"}],"wp:term":[{"taxonomy":"product_brand","embeddable":true,"href":"https:\/\/sulin.ee\/en\/wp-json\/wp\/v2\/product_brand?post=9509"},{"taxonomy":"product_cat","embeddable":true,"href":"https:\/\/sulin.ee\/en\/wp-json\/wp\/v2\/product_cat?post=9509"},{"taxonomy":"product_tag","embeddable":true,"href":"https:\/\/sulin.ee\/en\/wp-json\/wp\/v2\/product_tag?post=9509"}],"curies":[{"name":"wp","href":"https:\/\/api.w.org\/{rel}","templated":true}]}}