{"id":9412,"date":"2022-12-14T14:21:40","date_gmt":"2022-12-14T14:21:40","guid":{"rendered":"https:\/\/sulin.ee\/?post_type=product&#038;p=9412"},"modified":"2025-09-09T11:07:45","modified_gmt":"2025-09-09T11:07:45","slug":"bibs-colour-round-lutt-2tk-haze-blossom","status":"publish","type":"product","link":"https:\/\/sulin.ee\/en\/toode\/bibs-colour-round-lutt-2tk-haze-blossom\/","title":{"rendered":"BIBS Colour Round lutt 2tk \u2013 Haze \/ Blossom"},"content":{"rendered":"<p><strong>BIBS Colour Round lutid on klassikalised ja ajatud. Valmistatud 100% looduslikust kaut\u0161ukist, mis on pehme ja painduv.<\/strong> \u00dcmmargune luti ots ja \u00fcmbris imiteerivad ema rinda ning toetavad beebi loomulikku imemisrefleksi. Taanis disainitud ja valmistatud lutid on beebide lemmikud juba \u00fcle 40. aasta.<\/p>\n<p>BIBS Colour Round luti \u00fcmmargune \u00fcmbris on disainitud viisil, mis laseb \u00f5huvoolul vabalt liikuda ning on beebi naha vastas \u00f5rn. Saadaval ka \u00f6\u00f6lutid, mis pimeduses helendavad.<\/p>\n<ul>\n<li><span style=\"color: #333333;\">Valmistatud looduslikust kaut\u0161ukist<\/span><\/li>\n<li>100% PVC ja BPA vaba<\/li>\n<li>Ei j\u00e4ta rante beebi n\u00e4ole<\/li>\n<li>Lutt on kerge<\/li>\n<li>Ajatu Taani disain<\/li>\n<li>Vastab EN 1400 Standardile<\/li>\n<\/ul>\n","protected":false},"excerpt":{"rendered":"<p>BIBS Colour Round lutid on klassikalised ja ajatud. Valmistatud 100% looduslikust kaut\u0161ukist, mis on pehme ja painduv. \u00dcmmargune luti ots ja \u00fcmbris imiteerivad ema rinda ning toetavad beebi loomulikku imemisrefleksi. Taanis disainitud ja valmistatud lutid on beebide lemmikud juba \u00fcle 40. aasta. BIBS Colour Round luti \u00fcmmargune \u00fcmbris on disainitud viisil, mis laseb \u00f5huvoolul vabalt [&hellip;]<\/p>\n","protected":false},"featured_media":9415,"comment_status":"open","ping_status":"closed","template":"","meta":[],"product_brand":[],"product_cat":[797,563],"product_tag":[],"class_list":{"0":"post-9412","1":"product","2":"type-product","3":"status-publish","4":"has-post-thumbnail","6":"product_cat-bibs-colour-round-lutid","7":"product_cat-bibs","8":"has-post-title","9":"has-post-date","10":"has-post-category","11":"has-post-tag","12":"has-post-comment","13":"has-post-author","14":"","16":"first","17":"instock","18":"sale","19":"taxable","20":"shipping-taxable","21":"purchasable","22":"product-type-variable"},"yoast_head":"<!-- This site is optimized with the Yoast SEO plugin v26.8 - https:\/\/yoast.com\/product\/yoast-seo-wordpress\/ -->\n<title>BIBS Colour Round lutt 2tk \u2013 Haze \/ Blossom - sulin.ee<\/title>\n<meta name=\"description\" content=\"BIBS Colour Round lutid on klassikalised ja ajatud. \u00dcmmargune luti ots ja \u00fcmbris imiteerivad ema rinda ning toetavad beebi loomulikku imemisrefleksi.\" \/>\n<meta name=\"robots\" content=\"index, follow, max-snippet:-1, max-image-preview:large, max-video-preview:-1\" \/>\n<link rel=\"canonical\" href=\"https:\/\/sulin.ee\/en\/toode\/bibs-colour-round-lutt-2tk-haze-blossom\/\" \/>\n<meta property=\"og:locale\" content=\"en_US\" \/>\n<meta property=\"og:type\" content=\"article\" \/>\n<meta property=\"og:title\" content=\"BIBS Colour Round lutt 2tk \u2013 Haze \/ Blossom - sulin.ee\" \/>\n<meta property=\"og:description\" content=\"BIBS Colour Round lutid on klassikalised ja ajatud. \u00dcmmargune luti ots ja \u00fcmbris imiteerivad ema rinda ning toetavad beebi loomulikku imemisrefleksi.\" \/>\n<meta property=\"og:url\" content=\"https:\/\/sulin.ee\/en\/toode\/bibs-colour-round-lutt-2tk-haze-blossom\/\" \/>\n<meta property=\"og:site_name\" content=\"sulin.ee\" \/>\n<meta property=\"article:publisher\" content=\"https:\/\/www.facebook.com\/www.sulin.ee\/\" \/>\n<meta property=\"article:modified_time\" content=\"2025-09-09T11:07:45+00:00\" \/>\n<meta property=\"og:image\" content=\"https:\/\/sulin.ee\/wp-content\/uploads\/2022\/12\/bibs_lutt_naturaalsest_kummist-haze-blossom.jpg\" \/>\n\t<meta property=\"og:image:width\" content=\"1080\" \/>\n\t<meta property=\"og:image:height\" content=\"1440\" \/>\n\t<meta property=\"og:image:type\" content=\"image\/jpeg\" \/>\n<meta name=\"twitter:card\" content=\"summary_large_image\" \/>\n<meta name=\"twitter:label1\" content=\"Est. reading time\" \/>\n\t<meta name=\"twitter:data1\" content=\"1 minute\" \/>\n<script type=\"application\/ld+json\" class=\"yoast-schema-graph\">{\"@context\":\"https:\/\/schema.org\",\"@graph\":[{\"@type\":\"WebPage\",\"@id\":\"https:\/\/sulin.ee\/en\/toode\/bibs-colour-round-lutt-2tk-haze-blossom\/\",\"url\":\"https:\/\/sulin.ee\/en\/toode\/bibs-colour-round-lutt-2tk-haze-blossom\/\",\"name\":\"BIBS Colour Round lutt 2tk \u2013 Haze \/ Blossom - sulin.ee\",\"isPartOf\":{\"@id\":\"https:\/\/sulin.ee\/en\/#website\"},\"primaryImageOfPage\":{\"@id\":\"https:\/\/sulin.ee\/en\/toode\/bibs-colour-round-lutt-2tk-haze-blossom\/#primaryimage\"},\"image\":{\"@id\":\"https:\/\/sulin.ee\/en\/toode\/bibs-colour-round-lutt-2tk-haze-blossom\/#primaryimage\"},\"thumbnailUrl\":\"https:\/\/sulin.ee\/wp-content\/uploads\/2022\/12\/bibs_lutt_naturaalsest_kummist-haze-blossom.jpg\",\"datePublished\":\"2022-12-14T14:21:40+00:00\",\"dateModified\":\"2025-09-09T11:07:45+00:00\",\"description\":\"BIBS Colour Round lutid on klassikalised ja ajatud. \u00dcmmargune luti ots ja \u00fcmbris imiteerivad ema rinda ning toetavad beebi loomulikku imemisrefleksi.\",\"breadcrumb\":{\"@id\":\"https:\/\/sulin.ee\/en\/toode\/bibs-colour-round-lutt-2tk-haze-blossom\/#breadcrumb\"},\"inLanguage\":\"en-US\",\"potentialAction\":[{\"@type\":\"ReadAction\",\"target\":[\"https:\/\/sulin.ee\/en\/toode\/bibs-colour-round-lutt-2tk-haze-blossom\/\"]}]},{\"@type\":\"ImageObject\",\"inLanguage\":\"en-US\",\"@id\":\"https:\/\/sulin.ee\/en\/toode\/bibs-colour-round-lutt-2tk-haze-blossom\/#primaryimage\",\"url\":\"https:\/\/sulin.ee\/wp-content\/uploads\/2022\/12\/bibs_lutt_naturaalsest_kummist-haze-blossom.jpg\",\"contentUrl\":\"https:\/\/sulin.ee\/wp-content\/uploads\/2022\/12\/bibs_lutt_naturaalsest_kummist-haze-blossom.jpg\",\"width\":1080,\"height\":1440,\"caption\":\"BIBS Round Colour Lutt\"},{\"@type\":\"BreadcrumbList\",\"@id\":\"https:\/\/sulin.ee\/en\/toode\/bibs-colour-round-lutt-2tk-haze-blossom\/#breadcrumb\",\"itemListElement\":[{\"@type\":\"ListItem\",\"position\":1,\"name\":\"Home\",\"item\":\"https:\/\/sulin.ee\/en\/\"},{\"@type\":\"ListItem\",\"position\":2,\"name\":\"Sulin.ee e-pood\",\"item\":\"https:\/\/sulin.ee\/shop\/\"},{\"@type\":\"ListItem\",\"position\":3,\"name\":\"BIBS Colour Round lutt 2tk \u2013 Haze \/ Blossom\"}]},{\"@type\":\"WebSite\",\"@id\":\"https:\/\/sulin.ee\/en\/#website\",\"url\":\"https:\/\/sulin.ee\/en\/\",\"name\":\"sulin.ee\",\"description\":\"\",\"publisher\":{\"@id\":\"https:\/\/sulin.ee\/en\/#organization\"},\"potentialAction\":[{\"@type\":\"SearchAction\",\"target\":{\"@type\":\"EntryPoint\",\"urlTemplate\":\"https:\/\/sulin.ee\/en\/?s={search_term_string}\"},\"query-input\":{\"@type\":\"PropertyValueSpecification\",\"valueRequired\":true,\"valueName\":\"search_term_string\"}}],\"inLanguage\":\"en-US\"},{\"@type\":\"Organization\",\"@id\":\"https:\/\/sulin.ee\/en\/#organization\",\"name\":\"SULIN TRADE O\u00dc\",\"url\":\"https:\/\/sulin.ee\/en\/\",\"logo\":{\"@type\":\"ImageObject\",\"inLanguage\":\"en-US\",\"@id\":\"https:\/\/sulin.ee\/en\/#\/schema\/logo\/image\/\",\"url\":\"https:\/\/sulin.ee\/wp-content\/uploads\/2022\/11\/sulin-logo.png\",\"contentUrl\":\"https:\/\/sulin.ee\/wp-content\/uploads\/2022\/11\/sulin-logo.png\",\"width\":871,\"height\":321,\"caption\":\"SULIN TRADE O\u00dc\"},\"image\":{\"@id\":\"https:\/\/sulin.ee\/en\/#\/schema\/logo\/image\/\"},\"sameAs\":[\"https:\/\/www.facebook.com\/www.sulin.ee\/\",\"https:\/\/www.instagram.com\/sulintrade\/\"]}]}<\/script>\n<!-- \/ Yoast SEO plugin. -->","yoast_head_json":{"title":"BIBS Colour Round lutt 2tk \u2013 Haze \/ Blossom - sulin.ee","description":"BIBS Colour Round lutid on klassikalised ja ajatud. \u00dcmmargune luti ots ja \u00fcmbris imiteerivad ema rinda ning toetavad beebi loomulikku imemisrefleksi.","robots":{"index":"index","follow":"follow","max-snippet":"max-snippet:-1","max-image-preview":"max-image-preview:large","max-video-preview":"max-video-preview:-1"},"canonical":"https:\/\/sulin.ee\/en\/toode\/bibs-colour-round-lutt-2tk-haze-blossom\/","og_locale":"en_US","og_type":"article","og_title":"BIBS Colour Round lutt 2tk \u2013 Haze \/ Blossom - sulin.ee","og_description":"BIBS Colour Round lutid on klassikalised ja ajatud. \u00dcmmargune luti ots ja \u00fcmbris imiteerivad ema rinda ning toetavad beebi loomulikku imemisrefleksi.","og_url":"https:\/\/sulin.ee\/en\/toode\/bibs-colour-round-lutt-2tk-haze-blossom\/","og_site_name":"sulin.ee","article_publisher":"https:\/\/www.facebook.com\/www.sulin.ee\/","article_modified_time":"2025-09-09T11:07:45+00:00","og_image":[{"width":1080,"height":1440,"url":"https:\/\/sulin.ee\/wp-content\/uploads\/2022\/12\/bibs_lutt_naturaalsest_kummist-haze-blossom.jpg","type":"image\/jpeg"}],"twitter_card":"summary_large_image","twitter_misc":{"Est. reading time":"1 minute"},"schema":{"@context":"https:\/\/schema.org","@graph":[{"@type":"WebPage","@id":"https:\/\/sulin.ee\/en\/toode\/bibs-colour-round-lutt-2tk-haze-blossom\/","url":"https:\/\/sulin.ee\/en\/toode\/bibs-colour-round-lutt-2tk-haze-blossom\/","name":"BIBS Colour Round lutt 2tk \u2013 Haze \/ Blossom - sulin.ee","isPartOf":{"@id":"https:\/\/sulin.ee\/en\/#website"},"primaryImageOfPage":{"@id":"https:\/\/sulin.ee\/en\/toode\/bibs-colour-round-lutt-2tk-haze-blossom\/#primaryimage"},"image":{"@id":"https:\/\/sulin.ee\/en\/toode\/bibs-colour-round-lutt-2tk-haze-blossom\/#primaryimage"},"thumbnailUrl":"https:\/\/sulin.ee\/wp-content\/uploads\/2022\/12\/bibs_lutt_naturaalsest_kummist-haze-blossom.jpg","datePublished":"2022-12-14T14:21:40+00:00","dateModified":"2025-09-09T11:07:45+00:00","description":"BIBS Colour Round lutid on klassikalised ja ajatud. \u00dcmmargune luti ots ja \u00fcmbris imiteerivad ema rinda ning toetavad beebi loomulikku imemisrefleksi.","breadcrumb":{"@id":"https:\/\/sulin.ee\/en\/toode\/bibs-colour-round-lutt-2tk-haze-blossom\/#breadcrumb"},"inLanguage":"en-US","potentialAction":[{"@type":"ReadAction","target":["https:\/\/sulin.ee\/en\/toode\/bibs-colour-round-lutt-2tk-haze-blossom\/"]}]},{"@type":"ImageObject","inLanguage":"en-US","@id":"https:\/\/sulin.ee\/en\/toode\/bibs-colour-round-lutt-2tk-haze-blossom\/#primaryimage","url":"https:\/\/sulin.ee\/wp-content\/uploads\/2022\/12\/bibs_lutt_naturaalsest_kummist-haze-blossom.jpg","contentUrl":"https:\/\/sulin.ee\/wp-content\/uploads\/2022\/12\/bibs_lutt_naturaalsest_kummist-haze-blossom.jpg","width":1080,"height":1440,"caption":"BIBS Round Colour Lutt"},{"@type":"BreadcrumbList","@id":"https:\/\/sulin.ee\/en\/toode\/bibs-colour-round-lutt-2tk-haze-blossom\/#breadcrumb","itemListElement":[{"@type":"ListItem","position":1,"name":"Home","item":"https:\/\/sulin.ee\/en\/"},{"@type":"ListItem","position":2,"name":"Sulin.ee e-pood","item":"https:\/\/sulin.ee\/shop\/"},{"@type":"ListItem","position":3,"name":"BIBS Colour Round lutt 2tk \u2013 Haze \/ Blossom"}]},{"@type":"WebSite","@id":"https:\/\/sulin.ee\/en\/#website","url":"https:\/\/sulin.ee\/en\/","name":"sulin.ee","description":"","publisher":{"@id":"https:\/\/sulin.ee\/en\/#organization"},"potentialAction":[{"@type":"SearchAction","target":{"@type":"EntryPoint","urlTemplate":"https:\/\/sulin.ee\/en\/?s={search_term_string}"},"query-input":{"@type":"PropertyValueSpecification","valueRequired":true,"valueName":"search_term_string"}}],"inLanguage":"en-US"},{"@type":"Organization","@id":"https:\/\/sulin.ee\/en\/#organization","name":"SULIN TRADE O\u00dc","url":"https:\/\/sulin.ee\/en\/","logo":{"@type":"ImageObject","inLanguage":"en-US","@id":"https:\/\/sulin.ee\/en\/#\/schema\/logo\/image\/","url":"https:\/\/sulin.ee\/wp-content\/uploads\/2022\/11\/sulin-logo.png","contentUrl":"https:\/\/sulin.ee\/wp-content\/uploads\/2022\/11\/sulin-logo.png","width":871,"height":321,"caption":"SULIN TRADE O\u00dc"},"image":{"@id":"https:\/\/sulin.ee\/en\/#\/schema\/logo\/image\/"},"sameAs":["https:\/\/www.facebook.com\/www.sulin.ee\/","https:\/\/www.instagram.com\/sulintrade\/"]}]}},"builder_content":"","_links":{"self":[{"href":"https:\/\/sulin.ee\/en\/wp-json\/wp\/v2\/product\/9412","targetHints":{"allow":["GET"]}}],"collection":[{"href":"https:\/\/sulin.ee\/en\/wp-json\/wp\/v2\/product"}],"about":[{"href":"https:\/\/sulin.ee\/en\/wp-json\/wp\/v2\/types\/product"}],"replies":[{"embeddable":true,"href":"https:\/\/sulin.ee\/en\/wp-json\/wp\/v2\/comments?post=9412"}],"wp:featuredmedia":[{"embeddable":true,"href":"https:\/\/sulin.ee\/en\/wp-json\/wp\/v2\/media\/9415"}],"wp:attachment":[{"href":"https:\/\/sulin.ee\/en\/wp-json\/wp\/v2\/media?parent=9412"}],"wp:term":[{"taxonomy":"product_brand","embeddable":true,"href":"https:\/\/sulin.ee\/en\/wp-json\/wp\/v2\/product_brand?post=9412"},{"taxonomy":"product_cat","embeddable":true,"href":"https:\/\/sulin.ee\/en\/wp-json\/wp\/v2\/product_cat?post=9412"},{"taxonomy":"product_tag","embeddable":true,"href":"https:\/\/sulin.ee\/en\/wp-json\/wp\/v2\/product_tag?post=9412"}],"curies":[{"name":"wp","href":"https:\/\/api.w.org\/{rel}","templated":true}]}}