{"id":9351,"date":"2022-12-13T09:38:57","date_gmt":"2022-12-13T09:38:57","guid":{"rendered":"https:\/\/sulin.ee\/?post_type=product&#038;p=9351"},"modified":"2025-09-07T21:48:52","modified_gmt":"2025-09-07T21:48:52","slug":"kokkupandav-pissipott-buubla-vintage-blue","status":"publish","type":"product","link":"https:\/\/sulin.ee\/en\/toode\/kokkupandav-pissipott-buubla-vintage-blue\/","title":{"rendered":"Kokkupandav pissipott Buubla &#8211; Vintage Blue"},"content":{"rendered":"<p><strong>Kokkupandav pissipott on suur abiline kui laps alles \u00f5pib potil k\u00e4ima. Innovatiivne Buubla pissipott on kaasaskantav ja kerge, see kaalub k\u00f5igest 358 g. Poti saab voltida nii v\u00e4ikseks, et seda on mugav igalepoole kaasa v\u00f5tta &#8211; k\u00fclla, restorani, matkale, reisile v\u00f5i s\u00f5pradele k\u00fclla.<\/strong><\/p>\n<p>Pole m\u00f5tet soetada eraldi mitut potti, et siis \u00fchte kasutada kodus ja teist kodust v\u00e4ljas olles. Buubla on v\u00e4lja t\u00f6\u00f6tanud imelise lahenduse, t\u00e4nu millele vajad sa vaid \u00fchte potti. Kokkupandav pissipott kaalub v\u00e4he ja ei v\u00f5ta ruumi, seda on lihtne kokkuvoltida ja mugav igalepoole kaasa v\u00f5tta.<\/p>\n<p>Potiga on kaasas takkiapael, mille abil on seda lihtne kokkuvoltida ja v\u00e4iksemaks teha. Veelgi mugavam on kasutada spetsiaalsest <span style=\"color: #993300;\"><a style=\"color: #993300;\" href=\"https:\/\/sulin.ee\/?post_type=product&amp;p=9373&amp;preview=true\" target=\"_blank\" rel=\"noopener\">Buubla pissipoti kandekotti<\/a>,<\/span> mida saad meilt eraldi soetada. Kandekotis on pott m\u00e4rkamatu ja mugav kaaslane terve potitreeninguperioodi \u00fcksk\u00f5ik kas k\u00e4id k\u00fclas, reisil, shoppamas v\u00f5i matkal.<\/p>\n<p>Buubla pott sobib k\u00f5igile potitreeningueas olevatele lastele (tavaliselt 1-4 aastat). Pott on disainitud nii, et lapsel oleks sellel mugav istuda. Skandinaavialik disain lisab tootele lihtsuse ja omap\u00e4ra. Sobib igasse interj\u00f6\u00f6ri. Ei sisalda kahjulikke aineid nagu PVC, BPA ja ftalaadid.<\/p>\n<p>Vaata ka toote <span style=\"color: #800000;\"><a style=\"color: #800000;\" href=\"https:\/\/www.youtube.com\/watch?v=xtseogjKtUI\" target=\"_blank\" rel=\"noopener\">videot.<\/a><\/span><\/p>\n","protected":false},"excerpt":{"rendered":"<p>Kokkupandav pissipott on suur abiline kui laps alles \u00f5pib potil k\u00e4ima. Innovatiivne Buubla pissipott on kaasaskantav ja kerge, see kaalub k\u00f5igest 358 g. Poti saab voltida nii v\u00e4ikseks, et seda on mugav igalepoole kaasa v\u00f5tta &#8211; k\u00fclla, restorani, matkale, reisile v\u00f5i s\u00f5pradele k\u00fclla. Pole m\u00f5tet soetada eraldi mitut potti, et siis \u00fchte kasutada kodus ja [&hellip;]<\/p>\n","protected":false},"featured_media":9360,"comment_status":"open","ping_status":"closed","template":"","meta":[],"product_brand":[],"product_cat":[189,792,184,789,793],"product_tag":[],"class_list":{"0":"post-9351","1":"product","2":"type-product","3":"status-publish","4":"has-post-thumbnail","6":"product_cat-potitreening-beebid","7":"product_cat-pissipotid-2","8":"product_cat-potitreening","9":"product_cat-pissipotid","10":"product_cat-buubla","11":"has-post-title","12":"has-post-date","13":"has-post-category","14":"has-post-tag","15":"has-post-comment","16":"has-post-author","17":"","19":"first","20":"outofstock","21":"sale","22":"taxable","23":"shipping-taxable","24":"purchasable","25":"product-type-simple"},"yoast_head":"<!-- This site is optimized with the Yoast SEO plugin v26.8 - https:\/\/yoast.com\/product\/yoast-seo-wordpress\/ -->\n<title>Kokkupandav pissipott Buubla - Vintage Blue - sulin.ee<\/title>\n<meta name=\"description\" content=\"Kokkupandav pissipott on suur abiline kui laps alles \u00f5pib potil k\u00e4ima. Buubla kokkuvolditav pissipott on kompaktne ning kaalub k\u00f5igest 358 g.\" \/>\n<meta name=\"robots\" content=\"index, follow, max-snippet:-1, max-image-preview:large, max-video-preview:-1\" \/>\n<link rel=\"canonical\" href=\"https:\/\/sulin.ee\/en\/toode\/kokkupandav-pissipott-buubla-vintage-blue\/\" \/>\n<meta property=\"og:locale\" content=\"en_US\" \/>\n<meta property=\"og:type\" content=\"article\" \/>\n<meta property=\"og:title\" content=\"Kokkupandav pissipott Buubla - Vintage Blue - sulin.ee\" \/>\n<meta property=\"og:description\" content=\"Kokkupandav pissipott on suur abiline kui laps alles \u00f5pib potil k\u00e4ima. Buubla kokkuvolditav pissipott on kompaktne ning kaalub k\u00f5igest 358 g.\" \/>\n<meta property=\"og:url\" content=\"https:\/\/sulin.ee\/en\/toode\/kokkupandav-pissipott-buubla-vintage-blue\/\" \/>\n<meta property=\"og:site_name\" content=\"sulin.ee\" \/>\n<meta property=\"article:publisher\" content=\"https:\/\/www.facebook.com\/www.sulin.ee\/\" \/>\n<meta property=\"article:modified_time\" content=\"2025-09-07T21:48:52+00:00\" \/>\n<meta property=\"og:image\" content=\"https:\/\/sulin.ee\/wp-content\/uploads\/2022\/12\/kokkuvolditav-pissipott-buubla-vintage-blue-06.jpg\" \/>\n\t<meta property=\"og:image:width\" content=\"700\" \/>\n\t<meta property=\"og:image:height\" content=\"700\" \/>\n\t<meta property=\"og:image:type\" content=\"image\/jpeg\" \/>\n<meta name=\"twitter:card\" content=\"summary_large_image\" \/>\n<meta name=\"twitter:label1\" content=\"Est. reading time\" \/>\n\t<meta name=\"twitter:data1\" content=\"2 minutes\" \/>\n<script type=\"application\/ld+json\" class=\"yoast-schema-graph\">{\"@context\":\"https:\/\/schema.org\",\"@graph\":[{\"@type\":\"WebPage\",\"@id\":\"https:\/\/sulin.ee\/en\/toode\/kokkupandav-pissipott-buubla-vintage-blue\/\",\"url\":\"https:\/\/sulin.ee\/en\/toode\/kokkupandav-pissipott-buubla-vintage-blue\/\",\"name\":\"Kokkupandav pissipott Buubla - Vintage Blue - sulin.ee\",\"isPartOf\":{\"@id\":\"https:\/\/sulin.ee\/en\/#website\"},\"primaryImageOfPage\":{\"@id\":\"https:\/\/sulin.ee\/en\/toode\/kokkupandav-pissipott-buubla-vintage-blue\/#primaryimage\"},\"image\":{\"@id\":\"https:\/\/sulin.ee\/en\/toode\/kokkupandav-pissipott-buubla-vintage-blue\/#primaryimage\"},\"thumbnailUrl\":\"https:\/\/sulin.ee\/wp-content\/uploads\/2022\/12\/kokkuvolditav-pissipott-buubla-vintage-blue-06.jpg\",\"datePublished\":\"2022-12-13T09:38:57+00:00\",\"dateModified\":\"2025-09-07T21:48:52+00:00\",\"description\":\"Kokkupandav pissipott on suur abiline kui laps alles \u00f5pib potil k\u00e4ima. Buubla kokkuvolditav pissipott on kompaktne ning kaalub k\u00f5igest 358 g.\",\"breadcrumb\":{\"@id\":\"https:\/\/sulin.ee\/en\/toode\/kokkupandav-pissipott-buubla-vintage-blue\/#breadcrumb\"},\"inLanguage\":\"en-US\",\"potentialAction\":[{\"@type\":\"ReadAction\",\"target\":[\"https:\/\/sulin.ee\/en\/toode\/kokkupandav-pissipott-buubla-vintage-blue\/\"]}]},{\"@type\":\"ImageObject\",\"inLanguage\":\"en-US\",\"@id\":\"https:\/\/sulin.ee\/en\/toode\/kokkupandav-pissipott-buubla-vintage-blue\/#primaryimage\",\"url\":\"https:\/\/sulin.ee\/wp-content\/uploads\/2022\/12\/kokkuvolditav-pissipott-buubla-vintage-blue-06.jpg\",\"contentUrl\":\"https:\/\/sulin.ee\/wp-content\/uploads\/2022\/12\/kokkuvolditav-pissipott-buubla-vintage-blue-06.jpg\",\"width\":700,\"height\":700,\"caption\":\"Kokkupandav pissipott\"},{\"@type\":\"BreadcrumbList\",\"@id\":\"https:\/\/sulin.ee\/en\/toode\/kokkupandav-pissipott-buubla-vintage-blue\/#breadcrumb\",\"itemListElement\":[{\"@type\":\"ListItem\",\"position\":1,\"name\":\"Home\",\"item\":\"https:\/\/sulin.ee\/en\/\"},{\"@type\":\"ListItem\",\"position\":2,\"name\":\"Sulin.ee e-pood\",\"item\":\"https:\/\/sulin.ee\/shop\/\"},{\"@type\":\"ListItem\",\"position\":3,\"name\":\"Kokkupandav pissipott Buubla &#8211; Vintage Blue\"}]},{\"@type\":\"WebSite\",\"@id\":\"https:\/\/sulin.ee\/en\/#website\",\"url\":\"https:\/\/sulin.ee\/en\/\",\"name\":\"sulin.ee\",\"description\":\"\",\"publisher\":{\"@id\":\"https:\/\/sulin.ee\/en\/#organization\"},\"potentialAction\":[{\"@type\":\"SearchAction\",\"target\":{\"@type\":\"EntryPoint\",\"urlTemplate\":\"https:\/\/sulin.ee\/en\/?s={search_term_string}\"},\"query-input\":{\"@type\":\"PropertyValueSpecification\",\"valueRequired\":true,\"valueName\":\"search_term_string\"}}],\"inLanguage\":\"en-US\"},{\"@type\":\"Organization\",\"@id\":\"https:\/\/sulin.ee\/en\/#organization\",\"name\":\"SULIN TRADE O\u00dc\",\"url\":\"https:\/\/sulin.ee\/en\/\",\"logo\":{\"@type\":\"ImageObject\",\"inLanguage\":\"en-US\",\"@id\":\"https:\/\/sulin.ee\/en\/#\/schema\/logo\/image\/\",\"url\":\"https:\/\/sulin.ee\/wp-content\/uploads\/2022\/11\/sulin-logo.png\",\"contentUrl\":\"https:\/\/sulin.ee\/wp-content\/uploads\/2022\/11\/sulin-logo.png\",\"width\":871,\"height\":321,\"caption\":\"SULIN TRADE O\u00dc\"},\"image\":{\"@id\":\"https:\/\/sulin.ee\/en\/#\/schema\/logo\/image\/\"},\"sameAs\":[\"https:\/\/www.facebook.com\/www.sulin.ee\/\",\"https:\/\/www.instagram.com\/sulintrade\/\"]}]}<\/script>\n<!-- \/ Yoast SEO plugin. -->","yoast_head_json":{"title":"Kokkupandav pissipott Buubla - Vintage Blue - sulin.ee","description":"Kokkupandav pissipott on suur abiline kui laps alles \u00f5pib potil k\u00e4ima. Buubla kokkuvolditav pissipott on kompaktne ning kaalub k\u00f5igest 358 g.","robots":{"index":"index","follow":"follow","max-snippet":"max-snippet:-1","max-image-preview":"max-image-preview:large","max-video-preview":"max-video-preview:-1"},"canonical":"https:\/\/sulin.ee\/en\/toode\/kokkupandav-pissipott-buubla-vintage-blue\/","og_locale":"en_US","og_type":"article","og_title":"Kokkupandav pissipott Buubla - Vintage Blue - sulin.ee","og_description":"Kokkupandav pissipott on suur abiline kui laps alles \u00f5pib potil k\u00e4ima. Buubla kokkuvolditav pissipott on kompaktne ning kaalub k\u00f5igest 358 g.","og_url":"https:\/\/sulin.ee\/en\/toode\/kokkupandav-pissipott-buubla-vintage-blue\/","og_site_name":"sulin.ee","article_publisher":"https:\/\/www.facebook.com\/www.sulin.ee\/","article_modified_time":"2025-09-07T21:48:52+00:00","og_image":[{"width":700,"height":700,"url":"https:\/\/sulin.ee\/wp-content\/uploads\/2022\/12\/kokkuvolditav-pissipott-buubla-vintage-blue-06.jpg","type":"image\/jpeg"}],"twitter_card":"summary_large_image","twitter_misc":{"Est. reading time":"2 minutes"},"schema":{"@context":"https:\/\/schema.org","@graph":[{"@type":"WebPage","@id":"https:\/\/sulin.ee\/en\/toode\/kokkupandav-pissipott-buubla-vintage-blue\/","url":"https:\/\/sulin.ee\/en\/toode\/kokkupandav-pissipott-buubla-vintage-blue\/","name":"Kokkupandav pissipott Buubla - Vintage Blue - sulin.ee","isPartOf":{"@id":"https:\/\/sulin.ee\/en\/#website"},"primaryImageOfPage":{"@id":"https:\/\/sulin.ee\/en\/toode\/kokkupandav-pissipott-buubla-vintage-blue\/#primaryimage"},"image":{"@id":"https:\/\/sulin.ee\/en\/toode\/kokkupandav-pissipott-buubla-vintage-blue\/#primaryimage"},"thumbnailUrl":"https:\/\/sulin.ee\/wp-content\/uploads\/2022\/12\/kokkuvolditav-pissipott-buubla-vintage-blue-06.jpg","datePublished":"2022-12-13T09:38:57+00:00","dateModified":"2025-09-07T21:48:52+00:00","description":"Kokkupandav pissipott on suur abiline kui laps alles \u00f5pib potil k\u00e4ima. Buubla kokkuvolditav pissipott on kompaktne ning kaalub k\u00f5igest 358 g.","breadcrumb":{"@id":"https:\/\/sulin.ee\/en\/toode\/kokkupandav-pissipott-buubla-vintage-blue\/#breadcrumb"},"inLanguage":"en-US","potentialAction":[{"@type":"ReadAction","target":["https:\/\/sulin.ee\/en\/toode\/kokkupandav-pissipott-buubla-vintage-blue\/"]}]},{"@type":"ImageObject","inLanguage":"en-US","@id":"https:\/\/sulin.ee\/en\/toode\/kokkupandav-pissipott-buubla-vintage-blue\/#primaryimage","url":"https:\/\/sulin.ee\/wp-content\/uploads\/2022\/12\/kokkuvolditav-pissipott-buubla-vintage-blue-06.jpg","contentUrl":"https:\/\/sulin.ee\/wp-content\/uploads\/2022\/12\/kokkuvolditav-pissipott-buubla-vintage-blue-06.jpg","width":700,"height":700,"caption":"Kokkupandav pissipott"},{"@type":"BreadcrumbList","@id":"https:\/\/sulin.ee\/en\/toode\/kokkupandav-pissipott-buubla-vintage-blue\/#breadcrumb","itemListElement":[{"@type":"ListItem","position":1,"name":"Home","item":"https:\/\/sulin.ee\/en\/"},{"@type":"ListItem","position":2,"name":"Sulin.ee e-pood","item":"https:\/\/sulin.ee\/shop\/"},{"@type":"ListItem","position":3,"name":"Kokkupandav pissipott Buubla &#8211; Vintage Blue"}]},{"@type":"WebSite","@id":"https:\/\/sulin.ee\/en\/#website","url":"https:\/\/sulin.ee\/en\/","name":"sulin.ee","description":"","publisher":{"@id":"https:\/\/sulin.ee\/en\/#organization"},"potentialAction":[{"@type":"SearchAction","target":{"@type":"EntryPoint","urlTemplate":"https:\/\/sulin.ee\/en\/?s={search_term_string}"},"query-input":{"@type":"PropertyValueSpecification","valueRequired":true,"valueName":"search_term_string"}}],"inLanguage":"en-US"},{"@type":"Organization","@id":"https:\/\/sulin.ee\/en\/#organization","name":"SULIN TRADE O\u00dc","url":"https:\/\/sulin.ee\/en\/","logo":{"@type":"ImageObject","inLanguage":"en-US","@id":"https:\/\/sulin.ee\/en\/#\/schema\/logo\/image\/","url":"https:\/\/sulin.ee\/wp-content\/uploads\/2022\/11\/sulin-logo.png","contentUrl":"https:\/\/sulin.ee\/wp-content\/uploads\/2022\/11\/sulin-logo.png","width":871,"height":321,"caption":"SULIN TRADE O\u00dc"},"image":{"@id":"https:\/\/sulin.ee\/en\/#\/schema\/logo\/image\/"},"sameAs":["https:\/\/www.facebook.com\/www.sulin.ee\/","https:\/\/www.instagram.com\/sulintrade\/"]}]}},"builder_content":"","_links":{"self":[{"href":"https:\/\/sulin.ee\/en\/wp-json\/wp\/v2\/product\/9351","targetHints":{"allow":["GET"]}}],"collection":[{"href":"https:\/\/sulin.ee\/en\/wp-json\/wp\/v2\/product"}],"about":[{"href":"https:\/\/sulin.ee\/en\/wp-json\/wp\/v2\/types\/product"}],"replies":[{"embeddable":true,"href":"https:\/\/sulin.ee\/en\/wp-json\/wp\/v2\/comments?post=9351"}],"wp:featuredmedia":[{"embeddable":true,"href":"https:\/\/sulin.ee\/en\/wp-json\/wp\/v2\/media\/9360"}],"wp:attachment":[{"href":"https:\/\/sulin.ee\/en\/wp-json\/wp\/v2\/media?parent=9351"}],"wp:term":[{"taxonomy":"product_brand","embeddable":true,"href":"https:\/\/sulin.ee\/en\/wp-json\/wp\/v2\/product_brand?post=9351"},{"taxonomy":"product_cat","embeddable":true,"href":"https:\/\/sulin.ee\/en\/wp-json\/wp\/v2\/product_cat?post=9351"},{"taxonomy":"product_tag","embeddable":true,"href":"https:\/\/sulin.ee\/en\/wp-json\/wp\/v2\/product_tag?post=9351"}],"curies":[{"name":"wp","href":"https:\/\/api.w.org\/{rel}","templated":true}]}}