{"id":93,"date":"2022-09-13T14:00:17","date_gmt":"2022-09-13T14:00:17","guid":{"rendered":"http:\/\/test.itson.ee\/sulin\/product\/bambaw-korduvkasutatavad-pesukaitsmed-5-tk-kott\/"},"modified":"2025-11-02T16:31:39","modified_gmt":"2025-11-02T16:31:39","slug":"bambaw-korduvkasutatavad-pesukaitsmed-5-tk-kott","status":"publish","type":"product","link":"https:\/\/sulin.ee\/en\/toode\/bambaw-korduvkasutatavad-pesukaitsmed-5-tk-kott\/","title":{"rendered":"Korduvkasutatavad pesukaitsmed (5 tk + kott)"},"content":{"rendered":"<p style=\"text-align: justify;\"><strong><span style=\"font-family: arial, helvetica, sans-serif; font-size: medium;\">Korduvkasutatavad pesukaitsmed komplekt on tervislik valik sinu kehale. Sidemeid katab diskreetne musta v\u00e4rvi bambuss\u00f6e materjal, mis on naha vastas pehme ning aitab lukustada l\u00f5hnu.<\/span><\/strong><\/p>\n<p style=\"text-align: justify;\"><span style=\"font-family: arial, helvetica, sans-serif; font-size: medium;\">Korduvkasutatavad pesukaitsmed koosnevad \u00fchest mikrokiud kihist ning on m\u00f5eldud kasutamiseks v\u00e4hese vooluse korral. Sidemete pealispind on kaetud veekindla PUL kangaga, mis ei lase vedelikel lekkida ning muudab sidemed elastseks. Vaata toodet tutvustavat videot <a href=\"https:\/\/www.youtube.com\/watch?v=_h4Zp2dARGk\" target=\"_blank\" rel=\"noopener\">siit.<\/a><\/span><\/p>\n<p style=\"text-align: justify;\"><span style=\"font-family: arial, helvetica, sans-serif; font-size: medium;\">Iga h\u00fcgieenisideme tiivakeste k\u00fcljes on 1 rida trukke, t\u00e4nu millele p\u00fcsivad need paigal.<\/span><\/p>\n<p style=\"text-align: justify;\"><span style=\"font-family: arial, helvetica, sans-serif; font-size: medium;\"><strong>Komplektis:<\/strong> 5 pesukaitset ja 1 h\u00fcgieenisidemete hoiustamise kott.<\/span><\/p>\n<p style=\"text-align: justify;\"><span style=\"font-family: arial, helvetica, sans-serif; font-size: medium;\"><strong>Sideme m\u00f5\u00f5dud:<\/strong>\u00a019,2 x 8 cm.<\/span><\/p>\n<p style=\"text-align: justify;\"><span style=\"font-family: arial, helvetica, sans-serif; font-size: medium;\"><strong>Koti m\u00f5\u00f5dud:<\/strong>\u00a013 x 23 cm.<\/span><\/p>\n<p style=\"text-align: justify;\"><span style=\"font-family: arial, helvetica, sans-serif; font-size: medium;\"><strong>Hooldus:<\/strong>\u00a0Pesta pesumasinas temperatuuril 40\u2103. Enne esmakordset kasutamist pese tooted l\u00e4bi.<\/span><\/p>\n<ul>\n<li style=\"text-align: justify;\"><span style=\"font-family: arial, helvetica, sans-serif; font-size: medium;\">\u00c4ra kasuta valgendajaid, pesupehmendajaid ega \u00e4\u00e4dikat;<\/span><\/li>\n<li style=\"text-align: justify;\"><span style=\"font-family: arial, helvetica, sans-serif; font-size: medium;\">\u00c4ra kasuta ens\u00fc\u00fcme sisaldavaid pesuvahendeid, sest need v\u00f5ivad kahjustada naturaalseid kiude ning seel\u00e4bi v\u00e4hendada sideme imavust;<\/span><\/li>\n<li style=\"text-align: justify;\"><span style=\"font-family: arial, helvetica, sans-serif; font-size: medium;\">Loputa m\u00e4\u00e4rdunud h\u00fcgieeniside k\u00fclma veega esimesel v\u00f5imalusel;<\/span><\/li>\n<li style=\"text-align: justify;\"><span style=\"font-family: arial, helvetica, sans-serif; font-size: medium;\">H\u00fcgieenisidemeid v\u00f5ib pesta koos teiste sama v\u00e4rvi riietega, nii aitad s\u00e4\u00e4sta vett ja elektrit.<\/span><\/li>\n<\/ul>\n<p>Suurema vooluse jaoks kasuta Bambaw <a title=\"P\u00e4evased h\u00fcgieenisidemed\" href=\"https:\/\/sulin.ee\/toode\/bambaw-paevased-hugieenisidemed-5tk-kott\/\" target=\"_blank\" rel=\"noopener\">p\u00e4evaseid h\u00fcgieenisidemeid.<\/a><\/p>\n<p>\u00d6iseks kasutamiseks vaata Bambaw<a href=\"https:\/\/sulin.ee\/toode\/bambaw-korduvkasutatavate-hugieenisidemete-komplekt-oised-5tk-kott\/\" target=\"_blank\" rel=\"noopener\">\u00a0\u00f6iseid h\u00fcgieenisidemeid.<\/a><\/p>\n","protected":false},"excerpt":{"rendered":"<p>Bambaw<\/p>\n","protected":false},"featured_media":3140,"comment_status":"open","ping_status":"closed","template":"","meta":[],"product_brand":[],"product_cat":[57,239],"product_tag":[249],"class_list":{"0":"post-93","1":"product","2":"type-product","3":"status-publish","4":"has-post-thumbnail","6":"product_cat-korduvkasutatavad-hugieenisidemed","7":"product_cat-bambaw","8":"product_tag-bambaw","9":"has-post-title","10":"has-post-date","11":"has-post-category","12":"has-post-tag","13":"has-post-comment","14":"has-post-author","15":"","17":"first","18":"outofstock","19":"sale","20":"taxable","21":"shipping-taxable","22":"purchasable","23":"product-type-simple"},"yoast_head":"<!-- This site is optimized with the Yoast SEO plugin v26.8 - https:\/\/yoast.com\/product\/yoast-seo-wordpress\/ -->\n<title>Korduvkasutatavad pesukaitsmed (5 tk + kott) - sulin.ee<\/title>\n<meta name=\"description\" content=\"Korduvkasutatavad pesukaitsmed on tervislik valik sinu kehale. Sidemeid katab diskreetne musta v\u00e4rvi bambuss\u00f6e materjal, mis aitab lukustada l\u00f5hnu.\" \/>\n<meta name=\"robots\" content=\"index, follow, max-snippet:-1, max-image-preview:large, max-video-preview:-1\" \/>\n<link rel=\"canonical\" href=\"https:\/\/sulin.ee\/en\/toode\/bambaw-korduvkasutatavad-pesukaitsmed-5-tk-kott\/\" \/>\n<meta property=\"og:locale\" content=\"en_US\" \/>\n<meta property=\"og:type\" content=\"article\" \/>\n<meta property=\"og:title\" content=\"Korduvkasutatavad pesukaitsmed (5 tk + kott) - sulin.ee\" \/>\n<meta property=\"og:description\" content=\"Korduvkasutatavad pesukaitsmed on tervislik valik sinu kehale. Sidemeid katab diskreetne musta v\u00e4rvi bambuss\u00f6e materjal, mis aitab lukustada l\u00f5hnu.\" \/>\n<meta property=\"og:url\" content=\"https:\/\/sulin.ee\/en\/toode\/bambaw-korduvkasutatavad-pesukaitsmed-5-tk-kott\/\" \/>\n<meta property=\"og:site_name\" content=\"sulin.ee\" \/>\n<meta property=\"article:publisher\" content=\"https:\/\/www.facebook.com\/www.sulin.ee\/\" \/>\n<meta property=\"article:modified_time\" content=\"2025-11-02T16:31:39+00:00\" \/>\n<meta property=\"og:image\" content=\"https:\/\/sulin.ee\/wp-content\/uploads\/2022\/09\/SanitaryPad-5Light.jpg\" \/>\n\t<meta property=\"og:image:width\" content=\"800\" \/>\n\t<meta property=\"og:image:height\" content=\"800\" \/>\n\t<meta property=\"og:image:type\" content=\"image\/jpeg\" \/>\n<meta name=\"twitter:card\" content=\"summary_large_image\" \/>\n<meta name=\"twitter:label1\" content=\"Est. reading time\" \/>\n\t<meta name=\"twitter:data1\" content=\"2 minutes\" \/>\n<script type=\"application\/ld+json\" class=\"yoast-schema-graph\">{\"@context\":\"https:\/\/schema.org\",\"@graph\":[{\"@type\":\"WebPage\",\"@id\":\"https:\/\/sulin.ee\/en\/toode\/bambaw-korduvkasutatavad-pesukaitsmed-5-tk-kott\/\",\"url\":\"https:\/\/sulin.ee\/en\/toode\/bambaw-korduvkasutatavad-pesukaitsmed-5-tk-kott\/\",\"name\":\"Korduvkasutatavad pesukaitsmed (5 tk + kott) - sulin.ee\",\"isPartOf\":{\"@id\":\"https:\/\/sulin.ee\/en\/#website\"},\"primaryImageOfPage\":{\"@id\":\"https:\/\/sulin.ee\/en\/toode\/bambaw-korduvkasutatavad-pesukaitsmed-5-tk-kott\/#primaryimage\"},\"image\":{\"@id\":\"https:\/\/sulin.ee\/en\/toode\/bambaw-korduvkasutatavad-pesukaitsmed-5-tk-kott\/#primaryimage\"},\"thumbnailUrl\":\"https:\/\/sulin.ee\/wp-content\/uploads\/2022\/09\/SanitaryPad-5Light.jpg\",\"datePublished\":\"2022-09-13T14:00:17+00:00\",\"dateModified\":\"2025-11-02T16:31:39+00:00\",\"description\":\"Korduvkasutatavad pesukaitsmed on tervislik valik sinu kehale. Sidemeid katab diskreetne musta v\u00e4rvi bambuss\u00f6e materjal, mis aitab lukustada l\u00f5hnu.\",\"breadcrumb\":{\"@id\":\"https:\/\/sulin.ee\/en\/toode\/bambaw-korduvkasutatavad-pesukaitsmed-5-tk-kott\/#breadcrumb\"},\"inLanguage\":\"en-US\",\"potentialAction\":[{\"@type\":\"ReadAction\",\"target\":[\"https:\/\/sulin.ee\/en\/toode\/bambaw-korduvkasutatavad-pesukaitsmed-5-tk-kott\/\"]}]},{\"@type\":\"ImageObject\",\"inLanguage\":\"en-US\",\"@id\":\"https:\/\/sulin.ee\/en\/toode\/bambaw-korduvkasutatavad-pesukaitsmed-5-tk-kott\/#primaryimage\",\"url\":\"https:\/\/sulin.ee\/wp-content\/uploads\/2022\/09\/SanitaryPad-5Light.jpg\",\"contentUrl\":\"https:\/\/sulin.ee\/wp-content\/uploads\/2022\/09\/SanitaryPad-5Light.jpg\",\"width\":800,\"height\":800,\"caption\":\"Korduvkasutatavad pesukaitsmed\"},{\"@type\":\"BreadcrumbList\",\"@id\":\"https:\/\/sulin.ee\/en\/toode\/bambaw-korduvkasutatavad-pesukaitsmed-5-tk-kott\/#breadcrumb\",\"itemListElement\":[{\"@type\":\"ListItem\",\"position\":1,\"name\":\"Home\",\"item\":\"https:\/\/sulin.ee\/en\/\"},{\"@type\":\"ListItem\",\"position\":2,\"name\":\"Sulin.ee e-pood\",\"item\":\"https:\/\/sulin.ee\/shop\/\"},{\"@type\":\"ListItem\",\"position\":3,\"name\":\"Korduvkasutatavad pesukaitsmed (5 tk + kott)\"}]},{\"@type\":\"WebSite\",\"@id\":\"https:\/\/sulin.ee\/en\/#website\",\"url\":\"https:\/\/sulin.ee\/en\/\",\"name\":\"sulin.ee\",\"description\":\"\",\"publisher\":{\"@id\":\"https:\/\/sulin.ee\/en\/#organization\"},\"potentialAction\":[{\"@type\":\"SearchAction\",\"target\":{\"@type\":\"EntryPoint\",\"urlTemplate\":\"https:\/\/sulin.ee\/en\/?s={search_term_string}\"},\"query-input\":{\"@type\":\"PropertyValueSpecification\",\"valueRequired\":true,\"valueName\":\"search_term_string\"}}],\"inLanguage\":\"en-US\"},{\"@type\":\"Organization\",\"@id\":\"https:\/\/sulin.ee\/en\/#organization\",\"name\":\"SULIN TRADE O\u00dc\",\"url\":\"https:\/\/sulin.ee\/en\/\",\"logo\":{\"@type\":\"ImageObject\",\"inLanguage\":\"en-US\",\"@id\":\"https:\/\/sulin.ee\/en\/#\/schema\/logo\/image\/\",\"url\":\"https:\/\/sulin.ee\/wp-content\/uploads\/2022\/11\/sulin-logo.png\",\"contentUrl\":\"https:\/\/sulin.ee\/wp-content\/uploads\/2022\/11\/sulin-logo.png\",\"width\":871,\"height\":321,\"caption\":\"SULIN TRADE O\u00dc\"},\"image\":{\"@id\":\"https:\/\/sulin.ee\/en\/#\/schema\/logo\/image\/\"},\"sameAs\":[\"https:\/\/www.facebook.com\/www.sulin.ee\/\",\"https:\/\/www.instagram.com\/sulintrade\/\"]}]}<\/script>\n<!-- \/ Yoast SEO plugin. -->","yoast_head_json":{"title":"Korduvkasutatavad pesukaitsmed (5 tk + kott) - sulin.ee","description":"Korduvkasutatavad pesukaitsmed on tervislik valik sinu kehale. Sidemeid katab diskreetne musta v\u00e4rvi bambuss\u00f6e materjal, mis aitab lukustada l\u00f5hnu.","robots":{"index":"index","follow":"follow","max-snippet":"max-snippet:-1","max-image-preview":"max-image-preview:large","max-video-preview":"max-video-preview:-1"},"canonical":"https:\/\/sulin.ee\/en\/toode\/bambaw-korduvkasutatavad-pesukaitsmed-5-tk-kott\/","og_locale":"en_US","og_type":"article","og_title":"Korduvkasutatavad pesukaitsmed (5 tk + kott) - sulin.ee","og_description":"Korduvkasutatavad pesukaitsmed on tervislik valik sinu kehale. Sidemeid katab diskreetne musta v\u00e4rvi bambuss\u00f6e materjal, mis aitab lukustada l\u00f5hnu.","og_url":"https:\/\/sulin.ee\/en\/toode\/bambaw-korduvkasutatavad-pesukaitsmed-5-tk-kott\/","og_site_name":"sulin.ee","article_publisher":"https:\/\/www.facebook.com\/www.sulin.ee\/","article_modified_time":"2025-11-02T16:31:39+00:00","og_image":[{"width":800,"height":800,"url":"https:\/\/sulin.ee\/wp-content\/uploads\/2022\/09\/SanitaryPad-5Light.jpg","type":"image\/jpeg"}],"twitter_card":"summary_large_image","twitter_misc":{"Est. reading time":"2 minutes"},"schema":{"@context":"https:\/\/schema.org","@graph":[{"@type":"WebPage","@id":"https:\/\/sulin.ee\/en\/toode\/bambaw-korduvkasutatavad-pesukaitsmed-5-tk-kott\/","url":"https:\/\/sulin.ee\/en\/toode\/bambaw-korduvkasutatavad-pesukaitsmed-5-tk-kott\/","name":"Korduvkasutatavad pesukaitsmed (5 tk + kott) - sulin.ee","isPartOf":{"@id":"https:\/\/sulin.ee\/en\/#website"},"primaryImageOfPage":{"@id":"https:\/\/sulin.ee\/en\/toode\/bambaw-korduvkasutatavad-pesukaitsmed-5-tk-kott\/#primaryimage"},"image":{"@id":"https:\/\/sulin.ee\/en\/toode\/bambaw-korduvkasutatavad-pesukaitsmed-5-tk-kott\/#primaryimage"},"thumbnailUrl":"https:\/\/sulin.ee\/wp-content\/uploads\/2022\/09\/SanitaryPad-5Light.jpg","datePublished":"2022-09-13T14:00:17+00:00","dateModified":"2025-11-02T16:31:39+00:00","description":"Korduvkasutatavad pesukaitsmed on tervislik valik sinu kehale. Sidemeid katab diskreetne musta v\u00e4rvi bambuss\u00f6e materjal, mis aitab lukustada l\u00f5hnu.","breadcrumb":{"@id":"https:\/\/sulin.ee\/en\/toode\/bambaw-korduvkasutatavad-pesukaitsmed-5-tk-kott\/#breadcrumb"},"inLanguage":"en-US","potentialAction":[{"@type":"ReadAction","target":["https:\/\/sulin.ee\/en\/toode\/bambaw-korduvkasutatavad-pesukaitsmed-5-tk-kott\/"]}]},{"@type":"ImageObject","inLanguage":"en-US","@id":"https:\/\/sulin.ee\/en\/toode\/bambaw-korduvkasutatavad-pesukaitsmed-5-tk-kott\/#primaryimage","url":"https:\/\/sulin.ee\/wp-content\/uploads\/2022\/09\/SanitaryPad-5Light.jpg","contentUrl":"https:\/\/sulin.ee\/wp-content\/uploads\/2022\/09\/SanitaryPad-5Light.jpg","width":800,"height":800,"caption":"Korduvkasutatavad pesukaitsmed"},{"@type":"BreadcrumbList","@id":"https:\/\/sulin.ee\/en\/toode\/bambaw-korduvkasutatavad-pesukaitsmed-5-tk-kott\/#breadcrumb","itemListElement":[{"@type":"ListItem","position":1,"name":"Home","item":"https:\/\/sulin.ee\/en\/"},{"@type":"ListItem","position":2,"name":"Sulin.ee e-pood","item":"https:\/\/sulin.ee\/shop\/"},{"@type":"ListItem","position":3,"name":"Korduvkasutatavad pesukaitsmed (5 tk + kott)"}]},{"@type":"WebSite","@id":"https:\/\/sulin.ee\/en\/#website","url":"https:\/\/sulin.ee\/en\/","name":"sulin.ee","description":"","publisher":{"@id":"https:\/\/sulin.ee\/en\/#organization"},"potentialAction":[{"@type":"SearchAction","target":{"@type":"EntryPoint","urlTemplate":"https:\/\/sulin.ee\/en\/?s={search_term_string}"},"query-input":{"@type":"PropertyValueSpecification","valueRequired":true,"valueName":"search_term_string"}}],"inLanguage":"en-US"},{"@type":"Organization","@id":"https:\/\/sulin.ee\/en\/#organization","name":"SULIN TRADE O\u00dc","url":"https:\/\/sulin.ee\/en\/","logo":{"@type":"ImageObject","inLanguage":"en-US","@id":"https:\/\/sulin.ee\/en\/#\/schema\/logo\/image\/","url":"https:\/\/sulin.ee\/wp-content\/uploads\/2022\/11\/sulin-logo.png","contentUrl":"https:\/\/sulin.ee\/wp-content\/uploads\/2022\/11\/sulin-logo.png","width":871,"height":321,"caption":"SULIN TRADE O\u00dc"},"image":{"@id":"https:\/\/sulin.ee\/en\/#\/schema\/logo\/image\/"},"sameAs":["https:\/\/www.facebook.com\/www.sulin.ee\/","https:\/\/www.instagram.com\/sulintrade\/"]}]}},"builder_content":"","_links":{"self":[{"href":"https:\/\/sulin.ee\/en\/wp-json\/wp\/v2\/product\/93","targetHints":{"allow":["GET"]}}],"collection":[{"href":"https:\/\/sulin.ee\/en\/wp-json\/wp\/v2\/product"}],"about":[{"href":"https:\/\/sulin.ee\/en\/wp-json\/wp\/v2\/types\/product"}],"replies":[{"embeddable":true,"href":"https:\/\/sulin.ee\/en\/wp-json\/wp\/v2\/comments?post=93"}],"wp:featuredmedia":[{"embeddable":true,"href":"https:\/\/sulin.ee\/en\/wp-json\/wp\/v2\/media\/3140"}],"wp:attachment":[{"href":"https:\/\/sulin.ee\/en\/wp-json\/wp\/v2\/media?parent=93"}],"wp:term":[{"taxonomy":"product_brand","embeddable":true,"href":"https:\/\/sulin.ee\/en\/wp-json\/wp\/v2\/product_brand?post=93"},{"taxonomy":"product_cat","embeddable":true,"href":"https:\/\/sulin.ee\/en\/wp-json\/wp\/v2\/product_cat?post=93"},{"taxonomy":"product_tag","embeddable":true,"href":"https:\/\/sulin.ee\/en\/wp-json\/wp\/v2\/product_tag?post=93"}],"curies":[{"name":"wp","href":"https:\/\/api.w.org\/{rel}","templated":true}]}}