{"id":92,"date":"2022-09-13T14:00:17","date_gmt":"2022-09-13T14:00:17","guid":{"rendered":"http:\/\/test.itson.ee\/sulin\/product\/bambaw-korduvkasutatavad-meigieemalduspadjad-10-tk\/"},"modified":"2025-09-07T21:55:59","modified_gmt":"2025-09-07T21:55:59","slug":"bambaw-korduvkasutatavad-meigieemalduspadjad-10-tk","status":"publish","type":"product","link":"https:\/\/sulin.ee\/en\/toode\/bambaw-korduvkasutatavad-meigieemalduspadjad-10-tk\/","title":{"rendered":"Korduvkasutatavad meigieemalduspadjad 10 tk"},"content":{"rendered":"<p style=\"text-align: justify;\"><span style=\"font-family: arial, helvetica, sans-serif; font-size: medium;\">Korduvkasutatavad <a href=\"https:\/\/sulin.ee\/tootekategooria\/naistele\/meigieemaldus\/\">meigieemalduspadjad<\/a> on suurep\u00e4rane alternatiiv \u00fchekordsetele. Kasutades korduvkasutatavaid meigieemalduspatju v\u00e4hendad oma igap\u00e4evast olmej\u00e4\u00e4tmete hulka ja aitad seel\u00e4bi keskkonda puhtamana hoida.<\/span><\/p>\n<p style=\"text-align: justify;\"><span style=\"font-family: arial, helvetica, sans-serif; font-size: medium;\"><a href=\"https:\/\/www.bambaw.com\/\">Bambaw<\/a> meigieemalduspadjad on pehmed, vastupidavad ning masinas pestavad. Komplektis on 10 meigieemalduspatja, millest 8 on pehmed ja m\u00f5eldud igap\u00e4evaseks meigieemaldamiseks ning \u00f5rnema naha puhastamiseks, 2 patja on tugevamad ning m\u00f5eldud naha koorimiseks.<\/span><\/p>\n<p style=\"text-align: justify;\"><span style=\"font-family: arial, helvetica, sans-serif; font-size: medium;\">Patjadega on komplektis pesemiseks m\u00f5eldud v\u00f5rkkott.<\/span><\/p>\n<p style=\"text-align: justify;\"><span style=\"font-family: arial, helvetica, sans-serif; font-size: medium;\">Kogu kasutatud padjad puuvillast pesukotti kokku ning pese masinas 40-60 kraadiga<\/span><\/p>\n<p style=\"text-align: justify;\"><span style=\"font-family: arial, helvetica, sans-serif; font-size: medium;\"><b>Komplektis:<\/b><\/span><\/p>\n<p style=\"text-align: justify;\"><span style=\"font-family: arial, helvetica, sans-serif; font-size: medium;\">2 naha koorimiseks m\u00f5eldud patja (80% bambusmaterjal, 20% puuvill);<\/span><\/p>\n<p style=\"text-align: justify;\"><span style=\"font-family: arial, helvetica, sans-serif; font-size: medium;\">8 pehmet veluurist patja (60% bambusmaterjal, 20% puuvill, 20% pol\u00fcester).<\/span><\/p>\n","protected":false},"excerpt":{"rendered":"<p>Bambaw<\/p>\n","protected":false},"featured_media":3258,"comment_status":"open","ping_status":"closed","template":"","meta":[],"product_brand":[],"product_cat":[33,239],"product_tag":[249],"class_list":{"0":"post-92","1":"product","2":"type-product","3":"status-publish","4":"has-post-thumbnail","6":"product_cat-korduvkasutatavad-meigieemalduspadjad","7":"product_cat-bambaw","8":"product_tag-bambaw","9":"has-post-title","10":"has-post-date","11":"has-post-category","12":"has-post-tag","13":"has-post-comment","14":"has-post-author","15":"","17":"first","18":"instock","19":"sale","20":"taxable","21":"shipping-taxable","22":"purchasable","23":"product-type-simple"},"yoast_head":"<!-- This site is optimized with the Yoast SEO plugin v26.8 - https:\/\/yoast.com\/product\/yoast-seo-wordpress\/ -->\n<title>Korduvkasutatavad meigieemalduspadjad 10 tk - sulin.ee<\/title>\n<meta name=\"description\" content=\"Bambaw korduvkasutatavad meigieemalduspadjad on pehmed, vastupidavad ning masinas pestavad. Komplektis on k\u00fcmme meigieemalduspatja.\" \/>\n<meta name=\"robots\" content=\"index, follow, max-snippet:-1, max-image-preview:large, max-video-preview:-1\" \/>\n<link rel=\"canonical\" href=\"https:\/\/sulin.ee\/en\/toode\/bambaw-korduvkasutatavad-meigieemalduspadjad-10-tk\/\" \/>\n<meta property=\"og:locale\" content=\"en_US\" \/>\n<meta property=\"og:type\" content=\"article\" \/>\n<meta property=\"og:title\" content=\"Korduvkasutatavad meigieemalduspadjad 10 tk - sulin.ee\" \/>\n<meta property=\"og:description\" content=\"Bambaw korduvkasutatavad meigieemalduspadjad on pehmed, vastupidavad ning masinas pestavad. Komplektis on k\u00fcmme meigieemalduspatja.\" \/>\n<meta property=\"og:url\" content=\"https:\/\/sulin.ee\/en\/toode\/bambaw-korduvkasutatavad-meigieemalduspadjad-10-tk\/\" \/>\n<meta property=\"og:site_name\" content=\"sulin.ee\" \/>\n<meta property=\"article:publisher\" content=\"https:\/\/www.facebook.com\/www.sulin.ee\/\" \/>\n<meta property=\"article:modified_time\" content=\"2025-09-07T21:55:59+00:00\" \/>\n<meta property=\"og:image\" content=\"https:\/\/sulin.ee\/wp-content\/uploads\/2022\/09\/bambaw-reusable-makeup-pads-10-pack.jpg\" \/>\n\t<meta property=\"og:image:width\" content=\"800\" \/>\n\t<meta property=\"og:image:height\" content=\"800\" \/>\n\t<meta property=\"og:image:type\" content=\"image\/jpeg\" \/>\n<meta name=\"twitter:card\" content=\"summary_large_image\" \/>\n<meta name=\"twitter:label1\" content=\"Est. reading time\" \/>\n\t<meta name=\"twitter:data1\" content=\"1 minute\" \/>\n<script type=\"application\/ld+json\" class=\"yoast-schema-graph\">{\"@context\":\"https:\/\/schema.org\",\"@graph\":[{\"@type\":\"WebPage\",\"@id\":\"https:\/\/sulin.ee\/en\/toode\/bambaw-korduvkasutatavad-meigieemalduspadjad-10-tk\/\",\"url\":\"https:\/\/sulin.ee\/en\/toode\/bambaw-korduvkasutatavad-meigieemalduspadjad-10-tk\/\",\"name\":\"Korduvkasutatavad meigieemalduspadjad 10 tk - sulin.ee\",\"isPartOf\":{\"@id\":\"https:\/\/sulin.ee\/en\/#website\"},\"primaryImageOfPage\":{\"@id\":\"https:\/\/sulin.ee\/en\/toode\/bambaw-korduvkasutatavad-meigieemalduspadjad-10-tk\/#primaryimage\"},\"image\":{\"@id\":\"https:\/\/sulin.ee\/en\/toode\/bambaw-korduvkasutatavad-meigieemalduspadjad-10-tk\/#primaryimage\"},\"thumbnailUrl\":\"https:\/\/sulin.ee\/wp-content\/uploads\/2022\/09\/bambaw-reusable-makeup-pads-10-pack.jpg\",\"datePublished\":\"2022-09-13T14:00:17+00:00\",\"dateModified\":\"2025-09-07T21:55:59+00:00\",\"description\":\"Bambaw korduvkasutatavad meigieemalduspadjad on pehmed, vastupidavad ning masinas pestavad. Komplektis on k\u00fcmme meigieemalduspatja.\",\"breadcrumb\":{\"@id\":\"https:\/\/sulin.ee\/en\/toode\/bambaw-korduvkasutatavad-meigieemalduspadjad-10-tk\/#breadcrumb\"},\"inLanguage\":\"en-US\",\"potentialAction\":[{\"@type\":\"ReadAction\",\"target\":[\"https:\/\/sulin.ee\/en\/toode\/bambaw-korduvkasutatavad-meigieemalduspadjad-10-tk\/\"]}]},{\"@type\":\"ImageObject\",\"inLanguage\":\"en-US\",\"@id\":\"https:\/\/sulin.ee\/en\/toode\/bambaw-korduvkasutatavad-meigieemalduspadjad-10-tk\/#primaryimage\",\"url\":\"https:\/\/sulin.ee\/wp-content\/uploads\/2022\/09\/bambaw-reusable-makeup-pads-10-pack.jpg\",\"contentUrl\":\"https:\/\/sulin.ee\/wp-content\/uploads\/2022\/09\/bambaw-reusable-makeup-pads-10-pack.jpg\",\"width\":800,\"height\":800,\"caption\":\"korduvkasutatavad meigieemalduspadjad\"},{\"@type\":\"BreadcrumbList\",\"@id\":\"https:\/\/sulin.ee\/en\/toode\/bambaw-korduvkasutatavad-meigieemalduspadjad-10-tk\/#breadcrumb\",\"itemListElement\":[{\"@type\":\"ListItem\",\"position\":1,\"name\":\"Home\",\"item\":\"https:\/\/sulin.ee\/en\/\"},{\"@type\":\"ListItem\",\"position\":2,\"name\":\"Sulin.ee e-pood\",\"item\":\"https:\/\/sulin.ee\/shop\/\"},{\"@type\":\"ListItem\",\"position\":3,\"name\":\"Korduvkasutatavad meigieemalduspadjad 10 tk\"}]},{\"@type\":\"WebSite\",\"@id\":\"https:\/\/sulin.ee\/en\/#website\",\"url\":\"https:\/\/sulin.ee\/en\/\",\"name\":\"sulin.ee\",\"description\":\"\",\"publisher\":{\"@id\":\"https:\/\/sulin.ee\/en\/#organization\"},\"potentialAction\":[{\"@type\":\"SearchAction\",\"target\":{\"@type\":\"EntryPoint\",\"urlTemplate\":\"https:\/\/sulin.ee\/en\/?s={search_term_string}\"},\"query-input\":{\"@type\":\"PropertyValueSpecification\",\"valueRequired\":true,\"valueName\":\"search_term_string\"}}],\"inLanguage\":\"en-US\"},{\"@type\":\"Organization\",\"@id\":\"https:\/\/sulin.ee\/en\/#organization\",\"name\":\"SULIN TRADE O\u00dc\",\"url\":\"https:\/\/sulin.ee\/en\/\",\"logo\":{\"@type\":\"ImageObject\",\"inLanguage\":\"en-US\",\"@id\":\"https:\/\/sulin.ee\/en\/#\/schema\/logo\/image\/\",\"url\":\"https:\/\/sulin.ee\/wp-content\/uploads\/2022\/11\/sulin-logo.png\",\"contentUrl\":\"https:\/\/sulin.ee\/wp-content\/uploads\/2022\/11\/sulin-logo.png\",\"width\":871,\"height\":321,\"caption\":\"SULIN TRADE O\u00dc\"},\"image\":{\"@id\":\"https:\/\/sulin.ee\/en\/#\/schema\/logo\/image\/\"},\"sameAs\":[\"https:\/\/www.facebook.com\/www.sulin.ee\/\",\"https:\/\/www.instagram.com\/sulintrade\/\"]}]}<\/script>\n<!-- \/ Yoast SEO plugin. -->","yoast_head_json":{"title":"Korduvkasutatavad meigieemalduspadjad 10 tk - sulin.ee","description":"Bambaw korduvkasutatavad meigieemalduspadjad on pehmed, vastupidavad ning masinas pestavad. Komplektis on k\u00fcmme meigieemalduspatja.","robots":{"index":"index","follow":"follow","max-snippet":"max-snippet:-1","max-image-preview":"max-image-preview:large","max-video-preview":"max-video-preview:-1"},"canonical":"https:\/\/sulin.ee\/en\/toode\/bambaw-korduvkasutatavad-meigieemalduspadjad-10-tk\/","og_locale":"en_US","og_type":"article","og_title":"Korduvkasutatavad meigieemalduspadjad 10 tk - sulin.ee","og_description":"Bambaw korduvkasutatavad meigieemalduspadjad on pehmed, vastupidavad ning masinas pestavad. Komplektis on k\u00fcmme meigieemalduspatja.","og_url":"https:\/\/sulin.ee\/en\/toode\/bambaw-korduvkasutatavad-meigieemalduspadjad-10-tk\/","og_site_name":"sulin.ee","article_publisher":"https:\/\/www.facebook.com\/www.sulin.ee\/","article_modified_time":"2025-09-07T21:55:59+00:00","og_image":[{"width":800,"height":800,"url":"https:\/\/sulin.ee\/wp-content\/uploads\/2022\/09\/bambaw-reusable-makeup-pads-10-pack.jpg","type":"image\/jpeg"}],"twitter_card":"summary_large_image","twitter_misc":{"Est. reading time":"1 minute"},"schema":{"@context":"https:\/\/schema.org","@graph":[{"@type":"WebPage","@id":"https:\/\/sulin.ee\/en\/toode\/bambaw-korduvkasutatavad-meigieemalduspadjad-10-tk\/","url":"https:\/\/sulin.ee\/en\/toode\/bambaw-korduvkasutatavad-meigieemalduspadjad-10-tk\/","name":"Korduvkasutatavad meigieemalduspadjad 10 tk - sulin.ee","isPartOf":{"@id":"https:\/\/sulin.ee\/en\/#website"},"primaryImageOfPage":{"@id":"https:\/\/sulin.ee\/en\/toode\/bambaw-korduvkasutatavad-meigieemalduspadjad-10-tk\/#primaryimage"},"image":{"@id":"https:\/\/sulin.ee\/en\/toode\/bambaw-korduvkasutatavad-meigieemalduspadjad-10-tk\/#primaryimage"},"thumbnailUrl":"https:\/\/sulin.ee\/wp-content\/uploads\/2022\/09\/bambaw-reusable-makeup-pads-10-pack.jpg","datePublished":"2022-09-13T14:00:17+00:00","dateModified":"2025-09-07T21:55:59+00:00","description":"Bambaw korduvkasutatavad meigieemalduspadjad on pehmed, vastupidavad ning masinas pestavad. Komplektis on k\u00fcmme meigieemalduspatja.","breadcrumb":{"@id":"https:\/\/sulin.ee\/en\/toode\/bambaw-korduvkasutatavad-meigieemalduspadjad-10-tk\/#breadcrumb"},"inLanguage":"en-US","potentialAction":[{"@type":"ReadAction","target":["https:\/\/sulin.ee\/en\/toode\/bambaw-korduvkasutatavad-meigieemalduspadjad-10-tk\/"]}]},{"@type":"ImageObject","inLanguage":"en-US","@id":"https:\/\/sulin.ee\/en\/toode\/bambaw-korduvkasutatavad-meigieemalduspadjad-10-tk\/#primaryimage","url":"https:\/\/sulin.ee\/wp-content\/uploads\/2022\/09\/bambaw-reusable-makeup-pads-10-pack.jpg","contentUrl":"https:\/\/sulin.ee\/wp-content\/uploads\/2022\/09\/bambaw-reusable-makeup-pads-10-pack.jpg","width":800,"height":800,"caption":"korduvkasutatavad meigieemalduspadjad"},{"@type":"BreadcrumbList","@id":"https:\/\/sulin.ee\/en\/toode\/bambaw-korduvkasutatavad-meigieemalduspadjad-10-tk\/#breadcrumb","itemListElement":[{"@type":"ListItem","position":1,"name":"Home","item":"https:\/\/sulin.ee\/en\/"},{"@type":"ListItem","position":2,"name":"Sulin.ee e-pood","item":"https:\/\/sulin.ee\/shop\/"},{"@type":"ListItem","position":3,"name":"Korduvkasutatavad meigieemalduspadjad 10 tk"}]},{"@type":"WebSite","@id":"https:\/\/sulin.ee\/en\/#website","url":"https:\/\/sulin.ee\/en\/","name":"sulin.ee","description":"","publisher":{"@id":"https:\/\/sulin.ee\/en\/#organization"},"potentialAction":[{"@type":"SearchAction","target":{"@type":"EntryPoint","urlTemplate":"https:\/\/sulin.ee\/en\/?s={search_term_string}"},"query-input":{"@type":"PropertyValueSpecification","valueRequired":true,"valueName":"search_term_string"}}],"inLanguage":"en-US"},{"@type":"Organization","@id":"https:\/\/sulin.ee\/en\/#organization","name":"SULIN TRADE O\u00dc","url":"https:\/\/sulin.ee\/en\/","logo":{"@type":"ImageObject","inLanguage":"en-US","@id":"https:\/\/sulin.ee\/en\/#\/schema\/logo\/image\/","url":"https:\/\/sulin.ee\/wp-content\/uploads\/2022\/11\/sulin-logo.png","contentUrl":"https:\/\/sulin.ee\/wp-content\/uploads\/2022\/11\/sulin-logo.png","width":871,"height":321,"caption":"SULIN TRADE O\u00dc"},"image":{"@id":"https:\/\/sulin.ee\/en\/#\/schema\/logo\/image\/"},"sameAs":["https:\/\/www.facebook.com\/www.sulin.ee\/","https:\/\/www.instagram.com\/sulintrade\/"]}]}},"builder_content":"","_links":{"self":[{"href":"https:\/\/sulin.ee\/en\/wp-json\/wp\/v2\/product\/92","targetHints":{"allow":["GET"]}}],"collection":[{"href":"https:\/\/sulin.ee\/en\/wp-json\/wp\/v2\/product"}],"about":[{"href":"https:\/\/sulin.ee\/en\/wp-json\/wp\/v2\/types\/product"}],"replies":[{"embeddable":true,"href":"https:\/\/sulin.ee\/en\/wp-json\/wp\/v2\/comments?post=92"}],"wp:featuredmedia":[{"embeddable":true,"href":"https:\/\/sulin.ee\/en\/wp-json\/wp\/v2\/media\/3258"}],"wp:attachment":[{"href":"https:\/\/sulin.ee\/en\/wp-json\/wp\/v2\/media?parent=92"}],"wp:term":[{"taxonomy":"product_brand","embeddable":true,"href":"https:\/\/sulin.ee\/en\/wp-json\/wp\/v2\/product_brand?post=92"},{"taxonomy":"product_cat","embeddable":true,"href":"https:\/\/sulin.ee\/en\/wp-json\/wp\/v2\/product_cat?post=92"},{"taxonomy":"product_tag","embeddable":true,"href":"https:\/\/sulin.ee\/en\/wp-json\/wp\/v2\/product_tag?post=92"}],"curies":[{"name":"wp","href":"https:\/\/api.w.org\/{rel}","templated":true}]}}