{"id":9029,"date":"2022-11-24T09:56:30","date_gmt":"2022-11-24T09:56:30","guid":{"rendered":"https:\/\/sulin.ee\/?post_type=product&#038;p=9029"},"modified":"2026-01-12T07:19:20","modified_gmt":"2026-01-12T07:19:20","slug":"jollein-vannipontso","status":"publish","type":"product","link":"https:\/\/sulin.ee\/en\/toode\/jollein-vannipontso\/","title":{"rendered":"Jollein vannipont\u0161o"},"content":{"rendered":"<p><strong>Jollein vannipont\u0161o<\/strong> saab kiiresti sinu lapse lemmikuks t\u00e4nu selle pehmusele ja praktilisusele. Valmistatud kvaliteetsest ja pehmest froteematerjalist, imab pont\u0161o kiirelt niiskust ning hoiab sinu lapse kuivana ja soojas peale igat vannisk\u00e4iku, rannap\u00e4eva v\u00f5i basseini k\u00fclastust. Materjal on \u00f5rn lapse naha vastu ja tagab kiire kuivamise, pakkudes maksimaalset mugavust.<\/p>\n<p>Pont\u0161ot on eriti lihtne selga t\u00f5mmata \u2013 lihtsalt libista see lapsele \u00fcle pea ja ta on hetkega soojas ning kuivas. Armaste k\u00f5rvadega kapuuts lisab l\u00f5busa ja m\u00e4ngulise elemendi, samas aitab see ka lapse juukseid kuivatada ja kaitseb jaheduse eest, hoides lapse pea sooja.<\/p>\n<p><strong><a href=\"https:\/\/jollein.com\/\" target=\"_blank\" rel=\"noopener\">Jollein<\/a> vannipont\u0161o<\/strong> on suurep\u00e4rane valik nii kodus kasutamiseks peale m\u00f5nusat vannisk\u00e4iku kui ka v\u00e4ljas\u00f5itudel basseini v\u00f5i randa. See on ideaalne kaaslane suvepuhkustel, pakkudes lapsele kaitset ja mugavust igas olukorras.<\/p>\n<p>Pont\u0161o on m\u00f5eldud lastele vanuses <strong>1 kuni 4 aastat<\/strong>, olles piisavalt ruumikas ja samas mugavalt selga t\u00f5mmatav, et laps saaks liikuda vabalt ja tunda end m\u00f5nusalt.<\/p>\n<p><strong>Tutvu ka meie <a href=\"https:\/\/sulin.ee\/tootekategooria\/lapsele\/hoolitsus\/kehahooldus-lastele\/\" target=\"_blank\" rel=\"noopener\">laste \u0161ampoonidega<\/a>,<\/strong> mis sobivad suurep\u00e4raselt tundlikule peanahale ja j\u00e4tavad juuksed pehmeks ja l\u00e4ikivaks!<\/p>\n","protected":false},"excerpt":{"rendered":"<p><strong>Pehmest froteest valmistatud pont\u0161o on m\u00f5nusalt pehme, imab kiiresti vedelikku ning seda on lihtne selga t\u00f5mmata.<\/strong><\/p>\n<p><strong>Vannipont\u0161o sobib lapsele vanuses 1-4 aastat.<\/strong><\/p>\n","protected":false},"featured_media":22402,"comment_status":"open","ping_status":"closed","template":"","meta":[],"product_brand":[],"product_cat":[1208,180,776],"product_tag":[],"class_list":{"0":"post-9029","1":"product","2":"type-product","3":"status-publish","4":"has-post-thumbnail","6":"product_cat-vanniaeg","7":"product_cat-vanniratikud","8":"product_cat-jollein-2","9":"has-post-title","10":"has-post-date","11":"has-post-category","12":"has-post-tag","13":"has-post-comment","14":"has-post-author","15":"","17":"first","18":"outofstock","19":"taxable","20":"shipping-taxable","21":"product-type-variable"},"yoast_head":"<!-- This site is optimized with the Yoast SEO plugin v26.8 - https:\/\/yoast.com\/product\/yoast-seo-wordpress\/ -->\n<title>Jollein vannipont\u0161o - sulin.ee<\/title>\n<meta name=\"description\" content=\"Jollein vannipont\u0161o on m\u00f5nusalt pehme, imab kiiresti vedelikku ning seda on lihtne selga t\u00f5mmata. Kapuuts tagab, et lapse juuksed kuivaksid kiiresti.\" \/>\n<meta name=\"robots\" content=\"index, follow, max-snippet:-1, max-image-preview:large, max-video-preview:-1\" \/>\n<link rel=\"canonical\" href=\"https:\/\/sulin.ee\/en\/toode\/jollein-vannipontso\/\" \/>\n<meta property=\"og:locale\" content=\"en_US\" \/>\n<meta property=\"og:type\" content=\"article\" \/>\n<meta property=\"og:title\" content=\"Jollein vannipont\u0161o - sulin.ee\" \/>\n<meta property=\"og:description\" content=\"Jollein vannipont\u0161o on m\u00f5nusalt pehme, imab kiiresti vedelikku ning seda on lihtne selga t\u00f5mmata. Kapuuts tagab, et lapse juuksed kuivaksid kiiresti.\" \/>\n<meta property=\"og:url\" content=\"https:\/\/sulin.ee\/en\/toode\/jollein-vannipontso\/\" \/>\n<meta property=\"og:site_name\" content=\"sulin.ee\" \/>\n<meta property=\"article:publisher\" content=\"https:\/\/www.facebook.com\/www.sulin.ee\/\" \/>\n<meta property=\"article:modified_time\" content=\"2026-01-12T07:19:20+00:00\" \/>\n<meta property=\"og:image\" content=\"https:\/\/sulin.ee\/wp-content\/uploads\/2022\/11\/Piltide-korrektuurid-kodulehel-97.png\" \/>\n\t<meta property=\"og:image:width\" content=\"1080\" \/>\n\t<meta property=\"og:image:height\" content=\"1080\" \/>\n\t<meta property=\"og:image:type\" content=\"image\/png\" \/>\n<meta name=\"twitter:card\" content=\"summary_large_image\" \/>\n<meta name=\"twitter:label1\" content=\"Est. reading time\" \/>\n\t<meta name=\"twitter:data1\" content=\"2 minutes\" \/>\n<script type=\"application\/ld+json\" class=\"yoast-schema-graph\">{\"@context\":\"https:\/\/schema.org\",\"@graph\":[{\"@type\":\"WebPage\",\"@id\":\"https:\/\/sulin.ee\/en\/toode\/jollein-vannipontso\/\",\"url\":\"https:\/\/sulin.ee\/en\/toode\/jollein-vannipontso\/\",\"name\":\"Jollein vannipont\u0161o - sulin.ee\",\"isPartOf\":{\"@id\":\"https:\/\/sulin.ee\/en\/#website\"},\"primaryImageOfPage\":{\"@id\":\"https:\/\/sulin.ee\/en\/toode\/jollein-vannipontso\/#primaryimage\"},\"image\":{\"@id\":\"https:\/\/sulin.ee\/en\/toode\/jollein-vannipontso\/#primaryimage\"},\"thumbnailUrl\":\"https:\/\/sulin.ee\/wp-content\/uploads\/2022\/11\/Piltide-korrektuurid-kodulehel-97.png\",\"datePublished\":\"2022-11-24T09:56:30+00:00\",\"dateModified\":\"2026-01-12T07:19:20+00:00\",\"description\":\"Jollein vannipont\u0161o on m\u00f5nusalt pehme, imab kiiresti vedelikku ning seda on lihtne selga t\u00f5mmata. Kapuuts tagab, et lapse juuksed kuivaksid kiiresti.\",\"breadcrumb\":{\"@id\":\"https:\/\/sulin.ee\/en\/toode\/jollein-vannipontso\/#breadcrumb\"},\"inLanguage\":\"en-US\",\"potentialAction\":[{\"@type\":\"ReadAction\",\"target\":[\"https:\/\/sulin.ee\/en\/toode\/jollein-vannipontso\/\"]}]},{\"@type\":\"ImageObject\",\"inLanguage\":\"en-US\",\"@id\":\"https:\/\/sulin.ee\/en\/toode\/jollein-vannipontso\/#primaryimage\",\"url\":\"https:\/\/sulin.ee\/wp-content\/uploads\/2022\/11\/Piltide-korrektuurid-kodulehel-97.png\",\"contentUrl\":\"https:\/\/sulin.ee\/wp-content\/uploads\/2022\/11\/Piltide-korrektuurid-kodulehel-97.png\",\"width\":1080,\"height\":1080,\"caption\":\"Jollein vannipont\u0161o\"},{\"@type\":\"BreadcrumbList\",\"@id\":\"https:\/\/sulin.ee\/en\/toode\/jollein-vannipontso\/#breadcrumb\",\"itemListElement\":[{\"@type\":\"ListItem\",\"position\":1,\"name\":\"Home\",\"item\":\"https:\/\/sulin.ee\/en\/\"},{\"@type\":\"ListItem\",\"position\":2,\"name\":\"Sulin.ee e-pood\",\"item\":\"https:\/\/sulin.ee\/shop\/\"},{\"@type\":\"ListItem\",\"position\":3,\"name\":\"Jollein vannipont\u0161o\"}]},{\"@type\":\"WebSite\",\"@id\":\"https:\/\/sulin.ee\/en\/#website\",\"url\":\"https:\/\/sulin.ee\/en\/\",\"name\":\"sulin.ee\",\"description\":\"\",\"publisher\":{\"@id\":\"https:\/\/sulin.ee\/en\/#organization\"},\"potentialAction\":[{\"@type\":\"SearchAction\",\"target\":{\"@type\":\"EntryPoint\",\"urlTemplate\":\"https:\/\/sulin.ee\/en\/?s={search_term_string}\"},\"query-input\":{\"@type\":\"PropertyValueSpecification\",\"valueRequired\":true,\"valueName\":\"search_term_string\"}}],\"inLanguage\":\"en-US\"},{\"@type\":\"Organization\",\"@id\":\"https:\/\/sulin.ee\/en\/#organization\",\"name\":\"SULIN TRADE O\u00dc\",\"url\":\"https:\/\/sulin.ee\/en\/\",\"logo\":{\"@type\":\"ImageObject\",\"inLanguage\":\"en-US\",\"@id\":\"https:\/\/sulin.ee\/en\/#\/schema\/logo\/image\/\",\"url\":\"https:\/\/sulin.ee\/wp-content\/uploads\/2022\/11\/sulin-logo.png\",\"contentUrl\":\"https:\/\/sulin.ee\/wp-content\/uploads\/2022\/11\/sulin-logo.png\",\"width\":871,\"height\":321,\"caption\":\"SULIN TRADE O\u00dc\"},\"image\":{\"@id\":\"https:\/\/sulin.ee\/en\/#\/schema\/logo\/image\/\"},\"sameAs\":[\"https:\/\/www.facebook.com\/www.sulin.ee\/\",\"https:\/\/www.instagram.com\/sulintrade\/\"]}]}<\/script>\n<!-- \/ Yoast SEO plugin. -->","yoast_head_json":{"title":"Jollein vannipont\u0161o - sulin.ee","description":"Jollein vannipont\u0161o on m\u00f5nusalt pehme, imab kiiresti vedelikku ning seda on lihtne selga t\u00f5mmata. Kapuuts tagab, et lapse juuksed kuivaksid kiiresti.","robots":{"index":"index","follow":"follow","max-snippet":"max-snippet:-1","max-image-preview":"max-image-preview:large","max-video-preview":"max-video-preview:-1"},"canonical":"https:\/\/sulin.ee\/en\/toode\/jollein-vannipontso\/","og_locale":"en_US","og_type":"article","og_title":"Jollein vannipont\u0161o - sulin.ee","og_description":"Jollein vannipont\u0161o on m\u00f5nusalt pehme, imab kiiresti vedelikku ning seda on lihtne selga t\u00f5mmata. Kapuuts tagab, et lapse juuksed kuivaksid kiiresti.","og_url":"https:\/\/sulin.ee\/en\/toode\/jollein-vannipontso\/","og_site_name":"sulin.ee","article_publisher":"https:\/\/www.facebook.com\/www.sulin.ee\/","article_modified_time":"2026-01-12T07:19:20+00:00","og_image":[{"width":1080,"height":1080,"url":"https:\/\/sulin.ee\/wp-content\/uploads\/2022\/11\/Piltide-korrektuurid-kodulehel-97.png","type":"image\/png"}],"twitter_card":"summary_large_image","twitter_misc":{"Est. reading time":"2 minutes"},"schema":{"@context":"https:\/\/schema.org","@graph":[{"@type":"WebPage","@id":"https:\/\/sulin.ee\/en\/toode\/jollein-vannipontso\/","url":"https:\/\/sulin.ee\/en\/toode\/jollein-vannipontso\/","name":"Jollein vannipont\u0161o - sulin.ee","isPartOf":{"@id":"https:\/\/sulin.ee\/en\/#website"},"primaryImageOfPage":{"@id":"https:\/\/sulin.ee\/en\/toode\/jollein-vannipontso\/#primaryimage"},"image":{"@id":"https:\/\/sulin.ee\/en\/toode\/jollein-vannipontso\/#primaryimage"},"thumbnailUrl":"https:\/\/sulin.ee\/wp-content\/uploads\/2022\/11\/Piltide-korrektuurid-kodulehel-97.png","datePublished":"2022-11-24T09:56:30+00:00","dateModified":"2026-01-12T07:19:20+00:00","description":"Jollein vannipont\u0161o on m\u00f5nusalt pehme, imab kiiresti vedelikku ning seda on lihtne selga t\u00f5mmata. Kapuuts tagab, et lapse juuksed kuivaksid kiiresti.","breadcrumb":{"@id":"https:\/\/sulin.ee\/en\/toode\/jollein-vannipontso\/#breadcrumb"},"inLanguage":"en-US","potentialAction":[{"@type":"ReadAction","target":["https:\/\/sulin.ee\/en\/toode\/jollein-vannipontso\/"]}]},{"@type":"ImageObject","inLanguage":"en-US","@id":"https:\/\/sulin.ee\/en\/toode\/jollein-vannipontso\/#primaryimage","url":"https:\/\/sulin.ee\/wp-content\/uploads\/2022\/11\/Piltide-korrektuurid-kodulehel-97.png","contentUrl":"https:\/\/sulin.ee\/wp-content\/uploads\/2022\/11\/Piltide-korrektuurid-kodulehel-97.png","width":1080,"height":1080,"caption":"Jollein vannipont\u0161o"},{"@type":"BreadcrumbList","@id":"https:\/\/sulin.ee\/en\/toode\/jollein-vannipontso\/#breadcrumb","itemListElement":[{"@type":"ListItem","position":1,"name":"Home","item":"https:\/\/sulin.ee\/en\/"},{"@type":"ListItem","position":2,"name":"Sulin.ee e-pood","item":"https:\/\/sulin.ee\/shop\/"},{"@type":"ListItem","position":3,"name":"Jollein vannipont\u0161o"}]},{"@type":"WebSite","@id":"https:\/\/sulin.ee\/en\/#website","url":"https:\/\/sulin.ee\/en\/","name":"sulin.ee","description":"","publisher":{"@id":"https:\/\/sulin.ee\/en\/#organization"},"potentialAction":[{"@type":"SearchAction","target":{"@type":"EntryPoint","urlTemplate":"https:\/\/sulin.ee\/en\/?s={search_term_string}"},"query-input":{"@type":"PropertyValueSpecification","valueRequired":true,"valueName":"search_term_string"}}],"inLanguage":"en-US"},{"@type":"Organization","@id":"https:\/\/sulin.ee\/en\/#organization","name":"SULIN TRADE O\u00dc","url":"https:\/\/sulin.ee\/en\/","logo":{"@type":"ImageObject","inLanguage":"en-US","@id":"https:\/\/sulin.ee\/en\/#\/schema\/logo\/image\/","url":"https:\/\/sulin.ee\/wp-content\/uploads\/2022\/11\/sulin-logo.png","contentUrl":"https:\/\/sulin.ee\/wp-content\/uploads\/2022\/11\/sulin-logo.png","width":871,"height":321,"caption":"SULIN TRADE O\u00dc"},"image":{"@id":"https:\/\/sulin.ee\/en\/#\/schema\/logo\/image\/"},"sameAs":["https:\/\/www.facebook.com\/www.sulin.ee\/","https:\/\/www.instagram.com\/sulintrade\/"]}]}},"builder_content":"","_links":{"self":[{"href":"https:\/\/sulin.ee\/en\/wp-json\/wp\/v2\/product\/9029","targetHints":{"allow":["GET"]}}],"collection":[{"href":"https:\/\/sulin.ee\/en\/wp-json\/wp\/v2\/product"}],"about":[{"href":"https:\/\/sulin.ee\/en\/wp-json\/wp\/v2\/types\/product"}],"replies":[{"embeddable":true,"href":"https:\/\/sulin.ee\/en\/wp-json\/wp\/v2\/comments?post=9029"}],"wp:featuredmedia":[{"embeddable":true,"href":"https:\/\/sulin.ee\/en\/wp-json\/wp\/v2\/media\/22402"}],"wp:attachment":[{"href":"https:\/\/sulin.ee\/en\/wp-json\/wp\/v2\/media?parent=9029"}],"wp:term":[{"taxonomy":"product_brand","embeddable":true,"href":"https:\/\/sulin.ee\/en\/wp-json\/wp\/v2\/product_brand?post=9029"},{"taxonomy":"product_cat","embeddable":true,"href":"https:\/\/sulin.ee\/en\/wp-json\/wp\/v2\/product_cat?post=9029"},{"taxonomy":"product_tag","embeddable":true,"href":"https:\/\/sulin.ee\/en\/wp-json\/wp\/v2\/product_tag?post=9029"}],"curies":[{"name":"wp","href":"https:\/\/api.w.org\/{rel}","templated":true}]}}