{"id":90,"date":"2022-09-13T14:00:17","date_gmt":"2022-09-13T14:00:17","guid":{"rendered":"http:\/\/test.itson.ee\/sulin\/product\/bambaw-korduvkasutatav-hugieeniside-oine\/"},"modified":"2025-09-07T21:55:50","modified_gmt":"2025-09-07T21:55:50","slug":"bambaw-korduvkasutatav-hugieeniside-oine","status":"publish","type":"product","link":"https:\/\/sulin.ee\/en\/toode\/bambaw-korduvkasutatav-hugieeniside-oine\/","title":{"rendered":"Korduvkasutatav h\u00fcgieeniside \u00f6ine"},"content":{"rendered":"<p style=\"text-align: justify;\"><span style=\"font-family: arial, helvetica, sans-serif; font-size: medium;\">BamBaw korduvkasutatav h\u00fcgieeniside on tervislik valik sinu kehale. Diskreetne musta v\u00e4rvi side on kaetud pehme bambuss\u00f6e materjaliga, mis on naha vastas pehme ning aitab lukustada l\u00f5hnu. <\/span><\/p>\n<p style=\"text-align: justify;\"><span style=\"font-family: arial, helvetica, sans-serif; font-size: medium;\">Kolmest mikrokiud kihist koosnevat \u00f6ine side on m\u00f5eldud kasutamiseks suurema vooluse korral. Sideme pealispind on kaetud veekindla PUL kangaga, mis muudab sideme elastseks ega lase vedelikel lekkida.<\/span><\/p>\n<p style=\"text-align: justify;\"><span style=\"font-family: arial, helvetica, sans-serif; font-size: medium;\">H\u00fcgieenisideme tiivakeste k\u00fcljes on 2 rida trukke, t\u00e4nu millele p\u00fcsib side paigal.<\/span><\/p>\n<p style=\"text-align: justify;\"><span style=\"font-family: arial, helvetica, sans-serif; font-size: medium;\"><strong>M\u00f5\u00f5dud:<\/strong> 30 x 12 cm (laius m\u00f5\u00f5detuna k\u00f5ige laiemast kohast).<\/span><\/p>\n<p style=\"text-align: justify;\"><span style=\"font-family: arial, helvetica, sans-serif; font-size: medium;\"><strong>Hooldus:<\/strong> Pesta pesumasinas temperatuuril 40\u2103. Enne esmakordset kasutamist pese h\u00fcgieenisidemed l\u00e4bi.<\/span><\/p>\n<ul style=\"text-align: justify;\">\n<li><span style=\"font-family: arial, helvetica, sans-serif; font-size: medium;\">\u00c4ra kasuta valgendajaid, pesupehmendajaid ega \u00e4\u00e4dikat;<\/span><\/li>\n<li><span style=\"font-family: arial, helvetica, sans-serif; font-size: medium;\">\u00c4ra kasuta ens\u00fc\u00fcme sisaldavaid pesuvahendeid, sest need v\u00f5ivad kahjustada naturaalseid kiude ning seel\u00e4bi v\u00e4hendada sideme imavust;<\/span><\/li>\n<li><span style=\"font-family: arial, helvetica, sans-serif; font-size: medium;\">Loputa m\u00e4\u00e4rdunud h\u00fcgieeniside k\u00fclma veega esimesel v\u00f5imalusel;<\/span><\/li>\n<li><span style=\"font-family: arial, helvetica, sans-serif; font-size: medium;\">H\u00fcgieenisidemeid v\u00f5ib pesta koos teiste sama v\u00e4rvi riietega, nii aitad s\u00e4\u00e4sta vett ja elektrit.<\/span><\/li>\n<\/ul>\n<p style=\"text-align: justify;\">\n","protected":false},"excerpt":{"rendered":"<p>Bambaw<\/p>\n","protected":false},"featured_media":3131,"comment_status":"open","ping_status":"closed","template":"","meta":[],"product_brand":[],"product_cat":[57,239],"product_tag":[249],"class_list":{"0":"post-90","1":"product","2":"type-product","3":"status-publish","4":"has-post-thumbnail","6":"product_cat-korduvkasutatavad-hugieenisidemed","7":"product_cat-bambaw","8":"product_tag-bambaw","9":"has-post-title","10":"has-post-date","11":"has-post-category","12":"has-post-tag","13":"has-post-comment","14":"has-post-author","15":"","17":"first","18":"outofstock","19":"sale","20":"taxable","21":"shipping-taxable","22":"purchasable","23":"product-type-simple"},"yoast_head":"<!-- This site is optimized with the Yoast SEO plugin v26.8 - https:\/\/yoast.com\/product\/yoast-seo-wordpress\/ -->\n<title>Korduvkasutatav h\u00fcgieeniside \u00f6ine - sulin.ee<\/title>\n<meta name=\"robots\" content=\"index, follow, max-snippet:-1, max-image-preview:large, max-video-preview:-1\" \/>\n<link rel=\"canonical\" href=\"https:\/\/sulin.ee\/en\/toode\/bambaw-korduvkasutatav-hugieeniside-oine\/\" \/>\n<meta property=\"og:locale\" content=\"en_US\" \/>\n<meta property=\"og:type\" content=\"article\" \/>\n<meta property=\"og:title\" content=\"Korduvkasutatav h\u00fcgieeniside \u00f6ine - sulin.ee\" \/>\n<meta property=\"og:description\" content=\"Bambaw\" \/>\n<meta property=\"og:url\" content=\"https:\/\/sulin.ee\/en\/toode\/bambaw-korduvkasutatav-hugieeniside-oine\/\" \/>\n<meta property=\"og:site_name\" content=\"sulin.ee\" \/>\n<meta property=\"article:publisher\" content=\"https:\/\/www.facebook.com\/www.sulin.ee\/\" \/>\n<meta property=\"article:modified_time\" content=\"2025-09-07T21:55:50+00:00\" \/>\n<meta property=\"og:image\" content=\"https:\/\/sulin.ee\/wp-content\/uploads\/2022\/09\/Packshot-Sanitary-Pad-Heavy-Flow-1.jpg\" \/>\n\t<meta property=\"og:image:width\" content=\"800\" \/>\n\t<meta property=\"og:image:height\" content=\"800\" \/>\n\t<meta property=\"og:image:type\" content=\"image\/jpeg\" \/>\n<meta name=\"twitter:card\" content=\"summary_large_image\" \/>\n<meta name=\"twitter:label1\" content=\"Est. reading time\" \/>\n\t<meta name=\"twitter:data1\" content=\"1 minute\" \/>\n<script type=\"application\/ld+json\" class=\"yoast-schema-graph\">{\"@context\":\"https:\/\/schema.org\",\"@graph\":[{\"@type\":\"WebPage\",\"@id\":\"https:\/\/sulin.ee\/en\/toode\/bambaw-korduvkasutatav-hugieeniside-oine\/\",\"url\":\"https:\/\/sulin.ee\/en\/toode\/bambaw-korduvkasutatav-hugieeniside-oine\/\",\"name\":\"Korduvkasutatav h\u00fcgieeniside \u00f6ine - sulin.ee\",\"isPartOf\":{\"@id\":\"https:\/\/sulin.ee\/en\/#website\"},\"primaryImageOfPage\":{\"@id\":\"https:\/\/sulin.ee\/en\/toode\/bambaw-korduvkasutatav-hugieeniside-oine\/#primaryimage\"},\"image\":{\"@id\":\"https:\/\/sulin.ee\/en\/toode\/bambaw-korduvkasutatav-hugieeniside-oine\/#primaryimage\"},\"thumbnailUrl\":\"https:\/\/sulin.ee\/wp-content\/uploads\/2022\/09\/Packshot-Sanitary-Pad-Heavy-Flow-1.jpg\",\"datePublished\":\"2022-09-13T14:00:17+00:00\",\"dateModified\":\"2025-09-07T21:55:50+00:00\",\"breadcrumb\":{\"@id\":\"https:\/\/sulin.ee\/en\/toode\/bambaw-korduvkasutatav-hugieeniside-oine\/#breadcrumb\"},\"inLanguage\":\"en-US\",\"potentialAction\":[{\"@type\":\"ReadAction\",\"target\":[\"https:\/\/sulin.ee\/en\/toode\/bambaw-korduvkasutatav-hugieeniside-oine\/\"]}]},{\"@type\":\"ImageObject\",\"inLanguage\":\"en-US\",\"@id\":\"https:\/\/sulin.ee\/en\/toode\/bambaw-korduvkasutatav-hugieeniside-oine\/#primaryimage\",\"url\":\"https:\/\/sulin.ee\/wp-content\/uploads\/2022\/09\/Packshot-Sanitary-Pad-Heavy-Flow-1.jpg\",\"contentUrl\":\"https:\/\/sulin.ee\/wp-content\/uploads\/2022\/09\/Packshot-Sanitary-Pad-Heavy-Flow-1.jpg\",\"width\":800,\"height\":800},{\"@type\":\"BreadcrumbList\",\"@id\":\"https:\/\/sulin.ee\/en\/toode\/bambaw-korduvkasutatav-hugieeniside-oine\/#breadcrumb\",\"itemListElement\":[{\"@type\":\"ListItem\",\"position\":1,\"name\":\"Home\",\"item\":\"https:\/\/sulin.ee\/en\/\"},{\"@type\":\"ListItem\",\"position\":2,\"name\":\"Sulin.ee e-pood\",\"item\":\"https:\/\/sulin.ee\/shop\/\"},{\"@type\":\"ListItem\",\"position\":3,\"name\":\"Korduvkasutatav h\u00fcgieeniside \u00f6ine\"}]},{\"@type\":\"WebSite\",\"@id\":\"https:\/\/sulin.ee\/en\/#website\",\"url\":\"https:\/\/sulin.ee\/en\/\",\"name\":\"sulin.ee\",\"description\":\"\",\"publisher\":{\"@id\":\"https:\/\/sulin.ee\/en\/#organization\"},\"potentialAction\":[{\"@type\":\"SearchAction\",\"target\":{\"@type\":\"EntryPoint\",\"urlTemplate\":\"https:\/\/sulin.ee\/en\/?s={search_term_string}\"},\"query-input\":{\"@type\":\"PropertyValueSpecification\",\"valueRequired\":true,\"valueName\":\"search_term_string\"}}],\"inLanguage\":\"en-US\"},{\"@type\":\"Organization\",\"@id\":\"https:\/\/sulin.ee\/en\/#organization\",\"name\":\"SULIN TRADE O\u00dc\",\"url\":\"https:\/\/sulin.ee\/en\/\",\"logo\":{\"@type\":\"ImageObject\",\"inLanguage\":\"en-US\",\"@id\":\"https:\/\/sulin.ee\/en\/#\/schema\/logo\/image\/\",\"url\":\"https:\/\/sulin.ee\/wp-content\/uploads\/2022\/11\/sulin-logo.png\",\"contentUrl\":\"https:\/\/sulin.ee\/wp-content\/uploads\/2022\/11\/sulin-logo.png\",\"width\":871,\"height\":321,\"caption\":\"SULIN TRADE O\u00dc\"},\"image\":{\"@id\":\"https:\/\/sulin.ee\/en\/#\/schema\/logo\/image\/\"},\"sameAs\":[\"https:\/\/www.facebook.com\/www.sulin.ee\/\",\"https:\/\/www.instagram.com\/sulintrade\/\"]}]}<\/script>\n<!-- \/ Yoast SEO plugin. -->","yoast_head_json":{"title":"Korduvkasutatav h\u00fcgieeniside \u00f6ine - sulin.ee","robots":{"index":"index","follow":"follow","max-snippet":"max-snippet:-1","max-image-preview":"max-image-preview:large","max-video-preview":"max-video-preview:-1"},"canonical":"https:\/\/sulin.ee\/en\/toode\/bambaw-korduvkasutatav-hugieeniside-oine\/","og_locale":"en_US","og_type":"article","og_title":"Korduvkasutatav h\u00fcgieeniside \u00f6ine - sulin.ee","og_description":"Bambaw","og_url":"https:\/\/sulin.ee\/en\/toode\/bambaw-korduvkasutatav-hugieeniside-oine\/","og_site_name":"sulin.ee","article_publisher":"https:\/\/www.facebook.com\/www.sulin.ee\/","article_modified_time":"2025-09-07T21:55:50+00:00","og_image":[{"width":800,"height":800,"url":"https:\/\/sulin.ee\/wp-content\/uploads\/2022\/09\/Packshot-Sanitary-Pad-Heavy-Flow-1.jpg","type":"image\/jpeg"}],"twitter_card":"summary_large_image","twitter_misc":{"Est. reading time":"1 minute"},"schema":{"@context":"https:\/\/schema.org","@graph":[{"@type":"WebPage","@id":"https:\/\/sulin.ee\/en\/toode\/bambaw-korduvkasutatav-hugieeniside-oine\/","url":"https:\/\/sulin.ee\/en\/toode\/bambaw-korduvkasutatav-hugieeniside-oine\/","name":"Korduvkasutatav h\u00fcgieeniside \u00f6ine - sulin.ee","isPartOf":{"@id":"https:\/\/sulin.ee\/en\/#website"},"primaryImageOfPage":{"@id":"https:\/\/sulin.ee\/en\/toode\/bambaw-korduvkasutatav-hugieeniside-oine\/#primaryimage"},"image":{"@id":"https:\/\/sulin.ee\/en\/toode\/bambaw-korduvkasutatav-hugieeniside-oine\/#primaryimage"},"thumbnailUrl":"https:\/\/sulin.ee\/wp-content\/uploads\/2022\/09\/Packshot-Sanitary-Pad-Heavy-Flow-1.jpg","datePublished":"2022-09-13T14:00:17+00:00","dateModified":"2025-09-07T21:55:50+00:00","breadcrumb":{"@id":"https:\/\/sulin.ee\/en\/toode\/bambaw-korduvkasutatav-hugieeniside-oine\/#breadcrumb"},"inLanguage":"en-US","potentialAction":[{"@type":"ReadAction","target":["https:\/\/sulin.ee\/en\/toode\/bambaw-korduvkasutatav-hugieeniside-oine\/"]}]},{"@type":"ImageObject","inLanguage":"en-US","@id":"https:\/\/sulin.ee\/en\/toode\/bambaw-korduvkasutatav-hugieeniside-oine\/#primaryimage","url":"https:\/\/sulin.ee\/wp-content\/uploads\/2022\/09\/Packshot-Sanitary-Pad-Heavy-Flow-1.jpg","contentUrl":"https:\/\/sulin.ee\/wp-content\/uploads\/2022\/09\/Packshot-Sanitary-Pad-Heavy-Flow-1.jpg","width":800,"height":800},{"@type":"BreadcrumbList","@id":"https:\/\/sulin.ee\/en\/toode\/bambaw-korduvkasutatav-hugieeniside-oine\/#breadcrumb","itemListElement":[{"@type":"ListItem","position":1,"name":"Home","item":"https:\/\/sulin.ee\/en\/"},{"@type":"ListItem","position":2,"name":"Sulin.ee e-pood","item":"https:\/\/sulin.ee\/shop\/"},{"@type":"ListItem","position":3,"name":"Korduvkasutatav h\u00fcgieeniside \u00f6ine"}]},{"@type":"WebSite","@id":"https:\/\/sulin.ee\/en\/#website","url":"https:\/\/sulin.ee\/en\/","name":"sulin.ee","description":"","publisher":{"@id":"https:\/\/sulin.ee\/en\/#organization"},"potentialAction":[{"@type":"SearchAction","target":{"@type":"EntryPoint","urlTemplate":"https:\/\/sulin.ee\/en\/?s={search_term_string}"},"query-input":{"@type":"PropertyValueSpecification","valueRequired":true,"valueName":"search_term_string"}}],"inLanguage":"en-US"},{"@type":"Organization","@id":"https:\/\/sulin.ee\/en\/#organization","name":"SULIN TRADE O\u00dc","url":"https:\/\/sulin.ee\/en\/","logo":{"@type":"ImageObject","inLanguage":"en-US","@id":"https:\/\/sulin.ee\/en\/#\/schema\/logo\/image\/","url":"https:\/\/sulin.ee\/wp-content\/uploads\/2022\/11\/sulin-logo.png","contentUrl":"https:\/\/sulin.ee\/wp-content\/uploads\/2022\/11\/sulin-logo.png","width":871,"height":321,"caption":"SULIN TRADE O\u00dc"},"image":{"@id":"https:\/\/sulin.ee\/en\/#\/schema\/logo\/image\/"},"sameAs":["https:\/\/www.facebook.com\/www.sulin.ee\/","https:\/\/www.instagram.com\/sulintrade\/"]}]}},"builder_content":"","_links":{"self":[{"href":"https:\/\/sulin.ee\/en\/wp-json\/wp\/v2\/product\/90","targetHints":{"allow":["GET"]}}],"collection":[{"href":"https:\/\/sulin.ee\/en\/wp-json\/wp\/v2\/product"}],"about":[{"href":"https:\/\/sulin.ee\/en\/wp-json\/wp\/v2\/types\/product"}],"replies":[{"embeddable":true,"href":"https:\/\/sulin.ee\/en\/wp-json\/wp\/v2\/comments?post=90"}],"wp:featuredmedia":[{"embeddable":true,"href":"https:\/\/sulin.ee\/en\/wp-json\/wp\/v2\/media\/3131"}],"wp:attachment":[{"href":"https:\/\/sulin.ee\/en\/wp-json\/wp\/v2\/media?parent=90"}],"wp:term":[{"taxonomy":"product_brand","embeddable":true,"href":"https:\/\/sulin.ee\/en\/wp-json\/wp\/v2\/product_brand?post=90"},{"taxonomy":"product_cat","embeddable":true,"href":"https:\/\/sulin.ee\/en\/wp-json\/wp\/v2\/product_cat?post=90"},{"taxonomy":"product_tag","embeddable":true,"href":"https:\/\/sulin.ee\/en\/wp-json\/wp\/v2\/product_tag?post=90"}],"curies":[{"name":"wp","href":"https:\/\/api.w.org\/{rel}","templated":true}]}}