{"id":8976,"date":"2022-11-24T09:11:25","date_gmt":"2022-11-24T09:11:25","guid":{"rendered":"https:\/\/sulin.ee\/?post_type=product&#038;p=8976"},"modified":"2026-03-17T10:54:31","modified_gmt":"2026-03-17T10:54:31","slug":"jollein-kummiga-voodilina-jersey-60-x-120-cm","status":"publish","type":"product","link":"https:\/\/sulin.ee\/en\/toode\/jollein-kummiga-voodilina-jersey-60-x-120-cm\/","title":{"rendered":"Jollein kummiga voodilina Jersey 60 x 120 cm"},"content":{"rendered":"<p><strong>Voodilina on valmistatud pehmest Jersey puuvillast, mis on beebi naha vastas \u00f5rn ning ei aja higistama.<\/strong> Kummiga lina liibub vastu madratsit ning ei liigu paigast. Saadaval mahedates toonides, mis sobivad h\u00e4sti beebitoa interj\u00f6\u00f6riga.<\/p>\n<p>Sobib madratsile m\u00f5\u00f5tudega 60 x 120 cm.<\/p>\n","protected":false},"excerpt":{"rendered":"<p>Voodilina on valmistatud pehmest Jersey puuvillast, mis on beebi naha vastas \u00f5rn ning ei aja higistama. Kummiga lina liibub vastu madratsit ning ei liigu paigast. Saadaval mahedates toonides, mis sobivad h\u00e4sti beebitoa interj\u00f6\u00f6riga. Sobib madratsile m\u00f5\u00f5tudega 60 x 120 cm.<\/p>\n","protected":false},"featured_media":8985,"comment_status":"open","ping_status":"closed","template":"","meta":[],"product_brand":[],"product_cat":[807,185,776],"product_tag":[],"class_list":{"0":"post-8976","1":"product","2":"type-product","3":"status-publish","4":"has-post-thumbnail","6":"product_cat-linad","7":"product_cat-voodipesu-lastele","8":"product_cat-jollein-2","9":"has-post-title","10":"has-post-date","11":"has-post-category","12":"has-post-tag","13":"has-post-comment","14":"has-post-author","15":"","17":"first","18":"instock","19":"sale","20":"taxable","21":"shipping-taxable","22":"purchasable","23":"product-type-variable"},"yoast_head":"<!-- This site is optimized with the Yoast SEO plugin v26.8 - https:\/\/yoast.com\/product\/yoast-seo-wordpress\/ -->\n<title>Jollein kummiga voodilina Jersey 60 x 120 cm - sulin.ee<\/title>\n<meta name=\"robots\" content=\"index, follow, max-snippet:-1, max-image-preview:large, max-video-preview:-1\" \/>\n<link rel=\"canonical\" href=\"https:\/\/sulin.ee\/en\/toode\/jollein-kummiga-voodilina-jersey-60-x-120-cm\/\" \/>\n<meta property=\"og:locale\" content=\"en_US\" \/>\n<meta property=\"og:type\" content=\"article\" \/>\n<meta property=\"og:title\" content=\"Jollein kummiga voodilina Jersey 60 x 120 cm - sulin.ee\" \/>\n<meta property=\"og:description\" content=\"Voodilina on valmistatud pehmest Jersey puuvillast, mis on beebi naha vastas \u00f5rn ning ei aja higistama. Kummiga lina liibub vastu madratsit ning ei liigu paigast. Saadaval mahedates toonides, mis sobivad h\u00e4sti beebitoa interj\u00f6\u00f6riga. Sobib madratsile m\u00f5\u00f5tudega 60 x 120 cm.\" \/>\n<meta property=\"og:url\" content=\"https:\/\/sulin.ee\/en\/toode\/jollein-kummiga-voodilina-jersey-60-x-120-cm\/\" \/>\n<meta property=\"og:site_name\" content=\"sulin.ee\" \/>\n<meta property=\"article:publisher\" content=\"https:\/\/www.facebook.com\/www.sulin.ee\/\" \/>\n<meta property=\"article:modified_time\" content=\"2026-03-17T10:54:31+00:00\" \/>\n<meta property=\"og:image\" content=\"https:\/\/sulin.ee\/wp-content\/uploads\/2022\/11\/Soft-Grey-1.jpg\" \/>\n\t<meta property=\"og:image:width\" content=\"1920\" \/>\n\t<meta property=\"og:image:height\" content=\"1438\" \/>\n\t<meta property=\"og:image:type\" content=\"image\/jpeg\" \/>\n<meta name=\"twitter:card\" content=\"summary_large_image\" \/>\n<meta name=\"twitter:label1\" content=\"Est. reading time\" \/>\n\t<meta name=\"twitter:data1\" content=\"1 minute\" \/>\n<script type=\"application\/ld+json\" class=\"yoast-schema-graph\">{\"@context\":\"https:\/\/schema.org\",\"@graph\":[{\"@type\":\"WebPage\",\"@id\":\"https:\/\/sulin.ee\/en\/toode\/jollein-kummiga-voodilina-jersey-60-x-120-cm\/\",\"url\":\"https:\/\/sulin.ee\/en\/toode\/jollein-kummiga-voodilina-jersey-60-x-120-cm\/\",\"name\":\"Jollein kummiga voodilina Jersey 60 x 120 cm - sulin.ee\",\"isPartOf\":{\"@id\":\"https:\/\/sulin.ee\/en\/#website\"},\"primaryImageOfPage\":{\"@id\":\"https:\/\/sulin.ee\/en\/toode\/jollein-kummiga-voodilina-jersey-60-x-120-cm\/#primaryimage\"},\"image\":{\"@id\":\"https:\/\/sulin.ee\/en\/toode\/jollein-kummiga-voodilina-jersey-60-x-120-cm\/#primaryimage\"},\"thumbnailUrl\":\"https:\/\/sulin.ee\/wp-content\/uploads\/2022\/11\/Soft-Grey-1.jpg\",\"datePublished\":\"2022-11-24T09:11:25+00:00\",\"dateModified\":\"2026-03-17T10:54:31+00:00\",\"breadcrumb\":{\"@id\":\"https:\/\/sulin.ee\/en\/toode\/jollein-kummiga-voodilina-jersey-60-x-120-cm\/#breadcrumb\"},\"inLanguage\":\"en-US\",\"potentialAction\":[{\"@type\":\"ReadAction\",\"target\":[\"https:\/\/sulin.ee\/en\/toode\/jollein-kummiga-voodilina-jersey-60-x-120-cm\/\"]}]},{\"@type\":\"ImageObject\",\"inLanguage\":\"en-US\",\"@id\":\"https:\/\/sulin.ee\/en\/toode\/jollein-kummiga-voodilina-jersey-60-x-120-cm\/#primaryimage\",\"url\":\"https:\/\/sulin.ee\/wp-content\/uploads\/2022\/11\/Soft-Grey-1.jpg\",\"contentUrl\":\"https:\/\/sulin.ee\/wp-content\/uploads\/2022\/11\/Soft-Grey-1.jpg\",\"width\":1920,\"height\":1438,\"caption\":\"Jollein, hoeslaken\"},{\"@type\":\"BreadcrumbList\",\"@id\":\"https:\/\/sulin.ee\/en\/toode\/jollein-kummiga-voodilina-jersey-60-x-120-cm\/#breadcrumb\",\"itemListElement\":[{\"@type\":\"ListItem\",\"position\":1,\"name\":\"Home\",\"item\":\"https:\/\/sulin.ee\/en\/\"},{\"@type\":\"ListItem\",\"position\":2,\"name\":\"Sulin.ee e-pood\",\"item\":\"https:\/\/sulin.ee\/shop\/\"},{\"@type\":\"ListItem\",\"position\":3,\"name\":\"Jollein kummiga voodilina Jersey 60 x 120 cm\"}]},{\"@type\":\"WebSite\",\"@id\":\"https:\/\/sulin.ee\/en\/#website\",\"url\":\"https:\/\/sulin.ee\/en\/\",\"name\":\"sulin.ee\",\"description\":\"\",\"publisher\":{\"@id\":\"https:\/\/sulin.ee\/en\/#organization\"},\"potentialAction\":[{\"@type\":\"SearchAction\",\"target\":{\"@type\":\"EntryPoint\",\"urlTemplate\":\"https:\/\/sulin.ee\/en\/?s={search_term_string}\"},\"query-input\":{\"@type\":\"PropertyValueSpecification\",\"valueRequired\":true,\"valueName\":\"search_term_string\"}}],\"inLanguage\":\"en-US\"},{\"@type\":\"Organization\",\"@id\":\"https:\/\/sulin.ee\/en\/#organization\",\"name\":\"SULIN TRADE O\u00dc\",\"url\":\"https:\/\/sulin.ee\/en\/\",\"logo\":{\"@type\":\"ImageObject\",\"inLanguage\":\"en-US\",\"@id\":\"https:\/\/sulin.ee\/en\/#\/schema\/logo\/image\/\",\"url\":\"https:\/\/sulin.ee\/wp-content\/uploads\/2022\/11\/sulin-logo.png\",\"contentUrl\":\"https:\/\/sulin.ee\/wp-content\/uploads\/2022\/11\/sulin-logo.png\",\"width\":871,\"height\":321,\"caption\":\"SULIN TRADE O\u00dc\"},\"image\":{\"@id\":\"https:\/\/sulin.ee\/en\/#\/schema\/logo\/image\/\"},\"sameAs\":[\"https:\/\/www.facebook.com\/www.sulin.ee\/\",\"https:\/\/www.instagram.com\/sulintrade\/\"]}]}<\/script>\n<!-- \/ Yoast SEO plugin. -->","yoast_head_json":{"title":"Jollein kummiga voodilina Jersey 60 x 120 cm - sulin.ee","robots":{"index":"index","follow":"follow","max-snippet":"max-snippet:-1","max-image-preview":"max-image-preview:large","max-video-preview":"max-video-preview:-1"},"canonical":"https:\/\/sulin.ee\/en\/toode\/jollein-kummiga-voodilina-jersey-60-x-120-cm\/","og_locale":"en_US","og_type":"article","og_title":"Jollein kummiga voodilina Jersey 60 x 120 cm - sulin.ee","og_description":"Voodilina on valmistatud pehmest Jersey puuvillast, mis on beebi naha vastas \u00f5rn ning ei aja higistama. Kummiga lina liibub vastu madratsit ning ei liigu paigast. Saadaval mahedates toonides, mis sobivad h\u00e4sti beebitoa interj\u00f6\u00f6riga. Sobib madratsile m\u00f5\u00f5tudega 60 x 120 cm.","og_url":"https:\/\/sulin.ee\/en\/toode\/jollein-kummiga-voodilina-jersey-60-x-120-cm\/","og_site_name":"sulin.ee","article_publisher":"https:\/\/www.facebook.com\/www.sulin.ee\/","article_modified_time":"2026-03-17T10:54:31+00:00","og_image":[{"width":1920,"height":1438,"url":"https:\/\/sulin.ee\/wp-content\/uploads\/2022\/11\/Soft-Grey-1.jpg","type":"image\/jpeg"}],"twitter_card":"summary_large_image","twitter_misc":{"Est. reading time":"1 minute"},"schema":{"@context":"https:\/\/schema.org","@graph":[{"@type":"WebPage","@id":"https:\/\/sulin.ee\/en\/toode\/jollein-kummiga-voodilina-jersey-60-x-120-cm\/","url":"https:\/\/sulin.ee\/en\/toode\/jollein-kummiga-voodilina-jersey-60-x-120-cm\/","name":"Jollein kummiga voodilina Jersey 60 x 120 cm - sulin.ee","isPartOf":{"@id":"https:\/\/sulin.ee\/en\/#website"},"primaryImageOfPage":{"@id":"https:\/\/sulin.ee\/en\/toode\/jollein-kummiga-voodilina-jersey-60-x-120-cm\/#primaryimage"},"image":{"@id":"https:\/\/sulin.ee\/en\/toode\/jollein-kummiga-voodilina-jersey-60-x-120-cm\/#primaryimage"},"thumbnailUrl":"https:\/\/sulin.ee\/wp-content\/uploads\/2022\/11\/Soft-Grey-1.jpg","datePublished":"2022-11-24T09:11:25+00:00","dateModified":"2026-03-17T10:54:31+00:00","breadcrumb":{"@id":"https:\/\/sulin.ee\/en\/toode\/jollein-kummiga-voodilina-jersey-60-x-120-cm\/#breadcrumb"},"inLanguage":"en-US","potentialAction":[{"@type":"ReadAction","target":["https:\/\/sulin.ee\/en\/toode\/jollein-kummiga-voodilina-jersey-60-x-120-cm\/"]}]},{"@type":"ImageObject","inLanguage":"en-US","@id":"https:\/\/sulin.ee\/en\/toode\/jollein-kummiga-voodilina-jersey-60-x-120-cm\/#primaryimage","url":"https:\/\/sulin.ee\/wp-content\/uploads\/2022\/11\/Soft-Grey-1.jpg","contentUrl":"https:\/\/sulin.ee\/wp-content\/uploads\/2022\/11\/Soft-Grey-1.jpg","width":1920,"height":1438,"caption":"Jollein, hoeslaken"},{"@type":"BreadcrumbList","@id":"https:\/\/sulin.ee\/en\/toode\/jollein-kummiga-voodilina-jersey-60-x-120-cm\/#breadcrumb","itemListElement":[{"@type":"ListItem","position":1,"name":"Home","item":"https:\/\/sulin.ee\/en\/"},{"@type":"ListItem","position":2,"name":"Sulin.ee e-pood","item":"https:\/\/sulin.ee\/shop\/"},{"@type":"ListItem","position":3,"name":"Jollein kummiga voodilina Jersey 60 x 120 cm"}]},{"@type":"WebSite","@id":"https:\/\/sulin.ee\/en\/#website","url":"https:\/\/sulin.ee\/en\/","name":"sulin.ee","description":"","publisher":{"@id":"https:\/\/sulin.ee\/en\/#organization"},"potentialAction":[{"@type":"SearchAction","target":{"@type":"EntryPoint","urlTemplate":"https:\/\/sulin.ee\/en\/?s={search_term_string}"},"query-input":{"@type":"PropertyValueSpecification","valueRequired":true,"valueName":"search_term_string"}}],"inLanguage":"en-US"},{"@type":"Organization","@id":"https:\/\/sulin.ee\/en\/#organization","name":"SULIN TRADE O\u00dc","url":"https:\/\/sulin.ee\/en\/","logo":{"@type":"ImageObject","inLanguage":"en-US","@id":"https:\/\/sulin.ee\/en\/#\/schema\/logo\/image\/","url":"https:\/\/sulin.ee\/wp-content\/uploads\/2022\/11\/sulin-logo.png","contentUrl":"https:\/\/sulin.ee\/wp-content\/uploads\/2022\/11\/sulin-logo.png","width":871,"height":321,"caption":"SULIN TRADE O\u00dc"},"image":{"@id":"https:\/\/sulin.ee\/en\/#\/schema\/logo\/image\/"},"sameAs":["https:\/\/www.facebook.com\/www.sulin.ee\/","https:\/\/www.instagram.com\/sulintrade\/"]}]}},"builder_content":"","_links":{"self":[{"href":"https:\/\/sulin.ee\/en\/wp-json\/wp\/v2\/product\/8976","targetHints":{"allow":["GET"]}}],"collection":[{"href":"https:\/\/sulin.ee\/en\/wp-json\/wp\/v2\/product"}],"about":[{"href":"https:\/\/sulin.ee\/en\/wp-json\/wp\/v2\/types\/product"}],"replies":[{"embeddable":true,"href":"https:\/\/sulin.ee\/en\/wp-json\/wp\/v2\/comments?post=8976"}],"wp:featuredmedia":[{"embeddable":true,"href":"https:\/\/sulin.ee\/en\/wp-json\/wp\/v2\/media\/8985"}],"wp:attachment":[{"href":"https:\/\/sulin.ee\/en\/wp-json\/wp\/v2\/media?parent=8976"}],"wp:term":[{"taxonomy":"product_brand","embeddable":true,"href":"https:\/\/sulin.ee\/en\/wp-json\/wp\/v2\/product_brand?post=8976"},{"taxonomy":"product_cat","embeddable":true,"href":"https:\/\/sulin.ee\/en\/wp-json\/wp\/v2\/product_cat?post=8976"},{"taxonomy":"product_tag","embeddable":true,"href":"https:\/\/sulin.ee\/en\/wp-json\/wp\/v2\/product_tag?post=8976"}],"curies":[{"name":"wp","href":"https:\/\/api.w.org\/{rel}","templated":true}]}}