{"id":8891,"date":"2022-11-23T17:12:43","date_gmt":"2022-11-23T17:12:43","guid":{"rendered":"https:\/\/sulin.ee\/?post_type=product&#038;p=8891"},"modified":"2025-09-07T21:57:18","modified_gmt":"2025-09-07T21:57:18","slug":"jollein-varrukatega-veekindel-poll-pear","status":"publish","type":"product","link":"https:\/\/sulin.ee\/en\/toode\/jollein-varrukatega-veekindel-poll-pear\/","title":{"rendered":"Jollein varrukatega veekindel p\u00f5ll Pear"},"content":{"rendered":"<p><strong>See varrukatega veekindel p\u00f5ll on \u00fcks hea abivahend vanematele, et nende uudishimulikud v\u00f5sukesed saaksid rahus \u00f5ppida ja katsetada. S\u00fc\u00fces juhtub ikka, et lapsel miskit pudeneb, eriti kui ta alles harjutab iseseisvat s\u00f6\u00f6mist. Veekindla p\u00f5lle k\u00fcljes on selle jaoks mugav tasku, mis k\u00f5ik pudi kinni p\u00fc\u00fcab. <\/strong><\/p>\n<p>Su lapsele meeldib meisterdada ja v\u00e4rvida nii, et k\u00f5ik tema riided saavad mustaks? Veekindla p\u00f5llega saad lasta lapsel rahus toimetada. See ei lase vedelikke l\u00e4bi ja hoiab riided puhtana. P\u00f5lle k\u00fcljes oleva takjakinnise abil saad selle seljatagant kinni panna, nii on see ilusti paigal.<\/p>\n<p>Sobib lastele vanuses kuni 2 aastat.<\/p>\n","protected":false},"excerpt":{"rendered":"<p>See varrukatega veekindel p\u00f5ll on \u00fcks hea abivahend vanematele, et nende uudishimulikud v\u00f5sukesed saaksid rahus \u00f5ppida ja katsetada. S\u00fc\u00fces juhtub ikka, et lapsel miskit pudeneb, eriti kui ta alles harjutab iseseisvat s\u00f6\u00f6mist. Veekindla p\u00f5lle k\u00fcljes on selle jaoks mugav tasku, mis k\u00f5ik pudi kinni p\u00fc\u00fcab. Su lapsele meeldib meisterdada ja v\u00e4rvida nii, et k\u00f5ik tema [&hellip;]<\/p>\n","protected":false},"featured_media":8896,"comment_status":"open","ping_status":"closed","template":"","meta":[],"product_brand":[],"product_cat":[488,177,776],"product_tag":[],"class_list":{"0":"post-8891","1":"product","2":"type-product","3":"status-publish","4":"has-post-thumbnail","6":"product_cat-pudipolled","7":"product_cat-polled","8":"product_cat-jollein-2","9":"has-post-title","10":"has-post-date","11":"has-post-category","12":"has-post-tag","13":"has-post-comment","14":"has-post-author","15":"","17":"first","18":"outofstock","19":"sale","20":"taxable","21":"shipping-taxable","22":"purchasable","23":"product-type-simple"},"yoast_head":"<!-- This site is optimized with the Yoast SEO plugin v26.8 - https:\/\/yoast.com\/product\/yoast-seo-wordpress\/ -->\n<title>Jollein varrukatega veekindel p\u00f5ll Pear - sulin.ee<\/title>\n<meta name=\"description\" content=\"Jollein varrukatega veekindel p\u00f5ll on hea abivahend vanematele, et nende uudishimulikud v\u00f5sukesed saaksid rahus \u00f5ppida ja katsetada.\" \/>\n<meta name=\"robots\" content=\"index, follow, max-snippet:-1, max-image-preview:large, max-video-preview:-1\" \/>\n<link rel=\"canonical\" href=\"https:\/\/sulin.ee\/en\/toode\/jollein-varrukatega-veekindel-poll-pear\/\" \/>\n<meta property=\"og:locale\" content=\"en_US\" \/>\n<meta property=\"og:type\" content=\"article\" \/>\n<meta property=\"og:title\" content=\"Jollein varrukatega veekindel p\u00f5ll Pear - sulin.ee\" \/>\n<meta property=\"og:description\" content=\"Jollein varrukatega veekindel p\u00f5ll on hea abivahend vanematele, et nende uudishimulikud v\u00f5sukesed saaksid rahus \u00f5ppida ja katsetada.\" \/>\n<meta property=\"og:url\" content=\"https:\/\/sulin.ee\/en\/toode\/jollein-varrukatega-veekindel-poll-pear\/\" \/>\n<meta property=\"og:site_name\" content=\"sulin.ee\" \/>\n<meta property=\"article:publisher\" content=\"https:\/\/www.facebook.com\/www.sulin.ee\/\" \/>\n<meta property=\"article:modified_time\" content=\"2025-09-07T21:57:18+00:00\" \/>\n<meta property=\"og:image\" content=\"https:\/\/sulin.ee\/wp-content\/uploads\/2022\/11\/Pear.jpg\" \/>\n\t<meta property=\"og:image:width\" content=\"1920\" \/>\n\t<meta property=\"og:image:height\" content=\"1440\" \/>\n\t<meta property=\"og:image:type\" content=\"image\/jpeg\" \/>\n<meta name=\"twitter:card\" content=\"summary_large_image\" \/>\n<meta name=\"twitter:label1\" content=\"Est. reading time\" \/>\n\t<meta name=\"twitter:data1\" content=\"1 minute\" \/>\n<script type=\"application\/ld+json\" class=\"yoast-schema-graph\">{\"@context\":\"https:\/\/schema.org\",\"@graph\":[{\"@type\":\"WebPage\",\"@id\":\"https:\/\/sulin.ee\/en\/toode\/jollein-varrukatega-veekindel-poll-pear\/\",\"url\":\"https:\/\/sulin.ee\/en\/toode\/jollein-varrukatega-veekindel-poll-pear\/\",\"name\":\"Jollein varrukatega veekindel p\u00f5ll Pear - sulin.ee\",\"isPartOf\":{\"@id\":\"https:\/\/sulin.ee\/en\/#website\"},\"primaryImageOfPage\":{\"@id\":\"https:\/\/sulin.ee\/en\/toode\/jollein-varrukatega-veekindel-poll-pear\/#primaryimage\"},\"image\":{\"@id\":\"https:\/\/sulin.ee\/en\/toode\/jollein-varrukatega-veekindel-poll-pear\/#primaryimage\"},\"thumbnailUrl\":\"https:\/\/sulin.ee\/wp-content\/uploads\/2022\/11\/Pear.jpg\",\"datePublished\":\"2022-11-23T17:12:43+00:00\",\"dateModified\":\"2025-09-07T21:57:18+00:00\",\"description\":\"Jollein varrukatega veekindel p\u00f5ll on hea abivahend vanematele, et nende uudishimulikud v\u00f5sukesed saaksid rahus \u00f5ppida ja katsetada.\",\"breadcrumb\":{\"@id\":\"https:\/\/sulin.ee\/en\/toode\/jollein-varrukatega-veekindel-poll-pear\/#breadcrumb\"},\"inLanguage\":\"en-US\",\"potentialAction\":[{\"@type\":\"ReadAction\",\"target\":[\"https:\/\/sulin.ee\/en\/toode\/jollein-varrukatega-veekindel-poll-pear\/\"]}]},{\"@type\":\"ImageObject\",\"inLanguage\":\"en-US\",\"@id\":\"https:\/\/sulin.ee\/en\/toode\/jollein-varrukatega-veekindel-poll-pear\/#primaryimage\",\"url\":\"https:\/\/sulin.ee\/wp-content\/uploads\/2022\/11\/Pear.jpg\",\"contentUrl\":\"https:\/\/sulin.ee\/wp-content\/uploads\/2022\/11\/Pear.jpg\",\"width\":1920,\"height\":1440,\"caption\":\"Jollein, slabbetje\"},{\"@type\":\"BreadcrumbList\",\"@id\":\"https:\/\/sulin.ee\/en\/toode\/jollein-varrukatega-veekindel-poll-pear\/#breadcrumb\",\"itemListElement\":[{\"@type\":\"ListItem\",\"position\":1,\"name\":\"Home\",\"item\":\"https:\/\/sulin.ee\/en\/\"},{\"@type\":\"ListItem\",\"position\":2,\"name\":\"Sulin.ee e-pood\",\"item\":\"https:\/\/sulin.ee\/shop\/\"},{\"@type\":\"ListItem\",\"position\":3,\"name\":\"Jollein varrukatega veekindel p\u00f5ll Pear\"}]},{\"@type\":\"WebSite\",\"@id\":\"https:\/\/sulin.ee\/en\/#website\",\"url\":\"https:\/\/sulin.ee\/en\/\",\"name\":\"sulin.ee\",\"description\":\"\",\"publisher\":{\"@id\":\"https:\/\/sulin.ee\/en\/#organization\"},\"potentialAction\":[{\"@type\":\"SearchAction\",\"target\":{\"@type\":\"EntryPoint\",\"urlTemplate\":\"https:\/\/sulin.ee\/en\/?s={search_term_string}\"},\"query-input\":{\"@type\":\"PropertyValueSpecification\",\"valueRequired\":true,\"valueName\":\"search_term_string\"}}],\"inLanguage\":\"en-US\"},{\"@type\":\"Organization\",\"@id\":\"https:\/\/sulin.ee\/en\/#organization\",\"name\":\"SULIN TRADE O\u00dc\",\"url\":\"https:\/\/sulin.ee\/en\/\",\"logo\":{\"@type\":\"ImageObject\",\"inLanguage\":\"en-US\",\"@id\":\"https:\/\/sulin.ee\/en\/#\/schema\/logo\/image\/\",\"url\":\"https:\/\/sulin.ee\/wp-content\/uploads\/2022\/11\/sulin-logo.png\",\"contentUrl\":\"https:\/\/sulin.ee\/wp-content\/uploads\/2022\/11\/sulin-logo.png\",\"width\":871,\"height\":321,\"caption\":\"SULIN TRADE O\u00dc\"},\"image\":{\"@id\":\"https:\/\/sulin.ee\/en\/#\/schema\/logo\/image\/\"},\"sameAs\":[\"https:\/\/www.facebook.com\/www.sulin.ee\/\",\"https:\/\/www.instagram.com\/sulintrade\/\"]}]}<\/script>\n<!-- \/ Yoast SEO plugin. -->","yoast_head_json":{"title":"Jollein varrukatega veekindel p\u00f5ll Pear - sulin.ee","description":"Jollein varrukatega veekindel p\u00f5ll on hea abivahend vanematele, et nende uudishimulikud v\u00f5sukesed saaksid rahus \u00f5ppida ja katsetada.","robots":{"index":"index","follow":"follow","max-snippet":"max-snippet:-1","max-image-preview":"max-image-preview:large","max-video-preview":"max-video-preview:-1"},"canonical":"https:\/\/sulin.ee\/en\/toode\/jollein-varrukatega-veekindel-poll-pear\/","og_locale":"en_US","og_type":"article","og_title":"Jollein varrukatega veekindel p\u00f5ll Pear - sulin.ee","og_description":"Jollein varrukatega veekindel p\u00f5ll on hea abivahend vanematele, et nende uudishimulikud v\u00f5sukesed saaksid rahus \u00f5ppida ja katsetada.","og_url":"https:\/\/sulin.ee\/en\/toode\/jollein-varrukatega-veekindel-poll-pear\/","og_site_name":"sulin.ee","article_publisher":"https:\/\/www.facebook.com\/www.sulin.ee\/","article_modified_time":"2025-09-07T21:57:18+00:00","og_image":[{"width":1920,"height":1440,"url":"https:\/\/sulin.ee\/wp-content\/uploads\/2022\/11\/Pear.jpg","type":"image\/jpeg"}],"twitter_card":"summary_large_image","twitter_misc":{"Est. reading time":"1 minute"},"schema":{"@context":"https:\/\/schema.org","@graph":[{"@type":"WebPage","@id":"https:\/\/sulin.ee\/en\/toode\/jollein-varrukatega-veekindel-poll-pear\/","url":"https:\/\/sulin.ee\/en\/toode\/jollein-varrukatega-veekindel-poll-pear\/","name":"Jollein varrukatega veekindel p\u00f5ll Pear - sulin.ee","isPartOf":{"@id":"https:\/\/sulin.ee\/en\/#website"},"primaryImageOfPage":{"@id":"https:\/\/sulin.ee\/en\/toode\/jollein-varrukatega-veekindel-poll-pear\/#primaryimage"},"image":{"@id":"https:\/\/sulin.ee\/en\/toode\/jollein-varrukatega-veekindel-poll-pear\/#primaryimage"},"thumbnailUrl":"https:\/\/sulin.ee\/wp-content\/uploads\/2022\/11\/Pear.jpg","datePublished":"2022-11-23T17:12:43+00:00","dateModified":"2025-09-07T21:57:18+00:00","description":"Jollein varrukatega veekindel p\u00f5ll on hea abivahend vanematele, et nende uudishimulikud v\u00f5sukesed saaksid rahus \u00f5ppida ja katsetada.","breadcrumb":{"@id":"https:\/\/sulin.ee\/en\/toode\/jollein-varrukatega-veekindel-poll-pear\/#breadcrumb"},"inLanguage":"en-US","potentialAction":[{"@type":"ReadAction","target":["https:\/\/sulin.ee\/en\/toode\/jollein-varrukatega-veekindel-poll-pear\/"]}]},{"@type":"ImageObject","inLanguage":"en-US","@id":"https:\/\/sulin.ee\/en\/toode\/jollein-varrukatega-veekindel-poll-pear\/#primaryimage","url":"https:\/\/sulin.ee\/wp-content\/uploads\/2022\/11\/Pear.jpg","contentUrl":"https:\/\/sulin.ee\/wp-content\/uploads\/2022\/11\/Pear.jpg","width":1920,"height":1440,"caption":"Jollein, slabbetje"},{"@type":"BreadcrumbList","@id":"https:\/\/sulin.ee\/en\/toode\/jollein-varrukatega-veekindel-poll-pear\/#breadcrumb","itemListElement":[{"@type":"ListItem","position":1,"name":"Home","item":"https:\/\/sulin.ee\/en\/"},{"@type":"ListItem","position":2,"name":"Sulin.ee e-pood","item":"https:\/\/sulin.ee\/shop\/"},{"@type":"ListItem","position":3,"name":"Jollein varrukatega veekindel p\u00f5ll Pear"}]},{"@type":"WebSite","@id":"https:\/\/sulin.ee\/en\/#website","url":"https:\/\/sulin.ee\/en\/","name":"sulin.ee","description":"","publisher":{"@id":"https:\/\/sulin.ee\/en\/#organization"},"potentialAction":[{"@type":"SearchAction","target":{"@type":"EntryPoint","urlTemplate":"https:\/\/sulin.ee\/en\/?s={search_term_string}"},"query-input":{"@type":"PropertyValueSpecification","valueRequired":true,"valueName":"search_term_string"}}],"inLanguage":"en-US"},{"@type":"Organization","@id":"https:\/\/sulin.ee\/en\/#organization","name":"SULIN TRADE O\u00dc","url":"https:\/\/sulin.ee\/en\/","logo":{"@type":"ImageObject","inLanguage":"en-US","@id":"https:\/\/sulin.ee\/en\/#\/schema\/logo\/image\/","url":"https:\/\/sulin.ee\/wp-content\/uploads\/2022\/11\/sulin-logo.png","contentUrl":"https:\/\/sulin.ee\/wp-content\/uploads\/2022\/11\/sulin-logo.png","width":871,"height":321,"caption":"SULIN TRADE O\u00dc"},"image":{"@id":"https:\/\/sulin.ee\/en\/#\/schema\/logo\/image\/"},"sameAs":["https:\/\/www.facebook.com\/www.sulin.ee\/","https:\/\/www.instagram.com\/sulintrade\/"]}]}},"builder_content":"","_links":{"self":[{"href":"https:\/\/sulin.ee\/en\/wp-json\/wp\/v2\/product\/8891","targetHints":{"allow":["GET"]}}],"collection":[{"href":"https:\/\/sulin.ee\/en\/wp-json\/wp\/v2\/product"}],"about":[{"href":"https:\/\/sulin.ee\/en\/wp-json\/wp\/v2\/types\/product"}],"replies":[{"embeddable":true,"href":"https:\/\/sulin.ee\/en\/wp-json\/wp\/v2\/comments?post=8891"}],"wp:featuredmedia":[{"embeddable":true,"href":"https:\/\/sulin.ee\/en\/wp-json\/wp\/v2\/media\/8896"}],"wp:attachment":[{"href":"https:\/\/sulin.ee\/en\/wp-json\/wp\/v2\/media?parent=8891"}],"wp:term":[{"taxonomy":"product_brand","embeddable":true,"href":"https:\/\/sulin.ee\/en\/wp-json\/wp\/v2\/product_brand?post=8891"},{"taxonomy":"product_cat","embeddable":true,"href":"https:\/\/sulin.ee\/en\/wp-json\/wp\/v2\/product_cat?post=8891"},{"taxonomy":"product_tag","embeddable":true,"href":"https:\/\/sulin.ee\/en\/wp-json\/wp\/v2\/product_tag?post=8891"}],"curies":[{"name":"wp","href":"https:\/\/api.w.org\/{rel}","templated":true}]}}