{"id":8835,"date":"2022-11-23T15:57:14","date_gmt":"2022-11-23T15:57:14","guid":{"rendered":"https:\/\/sulin.ee\/?post_type=product&#038;p=8835"},"modified":"2025-09-07T21:57:19","modified_gmt":"2025-09-07T21:57:19","slug":"jollein-silikoonist-poll","status":"publish","type":"product","link":"https:\/\/sulin.ee\/en\/toode\/jollein-silikoonist-poll\/","title":{"rendered":"Jollein silikoonist pudip\u00f5ll"},"content":{"rendered":"<p><strong>Jollein silikoonist pudip\u00f5ll on praktiline abivahend, mis hoiab riided puhtana, kui laps alles \u00f5pib iseseisvalt s\u00f6\u00f6ma.<\/strong><\/p>\n<p>S\u00fc\u00fces juhtub ikka, et lapsel miskit pudeneb, eriti kui ta alles harjutab iseseisvat s\u00f6\u00f6mist. Silikoonist p\u00f5lle k\u00fcljes on selle jaoks mugav tasku, mis k\u00f5ik pudi kinni p\u00fc\u00fcab. Vaata toodet tutvustavat videot <a href=\"https:\/\/www.youtube.com\/watch?v=hQUwSXLTTxI\" target=\"_blank\" rel=\"noopener\">siit<\/a>.<\/p>\n<p>Mustaks saanud p\u00f5lle saab mugavalt n\u00f5udepesumasinas puhtaks pesta ning siis taas kasutusse v\u00f5tta.<\/p>\n<p><strong>Silikoonist p\u00f5ll on 100% BPA, PVC ja ftalaatidevaba.<\/strong><\/p>\n<p>Vaata ka beebile m\u00f5eldud s\u00f6\u00f6gin\u00f5usid <a href=\"https:\/\/sulin.ee\/tootekategooria\/beebile\/toitmine\/beebi-sooginoud\/\" target=\"_blank\" rel=\"noopener\">siit<\/a>.<\/p>\n","protected":false},"excerpt":{"rendered":"<p>Jollein silikoonist pudip\u00f5ll on praktiline abivahend, mis hoiab riided puhtana, kui laps alles \u00f5pib iseseisvalt s\u00f6\u00f6ma. S\u00fc\u00fces juhtub ikka, et lapsel miskit pudeneb, eriti kui ta alles harjutab iseseisvat s\u00f6\u00f6mist. Silikoonist p\u00f5lle k\u00fcljes on selle jaoks mugav tasku, mis k\u00f5ik pudi kinni p\u00fc\u00fcab. Vaata toodet tutvustavat videot siit. Mustaks saanud p\u00f5lle saab mugavalt n\u00f5udepesumasinas puhtaks [&hellip;]<\/p>\n","protected":false},"featured_media":8854,"comment_status":"open","ping_status":"closed","template":"","meta":[],"product_brand":[],"product_cat":[488,177,776],"product_tag":[],"class_list":{"0":"post-8835","1":"product","2":"type-product","3":"status-publish","4":"has-post-thumbnail","6":"product_cat-pudipolled","7":"product_cat-polled","8":"product_cat-jollein-2","9":"has-post-title","10":"has-post-date","11":"has-post-category","12":"has-post-tag","13":"has-post-comment","14":"has-post-author","15":"","17":"first","18":"instock","19":"sale","20":"taxable","21":"shipping-taxable","22":"purchasable","23":"product-type-variable"},"yoast_head":"<!-- This site is optimized with the Yoast SEO plugin v26.8 - https:\/\/yoast.com\/product\/yoast-seo-wordpress\/ -->\n<title>Jollein silikoonist pudip\u00f5ll - sulin.ee<\/title>\n<meta name=\"description\" content=\"Jollein silikoonist pudip\u00f5ll on praktiline abivahend, mis hoiab riided puhtana, kui laps alles \u00f5pib iseseisvalt s\u00f6\u00f6ma. P\u00f5llel on mugav tasku.\" \/>\n<meta name=\"robots\" content=\"index, follow, max-snippet:-1, max-image-preview:large, max-video-preview:-1\" \/>\n<link rel=\"canonical\" href=\"https:\/\/sulin.ee\/en\/toode\/jollein-silikoonist-poll\/\" \/>\n<meta property=\"og:locale\" content=\"en_US\" \/>\n<meta property=\"og:type\" content=\"article\" \/>\n<meta property=\"og:title\" content=\"Jollein silikoonist pudip\u00f5ll - sulin.ee\" \/>\n<meta property=\"og:description\" content=\"Jollein silikoonist pudip\u00f5ll on praktiline abivahend, mis hoiab riided puhtana, kui laps alles \u00f5pib iseseisvalt s\u00f6\u00f6ma. P\u00f5llel on mugav tasku.\" \/>\n<meta property=\"og:url\" content=\"https:\/\/sulin.ee\/en\/toode\/jollein-silikoonist-poll\/\" \/>\n<meta property=\"og:site_name\" content=\"sulin.ee\" \/>\n<meta property=\"article:publisher\" content=\"https:\/\/www.facebook.com\/www.sulin.ee\/\" \/>\n<meta property=\"article:modified_time\" content=\"2025-09-07T21:57:19+00:00\" \/>\n<meta property=\"og:image\" content=\"https:\/\/sulin.ee\/wp-content\/uploads\/2022\/11\/JolleinKids1520.jpg\" \/>\n\t<meta property=\"og:image:width\" content=\"1920\" \/>\n\t<meta property=\"og:image:height\" content=\"1280\" \/>\n\t<meta property=\"og:image:type\" content=\"image\/jpeg\" \/>\n<meta name=\"twitter:card\" content=\"summary_large_image\" \/>\n<meta name=\"twitter:label1\" content=\"Est. reading time\" \/>\n\t<meta name=\"twitter:data1\" content=\"1 minute\" \/>\n<script type=\"application\/ld+json\" class=\"yoast-schema-graph\">{\"@context\":\"https:\/\/schema.org\",\"@graph\":[{\"@type\":\"WebPage\",\"@id\":\"https:\/\/sulin.ee\/en\/toode\/jollein-silikoonist-poll\/\",\"url\":\"https:\/\/sulin.ee\/en\/toode\/jollein-silikoonist-poll\/\",\"name\":\"Jollein silikoonist pudip\u00f5ll - sulin.ee\",\"isPartOf\":{\"@id\":\"https:\/\/sulin.ee\/en\/#website\"},\"primaryImageOfPage\":{\"@id\":\"https:\/\/sulin.ee\/en\/toode\/jollein-silikoonist-poll\/#primaryimage\"},\"image\":{\"@id\":\"https:\/\/sulin.ee\/en\/toode\/jollein-silikoonist-poll\/#primaryimage\"},\"thumbnailUrl\":\"https:\/\/sulin.ee\/wp-content\/uploads\/2022\/11\/JolleinKids1520.jpg\",\"datePublished\":\"2022-11-23T15:57:14+00:00\",\"dateModified\":\"2025-09-07T21:57:19+00:00\",\"description\":\"Jollein silikoonist pudip\u00f5ll on praktiline abivahend, mis hoiab riided puhtana, kui laps alles \u00f5pib iseseisvalt s\u00f6\u00f6ma. P\u00f5llel on mugav tasku.\",\"breadcrumb\":{\"@id\":\"https:\/\/sulin.ee\/en\/toode\/jollein-silikoonist-poll\/#breadcrumb\"},\"inLanguage\":\"en-US\",\"potentialAction\":[{\"@type\":\"ReadAction\",\"target\":[\"https:\/\/sulin.ee\/en\/toode\/jollein-silikoonist-poll\/\"]}]},{\"@type\":\"ImageObject\",\"inLanguage\":\"en-US\",\"@id\":\"https:\/\/sulin.ee\/en\/toode\/jollein-silikoonist-poll\/#primaryimage\",\"url\":\"https:\/\/sulin.ee\/wp-content\/uploads\/2022\/11\/JolleinKids1520.jpg\",\"contentUrl\":\"https:\/\/sulin.ee\/wp-content\/uploads\/2022\/11\/JolleinKids1520.jpg\",\"width\":1920,\"height\":1280,\"caption\":\"Jollein silikoonist pudip\u00f5ll\"},{\"@type\":\"BreadcrumbList\",\"@id\":\"https:\/\/sulin.ee\/en\/toode\/jollein-silikoonist-poll\/#breadcrumb\",\"itemListElement\":[{\"@type\":\"ListItem\",\"position\":1,\"name\":\"Home\",\"item\":\"https:\/\/sulin.ee\/en\/\"},{\"@type\":\"ListItem\",\"position\":2,\"name\":\"Sulin.ee e-pood\",\"item\":\"https:\/\/sulin.ee\/shop\/\"},{\"@type\":\"ListItem\",\"position\":3,\"name\":\"Jollein silikoonist pudip\u00f5ll\"}]},{\"@type\":\"WebSite\",\"@id\":\"https:\/\/sulin.ee\/en\/#website\",\"url\":\"https:\/\/sulin.ee\/en\/\",\"name\":\"sulin.ee\",\"description\":\"\",\"publisher\":{\"@id\":\"https:\/\/sulin.ee\/en\/#organization\"},\"potentialAction\":[{\"@type\":\"SearchAction\",\"target\":{\"@type\":\"EntryPoint\",\"urlTemplate\":\"https:\/\/sulin.ee\/en\/?s={search_term_string}\"},\"query-input\":{\"@type\":\"PropertyValueSpecification\",\"valueRequired\":true,\"valueName\":\"search_term_string\"}}],\"inLanguage\":\"en-US\"},{\"@type\":\"Organization\",\"@id\":\"https:\/\/sulin.ee\/en\/#organization\",\"name\":\"SULIN TRADE O\u00dc\",\"url\":\"https:\/\/sulin.ee\/en\/\",\"logo\":{\"@type\":\"ImageObject\",\"inLanguage\":\"en-US\",\"@id\":\"https:\/\/sulin.ee\/en\/#\/schema\/logo\/image\/\",\"url\":\"https:\/\/sulin.ee\/wp-content\/uploads\/2022\/11\/sulin-logo.png\",\"contentUrl\":\"https:\/\/sulin.ee\/wp-content\/uploads\/2022\/11\/sulin-logo.png\",\"width\":871,\"height\":321,\"caption\":\"SULIN TRADE O\u00dc\"},\"image\":{\"@id\":\"https:\/\/sulin.ee\/en\/#\/schema\/logo\/image\/\"},\"sameAs\":[\"https:\/\/www.facebook.com\/www.sulin.ee\/\",\"https:\/\/www.instagram.com\/sulintrade\/\"]}]}<\/script>\n<!-- \/ Yoast SEO plugin. -->","yoast_head_json":{"title":"Jollein silikoonist pudip\u00f5ll - sulin.ee","description":"Jollein silikoonist pudip\u00f5ll on praktiline abivahend, mis hoiab riided puhtana, kui laps alles \u00f5pib iseseisvalt s\u00f6\u00f6ma. P\u00f5llel on mugav tasku.","robots":{"index":"index","follow":"follow","max-snippet":"max-snippet:-1","max-image-preview":"max-image-preview:large","max-video-preview":"max-video-preview:-1"},"canonical":"https:\/\/sulin.ee\/en\/toode\/jollein-silikoonist-poll\/","og_locale":"en_US","og_type":"article","og_title":"Jollein silikoonist pudip\u00f5ll - sulin.ee","og_description":"Jollein silikoonist pudip\u00f5ll on praktiline abivahend, mis hoiab riided puhtana, kui laps alles \u00f5pib iseseisvalt s\u00f6\u00f6ma. P\u00f5llel on mugav tasku.","og_url":"https:\/\/sulin.ee\/en\/toode\/jollein-silikoonist-poll\/","og_site_name":"sulin.ee","article_publisher":"https:\/\/www.facebook.com\/www.sulin.ee\/","article_modified_time":"2025-09-07T21:57:19+00:00","og_image":[{"width":1920,"height":1280,"url":"https:\/\/sulin.ee\/wp-content\/uploads\/2022\/11\/JolleinKids1520.jpg","type":"image\/jpeg"}],"twitter_card":"summary_large_image","twitter_misc":{"Est. reading time":"1 minute"},"schema":{"@context":"https:\/\/schema.org","@graph":[{"@type":"WebPage","@id":"https:\/\/sulin.ee\/en\/toode\/jollein-silikoonist-poll\/","url":"https:\/\/sulin.ee\/en\/toode\/jollein-silikoonist-poll\/","name":"Jollein silikoonist pudip\u00f5ll - sulin.ee","isPartOf":{"@id":"https:\/\/sulin.ee\/en\/#website"},"primaryImageOfPage":{"@id":"https:\/\/sulin.ee\/en\/toode\/jollein-silikoonist-poll\/#primaryimage"},"image":{"@id":"https:\/\/sulin.ee\/en\/toode\/jollein-silikoonist-poll\/#primaryimage"},"thumbnailUrl":"https:\/\/sulin.ee\/wp-content\/uploads\/2022\/11\/JolleinKids1520.jpg","datePublished":"2022-11-23T15:57:14+00:00","dateModified":"2025-09-07T21:57:19+00:00","description":"Jollein silikoonist pudip\u00f5ll on praktiline abivahend, mis hoiab riided puhtana, kui laps alles \u00f5pib iseseisvalt s\u00f6\u00f6ma. P\u00f5llel on mugav tasku.","breadcrumb":{"@id":"https:\/\/sulin.ee\/en\/toode\/jollein-silikoonist-poll\/#breadcrumb"},"inLanguage":"en-US","potentialAction":[{"@type":"ReadAction","target":["https:\/\/sulin.ee\/en\/toode\/jollein-silikoonist-poll\/"]}]},{"@type":"ImageObject","inLanguage":"en-US","@id":"https:\/\/sulin.ee\/en\/toode\/jollein-silikoonist-poll\/#primaryimage","url":"https:\/\/sulin.ee\/wp-content\/uploads\/2022\/11\/JolleinKids1520.jpg","contentUrl":"https:\/\/sulin.ee\/wp-content\/uploads\/2022\/11\/JolleinKids1520.jpg","width":1920,"height":1280,"caption":"Jollein silikoonist pudip\u00f5ll"},{"@type":"BreadcrumbList","@id":"https:\/\/sulin.ee\/en\/toode\/jollein-silikoonist-poll\/#breadcrumb","itemListElement":[{"@type":"ListItem","position":1,"name":"Home","item":"https:\/\/sulin.ee\/en\/"},{"@type":"ListItem","position":2,"name":"Sulin.ee e-pood","item":"https:\/\/sulin.ee\/shop\/"},{"@type":"ListItem","position":3,"name":"Jollein silikoonist pudip\u00f5ll"}]},{"@type":"WebSite","@id":"https:\/\/sulin.ee\/en\/#website","url":"https:\/\/sulin.ee\/en\/","name":"sulin.ee","description":"","publisher":{"@id":"https:\/\/sulin.ee\/en\/#organization"},"potentialAction":[{"@type":"SearchAction","target":{"@type":"EntryPoint","urlTemplate":"https:\/\/sulin.ee\/en\/?s={search_term_string}"},"query-input":{"@type":"PropertyValueSpecification","valueRequired":true,"valueName":"search_term_string"}}],"inLanguage":"en-US"},{"@type":"Organization","@id":"https:\/\/sulin.ee\/en\/#organization","name":"SULIN TRADE O\u00dc","url":"https:\/\/sulin.ee\/en\/","logo":{"@type":"ImageObject","inLanguage":"en-US","@id":"https:\/\/sulin.ee\/en\/#\/schema\/logo\/image\/","url":"https:\/\/sulin.ee\/wp-content\/uploads\/2022\/11\/sulin-logo.png","contentUrl":"https:\/\/sulin.ee\/wp-content\/uploads\/2022\/11\/sulin-logo.png","width":871,"height":321,"caption":"SULIN TRADE O\u00dc"},"image":{"@id":"https:\/\/sulin.ee\/en\/#\/schema\/logo\/image\/"},"sameAs":["https:\/\/www.facebook.com\/www.sulin.ee\/","https:\/\/www.instagram.com\/sulintrade\/"]}]}},"builder_content":"","_links":{"self":[{"href":"https:\/\/sulin.ee\/en\/wp-json\/wp\/v2\/product\/8835","targetHints":{"allow":["GET"]}}],"collection":[{"href":"https:\/\/sulin.ee\/en\/wp-json\/wp\/v2\/product"}],"about":[{"href":"https:\/\/sulin.ee\/en\/wp-json\/wp\/v2\/types\/product"}],"replies":[{"embeddable":true,"href":"https:\/\/sulin.ee\/en\/wp-json\/wp\/v2\/comments?post=8835"}],"wp:featuredmedia":[{"embeddable":true,"href":"https:\/\/sulin.ee\/en\/wp-json\/wp\/v2\/media\/8854"}],"wp:attachment":[{"href":"https:\/\/sulin.ee\/en\/wp-json\/wp\/v2\/media?parent=8835"}],"wp:term":[{"taxonomy":"product_brand","embeddable":true,"href":"https:\/\/sulin.ee\/en\/wp-json\/wp\/v2\/product_brand?post=8835"},{"taxonomy":"product_cat","embeddable":true,"href":"https:\/\/sulin.ee\/en\/wp-json\/wp\/v2\/product_cat?post=8835"},{"taxonomy":"product_tag","embeddable":true,"href":"https:\/\/sulin.ee\/en\/wp-json\/wp\/v2\/product_tag?post=8835"}],"curies":[{"name":"wp","href":"https:\/\/api.w.org\/{rel}","templated":true}]}}