{"id":8827,"date":"2022-11-23T13:09:58","date_gmt":"2022-11-23T13:09:58","guid":{"rendered":"https:\/\/sulin.ee\/?post_type=product&#038;p=8827"},"modified":"2026-01-10T07:33:51","modified_gmt":"2026-01-10T07:33:51","slug":"jollein-veekindel-lina-erinevad-suurused","status":"publish","type":"product","link":"https:\/\/sulin.ee\/en\/toode\/jollein-veekindel-lina-erinevad-suurused\/","title":{"rendered":"Jollein veekindel lina (erinevad suurused)"},"content":{"rendered":"<p><strong>Jollein veekindel lina kaitseb madratsit m\u00e4rjaks saamise eest. Hea abivahend kui m\u00e4he lekib, beebil on refluks v\u00f5i k\u00e4imas on potitreeninguperiood. <\/strong><\/p>\n<p><a href=\"https:\/\/jollein.com\/\">Jollein<\/a> veekindel lina on \u00fchelt poolt kaetud pehme puuvilla flanelliga, mis on naha vastas pehme ning ei aja last higistama. Teisel pool olev veekindel kiht ei lase vedelikel j\u00f5uda madratsini, t\u00e4nu millele j\u00e4\u00e4b see kuivaks ning ei m\u00e4\u00e4rdu. Mustaks saades pane lina pessu ning kasuta seej\u00e4rel uuesti.<\/p>\n<p><strong>Nipp potitreeninguperioodiks:<\/strong> Kasuta mitut lina korraga \u00fcksteise peal, nii on \u00f6\u00f6sel lihtsam voodipesu vahetada kui pealmine lina peaks m\u00e4rjaks saama. Eemaldad vaid pealmise lina ja juba ongi voodi kuiv. Ei mingit \u00fcleliigset m\u00e4ssamist voodipesu vahetamisega!<\/p>\n<p>Lisaks veekindlale linale leiad meilt ka <span style=\"color: #0000ff;\"><a style=\"color: #0000ff;\" href=\"https:\/\/sulin.ee\/tootekategooria\/beebid\/magamine-beebi\/linad\/\" target=\"_blank\" rel=\"noopener\">kummiga voodilinad<\/a><\/span>.<\/p>\n<p><strong>Materjal:<\/strong> 85% puuvill, 15% pol\u00fcester<\/p>\n<p><strong>Saadaval kahes erinevas m\u00f5\u00f5dus:<\/strong><\/p>\n<p>50 x 90 cm<\/p>\n<p>80 x 100 cm<\/p>\n","protected":false},"excerpt":{"rendered":"<p>Jollein veekindel lina kaitseb madratsit m\u00e4rjaks saamise eest. Hea abivahend kui m\u00e4he lekib, beebil on refluks v\u00f5i k\u00e4imas on potitreeninguperiood. Jollein veekindel lina on \u00fchelt poolt kaetud pehme puuvilla flanelliga, mis on naha vastas pehme ning ei aja last higistama. Teisel pool olev veekindel kiht ei lase vedelikel j\u00f5uda madratsini, t\u00e4nu millele j\u00e4\u00e4b see kuivaks [&hellip;]<\/p>\n","protected":false},"featured_media":18647,"comment_status":"open","ping_status":"closed","template":"","meta":[],"product_brand":[],"product_cat":[807,589,903,191,185,904,776],"product_tag":[],"class_list":{"0":"post-8827","1":"product","2":"type-product","3":"status-publish","4":"has-post-thumbnail","6":"product_cat-linad","7":"product_cat-muud-tarvikud","8":"product_cat-veekindlad-linad","9":"product_cat-lisatarvikud-beebid","10":"product_cat-voodipesu-lastele","11":"product_cat-veekindlad-linad-lastele","12":"product_cat-jollein-2","13":"has-post-title","14":"has-post-date","15":"has-post-category","16":"has-post-tag","17":"has-post-comment","18":"has-post-author","19":"","21":"first","22":"outofstock","23":"taxable","24":"shipping-taxable","25":"product-type-variable"},"yoast_head":"<!-- This site is optimized with the Yoast SEO plugin v26.8 - https:\/\/yoast.com\/product\/yoast-seo-wordpress\/ -->\n<title>Jollein veekindel lina (erinevad suurused) - sulin.ee<\/title>\n<meta name=\"description\" content=\"Jollein veekindel lina on puuvilla flanellist pealispinnaga lina, mis kaitseb madratsit m\u00e4rjaks saamise eest. Erinevad m\u00f5\u00f5dud.\" \/>\n<meta name=\"robots\" content=\"index, follow, max-snippet:-1, max-image-preview:large, max-video-preview:-1\" \/>\n<link rel=\"canonical\" href=\"https:\/\/sulin.ee\/en\/toode\/jollein-veekindel-lina-erinevad-suurused\/\" \/>\n<meta property=\"og:locale\" content=\"en_US\" \/>\n<meta property=\"og:type\" content=\"article\" \/>\n<meta property=\"og:title\" content=\"Jollein veekindel lina (erinevad suurused) - sulin.ee\" \/>\n<meta property=\"og:description\" content=\"Jollein veekindel lina on puuvilla flanellist pealispinnaga lina, mis kaitseb madratsit m\u00e4rjaks saamise eest. Erinevad m\u00f5\u00f5dud.\" \/>\n<meta property=\"og:url\" content=\"https:\/\/sulin.ee\/en\/toode\/jollein-veekindel-lina-erinevad-suurused\/\" \/>\n<meta property=\"og:site_name\" content=\"sulin.ee\" \/>\n<meta property=\"article:publisher\" content=\"https:\/\/www.facebook.com\/www.sulin.ee\/\" \/>\n<meta property=\"article:modified_time\" content=\"2026-01-10T07:33:51+00:00\" \/>\n<meta property=\"og:image\" content=\"https:\/\/sulin.ee\/wp-content\/uploads\/2022\/11\/Piltide-korrektuurid-kodulehel-46.png\" \/>\n\t<meta property=\"og:image:width\" content=\"1080\" \/>\n\t<meta property=\"og:image:height\" content=\"1080\" \/>\n\t<meta property=\"og:image:type\" content=\"image\/png\" \/>\n<meta name=\"twitter:card\" content=\"summary_large_image\" \/>\n<meta name=\"twitter:label1\" content=\"Est. reading time\" \/>\n\t<meta name=\"twitter:data1\" content=\"1 minute\" \/>\n<script type=\"application\/ld+json\" class=\"yoast-schema-graph\">{\"@context\":\"https:\/\/schema.org\",\"@graph\":[{\"@type\":\"WebPage\",\"@id\":\"https:\/\/sulin.ee\/en\/toode\/jollein-veekindel-lina-erinevad-suurused\/\",\"url\":\"https:\/\/sulin.ee\/en\/toode\/jollein-veekindel-lina-erinevad-suurused\/\",\"name\":\"Jollein veekindel lina (erinevad suurused) - sulin.ee\",\"isPartOf\":{\"@id\":\"https:\/\/sulin.ee\/en\/#website\"},\"primaryImageOfPage\":{\"@id\":\"https:\/\/sulin.ee\/en\/toode\/jollein-veekindel-lina-erinevad-suurused\/#primaryimage\"},\"image\":{\"@id\":\"https:\/\/sulin.ee\/en\/toode\/jollein-veekindel-lina-erinevad-suurused\/#primaryimage\"},\"thumbnailUrl\":\"https:\/\/sulin.ee\/wp-content\/uploads\/2022\/11\/Piltide-korrektuurid-kodulehel-46.png\",\"datePublished\":\"2022-11-23T13:09:58+00:00\",\"dateModified\":\"2026-01-10T07:33:51+00:00\",\"description\":\"Jollein veekindel lina on puuvilla flanellist pealispinnaga lina, mis kaitseb madratsit m\u00e4rjaks saamise eest. Erinevad m\u00f5\u00f5dud.\",\"breadcrumb\":{\"@id\":\"https:\/\/sulin.ee\/en\/toode\/jollein-veekindel-lina-erinevad-suurused\/#breadcrumb\"},\"inLanguage\":\"en-US\",\"potentialAction\":[{\"@type\":\"ReadAction\",\"target\":[\"https:\/\/sulin.ee\/en\/toode\/jollein-veekindel-lina-erinevad-suurused\/\"]}]},{\"@type\":\"ImageObject\",\"inLanguage\":\"en-US\",\"@id\":\"https:\/\/sulin.ee\/en\/toode\/jollein-veekindel-lina-erinevad-suurused\/#primaryimage\",\"url\":\"https:\/\/sulin.ee\/wp-content\/uploads\/2022\/11\/Piltide-korrektuurid-kodulehel-46.png\",\"contentUrl\":\"https:\/\/sulin.ee\/wp-content\/uploads\/2022\/11\/Piltide-korrektuurid-kodulehel-46.png\",\"width\":1080,\"height\":1080,\"caption\":\"Jollein veekindel lina\"},{\"@type\":\"BreadcrumbList\",\"@id\":\"https:\/\/sulin.ee\/en\/toode\/jollein-veekindel-lina-erinevad-suurused\/#breadcrumb\",\"itemListElement\":[{\"@type\":\"ListItem\",\"position\":1,\"name\":\"Home\",\"item\":\"https:\/\/sulin.ee\/en\/\"},{\"@type\":\"ListItem\",\"position\":2,\"name\":\"Sulin.ee e-pood\",\"item\":\"https:\/\/sulin.ee\/shop\/\"},{\"@type\":\"ListItem\",\"position\":3,\"name\":\"Jollein veekindel lina (erinevad suurused)\"}]},{\"@type\":\"WebSite\",\"@id\":\"https:\/\/sulin.ee\/en\/#website\",\"url\":\"https:\/\/sulin.ee\/en\/\",\"name\":\"sulin.ee\",\"description\":\"\",\"publisher\":{\"@id\":\"https:\/\/sulin.ee\/en\/#organization\"},\"potentialAction\":[{\"@type\":\"SearchAction\",\"target\":{\"@type\":\"EntryPoint\",\"urlTemplate\":\"https:\/\/sulin.ee\/en\/?s={search_term_string}\"},\"query-input\":{\"@type\":\"PropertyValueSpecification\",\"valueRequired\":true,\"valueName\":\"search_term_string\"}}],\"inLanguage\":\"en-US\"},{\"@type\":\"Organization\",\"@id\":\"https:\/\/sulin.ee\/en\/#organization\",\"name\":\"SULIN TRADE O\u00dc\",\"url\":\"https:\/\/sulin.ee\/en\/\",\"logo\":{\"@type\":\"ImageObject\",\"inLanguage\":\"en-US\",\"@id\":\"https:\/\/sulin.ee\/en\/#\/schema\/logo\/image\/\",\"url\":\"https:\/\/sulin.ee\/wp-content\/uploads\/2022\/11\/sulin-logo.png\",\"contentUrl\":\"https:\/\/sulin.ee\/wp-content\/uploads\/2022\/11\/sulin-logo.png\",\"width\":871,\"height\":321,\"caption\":\"SULIN TRADE O\u00dc\"},\"image\":{\"@id\":\"https:\/\/sulin.ee\/en\/#\/schema\/logo\/image\/\"},\"sameAs\":[\"https:\/\/www.facebook.com\/www.sulin.ee\/\",\"https:\/\/www.instagram.com\/sulintrade\/\"]}]}<\/script>\n<!-- \/ Yoast SEO plugin. -->","yoast_head_json":{"title":"Jollein veekindel lina (erinevad suurused) - sulin.ee","description":"Jollein veekindel lina on puuvilla flanellist pealispinnaga lina, mis kaitseb madratsit m\u00e4rjaks saamise eest. Erinevad m\u00f5\u00f5dud.","robots":{"index":"index","follow":"follow","max-snippet":"max-snippet:-1","max-image-preview":"max-image-preview:large","max-video-preview":"max-video-preview:-1"},"canonical":"https:\/\/sulin.ee\/en\/toode\/jollein-veekindel-lina-erinevad-suurused\/","og_locale":"en_US","og_type":"article","og_title":"Jollein veekindel lina (erinevad suurused) - sulin.ee","og_description":"Jollein veekindel lina on puuvilla flanellist pealispinnaga lina, mis kaitseb madratsit m\u00e4rjaks saamise eest. Erinevad m\u00f5\u00f5dud.","og_url":"https:\/\/sulin.ee\/en\/toode\/jollein-veekindel-lina-erinevad-suurused\/","og_site_name":"sulin.ee","article_publisher":"https:\/\/www.facebook.com\/www.sulin.ee\/","article_modified_time":"2026-01-10T07:33:51+00:00","og_image":[{"width":1080,"height":1080,"url":"https:\/\/sulin.ee\/wp-content\/uploads\/2022\/11\/Piltide-korrektuurid-kodulehel-46.png","type":"image\/png"}],"twitter_card":"summary_large_image","twitter_misc":{"Est. reading time":"1 minute"},"schema":{"@context":"https:\/\/schema.org","@graph":[{"@type":"WebPage","@id":"https:\/\/sulin.ee\/en\/toode\/jollein-veekindel-lina-erinevad-suurused\/","url":"https:\/\/sulin.ee\/en\/toode\/jollein-veekindel-lina-erinevad-suurused\/","name":"Jollein veekindel lina (erinevad suurused) - sulin.ee","isPartOf":{"@id":"https:\/\/sulin.ee\/en\/#website"},"primaryImageOfPage":{"@id":"https:\/\/sulin.ee\/en\/toode\/jollein-veekindel-lina-erinevad-suurused\/#primaryimage"},"image":{"@id":"https:\/\/sulin.ee\/en\/toode\/jollein-veekindel-lina-erinevad-suurused\/#primaryimage"},"thumbnailUrl":"https:\/\/sulin.ee\/wp-content\/uploads\/2022\/11\/Piltide-korrektuurid-kodulehel-46.png","datePublished":"2022-11-23T13:09:58+00:00","dateModified":"2026-01-10T07:33:51+00:00","description":"Jollein veekindel lina on puuvilla flanellist pealispinnaga lina, mis kaitseb madratsit m\u00e4rjaks saamise eest. Erinevad m\u00f5\u00f5dud.","breadcrumb":{"@id":"https:\/\/sulin.ee\/en\/toode\/jollein-veekindel-lina-erinevad-suurused\/#breadcrumb"},"inLanguage":"en-US","potentialAction":[{"@type":"ReadAction","target":["https:\/\/sulin.ee\/en\/toode\/jollein-veekindel-lina-erinevad-suurused\/"]}]},{"@type":"ImageObject","inLanguage":"en-US","@id":"https:\/\/sulin.ee\/en\/toode\/jollein-veekindel-lina-erinevad-suurused\/#primaryimage","url":"https:\/\/sulin.ee\/wp-content\/uploads\/2022\/11\/Piltide-korrektuurid-kodulehel-46.png","contentUrl":"https:\/\/sulin.ee\/wp-content\/uploads\/2022\/11\/Piltide-korrektuurid-kodulehel-46.png","width":1080,"height":1080,"caption":"Jollein veekindel lina"},{"@type":"BreadcrumbList","@id":"https:\/\/sulin.ee\/en\/toode\/jollein-veekindel-lina-erinevad-suurused\/#breadcrumb","itemListElement":[{"@type":"ListItem","position":1,"name":"Home","item":"https:\/\/sulin.ee\/en\/"},{"@type":"ListItem","position":2,"name":"Sulin.ee e-pood","item":"https:\/\/sulin.ee\/shop\/"},{"@type":"ListItem","position":3,"name":"Jollein veekindel lina (erinevad suurused)"}]},{"@type":"WebSite","@id":"https:\/\/sulin.ee\/en\/#website","url":"https:\/\/sulin.ee\/en\/","name":"sulin.ee","description":"","publisher":{"@id":"https:\/\/sulin.ee\/en\/#organization"},"potentialAction":[{"@type":"SearchAction","target":{"@type":"EntryPoint","urlTemplate":"https:\/\/sulin.ee\/en\/?s={search_term_string}"},"query-input":{"@type":"PropertyValueSpecification","valueRequired":true,"valueName":"search_term_string"}}],"inLanguage":"en-US"},{"@type":"Organization","@id":"https:\/\/sulin.ee\/en\/#organization","name":"SULIN TRADE O\u00dc","url":"https:\/\/sulin.ee\/en\/","logo":{"@type":"ImageObject","inLanguage":"en-US","@id":"https:\/\/sulin.ee\/en\/#\/schema\/logo\/image\/","url":"https:\/\/sulin.ee\/wp-content\/uploads\/2022\/11\/sulin-logo.png","contentUrl":"https:\/\/sulin.ee\/wp-content\/uploads\/2022\/11\/sulin-logo.png","width":871,"height":321,"caption":"SULIN TRADE O\u00dc"},"image":{"@id":"https:\/\/sulin.ee\/en\/#\/schema\/logo\/image\/"},"sameAs":["https:\/\/www.facebook.com\/www.sulin.ee\/","https:\/\/www.instagram.com\/sulintrade\/"]}]}},"builder_content":"","_links":{"self":[{"href":"https:\/\/sulin.ee\/en\/wp-json\/wp\/v2\/product\/8827","targetHints":{"allow":["GET"]}}],"collection":[{"href":"https:\/\/sulin.ee\/en\/wp-json\/wp\/v2\/product"}],"about":[{"href":"https:\/\/sulin.ee\/en\/wp-json\/wp\/v2\/types\/product"}],"replies":[{"embeddable":true,"href":"https:\/\/sulin.ee\/en\/wp-json\/wp\/v2\/comments?post=8827"}],"wp:featuredmedia":[{"embeddable":true,"href":"https:\/\/sulin.ee\/en\/wp-json\/wp\/v2\/media\/18647"}],"wp:attachment":[{"href":"https:\/\/sulin.ee\/en\/wp-json\/wp\/v2\/media?parent=8827"}],"wp:term":[{"taxonomy":"product_brand","embeddable":true,"href":"https:\/\/sulin.ee\/en\/wp-json\/wp\/v2\/product_brand?post=8827"},{"taxonomy":"product_cat","embeddable":true,"href":"https:\/\/sulin.ee\/en\/wp-json\/wp\/v2\/product_cat?post=8827"},{"taxonomy":"product_tag","embeddable":true,"href":"https:\/\/sulin.ee\/en\/wp-json\/wp\/v2\/product_tag?post=8827"}],"curies":[{"name":"wp","href":"https:\/\/api.w.org\/{rel}","templated":true}]}}