{"id":8507,"date":"2022-11-21T10:50:29","date_gmt":"2022-11-21T10:50:29","guid":{"rendered":"https:\/\/sulin.ee\/?post_type=product&#038;p=8507"},"modified":"2025-09-07T21:57:39","modified_gmt":"2025-09-07T21:57:39","slug":"jollein-silikoonist-snakitops-caramel","status":"publish","type":"product","link":"https:\/\/sulin.ee\/en\/toode\/jollein-silikoonist-snakitops-caramel\/","title":{"rendered":"Jollein silikoonist sn\u00e4kitops \u2013 Caramel"},"content":{"rendered":"<p><strong>Kasuta silikoonist sn\u00e4kitopsi, et lapsele meelep\u00e4raseid sn\u00e4kke pakkuda. Lisaks kodus kasutamisele on seda mugav ka kodust v\u00e4lja minnes kaasa v\u00f5tta. T\u00e4nu k\u00e4epidemele saab laps seda ise k\u00e4es hoida ning seel\u00e4bi ennast isesesivana tunda. Kaas on h\u00f5lpsasti eemaldatav ning kaane sees oleva ava kaudu saab laps ise endale sn\u00e4kke v\u00f5tta, ilma, et k\u00f5ik topsist v\u00e4lja pudeneks.<\/strong><\/p>\n<p>Valmistatud vastupidavast toidusilikoonist, mis muudab selle vastupidavaks erinevatele temperatuuridele. Nii saate sn\u00e4kke hoida s\u00fcgavk\u00fclmas, soojendada mikrolaineahjus ning hiljem pesta mugavalt n\u00f5udepesumasinas.<\/p>\n","protected":false},"excerpt":{"rendered":"<p>Kasuta silikoonist sn\u00e4kitopsi, et lapsele meelep\u00e4raseid sn\u00e4kke pakkuda. Lisaks kodus kasutamisele on seda mugav ka kodust v\u00e4lja minnes kaasa v\u00f5tta. T\u00e4nu k\u00e4epidemele saab laps seda ise k\u00e4es hoida ning seel\u00e4bi ennast isesesivana tunda. Kaas on h\u00f5lpsasti eemaldatav ning kaane sees oleva ava kaudu saab laps ise endale sn\u00e4kke v\u00f5tta, ilma, et k\u00f5ik topsist v\u00e4lja pudeneks. [&hellip;]<\/p>\n","protected":false},"featured_media":8454,"comment_status":"open","ping_status":"closed","template":"","meta":[],"product_brand":[],"product_cat":[490,178,776],"product_tag":[],"class_list":{"0":"post-8507","1":"product","2":"type-product","3":"status-publish","4":"has-post-thumbnail","6":"product_cat-beebi-sooginoud","7":"product_cat-sooginoud-lastele","8":"product_cat-jollein-2","9":"has-post-title","10":"has-post-date","11":"has-post-category","12":"has-post-tag","13":"has-post-comment","14":"has-post-author","15":"","17":"first","18":"instock","19":"sale","20":"taxable","21":"shipping-taxable","22":"purchasable","23":"product-type-simple"},"yoast_head":"<!-- This site is optimized with the Yoast SEO plugin v26.8 - https:\/\/yoast.com\/product\/yoast-seo-wordpress\/ -->\n<title>Jollein silikoonist sn\u00e4kitops \u2013 Caramel - sulin.ee<\/title>\n<meta name=\"description\" content=\"Kasuta silikoonist sn\u00e4kitopsi, et lapsele meelep\u00e4raseid sn\u00e4kke pakkuda. Lisaks kodus kasutamisele on seda mugav ka kodust v\u00e4lja minnes kaasa v\u00f5tta. T\u00e4nu k\u00e4epidemele saab laps seda ise k\u00e4es hoida ning seel\u00e4bi ennast isesesivana tunda. Kaas on h\u00f5lpsasti eemaldatav ning kaane sees oleva ava kaudu saab laps ise endale sn\u00e4kke v\u00f5tta, ilma, et k\u00f5ik topsist v\u00e4lja pudeneks.Valmistatud vastupidavast toidusilikoonist, mis muudab selle vastupidavaks erinevatele temperatuuridele. Nii saate sn\u00e4kke hoida s\u00fcgavk\u00fclmas, soojendada mikrolaineahjus ning hiljem pesta mugavalt n\u00f5udepesumasinas.\" \/>\n<meta name=\"robots\" content=\"index, follow, max-snippet:-1, max-image-preview:large, max-video-preview:-1\" \/>\n<link rel=\"canonical\" href=\"https:\/\/sulin.ee\/en\/toode\/jollein-silikoonist-snakitops-caramel\/\" \/>\n<meta property=\"og:locale\" content=\"en_US\" \/>\n<meta property=\"og:type\" content=\"article\" \/>\n<meta property=\"og:title\" content=\"Jollein silikoonist sn\u00e4kitops \u2013 Caramel - sulin.ee\" \/>\n<meta property=\"og:description\" content=\"Kasuta silikoonist sn\u00e4kitopsi, et lapsele meelep\u00e4raseid sn\u00e4kke pakkuda. Lisaks kodus kasutamisele on seda mugav ka kodust v\u00e4lja minnes kaasa v\u00f5tta. T\u00e4nu k\u00e4epidemele saab laps seda ise k\u00e4es hoida ning seel\u00e4bi ennast isesesivana tunda. Kaas on h\u00f5lpsasti eemaldatav ning kaane sees oleva ava kaudu saab laps ise endale sn\u00e4kke v\u00f5tta, ilma, et k\u00f5ik topsist v\u00e4lja pudeneks.Valmistatud vastupidavast toidusilikoonist, mis muudab selle vastupidavaks erinevatele temperatuuridele. Nii saate sn\u00e4kke hoida s\u00fcgavk\u00fclmas, soojendada mikrolaineahjus ning hiljem pesta mugavalt n\u00f5udepesumasinas.\" \/>\n<meta property=\"og:url\" content=\"https:\/\/sulin.ee\/en\/toode\/jollein-silikoonist-snakitops-caramel\/\" \/>\n<meta property=\"og:site_name\" content=\"sulin.ee\" \/>\n<meta property=\"article:publisher\" content=\"https:\/\/www.facebook.com\/www.sulin.ee\/\" \/>\n<meta property=\"article:modified_time\" content=\"2025-09-07T21:57:39+00:00\" \/>\n<meta property=\"og:image\" content=\"https:\/\/sulin.ee\/wp-content\/uploads\/2022\/11\/2-1.jpg\" \/>\n\t<meta property=\"og:image:width\" content=\"1080\" \/>\n\t<meta property=\"og:image:height\" content=\"1080\" \/>\n\t<meta property=\"og:image:type\" content=\"image\/jpeg\" \/>\n<meta name=\"twitter:card\" content=\"summary_large_image\" \/>\n<meta name=\"twitter:label1\" content=\"Est. reading time\" \/>\n\t<meta name=\"twitter:data1\" content=\"1 minute\" \/>\n<script type=\"application\/ld+json\" class=\"yoast-schema-graph\">{\"@context\":\"https:\/\/schema.org\",\"@graph\":[{\"@type\":\"WebPage\",\"@id\":\"https:\/\/sulin.ee\/en\/toode\/jollein-silikoonist-snakitops-caramel\/\",\"url\":\"https:\/\/sulin.ee\/en\/toode\/jollein-silikoonist-snakitops-caramel\/\",\"name\":\"Jollein silikoonist sn\u00e4kitops \u2013 Caramel - sulin.ee\",\"isPartOf\":{\"@id\":\"https:\/\/sulin.ee\/en\/#website\"},\"primaryImageOfPage\":{\"@id\":\"https:\/\/sulin.ee\/en\/toode\/jollein-silikoonist-snakitops-caramel\/#primaryimage\"},\"image\":{\"@id\":\"https:\/\/sulin.ee\/en\/toode\/jollein-silikoonist-snakitops-caramel\/#primaryimage\"},\"thumbnailUrl\":\"https:\/\/sulin.ee\/wp-content\/uploads\/2022\/11\/2-1.jpg\",\"datePublished\":\"2022-11-21T10:50:29+00:00\",\"dateModified\":\"2025-09-07T21:57:39+00:00\",\"description\":\"Kasuta silikoonist sn\u00e4kitopsi, et lapsele meelep\u00e4raseid sn\u00e4kke pakkuda. Lisaks kodus kasutamisele on seda mugav ka kodust v\u00e4lja minnes kaasa v\u00f5tta. T\u00e4nu k\u00e4epidemele saab laps seda ise k\u00e4es hoida ning seel\u00e4bi ennast isesesivana tunda. Kaas on h\u00f5lpsasti eemaldatav ning kaane sees oleva ava kaudu saab laps ise endale sn\u00e4kke v\u00f5tta, ilma, et k\u00f5ik topsist v\u00e4lja pudeneks.Valmistatud vastupidavast toidusilikoonist, mis muudab selle vastupidavaks erinevatele temperatuuridele. Nii saate sn\u00e4kke hoida s\u00fcgavk\u00fclmas, soojendada mikrolaineahjus ning hiljem pesta mugavalt n\u00f5udepesumasinas.\",\"breadcrumb\":{\"@id\":\"https:\/\/sulin.ee\/en\/toode\/jollein-silikoonist-snakitops-caramel\/#breadcrumb\"},\"inLanguage\":\"en-US\",\"potentialAction\":[{\"@type\":\"ReadAction\",\"target\":[\"https:\/\/sulin.ee\/en\/toode\/jollein-silikoonist-snakitops-caramel\/\"]}]},{\"@type\":\"ImageObject\",\"inLanguage\":\"en-US\",\"@id\":\"https:\/\/sulin.ee\/en\/toode\/jollein-silikoonist-snakitops-caramel\/#primaryimage\",\"url\":\"https:\/\/sulin.ee\/wp-content\/uploads\/2022\/11\/2-1.jpg\",\"contentUrl\":\"https:\/\/sulin.ee\/wp-content\/uploads\/2022\/11\/2-1.jpg\",\"width\":1080,\"height\":1080},{\"@type\":\"BreadcrumbList\",\"@id\":\"https:\/\/sulin.ee\/en\/toode\/jollein-silikoonist-snakitops-caramel\/#breadcrumb\",\"itemListElement\":[{\"@type\":\"ListItem\",\"position\":1,\"name\":\"Home\",\"item\":\"https:\/\/sulin.ee\/en\/\"},{\"@type\":\"ListItem\",\"position\":2,\"name\":\"Sulin.ee e-pood\",\"item\":\"https:\/\/sulin.ee\/shop\/\"},{\"@type\":\"ListItem\",\"position\":3,\"name\":\"Jollein silikoonist sn\u00e4kitops \u2013 Caramel\"}]},{\"@type\":\"WebSite\",\"@id\":\"https:\/\/sulin.ee\/en\/#website\",\"url\":\"https:\/\/sulin.ee\/en\/\",\"name\":\"sulin.ee\",\"description\":\"\",\"publisher\":{\"@id\":\"https:\/\/sulin.ee\/en\/#organization\"},\"potentialAction\":[{\"@type\":\"SearchAction\",\"target\":{\"@type\":\"EntryPoint\",\"urlTemplate\":\"https:\/\/sulin.ee\/en\/?s={search_term_string}\"},\"query-input\":{\"@type\":\"PropertyValueSpecification\",\"valueRequired\":true,\"valueName\":\"search_term_string\"}}],\"inLanguage\":\"en-US\"},{\"@type\":\"Organization\",\"@id\":\"https:\/\/sulin.ee\/en\/#organization\",\"name\":\"SULIN TRADE O\u00dc\",\"url\":\"https:\/\/sulin.ee\/en\/\",\"logo\":{\"@type\":\"ImageObject\",\"inLanguage\":\"en-US\",\"@id\":\"https:\/\/sulin.ee\/en\/#\/schema\/logo\/image\/\",\"url\":\"https:\/\/sulin.ee\/wp-content\/uploads\/2022\/11\/sulin-logo.png\",\"contentUrl\":\"https:\/\/sulin.ee\/wp-content\/uploads\/2022\/11\/sulin-logo.png\",\"width\":871,\"height\":321,\"caption\":\"SULIN TRADE O\u00dc\"},\"image\":{\"@id\":\"https:\/\/sulin.ee\/en\/#\/schema\/logo\/image\/\"},\"sameAs\":[\"https:\/\/www.facebook.com\/www.sulin.ee\/\",\"https:\/\/www.instagram.com\/sulintrade\/\"]}]}<\/script>\n<!-- \/ Yoast SEO plugin. -->","yoast_head_json":{"title":"Jollein silikoonist sn\u00e4kitops \u2013 Caramel - sulin.ee","description":"Kasuta silikoonist sn\u00e4kitopsi, et lapsele meelep\u00e4raseid sn\u00e4kke pakkuda. Lisaks kodus kasutamisele on seda mugav ka kodust v\u00e4lja minnes kaasa v\u00f5tta. T\u00e4nu k\u00e4epidemele saab laps seda ise k\u00e4es hoida ning seel\u00e4bi ennast isesesivana tunda. Kaas on h\u00f5lpsasti eemaldatav ning kaane sees oleva ava kaudu saab laps ise endale sn\u00e4kke v\u00f5tta, ilma, et k\u00f5ik topsist v\u00e4lja pudeneks.Valmistatud vastupidavast toidusilikoonist, mis muudab selle vastupidavaks erinevatele temperatuuridele. Nii saate sn\u00e4kke hoida s\u00fcgavk\u00fclmas, soojendada mikrolaineahjus ning hiljem pesta mugavalt n\u00f5udepesumasinas.","robots":{"index":"index","follow":"follow","max-snippet":"max-snippet:-1","max-image-preview":"max-image-preview:large","max-video-preview":"max-video-preview:-1"},"canonical":"https:\/\/sulin.ee\/en\/toode\/jollein-silikoonist-snakitops-caramel\/","og_locale":"en_US","og_type":"article","og_title":"Jollein silikoonist sn\u00e4kitops \u2013 Caramel - sulin.ee","og_description":"Kasuta silikoonist sn\u00e4kitopsi, et lapsele meelep\u00e4raseid sn\u00e4kke pakkuda. Lisaks kodus kasutamisele on seda mugav ka kodust v\u00e4lja minnes kaasa v\u00f5tta. T\u00e4nu k\u00e4epidemele saab laps seda ise k\u00e4es hoida ning seel\u00e4bi ennast isesesivana tunda. Kaas on h\u00f5lpsasti eemaldatav ning kaane sees oleva ava kaudu saab laps ise endale sn\u00e4kke v\u00f5tta, ilma, et k\u00f5ik topsist v\u00e4lja pudeneks.Valmistatud vastupidavast toidusilikoonist, mis muudab selle vastupidavaks erinevatele temperatuuridele. Nii saate sn\u00e4kke hoida s\u00fcgavk\u00fclmas, soojendada mikrolaineahjus ning hiljem pesta mugavalt n\u00f5udepesumasinas.","og_url":"https:\/\/sulin.ee\/en\/toode\/jollein-silikoonist-snakitops-caramel\/","og_site_name":"sulin.ee","article_publisher":"https:\/\/www.facebook.com\/www.sulin.ee\/","article_modified_time":"2025-09-07T21:57:39+00:00","og_image":[{"width":1080,"height":1080,"url":"https:\/\/sulin.ee\/wp-content\/uploads\/2022\/11\/2-1.jpg","type":"image\/jpeg"}],"twitter_card":"summary_large_image","twitter_misc":{"Est. reading time":"1 minute"},"schema":{"@context":"https:\/\/schema.org","@graph":[{"@type":"WebPage","@id":"https:\/\/sulin.ee\/en\/toode\/jollein-silikoonist-snakitops-caramel\/","url":"https:\/\/sulin.ee\/en\/toode\/jollein-silikoonist-snakitops-caramel\/","name":"Jollein silikoonist sn\u00e4kitops \u2013 Caramel - sulin.ee","isPartOf":{"@id":"https:\/\/sulin.ee\/en\/#website"},"primaryImageOfPage":{"@id":"https:\/\/sulin.ee\/en\/toode\/jollein-silikoonist-snakitops-caramel\/#primaryimage"},"image":{"@id":"https:\/\/sulin.ee\/en\/toode\/jollein-silikoonist-snakitops-caramel\/#primaryimage"},"thumbnailUrl":"https:\/\/sulin.ee\/wp-content\/uploads\/2022\/11\/2-1.jpg","datePublished":"2022-11-21T10:50:29+00:00","dateModified":"2025-09-07T21:57:39+00:00","description":"Kasuta silikoonist sn\u00e4kitopsi, et lapsele meelep\u00e4raseid sn\u00e4kke pakkuda. Lisaks kodus kasutamisele on seda mugav ka kodust v\u00e4lja minnes kaasa v\u00f5tta. T\u00e4nu k\u00e4epidemele saab laps seda ise k\u00e4es hoida ning seel\u00e4bi ennast isesesivana tunda. Kaas on h\u00f5lpsasti eemaldatav ning kaane sees oleva ava kaudu saab laps ise endale sn\u00e4kke v\u00f5tta, ilma, et k\u00f5ik topsist v\u00e4lja pudeneks.Valmistatud vastupidavast toidusilikoonist, mis muudab selle vastupidavaks erinevatele temperatuuridele. Nii saate sn\u00e4kke hoida s\u00fcgavk\u00fclmas, soojendada mikrolaineahjus ning hiljem pesta mugavalt n\u00f5udepesumasinas.","breadcrumb":{"@id":"https:\/\/sulin.ee\/en\/toode\/jollein-silikoonist-snakitops-caramel\/#breadcrumb"},"inLanguage":"en-US","potentialAction":[{"@type":"ReadAction","target":["https:\/\/sulin.ee\/en\/toode\/jollein-silikoonist-snakitops-caramel\/"]}]},{"@type":"ImageObject","inLanguage":"en-US","@id":"https:\/\/sulin.ee\/en\/toode\/jollein-silikoonist-snakitops-caramel\/#primaryimage","url":"https:\/\/sulin.ee\/wp-content\/uploads\/2022\/11\/2-1.jpg","contentUrl":"https:\/\/sulin.ee\/wp-content\/uploads\/2022\/11\/2-1.jpg","width":1080,"height":1080},{"@type":"BreadcrumbList","@id":"https:\/\/sulin.ee\/en\/toode\/jollein-silikoonist-snakitops-caramel\/#breadcrumb","itemListElement":[{"@type":"ListItem","position":1,"name":"Home","item":"https:\/\/sulin.ee\/en\/"},{"@type":"ListItem","position":2,"name":"Sulin.ee e-pood","item":"https:\/\/sulin.ee\/shop\/"},{"@type":"ListItem","position":3,"name":"Jollein silikoonist sn\u00e4kitops \u2013 Caramel"}]},{"@type":"WebSite","@id":"https:\/\/sulin.ee\/en\/#website","url":"https:\/\/sulin.ee\/en\/","name":"sulin.ee","description":"","publisher":{"@id":"https:\/\/sulin.ee\/en\/#organization"},"potentialAction":[{"@type":"SearchAction","target":{"@type":"EntryPoint","urlTemplate":"https:\/\/sulin.ee\/en\/?s={search_term_string}"},"query-input":{"@type":"PropertyValueSpecification","valueRequired":true,"valueName":"search_term_string"}}],"inLanguage":"en-US"},{"@type":"Organization","@id":"https:\/\/sulin.ee\/en\/#organization","name":"SULIN TRADE O\u00dc","url":"https:\/\/sulin.ee\/en\/","logo":{"@type":"ImageObject","inLanguage":"en-US","@id":"https:\/\/sulin.ee\/en\/#\/schema\/logo\/image\/","url":"https:\/\/sulin.ee\/wp-content\/uploads\/2022\/11\/sulin-logo.png","contentUrl":"https:\/\/sulin.ee\/wp-content\/uploads\/2022\/11\/sulin-logo.png","width":871,"height":321,"caption":"SULIN TRADE O\u00dc"},"image":{"@id":"https:\/\/sulin.ee\/en\/#\/schema\/logo\/image\/"},"sameAs":["https:\/\/www.facebook.com\/www.sulin.ee\/","https:\/\/www.instagram.com\/sulintrade\/"]}]}},"builder_content":"","_links":{"self":[{"href":"https:\/\/sulin.ee\/en\/wp-json\/wp\/v2\/product\/8507","targetHints":{"allow":["GET"]}}],"collection":[{"href":"https:\/\/sulin.ee\/en\/wp-json\/wp\/v2\/product"}],"about":[{"href":"https:\/\/sulin.ee\/en\/wp-json\/wp\/v2\/types\/product"}],"replies":[{"embeddable":true,"href":"https:\/\/sulin.ee\/en\/wp-json\/wp\/v2\/comments?post=8507"}],"wp:featuredmedia":[{"embeddable":true,"href":"https:\/\/sulin.ee\/en\/wp-json\/wp\/v2\/media\/8454"}],"wp:attachment":[{"href":"https:\/\/sulin.ee\/en\/wp-json\/wp\/v2\/media?parent=8507"}],"wp:term":[{"taxonomy":"product_brand","embeddable":true,"href":"https:\/\/sulin.ee\/en\/wp-json\/wp\/v2\/product_brand?post=8507"},{"taxonomy":"product_cat","embeddable":true,"href":"https:\/\/sulin.ee\/en\/wp-json\/wp\/v2\/product_cat?post=8507"},{"taxonomy":"product_tag","embeddable":true,"href":"https:\/\/sulin.ee\/en\/wp-json\/wp\/v2\/product_tag?post=8507"}],"curies":[{"name":"wp","href":"https:\/\/api.w.org\/{rel}","templated":true}]}}