{"id":8445,"date":"2022-11-21T09:56:36","date_gmt":"2022-11-21T09:56:36","guid":{"rendered":"https:\/\/sulin.ee\/?post_type=product&#038;p=8445"},"modified":"2025-09-07T21:57:45","modified_gmt":"2025-09-07T21:57:45","slug":"jollein-silikoonist-joogitops-korrega-storm-grey","status":"publish","type":"product","link":"https:\/\/sulin.ee\/en\/toode\/jollein-silikoonist-joogitops-korrega-storm-grey\/","title":{"rendered":"Jollein silikoonist joogitops k\u00f5rrega &#8211; Storm Grey"},"content":{"rendered":"<p><strong>Silikoonist joogitopsi abil saab laps harjutada isesesivat joomist. Tassil on k\u00e4epide, millest on m\u00f5nus haarata, kaas, mida saab kergelt peale ja maha keerata ning k\u00f5rs, mis ei lase vedelikul maha valguda. Joogitopsi on mugav kodust kaasa v\u00f5tta, nii on su pisikesel alati meelep\u00e4rane jook k\u00e4ep\u00e4rast.<\/strong><\/p>\n<p>Joogitops on valmistatud vastupidavast toidusilikoonist, mis muudab selle vastupidavaks erinevatele temperatuuridele. Nii saate selles hoiustada nii sooje kui ka k\u00fclmi jooke ning hiljem pesta mugavalt n\u00f5udepesumasinas.<\/p>\n<p>Toidusilikoon on lapsele ohutu, sest ei sisalda ohtlikke aineid.<\/p>\n","protected":false},"excerpt":{"rendered":"<p>Silikoonist joogitopsi abil saab laps harjutada isesesivat joomist. Tassil on k\u00e4epide, millest on m\u00f5nus haarata, kaas, mida saab kergelt peale ja maha keerata ning k\u00f5rs, mis ei lase vedelikul maha valguda. Joogitopsi on mugav kodust kaasa v\u00f5tta, nii on su pisikesel alati meelep\u00e4rane jook k\u00e4ep\u00e4rast. Joogitops on valmistatud vastupidavast toidusilikoonist, mis muudab selle vastupidavaks erinevatele [&hellip;]<\/p>\n","protected":false},"featured_media":8429,"comment_status":"open","ping_status":"closed","template":"","meta":[],"product_brand":[],"product_cat":[851,490,178,776],"product_tag":[],"class_list":{"0":"post-8445","1":"product","2":"type-product","3":"status-publish","4":"has-post-thumbnail","6":"product_cat-joogipudelid-ja-tassid-beebile","7":"product_cat-beebi-sooginoud","8":"product_cat-sooginoud-lastele","9":"product_cat-jollein-2","10":"has-post-title","11":"has-post-date","12":"has-post-category","13":"has-post-tag","14":"has-post-comment","15":"has-post-author","16":"","18":"first","19":"instock","20":"sale","21":"taxable","22":"shipping-taxable","23":"purchasable","24":"product-type-simple"},"yoast_head":"<!-- This site is optimized with the Yoast SEO plugin v26.8 - https:\/\/yoast.com\/product\/yoast-seo-wordpress\/ -->\n<title>Jollein silikoonist joogitops k\u00f5rrega - Storm Grey - sulin.ee<\/title>\n<meta name=\"description\" content=\"Silikoonist joogitopsi abil saab laps harjutada isesesivat joomist. Tassil on k\u00e4epide, millest on m\u00f5nus haarata, kaas mida saab kergelt peale ja maha keerata ning k\u00f5rs, mis ei lase vedelikul maha valguda. Joogitopsi on mugav kodust kaasa v\u00f5tta, nii on su pisikesel alati meelep\u00e4rane jook k\u00e4ep\u00e4rast.Joogitps on valmistatud vastupidavast toidusilikoonist, mis muudab selle vastupidavaks erinevatele temperatuuridele. Nii saate selles hoiustada nii sooje kui k\u00fclmi jooke ning hiljem pesta mugavalt n\u00f5udepesumasinas.Toidusilikoon on lapsele ohutu, sest ei sisalda ohtlikke aineid.\" \/>\n<meta name=\"robots\" content=\"index, follow, max-snippet:-1, max-image-preview:large, max-video-preview:-1\" \/>\n<link rel=\"canonical\" href=\"https:\/\/sulin.ee\/en\/toode\/jollein-silikoonist-joogitops-korrega-storm-grey\/\" \/>\n<meta property=\"og:locale\" content=\"en_US\" \/>\n<meta property=\"og:type\" content=\"article\" \/>\n<meta property=\"og:title\" content=\"Jollein silikoonist joogitops k\u00f5rrega - Storm Grey - sulin.ee\" \/>\n<meta property=\"og:description\" content=\"Silikoonist joogitopsi abil saab laps harjutada isesesivat joomist. Tassil on k\u00e4epide, millest on m\u00f5nus haarata, kaas mida saab kergelt peale ja maha keerata ning k\u00f5rs, mis ei lase vedelikul maha valguda. Joogitopsi on mugav kodust kaasa v\u00f5tta, nii on su pisikesel alati meelep\u00e4rane jook k\u00e4ep\u00e4rast.Joogitps on valmistatud vastupidavast toidusilikoonist, mis muudab selle vastupidavaks erinevatele temperatuuridele. Nii saate selles hoiustada nii sooje kui k\u00fclmi jooke ning hiljem pesta mugavalt n\u00f5udepesumasinas.Toidusilikoon on lapsele ohutu, sest ei sisalda ohtlikke aineid.\" \/>\n<meta property=\"og:url\" content=\"https:\/\/sulin.ee\/en\/toode\/jollein-silikoonist-joogitops-korrega-storm-grey\/\" \/>\n<meta property=\"og:site_name\" content=\"sulin.ee\" \/>\n<meta property=\"article:publisher\" content=\"https:\/\/www.facebook.com\/www.sulin.ee\/\" \/>\n<meta property=\"article:modified_time\" content=\"2025-09-07T21:57:45+00:00\" \/>\n<meta property=\"og:image\" content=\"https:\/\/sulin.ee\/wp-content\/uploads\/2022\/11\/Storm-Grey-4.jpg\" \/>\n\t<meta property=\"og:image:width\" content=\"1080\" \/>\n\t<meta property=\"og:image:height\" content=\"1080\" \/>\n\t<meta property=\"og:image:type\" content=\"image\/jpeg\" \/>\n<meta name=\"twitter:card\" content=\"summary_large_image\" \/>\n<meta name=\"twitter:label1\" content=\"Est. reading time\" \/>\n\t<meta name=\"twitter:data1\" content=\"1 minute\" \/>\n<script type=\"application\/ld+json\" class=\"yoast-schema-graph\">{\"@context\":\"https:\/\/schema.org\",\"@graph\":[{\"@type\":\"WebPage\",\"@id\":\"https:\/\/sulin.ee\/en\/toode\/jollein-silikoonist-joogitops-korrega-storm-grey\/\",\"url\":\"https:\/\/sulin.ee\/en\/toode\/jollein-silikoonist-joogitops-korrega-storm-grey\/\",\"name\":\"Jollein silikoonist joogitops k\u00f5rrega - Storm Grey - sulin.ee\",\"isPartOf\":{\"@id\":\"https:\/\/sulin.ee\/en\/#website\"},\"primaryImageOfPage\":{\"@id\":\"https:\/\/sulin.ee\/en\/toode\/jollein-silikoonist-joogitops-korrega-storm-grey\/#primaryimage\"},\"image\":{\"@id\":\"https:\/\/sulin.ee\/en\/toode\/jollein-silikoonist-joogitops-korrega-storm-grey\/#primaryimage\"},\"thumbnailUrl\":\"https:\/\/sulin.ee\/wp-content\/uploads\/2022\/11\/Storm-Grey-4.jpg\",\"datePublished\":\"2022-11-21T09:56:36+00:00\",\"dateModified\":\"2025-09-07T21:57:45+00:00\",\"description\":\"Silikoonist joogitopsi abil saab laps harjutada isesesivat joomist. Tassil on k\u00e4epide, millest on m\u00f5nus haarata, kaas mida saab kergelt peale ja maha keerata ning k\u00f5rs, mis ei lase vedelikul maha valguda. Joogitopsi on mugav kodust kaasa v\u00f5tta, nii on su pisikesel alati meelep\u00e4rane jook k\u00e4ep\u00e4rast.Joogitps on valmistatud vastupidavast toidusilikoonist, mis muudab selle vastupidavaks erinevatele temperatuuridele. Nii saate selles hoiustada nii sooje kui k\u00fclmi jooke ning hiljem pesta mugavalt n\u00f5udepesumasinas.Toidusilikoon on lapsele ohutu, sest ei sisalda ohtlikke aineid.\",\"breadcrumb\":{\"@id\":\"https:\/\/sulin.ee\/en\/toode\/jollein-silikoonist-joogitops-korrega-storm-grey\/#breadcrumb\"},\"inLanguage\":\"en-US\",\"potentialAction\":[{\"@type\":\"ReadAction\",\"target\":[\"https:\/\/sulin.ee\/en\/toode\/jollein-silikoonist-joogitops-korrega-storm-grey\/\"]}]},{\"@type\":\"ImageObject\",\"inLanguage\":\"en-US\",\"@id\":\"https:\/\/sulin.ee\/en\/toode\/jollein-silikoonist-joogitops-korrega-storm-grey\/#primaryimage\",\"url\":\"https:\/\/sulin.ee\/wp-content\/uploads\/2022\/11\/Storm-Grey-4.jpg\",\"contentUrl\":\"https:\/\/sulin.ee\/wp-content\/uploads\/2022\/11\/Storm-Grey-4.jpg\",\"width\":1080,\"height\":1080},{\"@type\":\"BreadcrumbList\",\"@id\":\"https:\/\/sulin.ee\/en\/toode\/jollein-silikoonist-joogitops-korrega-storm-grey\/#breadcrumb\",\"itemListElement\":[{\"@type\":\"ListItem\",\"position\":1,\"name\":\"Home\",\"item\":\"https:\/\/sulin.ee\/en\/\"},{\"@type\":\"ListItem\",\"position\":2,\"name\":\"Sulin.ee e-pood\",\"item\":\"https:\/\/sulin.ee\/shop\/\"},{\"@type\":\"ListItem\",\"position\":3,\"name\":\"Jollein silikoonist joogitops k\u00f5rrega &#8211; Storm Grey\"}]},{\"@type\":\"WebSite\",\"@id\":\"https:\/\/sulin.ee\/en\/#website\",\"url\":\"https:\/\/sulin.ee\/en\/\",\"name\":\"sulin.ee\",\"description\":\"\",\"publisher\":{\"@id\":\"https:\/\/sulin.ee\/en\/#organization\"},\"potentialAction\":[{\"@type\":\"SearchAction\",\"target\":{\"@type\":\"EntryPoint\",\"urlTemplate\":\"https:\/\/sulin.ee\/en\/?s={search_term_string}\"},\"query-input\":{\"@type\":\"PropertyValueSpecification\",\"valueRequired\":true,\"valueName\":\"search_term_string\"}}],\"inLanguage\":\"en-US\"},{\"@type\":\"Organization\",\"@id\":\"https:\/\/sulin.ee\/en\/#organization\",\"name\":\"SULIN TRADE O\u00dc\",\"url\":\"https:\/\/sulin.ee\/en\/\",\"logo\":{\"@type\":\"ImageObject\",\"inLanguage\":\"en-US\",\"@id\":\"https:\/\/sulin.ee\/en\/#\/schema\/logo\/image\/\",\"url\":\"https:\/\/sulin.ee\/wp-content\/uploads\/2022\/11\/sulin-logo.png\",\"contentUrl\":\"https:\/\/sulin.ee\/wp-content\/uploads\/2022\/11\/sulin-logo.png\",\"width\":871,\"height\":321,\"caption\":\"SULIN TRADE O\u00dc\"},\"image\":{\"@id\":\"https:\/\/sulin.ee\/en\/#\/schema\/logo\/image\/\"},\"sameAs\":[\"https:\/\/www.facebook.com\/www.sulin.ee\/\",\"https:\/\/www.instagram.com\/sulintrade\/\"]}]}<\/script>\n<!-- \/ Yoast SEO plugin. -->","yoast_head_json":{"title":"Jollein silikoonist joogitops k\u00f5rrega - Storm Grey - sulin.ee","description":"Silikoonist joogitopsi abil saab laps harjutada isesesivat joomist. Tassil on k\u00e4epide, millest on m\u00f5nus haarata, kaas mida saab kergelt peale ja maha keerata ning k\u00f5rs, mis ei lase vedelikul maha valguda. Joogitopsi on mugav kodust kaasa v\u00f5tta, nii on su pisikesel alati meelep\u00e4rane jook k\u00e4ep\u00e4rast.Joogitps on valmistatud vastupidavast toidusilikoonist, mis muudab selle vastupidavaks erinevatele temperatuuridele. Nii saate selles hoiustada nii sooje kui k\u00fclmi jooke ning hiljem pesta mugavalt n\u00f5udepesumasinas.Toidusilikoon on lapsele ohutu, sest ei sisalda ohtlikke aineid.","robots":{"index":"index","follow":"follow","max-snippet":"max-snippet:-1","max-image-preview":"max-image-preview:large","max-video-preview":"max-video-preview:-1"},"canonical":"https:\/\/sulin.ee\/en\/toode\/jollein-silikoonist-joogitops-korrega-storm-grey\/","og_locale":"en_US","og_type":"article","og_title":"Jollein silikoonist joogitops k\u00f5rrega - Storm Grey - sulin.ee","og_description":"Silikoonist joogitopsi abil saab laps harjutada isesesivat joomist. Tassil on k\u00e4epide, millest on m\u00f5nus haarata, kaas mida saab kergelt peale ja maha keerata ning k\u00f5rs, mis ei lase vedelikul maha valguda. Joogitopsi on mugav kodust kaasa v\u00f5tta, nii on su pisikesel alati meelep\u00e4rane jook k\u00e4ep\u00e4rast.Joogitps on valmistatud vastupidavast toidusilikoonist, mis muudab selle vastupidavaks erinevatele temperatuuridele. Nii saate selles hoiustada nii sooje kui k\u00fclmi jooke ning hiljem pesta mugavalt n\u00f5udepesumasinas.Toidusilikoon on lapsele ohutu, sest ei sisalda ohtlikke aineid.","og_url":"https:\/\/sulin.ee\/en\/toode\/jollein-silikoonist-joogitops-korrega-storm-grey\/","og_site_name":"sulin.ee","article_publisher":"https:\/\/www.facebook.com\/www.sulin.ee\/","article_modified_time":"2025-09-07T21:57:45+00:00","og_image":[{"width":1080,"height":1080,"url":"https:\/\/sulin.ee\/wp-content\/uploads\/2022\/11\/Storm-Grey-4.jpg","type":"image\/jpeg"}],"twitter_card":"summary_large_image","twitter_misc":{"Est. reading time":"1 minute"},"schema":{"@context":"https:\/\/schema.org","@graph":[{"@type":"WebPage","@id":"https:\/\/sulin.ee\/en\/toode\/jollein-silikoonist-joogitops-korrega-storm-grey\/","url":"https:\/\/sulin.ee\/en\/toode\/jollein-silikoonist-joogitops-korrega-storm-grey\/","name":"Jollein silikoonist joogitops k\u00f5rrega - Storm Grey - sulin.ee","isPartOf":{"@id":"https:\/\/sulin.ee\/en\/#website"},"primaryImageOfPage":{"@id":"https:\/\/sulin.ee\/en\/toode\/jollein-silikoonist-joogitops-korrega-storm-grey\/#primaryimage"},"image":{"@id":"https:\/\/sulin.ee\/en\/toode\/jollein-silikoonist-joogitops-korrega-storm-grey\/#primaryimage"},"thumbnailUrl":"https:\/\/sulin.ee\/wp-content\/uploads\/2022\/11\/Storm-Grey-4.jpg","datePublished":"2022-11-21T09:56:36+00:00","dateModified":"2025-09-07T21:57:45+00:00","description":"Silikoonist joogitopsi abil saab laps harjutada isesesivat joomist. Tassil on k\u00e4epide, millest on m\u00f5nus haarata, kaas mida saab kergelt peale ja maha keerata ning k\u00f5rs, mis ei lase vedelikul maha valguda. Joogitopsi on mugav kodust kaasa v\u00f5tta, nii on su pisikesel alati meelep\u00e4rane jook k\u00e4ep\u00e4rast.Joogitps on valmistatud vastupidavast toidusilikoonist, mis muudab selle vastupidavaks erinevatele temperatuuridele. Nii saate selles hoiustada nii sooje kui k\u00fclmi jooke ning hiljem pesta mugavalt n\u00f5udepesumasinas.Toidusilikoon on lapsele ohutu, sest ei sisalda ohtlikke aineid.","breadcrumb":{"@id":"https:\/\/sulin.ee\/en\/toode\/jollein-silikoonist-joogitops-korrega-storm-grey\/#breadcrumb"},"inLanguage":"en-US","potentialAction":[{"@type":"ReadAction","target":["https:\/\/sulin.ee\/en\/toode\/jollein-silikoonist-joogitops-korrega-storm-grey\/"]}]},{"@type":"ImageObject","inLanguage":"en-US","@id":"https:\/\/sulin.ee\/en\/toode\/jollein-silikoonist-joogitops-korrega-storm-grey\/#primaryimage","url":"https:\/\/sulin.ee\/wp-content\/uploads\/2022\/11\/Storm-Grey-4.jpg","contentUrl":"https:\/\/sulin.ee\/wp-content\/uploads\/2022\/11\/Storm-Grey-4.jpg","width":1080,"height":1080},{"@type":"BreadcrumbList","@id":"https:\/\/sulin.ee\/en\/toode\/jollein-silikoonist-joogitops-korrega-storm-grey\/#breadcrumb","itemListElement":[{"@type":"ListItem","position":1,"name":"Home","item":"https:\/\/sulin.ee\/en\/"},{"@type":"ListItem","position":2,"name":"Sulin.ee e-pood","item":"https:\/\/sulin.ee\/shop\/"},{"@type":"ListItem","position":3,"name":"Jollein silikoonist joogitops k\u00f5rrega &#8211; Storm Grey"}]},{"@type":"WebSite","@id":"https:\/\/sulin.ee\/en\/#website","url":"https:\/\/sulin.ee\/en\/","name":"sulin.ee","description":"","publisher":{"@id":"https:\/\/sulin.ee\/en\/#organization"},"potentialAction":[{"@type":"SearchAction","target":{"@type":"EntryPoint","urlTemplate":"https:\/\/sulin.ee\/en\/?s={search_term_string}"},"query-input":{"@type":"PropertyValueSpecification","valueRequired":true,"valueName":"search_term_string"}}],"inLanguage":"en-US"},{"@type":"Organization","@id":"https:\/\/sulin.ee\/en\/#organization","name":"SULIN TRADE O\u00dc","url":"https:\/\/sulin.ee\/en\/","logo":{"@type":"ImageObject","inLanguage":"en-US","@id":"https:\/\/sulin.ee\/en\/#\/schema\/logo\/image\/","url":"https:\/\/sulin.ee\/wp-content\/uploads\/2022\/11\/sulin-logo.png","contentUrl":"https:\/\/sulin.ee\/wp-content\/uploads\/2022\/11\/sulin-logo.png","width":871,"height":321,"caption":"SULIN TRADE O\u00dc"},"image":{"@id":"https:\/\/sulin.ee\/en\/#\/schema\/logo\/image\/"},"sameAs":["https:\/\/www.facebook.com\/www.sulin.ee\/","https:\/\/www.instagram.com\/sulintrade\/"]}]}},"builder_content":"","_links":{"self":[{"href":"https:\/\/sulin.ee\/en\/wp-json\/wp\/v2\/product\/8445","targetHints":{"allow":["GET"]}}],"collection":[{"href":"https:\/\/sulin.ee\/en\/wp-json\/wp\/v2\/product"}],"about":[{"href":"https:\/\/sulin.ee\/en\/wp-json\/wp\/v2\/types\/product"}],"replies":[{"embeddable":true,"href":"https:\/\/sulin.ee\/en\/wp-json\/wp\/v2\/comments?post=8445"}],"wp:featuredmedia":[{"embeddable":true,"href":"https:\/\/sulin.ee\/en\/wp-json\/wp\/v2\/media\/8429"}],"wp:attachment":[{"href":"https:\/\/sulin.ee\/en\/wp-json\/wp\/v2\/media?parent=8445"}],"wp:term":[{"taxonomy":"product_brand","embeddable":true,"href":"https:\/\/sulin.ee\/en\/wp-json\/wp\/v2\/product_brand?post=8445"},{"taxonomy":"product_cat","embeddable":true,"href":"https:\/\/sulin.ee\/en\/wp-json\/wp\/v2\/product_cat?post=8445"},{"taxonomy":"product_tag","embeddable":true,"href":"https:\/\/sulin.ee\/en\/wp-json\/wp\/v2\/product_tag?post=8445"}],"curies":[{"name":"wp","href":"https:\/\/api.w.org\/{rel}","templated":true}]}}