{"id":8440,"date":"2022-11-21T09:48:51","date_gmt":"2022-11-21T09:48:51","guid":{"rendered":"https:\/\/sulin.ee\/?post_type=product&#038;p=8440"},"modified":"2025-09-07T21:57:45","modified_gmt":"2025-09-07T21:57:45","slug":"jollein-silikoonist-kauss-jeans-blue","status":"publish","type":"product","link":"https:\/\/sulin.ee\/en\/toode\/jollein-silikoonist-kauss-jeans-blue\/","title":{"rendered":"Jollein silikoonist kauss &#8211; Jeans Blue"},"content":{"rendered":"<p><strong>Kinnita kauss mugavalt laua k\u00fclge kasutades p\u00f5hja all olevat iminappa. Sobib soojade ja k\u00fclmade toitude serveerimiseks v\u00f5i lihtsalt sn\u00e4ki kausiks. V<\/strong><strong>almistatud toidusilikoonist ning on lapsele ohutu, kuna ei sisalda ohtlikke \u00fchendeid. <\/strong><\/p>\n<p>Silikoonist kauss on vastupidav ning talub temperatuuri alates -20\u00b0C kuni +230\u00b0C, seega on seda ohutu kasutada s\u00fcgavk\u00fclmas, mikrolaineahjus ja ahjus. Peale kasutamist saad kausi mugavalt n\u00f5udepesumasinas puhtaks pesta.<\/p>\n","protected":false},"excerpt":{"rendered":"<p>Kinnita kauss mugavalt laua k\u00fclge kasutades p\u00f5hja all olevat iminappa. Sobib soojade ja k\u00fclmade toitude serveerimiseks v\u00f5i lihtsalt sn\u00e4ki kausiks. Valmistatud toidusilikoonist ning on lapsele ohutu, kuna ei sisalda ohtlikke \u00fchendeid. Silikoonist kauss on vastupidav ning talub temperatuuri alates -20\u00b0C kuni +230\u00b0C, seega on seda ohutu kasutada s\u00fcgavk\u00fclmas, mikrolaineahjus ja ahjus. Peale kasutamist saad kausi [&hellip;]<\/p>\n","protected":false},"featured_media":8402,"comment_status":"open","ping_status":"closed","template":"","meta":[],"product_brand":[],"product_cat":[490,178,776],"product_tag":[],"class_list":{"0":"post-8440","1":"product","2":"type-product","3":"status-publish","4":"has-post-thumbnail","6":"product_cat-beebi-sooginoud","7":"product_cat-sooginoud-lastele","8":"product_cat-jollein-2","9":"has-post-title","10":"has-post-date","11":"has-post-category","12":"has-post-tag","13":"has-post-comment","14":"has-post-author","15":"","17":"first","18":"instock","19":"sale","20":"taxable","21":"shipping-taxable","22":"purchasable","23":"product-type-simple"},"yoast_head":"<!-- This site is optimized with the Yoast SEO plugin v26.8 - https:\/\/yoast.com\/product\/yoast-seo-wordpress\/ -->\n<title>Jollein silikoonist kauss - Jeans Blue - sulin.ee<\/title>\n<meta name=\"robots\" content=\"index, follow, max-snippet:-1, max-image-preview:large, max-video-preview:-1\" \/>\n<link rel=\"canonical\" href=\"https:\/\/sulin.ee\/en\/toode\/jollein-silikoonist-kauss-jeans-blue\/\" \/>\n<meta property=\"og:locale\" content=\"en_US\" \/>\n<meta property=\"og:type\" content=\"article\" \/>\n<meta property=\"og:title\" content=\"Jollein silikoonist kauss - Jeans Blue - sulin.ee\" \/>\n<meta property=\"og:description\" content=\"Kinnita kauss mugavalt laua k\u00fclge kasutades p\u00f5hja all olevat iminappa. Sobib soojade ja k\u00fclmade toitude serveerimiseks v\u00f5i lihtsalt sn\u00e4ki kausiks. Valmistatud toidusilikoonist ning on lapsele ohutu, kuna ei sisalda ohtlikke \u00fchendeid. Silikoonist kauss on vastupidav ning talub temperatuuri alates -20\u00b0C kuni +230\u00b0C, seega on seda ohutu kasutada s\u00fcgavk\u00fclmas, mikrolaineahjus ja ahjus. Peale kasutamist saad kausi [&hellip;]\" \/>\n<meta property=\"og:url\" content=\"https:\/\/sulin.ee\/en\/toode\/jollein-silikoonist-kauss-jeans-blue\/\" \/>\n<meta property=\"og:site_name\" content=\"sulin.ee\" \/>\n<meta property=\"article:publisher\" content=\"https:\/\/www.facebook.com\/www.sulin.ee\/\" \/>\n<meta property=\"article:modified_time\" content=\"2025-09-07T21:57:45+00:00\" \/>\n<meta property=\"og:image\" content=\"https:\/\/sulin.ee\/wp-content\/uploads\/2022\/11\/Jeans-Blue-4.jpg\" \/>\n\t<meta property=\"og:image:width\" content=\"1080\" \/>\n\t<meta property=\"og:image:height\" content=\"1080\" \/>\n\t<meta property=\"og:image:type\" content=\"image\/jpeg\" \/>\n<meta name=\"twitter:card\" content=\"summary_large_image\" \/>\n<meta name=\"twitter:label1\" content=\"Est. reading time\" \/>\n\t<meta name=\"twitter:data1\" content=\"1 minute\" \/>\n<script type=\"application\/ld+json\" class=\"yoast-schema-graph\">{\"@context\":\"https:\/\/schema.org\",\"@graph\":[{\"@type\":\"WebPage\",\"@id\":\"https:\/\/sulin.ee\/en\/toode\/jollein-silikoonist-kauss-jeans-blue\/\",\"url\":\"https:\/\/sulin.ee\/en\/toode\/jollein-silikoonist-kauss-jeans-blue\/\",\"name\":\"Jollein silikoonist kauss - Jeans Blue - sulin.ee\",\"isPartOf\":{\"@id\":\"https:\/\/sulin.ee\/en\/#website\"},\"primaryImageOfPage\":{\"@id\":\"https:\/\/sulin.ee\/en\/toode\/jollein-silikoonist-kauss-jeans-blue\/#primaryimage\"},\"image\":{\"@id\":\"https:\/\/sulin.ee\/en\/toode\/jollein-silikoonist-kauss-jeans-blue\/#primaryimage\"},\"thumbnailUrl\":\"https:\/\/sulin.ee\/wp-content\/uploads\/2022\/11\/Jeans-Blue-4.jpg\",\"datePublished\":\"2022-11-21T09:48:51+00:00\",\"dateModified\":\"2025-09-07T21:57:45+00:00\",\"breadcrumb\":{\"@id\":\"https:\/\/sulin.ee\/en\/toode\/jollein-silikoonist-kauss-jeans-blue\/#breadcrumb\"},\"inLanguage\":\"en-US\",\"potentialAction\":[{\"@type\":\"ReadAction\",\"target\":[\"https:\/\/sulin.ee\/en\/toode\/jollein-silikoonist-kauss-jeans-blue\/\"]}]},{\"@type\":\"ImageObject\",\"inLanguage\":\"en-US\",\"@id\":\"https:\/\/sulin.ee\/en\/toode\/jollein-silikoonist-kauss-jeans-blue\/#primaryimage\",\"url\":\"https:\/\/sulin.ee\/wp-content\/uploads\/2022\/11\/Jeans-Blue-4.jpg\",\"contentUrl\":\"https:\/\/sulin.ee\/wp-content\/uploads\/2022\/11\/Jeans-Blue-4.jpg\",\"width\":1080,\"height\":1080},{\"@type\":\"BreadcrumbList\",\"@id\":\"https:\/\/sulin.ee\/en\/toode\/jollein-silikoonist-kauss-jeans-blue\/#breadcrumb\",\"itemListElement\":[{\"@type\":\"ListItem\",\"position\":1,\"name\":\"Home\",\"item\":\"https:\/\/sulin.ee\/en\/\"},{\"@type\":\"ListItem\",\"position\":2,\"name\":\"Sulin.ee e-pood\",\"item\":\"https:\/\/sulin.ee\/shop\/\"},{\"@type\":\"ListItem\",\"position\":3,\"name\":\"Jollein silikoonist kauss &#8211; Jeans Blue\"}]},{\"@type\":\"WebSite\",\"@id\":\"https:\/\/sulin.ee\/en\/#website\",\"url\":\"https:\/\/sulin.ee\/en\/\",\"name\":\"sulin.ee\",\"description\":\"\",\"publisher\":{\"@id\":\"https:\/\/sulin.ee\/en\/#organization\"},\"potentialAction\":[{\"@type\":\"SearchAction\",\"target\":{\"@type\":\"EntryPoint\",\"urlTemplate\":\"https:\/\/sulin.ee\/en\/?s={search_term_string}\"},\"query-input\":{\"@type\":\"PropertyValueSpecification\",\"valueRequired\":true,\"valueName\":\"search_term_string\"}}],\"inLanguage\":\"en-US\"},{\"@type\":\"Organization\",\"@id\":\"https:\/\/sulin.ee\/en\/#organization\",\"name\":\"SULIN TRADE O\u00dc\",\"url\":\"https:\/\/sulin.ee\/en\/\",\"logo\":{\"@type\":\"ImageObject\",\"inLanguage\":\"en-US\",\"@id\":\"https:\/\/sulin.ee\/en\/#\/schema\/logo\/image\/\",\"url\":\"https:\/\/sulin.ee\/wp-content\/uploads\/2022\/11\/sulin-logo.png\",\"contentUrl\":\"https:\/\/sulin.ee\/wp-content\/uploads\/2022\/11\/sulin-logo.png\",\"width\":871,\"height\":321,\"caption\":\"SULIN TRADE O\u00dc\"},\"image\":{\"@id\":\"https:\/\/sulin.ee\/en\/#\/schema\/logo\/image\/\"},\"sameAs\":[\"https:\/\/www.facebook.com\/www.sulin.ee\/\",\"https:\/\/www.instagram.com\/sulintrade\/\"]}]}<\/script>\n<!-- \/ Yoast SEO plugin. -->","yoast_head_json":{"title":"Jollein silikoonist kauss - Jeans Blue - sulin.ee","robots":{"index":"index","follow":"follow","max-snippet":"max-snippet:-1","max-image-preview":"max-image-preview:large","max-video-preview":"max-video-preview:-1"},"canonical":"https:\/\/sulin.ee\/en\/toode\/jollein-silikoonist-kauss-jeans-blue\/","og_locale":"en_US","og_type":"article","og_title":"Jollein silikoonist kauss - Jeans Blue - sulin.ee","og_description":"Kinnita kauss mugavalt laua k\u00fclge kasutades p\u00f5hja all olevat iminappa. Sobib soojade ja k\u00fclmade toitude serveerimiseks v\u00f5i lihtsalt sn\u00e4ki kausiks. Valmistatud toidusilikoonist ning on lapsele ohutu, kuna ei sisalda ohtlikke \u00fchendeid. Silikoonist kauss on vastupidav ning talub temperatuuri alates -20\u00b0C kuni +230\u00b0C, seega on seda ohutu kasutada s\u00fcgavk\u00fclmas, mikrolaineahjus ja ahjus. Peale kasutamist saad kausi [&hellip;]","og_url":"https:\/\/sulin.ee\/en\/toode\/jollein-silikoonist-kauss-jeans-blue\/","og_site_name":"sulin.ee","article_publisher":"https:\/\/www.facebook.com\/www.sulin.ee\/","article_modified_time":"2025-09-07T21:57:45+00:00","og_image":[{"width":1080,"height":1080,"url":"https:\/\/sulin.ee\/wp-content\/uploads\/2022\/11\/Jeans-Blue-4.jpg","type":"image\/jpeg"}],"twitter_card":"summary_large_image","twitter_misc":{"Est. reading time":"1 minute"},"schema":{"@context":"https:\/\/schema.org","@graph":[{"@type":"WebPage","@id":"https:\/\/sulin.ee\/en\/toode\/jollein-silikoonist-kauss-jeans-blue\/","url":"https:\/\/sulin.ee\/en\/toode\/jollein-silikoonist-kauss-jeans-blue\/","name":"Jollein silikoonist kauss - Jeans Blue - sulin.ee","isPartOf":{"@id":"https:\/\/sulin.ee\/en\/#website"},"primaryImageOfPage":{"@id":"https:\/\/sulin.ee\/en\/toode\/jollein-silikoonist-kauss-jeans-blue\/#primaryimage"},"image":{"@id":"https:\/\/sulin.ee\/en\/toode\/jollein-silikoonist-kauss-jeans-blue\/#primaryimage"},"thumbnailUrl":"https:\/\/sulin.ee\/wp-content\/uploads\/2022\/11\/Jeans-Blue-4.jpg","datePublished":"2022-11-21T09:48:51+00:00","dateModified":"2025-09-07T21:57:45+00:00","breadcrumb":{"@id":"https:\/\/sulin.ee\/en\/toode\/jollein-silikoonist-kauss-jeans-blue\/#breadcrumb"},"inLanguage":"en-US","potentialAction":[{"@type":"ReadAction","target":["https:\/\/sulin.ee\/en\/toode\/jollein-silikoonist-kauss-jeans-blue\/"]}]},{"@type":"ImageObject","inLanguage":"en-US","@id":"https:\/\/sulin.ee\/en\/toode\/jollein-silikoonist-kauss-jeans-blue\/#primaryimage","url":"https:\/\/sulin.ee\/wp-content\/uploads\/2022\/11\/Jeans-Blue-4.jpg","contentUrl":"https:\/\/sulin.ee\/wp-content\/uploads\/2022\/11\/Jeans-Blue-4.jpg","width":1080,"height":1080},{"@type":"BreadcrumbList","@id":"https:\/\/sulin.ee\/en\/toode\/jollein-silikoonist-kauss-jeans-blue\/#breadcrumb","itemListElement":[{"@type":"ListItem","position":1,"name":"Home","item":"https:\/\/sulin.ee\/en\/"},{"@type":"ListItem","position":2,"name":"Sulin.ee e-pood","item":"https:\/\/sulin.ee\/shop\/"},{"@type":"ListItem","position":3,"name":"Jollein silikoonist kauss &#8211; Jeans Blue"}]},{"@type":"WebSite","@id":"https:\/\/sulin.ee\/en\/#website","url":"https:\/\/sulin.ee\/en\/","name":"sulin.ee","description":"","publisher":{"@id":"https:\/\/sulin.ee\/en\/#organization"},"potentialAction":[{"@type":"SearchAction","target":{"@type":"EntryPoint","urlTemplate":"https:\/\/sulin.ee\/en\/?s={search_term_string}"},"query-input":{"@type":"PropertyValueSpecification","valueRequired":true,"valueName":"search_term_string"}}],"inLanguage":"en-US"},{"@type":"Organization","@id":"https:\/\/sulin.ee\/en\/#organization","name":"SULIN TRADE O\u00dc","url":"https:\/\/sulin.ee\/en\/","logo":{"@type":"ImageObject","inLanguage":"en-US","@id":"https:\/\/sulin.ee\/en\/#\/schema\/logo\/image\/","url":"https:\/\/sulin.ee\/wp-content\/uploads\/2022\/11\/sulin-logo.png","contentUrl":"https:\/\/sulin.ee\/wp-content\/uploads\/2022\/11\/sulin-logo.png","width":871,"height":321,"caption":"SULIN TRADE O\u00dc"},"image":{"@id":"https:\/\/sulin.ee\/en\/#\/schema\/logo\/image\/"},"sameAs":["https:\/\/www.facebook.com\/www.sulin.ee\/","https:\/\/www.instagram.com\/sulintrade\/"]}]}},"builder_content":"","_links":{"self":[{"href":"https:\/\/sulin.ee\/en\/wp-json\/wp\/v2\/product\/8440","targetHints":{"allow":["GET"]}}],"collection":[{"href":"https:\/\/sulin.ee\/en\/wp-json\/wp\/v2\/product"}],"about":[{"href":"https:\/\/sulin.ee\/en\/wp-json\/wp\/v2\/types\/product"}],"replies":[{"embeddable":true,"href":"https:\/\/sulin.ee\/en\/wp-json\/wp\/v2\/comments?post=8440"}],"wp:featuredmedia":[{"embeddable":true,"href":"https:\/\/sulin.ee\/en\/wp-json\/wp\/v2\/media\/8402"}],"wp:attachment":[{"href":"https:\/\/sulin.ee\/en\/wp-json\/wp\/v2\/media?parent=8440"}],"wp:term":[{"taxonomy":"product_brand","embeddable":true,"href":"https:\/\/sulin.ee\/en\/wp-json\/wp\/v2\/product_brand?post=8440"},{"taxonomy":"product_cat","embeddable":true,"href":"https:\/\/sulin.ee\/en\/wp-json\/wp\/v2\/product_cat?post=8440"},{"taxonomy":"product_tag","embeddable":true,"href":"https:\/\/sulin.ee\/en\/wp-json\/wp\/v2\/product_tag?post=8440"}],"curies":[{"name":"wp","href":"https:\/\/api.w.org\/{rel}","templated":true}]}}