{"id":8366,"date":"2022-11-20T21:17:34","date_gmt":"2022-11-20T21:17:34","guid":{"rendered":"https:\/\/sulin.ee\/?post_type=product&#038;p=8366"},"modified":"2025-09-07T21:49:50","modified_gmt":"2025-09-07T21:49:50","slug":"jollein-silikoonist-sooginoude-komplekt","status":"publish","type":"product","link":"https:\/\/sulin.ee\/en\/toode\/jollein-silikoonist-sooginoude-komplekt\/","title":{"rendered":"Jollein silikoonist s\u00f6\u00f6gin\u00f5ude komplekt &#8211; Jeans Blue"},"content":{"rendered":"<p><strong>Silikoonist s\u00f6\u00f6gin\u00f5ude komplekt on ideaalne iseseisva s\u00f6\u00f6mise harjutamiseks. Komplekti kuuluvad lusikas, taldrik, kauss ja joogitops. <\/strong><\/p>\n<p>Pehmest silikoonist lusikat on lihtne k\u00e4es hoida, see ei l\u00e4he kunagi kuumaks ega murune, lisaks sellele on see \u00f5rn lapse igemetele ja hammastele. Taldriku ja kausi k\u00fcljes oleva iminapa abil on neid mugav laua k\u00fclge kinnitada. Nii saad ka ise rahulikult oma toitu nautida, ilma et peaks lapse n\u00f5usid p\u00fc\u00fcdma v\u00f5i maast kokku korjama. Silikoonist joogitopsiga saab laps turvaliselt iseseisvat joomist harjutada &#8211; \u00fcksk\u00f5ik, kui tihti tops maha kukub, see ei l\u00e4he katki.<\/p>\n<p>Kuna silikoonist n\u00f5ud kaaluvad v\u00e4he on neid ka mugav reisile kaasa v\u00f5tta, nii saab laps oma lemmik n\u00f5usid kasutada ka v\u00f5\u00f5rsil olles.<\/p>\n<p>Silikoonist kauss on vastupidav ning talub temperatuuri alates -20\u00b0C kuni +230\u00b0C, seega on neid ohutu kasutada s\u00fcgavk\u00fclmas, mikrolaineahjus ja ahjus. Peale kasutamist saad need mugavalt n\u00f5udepesumasinas puhtaks pesta.<\/p>\n<p>N\u00f5ud on valmistatud toidusilikoonist ning on lapsele ohutud, kuna ei sisalda ohtlikke \u00fchendeid.<\/p>\n","protected":false},"excerpt":{"rendered":"<p>Silikoonist s\u00f6\u00f6gin\u00f5ude komplekt on ideaalne iseseisva s\u00f6\u00f6mise harjutamiseks. Komplekti kuuluvad lusikas, taldrik, kauss ja joogitops. Pehmest silikoonist lusikat on lihtne k\u00e4es hoida, see ei l\u00e4he kunagi kuumaks ega murune, lisaks sellele on see \u00f5rn lapse igemetele ja hammastele. Taldriku ja kausi k\u00fcljes oleva iminapa abil on neid mugav laua k\u00fclge kinnitada. Nii saad ka ise [&hellip;]<\/p>\n","protected":false},"featured_media":8371,"comment_status":"open","ping_status":"closed","template":"","meta":[],"product_brand":[],"product_cat":[490,178,776],"product_tag":[],"class_list":{"0":"post-8366","1":"product","2":"type-product","3":"status-publish","4":"has-post-thumbnail","6":"product_cat-beebi-sooginoud","7":"product_cat-sooginoud-lastele","8":"product_cat-jollein-2","9":"has-post-title","10":"has-post-date","11":"has-post-category","12":"has-post-tag","13":"has-post-comment","14":"has-post-author","15":"","17":"first","18":"instock","19":"sale","20":"taxable","21":"shipping-taxable","22":"purchasable","23":"product-type-simple"},"yoast_head":"<!-- This site is optimized with the Yoast SEO plugin v26.8 - https:\/\/yoast.com\/product\/yoast-seo-wordpress\/ -->\n<title>Jollein silikoonist s\u00f6\u00f6gin\u00f5ude komplekt - Jeans Blue - sulin.ee<\/title>\n<meta name=\"description\" content=\"Silikoonist s\u00f6\u00f6gin\u00f5ude komplekt on ideaalne iseseisva s\u00f6\u00f6mise harjutamiseks. Komplekti kuuluvad lusikas, taldrik, kauss ja joogitops.Pehmest silikoonist lusikat on lihtne k\u00e4es hoida, see ei l\u00e4he kunagi kuumaks ega murune, lisaks sellele on see \u00f5rn lapse igemetele ja hammastele. Taldriku ja kausi k\u00fcljes oleva iminapa abil on neid mugav laua k\u00fclge kinnitada. Nii saad ka ise rahulikult oma toitu nautida ilma et peaks lapse n\u00f5usid p\u00fc\u00fcdama v\u00f5i maast kokku korjama. Silikoonist joogitopsiga saab laps turvaliselt iseseisvat joomist harjutada - \u00fcksk\u00f5ik kui tihti tops maha kukku, see ei l\u00e4he katki.Kuna silikoonist n\u00f5ud kaaluvad v\u00e4he on neid ka mugav reisile kaasa v\u00f5tta, nii saab lapse oma lemmik n\u00f5usid kasutada ka v\u00f5\u00f5rsil olles.Silikoonist n\u00f5ud on vastupidavad ning taluvad temperatuuri alates +230\u00b0C kuni -20\u00b0C, seega on neid ohutu kasutada s\u00fcgavk\u00fclmas, mikrolaineahjus ja ahjus. Peale kasutamist saad need mugavalt n\u00f5udepesumasinas puhtaks pesta.N\u00f5ud on valmistatud toidusilikoonist ning on lapsele ohutud, kuna ei sisalda ohtlikke \u00fchendeid.\" \/>\n<meta name=\"robots\" content=\"index, follow, max-snippet:-1, max-image-preview:large, max-video-preview:-1\" \/>\n<link rel=\"canonical\" href=\"https:\/\/sulin.ee\/en\/toode\/jollein-silikoonist-sooginoude-komplekt\/\" \/>\n<meta property=\"og:locale\" content=\"en_US\" \/>\n<meta property=\"og:type\" content=\"article\" \/>\n<meta property=\"og:title\" content=\"Jollein silikoonist s\u00f6\u00f6gin\u00f5ude komplekt - Jeans Blue - sulin.ee\" \/>\n<meta property=\"og:description\" content=\"Silikoonist s\u00f6\u00f6gin\u00f5ude komplekt on ideaalne iseseisva s\u00f6\u00f6mise harjutamiseks. Komplekti kuuluvad lusikas, taldrik, kauss ja joogitops.Pehmest silikoonist lusikat on lihtne k\u00e4es hoida, see ei l\u00e4he kunagi kuumaks ega murune, lisaks sellele on see \u00f5rn lapse igemetele ja hammastele. Taldriku ja kausi k\u00fcljes oleva iminapa abil on neid mugav laua k\u00fclge kinnitada. Nii saad ka ise rahulikult oma toitu nautida ilma et peaks lapse n\u00f5usid p\u00fc\u00fcdama v\u00f5i maast kokku korjama. Silikoonist joogitopsiga saab laps turvaliselt iseseisvat joomist harjutada - \u00fcksk\u00f5ik kui tihti tops maha kukku, see ei l\u00e4he katki.Kuna silikoonist n\u00f5ud kaaluvad v\u00e4he on neid ka mugav reisile kaasa v\u00f5tta, nii saab lapse oma lemmik n\u00f5usid kasutada ka v\u00f5\u00f5rsil olles.Silikoonist n\u00f5ud on vastupidavad ning taluvad temperatuuri alates +230\u00b0C kuni -20\u00b0C, seega on neid ohutu kasutada s\u00fcgavk\u00fclmas, mikrolaineahjus ja ahjus. Peale kasutamist saad need mugavalt n\u00f5udepesumasinas puhtaks pesta.N\u00f5ud on valmistatud toidusilikoonist ning on lapsele ohutud, kuna ei sisalda ohtlikke \u00fchendeid.\" \/>\n<meta property=\"og:url\" content=\"https:\/\/sulin.ee\/en\/toode\/jollein-silikoonist-sooginoude-komplekt\/\" \/>\n<meta property=\"og:site_name\" content=\"sulin.ee\" \/>\n<meta property=\"article:publisher\" content=\"https:\/\/www.facebook.com\/www.sulin.ee\/\" \/>\n<meta property=\"article:modified_time\" content=\"2025-09-07T21:49:50+00:00\" \/>\n<meta property=\"og:image\" content=\"https:\/\/sulin.ee\/wp-content\/uploads\/2022\/11\/Sooginoud-Jeans-Blue.jpg\" \/>\n\t<meta property=\"og:image:width\" content=\"1800\" \/>\n\t<meta property=\"og:image:height\" content=\"1350\" \/>\n\t<meta property=\"og:image:type\" content=\"image\/jpeg\" \/>\n<meta name=\"twitter:card\" content=\"summary_large_image\" \/>\n<meta name=\"twitter:label1\" content=\"Est. reading time\" \/>\n\t<meta name=\"twitter:data1\" content=\"2 minutes\" \/>\n<script type=\"application\/ld+json\" class=\"yoast-schema-graph\">{\"@context\":\"https:\/\/schema.org\",\"@graph\":[{\"@type\":\"WebPage\",\"@id\":\"https:\/\/sulin.ee\/en\/toode\/jollein-silikoonist-sooginoude-komplekt\/\",\"url\":\"https:\/\/sulin.ee\/en\/toode\/jollein-silikoonist-sooginoude-komplekt\/\",\"name\":\"Jollein silikoonist s\u00f6\u00f6gin\u00f5ude komplekt - Jeans Blue - sulin.ee\",\"isPartOf\":{\"@id\":\"https:\/\/sulin.ee\/en\/#website\"},\"primaryImageOfPage\":{\"@id\":\"https:\/\/sulin.ee\/en\/toode\/jollein-silikoonist-sooginoude-komplekt\/#primaryimage\"},\"image\":{\"@id\":\"https:\/\/sulin.ee\/en\/toode\/jollein-silikoonist-sooginoude-komplekt\/#primaryimage\"},\"thumbnailUrl\":\"https:\/\/sulin.ee\/wp-content\/uploads\/2022\/11\/Sooginoud-Jeans-Blue.jpg\",\"datePublished\":\"2022-11-20T21:17:34+00:00\",\"dateModified\":\"2025-09-07T21:49:50+00:00\",\"description\":\"Silikoonist s\u00f6\u00f6gin\u00f5ude komplekt on ideaalne iseseisva s\u00f6\u00f6mise harjutamiseks. Komplekti kuuluvad lusikas, taldrik, kauss ja joogitops.Pehmest silikoonist lusikat on lihtne k\u00e4es hoida, see ei l\u00e4he kunagi kuumaks ega murune, lisaks sellele on see \u00f5rn lapse igemetele ja hammastele. Taldriku ja kausi k\u00fcljes oleva iminapa abil on neid mugav laua k\u00fclge kinnitada. Nii saad ka ise rahulikult oma toitu nautida ilma et peaks lapse n\u00f5usid p\u00fc\u00fcdama v\u00f5i maast kokku korjama. Silikoonist joogitopsiga saab laps turvaliselt iseseisvat joomist harjutada - \u00fcksk\u00f5ik kui tihti tops maha kukku, see ei l\u00e4he katki.Kuna silikoonist n\u00f5ud kaaluvad v\u00e4he on neid ka mugav reisile kaasa v\u00f5tta, nii saab lapse oma lemmik n\u00f5usid kasutada ka v\u00f5\u00f5rsil olles.Silikoonist n\u00f5ud on vastupidavad ning taluvad temperatuuri alates +230\u00b0C kuni -20\u00b0C, seega on neid ohutu kasutada s\u00fcgavk\u00fclmas, mikrolaineahjus ja ahjus. Peale kasutamist saad need mugavalt n\u00f5udepesumasinas puhtaks pesta.N\u00f5ud on valmistatud toidusilikoonist ning on lapsele ohutud, kuna ei sisalda ohtlikke \u00fchendeid.\",\"breadcrumb\":{\"@id\":\"https:\/\/sulin.ee\/en\/toode\/jollein-silikoonist-sooginoude-komplekt\/#breadcrumb\"},\"inLanguage\":\"en-US\",\"potentialAction\":[{\"@type\":\"ReadAction\",\"target\":[\"https:\/\/sulin.ee\/en\/toode\/jollein-silikoonist-sooginoude-komplekt\/\"]}]},{\"@type\":\"ImageObject\",\"inLanguage\":\"en-US\",\"@id\":\"https:\/\/sulin.ee\/en\/toode\/jollein-silikoonist-sooginoude-komplekt\/#primaryimage\",\"url\":\"https:\/\/sulin.ee\/wp-content\/uploads\/2022\/11\/Sooginoud-Jeans-Blue.jpg\",\"contentUrl\":\"https:\/\/sulin.ee\/wp-content\/uploads\/2022\/11\/Sooginoud-Jeans-Blue.jpg\",\"width\":1800,\"height\":1350},{\"@type\":\"BreadcrumbList\",\"@id\":\"https:\/\/sulin.ee\/en\/toode\/jollein-silikoonist-sooginoude-komplekt\/#breadcrumb\",\"itemListElement\":[{\"@type\":\"ListItem\",\"position\":1,\"name\":\"Home\",\"item\":\"https:\/\/sulin.ee\/en\/\"},{\"@type\":\"ListItem\",\"position\":2,\"name\":\"Sulin.ee e-pood\",\"item\":\"https:\/\/sulin.ee\/shop\/\"},{\"@type\":\"ListItem\",\"position\":3,\"name\":\"Jollein silikoonist s\u00f6\u00f6gin\u00f5ude komplekt &#8211; Jeans Blue\"}]},{\"@type\":\"WebSite\",\"@id\":\"https:\/\/sulin.ee\/en\/#website\",\"url\":\"https:\/\/sulin.ee\/en\/\",\"name\":\"sulin.ee\",\"description\":\"\",\"publisher\":{\"@id\":\"https:\/\/sulin.ee\/en\/#organization\"},\"potentialAction\":[{\"@type\":\"SearchAction\",\"target\":{\"@type\":\"EntryPoint\",\"urlTemplate\":\"https:\/\/sulin.ee\/en\/?s={search_term_string}\"},\"query-input\":{\"@type\":\"PropertyValueSpecification\",\"valueRequired\":true,\"valueName\":\"search_term_string\"}}],\"inLanguage\":\"en-US\"},{\"@type\":\"Organization\",\"@id\":\"https:\/\/sulin.ee\/en\/#organization\",\"name\":\"SULIN TRADE O\u00dc\",\"url\":\"https:\/\/sulin.ee\/en\/\",\"logo\":{\"@type\":\"ImageObject\",\"inLanguage\":\"en-US\",\"@id\":\"https:\/\/sulin.ee\/en\/#\/schema\/logo\/image\/\",\"url\":\"https:\/\/sulin.ee\/wp-content\/uploads\/2022\/11\/sulin-logo.png\",\"contentUrl\":\"https:\/\/sulin.ee\/wp-content\/uploads\/2022\/11\/sulin-logo.png\",\"width\":871,\"height\":321,\"caption\":\"SULIN TRADE O\u00dc\"},\"image\":{\"@id\":\"https:\/\/sulin.ee\/en\/#\/schema\/logo\/image\/\"},\"sameAs\":[\"https:\/\/www.facebook.com\/www.sulin.ee\/\",\"https:\/\/www.instagram.com\/sulintrade\/\"]}]}<\/script>\n<!-- \/ Yoast SEO plugin. -->","yoast_head_json":{"title":"Jollein silikoonist s\u00f6\u00f6gin\u00f5ude komplekt - Jeans Blue - sulin.ee","description":"Silikoonist s\u00f6\u00f6gin\u00f5ude komplekt on ideaalne iseseisva s\u00f6\u00f6mise harjutamiseks. Komplekti kuuluvad lusikas, taldrik, kauss ja joogitops.Pehmest silikoonist lusikat on lihtne k\u00e4es hoida, see ei l\u00e4he kunagi kuumaks ega murune, lisaks sellele on see \u00f5rn lapse igemetele ja hammastele. Taldriku ja kausi k\u00fcljes oleva iminapa abil on neid mugav laua k\u00fclge kinnitada. Nii saad ka ise rahulikult oma toitu nautida ilma et peaks lapse n\u00f5usid p\u00fc\u00fcdama v\u00f5i maast kokku korjama. Silikoonist joogitopsiga saab laps turvaliselt iseseisvat joomist harjutada - \u00fcksk\u00f5ik kui tihti tops maha kukku, see ei l\u00e4he katki.Kuna silikoonist n\u00f5ud kaaluvad v\u00e4he on neid ka mugav reisile kaasa v\u00f5tta, nii saab lapse oma lemmik n\u00f5usid kasutada ka v\u00f5\u00f5rsil olles.Silikoonist n\u00f5ud on vastupidavad ning taluvad temperatuuri alates +230\u00b0C kuni -20\u00b0C, seega on neid ohutu kasutada s\u00fcgavk\u00fclmas, mikrolaineahjus ja ahjus. Peale kasutamist saad need mugavalt n\u00f5udepesumasinas puhtaks pesta.N\u00f5ud on valmistatud toidusilikoonist ning on lapsele ohutud, kuna ei sisalda ohtlikke \u00fchendeid.","robots":{"index":"index","follow":"follow","max-snippet":"max-snippet:-1","max-image-preview":"max-image-preview:large","max-video-preview":"max-video-preview:-1"},"canonical":"https:\/\/sulin.ee\/en\/toode\/jollein-silikoonist-sooginoude-komplekt\/","og_locale":"en_US","og_type":"article","og_title":"Jollein silikoonist s\u00f6\u00f6gin\u00f5ude komplekt - Jeans Blue - sulin.ee","og_description":"Silikoonist s\u00f6\u00f6gin\u00f5ude komplekt on ideaalne iseseisva s\u00f6\u00f6mise harjutamiseks. Komplekti kuuluvad lusikas, taldrik, kauss ja joogitops.Pehmest silikoonist lusikat on lihtne k\u00e4es hoida, see ei l\u00e4he kunagi kuumaks ega murune, lisaks sellele on see \u00f5rn lapse igemetele ja hammastele. Taldriku ja kausi k\u00fcljes oleva iminapa abil on neid mugav laua k\u00fclge kinnitada. Nii saad ka ise rahulikult oma toitu nautida ilma et peaks lapse n\u00f5usid p\u00fc\u00fcdama v\u00f5i maast kokku korjama. Silikoonist joogitopsiga saab laps turvaliselt iseseisvat joomist harjutada - \u00fcksk\u00f5ik kui tihti tops maha kukku, see ei l\u00e4he katki.Kuna silikoonist n\u00f5ud kaaluvad v\u00e4he on neid ka mugav reisile kaasa v\u00f5tta, nii saab lapse oma lemmik n\u00f5usid kasutada ka v\u00f5\u00f5rsil olles.Silikoonist n\u00f5ud on vastupidavad ning taluvad temperatuuri alates +230\u00b0C kuni -20\u00b0C, seega on neid ohutu kasutada s\u00fcgavk\u00fclmas, mikrolaineahjus ja ahjus. Peale kasutamist saad need mugavalt n\u00f5udepesumasinas puhtaks pesta.N\u00f5ud on valmistatud toidusilikoonist ning on lapsele ohutud, kuna ei sisalda ohtlikke \u00fchendeid.","og_url":"https:\/\/sulin.ee\/en\/toode\/jollein-silikoonist-sooginoude-komplekt\/","og_site_name":"sulin.ee","article_publisher":"https:\/\/www.facebook.com\/www.sulin.ee\/","article_modified_time":"2025-09-07T21:49:50+00:00","og_image":[{"width":1800,"height":1350,"url":"https:\/\/sulin.ee\/wp-content\/uploads\/2022\/11\/Sooginoud-Jeans-Blue.jpg","type":"image\/jpeg"}],"twitter_card":"summary_large_image","twitter_misc":{"Est. reading time":"2 minutes"},"schema":{"@context":"https:\/\/schema.org","@graph":[{"@type":"WebPage","@id":"https:\/\/sulin.ee\/en\/toode\/jollein-silikoonist-sooginoude-komplekt\/","url":"https:\/\/sulin.ee\/en\/toode\/jollein-silikoonist-sooginoude-komplekt\/","name":"Jollein silikoonist s\u00f6\u00f6gin\u00f5ude komplekt - Jeans Blue - sulin.ee","isPartOf":{"@id":"https:\/\/sulin.ee\/en\/#website"},"primaryImageOfPage":{"@id":"https:\/\/sulin.ee\/en\/toode\/jollein-silikoonist-sooginoude-komplekt\/#primaryimage"},"image":{"@id":"https:\/\/sulin.ee\/en\/toode\/jollein-silikoonist-sooginoude-komplekt\/#primaryimage"},"thumbnailUrl":"https:\/\/sulin.ee\/wp-content\/uploads\/2022\/11\/Sooginoud-Jeans-Blue.jpg","datePublished":"2022-11-20T21:17:34+00:00","dateModified":"2025-09-07T21:49:50+00:00","description":"Silikoonist s\u00f6\u00f6gin\u00f5ude komplekt on ideaalne iseseisva s\u00f6\u00f6mise harjutamiseks. Komplekti kuuluvad lusikas, taldrik, kauss ja joogitops.Pehmest silikoonist lusikat on lihtne k\u00e4es hoida, see ei l\u00e4he kunagi kuumaks ega murune, lisaks sellele on see \u00f5rn lapse igemetele ja hammastele. Taldriku ja kausi k\u00fcljes oleva iminapa abil on neid mugav laua k\u00fclge kinnitada. Nii saad ka ise rahulikult oma toitu nautida ilma et peaks lapse n\u00f5usid p\u00fc\u00fcdama v\u00f5i maast kokku korjama. Silikoonist joogitopsiga saab laps turvaliselt iseseisvat joomist harjutada - \u00fcksk\u00f5ik kui tihti tops maha kukku, see ei l\u00e4he katki.Kuna silikoonist n\u00f5ud kaaluvad v\u00e4he on neid ka mugav reisile kaasa v\u00f5tta, nii saab lapse oma lemmik n\u00f5usid kasutada ka v\u00f5\u00f5rsil olles.Silikoonist n\u00f5ud on vastupidavad ning taluvad temperatuuri alates +230\u00b0C kuni -20\u00b0C, seega on neid ohutu kasutada s\u00fcgavk\u00fclmas, mikrolaineahjus ja ahjus. Peale kasutamist saad need mugavalt n\u00f5udepesumasinas puhtaks pesta.N\u00f5ud on valmistatud toidusilikoonist ning on lapsele ohutud, kuna ei sisalda ohtlikke \u00fchendeid.","breadcrumb":{"@id":"https:\/\/sulin.ee\/en\/toode\/jollein-silikoonist-sooginoude-komplekt\/#breadcrumb"},"inLanguage":"en-US","potentialAction":[{"@type":"ReadAction","target":["https:\/\/sulin.ee\/en\/toode\/jollein-silikoonist-sooginoude-komplekt\/"]}]},{"@type":"ImageObject","inLanguage":"en-US","@id":"https:\/\/sulin.ee\/en\/toode\/jollein-silikoonist-sooginoude-komplekt\/#primaryimage","url":"https:\/\/sulin.ee\/wp-content\/uploads\/2022\/11\/Sooginoud-Jeans-Blue.jpg","contentUrl":"https:\/\/sulin.ee\/wp-content\/uploads\/2022\/11\/Sooginoud-Jeans-Blue.jpg","width":1800,"height":1350},{"@type":"BreadcrumbList","@id":"https:\/\/sulin.ee\/en\/toode\/jollein-silikoonist-sooginoude-komplekt\/#breadcrumb","itemListElement":[{"@type":"ListItem","position":1,"name":"Home","item":"https:\/\/sulin.ee\/en\/"},{"@type":"ListItem","position":2,"name":"Sulin.ee e-pood","item":"https:\/\/sulin.ee\/shop\/"},{"@type":"ListItem","position":3,"name":"Jollein silikoonist s\u00f6\u00f6gin\u00f5ude komplekt &#8211; Jeans Blue"}]},{"@type":"WebSite","@id":"https:\/\/sulin.ee\/en\/#website","url":"https:\/\/sulin.ee\/en\/","name":"sulin.ee","description":"","publisher":{"@id":"https:\/\/sulin.ee\/en\/#organization"},"potentialAction":[{"@type":"SearchAction","target":{"@type":"EntryPoint","urlTemplate":"https:\/\/sulin.ee\/en\/?s={search_term_string}"},"query-input":{"@type":"PropertyValueSpecification","valueRequired":true,"valueName":"search_term_string"}}],"inLanguage":"en-US"},{"@type":"Organization","@id":"https:\/\/sulin.ee\/en\/#organization","name":"SULIN TRADE O\u00dc","url":"https:\/\/sulin.ee\/en\/","logo":{"@type":"ImageObject","inLanguage":"en-US","@id":"https:\/\/sulin.ee\/en\/#\/schema\/logo\/image\/","url":"https:\/\/sulin.ee\/wp-content\/uploads\/2022\/11\/sulin-logo.png","contentUrl":"https:\/\/sulin.ee\/wp-content\/uploads\/2022\/11\/sulin-logo.png","width":871,"height":321,"caption":"SULIN TRADE O\u00dc"},"image":{"@id":"https:\/\/sulin.ee\/en\/#\/schema\/logo\/image\/"},"sameAs":["https:\/\/www.facebook.com\/www.sulin.ee\/","https:\/\/www.instagram.com\/sulintrade\/"]}]}},"builder_content":"","_links":{"self":[{"href":"https:\/\/sulin.ee\/en\/wp-json\/wp\/v2\/product\/8366","targetHints":{"allow":["GET"]}}],"collection":[{"href":"https:\/\/sulin.ee\/en\/wp-json\/wp\/v2\/product"}],"about":[{"href":"https:\/\/sulin.ee\/en\/wp-json\/wp\/v2\/types\/product"}],"replies":[{"embeddable":true,"href":"https:\/\/sulin.ee\/en\/wp-json\/wp\/v2\/comments?post=8366"}],"wp:featuredmedia":[{"embeddable":true,"href":"https:\/\/sulin.ee\/en\/wp-json\/wp\/v2\/media\/8371"}],"wp:attachment":[{"href":"https:\/\/sulin.ee\/en\/wp-json\/wp\/v2\/media?parent=8366"}],"wp:term":[{"taxonomy":"product_brand","embeddable":true,"href":"https:\/\/sulin.ee\/en\/wp-json\/wp\/v2\/product_brand?post=8366"},{"taxonomy":"product_cat","embeddable":true,"href":"https:\/\/sulin.ee\/en\/wp-json\/wp\/v2\/product_cat?post=8366"},{"taxonomy":"product_tag","embeddable":true,"href":"https:\/\/sulin.ee\/en\/wp-json\/wp\/v2\/product_tag?post=8366"}],"curies":[{"name":"wp","href":"https:\/\/api.w.org\/{rel}","templated":true}]}}