{"id":8312,"date":"2022-11-20T20:56:47","date_gmt":"2022-11-20T20:56:47","guid":{"rendered":"https:\/\/sulin.ee\/?post_type=product&#038;p=8312"},"modified":"2025-09-07T21:57:50","modified_gmt":"2025-09-07T21:57:50","slug":"jollein-mahkimisaluse-kate-50-x-70-cm","status":"publish","type":"product","link":"https:\/\/sulin.ee\/en\/toode\/jollein-mahkimisaluse-kate-50-x-70-cm\/","title":{"rendered":"Jollein m\u00e4hkimisaluse kate kummiga 50 x 70 cm"},"content":{"rendered":"<p><strong>Jollein m\u00e4hkimisaluse kate kummiga on valmistatud puuvilla froteest. Pehme ja elastne kate p\u00fcsib t\u00e4nu \u00e4\u00e4res olevale kummile ilusti \u00fcmber aluse ning ei libise maha. T\u00e4nu spetsiaalsele kattele on beebil m\u00e4hkimilaua peal mugav ja soojem olla.<\/strong><\/p>\n<p>M\u00e4hkimislauad on enamasti k\u00fclmad ja libedad. Ilma linata ei ole beebil seal hea ega mugav olla. Tavaline musliinist lina v\u00f5ib j\u00e4\u00e4da liiga \u00f5hukeseks ja libiseda maha.<\/p>\n<p><a href=\"https:\/\/jollein.com\/\" target=\"_blank\" rel=\"noopener\">Jollein<\/a> kummiga m\u00e4hkimisaluse kate on veniv ning sobib enamikele alustele. Seda on lihtne panna ja \u00e4ra v\u00f5tta. Mustaks saades viska see lihtsalt pessu ning kasuta siis taas uuesti.<\/p>\n<p><strong>Katte v\u00e4rvus Ivory.<\/strong><\/p>\n<p>Kodust v\u00e4lja minnes on mugav kasutada korduvkasutatavat m\u00e4hkimisaluse lina, mille saad lahti voltida \u00fcksk\u00f5ik kus oled. Vaata l\u00e4hemalt <span style=\"color: #ff9900;\"><a style=\"color: #ff9900;\" href=\"https:\/\/sulin.ee\/tootekategooria\/beebid\/riidest-mahkmed\/mahkmesisud-ja-lisatarvikud\/mahkimise-aluslinad\/\" target=\"_blank\" rel=\"noopener\">valikut siit.<\/a><\/span><\/p>\n<p><strong>Hooldus:<\/strong> Masinpesu kuni 40\u00b0C.<\/p>\n<p><strong>Materjal:<\/strong> 85% puuvill, 15% pol\u00fcester.<\/p>\n<p><strong>M\u00f5\u00f5dud:<\/strong> 50 x 70 cm.<\/p>\n","protected":false},"excerpt":{"rendered":"<p>Jollein m\u00e4hkimisaluse kate kummiga on valmistatud puuvilla froteest. Pehme ja elastne kate p\u00fcsib t\u00e4nu \u00e4\u00e4res olevale kummile ilusti \u00fcmber aluse ning ei libise maha. T\u00e4nu spetsiaalsele kattele on beebil m\u00e4hkimilaua peal mugav ja soojem olla. M\u00e4hkimislauad on enamasti k\u00fclmad ja libedad. Ilma linata ei ole beebil seal hea ega mugav olla. Tavaline musliinist lina v\u00f5ib [&hellip;]<\/p>\n","protected":false},"featured_media":18597,"comment_status":"open","ping_status":"closed","template":"","meta":[],"product_brand":[],"product_cat":[773,776],"product_tag":[],"class_list":{"0":"post-8312","1":"product","2":"type-product","3":"status-publish","4":"has-post-thumbnail","6":"product_cat-mahkimisaluse-katted","7":"product_cat-jollein-2","8":"has-post-title","9":"has-post-date","10":"has-post-category","11":"has-post-tag","12":"has-post-comment","13":"has-post-author","14":"","16":"first","17":"instock","18":"sale","19":"taxable","20":"shipping-taxable","21":"purchasable","22":"product-type-simple"},"yoast_head":"<!-- This site is optimized with the Yoast SEO plugin v26.8 - https:\/\/yoast.com\/product\/yoast-seo-wordpress\/ -->\n<title>Jollein m\u00e4hkimisaluse kate kummiga 50 x 70 cm - sulin.ee<\/title>\n<meta name=\"description\" content=\"Jollein m\u00e4hkimisaluse kate kummiga on valmistatud 100% puuvilla froteest. T\u00e4nu spetsiaalsele kattele on beebil m\u00e4hkimilaua peal mugav ja soe olla.\" \/>\n<meta name=\"robots\" content=\"index, follow, max-snippet:-1, max-image-preview:large, max-video-preview:-1\" \/>\n<link rel=\"canonical\" href=\"https:\/\/sulin.ee\/en\/toode\/jollein-mahkimisaluse-kate-50-x-70-cm\/\" \/>\n<meta property=\"og:locale\" content=\"en_US\" \/>\n<meta property=\"og:type\" content=\"article\" \/>\n<meta property=\"og:title\" content=\"Jollein m\u00e4hkimisaluse kate kummiga 50 x 70 cm - sulin.ee\" \/>\n<meta property=\"og:description\" content=\"Jollein m\u00e4hkimisaluse kate kummiga on valmistatud 100% puuvilla froteest. T\u00e4nu spetsiaalsele kattele on beebil m\u00e4hkimilaua peal mugav ja soe olla.\" \/>\n<meta property=\"og:url\" content=\"https:\/\/sulin.ee\/en\/toode\/jollein-mahkimisaluse-kate-50-x-70-cm\/\" \/>\n<meta property=\"og:site_name\" content=\"sulin.ee\" \/>\n<meta property=\"article:publisher\" content=\"https:\/\/www.facebook.com\/www.sulin.ee\/\" \/>\n<meta property=\"article:modified_time\" content=\"2025-09-07T21:57:50+00:00\" \/>\n<meta property=\"og:image\" content=\"https:\/\/sulin.ee\/wp-content\/uploads\/2024\/04\/4-9.png\" \/>\n\t<meta property=\"og:image:width\" content=\"1080\" \/>\n\t<meta property=\"og:image:height\" content=\"1080\" \/>\n\t<meta property=\"og:image:type\" content=\"image\/png\" \/>\n<meta name=\"twitter:card\" content=\"summary_large_image\" \/>\n<meta name=\"twitter:label1\" content=\"Est. reading time\" \/>\n\t<meta name=\"twitter:data1\" content=\"1 minute\" \/>\n<script type=\"application\/ld+json\" class=\"yoast-schema-graph\">{\"@context\":\"https:\/\/schema.org\",\"@graph\":[{\"@type\":\"WebPage\",\"@id\":\"https:\/\/sulin.ee\/en\/toode\/jollein-mahkimisaluse-kate-50-x-70-cm\/\",\"url\":\"https:\/\/sulin.ee\/en\/toode\/jollein-mahkimisaluse-kate-50-x-70-cm\/\",\"name\":\"Jollein m\u00e4hkimisaluse kate kummiga 50 x 70 cm - sulin.ee\",\"isPartOf\":{\"@id\":\"https:\/\/sulin.ee\/en\/#website\"},\"primaryImageOfPage\":{\"@id\":\"https:\/\/sulin.ee\/en\/toode\/jollein-mahkimisaluse-kate-50-x-70-cm\/#primaryimage\"},\"image\":{\"@id\":\"https:\/\/sulin.ee\/en\/toode\/jollein-mahkimisaluse-kate-50-x-70-cm\/#primaryimage\"},\"thumbnailUrl\":\"https:\/\/sulin.ee\/wp-content\/uploads\/2024\/04\/4-9.png\",\"datePublished\":\"2022-11-20T20:56:47+00:00\",\"dateModified\":\"2025-09-07T21:57:50+00:00\",\"description\":\"Jollein m\u00e4hkimisaluse kate kummiga on valmistatud 100% puuvilla froteest. T\u00e4nu spetsiaalsele kattele on beebil m\u00e4hkimilaua peal mugav ja soe olla.\",\"breadcrumb\":{\"@id\":\"https:\/\/sulin.ee\/en\/toode\/jollein-mahkimisaluse-kate-50-x-70-cm\/#breadcrumb\"},\"inLanguage\":\"en-US\",\"potentialAction\":[{\"@type\":\"ReadAction\",\"target\":[\"https:\/\/sulin.ee\/en\/toode\/jollein-mahkimisaluse-kate-50-x-70-cm\/\"]}]},{\"@type\":\"ImageObject\",\"inLanguage\":\"en-US\",\"@id\":\"https:\/\/sulin.ee\/en\/toode\/jollein-mahkimisaluse-kate-50-x-70-cm\/#primaryimage\",\"url\":\"https:\/\/sulin.ee\/wp-content\/uploads\/2024\/04\/4-9.png\",\"contentUrl\":\"https:\/\/sulin.ee\/wp-content\/uploads\/2024\/04\/4-9.png\",\"width\":1080,\"height\":1080},{\"@type\":\"BreadcrumbList\",\"@id\":\"https:\/\/sulin.ee\/en\/toode\/jollein-mahkimisaluse-kate-50-x-70-cm\/#breadcrumb\",\"itemListElement\":[{\"@type\":\"ListItem\",\"position\":1,\"name\":\"Home\",\"item\":\"https:\/\/sulin.ee\/en\/\"},{\"@type\":\"ListItem\",\"position\":2,\"name\":\"Sulin.ee e-pood\",\"item\":\"https:\/\/sulin.ee\/shop\/\"},{\"@type\":\"ListItem\",\"position\":3,\"name\":\"Jollein m\u00e4hkimisaluse kate kummiga 50 x 70 cm\"}]},{\"@type\":\"WebSite\",\"@id\":\"https:\/\/sulin.ee\/en\/#website\",\"url\":\"https:\/\/sulin.ee\/en\/\",\"name\":\"sulin.ee\",\"description\":\"\",\"publisher\":{\"@id\":\"https:\/\/sulin.ee\/en\/#organization\"},\"potentialAction\":[{\"@type\":\"SearchAction\",\"target\":{\"@type\":\"EntryPoint\",\"urlTemplate\":\"https:\/\/sulin.ee\/en\/?s={search_term_string}\"},\"query-input\":{\"@type\":\"PropertyValueSpecification\",\"valueRequired\":true,\"valueName\":\"search_term_string\"}}],\"inLanguage\":\"en-US\"},{\"@type\":\"Organization\",\"@id\":\"https:\/\/sulin.ee\/en\/#organization\",\"name\":\"SULIN TRADE O\u00dc\",\"url\":\"https:\/\/sulin.ee\/en\/\",\"logo\":{\"@type\":\"ImageObject\",\"inLanguage\":\"en-US\",\"@id\":\"https:\/\/sulin.ee\/en\/#\/schema\/logo\/image\/\",\"url\":\"https:\/\/sulin.ee\/wp-content\/uploads\/2022\/11\/sulin-logo.png\",\"contentUrl\":\"https:\/\/sulin.ee\/wp-content\/uploads\/2022\/11\/sulin-logo.png\",\"width\":871,\"height\":321,\"caption\":\"SULIN TRADE O\u00dc\"},\"image\":{\"@id\":\"https:\/\/sulin.ee\/en\/#\/schema\/logo\/image\/\"},\"sameAs\":[\"https:\/\/www.facebook.com\/www.sulin.ee\/\",\"https:\/\/www.instagram.com\/sulintrade\/\"]}]}<\/script>\n<!-- \/ Yoast SEO plugin. -->","yoast_head_json":{"title":"Jollein m\u00e4hkimisaluse kate kummiga 50 x 70 cm - sulin.ee","description":"Jollein m\u00e4hkimisaluse kate kummiga on valmistatud 100% puuvilla froteest. T\u00e4nu spetsiaalsele kattele on beebil m\u00e4hkimilaua peal mugav ja soe olla.","robots":{"index":"index","follow":"follow","max-snippet":"max-snippet:-1","max-image-preview":"max-image-preview:large","max-video-preview":"max-video-preview:-1"},"canonical":"https:\/\/sulin.ee\/en\/toode\/jollein-mahkimisaluse-kate-50-x-70-cm\/","og_locale":"en_US","og_type":"article","og_title":"Jollein m\u00e4hkimisaluse kate kummiga 50 x 70 cm - sulin.ee","og_description":"Jollein m\u00e4hkimisaluse kate kummiga on valmistatud 100% puuvilla froteest. T\u00e4nu spetsiaalsele kattele on beebil m\u00e4hkimilaua peal mugav ja soe olla.","og_url":"https:\/\/sulin.ee\/en\/toode\/jollein-mahkimisaluse-kate-50-x-70-cm\/","og_site_name":"sulin.ee","article_publisher":"https:\/\/www.facebook.com\/www.sulin.ee\/","article_modified_time":"2025-09-07T21:57:50+00:00","og_image":[{"width":1080,"height":1080,"url":"https:\/\/sulin.ee\/wp-content\/uploads\/2024\/04\/4-9.png","type":"image\/png"}],"twitter_card":"summary_large_image","twitter_misc":{"Est. reading time":"1 minute"},"schema":{"@context":"https:\/\/schema.org","@graph":[{"@type":"WebPage","@id":"https:\/\/sulin.ee\/en\/toode\/jollein-mahkimisaluse-kate-50-x-70-cm\/","url":"https:\/\/sulin.ee\/en\/toode\/jollein-mahkimisaluse-kate-50-x-70-cm\/","name":"Jollein m\u00e4hkimisaluse kate kummiga 50 x 70 cm - sulin.ee","isPartOf":{"@id":"https:\/\/sulin.ee\/en\/#website"},"primaryImageOfPage":{"@id":"https:\/\/sulin.ee\/en\/toode\/jollein-mahkimisaluse-kate-50-x-70-cm\/#primaryimage"},"image":{"@id":"https:\/\/sulin.ee\/en\/toode\/jollein-mahkimisaluse-kate-50-x-70-cm\/#primaryimage"},"thumbnailUrl":"https:\/\/sulin.ee\/wp-content\/uploads\/2024\/04\/4-9.png","datePublished":"2022-11-20T20:56:47+00:00","dateModified":"2025-09-07T21:57:50+00:00","description":"Jollein m\u00e4hkimisaluse kate kummiga on valmistatud 100% puuvilla froteest. T\u00e4nu spetsiaalsele kattele on beebil m\u00e4hkimilaua peal mugav ja soe olla.","breadcrumb":{"@id":"https:\/\/sulin.ee\/en\/toode\/jollein-mahkimisaluse-kate-50-x-70-cm\/#breadcrumb"},"inLanguage":"en-US","potentialAction":[{"@type":"ReadAction","target":["https:\/\/sulin.ee\/en\/toode\/jollein-mahkimisaluse-kate-50-x-70-cm\/"]}]},{"@type":"ImageObject","inLanguage":"en-US","@id":"https:\/\/sulin.ee\/en\/toode\/jollein-mahkimisaluse-kate-50-x-70-cm\/#primaryimage","url":"https:\/\/sulin.ee\/wp-content\/uploads\/2024\/04\/4-9.png","contentUrl":"https:\/\/sulin.ee\/wp-content\/uploads\/2024\/04\/4-9.png","width":1080,"height":1080},{"@type":"BreadcrumbList","@id":"https:\/\/sulin.ee\/en\/toode\/jollein-mahkimisaluse-kate-50-x-70-cm\/#breadcrumb","itemListElement":[{"@type":"ListItem","position":1,"name":"Home","item":"https:\/\/sulin.ee\/en\/"},{"@type":"ListItem","position":2,"name":"Sulin.ee e-pood","item":"https:\/\/sulin.ee\/shop\/"},{"@type":"ListItem","position":3,"name":"Jollein m\u00e4hkimisaluse kate kummiga 50 x 70 cm"}]},{"@type":"WebSite","@id":"https:\/\/sulin.ee\/en\/#website","url":"https:\/\/sulin.ee\/en\/","name":"sulin.ee","description":"","publisher":{"@id":"https:\/\/sulin.ee\/en\/#organization"},"potentialAction":[{"@type":"SearchAction","target":{"@type":"EntryPoint","urlTemplate":"https:\/\/sulin.ee\/en\/?s={search_term_string}"},"query-input":{"@type":"PropertyValueSpecification","valueRequired":true,"valueName":"search_term_string"}}],"inLanguage":"en-US"},{"@type":"Organization","@id":"https:\/\/sulin.ee\/en\/#organization","name":"SULIN TRADE O\u00dc","url":"https:\/\/sulin.ee\/en\/","logo":{"@type":"ImageObject","inLanguage":"en-US","@id":"https:\/\/sulin.ee\/en\/#\/schema\/logo\/image\/","url":"https:\/\/sulin.ee\/wp-content\/uploads\/2022\/11\/sulin-logo.png","contentUrl":"https:\/\/sulin.ee\/wp-content\/uploads\/2022\/11\/sulin-logo.png","width":871,"height":321,"caption":"SULIN TRADE O\u00dc"},"image":{"@id":"https:\/\/sulin.ee\/en\/#\/schema\/logo\/image\/"},"sameAs":["https:\/\/www.facebook.com\/www.sulin.ee\/","https:\/\/www.instagram.com\/sulintrade\/"]}]}},"builder_content":"","_links":{"self":[{"href":"https:\/\/sulin.ee\/en\/wp-json\/wp\/v2\/product\/8312","targetHints":{"allow":["GET"]}}],"collection":[{"href":"https:\/\/sulin.ee\/en\/wp-json\/wp\/v2\/product"}],"about":[{"href":"https:\/\/sulin.ee\/en\/wp-json\/wp\/v2\/types\/product"}],"replies":[{"embeddable":true,"href":"https:\/\/sulin.ee\/en\/wp-json\/wp\/v2\/comments?post=8312"}],"wp:featuredmedia":[{"embeddable":true,"href":"https:\/\/sulin.ee\/en\/wp-json\/wp\/v2\/media\/18597"}],"wp:attachment":[{"href":"https:\/\/sulin.ee\/en\/wp-json\/wp\/v2\/media?parent=8312"}],"wp:term":[{"taxonomy":"product_brand","embeddable":true,"href":"https:\/\/sulin.ee\/en\/wp-json\/wp\/v2\/product_brand?post=8312"},{"taxonomy":"product_cat","embeddable":true,"href":"https:\/\/sulin.ee\/en\/wp-json\/wp\/v2\/product_cat?post=8312"},{"taxonomy":"product_tag","embeddable":true,"href":"https:\/\/sulin.ee\/en\/wp-json\/wp\/v2\/product_tag?post=8312"}],"curies":[{"name":"wp","href":"https:\/\/api.w.org\/{rel}","templated":true}]}}