{"id":8211,"date":"2022-11-20T13:37:21","date_gmt":"2022-11-20T13:37:21","guid":{"rendered":"https:\/\/sulin.ee\/?post_type=product&#038;p=8211"},"modified":"2025-09-07T21:58:00","modified_gmt":"2025-09-07T21:58:00","slug":"jollein-puidust-rong-sinine","status":"publish","type":"product","link":"https:\/\/sulin.ee\/en\/toode\/jollein-puidust-rong-sinine\/","title":{"rendered":"Jollein puidust rong &#8211; Sinine"},"content":{"rendered":"<p><strong>See ei ole lihtsalt j\u00e4rjekordne m\u00e4ngurong. See on rong, millel on mitu m\u00e4ngu v\u00f5imalust. Vedur ja kaks vagunit on omavahel \u00fchendatud ning neid saab \u00fcksteisest lahti v\u00f5tta.<\/strong><\/p>\n<p>Ronginga m\u00e4ngimine aitab arendada lapse motoorseid oskusi. See stimuleerib teie lapse meeli uurimiseks, katsumiseks, vaatamiseks ja \u00e4ratundmiseks. Klotside abil saab lapsele \u00f5petada v\u00e4rve, numbreid ja kujuneid.<\/p>\n<p>Rongil on 12 klotsi ja neid k\u00f5iki saab \u00fcksteise k\u00fcljest lahti v\u00f5tta ja siis taas rongile tagasi laadida.<\/p>\n<p><strong>Suurep\u00e4rane kingitus katsikuteks v\u00f5i lapse esimeseks s\u00fcnnip\u00e4evaks.<\/strong><\/p>\n<p>Sobib lapsele alates 1. eluaastast.<\/p>\n","protected":false},"excerpt":{"rendered":"<p>See ei ole lihtsalt j\u00e4rjekordne m\u00e4ngurong. See on rong, millel on mitu m\u00e4ngu v\u00f5imalust. Vedur ja kaks vagunit on omavahel \u00fchendatud ning neid saab \u00fcksteisest lahti v\u00f5tta. Ronginga m\u00e4ngimine aitab arendada lapse motoorseid oskusi. See stimuleerib teie lapse meeli uurimiseks, katsumiseks, vaatamiseks ja \u00e4ratundmiseks. Klotside abil saab lapsele \u00f5petada v\u00e4rve, numbreid ja kujuneid. Rongil on [&hellip;]<\/p>\n","protected":false},"featured_media":8214,"comment_status":"open","ping_status":"closed","template":"","meta":[],"product_brand":[],"product_cat":[1004,999,1001,1162,1163,1164,175,776],"product_tag":[],"class_list":{"0":"post-8211","1":"product","2":"type-product","3":"status-publish","4":"has-post-thumbnail","6":"product_cat-lukatavad-ja-tommatavad-manguasjad","7":"product_cat-ladumistornid","8":"product_cat-sorteerimismangud","9":"product_cat-kingituseks","10":"product_cat-0-1-aasta","11":"product_cat-1-3-aastat","12":"product_cat-puidust-manguasjad","13":"product_cat-jollein-2","14":"has-post-title","15":"has-post-date","16":"has-post-category","17":"has-post-tag","18":"has-post-comment","19":"has-post-author","20":"","22":"first","23":"instock","24":"sale","25":"taxable","26":"shipping-taxable","27":"purchasable","28":"product-type-simple"},"yoast_head":"<!-- This site is optimized with the Yoast SEO plugin v26.8 - https:\/\/yoast.com\/product\/yoast-seo-wordpress\/ -->\n<title>Jollein puidust rong - Sinine - sulin.ee<\/title>\n<meta name=\"robots\" content=\"index, follow, max-snippet:-1, max-image-preview:large, max-video-preview:-1\" \/>\n<link rel=\"canonical\" href=\"https:\/\/sulin.ee\/en\/toode\/jollein-puidust-rong-sinine\/\" \/>\n<meta property=\"og:locale\" content=\"en_US\" \/>\n<meta property=\"og:type\" content=\"article\" \/>\n<meta property=\"og:title\" content=\"Jollein puidust rong - Sinine - sulin.ee\" \/>\n<meta property=\"og:description\" content=\"See ei ole lihtsalt j\u00e4rjekordne m\u00e4ngurong. See on rong, millel on mitu m\u00e4ngu v\u00f5imalust. Vedur ja kaks vagunit on omavahel \u00fchendatud ning neid saab \u00fcksteisest lahti v\u00f5tta. Ronginga m\u00e4ngimine aitab arendada lapse motoorseid oskusi. See stimuleerib teie lapse meeli uurimiseks, katsumiseks, vaatamiseks ja \u00e4ratundmiseks. Klotside abil saab lapsele \u00f5petada v\u00e4rve, numbreid ja kujuneid. Rongil on [&hellip;]\" \/>\n<meta property=\"og:url\" content=\"https:\/\/sulin.ee\/en\/toode\/jollein-puidust-rong-sinine\/\" \/>\n<meta property=\"og:site_name\" content=\"sulin.ee\" \/>\n<meta property=\"article:publisher\" content=\"https:\/\/www.facebook.com\/www.sulin.ee\/\" \/>\n<meta property=\"article:modified_time\" content=\"2025-09-07T21:58:00+00:00\" \/>\n<meta property=\"og:image\" content=\"https:\/\/sulin.ee\/wp-content\/uploads\/2022\/11\/Sinine-puidust-rong.jpg\" \/>\n\t<meta property=\"og:image:width\" content=\"1800\" \/>\n\t<meta property=\"og:image:height\" content=\"1350\" \/>\n\t<meta property=\"og:image:type\" content=\"image\/jpeg\" \/>\n<meta name=\"twitter:card\" content=\"summary_large_image\" \/>\n<meta name=\"twitter:label1\" content=\"Est. reading time\" \/>\n\t<meta name=\"twitter:data1\" content=\"1 minute\" \/>\n<script type=\"application\/ld+json\" class=\"yoast-schema-graph\">{\"@context\":\"https:\/\/schema.org\",\"@graph\":[{\"@type\":\"WebPage\",\"@id\":\"https:\/\/sulin.ee\/en\/toode\/jollein-puidust-rong-sinine\/\",\"url\":\"https:\/\/sulin.ee\/en\/toode\/jollein-puidust-rong-sinine\/\",\"name\":\"Jollein puidust rong - Sinine - sulin.ee\",\"isPartOf\":{\"@id\":\"https:\/\/sulin.ee\/en\/#website\"},\"primaryImageOfPage\":{\"@id\":\"https:\/\/sulin.ee\/en\/toode\/jollein-puidust-rong-sinine\/#primaryimage\"},\"image\":{\"@id\":\"https:\/\/sulin.ee\/en\/toode\/jollein-puidust-rong-sinine\/#primaryimage\"},\"thumbnailUrl\":\"https:\/\/sulin.ee\/wp-content\/uploads\/2022\/11\/Sinine-puidust-rong.jpg\",\"datePublished\":\"2022-11-20T13:37:21+00:00\",\"dateModified\":\"2025-09-07T21:58:00+00:00\",\"breadcrumb\":{\"@id\":\"https:\/\/sulin.ee\/en\/toode\/jollein-puidust-rong-sinine\/#breadcrumb\"},\"inLanguage\":\"en-US\",\"potentialAction\":[{\"@type\":\"ReadAction\",\"target\":[\"https:\/\/sulin.ee\/en\/toode\/jollein-puidust-rong-sinine\/\"]}]},{\"@type\":\"ImageObject\",\"inLanguage\":\"en-US\",\"@id\":\"https:\/\/sulin.ee\/en\/toode\/jollein-puidust-rong-sinine\/#primaryimage\",\"url\":\"https:\/\/sulin.ee\/wp-content\/uploads\/2022\/11\/Sinine-puidust-rong.jpg\",\"contentUrl\":\"https:\/\/sulin.ee\/wp-content\/uploads\/2022\/11\/Sinine-puidust-rong.jpg\",\"width\":1800,\"height\":1350},{\"@type\":\"BreadcrumbList\",\"@id\":\"https:\/\/sulin.ee\/en\/toode\/jollein-puidust-rong-sinine\/#breadcrumb\",\"itemListElement\":[{\"@type\":\"ListItem\",\"position\":1,\"name\":\"Home\",\"item\":\"https:\/\/sulin.ee\/en\/\"},{\"@type\":\"ListItem\",\"position\":2,\"name\":\"Sulin.ee e-pood\",\"item\":\"https:\/\/sulin.ee\/shop\/\"},{\"@type\":\"ListItem\",\"position\":3,\"name\":\"Jollein puidust rong &#8211; Sinine\"}]},{\"@type\":\"WebSite\",\"@id\":\"https:\/\/sulin.ee\/en\/#website\",\"url\":\"https:\/\/sulin.ee\/en\/\",\"name\":\"sulin.ee\",\"description\":\"\",\"publisher\":{\"@id\":\"https:\/\/sulin.ee\/en\/#organization\"},\"potentialAction\":[{\"@type\":\"SearchAction\",\"target\":{\"@type\":\"EntryPoint\",\"urlTemplate\":\"https:\/\/sulin.ee\/en\/?s={search_term_string}\"},\"query-input\":{\"@type\":\"PropertyValueSpecification\",\"valueRequired\":true,\"valueName\":\"search_term_string\"}}],\"inLanguage\":\"en-US\"},{\"@type\":\"Organization\",\"@id\":\"https:\/\/sulin.ee\/en\/#organization\",\"name\":\"SULIN TRADE O\u00dc\",\"url\":\"https:\/\/sulin.ee\/en\/\",\"logo\":{\"@type\":\"ImageObject\",\"inLanguage\":\"en-US\",\"@id\":\"https:\/\/sulin.ee\/en\/#\/schema\/logo\/image\/\",\"url\":\"https:\/\/sulin.ee\/wp-content\/uploads\/2022\/11\/sulin-logo.png\",\"contentUrl\":\"https:\/\/sulin.ee\/wp-content\/uploads\/2022\/11\/sulin-logo.png\",\"width\":871,\"height\":321,\"caption\":\"SULIN TRADE O\u00dc\"},\"image\":{\"@id\":\"https:\/\/sulin.ee\/en\/#\/schema\/logo\/image\/\"},\"sameAs\":[\"https:\/\/www.facebook.com\/www.sulin.ee\/\",\"https:\/\/www.instagram.com\/sulintrade\/\"]}]}<\/script>\n<!-- \/ Yoast SEO plugin. -->","yoast_head_json":{"title":"Jollein puidust rong - Sinine - sulin.ee","robots":{"index":"index","follow":"follow","max-snippet":"max-snippet:-1","max-image-preview":"max-image-preview:large","max-video-preview":"max-video-preview:-1"},"canonical":"https:\/\/sulin.ee\/en\/toode\/jollein-puidust-rong-sinine\/","og_locale":"en_US","og_type":"article","og_title":"Jollein puidust rong - Sinine - sulin.ee","og_description":"See ei ole lihtsalt j\u00e4rjekordne m\u00e4ngurong. See on rong, millel on mitu m\u00e4ngu v\u00f5imalust. Vedur ja kaks vagunit on omavahel \u00fchendatud ning neid saab \u00fcksteisest lahti v\u00f5tta. Ronginga m\u00e4ngimine aitab arendada lapse motoorseid oskusi. See stimuleerib teie lapse meeli uurimiseks, katsumiseks, vaatamiseks ja \u00e4ratundmiseks. Klotside abil saab lapsele \u00f5petada v\u00e4rve, numbreid ja kujuneid. Rongil on [&hellip;]","og_url":"https:\/\/sulin.ee\/en\/toode\/jollein-puidust-rong-sinine\/","og_site_name":"sulin.ee","article_publisher":"https:\/\/www.facebook.com\/www.sulin.ee\/","article_modified_time":"2025-09-07T21:58:00+00:00","og_image":[{"width":1800,"height":1350,"url":"https:\/\/sulin.ee\/wp-content\/uploads\/2022\/11\/Sinine-puidust-rong.jpg","type":"image\/jpeg"}],"twitter_card":"summary_large_image","twitter_misc":{"Est. reading time":"1 minute"},"schema":{"@context":"https:\/\/schema.org","@graph":[{"@type":"WebPage","@id":"https:\/\/sulin.ee\/en\/toode\/jollein-puidust-rong-sinine\/","url":"https:\/\/sulin.ee\/en\/toode\/jollein-puidust-rong-sinine\/","name":"Jollein puidust rong - Sinine - sulin.ee","isPartOf":{"@id":"https:\/\/sulin.ee\/en\/#website"},"primaryImageOfPage":{"@id":"https:\/\/sulin.ee\/en\/toode\/jollein-puidust-rong-sinine\/#primaryimage"},"image":{"@id":"https:\/\/sulin.ee\/en\/toode\/jollein-puidust-rong-sinine\/#primaryimage"},"thumbnailUrl":"https:\/\/sulin.ee\/wp-content\/uploads\/2022\/11\/Sinine-puidust-rong.jpg","datePublished":"2022-11-20T13:37:21+00:00","dateModified":"2025-09-07T21:58:00+00:00","breadcrumb":{"@id":"https:\/\/sulin.ee\/en\/toode\/jollein-puidust-rong-sinine\/#breadcrumb"},"inLanguage":"en-US","potentialAction":[{"@type":"ReadAction","target":["https:\/\/sulin.ee\/en\/toode\/jollein-puidust-rong-sinine\/"]}]},{"@type":"ImageObject","inLanguage":"en-US","@id":"https:\/\/sulin.ee\/en\/toode\/jollein-puidust-rong-sinine\/#primaryimage","url":"https:\/\/sulin.ee\/wp-content\/uploads\/2022\/11\/Sinine-puidust-rong.jpg","contentUrl":"https:\/\/sulin.ee\/wp-content\/uploads\/2022\/11\/Sinine-puidust-rong.jpg","width":1800,"height":1350},{"@type":"BreadcrumbList","@id":"https:\/\/sulin.ee\/en\/toode\/jollein-puidust-rong-sinine\/#breadcrumb","itemListElement":[{"@type":"ListItem","position":1,"name":"Home","item":"https:\/\/sulin.ee\/en\/"},{"@type":"ListItem","position":2,"name":"Sulin.ee e-pood","item":"https:\/\/sulin.ee\/shop\/"},{"@type":"ListItem","position":3,"name":"Jollein puidust rong &#8211; Sinine"}]},{"@type":"WebSite","@id":"https:\/\/sulin.ee\/en\/#website","url":"https:\/\/sulin.ee\/en\/","name":"sulin.ee","description":"","publisher":{"@id":"https:\/\/sulin.ee\/en\/#organization"},"potentialAction":[{"@type":"SearchAction","target":{"@type":"EntryPoint","urlTemplate":"https:\/\/sulin.ee\/en\/?s={search_term_string}"},"query-input":{"@type":"PropertyValueSpecification","valueRequired":true,"valueName":"search_term_string"}}],"inLanguage":"en-US"},{"@type":"Organization","@id":"https:\/\/sulin.ee\/en\/#organization","name":"SULIN TRADE O\u00dc","url":"https:\/\/sulin.ee\/en\/","logo":{"@type":"ImageObject","inLanguage":"en-US","@id":"https:\/\/sulin.ee\/en\/#\/schema\/logo\/image\/","url":"https:\/\/sulin.ee\/wp-content\/uploads\/2022\/11\/sulin-logo.png","contentUrl":"https:\/\/sulin.ee\/wp-content\/uploads\/2022\/11\/sulin-logo.png","width":871,"height":321,"caption":"SULIN TRADE O\u00dc"},"image":{"@id":"https:\/\/sulin.ee\/en\/#\/schema\/logo\/image\/"},"sameAs":["https:\/\/www.facebook.com\/www.sulin.ee\/","https:\/\/www.instagram.com\/sulintrade\/"]}]}},"builder_content":"","_links":{"self":[{"href":"https:\/\/sulin.ee\/en\/wp-json\/wp\/v2\/product\/8211","targetHints":{"allow":["GET"]}}],"collection":[{"href":"https:\/\/sulin.ee\/en\/wp-json\/wp\/v2\/product"}],"about":[{"href":"https:\/\/sulin.ee\/en\/wp-json\/wp\/v2\/types\/product"}],"replies":[{"embeddable":true,"href":"https:\/\/sulin.ee\/en\/wp-json\/wp\/v2\/comments?post=8211"}],"wp:featuredmedia":[{"embeddable":true,"href":"https:\/\/sulin.ee\/en\/wp-json\/wp\/v2\/media\/8214"}],"wp:attachment":[{"href":"https:\/\/sulin.ee\/en\/wp-json\/wp\/v2\/media?parent=8211"}],"wp:term":[{"taxonomy":"product_brand","embeddable":true,"href":"https:\/\/sulin.ee\/en\/wp-json\/wp\/v2\/product_brand?post=8211"},{"taxonomy":"product_cat","embeddable":true,"href":"https:\/\/sulin.ee\/en\/wp-json\/wp\/v2\/product_cat?post=8211"},{"taxonomy":"product_tag","embeddable":true,"href":"https:\/\/sulin.ee\/en\/wp-json\/wp\/v2\/product_tag?post=8211"}],"curies":[{"name":"wp","href":"https:\/\/api.w.org\/{rel}","templated":true}]}}