{"id":8183,"date":"2022-11-20T13:21:08","date_gmt":"2022-11-20T13:21:08","guid":{"rendered":"https:\/\/sulin.ee\/?post_type=product&#038;p=8183"},"modified":"2025-11-28T18:03:23","modified_gmt":"2025-11-28T18:03:23","slug":"jollein-puidust-haamrimang-roosa","status":"publish","type":"product","link":"https:\/\/sulin.ee\/en\/toode\/jollein-puidust-haamrimang-roosa\/","title":{"rendered":"Jollein puidust haamrim\u00e4ng &#8211; Roosa"},"content":{"rendered":"<p><strong>Pole midagi toredamat, kui v\u00e4ikse haamriga l\u00fc\u00fca. Esita oma lapsele v\u00e4ljakutse ja vaata, kas ta suudab k\u00f5ik kuus naela sisse l\u00fc\u00fca. Kui see lapsel \u00f5nnetub, siis saad m\u00e4nguasja \u00fcmber p\u00f6\u00f6rata ja taas m\u00e4ngu alustada.<\/strong><\/p>\n<p>Haamrim\u00e4ng stimuleerib lapse meeli avastama, tunnetama, vaatama ja \u00e4ra tundma. Laps \u00f5pib keskenduma ning treenib silma-k\u00e4e koordinatsiooni.<\/p>\n<p><strong>Suurep\u00e4rane kingitus katsikuteks v\u00f5i lapse esimeseks s\u00fcnnip\u00e4evaks.<\/strong><\/p>\n<p>Sobib lapsele alates 1. eluaastast.<\/p>\n","protected":false},"excerpt":{"rendered":"<p>Pole midagi toredamat, kui v\u00e4ikse haamriga l\u00fc\u00fca. Esita oma lapsele v\u00e4ljakutse ja vaata, kas ta suudab k\u00f5ik kuus naela sisse l\u00fc\u00fca. Kui see lapsel \u00f5nnetub, siis saad m\u00e4nguasja \u00fcmber p\u00f6\u00f6rata ja taas m\u00e4ngu alustada. Haamrim\u00e4ng stimuleerib lapse meeli avastama, tunnetama, vaatama ja \u00e4ra tundma. Laps \u00f5pib keskenduma ning treenib silma-k\u00e4e koordinatsiooni. Suurep\u00e4rane kingitus katsikuteks v\u00f5i [&hellip;]<\/p>\n","protected":false},"featured_media":8188,"comment_status":"open","ping_status":"closed","template":"","meta":[],"product_brand":[],"product_cat":[1005,1162,1163,1164,175,776],"product_tag":[],"class_list":{"0":"post-8183","1":"product","2":"type-product","3":"status-publish","4":"has-post-thumbnail","6":"product_cat-haamrimang","7":"product_cat-kingituseks","8":"product_cat-0-1-aasta","9":"product_cat-1-3-aastat","10":"product_cat-puidust-manguasjad","11":"product_cat-jollein-2","12":"has-post-title","13":"has-post-date","14":"has-post-category","15":"has-post-tag","16":"has-post-comment","17":"has-post-author","18":"","20":"first","21":"instock","22":"sale","23":"taxable","24":"shipping-taxable","25":"purchasable","26":"product-type-simple"},"yoast_head":"<!-- This site is optimized with the Yoast SEO plugin v26.8 - https:\/\/yoast.com\/product\/yoast-seo-wordpress\/ -->\n<title>Jollein puidust haamrim\u00e4ng - Roosa - sulin.ee<\/title>\n<meta name=\"robots\" content=\"index, follow, max-snippet:-1, max-image-preview:large, max-video-preview:-1\" \/>\n<link rel=\"canonical\" href=\"https:\/\/sulin.ee\/en\/toode\/jollein-puidust-haamrimang-roosa\/\" \/>\n<meta property=\"og:locale\" content=\"en_US\" \/>\n<meta property=\"og:type\" content=\"article\" \/>\n<meta property=\"og:title\" content=\"Jollein puidust haamrim\u00e4ng - Roosa - sulin.ee\" \/>\n<meta property=\"og:description\" content=\"Pole midagi toredamat, kui v\u00e4ikse haamriga l\u00fc\u00fca. Esita oma lapsele v\u00e4ljakutse ja vaata, kas ta suudab k\u00f5ik kuus naela sisse l\u00fc\u00fca. Kui see lapsel \u00f5nnetub, siis saad m\u00e4nguasja \u00fcmber p\u00f6\u00f6rata ja taas m\u00e4ngu alustada. Haamrim\u00e4ng stimuleerib lapse meeli avastama, tunnetama, vaatama ja \u00e4ra tundma. Laps \u00f5pib keskenduma ning treenib silma-k\u00e4e koordinatsiooni. Suurep\u00e4rane kingitus katsikuteks v\u00f5i [&hellip;]\" \/>\n<meta property=\"og:url\" content=\"https:\/\/sulin.ee\/en\/toode\/jollein-puidust-haamrimang-roosa\/\" \/>\n<meta property=\"og:site_name\" content=\"sulin.ee\" \/>\n<meta property=\"article:publisher\" content=\"https:\/\/www.facebook.com\/www.sulin.ee\/\" \/>\n<meta property=\"article:modified_time\" content=\"2025-11-28T18:03:23+00:00\" \/>\n<meta property=\"og:image\" content=\"https:\/\/sulin.ee\/wp-content\/uploads\/2022\/11\/Wood-bench-pink.jpg\" \/>\n\t<meta property=\"og:image:width\" content=\"1800\" \/>\n\t<meta property=\"og:image:height\" content=\"1351\" \/>\n\t<meta property=\"og:image:type\" content=\"image\/jpeg\" \/>\n<meta name=\"twitter:card\" content=\"summary_large_image\" \/>\n<meta name=\"twitter:label1\" content=\"Est. reading time\" \/>\n\t<meta name=\"twitter:data1\" content=\"1 minute\" \/>\n<script type=\"application\/ld+json\" class=\"yoast-schema-graph\">{\"@context\":\"https:\/\/schema.org\",\"@graph\":[{\"@type\":\"WebPage\",\"@id\":\"https:\/\/sulin.ee\/en\/toode\/jollein-puidust-haamrimang-roosa\/\",\"url\":\"https:\/\/sulin.ee\/en\/toode\/jollein-puidust-haamrimang-roosa\/\",\"name\":\"Jollein puidust haamrim\u00e4ng - Roosa - sulin.ee\",\"isPartOf\":{\"@id\":\"https:\/\/sulin.ee\/en\/#website\"},\"primaryImageOfPage\":{\"@id\":\"https:\/\/sulin.ee\/en\/toode\/jollein-puidust-haamrimang-roosa\/#primaryimage\"},\"image\":{\"@id\":\"https:\/\/sulin.ee\/en\/toode\/jollein-puidust-haamrimang-roosa\/#primaryimage\"},\"thumbnailUrl\":\"https:\/\/sulin.ee\/wp-content\/uploads\/2022\/11\/Wood-bench-pink.jpg\",\"datePublished\":\"2022-11-20T13:21:08+00:00\",\"dateModified\":\"2025-11-28T18:03:23+00:00\",\"breadcrumb\":{\"@id\":\"https:\/\/sulin.ee\/en\/toode\/jollein-puidust-haamrimang-roosa\/#breadcrumb\"},\"inLanguage\":\"en-US\",\"potentialAction\":[{\"@type\":\"ReadAction\",\"target\":[\"https:\/\/sulin.ee\/en\/toode\/jollein-puidust-haamrimang-roosa\/\"]}]},{\"@type\":\"ImageObject\",\"inLanguage\":\"en-US\",\"@id\":\"https:\/\/sulin.ee\/en\/toode\/jollein-puidust-haamrimang-roosa\/#primaryimage\",\"url\":\"https:\/\/sulin.ee\/wp-content\/uploads\/2022\/11\/Wood-bench-pink.jpg\",\"contentUrl\":\"https:\/\/sulin.ee\/wp-content\/uploads\/2022\/11\/Wood-bench-pink.jpg\",\"width\":1800,\"height\":1351},{\"@type\":\"BreadcrumbList\",\"@id\":\"https:\/\/sulin.ee\/en\/toode\/jollein-puidust-haamrimang-roosa\/#breadcrumb\",\"itemListElement\":[{\"@type\":\"ListItem\",\"position\":1,\"name\":\"Home\",\"item\":\"https:\/\/sulin.ee\/en\/\"},{\"@type\":\"ListItem\",\"position\":2,\"name\":\"Sulin.ee e-pood\",\"item\":\"https:\/\/sulin.ee\/shop\/\"},{\"@type\":\"ListItem\",\"position\":3,\"name\":\"Jollein puidust haamrim\u00e4ng &#8211; Roosa\"}]},{\"@type\":\"WebSite\",\"@id\":\"https:\/\/sulin.ee\/en\/#website\",\"url\":\"https:\/\/sulin.ee\/en\/\",\"name\":\"sulin.ee\",\"description\":\"\",\"publisher\":{\"@id\":\"https:\/\/sulin.ee\/en\/#organization\"},\"potentialAction\":[{\"@type\":\"SearchAction\",\"target\":{\"@type\":\"EntryPoint\",\"urlTemplate\":\"https:\/\/sulin.ee\/en\/?s={search_term_string}\"},\"query-input\":{\"@type\":\"PropertyValueSpecification\",\"valueRequired\":true,\"valueName\":\"search_term_string\"}}],\"inLanguage\":\"en-US\"},{\"@type\":\"Organization\",\"@id\":\"https:\/\/sulin.ee\/en\/#organization\",\"name\":\"SULIN TRADE O\u00dc\",\"url\":\"https:\/\/sulin.ee\/en\/\",\"logo\":{\"@type\":\"ImageObject\",\"inLanguage\":\"en-US\",\"@id\":\"https:\/\/sulin.ee\/en\/#\/schema\/logo\/image\/\",\"url\":\"https:\/\/sulin.ee\/wp-content\/uploads\/2022\/11\/sulin-logo.png\",\"contentUrl\":\"https:\/\/sulin.ee\/wp-content\/uploads\/2022\/11\/sulin-logo.png\",\"width\":871,\"height\":321,\"caption\":\"SULIN TRADE O\u00dc\"},\"image\":{\"@id\":\"https:\/\/sulin.ee\/en\/#\/schema\/logo\/image\/\"},\"sameAs\":[\"https:\/\/www.facebook.com\/www.sulin.ee\/\",\"https:\/\/www.instagram.com\/sulintrade\/\"]}]}<\/script>\n<!-- \/ Yoast SEO plugin. -->","yoast_head_json":{"title":"Jollein puidust haamrim\u00e4ng - Roosa - sulin.ee","robots":{"index":"index","follow":"follow","max-snippet":"max-snippet:-1","max-image-preview":"max-image-preview:large","max-video-preview":"max-video-preview:-1"},"canonical":"https:\/\/sulin.ee\/en\/toode\/jollein-puidust-haamrimang-roosa\/","og_locale":"en_US","og_type":"article","og_title":"Jollein puidust haamrim\u00e4ng - Roosa - sulin.ee","og_description":"Pole midagi toredamat, kui v\u00e4ikse haamriga l\u00fc\u00fca. Esita oma lapsele v\u00e4ljakutse ja vaata, kas ta suudab k\u00f5ik kuus naela sisse l\u00fc\u00fca. Kui see lapsel \u00f5nnetub, siis saad m\u00e4nguasja \u00fcmber p\u00f6\u00f6rata ja taas m\u00e4ngu alustada. Haamrim\u00e4ng stimuleerib lapse meeli avastama, tunnetama, vaatama ja \u00e4ra tundma. Laps \u00f5pib keskenduma ning treenib silma-k\u00e4e koordinatsiooni. Suurep\u00e4rane kingitus katsikuteks v\u00f5i [&hellip;]","og_url":"https:\/\/sulin.ee\/en\/toode\/jollein-puidust-haamrimang-roosa\/","og_site_name":"sulin.ee","article_publisher":"https:\/\/www.facebook.com\/www.sulin.ee\/","article_modified_time":"2025-11-28T18:03:23+00:00","og_image":[{"width":1800,"height":1351,"url":"https:\/\/sulin.ee\/wp-content\/uploads\/2022\/11\/Wood-bench-pink.jpg","type":"image\/jpeg"}],"twitter_card":"summary_large_image","twitter_misc":{"Est. reading time":"1 minute"},"schema":{"@context":"https:\/\/schema.org","@graph":[{"@type":"WebPage","@id":"https:\/\/sulin.ee\/en\/toode\/jollein-puidust-haamrimang-roosa\/","url":"https:\/\/sulin.ee\/en\/toode\/jollein-puidust-haamrimang-roosa\/","name":"Jollein puidust haamrim\u00e4ng - Roosa - sulin.ee","isPartOf":{"@id":"https:\/\/sulin.ee\/en\/#website"},"primaryImageOfPage":{"@id":"https:\/\/sulin.ee\/en\/toode\/jollein-puidust-haamrimang-roosa\/#primaryimage"},"image":{"@id":"https:\/\/sulin.ee\/en\/toode\/jollein-puidust-haamrimang-roosa\/#primaryimage"},"thumbnailUrl":"https:\/\/sulin.ee\/wp-content\/uploads\/2022\/11\/Wood-bench-pink.jpg","datePublished":"2022-11-20T13:21:08+00:00","dateModified":"2025-11-28T18:03:23+00:00","breadcrumb":{"@id":"https:\/\/sulin.ee\/en\/toode\/jollein-puidust-haamrimang-roosa\/#breadcrumb"},"inLanguage":"en-US","potentialAction":[{"@type":"ReadAction","target":["https:\/\/sulin.ee\/en\/toode\/jollein-puidust-haamrimang-roosa\/"]}]},{"@type":"ImageObject","inLanguage":"en-US","@id":"https:\/\/sulin.ee\/en\/toode\/jollein-puidust-haamrimang-roosa\/#primaryimage","url":"https:\/\/sulin.ee\/wp-content\/uploads\/2022\/11\/Wood-bench-pink.jpg","contentUrl":"https:\/\/sulin.ee\/wp-content\/uploads\/2022\/11\/Wood-bench-pink.jpg","width":1800,"height":1351},{"@type":"BreadcrumbList","@id":"https:\/\/sulin.ee\/en\/toode\/jollein-puidust-haamrimang-roosa\/#breadcrumb","itemListElement":[{"@type":"ListItem","position":1,"name":"Home","item":"https:\/\/sulin.ee\/en\/"},{"@type":"ListItem","position":2,"name":"Sulin.ee e-pood","item":"https:\/\/sulin.ee\/shop\/"},{"@type":"ListItem","position":3,"name":"Jollein puidust haamrim\u00e4ng &#8211; Roosa"}]},{"@type":"WebSite","@id":"https:\/\/sulin.ee\/en\/#website","url":"https:\/\/sulin.ee\/en\/","name":"sulin.ee","description":"","publisher":{"@id":"https:\/\/sulin.ee\/en\/#organization"},"potentialAction":[{"@type":"SearchAction","target":{"@type":"EntryPoint","urlTemplate":"https:\/\/sulin.ee\/en\/?s={search_term_string}"},"query-input":{"@type":"PropertyValueSpecification","valueRequired":true,"valueName":"search_term_string"}}],"inLanguage":"en-US"},{"@type":"Organization","@id":"https:\/\/sulin.ee\/en\/#organization","name":"SULIN TRADE O\u00dc","url":"https:\/\/sulin.ee\/en\/","logo":{"@type":"ImageObject","inLanguage":"en-US","@id":"https:\/\/sulin.ee\/en\/#\/schema\/logo\/image\/","url":"https:\/\/sulin.ee\/wp-content\/uploads\/2022\/11\/sulin-logo.png","contentUrl":"https:\/\/sulin.ee\/wp-content\/uploads\/2022\/11\/sulin-logo.png","width":871,"height":321,"caption":"SULIN TRADE O\u00dc"},"image":{"@id":"https:\/\/sulin.ee\/en\/#\/schema\/logo\/image\/"},"sameAs":["https:\/\/www.facebook.com\/www.sulin.ee\/","https:\/\/www.instagram.com\/sulintrade\/"]}]}},"builder_content":"","_links":{"self":[{"href":"https:\/\/sulin.ee\/en\/wp-json\/wp\/v2\/product\/8183","targetHints":{"allow":["GET"]}}],"collection":[{"href":"https:\/\/sulin.ee\/en\/wp-json\/wp\/v2\/product"}],"about":[{"href":"https:\/\/sulin.ee\/en\/wp-json\/wp\/v2\/types\/product"}],"replies":[{"embeddable":true,"href":"https:\/\/sulin.ee\/en\/wp-json\/wp\/v2\/comments?post=8183"}],"wp:featuredmedia":[{"embeddable":true,"href":"https:\/\/sulin.ee\/en\/wp-json\/wp\/v2\/media\/8188"}],"wp:attachment":[{"href":"https:\/\/sulin.ee\/en\/wp-json\/wp\/v2\/media?parent=8183"}],"wp:term":[{"taxonomy":"product_brand","embeddable":true,"href":"https:\/\/sulin.ee\/en\/wp-json\/wp\/v2\/product_brand?post=8183"},{"taxonomy":"product_cat","embeddable":true,"href":"https:\/\/sulin.ee\/en\/wp-json\/wp\/v2\/product_cat?post=8183"},{"taxonomy":"product_tag","embeddable":true,"href":"https:\/\/sulin.ee\/en\/wp-json\/wp\/v2\/product_tag?post=8183"}],"curies":[{"name":"wp","href":"https:\/\/api.w.org\/{rel}","templated":true}]}}