{"id":8114,"date":"2023-01-10T10:58:41","date_gmt":"2023-01-10T10:58:41","guid":{"rendered":"https:\/\/sulin.ee\/?post_type=product&#038;p=8114"},"modified":"2025-09-07T21:56:15","modified_gmt":"2025-09-07T21:56:15","slug":"jollein-kaisutekk-bunny-ears","status":"publish","type":"product","link":"https:\/\/sulin.ee\/en\/toode\/jollein-kaisutekk-bunny-ears\/","title":{"rendered":"Jollein kaisutekk Bunny Ears"},"content":{"rendered":"<p><strong>Jollein kaisutekk on valmistatud eriti pehmest musliinist ning sellel on armsad pikad k\u00f5rvad, mida beebil on hea haarata ja kaissu v\u00f5tta.<\/strong><\/p>\n<p>Seo teki k\u00fclge lutt, nii on muudad selle leidmise lihtsaks. See omadus teeb Jollein kaisutekist mitte ainult m\u00e4ngukaaslase, vaid ka praktilise aksessuaari igap\u00e4evaelus.<\/p>\n<p>Kaisutekk on suurep\u00e4rane katsikukingitus. Lisa komplekti <a href=\"https:\/\/sulin.ee\/tootekategooria\/beebid\/lutid\/\" target=\"_blank\" rel=\"noopener\">meelep\u00e4rane lutt <\/a>v\u00f5i <a href=\"https:\/\/sulin.ee\/tootekategooria\/beebid\/narimislelud\/\" target=\"_blank\" rel=\"noopener\">n\u00e4rimislelu<\/a> ja ongi t\u00e4iuslik kingitus valmis.<\/p>\n<p><strong>Kaisuteki m\u00f5\u00f5dud:<\/strong> 40 x 40 cm.<\/p>\n<p>Jolleini kaisutekkide toonid on hoolikalt valitud, et sobituda sinu kodu interj\u00f6\u00f6riga ja pakkuda silmailu.<\/p>\n<p>Too oma lapse ellu mugavust ja stiili imelise Jollein kaisutekiga, mis on m\u00f5eldud kestma ja kasvama koos lapsega!<\/p>\n","protected":false},"excerpt":{"rendered":"<p><strong>Jollein kaisutekk on valmistatud eriti pehmest musliinist ning sellel on armsad pikad k\u00f5rvad, mida beebil on hea haarata ja kaissu v\u00f5tta.<\/strong><\/p>\n","protected":false},"featured_media":9882,"comment_status":"open","ping_status":"closed","template":"","meta":[],"product_brand":[],"product_cat":[30,1162,1163,776],"product_tag":[],"class_list":{"0":"post-8114","1":"product","2":"type-product","3":"status-publish","4":"has-post-thumbnail","6":"product_cat-kaisukad","7":"product_cat-kingituseks","8":"product_cat-0-1-aasta","9":"product_cat-jollein-2","10":"has-post-title","11":"has-post-date","12":"has-post-category","13":"has-post-tag","14":"has-post-comment","15":"has-post-author","16":"","18":"first","19":"instock","20":"sale","21":"taxable","22":"shipping-taxable","23":"purchasable","24":"product-type-variable"},"yoast_head":"<!-- This site is optimized with the Yoast SEO plugin v26.8 - https:\/\/yoast.com\/product\/yoast-seo-wordpress\/ -->\n<title>Jollein kaisutekk Bunny Ears - sulin.ee<\/title>\n<meta name=\"description\" content=\"Jollein kaisutekk on valmistatud pehmest materjalist ning sellel on armsad pikad k\u00f5rvad, mida beebil on hea haarata ja kaissu v\u00f5tta.\" \/>\n<meta name=\"robots\" content=\"index, follow, max-snippet:-1, max-image-preview:large, max-video-preview:-1\" \/>\n<link rel=\"canonical\" href=\"https:\/\/sulin.ee\/en\/toode\/jollein-kaisutekk-bunny-ears\/\" \/>\n<meta property=\"og:locale\" content=\"en_US\" \/>\n<meta property=\"og:type\" content=\"article\" \/>\n<meta property=\"og:title\" content=\"Jollein kaisutekk Bunny Ears - sulin.ee\" \/>\n<meta property=\"og:description\" content=\"Jollein kaisutekk on valmistatud pehmest materjalist ning sellel on armsad pikad k\u00f5rvad, mida beebil on hea haarata ja kaissu v\u00f5tta.\" \/>\n<meta property=\"og:url\" content=\"https:\/\/sulin.ee\/en\/toode\/jollein-kaisutekk-bunny-ears\/\" \/>\n<meta property=\"og:site_name\" content=\"sulin.ee\" \/>\n<meta property=\"article:publisher\" content=\"https:\/\/www.facebook.com\/www.sulin.ee\/\" \/>\n<meta property=\"article:modified_time\" content=\"2025-09-07T21:56:15+00:00\" \/>\n<meta property=\"og:image\" content=\"https:\/\/sulin.ee\/wp-content\/uploads\/2022\/11\/c5e5744b2cf240b5f4dfb316e2c97e3030d66e50_Jollein2021Zomer15928.webp\" \/>\n\t<meta property=\"og:image:width\" content=\"563\" \/>\n\t<meta property=\"og:image:height\" content=\"375\" \/>\n\t<meta property=\"og:image:type\" content=\"image\/webp\" \/>\n<meta name=\"twitter:card\" content=\"summary_large_image\" \/>\n<meta name=\"twitter:label1\" content=\"Est. reading time\" \/>\n\t<meta name=\"twitter:data1\" content=\"1 minute\" \/>\n<script type=\"application\/ld+json\" class=\"yoast-schema-graph\">{\"@context\":\"https:\/\/schema.org\",\"@graph\":[{\"@type\":\"WebPage\",\"@id\":\"https:\/\/sulin.ee\/en\/toode\/jollein-kaisutekk-bunny-ears\/\",\"url\":\"https:\/\/sulin.ee\/en\/toode\/jollein-kaisutekk-bunny-ears\/\",\"name\":\"Jollein kaisutekk Bunny Ears - sulin.ee\",\"isPartOf\":{\"@id\":\"https:\/\/sulin.ee\/en\/#website\"},\"primaryImageOfPage\":{\"@id\":\"https:\/\/sulin.ee\/en\/toode\/jollein-kaisutekk-bunny-ears\/#primaryimage\"},\"image\":{\"@id\":\"https:\/\/sulin.ee\/en\/toode\/jollein-kaisutekk-bunny-ears\/#primaryimage\"},\"thumbnailUrl\":\"https:\/\/sulin.ee\/wp-content\/uploads\/2022\/11\/c5e5744b2cf240b5f4dfb316e2c97e3030d66e50_Jollein2021Zomer15928.webp\",\"datePublished\":\"2023-01-10T10:58:41+00:00\",\"dateModified\":\"2025-09-07T21:56:15+00:00\",\"description\":\"Jollein kaisutekk on valmistatud pehmest materjalist ning sellel on armsad pikad k\u00f5rvad, mida beebil on hea haarata ja kaissu v\u00f5tta.\",\"breadcrumb\":{\"@id\":\"https:\/\/sulin.ee\/en\/toode\/jollein-kaisutekk-bunny-ears\/#breadcrumb\"},\"inLanguage\":\"en-US\",\"potentialAction\":[{\"@type\":\"ReadAction\",\"target\":[\"https:\/\/sulin.ee\/en\/toode\/jollein-kaisutekk-bunny-ears\/\"]}]},{\"@type\":\"ImageObject\",\"inLanguage\":\"en-US\",\"@id\":\"https:\/\/sulin.ee\/en\/toode\/jollein-kaisutekk-bunny-ears\/#primaryimage\",\"url\":\"https:\/\/sulin.ee\/wp-content\/uploads\/2022\/11\/c5e5744b2cf240b5f4dfb316e2c97e3030d66e50_Jollein2021Zomer15928.webp\",\"contentUrl\":\"https:\/\/sulin.ee\/wp-content\/uploads\/2022\/11\/c5e5744b2cf240b5f4dfb316e2c97e3030d66e50_Jollein2021Zomer15928.webp\",\"width\":563,\"height\":375,\"caption\":\"Jollein kaisutekk\"},{\"@type\":\"BreadcrumbList\",\"@id\":\"https:\/\/sulin.ee\/en\/toode\/jollein-kaisutekk-bunny-ears\/#breadcrumb\",\"itemListElement\":[{\"@type\":\"ListItem\",\"position\":1,\"name\":\"Home\",\"item\":\"https:\/\/sulin.ee\/en\/\"},{\"@type\":\"ListItem\",\"position\":2,\"name\":\"Sulin.ee e-pood\",\"item\":\"https:\/\/sulin.ee\/shop\/\"},{\"@type\":\"ListItem\",\"position\":3,\"name\":\"Jollein kaisutekk Bunny Ears\"}]},{\"@type\":\"WebSite\",\"@id\":\"https:\/\/sulin.ee\/en\/#website\",\"url\":\"https:\/\/sulin.ee\/en\/\",\"name\":\"sulin.ee\",\"description\":\"\",\"publisher\":{\"@id\":\"https:\/\/sulin.ee\/en\/#organization\"},\"potentialAction\":[{\"@type\":\"SearchAction\",\"target\":{\"@type\":\"EntryPoint\",\"urlTemplate\":\"https:\/\/sulin.ee\/en\/?s={search_term_string}\"},\"query-input\":{\"@type\":\"PropertyValueSpecification\",\"valueRequired\":true,\"valueName\":\"search_term_string\"}}],\"inLanguage\":\"en-US\"},{\"@type\":\"Organization\",\"@id\":\"https:\/\/sulin.ee\/en\/#organization\",\"name\":\"SULIN TRADE O\u00dc\",\"url\":\"https:\/\/sulin.ee\/en\/\",\"logo\":{\"@type\":\"ImageObject\",\"inLanguage\":\"en-US\",\"@id\":\"https:\/\/sulin.ee\/en\/#\/schema\/logo\/image\/\",\"url\":\"https:\/\/sulin.ee\/wp-content\/uploads\/2022\/11\/sulin-logo.png\",\"contentUrl\":\"https:\/\/sulin.ee\/wp-content\/uploads\/2022\/11\/sulin-logo.png\",\"width\":871,\"height\":321,\"caption\":\"SULIN TRADE O\u00dc\"},\"image\":{\"@id\":\"https:\/\/sulin.ee\/en\/#\/schema\/logo\/image\/\"},\"sameAs\":[\"https:\/\/www.facebook.com\/www.sulin.ee\/\",\"https:\/\/www.instagram.com\/sulintrade\/\"]}]}<\/script>\n<!-- \/ Yoast SEO plugin. -->","yoast_head_json":{"title":"Jollein kaisutekk Bunny Ears - sulin.ee","description":"Jollein kaisutekk on valmistatud pehmest materjalist ning sellel on armsad pikad k\u00f5rvad, mida beebil on hea haarata ja kaissu v\u00f5tta.","robots":{"index":"index","follow":"follow","max-snippet":"max-snippet:-1","max-image-preview":"max-image-preview:large","max-video-preview":"max-video-preview:-1"},"canonical":"https:\/\/sulin.ee\/en\/toode\/jollein-kaisutekk-bunny-ears\/","og_locale":"en_US","og_type":"article","og_title":"Jollein kaisutekk Bunny Ears - sulin.ee","og_description":"Jollein kaisutekk on valmistatud pehmest materjalist ning sellel on armsad pikad k\u00f5rvad, mida beebil on hea haarata ja kaissu v\u00f5tta.","og_url":"https:\/\/sulin.ee\/en\/toode\/jollein-kaisutekk-bunny-ears\/","og_site_name":"sulin.ee","article_publisher":"https:\/\/www.facebook.com\/www.sulin.ee\/","article_modified_time":"2025-09-07T21:56:15+00:00","og_image":[{"width":563,"height":375,"url":"https:\/\/sulin.ee\/wp-content\/uploads\/2022\/11\/c5e5744b2cf240b5f4dfb316e2c97e3030d66e50_Jollein2021Zomer15928.webp","type":"image\/webp"}],"twitter_card":"summary_large_image","twitter_misc":{"Est. reading time":"1 minute"},"schema":{"@context":"https:\/\/schema.org","@graph":[{"@type":"WebPage","@id":"https:\/\/sulin.ee\/en\/toode\/jollein-kaisutekk-bunny-ears\/","url":"https:\/\/sulin.ee\/en\/toode\/jollein-kaisutekk-bunny-ears\/","name":"Jollein kaisutekk Bunny Ears - sulin.ee","isPartOf":{"@id":"https:\/\/sulin.ee\/en\/#website"},"primaryImageOfPage":{"@id":"https:\/\/sulin.ee\/en\/toode\/jollein-kaisutekk-bunny-ears\/#primaryimage"},"image":{"@id":"https:\/\/sulin.ee\/en\/toode\/jollein-kaisutekk-bunny-ears\/#primaryimage"},"thumbnailUrl":"https:\/\/sulin.ee\/wp-content\/uploads\/2022\/11\/c5e5744b2cf240b5f4dfb316e2c97e3030d66e50_Jollein2021Zomer15928.webp","datePublished":"2023-01-10T10:58:41+00:00","dateModified":"2025-09-07T21:56:15+00:00","description":"Jollein kaisutekk on valmistatud pehmest materjalist ning sellel on armsad pikad k\u00f5rvad, mida beebil on hea haarata ja kaissu v\u00f5tta.","breadcrumb":{"@id":"https:\/\/sulin.ee\/en\/toode\/jollein-kaisutekk-bunny-ears\/#breadcrumb"},"inLanguage":"en-US","potentialAction":[{"@type":"ReadAction","target":["https:\/\/sulin.ee\/en\/toode\/jollein-kaisutekk-bunny-ears\/"]}]},{"@type":"ImageObject","inLanguage":"en-US","@id":"https:\/\/sulin.ee\/en\/toode\/jollein-kaisutekk-bunny-ears\/#primaryimage","url":"https:\/\/sulin.ee\/wp-content\/uploads\/2022\/11\/c5e5744b2cf240b5f4dfb316e2c97e3030d66e50_Jollein2021Zomer15928.webp","contentUrl":"https:\/\/sulin.ee\/wp-content\/uploads\/2022\/11\/c5e5744b2cf240b5f4dfb316e2c97e3030d66e50_Jollein2021Zomer15928.webp","width":563,"height":375,"caption":"Jollein kaisutekk"},{"@type":"BreadcrumbList","@id":"https:\/\/sulin.ee\/en\/toode\/jollein-kaisutekk-bunny-ears\/#breadcrumb","itemListElement":[{"@type":"ListItem","position":1,"name":"Home","item":"https:\/\/sulin.ee\/en\/"},{"@type":"ListItem","position":2,"name":"Sulin.ee e-pood","item":"https:\/\/sulin.ee\/shop\/"},{"@type":"ListItem","position":3,"name":"Jollein kaisutekk Bunny Ears"}]},{"@type":"WebSite","@id":"https:\/\/sulin.ee\/en\/#website","url":"https:\/\/sulin.ee\/en\/","name":"sulin.ee","description":"","publisher":{"@id":"https:\/\/sulin.ee\/en\/#organization"},"potentialAction":[{"@type":"SearchAction","target":{"@type":"EntryPoint","urlTemplate":"https:\/\/sulin.ee\/en\/?s={search_term_string}"},"query-input":{"@type":"PropertyValueSpecification","valueRequired":true,"valueName":"search_term_string"}}],"inLanguage":"en-US"},{"@type":"Organization","@id":"https:\/\/sulin.ee\/en\/#organization","name":"SULIN TRADE O\u00dc","url":"https:\/\/sulin.ee\/en\/","logo":{"@type":"ImageObject","inLanguage":"en-US","@id":"https:\/\/sulin.ee\/en\/#\/schema\/logo\/image\/","url":"https:\/\/sulin.ee\/wp-content\/uploads\/2022\/11\/sulin-logo.png","contentUrl":"https:\/\/sulin.ee\/wp-content\/uploads\/2022\/11\/sulin-logo.png","width":871,"height":321,"caption":"SULIN TRADE O\u00dc"},"image":{"@id":"https:\/\/sulin.ee\/en\/#\/schema\/logo\/image\/"},"sameAs":["https:\/\/www.facebook.com\/www.sulin.ee\/","https:\/\/www.instagram.com\/sulintrade\/"]}]}},"builder_content":"","_links":{"self":[{"href":"https:\/\/sulin.ee\/en\/wp-json\/wp\/v2\/product\/8114","targetHints":{"allow":["GET"]}}],"collection":[{"href":"https:\/\/sulin.ee\/en\/wp-json\/wp\/v2\/product"}],"about":[{"href":"https:\/\/sulin.ee\/en\/wp-json\/wp\/v2\/types\/product"}],"replies":[{"embeddable":true,"href":"https:\/\/sulin.ee\/en\/wp-json\/wp\/v2\/comments?post=8114"}],"wp:featuredmedia":[{"embeddable":true,"href":"https:\/\/sulin.ee\/en\/wp-json\/wp\/v2\/media\/9882"}],"wp:attachment":[{"href":"https:\/\/sulin.ee\/en\/wp-json\/wp\/v2\/media?parent=8114"}],"wp:term":[{"taxonomy":"product_brand","embeddable":true,"href":"https:\/\/sulin.ee\/en\/wp-json\/wp\/v2\/product_brand?post=8114"},{"taxonomy":"product_cat","embeddable":true,"href":"https:\/\/sulin.ee\/en\/wp-json\/wp\/v2\/product_cat?post=8114"},{"taxonomy":"product_tag","embeddable":true,"href":"https:\/\/sulin.ee\/en\/wp-json\/wp\/v2\/product_tag?post=8114"}],"curies":[{"name":"wp","href":"https:\/\/api.w.org\/{rel}","templated":true}]}}