{"id":8109,"date":"2022-11-20T10:42:23","date_gmt":"2022-11-20T10:42:23","guid":{"rendered":"https:\/\/sulin.ee\/?post_type=product&#038;p=8109"},"modified":"2025-10-24T21:00:45","modified_gmt":"2025-10-24T21:00:45","slug":"jollein-narimisrongas-deer","status":"publish","type":"product","link":"https:\/\/sulin.ee\/en\/toode\/jollein-narimisrongas-deer\/","title":{"rendered":"Jollein n\u00e4rimisr\u00f5ngas Deer"},"content":{"rendered":"<p><strong><a href=\"https:\/\/jollein.com\/\" target=\"_blank\" rel=\"noopener\">Jollein<\/a> n\u00e4rimisr\u00f5ngas on \u00fcheaegselt nii n\u00e4rmislelu kui k\u00f5risti. Lelu n\u00e4rimine ja lutsutamine aitab leevendada igemete s\u00fcgelust ja survetunnet ning hirve pea see olev k\u00f5risti stimuleerib beebi kuulmismeelt.<\/strong><\/p>\n<p>Hammaste tulek on beebile paras katsumus ning v\u00f5ib valmistada ebamugavust ja valu. K\u00f5ige paremini aitab s\u00fcgelevaid igemeid rahustada millegi n\u00e4rimine ja lutsutamine.<\/p>\n<p>N\u00e4rimisr\u00f5nga r\u00f5ngas on valmistatud<strong> 100% naturaalsest puidust <\/strong>ja r\u00f5nga k\u00fcljes olev hirv on ohutust puuvillamaterjalist. Lelu on t\u00e4ielikult <strong>PVC, BPA, ftalaatide ja nitrosamiinide vaba.\u00a0<\/strong><\/p>\n<p>Seda on lihtne haarata ja k\u00e4es hoida. Sobib kasutamiseks alates s\u00fcnnist.<\/p>\n<p>Ka luti imemine aitab rahustada beebi s\u00fcgelevaid igemeid. Vaata meie valikus olevaid <span style=\"color: #ff9900;\"><a style=\"color: #ff9900;\" href=\"https:\/\/sulin.ee\/tootekategooria\/beebid\/lutid\/bibs-lutid\/\" target=\"_blank\" rel=\"noopener\">BIBS lutte<\/a><\/span>.<\/p>\n","protected":false},"excerpt":{"rendered":"<p>Jollein n\u00e4rimisr\u00f5ngas on \u00fcheaegselt nii n\u00e4rmislelu kui k\u00f5risti. Lelu n\u00e4rimine ja lutsutamine aitab leevendada igemete s\u00fcgelust ja survetunnet ning hirve pea see olev k\u00f5risti stimuleerib beebi kuulmismeelt. Hammaste tulek on beebile paras katsumus ning v\u00f5ib valmistada ebamugavust ja valu. K\u00f5ige paremini aitab s\u00fcgelevaid igemeid rahustada millegi n\u00e4rimine ja lutsutamine. N\u00e4rimisr\u00f5nga r\u00f5ngas on valmistatud 100% naturaalsest [&hellip;]<\/p>\n","protected":false},"featured_media":16716,"comment_status":"open","ping_status":"closed","template":"","meta":[],"product_brand":[],"product_cat":[31,1162,1163,776],"product_tag":[],"class_list":{"0":"post-8109","1":"product","2":"type-product","3":"status-publish","4":"has-post-thumbnail","6":"product_cat-narimislelud","7":"product_cat-kingituseks","8":"product_cat-0-1-aasta","9":"product_cat-jollein-2","10":"has-post-title","11":"has-post-date","12":"has-post-category","13":"has-post-tag","14":"has-post-comment","15":"has-post-author","16":"","18":"first","19":"instock","20":"sale","21":"taxable","22":"shipping-taxable","23":"purchasable","24":"product-type-variable"},"yoast_head":"<!-- This site is optimized with the Yoast SEO plugin v26.8 - https:\/\/yoast.com\/product\/yoast-seo-wordpress\/ -->\n<title>Jollein n\u00e4rimisr\u00f5ngas Deer - sulin.ee<\/title>\n<meta name=\"description\" content=\"Jollein n\u00e4rimisr\u00f5ngas on \u00fcheaegselt nii n\u00e4rmislelu kui k\u00f5risti. Lelu n\u00e4rimine ja lutsutamine aitab leevendada igemete s\u00fcgelust ja survetunnet.\" \/>\n<meta name=\"robots\" content=\"index, follow, max-snippet:-1, max-image-preview:large, max-video-preview:-1\" \/>\n<link rel=\"canonical\" href=\"https:\/\/sulin.ee\/en\/toode\/jollein-narimisrongas-deer\/\" \/>\n<meta property=\"og:locale\" content=\"en_US\" \/>\n<meta property=\"og:type\" content=\"article\" \/>\n<meta property=\"og:title\" content=\"Jollein n\u00e4rimisr\u00f5ngas Deer - sulin.ee\" \/>\n<meta property=\"og:description\" content=\"Jollein n\u00e4rimisr\u00f5ngas on \u00fcheaegselt nii n\u00e4rmislelu kui k\u00f5risti. Lelu n\u00e4rimine ja lutsutamine aitab leevendada igemete s\u00fcgelust ja survetunnet.\" \/>\n<meta property=\"og:url\" content=\"https:\/\/sulin.ee\/en\/toode\/jollein-narimisrongas-deer\/\" \/>\n<meta property=\"og:site_name\" content=\"sulin.ee\" \/>\n<meta property=\"article:publisher\" content=\"https:\/\/www.facebook.com\/www.sulin.ee\/\" \/>\n<meta property=\"article:modified_time\" content=\"2025-10-24T21:00:45+00:00\" \/>\n<meta property=\"og:image\" content=\"https:\/\/sulin.ee\/wp-content\/uploads\/2022\/11\/pale-pink.png\" \/>\n\t<meta property=\"og:image:width\" content=\"1080\" \/>\n\t<meta property=\"og:image:height\" content=\"1080\" \/>\n\t<meta property=\"og:image:type\" content=\"image\/png\" \/>\n<meta name=\"twitter:card\" content=\"summary_large_image\" \/>\n<meta name=\"twitter:label1\" content=\"Est. reading time\" \/>\n\t<meta name=\"twitter:data1\" content=\"1 minute\" \/>\n<script type=\"application\/ld+json\" class=\"yoast-schema-graph\">{\"@context\":\"https:\/\/schema.org\",\"@graph\":[{\"@type\":\"WebPage\",\"@id\":\"https:\/\/sulin.ee\/en\/toode\/jollein-narimisrongas-deer\/\",\"url\":\"https:\/\/sulin.ee\/en\/toode\/jollein-narimisrongas-deer\/\",\"name\":\"Jollein n\u00e4rimisr\u00f5ngas Deer - sulin.ee\",\"isPartOf\":{\"@id\":\"https:\/\/sulin.ee\/en\/#website\"},\"primaryImageOfPage\":{\"@id\":\"https:\/\/sulin.ee\/en\/toode\/jollein-narimisrongas-deer\/#primaryimage\"},\"image\":{\"@id\":\"https:\/\/sulin.ee\/en\/toode\/jollein-narimisrongas-deer\/#primaryimage\"},\"thumbnailUrl\":\"https:\/\/sulin.ee\/wp-content\/uploads\/2022\/11\/pale-pink.png\",\"datePublished\":\"2022-11-20T10:42:23+00:00\",\"dateModified\":\"2025-10-24T21:00:45+00:00\",\"description\":\"Jollein n\u00e4rimisr\u00f5ngas on \u00fcheaegselt nii n\u00e4rmislelu kui k\u00f5risti. Lelu n\u00e4rimine ja lutsutamine aitab leevendada igemete s\u00fcgelust ja survetunnet.\",\"breadcrumb\":{\"@id\":\"https:\/\/sulin.ee\/en\/toode\/jollein-narimisrongas-deer\/#breadcrumb\"},\"inLanguage\":\"en-US\",\"potentialAction\":[{\"@type\":\"ReadAction\",\"target\":[\"https:\/\/sulin.ee\/en\/toode\/jollein-narimisrongas-deer\/\"]}]},{\"@type\":\"ImageObject\",\"inLanguage\":\"en-US\",\"@id\":\"https:\/\/sulin.ee\/en\/toode\/jollein-narimisrongas-deer\/#primaryimage\",\"url\":\"https:\/\/sulin.ee\/wp-content\/uploads\/2022\/11\/pale-pink.png\",\"contentUrl\":\"https:\/\/sulin.ee\/wp-content\/uploads\/2022\/11\/pale-pink.png\",\"width\":1080,\"height\":1080,\"caption\":\"Jollein n\u00e4rimisr\u00f5ngas\"},{\"@type\":\"BreadcrumbList\",\"@id\":\"https:\/\/sulin.ee\/en\/toode\/jollein-narimisrongas-deer\/#breadcrumb\",\"itemListElement\":[{\"@type\":\"ListItem\",\"position\":1,\"name\":\"Home\",\"item\":\"https:\/\/sulin.ee\/en\/\"},{\"@type\":\"ListItem\",\"position\":2,\"name\":\"Sulin.ee e-pood\",\"item\":\"https:\/\/sulin.ee\/shop\/\"},{\"@type\":\"ListItem\",\"position\":3,\"name\":\"Jollein n\u00e4rimisr\u00f5ngas Deer\"}]},{\"@type\":\"WebSite\",\"@id\":\"https:\/\/sulin.ee\/en\/#website\",\"url\":\"https:\/\/sulin.ee\/en\/\",\"name\":\"sulin.ee\",\"description\":\"\",\"publisher\":{\"@id\":\"https:\/\/sulin.ee\/en\/#organization\"},\"potentialAction\":[{\"@type\":\"SearchAction\",\"target\":{\"@type\":\"EntryPoint\",\"urlTemplate\":\"https:\/\/sulin.ee\/en\/?s={search_term_string}\"},\"query-input\":{\"@type\":\"PropertyValueSpecification\",\"valueRequired\":true,\"valueName\":\"search_term_string\"}}],\"inLanguage\":\"en-US\"},{\"@type\":\"Organization\",\"@id\":\"https:\/\/sulin.ee\/en\/#organization\",\"name\":\"SULIN TRADE O\u00dc\",\"url\":\"https:\/\/sulin.ee\/en\/\",\"logo\":{\"@type\":\"ImageObject\",\"inLanguage\":\"en-US\",\"@id\":\"https:\/\/sulin.ee\/en\/#\/schema\/logo\/image\/\",\"url\":\"https:\/\/sulin.ee\/wp-content\/uploads\/2022\/11\/sulin-logo.png\",\"contentUrl\":\"https:\/\/sulin.ee\/wp-content\/uploads\/2022\/11\/sulin-logo.png\",\"width\":871,\"height\":321,\"caption\":\"SULIN TRADE O\u00dc\"},\"image\":{\"@id\":\"https:\/\/sulin.ee\/en\/#\/schema\/logo\/image\/\"},\"sameAs\":[\"https:\/\/www.facebook.com\/www.sulin.ee\/\",\"https:\/\/www.instagram.com\/sulintrade\/\"]}]}<\/script>\n<!-- \/ Yoast SEO plugin. -->","yoast_head_json":{"title":"Jollein n\u00e4rimisr\u00f5ngas Deer - sulin.ee","description":"Jollein n\u00e4rimisr\u00f5ngas on \u00fcheaegselt nii n\u00e4rmislelu kui k\u00f5risti. Lelu n\u00e4rimine ja lutsutamine aitab leevendada igemete s\u00fcgelust ja survetunnet.","robots":{"index":"index","follow":"follow","max-snippet":"max-snippet:-1","max-image-preview":"max-image-preview:large","max-video-preview":"max-video-preview:-1"},"canonical":"https:\/\/sulin.ee\/en\/toode\/jollein-narimisrongas-deer\/","og_locale":"en_US","og_type":"article","og_title":"Jollein n\u00e4rimisr\u00f5ngas Deer - sulin.ee","og_description":"Jollein n\u00e4rimisr\u00f5ngas on \u00fcheaegselt nii n\u00e4rmislelu kui k\u00f5risti. Lelu n\u00e4rimine ja lutsutamine aitab leevendada igemete s\u00fcgelust ja survetunnet.","og_url":"https:\/\/sulin.ee\/en\/toode\/jollein-narimisrongas-deer\/","og_site_name":"sulin.ee","article_publisher":"https:\/\/www.facebook.com\/www.sulin.ee\/","article_modified_time":"2025-10-24T21:00:45+00:00","og_image":[{"width":1080,"height":1080,"url":"https:\/\/sulin.ee\/wp-content\/uploads\/2022\/11\/pale-pink.png","type":"image\/png"}],"twitter_card":"summary_large_image","twitter_misc":{"Est. reading time":"1 minute"},"schema":{"@context":"https:\/\/schema.org","@graph":[{"@type":"WebPage","@id":"https:\/\/sulin.ee\/en\/toode\/jollein-narimisrongas-deer\/","url":"https:\/\/sulin.ee\/en\/toode\/jollein-narimisrongas-deer\/","name":"Jollein n\u00e4rimisr\u00f5ngas Deer - sulin.ee","isPartOf":{"@id":"https:\/\/sulin.ee\/en\/#website"},"primaryImageOfPage":{"@id":"https:\/\/sulin.ee\/en\/toode\/jollein-narimisrongas-deer\/#primaryimage"},"image":{"@id":"https:\/\/sulin.ee\/en\/toode\/jollein-narimisrongas-deer\/#primaryimage"},"thumbnailUrl":"https:\/\/sulin.ee\/wp-content\/uploads\/2022\/11\/pale-pink.png","datePublished":"2022-11-20T10:42:23+00:00","dateModified":"2025-10-24T21:00:45+00:00","description":"Jollein n\u00e4rimisr\u00f5ngas on \u00fcheaegselt nii n\u00e4rmislelu kui k\u00f5risti. Lelu n\u00e4rimine ja lutsutamine aitab leevendada igemete s\u00fcgelust ja survetunnet.","breadcrumb":{"@id":"https:\/\/sulin.ee\/en\/toode\/jollein-narimisrongas-deer\/#breadcrumb"},"inLanguage":"en-US","potentialAction":[{"@type":"ReadAction","target":["https:\/\/sulin.ee\/en\/toode\/jollein-narimisrongas-deer\/"]}]},{"@type":"ImageObject","inLanguage":"en-US","@id":"https:\/\/sulin.ee\/en\/toode\/jollein-narimisrongas-deer\/#primaryimage","url":"https:\/\/sulin.ee\/wp-content\/uploads\/2022\/11\/pale-pink.png","contentUrl":"https:\/\/sulin.ee\/wp-content\/uploads\/2022\/11\/pale-pink.png","width":1080,"height":1080,"caption":"Jollein n\u00e4rimisr\u00f5ngas"},{"@type":"BreadcrumbList","@id":"https:\/\/sulin.ee\/en\/toode\/jollein-narimisrongas-deer\/#breadcrumb","itemListElement":[{"@type":"ListItem","position":1,"name":"Home","item":"https:\/\/sulin.ee\/en\/"},{"@type":"ListItem","position":2,"name":"Sulin.ee e-pood","item":"https:\/\/sulin.ee\/shop\/"},{"@type":"ListItem","position":3,"name":"Jollein n\u00e4rimisr\u00f5ngas Deer"}]},{"@type":"WebSite","@id":"https:\/\/sulin.ee\/en\/#website","url":"https:\/\/sulin.ee\/en\/","name":"sulin.ee","description":"","publisher":{"@id":"https:\/\/sulin.ee\/en\/#organization"},"potentialAction":[{"@type":"SearchAction","target":{"@type":"EntryPoint","urlTemplate":"https:\/\/sulin.ee\/en\/?s={search_term_string}"},"query-input":{"@type":"PropertyValueSpecification","valueRequired":true,"valueName":"search_term_string"}}],"inLanguage":"en-US"},{"@type":"Organization","@id":"https:\/\/sulin.ee\/en\/#organization","name":"SULIN TRADE O\u00dc","url":"https:\/\/sulin.ee\/en\/","logo":{"@type":"ImageObject","inLanguage":"en-US","@id":"https:\/\/sulin.ee\/en\/#\/schema\/logo\/image\/","url":"https:\/\/sulin.ee\/wp-content\/uploads\/2022\/11\/sulin-logo.png","contentUrl":"https:\/\/sulin.ee\/wp-content\/uploads\/2022\/11\/sulin-logo.png","width":871,"height":321,"caption":"SULIN TRADE O\u00dc"},"image":{"@id":"https:\/\/sulin.ee\/en\/#\/schema\/logo\/image\/"},"sameAs":["https:\/\/www.facebook.com\/www.sulin.ee\/","https:\/\/www.instagram.com\/sulintrade\/"]}]}},"builder_content":"","_links":{"self":[{"href":"https:\/\/sulin.ee\/en\/wp-json\/wp\/v2\/product\/8109","targetHints":{"allow":["GET"]}}],"collection":[{"href":"https:\/\/sulin.ee\/en\/wp-json\/wp\/v2\/product"}],"about":[{"href":"https:\/\/sulin.ee\/en\/wp-json\/wp\/v2\/types\/product"}],"replies":[{"embeddable":true,"href":"https:\/\/sulin.ee\/en\/wp-json\/wp\/v2\/comments?post=8109"}],"wp:featuredmedia":[{"embeddable":true,"href":"https:\/\/sulin.ee\/en\/wp-json\/wp\/v2\/media\/16716"}],"wp:attachment":[{"href":"https:\/\/sulin.ee\/en\/wp-json\/wp\/v2\/media?parent=8109"}],"wp:term":[{"taxonomy":"product_brand","embeddable":true,"href":"https:\/\/sulin.ee\/en\/wp-json\/wp\/v2\/product_brand?post=8109"},{"taxonomy":"product_cat","embeddable":true,"href":"https:\/\/sulin.ee\/en\/wp-json\/wp\/v2\/product_cat?post=8109"},{"taxonomy":"product_tag","embeddable":true,"href":"https:\/\/sulin.ee\/en\/wp-json\/wp\/v2\/product_tag?post=8109"}],"curies":[{"name":"wp","href":"https:\/\/api.w.org\/{rel}","templated":true}]}}