{"id":8078,"date":"2022-11-20T09:32:28","date_gmt":"2022-11-20T09:32:28","guid":{"rendered":"https:\/\/sulin.ee\/?post_type=product&#038;p=8078"},"modified":"2025-09-07T21:50:30","modified_gmt":"2025-09-07T21:50:30","slug":"jollein-narimislelu-rubber-whale-caramel","status":"publish","type":"product","link":"https:\/\/sulin.ee\/en\/toode\/jollein-narimislelu-rubber-whale-caramel\/","title":{"rendered":"Jollein n\u00e4rimislelu Rubber Whale \u2013 Caramel"},"content":{"rendered":"<p><strong>Jollein n\u00e4rimislelu Rubber Whale &#8211; Hammaste tulek on beebile paras katsumus ning v\u00f5ib valmistada ebamugavust ja valu. K\u00f5ige paremini aitab s\u00fcgelevaid igemeid rahustada millegi n\u00e4rimine ja lutsutamine.<\/strong> Jolleini n\u00e4rimislelud aitavad leevendada hammaste v\u00e4ljumisel tekkivat survetunnet ja s\u00fcgelust. Eriti h\u00e4sti aitab n\u00e4rimislelu leevendada igemete s\u00fcgelust kui see enne kasutamist m\u00f5neks ajaks k\u00fclmkappi panna (s\u00fcgavk\u00fclma mitte panna). K\u00fclm tuimestab valu ning aitab leevendada hammaste tulekust tekkinud ebameeldivat tunnet.<\/p>\n<p><strong>Jolleini n\u00e4rimislelu on valmistatud 100% naturaalsest kummist ning on t\u00e4ielikult PVC, BPA, ftalaatide ja nitrosamiinide vaba.<\/strong><\/p>\n<p>Seda on lihtne haarata ja k\u00e4es hoida. Sobib kasutamiseks alates s\u00fcnnist.<\/p>\n<p>Vaata ka teisi Jolleini tooteid <a href=\"https:\/\/sulin.ee\/tootekategooria\/brandid\/jollein-2\/\" target=\"_blank\" rel=\"noopener\">siit.<\/a><\/p>\n","protected":false},"excerpt":{"rendered":"<p>Jollein n\u00e4rimislelu Rubber Whale &#8211; Hammaste tulek on beebile paras katsumus ning v\u00f5ib valmistada ebamugavust ja valu. K\u00f5ige paremini aitab s\u00fcgelevaid igemeid rahustada millegi n\u00e4rimine ja lutsutamine. Jolleini n\u00e4rimislelud aitavad leevendada hammaste v\u00e4ljumisel tekkivat survetunnet ja s\u00fcgelust. Eriti h\u00e4sti aitab n\u00e4rimislelu leevendada igemete s\u00fcgelust kui see enne kasutamist m\u00f5neks ajaks k\u00fclmkappi panna (s\u00fcgavk\u00fclma mitte panna). [&hellip;]<\/p>\n","protected":false},"featured_media":16702,"comment_status":"open","ping_status":"closed","template":"","meta":[],"product_brand":[],"product_cat":[31,1162,1163,776],"product_tag":[],"class_list":{"0":"post-8078","1":"product","2":"type-product","3":"status-publish","4":"has-post-thumbnail","6":"product_cat-narimislelud","7":"product_cat-kingituseks","8":"product_cat-0-1-aasta","9":"product_cat-jollein-2","10":"has-post-title","11":"has-post-date","12":"has-post-category","13":"has-post-tag","14":"has-post-comment","15":"has-post-author","16":"","18":"first","19":"instock","20":"sale","21":"taxable","22":"shipping-taxable","23":"purchasable","24":"product-type-simple"},"yoast_head":"<!-- This site is optimized with the Yoast SEO plugin v26.8 - https:\/\/yoast.com\/product\/yoast-seo-wordpress\/ -->\n<title>Jollein n\u00e4rimislelu Rubber Whale \u2013 Caramel - sulin.ee<\/title>\n<meta name=\"description\" content=\"Jollein n\u00e4rimislelu Rubber Whale - n\u00e4rimislelu aitab leevendada hammaste v\u00e4ljumisel tekkivat survetunnet ja s\u00fcgelust. Valmistatud 100% naturaalsest kummist.\" \/>\n<meta name=\"robots\" content=\"index, follow, max-snippet:-1, max-image-preview:large, max-video-preview:-1\" \/>\n<link rel=\"canonical\" href=\"https:\/\/sulin.ee\/en\/toode\/jollein-narimislelu-rubber-whale-caramel\/\" \/>\n<meta property=\"og:locale\" content=\"en_US\" \/>\n<meta property=\"og:type\" content=\"article\" \/>\n<meta property=\"og:title\" content=\"Jollein n\u00e4rimislelu Rubber Whale \u2013 Caramel - sulin.ee\" \/>\n<meta property=\"og:description\" content=\"Jollein n\u00e4rimislelu Rubber Whale - n\u00e4rimislelu aitab leevendada hammaste v\u00e4ljumisel tekkivat survetunnet ja s\u00fcgelust. Valmistatud 100% naturaalsest kummist.\" \/>\n<meta property=\"og:url\" content=\"https:\/\/sulin.ee\/en\/toode\/jollein-narimislelu-rubber-whale-caramel\/\" \/>\n<meta property=\"og:site_name\" content=\"sulin.ee\" \/>\n<meta property=\"article:publisher\" content=\"https:\/\/www.facebook.com\/www.sulin.ee\/\" \/>\n<meta property=\"article:modified_time\" content=\"2025-09-07T21:50:30+00:00\" \/>\n<meta property=\"og:image\" content=\"https:\/\/sulin.ee\/wp-content\/uploads\/2022\/11\/Rubber-Whale.png\" \/>\n\t<meta property=\"og:image:width\" content=\"1080\" \/>\n\t<meta property=\"og:image:height\" content=\"1080\" \/>\n\t<meta property=\"og:image:type\" content=\"image\/png\" \/>\n<meta name=\"twitter:card\" content=\"summary_large_image\" \/>\n<meta name=\"twitter:label1\" content=\"Est. reading time\" \/>\n\t<meta name=\"twitter:data1\" content=\"1 minute\" \/>\n<script type=\"application\/ld+json\" class=\"yoast-schema-graph\">{\"@context\":\"https:\/\/schema.org\",\"@graph\":[{\"@type\":\"WebPage\",\"@id\":\"https:\/\/sulin.ee\/en\/toode\/jollein-narimislelu-rubber-whale-caramel\/\",\"url\":\"https:\/\/sulin.ee\/en\/toode\/jollein-narimislelu-rubber-whale-caramel\/\",\"name\":\"Jollein n\u00e4rimislelu Rubber Whale \u2013 Caramel - sulin.ee\",\"isPartOf\":{\"@id\":\"https:\/\/sulin.ee\/en\/#website\"},\"primaryImageOfPage\":{\"@id\":\"https:\/\/sulin.ee\/en\/toode\/jollein-narimislelu-rubber-whale-caramel\/#primaryimage\"},\"image\":{\"@id\":\"https:\/\/sulin.ee\/en\/toode\/jollein-narimislelu-rubber-whale-caramel\/#primaryimage\"},\"thumbnailUrl\":\"https:\/\/sulin.ee\/wp-content\/uploads\/2022\/11\/Rubber-Whale.png\",\"datePublished\":\"2022-11-20T09:32:28+00:00\",\"dateModified\":\"2025-09-07T21:50:30+00:00\",\"description\":\"Jollein n\u00e4rimislelu Rubber Whale - n\u00e4rimislelu aitab leevendada hammaste v\u00e4ljumisel tekkivat survetunnet ja s\u00fcgelust. Valmistatud 100% naturaalsest kummist.\",\"breadcrumb\":{\"@id\":\"https:\/\/sulin.ee\/en\/toode\/jollein-narimislelu-rubber-whale-caramel\/#breadcrumb\"},\"inLanguage\":\"en-US\",\"potentialAction\":[{\"@type\":\"ReadAction\",\"target\":[\"https:\/\/sulin.ee\/en\/toode\/jollein-narimislelu-rubber-whale-caramel\/\"]}]},{\"@type\":\"ImageObject\",\"inLanguage\":\"en-US\",\"@id\":\"https:\/\/sulin.ee\/en\/toode\/jollein-narimislelu-rubber-whale-caramel\/#primaryimage\",\"url\":\"https:\/\/sulin.ee\/wp-content\/uploads\/2022\/11\/Rubber-Whale.png\",\"contentUrl\":\"https:\/\/sulin.ee\/wp-content\/uploads\/2022\/11\/Rubber-Whale.png\",\"width\":1080,\"height\":1080,\"caption\":\"Jollein n\u00e4rimislelu Rubber Whale\"},{\"@type\":\"BreadcrumbList\",\"@id\":\"https:\/\/sulin.ee\/en\/toode\/jollein-narimislelu-rubber-whale-caramel\/#breadcrumb\",\"itemListElement\":[{\"@type\":\"ListItem\",\"position\":1,\"name\":\"Home\",\"item\":\"https:\/\/sulin.ee\/en\/\"},{\"@type\":\"ListItem\",\"position\":2,\"name\":\"Sulin.ee e-pood\",\"item\":\"https:\/\/sulin.ee\/shop\/\"},{\"@type\":\"ListItem\",\"position\":3,\"name\":\"Jollein n\u00e4rimislelu Rubber Whale \u2013 Caramel\"}]},{\"@type\":\"WebSite\",\"@id\":\"https:\/\/sulin.ee\/en\/#website\",\"url\":\"https:\/\/sulin.ee\/en\/\",\"name\":\"sulin.ee\",\"description\":\"\",\"publisher\":{\"@id\":\"https:\/\/sulin.ee\/en\/#organization\"},\"potentialAction\":[{\"@type\":\"SearchAction\",\"target\":{\"@type\":\"EntryPoint\",\"urlTemplate\":\"https:\/\/sulin.ee\/en\/?s={search_term_string}\"},\"query-input\":{\"@type\":\"PropertyValueSpecification\",\"valueRequired\":true,\"valueName\":\"search_term_string\"}}],\"inLanguage\":\"en-US\"},{\"@type\":\"Organization\",\"@id\":\"https:\/\/sulin.ee\/en\/#organization\",\"name\":\"SULIN TRADE O\u00dc\",\"url\":\"https:\/\/sulin.ee\/en\/\",\"logo\":{\"@type\":\"ImageObject\",\"inLanguage\":\"en-US\",\"@id\":\"https:\/\/sulin.ee\/en\/#\/schema\/logo\/image\/\",\"url\":\"https:\/\/sulin.ee\/wp-content\/uploads\/2022\/11\/sulin-logo.png\",\"contentUrl\":\"https:\/\/sulin.ee\/wp-content\/uploads\/2022\/11\/sulin-logo.png\",\"width\":871,\"height\":321,\"caption\":\"SULIN TRADE O\u00dc\"},\"image\":{\"@id\":\"https:\/\/sulin.ee\/en\/#\/schema\/logo\/image\/\"},\"sameAs\":[\"https:\/\/www.facebook.com\/www.sulin.ee\/\",\"https:\/\/www.instagram.com\/sulintrade\/\"]}]}<\/script>\n<!-- \/ Yoast SEO plugin. -->","yoast_head_json":{"title":"Jollein n\u00e4rimislelu Rubber Whale \u2013 Caramel - sulin.ee","description":"Jollein n\u00e4rimislelu Rubber Whale - n\u00e4rimislelu aitab leevendada hammaste v\u00e4ljumisel tekkivat survetunnet ja s\u00fcgelust. Valmistatud 100% naturaalsest kummist.","robots":{"index":"index","follow":"follow","max-snippet":"max-snippet:-1","max-image-preview":"max-image-preview:large","max-video-preview":"max-video-preview:-1"},"canonical":"https:\/\/sulin.ee\/en\/toode\/jollein-narimislelu-rubber-whale-caramel\/","og_locale":"en_US","og_type":"article","og_title":"Jollein n\u00e4rimislelu Rubber Whale \u2013 Caramel - sulin.ee","og_description":"Jollein n\u00e4rimislelu Rubber Whale - n\u00e4rimislelu aitab leevendada hammaste v\u00e4ljumisel tekkivat survetunnet ja s\u00fcgelust. Valmistatud 100% naturaalsest kummist.","og_url":"https:\/\/sulin.ee\/en\/toode\/jollein-narimislelu-rubber-whale-caramel\/","og_site_name":"sulin.ee","article_publisher":"https:\/\/www.facebook.com\/www.sulin.ee\/","article_modified_time":"2025-09-07T21:50:30+00:00","og_image":[{"width":1080,"height":1080,"url":"https:\/\/sulin.ee\/wp-content\/uploads\/2022\/11\/Rubber-Whale.png","type":"image\/png"}],"twitter_card":"summary_large_image","twitter_misc":{"Est. reading time":"1 minute"},"schema":{"@context":"https:\/\/schema.org","@graph":[{"@type":"WebPage","@id":"https:\/\/sulin.ee\/en\/toode\/jollein-narimislelu-rubber-whale-caramel\/","url":"https:\/\/sulin.ee\/en\/toode\/jollein-narimislelu-rubber-whale-caramel\/","name":"Jollein n\u00e4rimislelu Rubber Whale \u2013 Caramel - sulin.ee","isPartOf":{"@id":"https:\/\/sulin.ee\/en\/#website"},"primaryImageOfPage":{"@id":"https:\/\/sulin.ee\/en\/toode\/jollein-narimislelu-rubber-whale-caramel\/#primaryimage"},"image":{"@id":"https:\/\/sulin.ee\/en\/toode\/jollein-narimislelu-rubber-whale-caramel\/#primaryimage"},"thumbnailUrl":"https:\/\/sulin.ee\/wp-content\/uploads\/2022\/11\/Rubber-Whale.png","datePublished":"2022-11-20T09:32:28+00:00","dateModified":"2025-09-07T21:50:30+00:00","description":"Jollein n\u00e4rimislelu Rubber Whale - n\u00e4rimislelu aitab leevendada hammaste v\u00e4ljumisel tekkivat survetunnet ja s\u00fcgelust. Valmistatud 100% naturaalsest kummist.","breadcrumb":{"@id":"https:\/\/sulin.ee\/en\/toode\/jollein-narimislelu-rubber-whale-caramel\/#breadcrumb"},"inLanguage":"en-US","potentialAction":[{"@type":"ReadAction","target":["https:\/\/sulin.ee\/en\/toode\/jollein-narimislelu-rubber-whale-caramel\/"]}]},{"@type":"ImageObject","inLanguage":"en-US","@id":"https:\/\/sulin.ee\/en\/toode\/jollein-narimislelu-rubber-whale-caramel\/#primaryimage","url":"https:\/\/sulin.ee\/wp-content\/uploads\/2022\/11\/Rubber-Whale.png","contentUrl":"https:\/\/sulin.ee\/wp-content\/uploads\/2022\/11\/Rubber-Whale.png","width":1080,"height":1080,"caption":"Jollein n\u00e4rimislelu Rubber Whale"},{"@type":"BreadcrumbList","@id":"https:\/\/sulin.ee\/en\/toode\/jollein-narimislelu-rubber-whale-caramel\/#breadcrumb","itemListElement":[{"@type":"ListItem","position":1,"name":"Home","item":"https:\/\/sulin.ee\/en\/"},{"@type":"ListItem","position":2,"name":"Sulin.ee e-pood","item":"https:\/\/sulin.ee\/shop\/"},{"@type":"ListItem","position":3,"name":"Jollein n\u00e4rimislelu Rubber Whale \u2013 Caramel"}]},{"@type":"WebSite","@id":"https:\/\/sulin.ee\/en\/#website","url":"https:\/\/sulin.ee\/en\/","name":"sulin.ee","description":"","publisher":{"@id":"https:\/\/sulin.ee\/en\/#organization"},"potentialAction":[{"@type":"SearchAction","target":{"@type":"EntryPoint","urlTemplate":"https:\/\/sulin.ee\/en\/?s={search_term_string}"},"query-input":{"@type":"PropertyValueSpecification","valueRequired":true,"valueName":"search_term_string"}}],"inLanguage":"en-US"},{"@type":"Organization","@id":"https:\/\/sulin.ee\/en\/#organization","name":"SULIN TRADE O\u00dc","url":"https:\/\/sulin.ee\/en\/","logo":{"@type":"ImageObject","inLanguage":"en-US","@id":"https:\/\/sulin.ee\/en\/#\/schema\/logo\/image\/","url":"https:\/\/sulin.ee\/wp-content\/uploads\/2022\/11\/sulin-logo.png","contentUrl":"https:\/\/sulin.ee\/wp-content\/uploads\/2022\/11\/sulin-logo.png","width":871,"height":321,"caption":"SULIN TRADE O\u00dc"},"image":{"@id":"https:\/\/sulin.ee\/en\/#\/schema\/logo\/image\/"},"sameAs":["https:\/\/www.facebook.com\/www.sulin.ee\/","https:\/\/www.instagram.com\/sulintrade\/"]}]}},"builder_content":"","_links":{"self":[{"href":"https:\/\/sulin.ee\/en\/wp-json\/wp\/v2\/product\/8078","targetHints":{"allow":["GET"]}}],"collection":[{"href":"https:\/\/sulin.ee\/en\/wp-json\/wp\/v2\/product"}],"about":[{"href":"https:\/\/sulin.ee\/en\/wp-json\/wp\/v2\/types\/product"}],"replies":[{"embeddable":true,"href":"https:\/\/sulin.ee\/en\/wp-json\/wp\/v2\/comments?post=8078"}],"wp:featuredmedia":[{"embeddable":true,"href":"https:\/\/sulin.ee\/en\/wp-json\/wp\/v2\/media\/16702"}],"wp:attachment":[{"href":"https:\/\/sulin.ee\/en\/wp-json\/wp\/v2\/media?parent=8078"}],"wp:term":[{"taxonomy":"product_brand","embeddable":true,"href":"https:\/\/sulin.ee\/en\/wp-json\/wp\/v2\/product_brand?post=8078"},{"taxonomy":"product_cat","embeddable":true,"href":"https:\/\/sulin.ee\/en\/wp-json\/wp\/v2\/product_cat?post=8078"},{"taxonomy":"product_tag","embeddable":true,"href":"https:\/\/sulin.ee\/en\/wp-json\/wp\/v2\/product_tag?post=8078"}],"curies":[{"name":"wp","href":"https:\/\/api.w.org\/{rel}","templated":true}]}}