{"id":711,"date":"2022-09-13T14:02:44","date_gmt":"2022-09-13T14:02:44","guid":{"rendered":"http:\/\/test.itson.ee\/sulin\/product\/pupus-mahkimise-aluslina-3\/"},"modified":"2025-09-07T21:59:50","modified_gmt":"2025-09-07T21:59:50","slug":"pupus-mahkimise-aluslina","status":"publish","type":"product","link":"https:\/\/sulin.ee\/en\/toode\/pupus-mahkimise-aluslina\/","title":{"rendered":"Pupus m\u00e4hkimise aluslina"},"content":{"rendered":"<p style=\"text-align: justify;\"><strong><span style=\"font-family: arial, helvetica, sans-serif; font-size: medium;\"><a href=\"https:\/\/pupus.pl\/Pupus-Diapers-About-Us-cabout-eng-3.html\" target=\"_blank\" rel=\"noopener\">Pupus<\/a> m\u00e4hkimise aluslina on lihtne kasutada nii kodus,\u00a0k\u00fclas, reisil v\u00f5i ostukeskuses olles. \u00dchelt poolt pehme ja imav, teiselt poolt lamineeritud ning veekindel.<\/span><\/strong><\/p>\n<p style=\"text-align: justify;\"><span style=\"font-family: arial, helvetica, sans-serif; font-size: medium;\">Pupus aluslina on mugav kokku voltida ja kaasa v\u00f5tta kui l\u00e4hed k\u00fclla, poodi v\u00f5i reisile. Saad seda kasutada m\u00e4hkme vahetusel v\u00f5i lihtsalt linana kus lasta beebil turvaliselt m\u00e4ngida. Potitreeningu ajal kasuta seda jalutusk\u00e4rus v\u00f5i turvatoolis ning sa ei pea muretsema nende m\u00e4rjaks saamise p\u00e4rast. Samuti v\u00f5ib seda kasutada voodilina all, et kaitsta madratsit m\u00e4rjaks saamise eest.<\/span><\/p>\n<p style=\"text-align: justify;\"><span style=\"font-family: arial, helvetica, sans-serif; font-size: medium;\"><b>Hooldus:\u00a0<\/b>Pesta temperatuuril kuni 60\u2103.<\/span><\/p>\n<p>\u00dchekordsete m\u00e4hkmete asemel kasuta <a href=\"https:\/\/sulin.ee\/toode\/pupus-taskumahkmed-5-15-kg\/?attribute_pa_muster=boats\" target=\"_blank\" rel=\"noopener\">Pupus\u00a0riidest m\u00e4hkmeid<\/a> v\u00f5i <a href=\"https:\/\/sulin.ee\/toode\/pupus-mahkmekatted-5-15-kg\/?attribute_pa_muster=bugs\" target=\"_blank\" rel=\"noopener\">katteid<\/a>. Nii s\u00e4\u00e4stad raha ja aitad hoida meid \u00fcmbritsevat keskkonda. Lisaks m\u00e4hkmetele v\u00f5id vajada ka <a href=\"https:\/\/sulin.ee\/tootekategooria\/beebid\/riidest-mahkmed\/mahkmesisud-ja-lisatarvikud\/mahkmekotid\/\" target=\"_blank\" rel=\"noopener\">m\u00e4hkmekotti<\/a>, milles on mugav mustaks saanud lina hoiustada kuni j\u00f5uab k\u00e4tte pesemise aeg.<\/p>\n","protected":false},"excerpt":{"rendered":"<p>Pupus m\u00e4hkimise aluslina on lihtne kasutada nii kodus,\u00a0k\u00fclas, reisil v\u00f5i ostukeskuses olles. \u00dchelt poolt pehme ja imav, teiselt poolt lamineeritud ning veekindel. Pupus aluslina on mugav kokku voltida ja kaasa v\u00f5tta kui l\u00e4hed k\u00fclla, poodi v\u00f5i reisile. Saad seda kasutada m\u00e4hkme vahetusel v\u00f5i lihtsalt linana kus lasta beebil turvaliselt m\u00e4ngida. Potitreeningu ajal kasuta seda jalutusk\u00e4rus [&hellip;]<\/p>\n","protected":false},"featured_media":5320,"comment_status":"open","ping_status":"closed","template":"","meta":[],"product_brand":[],"product_cat":[179,970,773,588,473],"product_tag":[474],"class_list":{"0":"post-711","1":"product","2":"type-product","3":"status-publish","4":"has-post-thumbnail","6":"product_cat-beebile","7":"product_cat-hoolitsus-beebid","8":"product_cat-mahkimisaluse-katted","9":"product_cat-mahkimise-aluslinad","10":"product_cat-pupus","11":"product_tag-pupus","12":"has-post-title","13":"has-post-date","14":"has-post-category","15":"has-post-tag","16":"has-post-comment","17":"has-post-author","18":"","20":"first","21":"instock","22":"sale","23":"taxable","24":"shipping-taxable","25":"purchasable","26":"product-type-variable"},"yoast_head":"<!-- This site is optimized with the Yoast SEO plugin v26.8 - https:\/\/yoast.com\/product\/yoast-seo-wordpress\/ -->\n<title>Pupus m\u00e4hkimise aluslina - sulin.ee<\/title>\n<meta name=\"description\" content=\"Pupus m\u00e4hkimise aluslina on lihtne kasutada nii kodus,\u00a0k\u00fclas, reisil v\u00f5i ostukeskuses olles. \u00dchelt poolt pehme ja imav, teiselt poolt veekindel.\" \/>\n<meta name=\"robots\" content=\"index, follow, max-snippet:-1, max-image-preview:large, max-video-preview:-1\" \/>\n<link rel=\"canonical\" href=\"https:\/\/sulin.ee\/en\/toode\/pupus-mahkimise-aluslina\/\" \/>\n<meta property=\"og:locale\" content=\"en_US\" \/>\n<meta property=\"og:type\" content=\"article\" \/>\n<meta property=\"og:title\" content=\"Pupus m\u00e4hkimise aluslina - sulin.ee\" \/>\n<meta property=\"og:description\" content=\"Pupus m\u00e4hkimise aluslina on lihtne kasutada nii kodus,\u00a0k\u00fclas, reisil v\u00f5i ostukeskuses olles. \u00dchelt poolt pehme ja imav, teiselt poolt veekindel.\" \/>\n<meta property=\"og:url\" content=\"https:\/\/sulin.ee\/en\/toode\/pupus-mahkimise-aluslina\/\" \/>\n<meta property=\"og:site_name\" content=\"sulin.ee\" \/>\n<meta property=\"article:publisher\" content=\"https:\/\/www.facebook.com\/www.sulin.ee\/\" \/>\n<meta property=\"article:modified_time\" content=\"2025-09-07T21:59:50+00:00\" \/>\n<meta property=\"og:image\" content=\"https:\/\/sulin.ee\/wp-content\/uploads\/2022\/10\/Night-In-The-Forest-1-e1665476979367.jpg\" \/>\n\t<meta property=\"og:image:width\" content=\"678\" \/>\n\t<meta property=\"og:image:height\" content=\"598\" \/>\n\t<meta property=\"og:image:type\" content=\"image\/jpeg\" \/>\n<meta name=\"twitter:card\" content=\"summary_large_image\" \/>\n<meta name=\"twitter:label1\" content=\"Est. reading time\" \/>\n\t<meta name=\"twitter:data1\" content=\"1 minute\" \/>\n<script type=\"application\/ld+json\" class=\"yoast-schema-graph\">{\"@context\":\"https:\/\/schema.org\",\"@graph\":[{\"@type\":\"WebPage\",\"@id\":\"https:\/\/sulin.ee\/en\/toode\/pupus-mahkimise-aluslina\/\",\"url\":\"https:\/\/sulin.ee\/en\/toode\/pupus-mahkimise-aluslina\/\",\"name\":\"Pupus m\u00e4hkimise aluslina - sulin.ee\",\"isPartOf\":{\"@id\":\"https:\/\/sulin.ee\/en\/#website\"},\"primaryImageOfPage\":{\"@id\":\"https:\/\/sulin.ee\/en\/toode\/pupus-mahkimise-aluslina\/#primaryimage\"},\"image\":{\"@id\":\"https:\/\/sulin.ee\/en\/toode\/pupus-mahkimise-aluslina\/#primaryimage\"},\"thumbnailUrl\":\"https:\/\/sulin.ee\/wp-content\/uploads\/2022\/10\/Night-In-The-Forest-1-e1665476979367.jpg\",\"datePublished\":\"2022-09-13T14:02:44+00:00\",\"dateModified\":\"2025-09-07T21:59:50+00:00\",\"description\":\"Pupus m\u00e4hkimise aluslina on lihtne kasutada nii kodus,\u00a0k\u00fclas, reisil v\u00f5i ostukeskuses olles. \u00dchelt poolt pehme ja imav, teiselt poolt veekindel.\",\"breadcrumb\":{\"@id\":\"https:\/\/sulin.ee\/en\/toode\/pupus-mahkimise-aluslina\/#breadcrumb\"},\"inLanguage\":\"en-US\",\"potentialAction\":[{\"@type\":\"ReadAction\",\"target\":[\"https:\/\/sulin.ee\/en\/toode\/pupus-mahkimise-aluslina\/\"]}]},{\"@type\":\"ImageObject\",\"inLanguage\":\"en-US\",\"@id\":\"https:\/\/sulin.ee\/en\/toode\/pupus-mahkimise-aluslina\/#primaryimage\",\"url\":\"https:\/\/sulin.ee\/wp-content\/uploads\/2022\/10\/Night-In-The-Forest-1-e1665476979367.jpg\",\"contentUrl\":\"https:\/\/sulin.ee\/wp-content\/uploads\/2022\/10\/Night-In-The-Forest-1-e1665476979367.jpg\",\"width\":678,\"height\":598,\"caption\":\"Pupus m\u00e4hkimise aluslina\"},{\"@type\":\"BreadcrumbList\",\"@id\":\"https:\/\/sulin.ee\/en\/toode\/pupus-mahkimise-aluslina\/#breadcrumb\",\"itemListElement\":[{\"@type\":\"ListItem\",\"position\":1,\"name\":\"Home\",\"item\":\"https:\/\/sulin.ee\/en\/\"},{\"@type\":\"ListItem\",\"position\":2,\"name\":\"Sulin.ee e-pood\",\"item\":\"https:\/\/sulin.ee\/shop\/\"},{\"@type\":\"ListItem\",\"position\":3,\"name\":\"Pupus m\u00e4hkimise aluslina\"}]},{\"@type\":\"WebSite\",\"@id\":\"https:\/\/sulin.ee\/en\/#website\",\"url\":\"https:\/\/sulin.ee\/en\/\",\"name\":\"sulin.ee\",\"description\":\"\",\"publisher\":{\"@id\":\"https:\/\/sulin.ee\/en\/#organization\"},\"potentialAction\":[{\"@type\":\"SearchAction\",\"target\":{\"@type\":\"EntryPoint\",\"urlTemplate\":\"https:\/\/sulin.ee\/en\/?s={search_term_string}\"},\"query-input\":{\"@type\":\"PropertyValueSpecification\",\"valueRequired\":true,\"valueName\":\"search_term_string\"}}],\"inLanguage\":\"en-US\"},{\"@type\":\"Organization\",\"@id\":\"https:\/\/sulin.ee\/en\/#organization\",\"name\":\"SULIN TRADE O\u00dc\",\"url\":\"https:\/\/sulin.ee\/en\/\",\"logo\":{\"@type\":\"ImageObject\",\"inLanguage\":\"en-US\",\"@id\":\"https:\/\/sulin.ee\/en\/#\/schema\/logo\/image\/\",\"url\":\"https:\/\/sulin.ee\/wp-content\/uploads\/2022\/11\/sulin-logo.png\",\"contentUrl\":\"https:\/\/sulin.ee\/wp-content\/uploads\/2022\/11\/sulin-logo.png\",\"width\":871,\"height\":321,\"caption\":\"SULIN TRADE O\u00dc\"},\"image\":{\"@id\":\"https:\/\/sulin.ee\/en\/#\/schema\/logo\/image\/\"},\"sameAs\":[\"https:\/\/www.facebook.com\/www.sulin.ee\/\",\"https:\/\/www.instagram.com\/sulintrade\/\"]}]}<\/script>\n<!-- \/ Yoast SEO plugin. -->","yoast_head_json":{"title":"Pupus m\u00e4hkimise aluslina - sulin.ee","description":"Pupus m\u00e4hkimise aluslina on lihtne kasutada nii kodus,\u00a0k\u00fclas, reisil v\u00f5i ostukeskuses olles. \u00dchelt poolt pehme ja imav, teiselt poolt veekindel.","robots":{"index":"index","follow":"follow","max-snippet":"max-snippet:-1","max-image-preview":"max-image-preview:large","max-video-preview":"max-video-preview:-1"},"canonical":"https:\/\/sulin.ee\/en\/toode\/pupus-mahkimise-aluslina\/","og_locale":"en_US","og_type":"article","og_title":"Pupus m\u00e4hkimise aluslina - sulin.ee","og_description":"Pupus m\u00e4hkimise aluslina on lihtne kasutada nii kodus,\u00a0k\u00fclas, reisil v\u00f5i ostukeskuses olles. \u00dchelt poolt pehme ja imav, teiselt poolt veekindel.","og_url":"https:\/\/sulin.ee\/en\/toode\/pupus-mahkimise-aluslina\/","og_site_name":"sulin.ee","article_publisher":"https:\/\/www.facebook.com\/www.sulin.ee\/","article_modified_time":"2025-09-07T21:59:50+00:00","og_image":[{"width":678,"height":598,"url":"https:\/\/sulin.ee\/wp-content\/uploads\/2022\/10\/Night-In-The-Forest-1-e1665476979367.jpg","type":"image\/jpeg"}],"twitter_card":"summary_large_image","twitter_misc":{"Est. reading time":"1 minute"},"schema":{"@context":"https:\/\/schema.org","@graph":[{"@type":"WebPage","@id":"https:\/\/sulin.ee\/en\/toode\/pupus-mahkimise-aluslina\/","url":"https:\/\/sulin.ee\/en\/toode\/pupus-mahkimise-aluslina\/","name":"Pupus m\u00e4hkimise aluslina - sulin.ee","isPartOf":{"@id":"https:\/\/sulin.ee\/en\/#website"},"primaryImageOfPage":{"@id":"https:\/\/sulin.ee\/en\/toode\/pupus-mahkimise-aluslina\/#primaryimage"},"image":{"@id":"https:\/\/sulin.ee\/en\/toode\/pupus-mahkimise-aluslina\/#primaryimage"},"thumbnailUrl":"https:\/\/sulin.ee\/wp-content\/uploads\/2022\/10\/Night-In-The-Forest-1-e1665476979367.jpg","datePublished":"2022-09-13T14:02:44+00:00","dateModified":"2025-09-07T21:59:50+00:00","description":"Pupus m\u00e4hkimise aluslina on lihtne kasutada nii kodus,\u00a0k\u00fclas, reisil v\u00f5i ostukeskuses olles. \u00dchelt poolt pehme ja imav, teiselt poolt veekindel.","breadcrumb":{"@id":"https:\/\/sulin.ee\/en\/toode\/pupus-mahkimise-aluslina\/#breadcrumb"},"inLanguage":"en-US","potentialAction":[{"@type":"ReadAction","target":["https:\/\/sulin.ee\/en\/toode\/pupus-mahkimise-aluslina\/"]}]},{"@type":"ImageObject","inLanguage":"en-US","@id":"https:\/\/sulin.ee\/en\/toode\/pupus-mahkimise-aluslina\/#primaryimage","url":"https:\/\/sulin.ee\/wp-content\/uploads\/2022\/10\/Night-In-The-Forest-1-e1665476979367.jpg","contentUrl":"https:\/\/sulin.ee\/wp-content\/uploads\/2022\/10\/Night-In-The-Forest-1-e1665476979367.jpg","width":678,"height":598,"caption":"Pupus m\u00e4hkimise aluslina"},{"@type":"BreadcrumbList","@id":"https:\/\/sulin.ee\/en\/toode\/pupus-mahkimise-aluslina\/#breadcrumb","itemListElement":[{"@type":"ListItem","position":1,"name":"Home","item":"https:\/\/sulin.ee\/en\/"},{"@type":"ListItem","position":2,"name":"Sulin.ee e-pood","item":"https:\/\/sulin.ee\/shop\/"},{"@type":"ListItem","position":3,"name":"Pupus m\u00e4hkimise aluslina"}]},{"@type":"WebSite","@id":"https:\/\/sulin.ee\/en\/#website","url":"https:\/\/sulin.ee\/en\/","name":"sulin.ee","description":"","publisher":{"@id":"https:\/\/sulin.ee\/en\/#organization"},"potentialAction":[{"@type":"SearchAction","target":{"@type":"EntryPoint","urlTemplate":"https:\/\/sulin.ee\/en\/?s={search_term_string}"},"query-input":{"@type":"PropertyValueSpecification","valueRequired":true,"valueName":"search_term_string"}}],"inLanguage":"en-US"},{"@type":"Organization","@id":"https:\/\/sulin.ee\/en\/#organization","name":"SULIN TRADE O\u00dc","url":"https:\/\/sulin.ee\/en\/","logo":{"@type":"ImageObject","inLanguage":"en-US","@id":"https:\/\/sulin.ee\/en\/#\/schema\/logo\/image\/","url":"https:\/\/sulin.ee\/wp-content\/uploads\/2022\/11\/sulin-logo.png","contentUrl":"https:\/\/sulin.ee\/wp-content\/uploads\/2022\/11\/sulin-logo.png","width":871,"height":321,"caption":"SULIN TRADE O\u00dc"},"image":{"@id":"https:\/\/sulin.ee\/en\/#\/schema\/logo\/image\/"},"sameAs":["https:\/\/www.facebook.com\/www.sulin.ee\/","https:\/\/www.instagram.com\/sulintrade\/"]}]}},"builder_content":"","_links":{"self":[{"href":"https:\/\/sulin.ee\/en\/wp-json\/wp\/v2\/product\/711","targetHints":{"allow":["GET"]}}],"collection":[{"href":"https:\/\/sulin.ee\/en\/wp-json\/wp\/v2\/product"}],"about":[{"href":"https:\/\/sulin.ee\/en\/wp-json\/wp\/v2\/types\/product"}],"replies":[{"embeddable":true,"href":"https:\/\/sulin.ee\/en\/wp-json\/wp\/v2\/comments?post=711"}],"wp:featuredmedia":[{"embeddable":true,"href":"https:\/\/sulin.ee\/en\/wp-json\/wp\/v2\/media\/5320"}],"wp:attachment":[{"href":"https:\/\/sulin.ee\/en\/wp-json\/wp\/v2\/media?parent=711"}],"wp:term":[{"taxonomy":"product_brand","embeddable":true,"href":"https:\/\/sulin.ee\/en\/wp-json\/wp\/v2\/product_brand?post=711"},{"taxonomy":"product_cat","embeddable":true,"href":"https:\/\/sulin.ee\/en\/wp-json\/wp\/v2\/product_cat?post=711"},{"taxonomy":"product_tag","embeddable":true,"href":"https:\/\/sulin.ee\/en\/wp-json\/wp\/v2\/product_tag?post=711"}],"curies":[{"name":"wp","href":"https:\/\/api.w.org\/{rel}","templated":true}]}}