{"id":702,"date":"2022-09-13T14:02:43","date_gmt":"2022-09-13T14:02:43","guid":{"rendered":"http:\/\/test.itson.ee\/sulin\/product\/pupus-bambusest-rinnapadjad-2tk-11\/"},"modified":"2026-04-08T08:38:16","modified_gmt":"2026-04-08T08:38:16","slug":"pupus-bambusest-rinnapadjad-2tk-11","status":"publish","type":"product","link":"https:\/\/sulin.ee\/en\/toode\/pupus-bambusest-rinnapadjad-2tk-11\/","title":{"rendered":"Pupus bambusest rinnapadjad 2tk (erinevad mustrid)"},"content":{"rendered":"<p style=\"text-align: justify;\"><span style=\"font-family: arial, helvetica, sans-serif; font-size: medium;\"><strong>Pupus bambusest rinnapadjad on disainitud koonusekujuliselt &#8211; nii ei j\u00e4\u00e4 need riiete alt v\u00e4lja paistma ning p\u00fc\u00fcavad suuremat kogust piima.<\/strong> Rinnapatjade sisse on peidetud 2-kihti bambusfroteed ning naha vastas olev pind on kaetud puuvilla kihiga. V\u00e4limine pind on veekindlast PUL kangast, mis ei lase patjadel lekkida.\u00a0<\/span><\/p>\n<p style=\"text-align: justify;\"><span style=\"font-family: arial, helvetica, sans-serif; font-size: medium;\"><strong>Komplektis:<\/strong> 2 rinnapatja.<\/span><\/p>\n","protected":false},"excerpt":{"rendered":"<p>Pupus bambusest rinnapadjad on disainitud koonusekujuliselt &#8211; nii ei j\u00e4\u00e4 need riiete alt v\u00e4lja paistma ning p\u00fc\u00fcavad suuremat kogust piima. Rinnapatjade sisse on peidetud 2-kihti bambusfroteed ning naha vastas olev pind on kaetud puuvilla kihiga. V\u00e4limine pind on veekindlast PUL kangast, mis ei lase patjadel lekkida.\u00a0 Komplektis: 2 rinnapatja.<\/p>\n","protected":false},"featured_media":5354,"comment_status":"open","ping_status":"closed","template":"","meta":[],"product_brand":[],"product_cat":[106,473],"product_tag":[474],"class_list":{"0":"post-702","1":"product","2":"type-product","3":"status-publish","4":"has-post-thumbnail","6":"product_cat-rinnapadjad","7":"product_cat-pupus","8":"product_tag-pupus","9":"has-post-title","10":"has-post-date","11":"has-post-category","12":"has-post-tag","13":"has-post-comment","14":"has-post-author","15":"","17":"first","18":"instock","19":"sale","20":"taxable","21":"shipping-taxable","22":"purchasable","23":"product-type-variable"},"yoast_head":"<!-- This site is optimized with the Yoast SEO plugin v26.8 - https:\/\/yoast.com\/product\/yoast-seo-wordpress\/ -->\n<title>Pupus bambusest rinnapadjad 2tk (erinevad mustrid) - sulin.ee<\/title>\n<meta name=\"robots\" content=\"index, follow, max-snippet:-1, max-image-preview:large, max-video-preview:-1\" \/>\n<link rel=\"canonical\" href=\"https:\/\/sulin.ee\/en\/toode\/pupus-bambusest-rinnapadjad-2tk-11\/\" \/>\n<meta property=\"og:locale\" content=\"en_US\" \/>\n<meta property=\"og:type\" content=\"article\" \/>\n<meta property=\"og:title\" content=\"Pupus bambusest rinnapadjad 2tk (erinevad mustrid) - sulin.ee\" \/>\n<meta property=\"og:description\" content=\"Pupus bambusest rinnapadjad on disainitud koonusekujuliselt &#8211; nii ei j\u00e4\u00e4 need riiete alt v\u00e4lja paistma ning p\u00fc\u00fcavad suuremat kogust piima. Rinnapatjade sisse on peidetud 2-kihti bambusfroteed ning naha vastas olev pind on kaetud puuvilla kihiga. V\u00e4limine pind on veekindlast PUL kangast, mis ei lase patjadel lekkida.\u00a0 Komplektis: 2 rinnapatja.\" \/>\n<meta property=\"og:url\" content=\"https:\/\/sulin.ee\/en\/toode\/pupus-bambusest-rinnapadjad-2tk-11\/\" \/>\n<meta property=\"og:site_name\" content=\"sulin.ee\" \/>\n<meta property=\"article:publisher\" content=\"https:\/\/www.facebook.com\/www.sulin.ee\/\" \/>\n<meta property=\"article:modified_time\" content=\"2026-04-08T08:38:16+00:00\" \/>\n<meta property=\"og:image\" content=\"https:\/\/sulin.ee\/wp-content\/uploads\/2022\/10\/Bugs.jpg\" \/>\n\t<meta property=\"og:image:width\" content=\"800\" \/>\n\t<meta property=\"og:image:height\" content=\"800\" \/>\n\t<meta property=\"og:image:type\" content=\"image\/jpeg\" \/>\n<meta name=\"twitter:card\" content=\"summary_large_image\" \/>\n<meta name=\"twitter:label1\" content=\"Est. reading time\" \/>\n\t<meta name=\"twitter:data1\" content=\"1 minute\" \/>\n<script type=\"application\/ld+json\" class=\"yoast-schema-graph\">{\"@context\":\"https:\/\/schema.org\",\"@graph\":[{\"@type\":\"WebPage\",\"@id\":\"https:\/\/sulin.ee\/en\/toode\/pupus-bambusest-rinnapadjad-2tk-11\/\",\"url\":\"https:\/\/sulin.ee\/en\/toode\/pupus-bambusest-rinnapadjad-2tk-11\/\",\"name\":\"Pupus bambusest rinnapadjad 2tk (erinevad mustrid) - sulin.ee\",\"isPartOf\":{\"@id\":\"https:\/\/sulin.ee\/en\/#website\"},\"primaryImageOfPage\":{\"@id\":\"https:\/\/sulin.ee\/en\/toode\/pupus-bambusest-rinnapadjad-2tk-11\/#primaryimage\"},\"image\":{\"@id\":\"https:\/\/sulin.ee\/en\/toode\/pupus-bambusest-rinnapadjad-2tk-11\/#primaryimage\"},\"thumbnailUrl\":\"https:\/\/sulin.ee\/wp-content\/uploads\/2022\/10\/Bugs.jpg\",\"datePublished\":\"2022-09-13T14:02:43+00:00\",\"dateModified\":\"2026-04-08T08:38:16+00:00\",\"breadcrumb\":{\"@id\":\"https:\/\/sulin.ee\/en\/toode\/pupus-bambusest-rinnapadjad-2tk-11\/#breadcrumb\"},\"inLanguage\":\"en-US\",\"potentialAction\":[{\"@type\":\"ReadAction\",\"target\":[\"https:\/\/sulin.ee\/en\/toode\/pupus-bambusest-rinnapadjad-2tk-11\/\"]}]},{\"@type\":\"ImageObject\",\"inLanguage\":\"en-US\",\"@id\":\"https:\/\/sulin.ee\/en\/toode\/pupus-bambusest-rinnapadjad-2tk-11\/#primaryimage\",\"url\":\"https:\/\/sulin.ee\/wp-content\/uploads\/2022\/10\/Bugs.jpg\",\"contentUrl\":\"https:\/\/sulin.ee\/wp-content\/uploads\/2022\/10\/Bugs.jpg\",\"width\":800,\"height\":800},{\"@type\":\"BreadcrumbList\",\"@id\":\"https:\/\/sulin.ee\/en\/toode\/pupus-bambusest-rinnapadjad-2tk-11\/#breadcrumb\",\"itemListElement\":[{\"@type\":\"ListItem\",\"position\":1,\"name\":\"Home\",\"item\":\"https:\/\/sulin.ee\/en\/\"},{\"@type\":\"ListItem\",\"position\":2,\"name\":\"Sulin.ee e-pood\",\"item\":\"https:\/\/sulin.ee\/shop\/\"},{\"@type\":\"ListItem\",\"position\":3,\"name\":\"Pupus bambusest rinnapadjad 2tk (erinevad mustrid)\"}]},{\"@type\":\"WebSite\",\"@id\":\"https:\/\/sulin.ee\/en\/#website\",\"url\":\"https:\/\/sulin.ee\/en\/\",\"name\":\"sulin.ee\",\"description\":\"\",\"publisher\":{\"@id\":\"https:\/\/sulin.ee\/en\/#organization\"},\"potentialAction\":[{\"@type\":\"SearchAction\",\"target\":{\"@type\":\"EntryPoint\",\"urlTemplate\":\"https:\/\/sulin.ee\/en\/?s={search_term_string}\"},\"query-input\":{\"@type\":\"PropertyValueSpecification\",\"valueRequired\":true,\"valueName\":\"search_term_string\"}}],\"inLanguage\":\"en-US\"},{\"@type\":\"Organization\",\"@id\":\"https:\/\/sulin.ee\/en\/#organization\",\"name\":\"SULIN TRADE O\u00dc\",\"url\":\"https:\/\/sulin.ee\/en\/\",\"logo\":{\"@type\":\"ImageObject\",\"inLanguage\":\"en-US\",\"@id\":\"https:\/\/sulin.ee\/en\/#\/schema\/logo\/image\/\",\"url\":\"https:\/\/sulin.ee\/wp-content\/uploads\/2022\/11\/sulin-logo.png\",\"contentUrl\":\"https:\/\/sulin.ee\/wp-content\/uploads\/2022\/11\/sulin-logo.png\",\"width\":871,\"height\":321,\"caption\":\"SULIN TRADE O\u00dc\"},\"image\":{\"@id\":\"https:\/\/sulin.ee\/en\/#\/schema\/logo\/image\/\"},\"sameAs\":[\"https:\/\/www.facebook.com\/www.sulin.ee\/\",\"https:\/\/www.instagram.com\/sulintrade\/\"]}]}<\/script>\n<!-- \/ Yoast SEO plugin. -->","yoast_head_json":{"title":"Pupus bambusest rinnapadjad 2tk (erinevad mustrid) - sulin.ee","robots":{"index":"index","follow":"follow","max-snippet":"max-snippet:-1","max-image-preview":"max-image-preview:large","max-video-preview":"max-video-preview:-1"},"canonical":"https:\/\/sulin.ee\/en\/toode\/pupus-bambusest-rinnapadjad-2tk-11\/","og_locale":"en_US","og_type":"article","og_title":"Pupus bambusest rinnapadjad 2tk (erinevad mustrid) - sulin.ee","og_description":"Pupus bambusest rinnapadjad on disainitud koonusekujuliselt &#8211; nii ei j\u00e4\u00e4 need riiete alt v\u00e4lja paistma ning p\u00fc\u00fcavad suuremat kogust piima. Rinnapatjade sisse on peidetud 2-kihti bambusfroteed ning naha vastas olev pind on kaetud puuvilla kihiga. V\u00e4limine pind on veekindlast PUL kangast, mis ei lase patjadel lekkida.\u00a0 Komplektis: 2 rinnapatja.","og_url":"https:\/\/sulin.ee\/en\/toode\/pupus-bambusest-rinnapadjad-2tk-11\/","og_site_name":"sulin.ee","article_publisher":"https:\/\/www.facebook.com\/www.sulin.ee\/","article_modified_time":"2026-04-08T08:38:16+00:00","og_image":[{"width":800,"height":800,"url":"https:\/\/sulin.ee\/wp-content\/uploads\/2022\/10\/Bugs.jpg","type":"image\/jpeg"}],"twitter_card":"summary_large_image","twitter_misc":{"Est. reading time":"1 minute"},"schema":{"@context":"https:\/\/schema.org","@graph":[{"@type":"WebPage","@id":"https:\/\/sulin.ee\/en\/toode\/pupus-bambusest-rinnapadjad-2tk-11\/","url":"https:\/\/sulin.ee\/en\/toode\/pupus-bambusest-rinnapadjad-2tk-11\/","name":"Pupus bambusest rinnapadjad 2tk (erinevad mustrid) - sulin.ee","isPartOf":{"@id":"https:\/\/sulin.ee\/en\/#website"},"primaryImageOfPage":{"@id":"https:\/\/sulin.ee\/en\/toode\/pupus-bambusest-rinnapadjad-2tk-11\/#primaryimage"},"image":{"@id":"https:\/\/sulin.ee\/en\/toode\/pupus-bambusest-rinnapadjad-2tk-11\/#primaryimage"},"thumbnailUrl":"https:\/\/sulin.ee\/wp-content\/uploads\/2022\/10\/Bugs.jpg","datePublished":"2022-09-13T14:02:43+00:00","dateModified":"2026-04-08T08:38:16+00:00","breadcrumb":{"@id":"https:\/\/sulin.ee\/en\/toode\/pupus-bambusest-rinnapadjad-2tk-11\/#breadcrumb"},"inLanguage":"en-US","potentialAction":[{"@type":"ReadAction","target":["https:\/\/sulin.ee\/en\/toode\/pupus-bambusest-rinnapadjad-2tk-11\/"]}]},{"@type":"ImageObject","inLanguage":"en-US","@id":"https:\/\/sulin.ee\/en\/toode\/pupus-bambusest-rinnapadjad-2tk-11\/#primaryimage","url":"https:\/\/sulin.ee\/wp-content\/uploads\/2022\/10\/Bugs.jpg","contentUrl":"https:\/\/sulin.ee\/wp-content\/uploads\/2022\/10\/Bugs.jpg","width":800,"height":800},{"@type":"BreadcrumbList","@id":"https:\/\/sulin.ee\/en\/toode\/pupus-bambusest-rinnapadjad-2tk-11\/#breadcrumb","itemListElement":[{"@type":"ListItem","position":1,"name":"Home","item":"https:\/\/sulin.ee\/en\/"},{"@type":"ListItem","position":2,"name":"Sulin.ee e-pood","item":"https:\/\/sulin.ee\/shop\/"},{"@type":"ListItem","position":3,"name":"Pupus bambusest rinnapadjad 2tk (erinevad mustrid)"}]},{"@type":"WebSite","@id":"https:\/\/sulin.ee\/en\/#website","url":"https:\/\/sulin.ee\/en\/","name":"sulin.ee","description":"","publisher":{"@id":"https:\/\/sulin.ee\/en\/#organization"},"potentialAction":[{"@type":"SearchAction","target":{"@type":"EntryPoint","urlTemplate":"https:\/\/sulin.ee\/en\/?s={search_term_string}"},"query-input":{"@type":"PropertyValueSpecification","valueRequired":true,"valueName":"search_term_string"}}],"inLanguage":"en-US"},{"@type":"Organization","@id":"https:\/\/sulin.ee\/en\/#organization","name":"SULIN TRADE O\u00dc","url":"https:\/\/sulin.ee\/en\/","logo":{"@type":"ImageObject","inLanguage":"en-US","@id":"https:\/\/sulin.ee\/en\/#\/schema\/logo\/image\/","url":"https:\/\/sulin.ee\/wp-content\/uploads\/2022\/11\/sulin-logo.png","contentUrl":"https:\/\/sulin.ee\/wp-content\/uploads\/2022\/11\/sulin-logo.png","width":871,"height":321,"caption":"SULIN TRADE O\u00dc"},"image":{"@id":"https:\/\/sulin.ee\/en\/#\/schema\/logo\/image\/"},"sameAs":["https:\/\/www.facebook.com\/www.sulin.ee\/","https:\/\/www.instagram.com\/sulintrade\/"]}]}},"builder_content":"","_links":{"self":[{"href":"https:\/\/sulin.ee\/en\/wp-json\/wp\/v2\/product\/702","targetHints":{"allow":["GET"]}}],"collection":[{"href":"https:\/\/sulin.ee\/en\/wp-json\/wp\/v2\/product"}],"about":[{"href":"https:\/\/sulin.ee\/en\/wp-json\/wp\/v2\/types\/product"}],"replies":[{"embeddable":true,"href":"https:\/\/sulin.ee\/en\/wp-json\/wp\/v2\/comments?post=702"}],"wp:featuredmedia":[{"embeddable":true,"href":"https:\/\/sulin.ee\/en\/wp-json\/wp\/v2\/media\/5354"}],"wp:attachment":[{"href":"https:\/\/sulin.ee\/en\/wp-json\/wp\/v2\/media?parent=702"}],"wp:term":[{"taxonomy":"product_brand","embeddable":true,"href":"https:\/\/sulin.ee\/en\/wp-json\/wp\/v2\/product_brand?post=702"},{"taxonomy":"product_cat","embeddable":true,"href":"https:\/\/sulin.ee\/en\/wp-json\/wp\/v2\/product_cat?post=702"},{"taxonomy":"product_tag","embeddable":true,"href":"https:\/\/sulin.ee\/en\/wp-json\/wp\/v2\/product_tag?post=702"}],"curies":[{"name":"wp","href":"https:\/\/api.w.org\/{rel}","templated":true}]}}