{"id":6687,"date":"2022-10-24T11:38:52","date_gmt":"2022-10-24T11:38:52","guid":{"rendered":"http:\/\/test.itson.ee\/sulin\/?post_type=product&#038;p=6687"},"modified":"2025-09-07T21:50:41","modified_gmt":"2025-09-07T21:50:41","slug":"alvababy-hoiustamiskott-30-x-36-cm","status":"publish","type":"product","link":"https:\/\/sulin.ee\/en\/toode\/alvababy-hoiustamiskott-30-x-36-cm\/","title":{"rendered":"AlvaBaby hoiustamiskott 30 x 36 cm"},"content":{"rendered":"<p><strong>AlvaBaby hoiustamiskott on ideaalne kaaslane igap\u00e4evaseks kasutamiseks, pakkudes praktilist lahendust k\u00f5igile, kes soovivad hoida oma asjad organiseerituna ja eraldada m\u00e4\u00e4rdunud ning puhtad esemed \u00fcksteisest. <\/strong><\/p>\n<p>AlvaBaby hoiustamiskott on varustatud kahe eraldi taskuga, mis v\u00f5imaldavad mugavalt hoida m\u00e4\u00e4rdunud esemed teises taskus, samal ajal kui puhtad asjad p\u00fcsivad turvaliselt teises. See on suurep\u00e4rane lahendus n\u00e4iteks beebim\u00e4hkmete kandmiseks, reisil vajalike asjade hoiustamiseks, kosmeetika organiseerimiseks, trennivarustuse jaoks ja palju muuks.<\/p>\n<p>AlvaBaby kott on t\u00f5eline k\u00f5ik-\u00fches lahendus, mis sobib erinevateks elusituatsioonideks. Olgu sul vaja kotti, mis hoiab sinu trenni-, reisi- v\u00f5i isiklikud esemed korras ja puhtad, see multifunktsionaalne kott t\u00e4idab k\u00f5ik sinu ootused. Lisaks on see stiilne ja mugav kaasas kanda, tehes igap\u00e4evased toimetused sujuvaks ja stressivabaks. Valides AlvaBaby hoiustamiskoti, investeerid kvaliteeti, mis teenib sind pikalt ja mitmel erineval moel.<\/p>\n<p><strong>M\u00f5\u00f5dud:<\/strong> 30 x 36 cm.<\/p>\n<p>Vaata ka riidest m\u00e4hkmete valikut <a href=\"https:\/\/sulin.ee\/tootekategooria\/beebile\/riidest-mahkmed\/\" target=\"_blank\" rel=\"noopener\">siit<\/a>.<\/p>\n","protected":false},"excerpt":{"rendered":"<p><strong>AlvaBaby hoiustamiskott on ideaalne kaaslane igap\u00e4evaseks kasutamiseks, pakkudes praktilist lahendust k\u00f5igile, kes soovivad hoida oma asjad organiseerituna ja eraldada m\u00e4\u00e4rdunud ning puhtad esemed \u00fcksteisest.<\/strong><\/p>\n","protected":false},"featured_media":6705,"comment_status":"open","ping_status":"closed","template":"","meta":[],"product_brand":[],"product_cat":[585,191,193,24,747],"product_tag":[748],"class_list":{"0":"post-6687","1":"product","2":"type-product","3":"status-publish","4":"has-post-thumbnail","6":"product_cat-mahkmekotid","7":"product_cat-lisatarvikud-beebid","8":"product_cat-lisatarvikud-lastele","9":"product_cat-lisatarvikud-naistele","10":"product_cat-alvababy","11":"product_tag-alvababy","12":"has-post-title","13":"has-post-date","14":"has-post-category","15":"has-post-tag","16":"has-post-comment","17":"has-post-author","18":"","20":"first","21":"instock","22":"sale","23":"taxable","24":"shipping-taxable","25":"purchasable","26":"product-type-variable"},"yoast_head":"<!-- This site is optimized with the Yoast SEO plugin v26.8 - https:\/\/yoast.com\/product\/yoast-seo-wordpress\/ -->\n<title>AlvaBaby hoiustamiskott 30 x 36 cm - sulin.ee<\/title>\n<meta name=\"description\" content=\"AlvaBaby hoiustamiskott on ideaalne kaaslane igap\u00e4evaseks kasutamiseks, pakkudes praktilist lahendust k\u00f5igile, kes soovivad hoida oma asjad organiseerituna.\" \/>\n<meta name=\"robots\" content=\"index, follow, max-snippet:-1, max-image-preview:large, max-video-preview:-1\" \/>\n<link rel=\"canonical\" href=\"https:\/\/sulin.ee\/en\/toode\/alvababy-hoiustamiskott-30-x-36-cm\/\" \/>\n<meta property=\"og:locale\" content=\"en_US\" \/>\n<meta property=\"og:type\" content=\"article\" \/>\n<meta property=\"og:title\" content=\"AlvaBaby hoiustamiskott 30 x 36 cm - sulin.ee\" \/>\n<meta property=\"og:description\" content=\"AlvaBaby hoiustamiskott on ideaalne kaaslane igap\u00e4evaseks kasutamiseks, pakkudes praktilist lahendust k\u00f5igile, kes soovivad hoida oma asjad organiseerituna.\" \/>\n<meta property=\"og:url\" content=\"https:\/\/sulin.ee\/en\/toode\/alvababy-hoiustamiskott-30-x-36-cm\/\" \/>\n<meta property=\"og:site_name\" content=\"sulin.ee\" \/>\n<meta property=\"article:publisher\" content=\"https:\/\/www.facebook.com\/www.sulin.ee\/\" \/>\n<meta property=\"article:modified_time\" content=\"2025-09-07T21:50:41+00:00\" \/>\n<meta property=\"og:image\" content=\"https:\/\/sulin.ee\/wp-content\/uploads\/2022\/10\/Fall.webp\" \/>\n\t<meta property=\"og:image:width\" content=\"1600\" \/>\n\t<meta property=\"og:image:height\" content=\"1600\" \/>\n\t<meta property=\"og:image:type\" content=\"image\/webp\" \/>\n<meta name=\"twitter:card\" content=\"summary_large_image\" \/>\n<meta name=\"twitter:label1\" content=\"Est. reading time\" \/>\n\t<meta name=\"twitter:data1\" content=\"1 minute\" \/>\n<script type=\"application\/ld+json\" class=\"yoast-schema-graph\">{\"@context\":\"https:\/\/schema.org\",\"@graph\":[{\"@type\":\"WebPage\",\"@id\":\"https:\/\/sulin.ee\/en\/toode\/alvababy-hoiustamiskott-30-x-36-cm\/\",\"url\":\"https:\/\/sulin.ee\/en\/toode\/alvababy-hoiustamiskott-30-x-36-cm\/\",\"name\":\"AlvaBaby hoiustamiskott 30 x 36 cm - sulin.ee\",\"isPartOf\":{\"@id\":\"https:\/\/sulin.ee\/en\/#website\"},\"primaryImageOfPage\":{\"@id\":\"https:\/\/sulin.ee\/en\/toode\/alvababy-hoiustamiskott-30-x-36-cm\/#primaryimage\"},\"image\":{\"@id\":\"https:\/\/sulin.ee\/en\/toode\/alvababy-hoiustamiskott-30-x-36-cm\/#primaryimage\"},\"thumbnailUrl\":\"https:\/\/sulin.ee\/wp-content\/uploads\/2022\/10\/Fall.webp\",\"datePublished\":\"2022-10-24T11:38:52+00:00\",\"dateModified\":\"2025-09-07T21:50:41+00:00\",\"description\":\"AlvaBaby hoiustamiskott on ideaalne kaaslane igap\u00e4evaseks kasutamiseks, pakkudes praktilist lahendust k\u00f5igile, kes soovivad hoida oma asjad organiseerituna.\",\"breadcrumb\":{\"@id\":\"https:\/\/sulin.ee\/en\/toode\/alvababy-hoiustamiskott-30-x-36-cm\/#breadcrumb\"},\"inLanguage\":\"en-US\",\"potentialAction\":[{\"@type\":\"ReadAction\",\"target\":[\"https:\/\/sulin.ee\/en\/toode\/alvababy-hoiustamiskott-30-x-36-cm\/\"]}]},{\"@type\":\"ImageObject\",\"inLanguage\":\"en-US\",\"@id\":\"https:\/\/sulin.ee\/en\/toode\/alvababy-hoiustamiskott-30-x-36-cm\/#primaryimage\",\"url\":\"https:\/\/sulin.ee\/wp-content\/uploads\/2022\/10\/Fall.webp\",\"contentUrl\":\"https:\/\/sulin.ee\/wp-content\/uploads\/2022\/10\/Fall.webp\",\"width\":1600,\"height\":1600,\"caption\":\"AlvaBaby hoiustamiskott\"},{\"@type\":\"BreadcrumbList\",\"@id\":\"https:\/\/sulin.ee\/en\/toode\/alvababy-hoiustamiskott-30-x-36-cm\/#breadcrumb\",\"itemListElement\":[{\"@type\":\"ListItem\",\"position\":1,\"name\":\"Home\",\"item\":\"https:\/\/sulin.ee\/en\/\"},{\"@type\":\"ListItem\",\"position\":2,\"name\":\"Sulin.ee e-pood\",\"item\":\"https:\/\/sulin.ee\/shop\/\"},{\"@type\":\"ListItem\",\"position\":3,\"name\":\"AlvaBaby hoiustamiskott 30 x 36 cm\"}]},{\"@type\":\"WebSite\",\"@id\":\"https:\/\/sulin.ee\/en\/#website\",\"url\":\"https:\/\/sulin.ee\/en\/\",\"name\":\"sulin.ee\",\"description\":\"\",\"publisher\":{\"@id\":\"https:\/\/sulin.ee\/en\/#organization\"},\"potentialAction\":[{\"@type\":\"SearchAction\",\"target\":{\"@type\":\"EntryPoint\",\"urlTemplate\":\"https:\/\/sulin.ee\/en\/?s={search_term_string}\"},\"query-input\":{\"@type\":\"PropertyValueSpecification\",\"valueRequired\":true,\"valueName\":\"search_term_string\"}}],\"inLanguage\":\"en-US\"},{\"@type\":\"Organization\",\"@id\":\"https:\/\/sulin.ee\/en\/#organization\",\"name\":\"SULIN TRADE O\u00dc\",\"url\":\"https:\/\/sulin.ee\/en\/\",\"logo\":{\"@type\":\"ImageObject\",\"inLanguage\":\"en-US\",\"@id\":\"https:\/\/sulin.ee\/en\/#\/schema\/logo\/image\/\",\"url\":\"https:\/\/sulin.ee\/wp-content\/uploads\/2022\/11\/sulin-logo.png\",\"contentUrl\":\"https:\/\/sulin.ee\/wp-content\/uploads\/2022\/11\/sulin-logo.png\",\"width\":871,\"height\":321,\"caption\":\"SULIN TRADE O\u00dc\"},\"image\":{\"@id\":\"https:\/\/sulin.ee\/en\/#\/schema\/logo\/image\/\"},\"sameAs\":[\"https:\/\/www.facebook.com\/www.sulin.ee\/\",\"https:\/\/www.instagram.com\/sulintrade\/\"]}]}<\/script>\n<!-- \/ Yoast SEO plugin. -->","yoast_head_json":{"title":"AlvaBaby hoiustamiskott 30 x 36 cm - sulin.ee","description":"AlvaBaby hoiustamiskott on ideaalne kaaslane igap\u00e4evaseks kasutamiseks, pakkudes praktilist lahendust k\u00f5igile, kes soovivad hoida oma asjad organiseerituna.","robots":{"index":"index","follow":"follow","max-snippet":"max-snippet:-1","max-image-preview":"max-image-preview:large","max-video-preview":"max-video-preview:-1"},"canonical":"https:\/\/sulin.ee\/en\/toode\/alvababy-hoiustamiskott-30-x-36-cm\/","og_locale":"en_US","og_type":"article","og_title":"AlvaBaby hoiustamiskott 30 x 36 cm - sulin.ee","og_description":"AlvaBaby hoiustamiskott on ideaalne kaaslane igap\u00e4evaseks kasutamiseks, pakkudes praktilist lahendust k\u00f5igile, kes soovivad hoida oma asjad organiseerituna.","og_url":"https:\/\/sulin.ee\/en\/toode\/alvababy-hoiustamiskott-30-x-36-cm\/","og_site_name":"sulin.ee","article_publisher":"https:\/\/www.facebook.com\/www.sulin.ee\/","article_modified_time":"2025-09-07T21:50:41+00:00","og_image":[{"width":1600,"height":1600,"url":"https:\/\/sulin.ee\/wp-content\/uploads\/2022\/10\/Fall.webp","type":"image\/webp"}],"twitter_card":"summary_large_image","twitter_misc":{"Est. reading time":"1 minute"},"schema":{"@context":"https:\/\/schema.org","@graph":[{"@type":"WebPage","@id":"https:\/\/sulin.ee\/en\/toode\/alvababy-hoiustamiskott-30-x-36-cm\/","url":"https:\/\/sulin.ee\/en\/toode\/alvababy-hoiustamiskott-30-x-36-cm\/","name":"AlvaBaby hoiustamiskott 30 x 36 cm - sulin.ee","isPartOf":{"@id":"https:\/\/sulin.ee\/en\/#website"},"primaryImageOfPage":{"@id":"https:\/\/sulin.ee\/en\/toode\/alvababy-hoiustamiskott-30-x-36-cm\/#primaryimage"},"image":{"@id":"https:\/\/sulin.ee\/en\/toode\/alvababy-hoiustamiskott-30-x-36-cm\/#primaryimage"},"thumbnailUrl":"https:\/\/sulin.ee\/wp-content\/uploads\/2022\/10\/Fall.webp","datePublished":"2022-10-24T11:38:52+00:00","dateModified":"2025-09-07T21:50:41+00:00","description":"AlvaBaby hoiustamiskott on ideaalne kaaslane igap\u00e4evaseks kasutamiseks, pakkudes praktilist lahendust k\u00f5igile, kes soovivad hoida oma asjad organiseerituna.","breadcrumb":{"@id":"https:\/\/sulin.ee\/en\/toode\/alvababy-hoiustamiskott-30-x-36-cm\/#breadcrumb"},"inLanguage":"en-US","potentialAction":[{"@type":"ReadAction","target":["https:\/\/sulin.ee\/en\/toode\/alvababy-hoiustamiskott-30-x-36-cm\/"]}]},{"@type":"ImageObject","inLanguage":"en-US","@id":"https:\/\/sulin.ee\/en\/toode\/alvababy-hoiustamiskott-30-x-36-cm\/#primaryimage","url":"https:\/\/sulin.ee\/wp-content\/uploads\/2022\/10\/Fall.webp","contentUrl":"https:\/\/sulin.ee\/wp-content\/uploads\/2022\/10\/Fall.webp","width":1600,"height":1600,"caption":"AlvaBaby hoiustamiskott"},{"@type":"BreadcrumbList","@id":"https:\/\/sulin.ee\/en\/toode\/alvababy-hoiustamiskott-30-x-36-cm\/#breadcrumb","itemListElement":[{"@type":"ListItem","position":1,"name":"Home","item":"https:\/\/sulin.ee\/en\/"},{"@type":"ListItem","position":2,"name":"Sulin.ee e-pood","item":"https:\/\/sulin.ee\/shop\/"},{"@type":"ListItem","position":3,"name":"AlvaBaby hoiustamiskott 30 x 36 cm"}]},{"@type":"WebSite","@id":"https:\/\/sulin.ee\/en\/#website","url":"https:\/\/sulin.ee\/en\/","name":"sulin.ee","description":"","publisher":{"@id":"https:\/\/sulin.ee\/en\/#organization"},"potentialAction":[{"@type":"SearchAction","target":{"@type":"EntryPoint","urlTemplate":"https:\/\/sulin.ee\/en\/?s={search_term_string}"},"query-input":{"@type":"PropertyValueSpecification","valueRequired":true,"valueName":"search_term_string"}}],"inLanguage":"en-US"},{"@type":"Organization","@id":"https:\/\/sulin.ee\/en\/#organization","name":"SULIN TRADE O\u00dc","url":"https:\/\/sulin.ee\/en\/","logo":{"@type":"ImageObject","inLanguage":"en-US","@id":"https:\/\/sulin.ee\/en\/#\/schema\/logo\/image\/","url":"https:\/\/sulin.ee\/wp-content\/uploads\/2022\/11\/sulin-logo.png","contentUrl":"https:\/\/sulin.ee\/wp-content\/uploads\/2022\/11\/sulin-logo.png","width":871,"height":321,"caption":"SULIN TRADE O\u00dc"},"image":{"@id":"https:\/\/sulin.ee\/en\/#\/schema\/logo\/image\/"},"sameAs":["https:\/\/www.facebook.com\/www.sulin.ee\/","https:\/\/www.instagram.com\/sulintrade\/"]}]}},"builder_content":"","_links":{"self":[{"href":"https:\/\/sulin.ee\/en\/wp-json\/wp\/v2\/product\/6687","targetHints":{"allow":["GET"]}}],"collection":[{"href":"https:\/\/sulin.ee\/en\/wp-json\/wp\/v2\/product"}],"about":[{"href":"https:\/\/sulin.ee\/en\/wp-json\/wp\/v2\/types\/product"}],"replies":[{"embeddable":true,"href":"https:\/\/sulin.ee\/en\/wp-json\/wp\/v2\/comments?post=6687"}],"wp:featuredmedia":[{"embeddable":true,"href":"https:\/\/sulin.ee\/en\/wp-json\/wp\/v2\/media\/6705"}],"wp:attachment":[{"href":"https:\/\/sulin.ee\/en\/wp-json\/wp\/v2\/media?parent=6687"}],"wp:term":[{"taxonomy":"product_brand","embeddable":true,"href":"https:\/\/sulin.ee\/en\/wp-json\/wp\/v2\/product_brand?post=6687"},{"taxonomy":"product_cat","embeddable":true,"href":"https:\/\/sulin.ee\/en\/wp-json\/wp\/v2\/product_cat?post=6687"},{"taxonomy":"product_tag","embeddable":true,"href":"https:\/\/sulin.ee\/en\/wp-json\/wp\/v2\/product_tag?post=6687"}],"curies":[{"name":"wp","href":"https:\/\/api.w.org\/{rel}","templated":true}]}}