{"id":6576,"date":"2022-10-24T10:35:08","date_gmt":"2022-10-24T10:35:08","guid":{"rendered":"http:\/\/test.itson.ee\/sulin\/?post_type=product&#038;p=6576"},"modified":"2026-03-09T14:58:39","modified_gmt":"2026-03-09T14:58:39","slug":"happy-nappy-korduvkasutav-ujumismahe","status":"publish","type":"product","link":"https:\/\/sulin.ee\/en\/toode\/happy-nappy-korduvkasutav-ujumismahe\/","title":{"rendered":"Happy Nappy ujumism\u00e4he"},"content":{"rendered":"<p><strong>Happy Nappy pestavad ja korduvkasutatavad ujumism\u00e4hkmed on mugavad, soojad ning kergesti hooldatavad. Neid on kerge jalga panna ning \u00e4ra v\u00f5tta.<\/strong> Elastne jala- ja seljaosa aitab \u00e4ra hoida lekkeid.\u00a0Ideaalsed rannas v\u00f5i basseinis kasutamiseks.<\/p>\n<p>Toode on v\u00e4lja t\u00f6\u00f6tatud koost\u00f6\u00f6s ujumis\u00f5petajatega ning on laialdaselt kasutuses paljudes beebide ujumiskoolides Euroopas. Ujumism\u00e4he, mis t\u00f5esti t\u00f6\u00f6tab!<\/p>\n<p><strong>Toode on valmistatud 1 mm paksusest\u00a0neopreenist.<\/strong><\/p>\n<p><strong>Nipp kuivatamiseks:<\/strong> rulli m\u00e4rg m\u00e4he r\u00e4tikusse ning pigista kuni see on kuiv.<\/p>\n<p><strong>Saadaval neljas suuruses:<\/strong><\/p>\n<table border=\"1\">\n<tbody>\n<tr>\n<td><strong>Suurus<\/strong><\/td>\n<td><strong>Vanus<\/strong><\/td>\n<td><strong>K\u00f5hu\u00fcmberm\u00f5\u00f5t<\/strong><\/td>\n<td><strong>Reie \u00fcmberm\u00f5\u00f5t<\/strong><\/td>\n<\/tr>\n<tr>\n<td><strong>M<\/strong><\/td>\n<td>3-6 kuud<\/td>\n<td>37 &#8211; 44 cm<\/td>\n<td>19 &#8211; 24 cm<\/td>\n<\/tr>\n<tr>\n<td><strong>L<\/strong><\/td>\n<td>6-12 kuud<\/td>\n<td>40 &#8211; 47 cm<\/td>\n<td>20 &#8211; 26 cm<\/td>\n<\/tr>\n<tr>\n<td><strong>XL<\/strong><\/td>\n<td>1-2 aastat<\/td>\n<td>42 &#8211; 50 cm<\/td>\n<td>22 &#8211; 31 cm<\/td>\n<\/tr>\n<tr>\n<td><strong>XXL<\/strong><\/td>\n<td>2-3 aastat<\/td>\n<td>44 &#8211; 52 cm<\/td>\n<td>26 &#8211; 33 cm<\/td>\n<\/tr>\n<\/tbody>\n<\/table>\n","protected":false},"excerpt":{"rendered":"<p>Happy Nappy pestavad ja korduvkasutatavad ujumism\u00e4hkmed on mugavad, soojad ning kergesti hooldatavad. Neid on kerge jalga panna ning \u00e4ra v\u00f5tta. Elastne jala- ja seljaosa aitab \u00e4ra hoida lekkeid.\u00a0Ideaalsed rannas v\u00f5i basseinis kasutamiseks. Toode on v\u00e4lja t\u00f6\u00f6tatud koost\u00f6\u00f6s ujumis\u00f5petajatega ning on laialdaselt kasutuses paljudes beebide ujumiskoolides Euroopas. Ujumism\u00e4he, mis t\u00f5esti t\u00f6\u00f6tab! Toode on valmistatud 1 mm [&hellip;]<\/p>\n","protected":false},"featured_media":6639,"comment_status":"open","ping_status":"closed","template":"","meta":[],"product_brand":[],"product_cat":[118,632],"product_tag":[633],"class_list":{"0":"post-6576","1":"product","2":"type-product","3":"status-publish","4":"has-post-thumbnail","6":"product_cat-ujumismahkmed","7":"product_cat-splash-about","8":"product_tag-splash-about","9":"has-post-title","10":"has-post-date","11":"has-post-category","12":"has-post-tag","13":"has-post-comment","14":"has-post-author","15":"","17":"first","18":"instock","19":"sale","20":"taxable","21":"shipping-taxable","22":"purchasable","23":"product-type-variable"},"yoast_head":"<!-- This site is optimized with the Yoast SEO plugin v26.8 - https:\/\/yoast.com\/product\/yoast-seo-wordpress\/ -->\n<title>Happy Nappy ujumism\u00e4he - sulin.ee<\/title>\n<meta name=\"description\" content=\"Happy Nappy pestavad ja korduvkasutatavad ujumism\u00e4hkmed on mugavad ning kergesti hooldatavad. Ideaalsed rannas v\u00f5i basseinis kasutamiseks.\" \/>\n<meta name=\"robots\" content=\"index, follow, max-snippet:-1, max-image-preview:large, max-video-preview:-1\" \/>\n<link rel=\"canonical\" href=\"https:\/\/sulin.ee\/en\/toode\/happy-nappy-korduvkasutav-ujumismahe\/\" \/>\n<meta property=\"og:locale\" content=\"en_US\" \/>\n<meta property=\"og:type\" content=\"article\" \/>\n<meta property=\"og:title\" content=\"Happy Nappy ujumism\u00e4he - sulin.ee\" \/>\n<meta property=\"og:description\" content=\"Happy Nappy pestavad ja korduvkasutatavad ujumism\u00e4hkmed on mugavad ning kergesti hooldatavad. Ideaalsed rannas v\u00f5i basseinis kasutamiseks.\" \/>\n<meta property=\"og:url\" content=\"https:\/\/sulin.ee\/en\/toode\/happy-nappy-korduvkasutav-ujumismahe\/\" \/>\n<meta property=\"og:site_name\" content=\"sulin.ee\" \/>\n<meta property=\"article:publisher\" content=\"https:\/\/www.facebook.com\/www.sulin.ee\/\" \/>\n<meta property=\"article:modified_time\" content=\"2026-03-09T14:58:39+00:00\" \/>\n<meta property=\"og:image\" content=\"https:\/\/sulin.ee\/wp-content\/uploads\/2022\/10\/Woods.png\" \/>\n\t<meta property=\"og:image:width\" content=\"800\" \/>\n\t<meta property=\"og:image:height\" content=\"800\" \/>\n\t<meta property=\"og:image:type\" content=\"image\/png\" \/>\n<meta name=\"twitter:card\" content=\"summary_large_image\" \/>\n<meta name=\"twitter:label1\" content=\"Est. reading time\" \/>\n\t<meta name=\"twitter:data1\" content=\"1 minute\" \/>\n<script type=\"application\/ld+json\" class=\"yoast-schema-graph\">{\"@context\":\"https:\/\/schema.org\",\"@graph\":[{\"@type\":\"WebPage\",\"@id\":\"https:\/\/sulin.ee\/en\/toode\/happy-nappy-korduvkasutav-ujumismahe\/\",\"url\":\"https:\/\/sulin.ee\/en\/toode\/happy-nappy-korduvkasutav-ujumismahe\/\",\"name\":\"Happy Nappy ujumism\u00e4he - sulin.ee\",\"isPartOf\":{\"@id\":\"https:\/\/sulin.ee\/en\/#website\"},\"primaryImageOfPage\":{\"@id\":\"https:\/\/sulin.ee\/en\/toode\/happy-nappy-korduvkasutav-ujumismahe\/#primaryimage\"},\"image\":{\"@id\":\"https:\/\/sulin.ee\/en\/toode\/happy-nappy-korduvkasutav-ujumismahe\/#primaryimage\"},\"thumbnailUrl\":\"https:\/\/sulin.ee\/wp-content\/uploads\/2022\/10\/Woods.png\",\"datePublished\":\"2022-10-24T10:35:08+00:00\",\"dateModified\":\"2026-03-09T14:58:39+00:00\",\"description\":\"Happy Nappy pestavad ja korduvkasutatavad ujumism\u00e4hkmed on mugavad ning kergesti hooldatavad. Ideaalsed rannas v\u00f5i basseinis kasutamiseks.\",\"breadcrumb\":{\"@id\":\"https:\/\/sulin.ee\/en\/toode\/happy-nappy-korduvkasutav-ujumismahe\/#breadcrumb\"},\"inLanguage\":\"en-US\",\"potentialAction\":[{\"@type\":\"ReadAction\",\"target\":[\"https:\/\/sulin.ee\/en\/toode\/happy-nappy-korduvkasutav-ujumismahe\/\"]}]},{\"@type\":\"ImageObject\",\"inLanguage\":\"en-US\",\"@id\":\"https:\/\/sulin.ee\/en\/toode\/happy-nappy-korduvkasutav-ujumismahe\/#primaryimage\",\"url\":\"https:\/\/sulin.ee\/wp-content\/uploads\/2022\/10\/Woods.png\",\"contentUrl\":\"https:\/\/sulin.ee\/wp-content\/uploads\/2022\/10\/Woods.png\",\"width\":800,\"height\":800},{\"@type\":\"BreadcrumbList\",\"@id\":\"https:\/\/sulin.ee\/en\/toode\/happy-nappy-korduvkasutav-ujumismahe\/#breadcrumb\",\"itemListElement\":[{\"@type\":\"ListItem\",\"position\":1,\"name\":\"Home\",\"item\":\"https:\/\/sulin.ee\/en\/\"},{\"@type\":\"ListItem\",\"position\":2,\"name\":\"Sulin.ee e-pood\",\"item\":\"https:\/\/sulin.ee\/shop\/\"},{\"@type\":\"ListItem\",\"position\":3,\"name\":\"Happy Nappy ujumism\u00e4he\"}]},{\"@type\":\"WebSite\",\"@id\":\"https:\/\/sulin.ee\/en\/#website\",\"url\":\"https:\/\/sulin.ee\/en\/\",\"name\":\"sulin.ee\",\"description\":\"\",\"publisher\":{\"@id\":\"https:\/\/sulin.ee\/en\/#organization\"},\"potentialAction\":[{\"@type\":\"SearchAction\",\"target\":{\"@type\":\"EntryPoint\",\"urlTemplate\":\"https:\/\/sulin.ee\/en\/?s={search_term_string}\"},\"query-input\":{\"@type\":\"PropertyValueSpecification\",\"valueRequired\":true,\"valueName\":\"search_term_string\"}}],\"inLanguage\":\"en-US\"},{\"@type\":\"Organization\",\"@id\":\"https:\/\/sulin.ee\/en\/#organization\",\"name\":\"SULIN TRADE O\u00dc\",\"url\":\"https:\/\/sulin.ee\/en\/\",\"logo\":{\"@type\":\"ImageObject\",\"inLanguage\":\"en-US\",\"@id\":\"https:\/\/sulin.ee\/en\/#\/schema\/logo\/image\/\",\"url\":\"https:\/\/sulin.ee\/wp-content\/uploads\/2022\/11\/sulin-logo.png\",\"contentUrl\":\"https:\/\/sulin.ee\/wp-content\/uploads\/2022\/11\/sulin-logo.png\",\"width\":871,\"height\":321,\"caption\":\"SULIN TRADE O\u00dc\"},\"image\":{\"@id\":\"https:\/\/sulin.ee\/en\/#\/schema\/logo\/image\/\"},\"sameAs\":[\"https:\/\/www.facebook.com\/www.sulin.ee\/\",\"https:\/\/www.instagram.com\/sulintrade\/\"]}]}<\/script>\n<!-- \/ Yoast SEO plugin. -->","yoast_head_json":{"title":"Happy Nappy ujumism\u00e4he - sulin.ee","description":"Happy Nappy pestavad ja korduvkasutatavad ujumism\u00e4hkmed on mugavad ning kergesti hooldatavad. Ideaalsed rannas v\u00f5i basseinis kasutamiseks.","robots":{"index":"index","follow":"follow","max-snippet":"max-snippet:-1","max-image-preview":"max-image-preview:large","max-video-preview":"max-video-preview:-1"},"canonical":"https:\/\/sulin.ee\/en\/toode\/happy-nappy-korduvkasutav-ujumismahe\/","og_locale":"en_US","og_type":"article","og_title":"Happy Nappy ujumism\u00e4he - sulin.ee","og_description":"Happy Nappy pestavad ja korduvkasutatavad ujumism\u00e4hkmed on mugavad ning kergesti hooldatavad. Ideaalsed rannas v\u00f5i basseinis kasutamiseks.","og_url":"https:\/\/sulin.ee\/en\/toode\/happy-nappy-korduvkasutav-ujumismahe\/","og_site_name":"sulin.ee","article_publisher":"https:\/\/www.facebook.com\/www.sulin.ee\/","article_modified_time":"2026-03-09T14:58:39+00:00","og_image":[{"width":800,"height":800,"url":"https:\/\/sulin.ee\/wp-content\/uploads\/2022\/10\/Woods.png","type":"image\/png"}],"twitter_card":"summary_large_image","twitter_misc":{"Est. reading time":"1 minute"},"schema":{"@context":"https:\/\/schema.org","@graph":[{"@type":"WebPage","@id":"https:\/\/sulin.ee\/en\/toode\/happy-nappy-korduvkasutav-ujumismahe\/","url":"https:\/\/sulin.ee\/en\/toode\/happy-nappy-korduvkasutav-ujumismahe\/","name":"Happy Nappy ujumism\u00e4he - sulin.ee","isPartOf":{"@id":"https:\/\/sulin.ee\/en\/#website"},"primaryImageOfPage":{"@id":"https:\/\/sulin.ee\/en\/toode\/happy-nappy-korduvkasutav-ujumismahe\/#primaryimage"},"image":{"@id":"https:\/\/sulin.ee\/en\/toode\/happy-nappy-korduvkasutav-ujumismahe\/#primaryimage"},"thumbnailUrl":"https:\/\/sulin.ee\/wp-content\/uploads\/2022\/10\/Woods.png","datePublished":"2022-10-24T10:35:08+00:00","dateModified":"2026-03-09T14:58:39+00:00","description":"Happy Nappy pestavad ja korduvkasutatavad ujumism\u00e4hkmed on mugavad ning kergesti hooldatavad. Ideaalsed rannas v\u00f5i basseinis kasutamiseks.","breadcrumb":{"@id":"https:\/\/sulin.ee\/en\/toode\/happy-nappy-korduvkasutav-ujumismahe\/#breadcrumb"},"inLanguage":"en-US","potentialAction":[{"@type":"ReadAction","target":["https:\/\/sulin.ee\/en\/toode\/happy-nappy-korduvkasutav-ujumismahe\/"]}]},{"@type":"ImageObject","inLanguage":"en-US","@id":"https:\/\/sulin.ee\/en\/toode\/happy-nappy-korduvkasutav-ujumismahe\/#primaryimage","url":"https:\/\/sulin.ee\/wp-content\/uploads\/2022\/10\/Woods.png","contentUrl":"https:\/\/sulin.ee\/wp-content\/uploads\/2022\/10\/Woods.png","width":800,"height":800},{"@type":"BreadcrumbList","@id":"https:\/\/sulin.ee\/en\/toode\/happy-nappy-korduvkasutav-ujumismahe\/#breadcrumb","itemListElement":[{"@type":"ListItem","position":1,"name":"Home","item":"https:\/\/sulin.ee\/en\/"},{"@type":"ListItem","position":2,"name":"Sulin.ee e-pood","item":"https:\/\/sulin.ee\/shop\/"},{"@type":"ListItem","position":3,"name":"Happy Nappy ujumism\u00e4he"}]},{"@type":"WebSite","@id":"https:\/\/sulin.ee\/en\/#website","url":"https:\/\/sulin.ee\/en\/","name":"sulin.ee","description":"","publisher":{"@id":"https:\/\/sulin.ee\/en\/#organization"},"potentialAction":[{"@type":"SearchAction","target":{"@type":"EntryPoint","urlTemplate":"https:\/\/sulin.ee\/en\/?s={search_term_string}"},"query-input":{"@type":"PropertyValueSpecification","valueRequired":true,"valueName":"search_term_string"}}],"inLanguage":"en-US"},{"@type":"Organization","@id":"https:\/\/sulin.ee\/en\/#organization","name":"SULIN TRADE O\u00dc","url":"https:\/\/sulin.ee\/en\/","logo":{"@type":"ImageObject","inLanguage":"en-US","@id":"https:\/\/sulin.ee\/en\/#\/schema\/logo\/image\/","url":"https:\/\/sulin.ee\/wp-content\/uploads\/2022\/11\/sulin-logo.png","contentUrl":"https:\/\/sulin.ee\/wp-content\/uploads\/2022\/11\/sulin-logo.png","width":871,"height":321,"caption":"SULIN TRADE O\u00dc"},"image":{"@id":"https:\/\/sulin.ee\/en\/#\/schema\/logo\/image\/"},"sameAs":["https:\/\/www.facebook.com\/www.sulin.ee\/","https:\/\/www.instagram.com\/sulintrade\/"]}]}},"builder_content":"","_links":{"self":[{"href":"https:\/\/sulin.ee\/en\/wp-json\/wp\/v2\/product\/6576","targetHints":{"allow":["GET"]}}],"collection":[{"href":"https:\/\/sulin.ee\/en\/wp-json\/wp\/v2\/product"}],"about":[{"href":"https:\/\/sulin.ee\/en\/wp-json\/wp\/v2\/types\/product"}],"replies":[{"embeddable":true,"href":"https:\/\/sulin.ee\/en\/wp-json\/wp\/v2\/comments?post=6576"}],"wp:featuredmedia":[{"embeddable":true,"href":"https:\/\/sulin.ee\/en\/wp-json\/wp\/v2\/media\/6639"}],"wp:attachment":[{"href":"https:\/\/sulin.ee\/en\/wp-json\/wp\/v2\/media?parent=6576"}],"wp:term":[{"taxonomy":"product_brand","embeddable":true,"href":"https:\/\/sulin.ee\/en\/wp-json\/wp\/v2\/product_brand?post=6576"},{"taxonomy":"product_cat","embeddable":true,"href":"https:\/\/sulin.ee\/en\/wp-json\/wp\/v2\/product_cat?post=6576"},{"taxonomy":"product_tag","embeddable":true,"href":"https:\/\/sulin.ee\/en\/wp-json\/wp\/v2\/product_tag?post=6576"}],"curies":[{"name":"wp","href":"https:\/\/api.w.org\/{rel}","templated":true}]}}