{"id":6563,"date":"2022-10-24T09:51:20","date_gmt":"2022-10-24T09:51:20","guid":{"rendered":"http:\/\/test.itson.ee\/sulin\/?post_type=product&#038;p=6563"},"modified":"2025-12-20T11:43:33","modified_gmt":"2025-12-20T11:43:33","slug":"happy-nappy-ujumismahkme-puuvillane-sisemahe","status":"publish","type":"product","link":"https:\/\/sulin.ee\/en\/toode\/happy-nappy-ujumismahkme-puuvillane-sisemahe\/","title":{"rendered":"Happy Nappy ujumism\u00e4hkme puuvillane sisem\u00e4he"},"content":{"rendered":"<p id=\"tw-target-text\" class=\"tw-data-text tw-text-large XcVN5d tw-ta\" dir=\"ltr\" data-placeholder=\"T\u00f5lge\"><span class=\"Y2IQFc\"><strong>See armas pehme valge puuvillane m\u00e4hkmesisu on osa Splash About&#8217;i fantastilisest ja keskkonnas\u00f5bralikust Happy Nappy ujumism\u00e4hkme s\u00fcsteemist.<\/strong> Kuigi Happy Nappy ujumism\u00e4he t\u00f6\u00f6tab \u00fcksi ka suurep\u00e4raselt, siis on seda lihtsam puhastada, kasutades neid koos sisem\u00e4hkmega.\u00a0<\/span><\/p>\n<p>M\u00e4hkmesisul on pehme kr\u00f5pskinnitus mugavamaks kandmiseks ning m\u00e4het on lihtne puhastada.<\/p>\n<p><strong>Saadaval kahes suuruses:<\/strong><\/p>\n<p class=\"tw-data-text tw-text-large XcVN5d tw-ta\" dir=\"ltr\" data-placeholder=\"T\u00f5lge\"><span class=\"Y2IQFc\"><strong>M\/L:\u00a0<\/strong>3 &#8211; 14 kuud;<\/span><\/p>\n<p class=\"tw-data-text tw-text-large XcVN5d tw-ta\" dir=\"ltr\" data-placeholder=\"T\u00f5lge\"><span class=\"Y2IQFc\"><strong>XL\/XXL:\u00a0<\/strong>1 &#8211; 3 aastat.<\/span><\/p>\n","protected":false},"excerpt":{"rendered":"<p>See armas pehme valge puuvillane m\u00e4hkmesisu on osa Splash About&#8217;i fantastilisest ja keskkonnas\u00f5bralikust Happy Nappy ujumism\u00e4hkme s\u00fcsteemist. Kuigi Happy Nappy ujumism\u00e4he t\u00f6\u00f6tab \u00fcksi ka suurep\u00e4raselt, siis on seda lihtsam puhastada, kasutades neid koos sisem\u00e4hkmega.\u00a0 M\u00e4hkmesisul on pehme kr\u00f5pskinnitus mugavamaks kandmiseks ning m\u00e4het on lihtne puhastada. Saadaval kahes suuruses: M\/L:\u00a03 &#8211; 14 kuud; XL\/XXL:\u00a01 &#8211; 3 [&hellip;]<\/p>\n","protected":false},"featured_media":6569,"comment_status":"open","ping_status":"closed","template":"","meta":[],"product_brand":[],"product_cat":[118,632],"product_tag":[633],"class_list":{"0":"post-6563","1":"product","2":"type-product","3":"status-publish","4":"has-post-thumbnail","6":"product_cat-ujumismahkmed","7":"product_cat-splash-about","8":"product_tag-splash-about","9":"has-post-title","10":"has-post-date","11":"has-post-category","12":"has-post-tag","13":"has-post-comment","14":"has-post-author","15":"","17":"first","18":"instock","19":"sale","20":"taxable","21":"shipping-taxable","22":"purchasable","23":"product-type-variable"},"yoast_head":"<!-- This site is optimized with the Yoast SEO plugin v26.8 - https:\/\/yoast.com\/product\/yoast-seo-wordpress\/ -->\n<title>Happy Nappy ujumism\u00e4hkme puuvillane sisem\u00e4he - sulin.ee<\/title>\n<meta name=\"robots\" content=\"index, follow, max-snippet:-1, max-image-preview:large, max-video-preview:-1\" \/>\n<link rel=\"canonical\" href=\"https:\/\/sulin.ee\/en\/toode\/happy-nappy-ujumismahkme-puuvillane-sisemahe\/\" \/>\n<meta property=\"og:locale\" content=\"en_US\" \/>\n<meta property=\"og:type\" content=\"article\" \/>\n<meta property=\"og:title\" content=\"Happy Nappy ujumism\u00e4hkme puuvillane sisem\u00e4he - sulin.ee\" \/>\n<meta property=\"og:description\" content=\"See armas pehme valge puuvillane m\u00e4hkmesisu on osa Splash About&#8217;i fantastilisest ja keskkonnas\u00f5bralikust Happy Nappy ujumism\u00e4hkme s\u00fcsteemist. Kuigi Happy Nappy ujumism\u00e4he t\u00f6\u00f6tab \u00fcksi ka suurep\u00e4raselt, siis on seda lihtsam puhastada, kasutades neid koos sisem\u00e4hkmega.\u00a0 M\u00e4hkmesisul on pehme kr\u00f5pskinnitus mugavamaks kandmiseks ning m\u00e4het on lihtne puhastada. Saadaval kahes suuruses: M\/L:\u00a03 &#8211; 14 kuud; XL\/XXL:\u00a01 &#8211; 3 [&hellip;]\" \/>\n<meta property=\"og:url\" content=\"https:\/\/sulin.ee\/en\/toode\/happy-nappy-ujumismahkme-puuvillane-sisemahe\/\" \/>\n<meta property=\"og:site_name\" content=\"sulin.ee\" \/>\n<meta property=\"article:publisher\" content=\"https:\/\/www.facebook.com\/www.sulin.ee\/\" \/>\n<meta property=\"article:modified_time\" content=\"2025-12-20T11:43:33+00:00\" \/>\n<meta property=\"og:image\" content=\"https:\/\/sulin.ee\/wp-content\/uploads\/2022\/10\/nw-f-min_1.webp\" \/>\n\t<meta property=\"og:image:width\" content=\"600\" \/>\n\t<meta property=\"og:image:height\" content=\"600\" \/>\n\t<meta property=\"og:image:type\" content=\"image\/webp\" \/>\n<meta name=\"twitter:card\" content=\"summary_large_image\" \/>\n<meta name=\"twitter:label1\" content=\"Est. reading time\" \/>\n\t<meta name=\"twitter:data1\" content=\"1 minute\" \/>\n<script type=\"application\/ld+json\" class=\"yoast-schema-graph\">{\"@context\":\"https:\/\/schema.org\",\"@graph\":[{\"@type\":\"WebPage\",\"@id\":\"https:\/\/sulin.ee\/en\/toode\/happy-nappy-ujumismahkme-puuvillane-sisemahe\/\",\"url\":\"https:\/\/sulin.ee\/en\/toode\/happy-nappy-ujumismahkme-puuvillane-sisemahe\/\",\"name\":\"Happy Nappy ujumism\u00e4hkme puuvillane sisem\u00e4he - sulin.ee\",\"isPartOf\":{\"@id\":\"https:\/\/sulin.ee\/en\/#website\"},\"primaryImageOfPage\":{\"@id\":\"https:\/\/sulin.ee\/en\/toode\/happy-nappy-ujumismahkme-puuvillane-sisemahe\/#primaryimage\"},\"image\":{\"@id\":\"https:\/\/sulin.ee\/en\/toode\/happy-nappy-ujumismahkme-puuvillane-sisemahe\/#primaryimage\"},\"thumbnailUrl\":\"https:\/\/sulin.ee\/wp-content\/uploads\/2022\/10\/nw-f-min_1.webp\",\"datePublished\":\"2022-10-24T09:51:20+00:00\",\"dateModified\":\"2025-12-20T11:43:33+00:00\",\"breadcrumb\":{\"@id\":\"https:\/\/sulin.ee\/en\/toode\/happy-nappy-ujumismahkme-puuvillane-sisemahe\/#breadcrumb\"},\"inLanguage\":\"en-US\",\"potentialAction\":[{\"@type\":\"ReadAction\",\"target\":[\"https:\/\/sulin.ee\/en\/toode\/happy-nappy-ujumismahkme-puuvillane-sisemahe\/\"]}]},{\"@type\":\"ImageObject\",\"inLanguage\":\"en-US\",\"@id\":\"https:\/\/sulin.ee\/en\/toode\/happy-nappy-ujumismahkme-puuvillane-sisemahe\/#primaryimage\",\"url\":\"https:\/\/sulin.ee\/wp-content\/uploads\/2022\/10\/nw-f-min_1.webp\",\"contentUrl\":\"https:\/\/sulin.ee\/wp-content\/uploads\/2022\/10\/nw-f-min_1.webp\",\"width\":600,\"height\":600},{\"@type\":\"BreadcrumbList\",\"@id\":\"https:\/\/sulin.ee\/en\/toode\/happy-nappy-ujumismahkme-puuvillane-sisemahe\/#breadcrumb\",\"itemListElement\":[{\"@type\":\"ListItem\",\"position\":1,\"name\":\"Home\",\"item\":\"https:\/\/sulin.ee\/en\/\"},{\"@type\":\"ListItem\",\"position\":2,\"name\":\"Sulin.ee e-pood\",\"item\":\"https:\/\/sulin.ee\/shop\/\"},{\"@type\":\"ListItem\",\"position\":3,\"name\":\"Happy Nappy ujumism\u00e4hkme puuvillane sisem\u00e4he\"}]},{\"@type\":\"WebSite\",\"@id\":\"https:\/\/sulin.ee\/en\/#website\",\"url\":\"https:\/\/sulin.ee\/en\/\",\"name\":\"sulin.ee\",\"description\":\"\",\"publisher\":{\"@id\":\"https:\/\/sulin.ee\/en\/#organization\"},\"potentialAction\":[{\"@type\":\"SearchAction\",\"target\":{\"@type\":\"EntryPoint\",\"urlTemplate\":\"https:\/\/sulin.ee\/en\/?s={search_term_string}\"},\"query-input\":{\"@type\":\"PropertyValueSpecification\",\"valueRequired\":true,\"valueName\":\"search_term_string\"}}],\"inLanguage\":\"en-US\"},{\"@type\":\"Organization\",\"@id\":\"https:\/\/sulin.ee\/en\/#organization\",\"name\":\"SULIN TRADE O\u00dc\",\"url\":\"https:\/\/sulin.ee\/en\/\",\"logo\":{\"@type\":\"ImageObject\",\"inLanguage\":\"en-US\",\"@id\":\"https:\/\/sulin.ee\/en\/#\/schema\/logo\/image\/\",\"url\":\"https:\/\/sulin.ee\/wp-content\/uploads\/2022\/11\/sulin-logo.png\",\"contentUrl\":\"https:\/\/sulin.ee\/wp-content\/uploads\/2022\/11\/sulin-logo.png\",\"width\":871,\"height\":321,\"caption\":\"SULIN TRADE O\u00dc\"},\"image\":{\"@id\":\"https:\/\/sulin.ee\/en\/#\/schema\/logo\/image\/\"},\"sameAs\":[\"https:\/\/www.facebook.com\/www.sulin.ee\/\",\"https:\/\/www.instagram.com\/sulintrade\/\"]}]}<\/script>\n<!-- \/ Yoast SEO plugin. -->","yoast_head_json":{"title":"Happy Nappy ujumism\u00e4hkme puuvillane sisem\u00e4he - sulin.ee","robots":{"index":"index","follow":"follow","max-snippet":"max-snippet:-1","max-image-preview":"max-image-preview:large","max-video-preview":"max-video-preview:-1"},"canonical":"https:\/\/sulin.ee\/en\/toode\/happy-nappy-ujumismahkme-puuvillane-sisemahe\/","og_locale":"en_US","og_type":"article","og_title":"Happy Nappy ujumism\u00e4hkme puuvillane sisem\u00e4he - sulin.ee","og_description":"See armas pehme valge puuvillane m\u00e4hkmesisu on osa Splash About&#8217;i fantastilisest ja keskkonnas\u00f5bralikust Happy Nappy ujumism\u00e4hkme s\u00fcsteemist. Kuigi Happy Nappy ujumism\u00e4he t\u00f6\u00f6tab \u00fcksi ka suurep\u00e4raselt, siis on seda lihtsam puhastada, kasutades neid koos sisem\u00e4hkmega.\u00a0 M\u00e4hkmesisul on pehme kr\u00f5pskinnitus mugavamaks kandmiseks ning m\u00e4het on lihtne puhastada. Saadaval kahes suuruses: M\/L:\u00a03 &#8211; 14 kuud; XL\/XXL:\u00a01 &#8211; 3 [&hellip;]","og_url":"https:\/\/sulin.ee\/en\/toode\/happy-nappy-ujumismahkme-puuvillane-sisemahe\/","og_site_name":"sulin.ee","article_publisher":"https:\/\/www.facebook.com\/www.sulin.ee\/","article_modified_time":"2025-12-20T11:43:33+00:00","og_image":[{"width":600,"height":600,"url":"https:\/\/sulin.ee\/wp-content\/uploads\/2022\/10\/nw-f-min_1.webp","type":"image\/webp"}],"twitter_card":"summary_large_image","twitter_misc":{"Est. reading time":"1 minute"},"schema":{"@context":"https:\/\/schema.org","@graph":[{"@type":"WebPage","@id":"https:\/\/sulin.ee\/en\/toode\/happy-nappy-ujumismahkme-puuvillane-sisemahe\/","url":"https:\/\/sulin.ee\/en\/toode\/happy-nappy-ujumismahkme-puuvillane-sisemahe\/","name":"Happy Nappy ujumism\u00e4hkme puuvillane sisem\u00e4he - sulin.ee","isPartOf":{"@id":"https:\/\/sulin.ee\/en\/#website"},"primaryImageOfPage":{"@id":"https:\/\/sulin.ee\/en\/toode\/happy-nappy-ujumismahkme-puuvillane-sisemahe\/#primaryimage"},"image":{"@id":"https:\/\/sulin.ee\/en\/toode\/happy-nappy-ujumismahkme-puuvillane-sisemahe\/#primaryimage"},"thumbnailUrl":"https:\/\/sulin.ee\/wp-content\/uploads\/2022\/10\/nw-f-min_1.webp","datePublished":"2022-10-24T09:51:20+00:00","dateModified":"2025-12-20T11:43:33+00:00","breadcrumb":{"@id":"https:\/\/sulin.ee\/en\/toode\/happy-nappy-ujumismahkme-puuvillane-sisemahe\/#breadcrumb"},"inLanguage":"en-US","potentialAction":[{"@type":"ReadAction","target":["https:\/\/sulin.ee\/en\/toode\/happy-nappy-ujumismahkme-puuvillane-sisemahe\/"]}]},{"@type":"ImageObject","inLanguage":"en-US","@id":"https:\/\/sulin.ee\/en\/toode\/happy-nappy-ujumismahkme-puuvillane-sisemahe\/#primaryimage","url":"https:\/\/sulin.ee\/wp-content\/uploads\/2022\/10\/nw-f-min_1.webp","contentUrl":"https:\/\/sulin.ee\/wp-content\/uploads\/2022\/10\/nw-f-min_1.webp","width":600,"height":600},{"@type":"BreadcrumbList","@id":"https:\/\/sulin.ee\/en\/toode\/happy-nappy-ujumismahkme-puuvillane-sisemahe\/#breadcrumb","itemListElement":[{"@type":"ListItem","position":1,"name":"Home","item":"https:\/\/sulin.ee\/en\/"},{"@type":"ListItem","position":2,"name":"Sulin.ee e-pood","item":"https:\/\/sulin.ee\/shop\/"},{"@type":"ListItem","position":3,"name":"Happy Nappy ujumism\u00e4hkme puuvillane sisem\u00e4he"}]},{"@type":"WebSite","@id":"https:\/\/sulin.ee\/en\/#website","url":"https:\/\/sulin.ee\/en\/","name":"sulin.ee","description":"","publisher":{"@id":"https:\/\/sulin.ee\/en\/#organization"},"potentialAction":[{"@type":"SearchAction","target":{"@type":"EntryPoint","urlTemplate":"https:\/\/sulin.ee\/en\/?s={search_term_string}"},"query-input":{"@type":"PropertyValueSpecification","valueRequired":true,"valueName":"search_term_string"}}],"inLanguage":"en-US"},{"@type":"Organization","@id":"https:\/\/sulin.ee\/en\/#organization","name":"SULIN TRADE O\u00dc","url":"https:\/\/sulin.ee\/en\/","logo":{"@type":"ImageObject","inLanguage":"en-US","@id":"https:\/\/sulin.ee\/en\/#\/schema\/logo\/image\/","url":"https:\/\/sulin.ee\/wp-content\/uploads\/2022\/11\/sulin-logo.png","contentUrl":"https:\/\/sulin.ee\/wp-content\/uploads\/2022\/11\/sulin-logo.png","width":871,"height":321,"caption":"SULIN TRADE O\u00dc"},"image":{"@id":"https:\/\/sulin.ee\/en\/#\/schema\/logo\/image\/"},"sameAs":["https:\/\/www.facebook.com\/www.sulin.ee\/","https:\/\/www.instagram.com\/sulintrade\/"]}]}},"builder_content":"","_links":{"self":[{"href":"https:\/\/sulin.ee\/en\/wp-json\/wp\/v2\/product\/6563","targetHints":{"allow":["GET"]}}],"collection":[{"href":"https:\/\/sulin.ee\/en\/wp-json\/wp\/v2\/product"}],"about":[{"href":"https:\/\/sulin.ee\/en\/wp-json\/wp\/v2\/types\/product"}],"replies":[{"embeddable":true,"href":"https:\/\/sulin.ee\/en\/wp-json\/wp\/v2\/comments?post=6563"}],"wp:featuredmedia":[{"embeddable":true,"href":"https:\/\/sulin.ee\/en\/wp-json\/wp\/v2\/media\/6569"}],"wp:attachment":[{"href":"https:\/\/sulin.ee\/en\/wp-json\/wp\/v2\/media?parent=6563"}],"wp:term":[{"taxonomy":"product_brand","embeddable":true,"href":"https:\/\/sulin.ee\/en\/wp-json\/wp\/v2\/product_brand?post=6563"},{"taxonomy":"product_cat","embeddable":true,"href":"https:\/\/sulin.ee\/en\/wp-json\/wp\/v2\/product_cat?post=6563"},{"taxonomy":"product_tag","embeddable":true,"href":"https:\/\/sulin.ee\/en\/wp-json\/wp\/v2\/product_tag?post=6563"}],"curies":[{"name":"wp","href":"https:\/\/api.w.org\/{rel}","templated":true}]}}