{"id":6535,"date":"2022-10-24T09:27:31","date_gmt":"2022-10-24T09:27:31","guid":{"rendered":"http:\/\/test.itson.ee\/sulin\/?post_type=product&#038;p=6535"},"modified":"2025-11-13T13:03:46","modified_gmt":"2025-11-13T13:03:46","slug":"pop-in-uhes-suuruses-mahkmekate","status":"publish","type":"product","link":"https:\/\/sulin.ee\/en\/toode\/pop-in-uhes-suuruses-mahkmekate\/","title":{"rendered":"Pop-in \u00fches suuruses m\u00e4hkmekate"},"content":{"rendered":"<p><strong>Pop-in \u00fches suuruses trukkidega m\u00e4hkmekate on hea alternatiiv neile, kes soovivad vaheldust kr\u00f5psudega katetele. Sobib kasutamiseks s\u00fcnnist kuni m\u00e4hkmeea l\u00f5puni\u00a0(3 kg \u2013 16 kg)<\/strong>. Katte suurust on lihtne muuta esik\u00fcljel olevate trukkide abil.<\/p>\n<p>Elastne v\u00f6\u00f6koht ning lihtsasti reguleeritavad trukid muudavad katte kasutamise mugavaks iga\u00fchele. Topelt kummid jalaosas aitavad v\u00e4ltida lekkeid.<\/p>\n<p>Katte sees on servad, kuhu alla saab m\u00e4hkmesisu panna, et see paremini paigal p\u00fcsiks.<\/p>\n","protected":false},"excerpt":{"rendered":"<p>Pop-in \u00fches suuruses trukkidega m\u00e4hkmekate on hea alternatiiv neile, kes soovivad vaheldust kr\u00f5psudega katetele. Sobib kasutamiseks s\u00fcnnist kuni m\u00e4hkmeea l\u00f5puni\u00a0(3 kg \u2013 16 kg). Katte suurust on lihtne muuta esik\u00fcljel olevate trukkide abil. Elastne v\u00f6\u00f6koht ning lihtsasti reguleeritavad trukid muudavad katte kasutamise mugavaks iga\u00fchele. Topelt kummid jalaosas aitavad v\u00e4ltida lekkeid. Katte sees on servad, kuhu [&hellip;]<\/p>\n","protected":false},"featured_media":21088,"comment_status":"open","ping_status":"closed","template":"","meta":[],"product_brand":[],"product_cat":[612,351],"product_tag":[352],"class_list":{"0":"post-6535","1":"product","2":"type-product","3":"status-publish","4":"has-post-thumbnail","6":"product_cat-uhes-suuruses-katted","7":"product_cat-close-pop-in","8":"product_tag-close-pop-in","9":"has-post-title","10":"has-post-date","11":"has-post-category","12":"has-post-tag","13":"has-post-comment","14":"has-post-author","15":"","17":"first","18":"instock","19":"sale","20":"taxable","21":"shipping-taxable","22":"purchasable","23":"product-type-variable"},"yoast_head":"<!-- This site is optimized with the Yoast SEO plugin v26.8 - https:\/\/yoast.com\/product\/yoast-seo-wordpress\/ -->\n<title>Pop-in \u00fches suuruses m\u00e4hkmekate - sulin.ee<\/title>\n<meta name=\"robots\" content=\"index, follow, max-snippet:-1, max-image-preview:large, max-video-preview:-1\" \/>\n<link rel=\"canonical\" href=\"https:\/\/sulin.ee\/en\/toode\/pop-in-uhes-suuruses-mahkmekate\/\" \/>\n<meta property=\"og:locale\" content=\"en_US\" \/>\n<meta property=\"og:type\" content=\"article\" \/>\n<meta property=\"og:title\" content=\"Pop-in \u00fches suuruses m\u00e4hkmekate - sulin.ee\" \/>\n<meta property=\"og:description\" content=\"Pop-in \u00fches suuruses trukkidega m\u00e4hkmekate on hea alternatiiv neile, kes soovivad vaheldust kr\u00f5psudega katetele. Sobib kasutamiseks s\u00fcnnist kuni m\u00e4hkmeea l\u00f5puni\u00a0(3 kg \u2013 16 kg). Katte suurust on lihtne muuta esik\u00fcljel olevate trukkide abil. Elastne v\u00f6\u00f6koht ning lihtsasti reguleeritavad trukid muudavad katte kasutamise mugavaks iga\u00fchele. Topelt kummid jalaosas aitavad v\u00e4ltida lekkeid. Katte sees on servad, kuhu [&hellip;]\" \/>\n<meta property=\"og:url\" content=\"https:\/\/sulin.ee\/en\/toode\/pop-in-uhes-suuruses-mahkmekate\/\" \/>\n<meta property=\"og:site_name\" content=\"sulin.ee\" \/>\n<meta property=\"article:publisher\" content=\"https:\/\/www.facebook.com\/www.sulin.ee\/\" \/>\n<meta property=\"article:modified_time\" content=\"2025-11-13T13:03:46+00:00\" \/>\n<meta property=\"og:image\" content=\"https:\/\/sulin.ee\/wp-content\/uploads\/2024\/08\/Lemur.png\" \/>\n\t<meta property=\"og:image:width\" content=\"1080\" \/>\n\t<meta property=\"og:image:height\" content=\"1080\" \/>\n\t<meta property=\"og:image:type\" content=\"image\/png\" \/>\n<meta name=\"twitter:card\" content=\"summary_large_image\" \/>\n<meta name=\"twitter:label1\" content=\"Est. reading time\" \/>\n\t<meta name=\"twitter:data1\" content=\"1 minute\" \/>\n<script type=\"application\/ld+json\" class=\"yoast-schema-graph\">{\"@context\":\"https:\/\/schema.org\",\"@graph\":[{\"@type\":\"WebPage\",\"@id\":\"https:\/\/sulin.ee\/en\/toode\/pop-in-uhes-suuruses-mahkmekate\/\",\"url\":\"https:\/\/sulin.ee\/en\/toode\/pop-in-uhes-suuruses-mahkmekate\/\",\"name\":\"Pop-in \u00fches suuruses m\u00e4hkmekate - sulin.ee\",\"isPartOf\":{\"@id\":\"https:\/\/sulin.ee\/en\/#website\"},\"primaryImageOfPage\":{\"@id\":\"https:\/\/sulin.ee\/en\/toode\/pop-in-uhes-suuruses-mahkmekate\/#primaryimage\"},\"image\":{\"@id\":\"https:\/\/sulin.ee\/en\/toode\/pop-in-uhes-suuruses-mahkmekate\/#primaryimage\"},\"thumbnailUrl\":\"https:\/\/sulin.ee\/wp-content\/uploads\/2024\/08\/Lemur.png\",\"datePublished\":\"2022-10-24T09:27:31+00:00\",\"dateModified\":\"2025-11-13T13:03:46+00:00\",\"breadcrumb\":{\"@id\":\"https:\/\/sulin.ee\/en\/toode\/pop-in-uhes-suuruses-mahkmekate\/#breadcrumb\"},\"inLanguage\":\"en-US\",\"potentialAction\":[{\"@type\":\"ReadAction\",\"target\":[\"https:\/\/sulin.ee\/en\/toode\/pop-in-uhes-suuruses-mahkmekate\/\"]}]},{\"@type\":\"ImageObject\",\"inLanguage\":\"en-US\",\"@id\":\"https:\/\/sulin.ee\/en\/toode\/pop-in-uhes-suuruses-mahkmekate\/#primaryimage\",\"url\":\"https:\/\/sulin.ee\/wp-content\/uploads\/2024\/08\/Lemur.png\",\"contentUrl\":\"https:\/\/sulin.ee\/wp-content\/uploads\/2024\/08\/Lemur.png\",\"width\":1080,\"height\":1080,\"caption\":\"Pop-in \u00fches suuruses m\u00e4hkmekatted\"},{\"@type\":\"BreadcrumbList\",\"@id\":\"https:\/\/sulin.ee\/en\/toode\/pop-in-uhes-suuruses-mahkmekate\/#breadcrumb\",\"itemListElement\":[{\"@type\":\"ListItem\",\"position\":1,\"name\":\"Home\",\"item\":\"https:\/\/sulin.ee\/en\/\"},{\"@type\":\"ListItem\",\"position\":2,\"name\":\"Sulin.ee e-pood\",\"item\":\"https:\/\/sulin.ee\/shop\/\"},{\"@type\":\"ListItem\",\"position\":3,\"name\":\"Pop-in \u00fches suuruses m\u00e4hkmekate\"}]},{\"@type\":\"WebSite\",\"@id\":\"https:\/\/sulin.ee\/en\/#website\",\"url\":\"https:\/\/sulin.ee\/en\/\",\"name\":\"sulin.ee\",\"description\":\"\",\"publisher\":{\"@id\":\"https:\/\/sulin.ee\/en\/#organization\"},\"potentialAction\":[{\"@type\":\"SearchAction\",\"target\":{\"@type\":\"EntryPoint\",\"urlTemplate\":\"https:\/\/sulin.ee\/en\/?s={search_term_string}\"},\"query-input\":{\"@type\":\"PropertyValueSpecification\",\"valueRequired\":true,\"valueName\":\"search_term_string\"}}],\"inLanguage\":\"en-US\"},{\"@type\":\"Organization\",\"@id\":\"https:\/\/sulin.ee\/en\/#organization\",\"name\":\"SULIN TRADE O\u00dc\",\"url\":\"https:\/\/sulin.ee\/en\/\",\"logo\":{\"@type\":\"ImageObject\",\"inLanguage\":\"en-US\",\"@id\":\"https:\/\/sulin.ee\/en\/#\/schema\/logo\/image\/\",\"url\":\"https:\/\/sulin.ee\/wp-content\/uploads\/2022\/11\/sulin-logo.png\",\"contentUrl\":\"https:\/\/sulin.ee\/wp-content\/uploads\/2022\/11\/sulin-logo.png\",\"width\":871,\"height\":321,\"caption\":\"SULIN TRADE O\u00dc\"},\"image\":{\"@id\":\"https:\/\/sulin.ee\/en\/#\/schema\/logo\/image\/\"},\"sameAs\":[\"https:\/\/www.facebook.com\/www.sulin.ee\/\",\"https:\/\/www.instagram.com\/sulintrade\/\"]}]}<\/script>\n<!-- \/ Yoast SEO plugin. -->","yoast_head_json":{"title":"Pop-in \u00fches suuruses m\u00e4hkmekate - sulin.ee","robots":{"index":"index","follow":"follow","max-snippet":"max-snippet:-1","max-image-preview":"max-image-preview:large","max-video-preview":"max-video-preview:-1"},"canonical":"https:\/\/sulin.ee\/en\/toode\/pop-in-uhes-suuruses-mahkmekate\/","og_locale":"en_US","og_type":"article","og_title":"Pop-in \u00fches suuruses m\u00e4hkmekate - sulin.ee","og_description":"Pop-in \u00fches suuruses trukkidega m\u00e4hkmekate on hea alternatiiv neile, kes soovivad vaheldust kr\u00f5psudega katetele. Sobib kasutamiseks s\u00fcnnist kuni m\u00e4hkmeea l\u00f5puni\u00a0(3 kg \u2013 16 kg). Katte suurust on lihtne muuta esik\u00fcljel olevate trukkide abil. Elastne v\u00f6\u00f6koht ning lihtsasti reguleeritavad trukid muudavad katte kasutamise mugavaks iga\u00fchele. Topelt kummid jalaosas aitavad v\u00e4ltida lekkeid. Katte sees on servad, kuhu [&hellip;]","og_url":"https:\/\/sulin.ee\/en\/toode\/pop-in-uhes-suuruses-mahkmekate\/","og_site_name":"sulin.ee","article_publisher":"https:\/\/www.facebook.com\/www.sulin.ee\/","article_modified_time":"2025-11-13T13:03:46+00:00","og_image":[{"width":1080,"height":1080,"url":"https:\/\/sulin.ee\/wp-content\/uploads\/2024\/08\/Lemur.png","type":"image\/png"}],"twitter_card":"summary_large_image","twitter_misc":{"Est. reading time":"1 minute"},"schema":{"@context":"https:\/\/schema.org","@graph":[{"@type":"WebPage","@id":"https:\/\/sulin.ee\/en\/toode\/pop-in-uhes-suuruses-mahkmekate\/","url":"https:\/\/sulin.ee\/en\/toode\/pop-in-uhes-suuruses-mahkmekate\/","name":"Pop-in \u00fches suuruses m\u00e4hkmekate - sulin.ee","isPartOf":{"@id":"https:\/\/sulin.ee\/en\/#website"},"primaryImageOfPage":{"@id":"https:\/\/sulin.ee\/en\/toode\/pop-in-uhes-suuruses-mahkmekate\/#primaryimage"},"image":{"@id":"https:\/\/sulin.ee\/en\/toode\/pop-in-uhes-suuruses-mahkmekate\/#primaryimage"},"thumbnailUrl":"https:\/\/sulin.ee\/wp-content\/uploads\/2024\/08\/Lemur.png","datePublished":"2022-10-24T09:27:31+00:00","dateModified":"2025-11-13T13:03:46+00:00","breadcrumb":{"@id":"https:\/\/sulin.ee\/en\/toode\/pop-in-uhes-suuruses-mahkmekate\/#breadcrumb"},"inLanguage":"en-US","potentialAction":[{"@type":"ReadAction","target":["https:\/\/sulin.ee\/en\/toode\/pop-in-uhes-suuruses-mahkmekate\/"]}]},{"@type":"ImageObject","inLanguage":"en-US","@id":"https:\/\/sulin.ee\/en\/toode\/pop-in-uhes-suuruses-mahkmekate\/#primaryimage","url":"https:\/\/sulin.ee\/wp-content\/uploads\/2024\/08\/Lemur.png","contentUrl":"https:\/\/sulin.ee\/wp-content\/uploads\/2024\/08\/Lemur.png","width":1080,"height":1080,"caption":"Pop-in \u00fches suuruses m\u00e4hkmekatted"},{"@type":"BreadcrumbList","@id":"https:\/\/sulin.ee\/en\/toode\/pop-in-uhes-suuruses-mahkmekate\/#breadcrumb","itemListElement":[{"@type":"ListItem","position":1,"name":"Home","item":"https:\/\/sulin.ee\/en\/"},{"@type":"ListItem","position":2,"name":"Sulin.ee e-pood","item":"https:\/\/sulin.ee\/shop\/"},{"@type":"ListItem","position":3,"name":"Pop-in \u00fches suuruses m\u00e4hkmekate"}]},{"@type":"WebSite","@id":"https:\/\/sulin.ee\/en\/#website","url":"https:\/\/sulin.ee\/en\/","name":"sulin.ee","description":"","publisher":{"@id":"https:\/\/sulin.ee\/en\/#organization"},"potentialAction":[{"@type":"SearchAction","target":{"@type":"EntryPoint","urlTemplate":"https:\/\/sulin.ee\/en\/?s={search_term_string}"},"query-input":{"@type":"PropertyValueSpecification","valueRequired":true,"valueName":"search_term_string"}}],"inLanguage":"en-US"},{"@type":"Organization","@id":"https:\/\/sulin.ee\/en\/#organization","name":"SULIN TRADE O\u00dc","url":"https:\/\/sulin.ee\/en\/","logo":{"@type":"ImageObject","inLanguage":"en-US","@id":"https:\/\/sulin.ee\/en\/#\/schema\/logo\/image\/","url":"https:\/\/sulin.ee\/wp-content\/uploads\/2022\/11\/sulin-logo.png","contentUrl":"https:\/\/sulin.ee\/wp-content\/uploads\/2022\/11\/sulin-logo.png","width":871,"height":321,"caption":"SULIN TRADE O\u00dc"},"image":{"@id":"https:\/\/sulin.ee\/en\/#\/schema\/logo\/image\/"},"sameAs":["https:\/\/www.facebook.com\/www.sulin.ee\/","https:\/\/www.instagram.com\/sulintrade\/"]}]}},"builder_content":"","_links":{"self":[{"href":"https:\/\/sulin.ee\/en\/wp-json\/wp\/v2\/product\/6535","targetHints":{"allow":["GET"]}}],"collection":[{"href":"https:\/\/sulin.ee\/en\/wp-json\/wp\/v2\/product"}],"about":[{"href":"https:\/\/sulin.ee\/en\/wp-json\/wp\/v2\/types\/product"}],"replies":[{"embeddable":true,"href":"https:\/\/sulin.ee\/en\/wp-json\/wp\/v2\/comments?post=6535"}],"wp:featuredmedia":[{"embeddable":true,"href":"https:\/\/sulin.ee\/en\/wp-json\/wp\/v2\/media\/21088"}],"wp:attachment":[{"href":"https:\/\/sulin.ee\/en\/wp-json\/wp\/v2\/media?parent=6535"}],"wp:term":[{"taxonomy":"product_brand","embeddable":true,"href":"https:\/\/sulin.ee\/en\/wp-json\/wp\/v2\/product_brand?post=6535"},{"taxonomy":"product_cat","embeddable":true,"href":"https:\/\/sulin.ee\/en\/wp-json\/wp\/v2\/product_cat?post=6535"},{"taxonomy":"product_tag","embeddable":true,"href":"https:\/\/sulin.ee\/en\/wp-json\/wp\/v2\/product_tag?post=6535"}],"curies":[{"name":"wp","href":"https:\/\/api.w.org\/{rel}","templated":true}]}}