{"id":6500,"date":"2022-10-24T09:11:10","date_gmt":"2022-10-24T09:11:10","guid":{"rendered":"http:\/\/test.itson.ee\/sulin\/?post_type=product&#038;p=6500"},"modified":"2026-01-05T20:24:14","modified_gmt":"2026-01-05T20:24:14","slug":"pop-in-ujumismahkmed","status":"publish","type":"product","link":"https:\/\/sulin.ee\/en\/toode\/pop-in-ujumismahkmed\/","title":{"rendered":"Pop-in ujumism\u00e4hkmed"},"content":{"rendered":"<p id=\"tw-target-text\" class=\"tw-data-text tw-text-large tw-ta\" dir=\"ltr\" data-placeholder=\"T\u00f5lge\"><span class=\"Y2IQFc\"><strong>Pop-in korduvkasutatavad ujumism\u00e4hkmed on pehmest ja elastsest materjalist, mis on valmistatud \u00fcmbert\u00f6\u00f6deldud plastist ning mida on mugav ja lihtne hooldada.<\/strong> M\u00e4hkme sisemust katab pehme fliisist pind ning j<\/span>ala- ja v\u00f6\u00f6osas olevad soonikud aitavad \u00e4ra hoida lekkeid.<\/p>\n<p class=\"tw-data-text tw-text-large tw-ta\" dir=\"ltr\" data-placeholder=\"T\u00f5lge\"><span class=\"Y2IQFc\">T\u00e4nu v\u00f6\u00f6kohas olevale pingutusn\u00f6\u00f6rile on k\u00f5huosa laiust mugav reguleerida.<\/span><\/p>\n<p class=\"tw-data-text tw-text-large tw-ta\" dir=\"ltr\" data-placeholder=\"T\u00f5lge\">Ujumism\u00e4het saab kasutada ilma m\u00e4hkmesisuta. Mugavamaks kasutamiseks on soovitatav ujumism\u00e4het kasutada koos spetsiaalse Pop-in m\u00e4hkmesisuga.<\/p>\n<p class=\"tw-data-text tw-text-large tw-ta\" dir=\"ltr\" data-placeholder=\"T\u00f5lge\"><strong>M\u00e4hkmetel on UPF 50+, et kaitsta v\u00e4ikseid inimesi p\u00e4ikese k\u00e4es.<\/strong><\/p>\n<p class=\"tw-data-text tw-text-large tw-ta\" dir=\"ltr\" data-placeholder=\"T\u00f5lge\"><strong><span class=\"Y2IQFc\">Saadaval neljas suuruses:<\/span><\/strong><\/p>\n<table border=\"1\">\n<tbody>\n<tr>\n<td><strong>Suurus<\/strong><\/td>\n<td><strong>Vanus<\/strong><\/td>\n<td><strong>K\u00f5hu\u00f5mberm\u00f5\u00f5t<\/strong><\/td>\n<td><strong>Reie \u00fcmberm\u00f5\u00f5t<\/strong><\/td>\n<\/tr>\n<tr>\n<td><strong>M<\/strong><\/td>\n<td>3-6 kuud<\/td>\n<td>\u00a045 cm<\/td>\n<td>\u00a025 cm<\/td>\n<\/tr>\n<tr>\n<td><strong>L<\/strong><\/td>\n<td>6-12 kuud<\/td>\n<td>\u00a048 cm<\/td>\n<td>\u00a029 cm<\/td>\n<\/tr>\n<tr>\n<td><strong>XL<\/strong><\/td>\n<td>1-2 aastat<\/td>\n<td>\u00a050 cm<\/td>\n<td>\u00a033 cm<\/td>\n<\/tr>\n<tr>\n<td><strong>XXL<\/strong><\/td>\n<td>2-3 aastat<\/td>\n<td>\u00a053 cm<\/td>\n<td>\u00a036 cm<\/td>\n<\/tr>\n<\/tbody>\n<\/table>\n","protected":false},"excerpt":{"rendered":"<p>Pop-in korduvkasutatavad ujumism\u00e4hkmed on pehmest ja elastsest materjalist, mis on valmistatud \u00fcmbert\u00f6\u00f6deldud plastist ning mida on mugav ja lihtne hooldada. M\u00e4hkme sisemust katab pehme fliisist pind ning jala- ja v\u00f6\u00f6osas olevad soonikud aitavad \u00e4ra hoida lekkeid. T\u00e4nu v\u00f6\u00f6kohas olevale pingutusn\u00f6\u00f6rile on k\u00f5huosa laiust mugav reguleerida. Ujumism\u00e4het saab kasutada ilma m\u00e4hkmesisuta. Mugavamaks kasutamiseks on soovitatav ujumism\u00e4het [&hellip;]<\/p>\n","protected":false},"featured_media":7987,"comment_status":"open","ping_status":"closed","template":"","meta":[],"product_brand":[],"product_cat":[118,351],"product_tag":[352],"class_list":{"0":"post-6500","1":"product","2":"type-product","3":"status-publish","4":"has-post-thumbnail","6":"product_cat-ujumismahkmed","7":"product_cat-close-pop-in","8":"product_tag-close-pop-in","9":"has-post-title","10":"has-post-date","11":"has-post-category","12":"has-post-tag","13":"has-post-comment","14":"has-post-author","15":"","17":"first","18":"instock","19":"sale","20":"taxable","21":"shipping-taxable","22":"purchasable","23":"product-type-variable"},"yoast_head":"<!-- This site is optimized with the Yoast SEO plugin v26.8 - https:\/\/yoast.com\/product\/yoast-seo-wordpress\/ -->\n<title>Pop-in ujumism\u00e4hkmed - sulin.ee<\/title>\n<meta name=\"robots\" content=\"index, follow, max-snippet:-1, max-image-preview:large, max-video-preview:-1\" \/>\n<link rel=\"canonical\" href=\"https:\/\/sulin.ee\/en\/toode\/pop-in-ujumismahkmed\/\" \/>\n<meta property=\"og:locale\" content=\"en_US\" \/>\n<meta property=\"og:type\" content=\"article\" \/>\n<meta property=\"og:title\" content=\"Pop-in ujumism\u00e4hkmed - sulin.ee\" \/>\n<meta property=\"og:description\" content=\"Pop-in korduvkasutatavad ujumism\u00e4hkmed on pehmest ja elastsest materjalist, mis on valmistatud \u00fcmbert\u00f6\u00f6deldud plastist ning mida on mugav ja lihtne hooldada. M\u00e4hkme sisemust katab pehme fliisist pind ning jala- ja v\u00f6\u00f6osas olevad soonikud aitavad \u00e4ra hoida lekkeid. T\u00e4nu v\u00f6\u00f6kohas olevale pingutusn\u00f6\u00f6rile on k\u00f5huosa laiust mugav reguleerida. Ujumism\u00e4het saab kasutada ilma m\u00e4hkmesisuta. Mugavamaks kasutamiseks on soovitatav ujumism\u00e4het [&hellip;]\" \/>\n<meta property=\"og:url\" content=\"https:\/\/sulin.ee\/en\/toode\/pop-in-ujumismahkmed\/\" \/>\n<meta property=\"og:site_name\" content=\"sulin.ee\" \/>\n<meta property=\"article:publisher\" content=\"https:\/\/www.facebook.com\/www.sulin.ee\/\" \/>\n<meta property=\"article:modified_time\" content=\"2026-01-05T20:24:14+00:00\" \/>\n<meta property=\"og:image\" content=\"https:\/\/sulin.ee\/wp-content\/uploads\/2022\/11\/Whale-Shark.webp\" \/>\n\t<meta property=\"og:image:width\" content=\"1000\" \/>\n\t<meta property=\"og:image:height\" content=\"1000\" \/>\n\t<meta property=\"og:image:type\" content=\"image\/webp\" \/>\n<meta name=\"twitter:card\" content=\"summary_large_image\" \/>\n<meta name=\"twitter:label1\" content=\"Est. reading time\" \/>\n\t<meta name=\"twitter:data1\" content=\"1 minute\" \/>\n<script type=\"application\/ld+json\" class=\"yoast-schema-graph\">{\"@context\":\"https:\/\/schema.org\",\"@graph\":[{\"@type\":\"WebPage\",\"@id\":\"https:\/\/sulin.ee\/en\/toode\/pop-in-ujumismahkmed\/\",\"url\":\"https:\/\/sulin.ee\/en\/toode\/pop-in-ujumismahkmed\/\",\"name\":\"Pop-in ujumism\u00e4hkmed - sulin.ee\",\"isPartOf\":{\"@id\":\"https:\/\/sulin.ee\/en\/#website\"},\"primaryImageOfPage\":{\"@id\":\"https:\/\/sulin.ee\/en\/toode\/pop-in-ujumismahkmed\/#primaryimage\"},\"image\":{\"@id\":\"https:\/\/sulin.ee\/en\/toode\/pop-in-ujumismahkmed\/#primaryimage\"},\"thumbnailUrl\":\"https:\/\/sulin.ee\/wp-content\/uploads\/2022\/11\/Whale-Shark.webp\",\"datePublished\":\"2022-10-24T09:11:10+00:00\",\"dateModified\":\"2026-01-05T20:24:14+00:00\",\"breadcrumb\":{\"@id\":\"https:\/\/sulin.ee\/en\/toode\/pop-in-ujumismahkmed\/#breadcrumb\"},\"inLanguage\":\"en-US\",\"potentialAction\":[{\"@type\":\"ReadAction\",\"target\":[\"https:\/\/sulin.ee\/en\/toode\/pop-in-ujumismahkmed\/\"]}]},{\"@type\":\"ImageObject\",\"inLanguage\":\"en-US\",\"@id\":\"https:\/\/sulin.ee\/en\/toode\/pop-in-ujumismahkmed\/#primaryimage\",\"url\":\"https:\/\/sulin.ee\/wp-content\/uploads\/2022\/11\/Whale-Shark.webp\",\"contentUrl\":\"https:\/\/sulin.ee\/wp-content\/uploads\/2022\/11\/Whale-Shark.webp\",\"width\":1000,\"height\":1000},{\"@type\":\"BreadcrumbList\",\"@id\":\"https:\/\/sulin.ee\/en\/toode\/pop-in-ujumismahkmed\/#breadcrumb\",\"itemListElement\":[{\"@type\":\"ListItem\",\"position\":1,\"name\":\"Home\",\"item\":\"https:\/\/sulin.ee\/en\/\"},{\"@type\":\"ListItem\",\"position\":2,\"name\":\"Sulin.ee e-pood\",\"item\":\"https:\/\/sulin.ee\/shop\/\"},{\"@type\":\"ListItem\",\"position\":3,\"name\":\"Pop-in ujumism\u00e4hkmed\"}]},{\"@type\":\"WebSite\",\"@id\":\"https:\/\/sulin.ee\/en\/#website\",\"url\":\"https:\/\/sulin.ee\/en\/\",\"name\":\"sulin.ee\",\"description\":\"\",\"publisher\":{\"@id\":\"https:\/\/sulin.ee\/en\/#organization\"},\"potentialAction\":[{\"@type\":\"SearchAction\",\"target\":{\"@type\":\"EntryPoint\",\"urlTemplate\":\"https:\/\/sulin.ee\/en\/?s={search_term_string}\"},\"query-input\":{\"@type\":\"PropertyValueSpecification\",\"valueRequired\":true,\"valueName\":\"search_term_string\"}}],\"inLanguage\":\"en-US\"},{\"@type\":\"Organization\",\"@id\":\"https:\/\/sulin.ee\/en\/#organization\",\"name\":\"SULIN TRADE O\u00dc\",\"url\":\"https:\/\/sulin.ee\/en\/\",\"logo\":{\"@type\":\"ImageObject\",\"inLanguage\":\"en-US\",\"@id\":\"https:\/\/sulin.ee\/en\/#\/schema\/logo\/image\/\",\"url\":\"https:\/\/sulin.ee\/wp-content\/uploads\/2022\/11\/sulin-logo.png\",\"contentUrl\":\"https:\/\/sulin.ee\/wp-content\/uploads\/2022\/11\/sulin-logo.png\",\"width\":871,\"height\":321,\"caption\":\"SULIN TRADE O\u00dc\"},\"image\":{\"@id\":\"https:\/\/sulin.ee\/en\/#\/schema\/logo\/image\/\"},\"sameAs\":[\"https:\/\/www.facebook.com\/www.sulin.ee\/\",\"https:\/\/www.instagram.com\/sulintrade\/\"]}]}<\/script>\n<!-- \/ Yoast SEO plugin. -->","yoast_head_json":{"title":"Pop-in ujumism\u00e4hkmed - sulin.ee","robots":{"index":"index","follow":"follow","max-snippet":"max-snippet:-1","max-image-preview":"max-image-preview:large","max-video-preview":"max-video-preview:-1"},"canonical":"https:\/\/sulin.ee\/en\/toode\/pop-in-ujumismahkmed\/","og_locale":"en_US","og_type":"article","og_title":"Pop-in ujumism\u00e4hkmed - sulin.ee","og_description":"Pop-in korduvkasutatavad ujumism\u00e4hkmed on pehmest ja elastsest materjalist, mis on valmistatud \u00fcmbert\u00f6\u00f6deldud plastist ning mida on mugav ja lihtne hooldada. M\u00e4hkme sisemust katab pehme fliisist pind ning jala- ja v\u00f6\u00f6osas olevad soonikud aitavad \u00e4ra hoida lekkeid. T\u00e4nu v\u00f6\u00f6kohas olevale pingutusn\u00f6\u00f6rile on k\u00f5huosa laiust mugav reguleerida. Ujumism\u00e4het saab kasutada ilma m\u00e4hkmesisuta. Mugavamaks kasutamiseks on soovitatav ujumism\u00e4het [&hellip;]","og_url":"https:\/\/sulin.ee\/en\/toode\/pop-in-ujumismahkmed\/","og_site_name":"sulin.ee","article_publisher":"https:\/\/www.facebook.com\/www.sulin.ee\/","article_modified_time":"2026-01-05T20:24:14+00:00","og_image":[{"width":1000,"height":1000,"url":"https:\/\/sulin.ee\/wp-content\/uploads\/2022\/11\/Whale-Shark.webp","type":"image\/webp"}],"twitter_card":"summary_large_image","twitter_misc":{"Est. reading time":"1 minute"},"schema":{"@context":"https:\/\/schema.org","@graph":[{"@type":"WebPage","@id":"https:\/\/sulin.ee\/en\/toode\/pop-in-ujumismahkmed\/","url":"https:\/\/sulin.ee\/en\/toode\/pop-in-ujumismahkmed\/","name":"Pop-in ujumism\u00e4hkmed - sulin.ee","isPartOf":{"@id":"https:\/\/sulin.ee\/en\/#website"},"primaryImageOfPage":{"@id":"https:\/\/sulin.ee\/en\/toode\/pop-in-ujumismahkmed\/#primaryimage"},"image":{"@id":"https:\/\/sulin.ee\/en\/toode\/pop-in-ujumismahkmed\/#primaryimage"},"thumbnailUrl":"https:\/\/sulin.ee\/wp-content\/uploads\/2022\/11\/Whale-Shark.webp","datePublished":"2022-10-24T09:11:10+00:00","dateModified":"2026-01-05T20:24:14+00:00","breadcrumb":{"@id":"https:\/\/sulin.ee\/en\/toode\/pop-in-ujumismahkmed\/#breadcrumb"},"inLanguage":"en-US","potentialAction":[{"@type":"ReadAction","target":["https:\/\/sulin.ee\/en\/toode\/pop-in-ujumismahkmed\/"]}]},{"@type":"ImageObject","inLanguage":"en-US","@id":"https:\/\/sulin.ee\/en\/toode\/pop-in-ujumismahkmed\/#primaryimage","url":"https:\/\/sulin.ee\/wp-content\/uploads\/2022\/11\/Whale-Shark.webp","contentUrl":"https:\/\/sulin.ee\/wp-content\/uploads\/2022\/11\/Whale-Shark.webp","width":1000,"height":1000},{"@type":"BreadcrumbList","@id":"https:\/\/sulin.ee\/en\/toode\/pop-in-ujumismahkmed\/#breadcrumb","itemListElement":[{"@type":"ListItem","position":1,"name":"Home","item":"https:\/\/sulin.ee\/en\/"},{"@type":"ListItem","position":2,"name":"Sulin.ee e-pood","item":"https:\/\/sulin.ee\/shop\/"},{"@type":"ListItem","position":3,"name":"Pop-in ujumism\u00e4hkmed"}]},{"@type":"WebSite","@id":"https:\/\/sulin.ee\/en\/#website","url":"https:\/\/sulin.ee\/en\/","name":"sulin.ee","description":"","publisher":{"@id":"https:\/\/sulin.ee\/en\/#organization"},"potentialAction":[{"@type":"SearchAction","target":{"@type":"EntryPoint","urlTemplate":"https:\/\/sulin.ee\/en\/?s={search_term_string}"},"query-input":{"@type":"PropertyValueSpecification","valueRequired":true,"valueName":"search_term_string"}}],"inLanguage":"en-US"},{"@type":"Organization","@id":"https:\/\/sulin.ee\/en\/#organization","name":"SULIN TRADE O\u00dc","url":"https:\/\/sulin.ee\/en\/","logo":{"@type":"ImageObject","inLanguage":"en-US","@id":"https:\/\/sulin.ee\/en\/#\/schema\/logo\/image\/","url":"https:\/\/sulin.ee\/wp-content\/uploads\/2022\/11\/sulin-logo.png","contentUrl":"https:\/\/sulin.ee\/wp-content\/uploads\/2022\/11\/sulin-logo.png","width":871,"height":321,"caption":"SULIN TRADE O\u00dc"},"image":{"@id":"https:\/\/sulin.ee\/en\/#\/schema\/logo\/image\/"},"sameAs":["https:\/\/www.facebook.com\/www.sulin.ee\/","https:\/\/www.instagram.com\/sulintrade\/"]}]}},"builder_content":"","_links":{"self":[{"href":"https:\/\/sulin.ee\/en\/wp-json\/wp\/v2\/product\/6500","targetHints":{"allow":["GET"]}}],"collection":[{"href":"https:\/\/sulin.ee\/en\/wp-json\/wp\/v2\/product"}],"about":[{"href":"https:\/\/sulin.ee\/en\/wp-json\/wp\/v2\/types\/product"}],"replies":[{"embeddable":true,"href":"https:\/\/sulin.ee\/en\/wp-json\/wp\/v2\/comments?post=6500"}],"wp:featuredmedia":[{"embeddable":true,"href":"https:\/\/sulin.ee\/en\/wp-json\/wp\/v2\/media\/7987"}],"wp:attachment":[{"href":"https:\/\/sulin.ee\/en\/wp-json\/wp\/v2\/media?parent=6500"}],"wp:term":[{"taxonomy":"product_brand","embeddable":true,"href":"https:\/\/sulin.ee\/en\/wp-json\/wp\/v2\/product_brand?post=6500"},{"taxonomy":"product_cat","embeddable":true,"href":"https:\/\/sulin.ee\/en\/wp-json\/wp\/v2\/product_cat?post=6500"},{"taxonomy":"product_tag","embeddable":true,"href":"https:\/\/sulin.ee\/en\/wp-json\/wp\/v2\/product_tag?post=6500"}],"curies":[{"name":"wp","href":"https:\/\/api.w.org\/{rel}","templated":true}]}}