{"id":5770,"date":"2022-10-15T19:34:07","date_gmt":"2022-10-15T19:34:07","guid":{"rendered":"http:\/\/test.itson.ee\/sulin\/?post_type=product&#038;p=5770"},"modified":"2025-10-24T10:39:52","modified_gmt":"2025-10-24T10:39:52","slug":"pupus-ujumismahkmed","status":"publish","type":"product","link":"https:\/\/sulin.ee\/en\/toode\/pupus-ujumismahkmed\/","title":{"rendered":"Pupus ujumism\u00e4hkmed"},"content":{"rendered":"<p><strong>Pupus korduvkasutatavad ujumism\u00e4hkmed on keskkonnas\u00f5bralik alternatiiv \u00fchekordsetele m\u00e4hkmetele.<\/strong><\/p>\n<p>P\u00fckste\u00a0 pealispind on kaetud veekindla PUL materjaliga. Lapse naha vastas olev pind on kaetud kiiresti kuivava coolmax kihiga.<\/p>\n<p>P\u00fckse on kerge jalga panna ja \u00e4ra v\u00f5tta.<\/p>\n<p><strong>M\u00e4he on saadaval neljas erinevas suuruses:<\/strong><\/p>\n<table border=\"1\">\n<tbody>\n<tr>\n<td><strong>Suurus\u00a0<\/strong><\/td>\n<td><strong>Lapse kaal\u00a0<\/strong><\/td>\n<td><strong>V\u00f6\u00f6\u00a0\u00d8<\/strong><\/td>\n<td><strong>Jalaava\u00a0\u00d8<\/strong><\/td>\n<\/tr>\n<tr>\n<td><strong>S<\/strong><\/td>\n<td>7 &#8211; 10 kg<\/td>\n<td>36 &#8211; 46 cm<\/td>\n<td>22 &#8211; 28 cm<\/td>\n<\/tr>\n<tr>\n<td><strong>M<\/strong><\/td>\n<td>10 &#8211; 13 kg<\/td>\n<td>40 &#8211; 52 cm<\/td>\n<td>25 &#8211; 30 cm<\/td>\n<\/tr>\n<tr>\n<td><strong>L<\/strong><\/td>\n<td>13 &#8211; 16 kg<\/td>\n<td>44 &#8211; 53 cm<\/td>\n<td>26 &#8211; 32 cm<\/td>\n<\/tr>\n<tr>\n<td><strong>XL<\/strong><\/td>\n<td>15 &#8211; 19 kg<\/td>\n<td>46 &#8211; 55 cm<\/td>\n<td>27 &#8211; 34 cm<\/td>\n<\/tr>\n<\/tbody>\n<\/table>\n","protected":false},"excerpt":{"rendered":"<p>Pupus korduvkasutatavad ujumism\u00e4hkmed on keskkonnas\u00f5bralik alternatiiv \u00fchekordsetele m\u00e4hkmetele. P\u00fckste\u00a0 pealispind on kaetud veekindla PUL materjaliga. Lapse naha vastas olev pind on kaetud kiiresti kuivava coolmax kihiga. P\u00fckse on kerge jalga panna ja \u00e4ra v\u00f5tta. M\u00e4he on saadaval neljas erinevas suuruses: Suurus\u00a0 Lapse kaal\u00a0 V\u00f6\u00f6\u00a0\u00d8 Jalaava\u00a0\u00d8 S 7 &#8211; 10 kg 36 &#8211; 46 cm 22 [&hellip;]<\/p>\n","protected":false},"featured_media":5789,"comment_status":"open","ping_status":"closed","template":"","meta":[],"product_brand":[],"product_cat":[118,473],"product_tag":[474],"class_list":{"0":"post-5770","1":"product","2":"type-product","3":"status-publish","4":"has-post-thumbnail","6":"product_cat-ujumismahkmed","7":"product_cat-pupus","8":"product_tag-pupus","9":"has-post-title","10":"has-post-date","11":"has-post-category","12":"has-post-tag","13":"has-post-comment","14":"has-post-author","15":"","17":"first","18":"instock","19":"sale","20":"taxable","21":"shipping-taxable","22":"purchasable","23":"product-type-variable"},"yoast_head":"<!-- This site is optimized with the Yoast SEO plugin v26.8 - https:\/\/yoast.com\/product\/yoast-seo-wordpress\/ -->\n<title>Pupus ujumism\u00e4hkmed - sulin.ee<\/title>\n<meta name=\"robots\" content=\"index, follow, max-snippet:-1, max-image-preview:large, max-video-preview:-1\" \/>\n<link rel=\"canonical\" href=\"https:\/\/sulin.ee\/en\/toode\/pupus-ujumismahkmed\/\" \/>\n<meta property=\"og:locale\" content=\"en_US\" \/>\n<meta property=\"og:type\" content=\"article\" \/>\n<meta property=\"og:title\" content=\"Pupus ujumism\u00e4hkmed - sulin.ee\" \/>\n<meta property=\"og:description\" content=\"Pupus korduvkasutatavad ujumism\u00e4hkmed on keskkonnas\u00f5bralik alternatiiv \u00fchekordsetele m\u00e4hkmetele. P\u00fckste\u00a0 pealispind on kaetud veekindla PUL materjaliga. Lapse naha vastas olev pind on kaetud kiiresti kuivava coolmax kihiga. P\u00fckse on kerge jalga panna ja \u00e4ra v\u00f5tta. M\u00e4he on saadaval neljas erinevas suuruses: Suurus\u00a0 Lapse kaal\u00a0 V\u00f6\u00f6\u00a0\u00d8 Jalaava\u00a0\u00d8 S 7 &#8211; 10 kg 36 &#8211; 46 cm 22 [&hellip;]\" \/>\n<meta property=\"og:url\" content=\"https:\/\/sulin.ee\/en\/toode\/pupus-ujumismahkmed\/\" \/>\n<meta property=\"og:site_name\" content=\"sulin.ee\" \/>\n<meta property=\"article:publisher\" content=\"https:\/\/www.facebook.com\/www.sulin.ee\/\" \/>\n<meta property=\"article:modified_time\" content=\"2025-10-24T10:39:52+00:00\" \/>\n<meta property=\"og:image\" content=\"https:\/\/sulin.ee\/wp-content\/uploads\/2022\/10\/I-Feel-Green-2-e1665862665537.jpg\" \/>\n\t<meta property=\"og:image:width\" content=\"630\" \/>\n\t<meta property=\"og:image:height\" content=\"529\" \/>\n\t<meta property=\"og:image:type\" content=\"image\/jpeg\" \/>\n<meta name=\"twitter:card\" content=\"summary_large_image\" \/>\n<meta name=\"twitter:label1\" content=\"Est. reading time\" \/>\n\t<meta name=\"twitter:data1\" content=\"1 minute\" \/>\n<script type=\"application\/ld+json\" class=\"yoast-schema-graph\">{\"@context\":\"https:\/\/schema.org\",\"@graph\":[{\"@type\":\"WebPage\",\"@id\":\"https:\/\/sulin.ee\/en\/toode\/pupus-ujumismahkmed\/\",\"url\":\"https:\/\/sulin.ee\/en\/toode\/pupus-ujumismahkmed\/\",\"name\":\"Pupus ujumism\u00e4hkmed - sulin.ee\",\"isPartOf\":{\"@id\":\"https:\/\/sulin.ee\/en\/#website\"},\"primaryImageOfPage\":{\"@id\":\"https:\/\/sulin.ee\/en\/toode\/pupus-ujumismahkmed\/#primaryimage\"},\"image\":{\"@id\":\"https:\/\/sulin.ee\/en\/toode\/pupus-ujumismahkmed\/#primaryimage\"},\"thumbnailUrl\":\"https:\/\/sulin.ee\/wp-content\/uploads\/2022\/10\/I-Feel-Green-2-e1665862665537.jpg\",\"datePublished\":\"2022-10-15T19:34:07+00:00\",\"dateModified\":\"2025-10-24T10:39:52+00:00\",\"breadcrumb\":{\"@id\":\"https:\/\/sulin.ee\/en\/toode\/pupus-ujumismahkmed\/#breadcrumb\"},\"inLanguage\":\"en-US\",\"potentialAction\":[{\"@type\":\"ReadAction\",\"target\":[\"https:\/\/sulin.ee\/en\/toode\/pupus-ujumismahkmed\/\"]}]},{\"@type\":\"ImageObject\",\"inLanguage\":\"en-US\",\"@id\":\"https:\/\/sulin.ee\/en\/toode\/pupus-ujumismahkmed\/#primaryimage\",\"url\":\"https:\/\/sulin.ee\/wp-content\/uploads\/2022\/10\/I-Feel-Green-2-e1665862665537.jpg\",\"contentUrl\":\"https:\/\/sulin.ee\/wp-content\/uploads\/2022\/10\/I-Feel-Green-2-e1665862665537.jpg\",\"width\":630,\"height\":529},{\"@type\":\"BreadcrumbList\",\"@id\":\"https:\/\/sulin.ee\/en\/toode\/pupus-ujumismahkmed\/#breadcrumb\",\"itemListElement\":[{\"@type\":\"ListItem\",\"position\":1,\"name\":\"Home\",\"item\":\"https:\/\/sulin.ee\/en\/\"},{\"@type\":\"ListItem\",\"position\":2,\"name\":\"Sulin.ee e-pood\",\"item\":\"https:\/\/sulin.ee\/shop\/\"},{\"@type\":\"ListItem\",\"position\":3,\"name\":\"Pupus ujumism\u00e4hkmed\"}]},{\"@type\":\"WebSite\",\"@id\":\"https:\/\/sulin.ee\/en\/#website\",\"url\":\"https:\/\/sulin.ee\/en\/\",\"name\":\"sulin.ee\",\"description\":\"\",\"publisher\":{\"@id\":\"https:\/\/sulin.ee\/en\/#organization\"},\"potentialAction\":[{\"@type\":\"SearchAction\",\"target\":{\"@type\":\"EntryPoint\",\"urlTemplate\":\"https:\/\/sulin.ee\/en\/?s={search_term_string}\"},\"query-input\":{\"@type\":\"PropertyValueSpecification\",\"valueRequired\":true,\"valueName\":\"search_term_string\"}}],\"inLanguage\":\"en-US\"},{\"@type\":\"Organization\",\"@id\":\"https:\/\/sulin.ee\/en\/#organization\",\"name\":\"SULIN TRADE O\u00dc\",\"url\":\"https:\/\/sulin.ee\/en\/\",\"logo\":{\"@type\":\"ImageObject\",\"inLanguage\":\"en-US\",\"@id\":\"https:\/\/sulin.ee\/en\/#\/schema\/logo\/image\/\",\"url\":\"https:\/\/sulin.ee\/wp-content\/uploads\/2022\/11\/sulin-logo.png\",\"contentUrl\":\"https:\/\/sulin.ee\/wp-content\/uploads\/2022\/11\/sulin-logo.png\",\"width\":871,\"height\":321,\"caption\":\"SULIN TRADE O\u00dc\"},\"image\":{\"@id\":\"https:\/\/sulin.ee\/en\/#\/schema\/logo\/image\/\"},\"sameAs\":[\"https:\/\/www.facebook.com\/www.sulin.ee\/\",\"https:\/\/www.instagram.com\/sulintrade\/\"]}]}<\/script>\n<!-- \/ Yoast SEO plugin. -->","yoast_head_json":{"title":"Pupus ujumism\u00e4hkmed - sulin.ee","robots":{"index":"index","follow":"follow","max-snippet":"max-snippet:-1","max-image-preview":"max-image-preview:large","max-video-preview":"max-video-preview:-1"},"canonical":"https:\/\/sulin.ee\/en\/toode\/pupus-ujumismahkmed\/","og_locale":"en_US","og_type":"article","og_title":"Pupus ujumism\u00e4hkmed - sulin.ee","og_description":"Pupus korduvkasutatavad ujumism\u00e4hkmed on keskkonnas\u00f5bralik alternatiiv \u00fchekordsetele m\u00e4hkmetele. P\u00fckste\u00a0 pealispind on kaetud veekindla PUL materjaliga. Lapse naha vastas olev pind on kaetud kiiresti kuivava coolmax kihiga. P\u00fckse on kerge jalga panna ja \u00e4ra v\u00f5tta. M\u00e4he on saadaval neljas erinevas suuruses: Suurus\u00a0 Lapse kaal\u00a0 V\u00f6\u00f6\u00a0\u00d8 Jalaava\u00a0\u00d8 S 7 &#8211; 10 kg 36 &#8211; 46 cm 22 [&hellip;]","og_url":"https:\/\/sulin.ee\/en\/toode\/pupus-ujumismahkmed\/","og_site_name":"sulin.ee","article_publisher":"https:\/\/www.facebook.com\/www.sulin.ee\/","article_modified_time":"2025-10-24T10:39:52+00:00","og_image":[{"width":630,"height":529,"url":"https:\/\/sulin.ee\/wp-content\/uploads\/2022\/10\/I-Feel-Green-2-e1665862665537.jpg","type":"image\/jpeg"}],"twitter_card":"summary_large_image","twitter_misc":{"Est. reading time":"1 minute"},"schema":{"@context":"https:\/\/schema.org","@graph":[{"@type":"WebPage","@id":"https:\/\/sulin.ee\/en\/toode\/pupus-ujumismahkmed\/","url":"https:\/\/sulin.ee\/en\/toode\/pupus-ujumismahkmed\/","name":"Pupus ujumism\u00e4hkmed - sulin.ee","isPartOf":{"@id":"https:\/\/sulin.ee\/en\/#website"},"primaryImageOfPage":{"@id":"https:\/\/sulin.ee\/en\/toode\/pupus-ujumismahkmed\/#primaryimage"},"image":{"@id":"https:\/\/sulin.ee\/en\/toode\/pupus-ujumismahkmed\/#primaryimage"},"thumbnailUrl":"https:\/\/sulin.ee\/wp-content\/uploads\/2022\/10\/I-Feel-Green-2-e1665862665537.jpg","datePublished":"2022-10-15T19:34:07+00:00","dateModified":"2025-10-24T10:39:52+00:00","breadcrumb":{"@id":"https:\/\/sulin.ee\/en\/toode\/pupus-ujumismahkmed\/#breadcrumb"},"inLanguage":"en-US","potentialAction":[{"@type":"ReadAction","target":["https:\/\/sulin.ee\/en\/toode\/pupus-ujumismahkmed\/"]}]},{"@type":"ImageObject","inLanguage":"en-US","@id":"https:\/\/sulin.ee\/en\/toode\/pupus-ujumismahkmed\/#primaryimage","url":"https:\/\/sulin.ee\/wp-content\/uploads\/2022\/10\/I-Feel-Green-2-e1665862665537.jpg","contentUrl":"https:\/\/sulin.ee\/wp-content\/uploads\/2022\/10\/I-Feel-Green-2-e1665862665537.jpg","width":630,"height":529},{"@type":"BreadcrumbList","@id":"https:\/\/sulin.ee\/en\/toode\/pupus-ujumismahkmed\/#breadcrumb","itemListElement":[{"@type":"ListItem","position":1,"name":"Home","item":"https:\/\/sulin.ee\/en\/"},{"@type":"ListItem","position":2,"name":"Sulin.ee e-pood","item":"https:\/\/sulin.ee\/shop\/"},{"@type":"ListItem","position":3,"name":"Pupus ujumism\u00e4hkmed"}]},{"@type":"WebSite","@id":"https:\/\/sulin.ee\/en\/#website","url":"https:\/\/sulin.ee\/en\/","name":"sulin.ee","description":"","publisher":{"@id":"https:\/\/sulin.ee\/en\/#organization"},"potentialAction":[{"@type":"SearchAction","target":{"@type":"EntryPoint","urlTemplate":"https:\/\/sulin.ee\/en\/?s={search_term_string}"},"query-input":{"@type":"PropertyValueSpecification","valueRequired":true,"valueName":"search_term_string"}}],"inLanguage":"en-US"},{"@type":"Organization","@id":"https:\/\/sulin.ee\/en\/#organization","name":"SULIN TRADE O\u00dc","url":"https:\/\/sulin.ee\/en\/","logo":{"@type":"ImageObject","inLanguage":"en-US","@id":"https:\/\/sulin.ee\/en\/#\/schema\/logo\/image\/","url":"https:\/\/sulin.ee\/wp-content\/uploads\/2022\/11\/sulin-logo.png","contentUrl":"https:\/\/sulin.ee\/wp-content\/uploads\/2022\/11\/sulin-logo.png","width":871,"height":321,"caption":"SULIN TRADE O\u00dc"},"image":{"@id":"https:\/\/sulin.ee\/en\/#\/schema\/logo\/image\/"},"sameAs":["https:\/\/www.facebook.com\/www.sulin.ee\/","https:\/\/www.instagram.com\/sulintrade\/"]}]}},"builder_content":"","_links":{"self":[{"href":"https:\/\/sulin.ee\/en\/wp-json\/wp\/v2\/product\/5770","targetHints":{"allow":["GET"]}}],"collection":[{"href":"https:\/\/sulin.ee\/en\/wp-json\/wp\/v2\/product"}],"about":[{"href":"https:\/\/sulin.ee\/en\/wp-json\/wp\/v2\/types\/product"}],"replies":[{"embeddable":true,"href":"https:\/\/sulin.ee\/en\/wp-json\/wp\/v2\/comments?post=5770"}],"wp:featuredmedia":[{"embeddable":true,"href":"https:\/\/sulin.ee\/en\/wp-json\/wp\/v2\/media\/5789"}],"wp:attachment":[{"href":"https:\/\/sulin.ee\/en\/wp-json\/wp\/v2\/media?parent=5770"}],"wp:term":[{"taxonomy":"product_brand","embeddable":true,"href":"https:\/\/sulin.ee\/en\/wp-json\/wp\/v2\/product_brand?post=5770"},{"taxonomy":"product_cat","embeddable":true,"href":"https:\/\/sulin.ee\/en\/wp-json\/wp\/v2\/product_cat?post=5770"},{"taxonomy":"product_tag","embeddable":true,"href":"https:\/\/sulin.ee\/en\/wp-json\/wp\/v2\/product_tag?post=5770"}],"curies":[{"name":"wp","href":"https:\/\/api.w.org\/{rel}","templated":true}]}}