{"id":5727,"date":"2022-10-13T14:50:01","date_gmt":"2022-10-13T14:50:01","guid":{"rendered":"http:\/\/test.itson.ee\/sulin\/?post_type=product&#038;p=5727"},"modified":"2025-09-07T21:58:52","modified_gmt":"2025-09-07T21:58:52","slug":"pupus-taskumahkmed-5-16-kg-coolmax-sisuga","status":"publish","type":"product","link":"https:\/\/sulin.ee\/en\/toode\/pupus-taskumahkmed-5-16-kg-coolmax-sisuga\/","title":{"rendered":"Pupus taskum\u00e4hkmed 5-16 kg coolmax sisuga"},"content":{"rendered":"<p><strong>Pupus taskum\u00e4he on valmistatud Poolas, pehmest PUL materjalist. Sobib kasutamiseks lastele kaaluga\u00a05 &#8211; 16 kg<\/strong>.\u00a0M\u00e4hkmel on ees 3 rida trukke, mille abil on m\u00e4hkme suurust lihtne lapse keha j\u00e4rgi kohandada.<\/p>\n<p>M\u00e4hkme sees on \u00f5huke ja pehme coolmax kiht, mis on beebi naha vastas \u00f5rn ja m\u00f5nusalt pehme. Coolmax ei lase beebi \u00f5rnal nahal hauduma minna &#8211; ideaalne kuumal suvep\u00e4eval.<\/p>\n<p>Pehmed topelt kummid jalaosas aitavad \u00e4ra hoida lekkeid.<\/p>\n<p><strong>NB! Taskum\u00e4he on ilma sisudeta.<\/strong><\/p>\n","protected":false},"excerpt":{"rendered":"<p>Pupus taskum\u00e4he on valmistatud Poolas, pehmest PUL materjalist. Sobib kasutamiseks lastele kaaluga\u00a05 &#8211; 16 kg.\u00a0M\u00e4hkmel on ees 3 rida trukke, mille abil on m\u00e4hkme suurust lihtne lapse keha j\u00e4rgi kohandada. M\u00e4hkme sees on \u00f5huke ja pehme coolmax kiht, mis on beebi naha vastas \u00f5rn ja m\u00f5nusalt pehme. Coolmax ei lase beebi \u00f5rnal nahal hauduma minna [&hellip;]<\/p>\n","protected":false},"featured_media":5733,"comment_status":"open","ping_status":"closed","template":"","meta":[],"product_brand":[],"product_cat":[449,473],"product_tag":[474],"class_list":{"0":"post-5727","1":"product","2":"type-product","3":"status-publish","4":"has-post-thumbnail","6":"product_cat-taskumahkmed","7":"product_cat-pupus","8":"product_tag-pupus","9":"has-post-title","10":"has-post-date","11":"has-post-category","12":"has-post-tag","13":"has-post-comment","14":"has-post-author","15":"","17":"first","18":"instock","19":"taxable","20":"shipping-taxable","21":"product-type-variable"},"yoast_head":"<!-- This site is optimized with the Yoast SEO plugin v26.8 - https:\/\/yoast.com\/product\/yoast-seo-wordpress\/ -->\n<title>Pupus taskum\u00e4hkmed 5-16 kg coolmax sisuga - sulin.ee<\/title>\n<meta name=\"robots\" content=\"index, follow, max-snippet:-1, max-image-preview:large, max-video-preview:-1\" \/>\n<link rel=\"canonical\" href=\"https:\/\/sulin.ee\/en\/toode\/pupus-taskumahkmed-5-16-kg-coolmax-sisuga\/\" \/>\n<meta property=\"og:locale\" content=\"en_US\" \/>\n<meta property=\"og:type\" content=\"article\" \/>\n<meta property=\"og:title\" content=\"Pupus taskum\u00e4hkmed 5-16 kg coolmax sisuga - sulin.ee\" \/>\n<meta property=\"og:description\" content=\"Pupus taskum\u00e4he on valmistatud Poolas, pehmest PUL materjalist. Sobib kasutamiseks lastele kaaluga\u00a05 &#8211; 16 kg.\u00a0M\u00e4hkmel on ees 3 rida trukke, mille abil on m\u00e4hkme suurust lihtne lapse keha j\u00e4rgi kohandada. M\u00e4hkme sees on \u00f5huke ja pehme coolmax kiht, mis on beebi naha vastas \u00f5rn ja m\u00f5nusalt pehme. Coolmax ei lase beebi \u00f5rnal nahal hauduma minna [&hellip;]\" \/>\n<meta property=\"og:url\" content=\"https:\/\/sulin.ee\/en\/toode\/pupus-taskumahkmed-5-16-kg-coolmax-sisuga\/\" \/>\n<meta property=\"og:site_name\" content=\"sulin.ee\" \/>\n<meta property=\"article:publisher\" content=\"https:\/\/www.facebook.com\/www.sulin.ee\/\" \/>\n<meta property=\"article:modified_time\" content=\"2025-09-07T21:58:52+00:00\" \/>\n<meta property=\"og:image\" content=\"https:\/\/sulin.ee\/wp-content\/uploads\/2022\/10\/Butterfly-10-e1665672711516.jpg\" \/>\n\t<meta property=\"og:image:width\" content=\"482\" \/>\n\t<meta property=\"og:image:height\" content=\"584\" \/>\n\t<meta property=\"og:image:type\" content=\"image\/jpeg\" \/>\n<meta name=\"twitter:card\" content=\"summary_large_image\" \/>\n<meta name=\"twitter:label1\" content=\"Est. reading time\" \/>\n\t<meta name=\"twitter:data1\" content=\"1 minute\" \/>\n<script type=\"application\/ld+json\" class=\"yoast-schema-graph\">{\"@context\":\"https:\/\/schema.org\",\"@graph\":[{\"@type\":\"WebPage\",\"@id\":\"https:\/\/sulin.ee\/en\/toode\/pupus-taskumahkmed-5-16-kg-coolmax-sisuga\/\",\"url\":\"https:\/\/sulin.ee\/en\/toode\/pupus-taskumahkmed-5-16-kg-coolmax-sisuga\/\",\"name\":\"Pupus taskum\u00e4hkmed 5-16 kg coolmax sisuga - sulin.ee\",\"isPartOf\":{\"@id\":\"https:\/\/sulin.ee\/en\/#website\"},\"primaryImageOfPage\":{\"@id\":\"https:\/\/sulin.ee\/en\/toode\/pupus-taskumahkmed-5-16-kg-coolmax-sisuga\/#primaryimage\"},\"image\":{\"@id\":\"https:\/\/sulin.ee\/en\/toode\/pupus-taskumahkmed-5-16-kg-coolmax-sisuga\/#primaryimage\"},\"thumbnailUrl\":\"https:\/\/sulin.ee\/wp-content\/uploads\/2022\/10\/Butterfly-10-e1665672711516.jpg\",\"datePublished\":\"2022-10-13T14:50:01+00:00\",\"dateModified\":\"2025-09-07T21:58:52+00:00\",\"breadcrumb\":{\"@id\":\"https:\/\/sulin.ee\/en\/toode\/pupus-taskumahkmed-5-16-kg-coolmax-sisuga\/#breadcrumb\"},\"inLanguage\":\"en-US\",\"potentialAction\":[{\"@type\":\"ReadAction\",\"target\":[\"https:\/\/sulin.ee\/en\/toode\/pupus-taskumahkmed-5-16-kg-coolmax-sisuga\/\"]}]},{\"@type\":\"ImageObject\",\"inLanguage\":\"en-US\",\"@id\":\"https:\/\/sulin.ee\/en\/toode\/pupus-taskumahkmed-5-16-kg-coolmax-sisuga\/#primaryimage\",\"url\":\"https:\/\/sulin.ee\/wp-content\/uploads\/2022\/10\/Butterfly-10-e1665672711516.jpg\",\"contentUrl\":\"https:\/\/sulin.ee\/wp-content\/uploads\/2022\/10\/Butterfly-10-e1665672711516.jpg\",\"width\":482,\"height\":584},{\"@type\":\"BreadcrumbList\",\"@id\":\"https:\/\/sulin.ee\/en\/toode\/pupus-taskumahkmed-5-16-kg-coolmax-sisuga\/#breadcrumb\",\"itemListElement\":[{\"@type\":\"ListItem\",\"position\":1,\"name\":\"Home\",\"item\":\"https:\/\/sulin.ee\/en\/\"},{\"@type\":\"ListItem\",\"position\":2,\"name\":\"Sulin.ee e-pood\",\"item\":\"https:\/\/sulin.ee\/shop\/\"},{\"@type\":\"ListItem\",\"position\":3,\"name\":\"Pupus taskum\u00e4hkmed 5-16 kg coolmax sisuga\"}]},{\"@type\":\"WebSite\",\"@id\":\"https:\/\/sulin.ee\/en\/#website\",\"url\":\"https:\/\/sulin.ee\/en\/\",\"name\":\"sulin.ee\",\"description\":\"\",\"publisher\":{\"@id\":\"https:\/\/sulin.ee\/en\/#organization\"},\"potentialAction\":[{\"@type\":\"SearchAction\",\"target\":{\"@type\":\"EntryPoint\",\"urlTemplate\":\"https:\/\/sulin.ee\/en\/?s={search_term_string}\"},\"query-input\":{\"@type\":\"PropertyValueSpecification\",\"valueRequired\":true,\"valueName\":\"search_term_string\"}}],\"inLanguage\":\"en-US\"},{\"@type\":\"Organization\",\"@id\":\"https:\/\/sulin.ee\/en\/#organization\",\"name\":\"SULIN TRADE O\u00dc\",\"url\":\"https:\/\/sulin.ee\/en\/\",\"logo\":{\"@type\":\"ImageObject\",\"inLanguage\":\"en-US\",\"@id\":\"https:\/\/sulin.ee\/en\/#\/schema\/logo\/image\/\",\"url\":\"https:\/\/sulin.ee\/wp-content\/uploads\/2022\/11\/sulin-logo.png\",\"contentUrl\":\"https:\/\/sulin.ee\/wp-content\/uploads\/2022\/11\/sulin-logo.png\",\"width\":871,\"height\":321,\"caption\":\"SULIN TRADE O\u00dc\"},\"image\":{\"@id\":\"https:\/\/sulin.ee\/en\/#\/schema\/logo\/image\/\"},\"sameAs\":[\"https:\/\/www.facebook.com\/www.sulin.ee\/\",\"https:\/\/www.instagram.com\/sulintrade\/\"]}]}<\/script>\n<!-- \/ Yoast SEO plugin. -->","yoast_head_json":{"title":"Pupus taskum\u00e4hkmed 5-16 kg coolmax sisuga - sulin.ee","robots":{"index":"index","follow":"follow","max-snippet":"max-snippet:-1","max-image-preview":"max-image-preview:large","max-video-preview":"max-video-preview:-1"},"canonical":"https:\/\/sulin.ee\/en\/toode\/pupus-taskumahkmed-5-16-kg-coolmax-sisuga\/","og_locale":"en_US","og_type":"article","og_title":"Pupus taskum\u00e4hkmed 5-16 kg coolmax sisuga - sulin.ee","og_description":"Pupus taskum\u00e4he on valmistatud Poolas, pehmest PUL materjalist. Sobib kasutamiseks lastele kaaluga\u00a05 &#8211; 16 kg.\u00a0M\u00e4hkmel on ees 3 rida trukke, mille abil on m\u00e4hkme suurust lihtne lapse keha j\u00e4rgi kohandada. M\u00e4hkme sees on \u00f5huke ja pehme coolmax kiht, mis on beebi naha vastas \u00f5rn ja m\u00f5nusalt pehme. Coolmax ei lase beebi \u00f5rnal nahal hauduma minna [&hellip;]","og_url":"https:\/\/sulin.ee\/en\/toode\/pupus-taskumahkmed-5-16-kg-coolmax-sisuga\/","og_site_name":"sulin.ee","article_publisher":"https:\/\/www.facebook.com\/www.sulin.ee\/","article_modified_time":"2025-09-07T21:58:52+00:00","og_image":[{"width":482,"height":584,"url":"https:\/\/sulin.ee\/wp-content\/uploads\/2022\/10\/Butterfly-10-e1665672711516.jpg","type":"image\/jpeg"}],"twitter_card":"summary_large_image","twitter_misc":{"Est. reading time":"1 minute"},"schema":{"@context":"https:\/\/schema.org","@graph":[{"@type":"WebPage","@id":"https:\/\/sulin.ee\/en\/toode\/pupus-taskumahkmed-5-16-kg-coolmax-sisuga\/","url":"https:\/\/sulin.ee\/en\/toode\/pupus-taskumahkmed-5-16-kg-coolmax-sisuga\/","name":"Pupus taskum\u00e4hkmed 5-16 kg coolmax sisuga - sulin.ee","isPartOf":{"@id":"https:\/\/sulin.ee\/en\/#website"},"primaryImageOfPage":{"@id":"https:\/\/sulin.ee\/en\/toode\/pupus-taskumahkmed-5-16-kg-coolmax-sisuga\/#primaryimage"},"image":{"@id":"https:\/\/sulin.ee\/en\/toode\/pupus-taskumahkmed-5-16-kg-coolmax-sisuga\/#primaryimage"},"thumbnailUrl":"https:\/\/sulin.ee\/wp-content\/uploads\/2022\/10\/Butterfly-10-e1665672711516.jpg","datePublished":"2022-10-13T14:50:01+00:00","dateModified":"2025-09-07T21:58:52+00:00","breadcrumb":{"@id":"https:\/\/sulin.ee\/en\/toode\/pupus-taskumahkmed-5-16-kg-coolmax-sisuga\/#breadcrumb"},"inLanguage":"en-US","potentialAction":[{"@type":"ReadAction","target":["https:\/\/sulin.ee\/en\/toode\/pupus-taskumahkmed-5-16-kg-coolmax-sisuga\/"]}]},{"@type":"ImageObject","inLanguage":"en-US","@id":"https:\/\/sulin.ee\/en\/toode\/pupus-taskumahkmed-5-16-kg-coolmax-sisuga\/#primaryimage","url":"https:\/\/sulin.ee\/wp-content\/uploads\/2022\/10\/Butterfly-10-e1665672711516.jpg","contentUrl":"https:\/\/sulin.ee\/wp-content\/uploads\/2022\/10\/Butterfly-10-e1665672711516.jpg","width":482,"height":584},{"@type":"BreadcrumbList","@id":"https:\/\/sulin.ee\/en\/toode\/pupus-taskumahkmed-5-16-kg-coolmax-sisuga\/#breadcrumb","itemListElement":[{"@type":"ListItem","position":1,"name":"Home","item":"https:\/\/sulin.ee\/en\/"},{"@type":"ListItem","position":2,"name":"Sulin.ee e-pood","item":"https:\/\/sulin.ee\/shop\/"},{"@type":"ListItem","position":3,"name":"Pupus taskum\u00e4hkmed 5-16 kg coolmax sisuga"}]},{"@type":"WebSite","@id":"https:\/\/sulin.ee\/en\/#website","url":"https:\/\/sulin.ee\/en\/","name":"sulin.ee","description":"","publisher":{"@id":"https:\/\/sulin.ee\/en\/#organization"},"potentialAction":[{"@type":"SearchAction","target":{"@type":"EntryPoint","urlTemplate":"https:\/\/sulin.ee\/en\/?s={search_term_string}"},"query-input":{"@type":"PropertyValueSpecification","valueRequired":true,"valueName":"search_term_string"}}],"inLanguage":"en-US"},{"@type":"Organization","@id":"https:\/\/sulin.ee\/en\/#organization","name":"SULIN TRADE O\u00dc","url":"https:\/\/sulin.ee\/en\/","logo":{"@type":"ImageObject","inLanguage":"en-US","@id":"https:\/\/sulin.ee\/en\/#\/schema\/logo\/image\/","url":"https:\/\/sulin.ee\/wp-content\/uploads\/2022\/11\/sulin-logo.png","contentUrl":"https:\/\/sulin.ee\/wp-content\/uploads\/2022\/11\/sulin-logo.png","width":871,"height":321,"caption":"SULIN TRADE O\u00dc"},"image":{"@id":"https:\/\/sulin.ee\/en\/#\/schema\/logo\/image\/"},"sameAs":["https:\/\/www.facebook.com\/www.sulin.ee\/","https:\/\/www.instagram.com\/sulintrade\/"]}]}},"builder_content":"","_links":{"self":[{"href":"https:\/\/sulin.ee\/en\/wp-json\/wp\/v2\/product\/5727","targetHints":{"allow":["GET"]}}],"collection":[{"href":"https:\/\/sulin.ee\/en\/wp-json\/wp\/v2\/product"}],"about":[{"href":"https:\/\/sulin.ee\/en\/wp-json\/wp\/v2\/types\/product"}],"replies":[{"embeddable":true,"href":"https:\/\/sulin.ee\/en\/wp-json\/wp\/v2\/comments?post=5727"}],"wp:featuredmedia":[{"embeddable":true,"href":"https:\/\/sulin.ee\/en\/wp-json\/wp\/v2\/media\/5733"}],"wp:attachment":[{"href":"https:\/\/sulin.ee\/en\/wp-json\/wp\/v2\/media?parent=5727"}],"wp:term":[{"taxonomy":"product_brand","embeddable":true,"href":"https:\/\/sulin.ee\/en\/wp-json\/wp\/v2\/product_brand?post=5727"},{"taxonomy":"product_cat","embeddable":true,"href":"https:\/\/sulin.ee\/en\/wp-json\/wp\/v2\/product_cat?post=5727"},{"taxonomy":"product_tag","embeddable":true,"href":"https:\/\/sulin.ee\/en\/wp-json\/wp\/v2\/product_tag?post=5727"}],"curies":[{"name":"wp","href":"https:\/\/api.w.org\/{rel}","templated":true}]}}