{"id":5679,"date":"2022-10-13T13:48:54","date_gmt":"2022-10-13T13:48:54","guid":{"rendered":"http:\/\/test.itson.ee\/sulin\/?post_type=product&#038;p=5679"},"modified":"2025-09-09T14:19:04","modified_gmt":"2025-09-09T14:19:04","slug":"pupus-mahkmekate-vastsundinule","status":"publish","type":"product","link":"https:\/\/sulin.ee\/en\/toode\/pupus-mahkmekate-vastsundinule\/","title":{"rendered":"Pupus m\u00e4hkmekate vasts\u00fcndinule"},"content":{"rendered":"<p><strong><a href=\"https:\/\/pupus.pl\/main-eng.html\" target=\"_blank\" rel=\"noopener\">Pupus<\/a> m\u00e4hkmekate vasts\u00fcndinule on disainitud kasutamiseks koheselt peale lapse s\u00fcndi\u00a0<\/strong><b>(3-7 kg)<\/b>.\u00a0Kattel on ees 2 rida trukke, mille abil on seda lihtne lapse keha j\u00e4rgi kohandada.<\/p>\n<p>Topelt kummid jalaosas aitavad v\u00e4ltida lekkeid ning hoiavad paremini \u00fcmber vasts\u00fcndinu jalgade. Kate kuivab v\u00e4ga kiiresti, nii saad seda p\u00e4eva jooksul korduvalt kasutada. Katte sees on pol\u00fcestrist servad, mille alla saab m\u00e4hkmesisu panna.<\/p>\n<p><strong>Sobib kasutamiseks S suuruses m\u00e4hkmesisudega, eelvolditud m\u00e4hkmetega.<\/strong><\/p>\n<p>Katted on valmistatud Poolas, m\u00f5nusalt pehmest PUL materjalist.<\/p>\n<p>Mugavamaks m\u00e4hkmevahtuseks vaata m\u00e4hkimise aluslinu <a href=\"https:\/\/sulin.ee\/tootekategooria\/beebile\/riidest-mahkmed\/mahkmesisud-ja-lisatarvikud\/mahkimise-aluslinad\/\" target=\"_blank\" rel=\"noopener\">siit<\/a>.<\/p>\n","protected":false},"excerpt":{"rendered":"<p>Pupus m\u00e4hkmekate vasts\u00fcndinule on disainitud kasutamiseks koheselt peale lapse s\u00fcndi\u00a0(3-7 kg).\u00a0Kattel on ees 2 rida trukke, mille abil on seda lihtne lapse keha j\u00e4rgi kohandada. Topelt kummid jalaosas aitavad v\u00e4ltida lekkeid ning hoiavad paremini \u00fcmber vasts\u00fcndinu jalgade. Kate kuivab v\u00e4ga kiiresti, nii saad seda p\u00e4eva jooksul korduvalt kasutada. Katte sees on pol\u00fcestrist servad, mille alla [&hellip;]<\/p>\n","protected":false},"featured_media":5713,"comment_status":"open","ping_status":"closed","template":"","meta":[],"product_brand":[],"product_cat":[80,473],"product_tag":[474],"class_list":{"0":"post-5679","1":"product","2":"type-product","3":"status-publish","4":"has-post-thumbnail","6":"product_cat-vastsundinute-mahkmed-ja-katted","7":"product_cat-pupus","8":"product_tag-pupus","9":"has-post-title","10":"has-post-date","11":"has-post-category","12":"has-post-tag","13":"has-post-comment","14":"has-post-author","15":"","17":"first","18":"instock","19":"sale","20":"taxable","21":"shipping-taxable","22":"purchasable","23":"product-type-variable"},"yoast_head":"<!-- This site is optimized with the Yoast SEO plugin v26.8 - https:\/\/yoast.com\/product\/yoast-seo-wordpress\/ -->\n<title>Pupus m\u00e4hkmekate vasts\u00fcndinule - sulin.ee<\/title>\n<meta name=\"description\" content=\"Pupus m\u00e4hkmekate vasts\u00fcndinule on disainitud kasutamiseks koheselt peale lapse s\u00fcndi\u00a0(3-7 kg).\u00a0Kattel on ees 2 rida trukke.\" \/>\n<meta name=\"robots\" content=\"index, follow, max-snippet:-1, max-image-preview:large, max-video-preview:-1\" \/>\n<link rel=\"canonical\" href=\"https:\/\/sulin.ee\/en\/toode\/pupus-mahkmekate-vastsundinule\/\" \/>\n<meta property=\"og:locale\" content=\"en_US\" \/>\n<meta property=\"og:type\" content=\"article\" \/>\n<meta property=\"og:title\" content=\"Pupus m\u00e4hkmekate vasts\u00fcndinule - sulin.ee\" \/>\n<meta property=\"og:description\" content=\"Pupus m\u00e4hkmekate vasts\u00fcndinule on disainitud kasutamiseks koheselt peale lapse s\u00fcndi\u00a0(3-7 kg).\u00a0Kattel on ees 2 rida trukke.\" \/>\n<meta property=\"og:url\" content=\"https:\/\/sulin.ee\/en\/toode\/pupus-mahkmekate-vastsundinule\/\" \/>\n<meta property=\"og:site_name\" content=\"sulin.ee\" \/>\n<meta property=\"article:publisher\" content=\"https:\/\/www.facebook.com\/www.sulin.ee\/\" \/>\n<meta property=\"article:modified_time\" content=\"2025-09-09T14:19:04+00:00\" \/>\n<meta property=\"og:image\" content=\"https:\/\/sulin.ee\/wp-content\/uploads\/2022\/10\/In-The-Grass-9.jpg\" \/>\n\t<meta property=\"og:image:width\" content=\"501\" \/>\n\t<meta property=\"og:image:height\" content=\"500\" \/>\n\t<meta property=\"og:image:type\" content=\"image\/jpeg\" \/>\n<meta name=\"twitter:card\" content=\"summary_large_image\" \/>\n<meta name=\"twitter:label1\" content=\"Est. reading time\" \/>\n\t<meta name=\"twitter:data1\" content=\"1 minute\" \/>\n<script type=\"application\/ld+json\" class=\"yoast-schema-graph\">{\"@context\":\"https:\/\/schema.org\",\"@graph\":[{\"@type\":\"WebPage\",\"@id\":\"https:\/\/sulin.ee\/en\/toode\/pupus-mahkmekate-vastsundinule\/\",\"url\":\"https:\/\/sulin.ee\/en\/toode\/pupus-mahkmekate-vastsundinule\/\",\"name\":\"Pupus m\u00e4hkmekate vasts\u00fcndinule - sulin.ee\",\"isPartOf\":{\"@id\":\"https:\/\/sulin.ee\/en\/#website\"},\"primaryImageOfPage\":{\"@id\":\"https:\/\/sulin.ee\/en\/toode\/pupus-mahkmekate-vastsundinule\/#primaryimage\"},\"image\":{\"@id\":\"https:\/\/sulin.ee\/en\/toode\/pupus-mahkmekate-vastsundinule\/#primaryimage\"},\"thumbnailUrl\":\"https:\/\/sulin.ee\/wp-content\/uploads\/2022\/10\/In-The-Grass-9.jpg\",\"datePublished\":\"2022-10-13T13:48:54+00:00\",\"dateModified\":\"2025-09-09T14:19:04+00:00\",\"description\":\"Pupus m\u00e4hkmekate vasts\u00fcndinule on disainitud kasutamiseks koheselt peale lapse s\u00fcndi\u00a0(3-7 kg).\u00a0Kattel on ees 2 rida trukke.\",\"breadcrumb\":{\"@id\":\"https:\/\/sulin.ee\/en\/toode\/pupus-mahkmekate-vastsundinule\/#breadcrumb\"},\"inLanguage\":\"en-US\",\"potentialAction\":[{\"@type\":\"ReadAction\",\"target\":[\"https:\/\/sulin.ee\/en\/toode\/pupus-mahkmekate-vastsundinule\/\"]}]},{\"@type\":\"ImageObject\",\"inLanguage\":\"en-US\",\"@id\":\"https:\/\/sulin.ee\/en\/toode\/pupus-mahkmekate-vastsundinule\/#primaryimage\",\"url\":\"https:\/\/sulin.ee\/wp-content\/uploads\/2022\/10\/In-The-Grass-9.jpg\",\"contentUrl\":\"https:\/\/sulin.ee\/wp-content\/uploads\/2022\/10\/In-The-Grass-9.jpg\",\"width\":501,\"height\":500,\"caption\":\"Pupus m\u00e4hkmekate vasts\u00fcndinule\"},{\"@type\":\"BreadcrumbList\",\"@id\":\"https:\/\/sulin.ee\/en\/toode\/pupus-mahkmekate-vastsundinule\/#breadcrumb\",\"itemListElement\":[{\"@type\":\"ListItem\",\"position\":1,\"name\":\"Home\",\"item\":\"https:\/\/sulin.ee\/en\/\"},{\"@type\":\"ListItem\",\"position\":2,\"name\":\"Sulin.ee e-pood\",\"item\":\"https:\/\/sulin.ee\/shop\/\"},{\"@type\":\"ListItem\",\"position\":3,\"name\":\"Pupus m\u00e4hkmekate vasts\u00fcndinule\"}]},{\"@type\":\"WebSite\",\"@id\":\"https:\/\/sulin.ee\/en\/#website\",\"url\":\"https:\/\/sulin.ee\/en\/\",\"name\":\"sulin.ee\",\"description\":\"\",\"publisher\":{\"@id\":\"https:\/\/sulin.ee\/en\/#organization\"},\"potentialAction\":[{\"@type\":\"SearchAction\",\"target\":{\"@type\":\"EntryPoint\",\"urlTemplate\":\"https:\/\/sulin.ee\/en\/?s={search_term_string}\"},\"query-input\":{\"@type\":\"PropertyValueSpecification\",\"valueRequired\":true,\"valueName\":\"search_term_string\"}}],\"inLanguage\":\"en-US\"},{\"@type\":\"Organization\",\"@id\":\"https:\/\/sulin.ee\/en\/#organization\",\"name\":\"SULIN TRADE O\u00dc\",\"url\":\"https:\/\/sulin.ee\/en\/\",\"logo\":{\"@type\":\"ImageObject\",\"inLanguage\":\"en-US\",\"@id\":\"https:\/\/sulin.ee\/en\/#\/schema\/logo\/image\/\",\"url\":\"https:\/\/sulin.ee\/wp-content\/uploads\/2022\/11\/sulin-logo.png\",\"contentUrl\":\"https:\/\/sulin.ee\/wp-content\/uploads\/2022\/11\/sulin-logo.png\",\"width\":871,\"height\":321,\"caption\":\"SULIN TRADE O\u00dc\"},\"image\":{\"@id\":\"https:\/\/sulin.ee\/en\/#\/schema\/logo\/image\/\"},\"sameAs\":[\"https:\/\/www.facebook.com\/www.sulin.ee\/\",\"https:\/\/www.instagram.com\/sulintrade\/\"]}]}<\/script>\n<!-- \/ Yoast SEO plugin. -->","yoast_head_json":{"title":"Pupus m\u00e4hkmekate vasts\u00fcndinule - sulin.ee","description":"Pupus m\u00e4hkmekate vasts\u00fcndinule on disainitud kasutamiseks koheselt peale lapse s\u00fcndi\u00a0(3-7 kg).\u00a0Kattel on ees 2 rida trukke.","robots":{"index":"index","follow":"follow","max-snippet":"max-snippet:-1","max-image-preview":"max-image-preview:large","max-video-preview":"max-video-preview:-1"},"canonical":"https:\/\/sulin.ee\/en\/toode\/pupus-mahkmekate-vastsundinule\/","og_locale":"en_US","og_type":"article","og_title":"Pupus m\u00e4hkmekate vasts\u00fcndinule - sulin.ee","og_description":"Pupus m\u00e4hkmekate vasts\u00fcndinule on disainitud kasutamiseks koheselt peale lapse s\u00fcndi\u00a0(3-7 kg).\u00a0Kattel on ees 2 rida trukke.","og_url":"https:\/\/sulin.ee\/en\/toode\/pupus-mahkmekate-vastsundinule\/","og_site_name":"sulin.ee","article_publisher":"https:\/\/www.facebook.com\/www.sulin.ee\/","article_modified_time":"2025-09-09T14:19:04+00:00","og_image":[{"width":501,"height":500,"url":"https:\/\/sulin.ee\/wp-content\/uploads\/2022\/10\/In-The-Grass-9.jpg","type":"image\/jpeg"}],"twitter_card":"summary_large_image","twitter_misc":{"Est. reading time":"1 minute"},"schema":{"@context":"https:\/\/schema.org","@graph":[{"@type":"WebPage","@id":"https:\/\/sulin.ee\/en\/toode\/pupus-mahkmekate-vastsundinule\/","url":"https:\/\/sulin.ee\/en\/toode\/pupus-mahkmekate-vastsundinule\/","name":"Pupus m\u00e4hkmekate vasts\u00fcndinule - sulin.ee","isPartOf":{"@id":"https:\/\/sulin.ee\/en\/#website"},"primaryImageOfPage":{"@id":"https:\/\/sulin.ee\/en\/toode\/pupus-mahkmekate-vastsundinule\/#primaryimage"},"image":{"@id":"https:\/\/sulin.ee\/en\/toode\/pupus-mahkmekate-vastsundinule\/#primaryimage"},"thumbnailUrl":"https:\/\/sulin.ee\/wp-content\/uploads\/2022\/10\/In-The-Grass-9.jpg","datePublished":"2022-10-13T13:48:54+00:00","dateModified":"2025-09-09T14:19:04+00:00","description":"Pupus m\u00e4hkmekate vasts\u00fcndinule on disainitud kasutamiseks koheselt peale lapse s\u00fcndi\u00a0(3-7 kg).\u00a0Kattel on ees 2 rida trukke.","breadcrumb":{"@id":"https:\/\/sulin.ee\/en\/toode\/pupus-mahkmekate-vastsundinule\/#breadcrumb"},"inLanguage":"en-US","potentialAction":[{"@type":"ReadAction","target":["https:\/\/sulin.ee\/en\/toode\/pupus-mahkmekate-vastsundinule\/"]}]},{"@type":"ImageObject","inLanguage":"en-US","@id":"https:\/\/sulin.ee\/en\/toode\/pupus-mahkmekate-vastsundinule\/#primaryimage","url":"https:\/\/sulin.ee\/wp-content\/uploads\/2022\/10\/In-The-Grass-9.jpg","contentUrl":"https:\/\/sulin.ee\/wp-content\/uploads\/2022\/10\/In-The-Grass-9.jpg","width":501,"height":500,"caption":"Pupus m\u00e4hkmekate vasts\u00fcndinule"},{"@type":"BreadcrumbList","@id":"https:\/\/sulin.ee\/en\/toode\/pupus-mahkmekate-vastsundinule\/#breadcrumb","itemListElement":[{"@type":"ListItem","position":1,"name":"Home","item":"https:\/\/sulin.ee\/en\/"},{"@type":"ListItem","position":2,"name":"Sulin.ee e-pood","item":"https:\/\/sulin.ee\/shop\/"},{"@type":"ListItem","position":3,"name":"Pupus m\u00e4hkmekate vasts\u00fcndinule"}]},{"@type":"WebSite","@id":"https:\/\/sulin.ee\/en\/#website","url":"https:\/\/sulin.ee\/en\/","name":"sulin.ee","description":"","publisher":{"@id":"https:\/\/sulin.ee\/en\/#organization"},"potentialAction":[{"@type":"SearchAction","target":{"@type":"EntryPoint","urlTemplate":"https:\/\/sulin.ee\/en\/?s={search_term_string}"},"query-input":{"@type":"PropertyValueSpecification","valueRequired":true,"valueName":"search_term_string"}}],"inLanguage":"en-US"},{"@type":"Organization","@id":"https:\/\/sulin.ee\/en\/#organization","name":"SULIN TRADE O\u00dc","url":"https:\/\/sulin.ee\/en\/","logo":{"@type":"ImageObject","inLanguage":"en-US","@id":"https:\/\/sulin.ee\/en\/#\/schema\/logo\/image\/","url":"https:\/\/sulin.ee\/wp-content\/uploads\/2022\/11\/sulin-logo.png","contentUrl":"https:\/\/sulin.ee\/wp-content\/uploads\/2022\/11\/sulin-logo.png","width":871,"height":321,"caption":"SULIN TRADE O\u00dc"},"image":{"@id":"https:\/\/sulin.ee\/en\/#\/schema\/logo\/image\/"},"sameAs":["https:\/\/www.facebook.com\/www.sulin.ee\/","https:\/\/www.instagram.com\/sulintrade\/"]}]}},"builder_content":"","_links":{"self":[{"href":"https:\/\/sulin.ee\/en\/wp-json\/wp\/v2\/product\/5679","targetHints":{"allow":["GET"]}}],"collection":[{"href":"https:\/\/sulin.ee\/en\/wp-json\/wp\/v2\/product"}],"about":[{"href":"https:\/\/sulin.ee\/en\/wp-json\/wp\/v2\/types\/product"}],"replies":[{"embeddable":true,"href":"https:\/\/sulin.ee\/en\/wp-json\/wp\/v2\/comments?post=5679"}],"wp:featuredmedia":[{"embeddable":true,"href":"https:\/\/sulin.ee\/en\/wp-json\/wp\/v2\/media\/5713"}],"wp:attachment":[{"href":"https:\/\/sulin.ee\/en\/wp-json\/wp\/v2\/media?parent=5679"}],"wp:term":[{"taxonomy":"product_brand","embeddable":true,"href":"https:\/\/sulin.ee\/en\/wp-json\/wp\/v2\/product_brand?post=5679"},{"taxonomy":"product_cat","embeddable":true,"href":"https:\/\/sulin.ee\/en\/wp-json\/wp\/v2\/product_cat?post=5679"},{"taxonomy":"product_tag","embeddable":true,"href":"https:\/\/sulin.ee\/en\/wp-json\/wp\/v2\/product_tag?post=5679"}],"curies":[{"name":"wp","href":"https:\/\/api.w.org\/{rel}","templated":true}]}}