{"id":5634,"date":"2022-10-13T13:14:36","date_gmt":"2022-10-13T13:14:36","guid":{"rendered":"http:\/\/test.itson.ee\/sulin\/?post_type=product&#038;p=5634"},"modified":"2026-03-27T14:30:10","modified_gmt":"2026-03-27T14:30:10","slug":"pupus-korduvkasutatavad-hugieenisidemed-m","status":"publish","type":"product","link":"https:\/\/sulin.ee\/en\/toode\/pupus-korduvkasutatavad-hugieenisidemed-m\/","title":{"rendered":"Pupus korduvkasutatavad h\u00fcgieenisidemed M"},"content":{"rendered":"<p><strong>Pupus h\u00fcgieenisidemed on pehmed, \u00f5hukesed ja imeilusad! Toodetud Poolas kohalikest materjalidest.<\/strong><\/p>\n<p>Korduvkasutatavad h\u00fcgieenisidemed on loodud naistele, kes tahavad kasutada looduslikke materjale ja hoolivad keskkonnast.<\/p>\n<p>Sideme punane pealispind on kaetud pehme puuvilla kihiga, selle all on peidus kaks kihti bambusfroteed, mis on \u00fcheaegselt imav ja \u00f5hkul\u00e4bilaskev. Sideme v\u00e4lispinda katab veekindel PUL materjal, mis ei lase vedelikel lekkida.<\/p>\n","protected":false},"excerpt":{"rendered":"<p>Pupus h\u00fcgieenisidemed on pehmed, \u00f5hukesed ja imeilusad! Toodetud Poolas kohalikest materjalidest. Korduvkasutatavad h\u00fcgieenisidemed on loodud naistele, kes tahavad kasutada looduslikke materjale ja hoolivad keskkonnast. Sideme punane pealispind on kaetud pehme puuvilla kihiga, selle all on peidus kaks kihti bambusfroteed, mis on \u00fcheaegselt imav ja \u00f5hkul\u00e4bilaskev. Sideme v\u00e4lispinda katab veekindel PUL materjal, mis ei lase vedelikel [&hellip;]<\/p>\n","protected":false},"featured_media":5653,"comment_status":"open","ping_status":"closed","template":"","meta":[],"product_brand":[],"product_cat":[57,473],"product_tag":[474],"class_list":{"0":"post-5634","1":"product","2":"type-product","3":"status-publish","4":"has-post-thumbnail","6":"product_cat-korduvkasutatavad-hugieenisidemed","7":"product_cat-pupus","8":"product_tag-pupus","9":"has-post-title","10":"has-post-date","11":"has-post-category","12":"has-post-tag","13":"has-post-comment","14":"has-post-author","15":"","17":"first","18":"instock","19":"sale","20":"taxable","21":"shipping-taxable","22":"purchasable","23":"product-type-variable"},"yoast_head":"<!-- This site is optimized with the Yoast SEO plugin v26.8 - https:\/\/yoast.com\/product\/yoast-seo-wordpress\/ -->\n<title>Pupus korduvkasutatavad h\u00fcgieenisidemed M - sulin.ee<\/title>\n<meta name=\"robots\" content=\"index, follow, max-snippet:-1, max-image-preview:large, max-video-preview:-1\" \/>\n<link rel=\"canonical\" href=\"https:\/\/sulin.ee\/en\/toode\/pupus-korduvkasutatavad-hugieenisidemed-m\/\" \/>\n<meta property=\"og:locale\" content=\"en_US\" \/>\n<meta property=\"og:type\" content=\"article\" \/>\n<meta property=\"og:title\" content=\"Pupus korduvkasutatavad h\u00fcgieenisidemed M - sulin.ee\" \/>\n<meta property=\"og:description\" content=\"Pupus h\u00fcgieenisidemed on pehmed, \u00f5hukesed ja imeilusad! Toodetud Poolas kohalikest materjalidest. Korduvkasutatavad h\u00fcgieenisidemed on loodud naistele, kes tahavad kasutada looduslikke materjale ja hoolivad keskkonnast. Sideme punane pealispind on kaetud pehme puuvilla kihiga, selle all on peidus kaks kihti bambusfroteed, mis on \u00fcheaegselt imav ja \u00f5hkul\u00e4bilaskev. Sideme v\u00e4lispinda katab veekindel PUL materjal, mis ei lase vedelikel [&hellip;]\" \/>\n<meta property=\"og:url\" content=\"https:\/\/sulin.ee\/en\/toode\/pupus-korduvkasutatavad-hugieenisidemed-m\/\" \/>\n<meta property=\"og:site_name\" content=\"sulin.ee\" \/>\n<meta property=\"article:publisher\" content=\"https:\/\/www.facebook.com\/www.sulin.ee\/\" \/>\n<meta property=\"article:modified_time\" content=\"2026-03-27T14:30:10+00:00\" \/>\n<meta property=\"og:image\" content=\"https:\/\/sulin.ee\/wp-content\/uploads\/2022\/10\/Night-in-The-Forest-5-e1665667056326.jpg\" \/>\n\t<meta property=\"og:image:width\" content=\"606\" \/>\n\t<meta property=\"og:image:height\" content=\"598\" \/>\n\t<meta property=\"og:image:type\" content=\"image\/jpeg\" \/>\n<meta name=\"twitter:card\" content=\"summary_large_image\" \/>\n<meta name=\"twitter:label1\" content=\"Est. reading time\" \/>\n\t<meta name=\"twitter:data1\" content=\"1 minute\" \/>\n<script type=\"application\/ld+json\" class=\"yoast-schema-graph\">{\"@context\":\"https:\/\/schema.org\",\"@graph\":[{\"@type\":\"WebPage\",\"@id\":\"https:\/\/sulin.ee\/en\/toode\/pupus-korduvkasutatavad-hugieenisidemed-m\/\",\"url\":\"https:\/\/sulin.ee\/en\/toode\/pupus-korduvkasutatavad-hugieenisidemed-m\/\",\"name\":\"Pupus korduvkasutatavad h\u00fcgieenisidemed M - sulin.ee\",\"isPartOf\":{\"@id\":\"https:\/\/sulin.ee\/en\/#website\"},\"primaryImageOfPage\":{\"@id\":\"https:\/\/sulin.ee\/en\/toode\/pupus-korduvkasutatavad-hugieenisidemed-m\/#primaryimage\"},\"image\":{\"@id\":\"https:\/\/sulin.ee\/en\/toode\/pupus-korduvkasutatavad-hugieenisidemed-m\/#primaryimage\"},\"thumbnailUrl\":\"https:\/\/sulin.ee\/wp-content\/uploads\/2022\/10\/Night-in-The-Forest-5-e1665667056326.jpg\",\"datePublished\":\"2022-10-13T13:14:36+00:00\",\"dateModified\":\"2026-03-27T14:30:10+00:00\",\"breadcrumb\":{\"@id\":\"https:\/\/sulin.ee\/en\/toode\/pupus-korduvkasutatavad-hugieenisidemed-m\/#breadcrumb\"},\"inLanguage\":\"en-US\",\"potentialAction\":[{\"@type\":\"ReadAction\",\"target\":[\"https:\/\/sulin.ee\/en\/toode\/pupus-korduvkasutatavad-hugieenisidemed-m\/\"]}]},{\"@type\":\"ImageObject\",\"inLanguage\":\"en-US\",\"@id\":\"https:\/\/sulin.ee\/en\/toode\/pupus-korduvkasutatavad-hugieenisidemed-m\/#primaryimage\",\"url\":\"https:\/\/sulin.ee\/wp-content\/uploads\/2022\/10\/Night-in-The-Forest-5-e1665667056326.jpg\",\"contentUrl\":\"https:\/\/sulin.ee\/wp-content\/uploads\/2022\/10\/Night-in-The-Forest-5-e1665667056326.jpg\",\"width\":606,\"height\":598},{\"@type\":\"BreadcrumbList\",\"@id\":\"https:\/\/sulin.ee\/en\/toode\/pupus-korduvkasutatavad-hugieenisidemed-m\/#breadcrumb\",\"itemListElement\":[{\"@type\":\"ListItem\",\"position\":1,\"name\":\"Home\",\"item\":\"https:\/\/sulin.ee\/en\/\"},{\"@type\":\"ListItem\",\"position\":2,\"name\":\"Sulin.ee e-pood\",\"item\":\"https:\/\/sulin.ee\/shop\/\"},{\"@type\":\"ListItem\",\"position\":3,\"name\":\"Pupus korduvkasutatavad h\u00fcgieenisidemed M\"}]},{\"@type\":\"WebSite\",\"@id\":\"https:\/\/sulin.ee\/en\/#website\",\"url\":\"https:\/\/sulin.ee\/en\/\",\"name\":\"sulin.ee\",\"description\":\"\",\"publisher\":{\"@id\":\"https:\/\/sulin.ee\/en\/#organization\"},\"potentialAction\":[{\"@type\":\"SearchAction\",\"target\":{\"@type\":\"EntryPoint\",\"urlTemplate\":\"https:\/\/sulin.ee\/en\/?s={search_term_string}\"},\"query-input\":{\"@type\":\"PropertyValueSpecification\",\"valueRequired\":true,\"valueName\":\"search_term_string\"}}],\"inLanguage\":\"en-US\"},{\"@type\":\"Organization\",\"@id\":\"https:\/\/sulin.ee\/en\/#organization\",\"name\":\"SULIN TRADE O\u00dc\",\"url\":\"https:\/\/sulin.ee\/en\/\",\"logo\":{\"@type\":\"ImageObject\",\"inLanguage\":\"en-US\",\"@id\":\"https:\/\/sulin.ee\/en\/#\/schema\/logo\/image\/\",\"url\":\"https:\/\/sulin.ee\/wp-content\/uploads\/2022\/11\/sulin-logo.png\",\"contentUrl\":\"https:\/\/sulin.ee\/wp-content\/uploads\/2022\/11\/sulin-logo.png\",\"width\":871,\"height\":321,\"caption\":\"SULIN TRADE O\u00dc\"},\"image\":{\"@id\":\"https:\/\/sulin.ee\/en\/#\/schema\/logo\/image\/\"},\"sameAs\":[\"https:\/\/www.facebook.com\/www.sulin.ee\/\",\"https:\/\/www.instagram.com\/sulintrade\/\"]}]}<\/script>\n<!-- \/ Yoast SEO plugin. -->","yoast_head_json":{"title":"Pupus korduvkasutatavad h\u00fcgieenisidemed M - sulin.ee","robots":{"index":"index","follow":"follow","max-snippet":"max-snippet:-1","max-image-preview":"max-image-preview:large","max-video-preview":"max-video-preview:-1"},"canonical":"https:\/\/sulin.ee\/en\/toode\/pupus-korduvkasutatavad-hugieenisidemed-m\/","og_locale":"en_US","og_type":"article","og_title":"Pupus korduvkasutatavad h\u00fcgieenisidemed M - sulin.ee","og_description":"Pupus h\u00fcgieenisidemed on pehmed, \u00f5hukesed ja imeilusad! Toodetud Poolas kohalikest materjalidest. Korduvkasutatavad h\u00fcgieenisidemed on loodud naistele, kes tahavad kasutada looduslikke materjale ja hoolivad keskkonnast. Sideme punane pealispind on kaetud pehme puuvilla kihiga, selle all on peidus kaks kihti bambusfroteed, mis on \u00fcheaegselt imav ja \u00f5hkul\u00e4bilaskev. Sideme v\u00e4lispinda katab veekindel PUL materjal, mis ei lase vedelikel [&hellip;]","og_url":"https:\/\/sulin.ee\/en\/toode\/pupus-korduvkasutatavad-hugieenisidemed-m\/","og_site_name":"sulin.ee","article_publisher":"https:\/\/www.facebook.com\/www.sulin.ee\/","article_modified_time":"2026-03-27T14:30:10+00:00","og_image":[{"width":606,"height":598,"url":"https:\/\/sulin.ee\/wp-content\/uploads\/2022\/10\/Night-in-The-Forest-5-e1665667056326.jpg","type":"image\/jpeg"}],"twitter_card":"summary_large_image","twitter_misc":{"Est. reading time":"1 minute"},"schema":{"@context":"https:\/\/schema.org","@graph":[{"@type":"WebPage","@id":"https:\/\/sulin.ee\/en\/toode\/pupus-korduvkasutatavad-hugieenisidemed-m\/","url":"https:\/\/sulin.ee\/en\/toode\/pupus-korduvkasutatavad-hugieenisidemed-m\/","name":"Pupus korduvkasutatavad h\u00fcgieenisidemed M - sulin.ee","isPartOf":{"@id":"https:\/\/sulin.ee\/en\/#website"},"primaryImageOfPage":{"@id":"https:\/\/sulin.ee\/en\/toode\/pupus-korduvkasutatavad-hugieenisidemed-m\/#primaryimage"},"image":{"@id":"https:\/\/sulin.ee\/en\/toode\/pupus-korduvkasutatavad-hugieenisidemed-m\/#primaryimage"},"thumbnailUrl":"https:\/\/sulin.ee\/wp-content\/uploads\/2022\/10\/Night-in-The-Forest-5-e1665667056326.jpg","datePublished":"2022-10-13T13:14:36+00:00","dateModified":"2026-03-27T14:30:10+00:00","breadcrumb":{"@id":"https:\/\/sulin.ee\/en\/toode\/pupus-korduvkasutatavad-hugieenisidemed-m\/#breadcrumb"},"inLanguage":"en-US","potentialAction":[{"@type":"ReadAction","target":["https:\/\/sulin.ee\/en\/toode\/pupus-korduvkasutatavad-hugieenisidemed-m\/"]}]},{"@type":"ImageObject","inLanguage":"en-US","@id":"https:\/\/sulin.ee\/en\/toode\/pupus-korduvkasutatavad-hugieenisidemed-m\/#primaryimage","url":"https:\/\/sulin.ee\/wp-content\/uploads\/2022\/10\/Night-in-The-Forest-5-e1665667056326.jpg","contentUrl":"https:\/\/sulin.ee\/wp-content\/uploads\/2022\/10\/Night-in-The-Forest-5-e1665667056326.jpg","width":606,"height":598},{"@type":"BreadcrumbList","@id":"https:\/\/sulin.ee\/en\/toode\/pupus-korduvkasutatavad-hugieenisidemed-m\/#breadcrumb","itemListElement":[{"@type":"ListItem","position":1,"name":"Home","item":"https:\/\/sulin.ee\/en\/"},{"@type":"ListItem","position":2,"name":"Sulin.ee e-pood","item":"https:\/\/sulin.ee\/shop\/"},{"@type":"ListItem","position":3,"name":"Pupus korduvkasutatavad h\u00fcgieenisidemed M"}]},{"@type":"WebSite","@id":"https:\/\/sulin.ee\/en\/#website","url":"https:\/\/sulin.ee\/en\/","name":"sulin.ee","description":"","publisher":{"@id":"https:\/\/sulin.ee\/en\/#organization"},"potentialAction":[{"@type":"SearchAction","target":{"@type":"EntryPoint","urlTemplate":"https:\/\/sulin.ee\/en\/?s={search_term_string}"},"query-input":{"@type":"PropertyValueSpecification","valueRequired":true,"valueName":"search_term_string"}}],"inLanguage":"en-US"},{"@type":"Organization","@id":"https:\/\/sulin.ee\/en\/#organization","name":"SULIN TRADE O\u00dc","url":"https:\/\/sulin.ee\/en\/","logo":{"@type":"ImageObject","inLanguage":"en-US","@id":"https:\/\/sulin.ee\/en\/#\/schema\/logo\/image\/","url":"https:\/\/sulin.ee\/wp-content\/uploads\/2022\/11\/sulin-logo.png","contentUrl":"https:\/\/sulin.ee\/wp-content\/uploads\/2022\/11\/sulin-logo.png","width":871,"height":321,"caption":"SULIN TRADE O\u00dc"},"image":{"@id":"https:\/\/sulin.ee\/en\/#\/schema\/logo\/image\/"},"sameAs":["https:\/\/www.facebook.com\/www.sulin.ee\/","https:\/\/www.instagram.com\/sulintrade\/"]}]}},"builder_content":"","_links":{"self":[{"href":"https:\/\/sulin.ee\/en\/wp-json\/wp\/v2\/product\/5634","targetHints":{"allow":["GET"]}}],"collection":[{"href":"https:\/\/sulin.ee\/en\/wp-json\/wp\/v2\/product"}],"about":[{"href":"https:\/\/sulin.ee\/en\/wp-json\/wp\/v2\/types\/product"}],"replies":[{"embeddable":true,"href":"https:\/\/sulin.ee\/en\/wp-json\/wp\/v2\/comments?post=5634"}],"wp:featuredmedia":[{"embeddable":true,"href":"https:\/\/sulin.ee\/en\/wp-json\/wp\/v2\/media\/5653"}],"wp:attachment":[{"href":"https:\/\/sulin.ee\/en\/wp-json\/wp\/v2\/media?parent=5634"}],"wp:term":[{"taxonomy":"product_brand","embeddable":true,"href":"https:\/\/sulin.ee\/en\/wp-json\/wp\/v2\/product_brand?post=5634"},{"taxonomy":"product_cat","embeddable":true,"href":"https:\/\/sulin.ee\/en\/wp-json\/wp\/v2\/product_cat?post=5634"},{"taxonomy":"product_tag","embeddable":true,"href":"https:\/\/sulin.ee\/en\/wp-json\/wp\/v2\/product_tag?post=5634"}],"curies":[{"name":"wp","href":"https:\/\/api.w.org\/{rel}","templated":true}]}}