{"id":5585,"date":"2022-10-13T12:36:42","date_gmt":"2022-10-13T12:36:42","guid":{"rendered":"http:\/\/test.itson.ee\/sulin\/?post_type=product&#038;p=5585"},"modified":"2025-09-07T21:58:52","modified_gmt":"2025-09-07T21:58:52","slug":"pupus-hugieenitarvetekotid","status":"publish","type":"product","link":"https:\/\/sulin.ee\/en\/toode\/pupus-hugieenitarvetekotid\/","title":{"rendered":"Pupus h\u00fcgieenitarvetekotid"},"content":{"rendered":"<p style=\"text-align: justify;\"><span style=\"font-family: arial, helvetica, sans-serif; font-size: medium;\">Pupus h\u00fcgieenitarvetekotid on valmistatud PUL materjalist. Ilusate mustritega kotis on hea hoiustada h\u00fcgieenisidemeid, rinnapatju v\u00f5i \u00fchte m\u00e4het. V\u00e4ikeste m\u00f5\u00f5tmete t\u00f5ttu on seda hea k\u00e4ekotis kaasas kanda.\u00a0<\/span><\/p>\n<p><strong>M\u00f5\u00f5dud:<\/strong> 15 x 18 cm<\/p>\n","protected":false},"excerpt":{"rendered":"<p>Pupus h\u00fcgieenitarvetekotid on valmistatud PUL materjalist. Ilusate mustritega kotis on hea hoiustada h\u00fcgieenisidemeid, rinnapatju v\u00f5i \u00fchte m\u00e4het. V\u00e4ikeste m\u00f5\u00f5tmete t\u00f5ttu on seda hea k\u00e4ekotis kaasas kanda.\u00a0 M\u00f5\u00f5dud: 15 x 18 cm<\/p>\n","protected":false},"featured_media":5596,"comment_status":"open","ping_status":"closed","template":"","meta":[],"product_brand":[],"product_cat":[585,191,193,24,473],"product_tag":[474],"class_list":{"0":"post-5585","1":"product","2":"type-product","3":"status-publish","4":"has-post-thumbnail","6":"product_cat-mahkmekotid","7":"product_cat-lisatarvikud-beebid","8":"product_cat-lisatarvikud-lastele","9":"product_cat-lisatarvikud-naistele","10":"product_cat-pupus","11":"product_tag-pupus","12":"has-post-title","13":"has-post-date","14":"has-post-category","15":"has-post-tag","16":"has-post-comment","17":"has-post-author","18":"","20":"first","21":"instock","22":"sale","23":"taxable","24":"shipping-taxable","25":"purchasable","26":"product-type-variable"},"yoast_head":"<!-- This site is optimized with the Yoast SEO plugin v26.8 - https:\/\/yoast.com\/product\/yoast-seo-wordpress\/ -->\n<title>Pupus h\u00fcgieenitarvetekotid - sulin.ee<\/title>\n<meta name=\"description\" content=\"Pupus h\u00fcgieenitarvetekotid on valmistatud PUL materjalist. Ilusate mustritega kotis on hea hoiustada h\u00fcgieenisidemeid, rinnapatju v\u00f5i \u00fchte m\u00e4het.\" \/>\n<meta name=\"robots\" content=\"index, follow, max-snippet:-1, max-image-preview:large, max-video-preview:-1\" \/>\n<link rel=\"canonical\" href=\"https:\/\/sulin.ee\/en\/toode\/pupus-hugieenitarvetekotid\/\" \/>\n<meta property=\"og:locale\" content=\"en_US\" \/>\n<meta property=\"og:type\" content=\"article\" \/>\n<meta property=\"og:title\" content=\"Pupus h\u00fcgieenitarvetekotid - sulin.ee\" \/>\n<meta property=\"og:description\" content=\"Pupus h\u00fcgieenitarvetekotid on valmistatud PUL materjalist. Ilusate mustritega kotis on hea hoiustada h\u00fcgieenisidemeid, rinnapatju v\u00f5i \u00fchte m\u00e4het.\" \/>\n<meta property=\"og:url\" content=\"https:\/\/sulin.ee\/en\/toode\/pupus-hugieenitarvetekotid\/\" \/>\n<meta property=\"og:site_name\" content=\"sulin.ee\" \/>\n<meta property=\"article:publisher\" content=\"https:\/\/www.facebook.com\/www.sulin.ee\/\" \/>\n<meta property=\"article:modified_time\" content=\"2025-09-07T21:58:52+00:00\" \/>\n<meta property=\"og:image\" content=\"https:\/\/sulin.ee\/wp-content\/uploads\/2022\/10\/Succulents-2-e1665664756326.jpg\" \/>\n\t<meta property=\"og:image:width\" content=\"605\" \/>\n\t<meta property=\"og:image:height\" content=\"532\" \/>\n\t<meta property=\"og:image:type\" content=\"image\/jpeg\" \/>\n<meta name=\"twitter:card\" content=\"summary_large_image\" \/>\n<meta name=\"twitter:label1\" content=\"Est. reading time\" \/>\n\t<meta name=\"twitter:data1\" content=\"1 minute\" \/>\n<script type=\"application\/ld+json\" class=\"yoast-schema-graph\">{\"@context\":\"https:\/\/schema.org\",\"@graph\":[{\"@type\":\"WebPage\",\"@id\":\"https:\/\/sulin.ee\/en\/toode\/pupus-hugieenitarvetekotid\/\",\"url\":\"https:\/\/sulin.ee\/en\/toode\/pupus-hugieenitarvetekotid\/\",\"name\":\"Pupus h\u00fcgieenitarvetekotid - sulin.ee\",\"isPartOf\":{\"@id\":\"https:\/\/sulin.ee\/en\/#website\"},\"primaryImageOfPage\":{\"@id\":\"https:\/\/sulin.ee\/en\/toode\/pupus-hugieenitarvetekotid\/#primaryimage\"},\"image\":{\"@id\":\"https:\/\/sulin.ee\/en\/toode\/pupus-hugieenitarvetekotid\/#primaryimage\"},\"thumbnailUrl\":\"https:\/\/sulin.ee\/wp-content\/uploads\/2022\/10\/Succulents-2-e1665664756326.jpg\",\"datePublished\":\"2022-10-13T12:36:42+00:00\",\"dateModified\":\"2025-09-07T21:58:52+00:00\",\"description\":\"Pupus h\u00fcgieenitarvetekotid on valmistatud PUL materjalist. Ilusate mustritega kotis on hea hoiustada h\u00fcgieenisidemeid, rinnapatju v\u00f5i \u00fchte m\u00e4het.\",\"breadcrumb\":{\"@id\":\"https:\/\/sulin.ee\/en\/toode\/pupus-hugieenitarvetekotid\/#breadcrumb\"},\"inLanguage\":\"en-US\",\"potentialAction\":[{\"@type\":\"ReadAction\",\"target\":[\"https:\/\/sulin.ee\/en\/toode\/pupus-hugieenitarvetekotid\/\"]}]},{\"@type\":\"ImageObject\",\"inLanguage\":\"en-US\",\"@id\":\"https:\/\/sulin.ee\/en\/toode\/pupus-hugieenitarvetekotid\/#primaryimage\",\"url\":\"https:\/\/sulin.ee\/wp-content\/uploads\/2022\/10\/Succulents-2-e1665664756326.jpg\",\"contentUrl\":\"https:\/\/sulin.ee\/wp-content\/uploads\/2022\/10\/Succulents-2-e1665664756326.jpg\",\"width\":605,\"height\":532,\"caption\":\"Pupus h\u00fcgieenitarvetekotid\"},{\"@type\":\"BreadcrumbList\",\"@id\":\"https:\/\/sulin.ee\/en\/toode\/pupus-hugieenitarvetekotid\/#breadcrumb\",\"itemListElement\":[{\"@type\":\"ListItem\",\"position\":1,\"name\":\"Home\",\"item\":\"https:\/\/sulin.ee\/en\/\"},{\"@type\":\"ListItem\",\"position\":2,\"name\":\"Sulin.ee e-pood\",\"item\":\"https:\/\/sulin.ee\/shop\/\"},{\"@type\":\"ListItem\",\"position\":3,\"name\":\"Pupus h\u00fcgieenitarvetekotid\"}]},{\"@type\":\"WebSite\",\"@id\":\"https:\/\/sulin.ee\/en\/#website\",\"url\":\"https:\/\/sulin.ee\/en\/\",\"name\":\"sulin.ee\",\"description\":\"\",\"publisher\":{\"@id\":\"https:\/\/sulin.ee\/en\/#organization\"},\"potentialAction\":[{\"@type\":\"SearchAction\",\"target\":{\"@type\":\"EntryPoint\",\"urlTemplate\":\"https:\/\/sulin.ee\/en\/?s={search_term_string}\"},\"query-input\":{\"@type\":\"PropertyValueSpecification\",\"valueRequired\":true,\"valueName\":\"search_term_string\"}}],\"inLanguage\":\"en-US\"},{\"@type\":\"Organization\",\"@id\":\"https:\/\/sulin.ee\/en\/#organization\",\"name\":\"SULIN TRADE O\u00dc\",\"url\":\"https:\/\/sulin.ee\/en\/\",\"logo\":{\"@type\":\"ImageObject\",\"inLanguage\":\"en-US\",\"@id\":\"https:\/\/sulin.ee\/en\/#\/schema\/logo\/image\/\",\"url\":\"https:\/\/sulin.ee\/wp-content\/uploads\/2022\/11\/sulin-logo.png\",\"contentUrl\":\"https:\/\/sulin.ee\/wp-content\/uploads\/2022\/11\/sulin-logo.png\",\"width\":871,\"height\":321,\"caption\":\"SULIN TRADE O\u00dc\"},\"image\":{\"@id\":\"https:\/\/sulin.ee\/en\/#\/schema\/logo\/image\/\"},\"sameAs\":[\"https:\/\/www.facebook.com\/www.sulin.ee\/\",\"https:\/\/www.instagram.com\/sulintrade\/\"]}]}<\/script>\n<!-- \/ Yoast SEO plugin. -->","yoast_head_json":{"title":"Pupus h\u00fcgieenitarvetekotid - sulin.ee","description":"Pupus h\u00fcgieenitarvetekotid on valmistatud PUL materjalist. Ilusate mustritega kotis on hea hoiustada h\u00fcgieenisidemeid, rinnapatju v\u00f5i \u00fchte m\u00e4het.","robots":{"index":"index","follow":"follow","max-snippet":"max-snippet:-1","max-image-preview":"max-image-preview:large","max-video-preview":"max-video-preview:-1"},"canonical":"https:\/\/sulin.ee\/en\/toode\/pupus-hugieenitarvetekotid\/","og_locale":"en_US","og_type":"article","og_title":"Pupus h\u00fcgieenitarvetekotid - sulin.ee","og_description":"Pupus h\u00fcgieenitarvetekotid on valmistatud PUL materjalist. Ilusate mustritega kotis on hea hoiustada h\u00fcgieenisidemeid, rinnapatju v\u00f5i \u00fchte m\u00e4het.","og_url":"https:\/\/sulin.ee\/en\/toode\/pupus-hugieenitarvetekotid\/","og_site_name":"sulin.ee","article_publisher":"https:\/\/www.facebook.com\/www.sulin.ee\/","article_modified_time":"2025-09-07T21:58:52+00:00","og_image":[{"width":605,"height":532,"url":"https:\/\/sulin.ee\/wp-content\/uploads\/2022\/10\/Succulents-2-e1665664756326.jpg","type":"image\/jpeg"}],"twitter_card":"summary_large_image","twitter_misc":{"Est. reading time":"1 minute"},"schema":{"@context":"https:\/\/schema.org","@graph":[{"@type":"WebPage","@id":"https:\/\/sulin.ee\/en\/toode\/pupus-hugieenitarvetekotid\/","url":"https:\/\/sulin.ee\/en\/toode\/pupus-hugieenitarvetekotid\/","name":"Pupus h\u00fcgieenitarvetekotid - sulin.ee","isPartOf":{"@id":"https:\/\/sulin.ee\/en\/#website"},"primaryImageOfPage":{"@id":"https:\/\/sulin.ee\/en\/toode\/pupus-hugieenitarvetekotid\/#primaryimage"},"image":{"@id":"https:\/\/sulin.ee\/en\/toode\/pupus-hugieenitarvetekotid\/#primaryimage"},"thumbnailUrl":"https:\/\/sulin.ee\/wp-content\/uploads\/2022\/10\/Succulents-2-e1665664756326.jpg","datePublished":"2022-10-13T12:36:42+00:00","dateModified":"2025-09-07T21:58:52+00:00","description":"Pupus h\u00fcgieenitarvetekotid on valmistatud PUL materjalist. Ilusate mustritega kotis on hea hoiustada h\u00fcgieenisidemeid, rinnapatju v\u00f5i \u00fchte m\u00e4het.","breadcrumb":{"@id":"https:\/\/sulin.ee\/en\/toode\/pupus-hugieenitarvetekotid\/#breadcrumb"},"inLanguage":"en-US","potentialAction":[{"@type":"ReadAction","target":["https:\/\/sulin.ee\/en\/toode\/pupus-hugieenitarvetekotid\/"]}]},{"@type":"ImageObject","inLanguage":"en-US","@id":"https:\/\/sulin.ee\/en\/toode\/pupus-hugieenitarvetekotid\/#primaryimage","url":"https:\/\/sulin.ee\/wp-content\/uploads\/2022\/10\/Succulents-2-e1665664756326.jpg","contentUrl":"https:\/\/sulin.ee\/wp-content\/uploads\/2022\/10\/Succulents-2-e1665664756326.jpg","width":605,"height":532,"caption":"Pupus h\u00fcgieenitarvetekotid"},{"@type":"BreadcrumbList","@id":"https:\/\/sulin.ee\/en\/toode\/pupus-hugieenitarvetekotid\/#breadcrumb","itemListElement":[{"@type":"ListItem","position":1,"name":"Home","item":"https:\/\/sulin.ee\/en\/"},{"@type":"ListItem","position":2,"name":"Sulin.ee e-pood","item":"https:\/\/sulin.ee\/shop\/"},{"@type":"ListItem","position":3,"name":"Pupus h\u00fcgieenitarvetekotid"}]},{"@type":"WebSite","@id":"https:\/\/sulin.ee\/en\/#website","url":"https:\/\/sulin.ee\/en\/","name":"sulin.ee","description":"","publisher":{"@id":"https:\/\/sulin.ee\/en\/#organization"},"potentialAction":[{"@type":"SearchAction","target":{"@type":"EntryPoint","urlTemplate":"https:\/\/sulin.ee\/en\/?s={search_term_string}"},"query-input":{"@type":"PropertyValueSpecification","valueRequired":true,"valueName":"search_term_string"}}],"inLanguage":"en-US"},{"@type":"Organization","@id":"https:\/\/sulin.ee\/en\/#organization","name":"SULIN TRADE O\u00dc","url":"https:\/\/sulin.ee\/en\/","logo":{"@type":"ImageObject","inLanguage":"en-US","@id":"https:\/\/sulin.ee\/en\/#\/schema\/logo\/image\/","url":"https:\/\/sulin.ee\/wp-content\/uploads\/2022\/11\/sulin-logo.png","contentUrl":"https:\/\/sulin.ee\/wp-content\/uploads\/2022\/11\/sulin-logo.png","width":871,"height":321,"caption":"SULIN TRADE O\u00dc"},"image":{"@id":"https:\/\/sulin.ee\/en\/#\/schema\/logo\/image\/"},"sameAs":["https:\/\/www.facebook.com\/www.sulin.ee\/","https:\/\/www.instagram.com\/sulintrade\/"]}]}},"builder_content":"","_links":{"self":[{"href":"https:\/\/sulin.ee\/en\/wp-json\/wp\/v2\/product\/5585","targetHints":{"allow":["GET"]}}],"collection":[{"href":"https:\/\/sulin.ee\/en\/wp-json\/wp\/v2\/product"}],"about":[{"href":"https:\/\/sulin.ee\/en\/wp-json\/wp\/v2\/types\/product"}],"replies":[{"embeddable":true,"href":"https:\/\/sulin.ee\/en\/wp-json\/wp\/v2\/comments?post=5585"}],"wp:featuredmedia":[{"embeddable":true,"href":"https:\/\/sulin.ee\/en\/wp-json\/wp\/v2\/media\/5596"}],"wp:attachment":[{"href":"https:\/\/sulin.ee\/en\/wp-json\/wp\/v2\/media?parent=5585"}],"wp:term":[{"taxonomy":"product_brand","embeddable":true,"href":"https:\/\/sulin.ee\/en\/wp-json\/wp\/v2\/product_brand?post=5585"},{"taxonomy":"product_cat","embeddable":true,"href":"https:\/\/sulin.ee\/en\/wp-json\/wp\/v2\/product_cat?post=5585"},{"taxonomy":"product_tag","embeddable":true,"href":"https:\/\/sulin.ee\/en\/wp-json\/wp\/v2\/product_tag?post=5585"}],"curies":[{"name":"wp","href":"https:\/\/api.w.org\/{rel}","templated":true}]}}