{"id":5577,"date":"2022-10-13T12:25:12","date_gmt":"2022-10-13T12:25:12","guid":{"rendered":"http:\/\/test.itson.ee\/sulin\/?post_type=product&#038;p=5577"},"modified":"2026-02-09T14:34:19","modified_gmt":"2026-02-09T14:34:19","slug":"pupus-bambusest-sisu","status":"publish","type":"product","link":"https:\/\/sulin.ee\/en\/toode\/pupus-bambusest-sisu\/","title":{"rendered":"Pupus bambusest sisud"},"content":{"rendered":"<p><strong><a href=\"https:\/\/pupus.pl\/main-eng.html\" target=\"_blank\" rel=\"noopener\">Pupus<\/a> bambusest sisud suudavad imada vedelikku rohkem kui tavalised mikrokiust sisud. Bambusmaterjal on tuntud oma antibakteriaalse ja p\u00f5letikuvastase toime poolest. <\/strong><strong>\u00a0Sisud sobivad kasutamiseks beebidele, kellel on tundlik nahk v\u00f5i probleeme nahaga.<\/strong><\/p>\n<p><strong>Sisud on m\u00f5eldud kasutamiseks korduvkasutatavates Pupus riidest <a href=\"https:\/\/sulin.ee\/toode\/pupus-taskumahkmed-5-15-kg\/\" target=\"_blank\" rel=\"noopener\"><span style=\"color: #0000ff;\">taskum\u00e4hkmetes<\/span> <\/a>ja <a href=\"https:\/\/sulin.ee\/toode\/pupus-mahkmekatted-5-15-kg\/\" target=\"_blank\" rel=\"noopener\"><span style=\"color: #0000ff;\">katetes, <\/span><\/a><\/strong>kuid sobivad kasutamiseks ka teiste tootjate riidest m\u00e4hkmetes.<\/p>\n<p><span style=\"font-family: arial, helvetica, sans-serif; font-size: medium;\">3-kihilised bambusfroteest sisud on \u00fchelt poolt kaetud mikrofliisist kihiga, mis aitab hoida beebi \u00f5rna naha kuivana. <\/span><\/p>\n<p><strong>Suurema imavuse saavutamiseks kasuta kahte sisu korraga v\u00f5i kombineeri teisest materjalist <span style=\"color: #0000ff;\"><a style=\"color: #0000ff;\" href=\"https:\/\/sulin.ee\/tootekategooria\/beebid\/riidest-mahkmed\/mahkmesisud-ja-lisatarvikud\/sisud\/\" target=\"_blank\" rel=\"noopener\">m\u00e4hkmesisudega<\/a>.<\/span>\u00a0<\/strong><\/p>\n<p>Pupus mikrokiust sisud leiad <a href=\"https:\/\/sulin.ee\/?post_type=product&amp;p=10753&amp;preview=true\" target=\"_blank\" rel=\"noopener\"><span style=\"color: #0000ff;\">siit<\/span><\/a><a href=\"https:\/\/sulin.ee\/toode\/pupus-bambusest-sisu\/\" target=\"_blank\" rel=\"noopener\">.<\/a><\/p>\n<p>Kokku sobivad bambus-s\u00f6e sisud leiad <span style=\"color: #0000ff;\"><a style=\"color: #0000ff;\" href=\"https:\/\/sulin.ee\/toode\/alvababy-bambus-soe-lisasisu\/\" target=\"_blank\" rel=\"noopener\">siit<\/a><\/span>.<\/p>\n<p><strong>M\u00e4hkmesisude suurused:<\/strong><\/p>\n<p><strong>S:<\/strong> 26 x 9 cm (Sobib kasutamiseks <span style=\"color: #0000ff;\"><a style=\"color: #0000ff;\" href=\"https:\/\/sulin.ee\/tootekategooria\/beebid\/riidest-mahkmed\/vastsundinute-mahkmed-ja-katted\/\" target=\"_blank\" rel=\"noopener\">vasts\u00fcndinu m\u00e4hkmetes ja katetes<\/a><\/span>)<\/p>\n<p><strong>M:<\/strong> 30 x 11 cm (Sobib kasutamiseks <span style=\"color: #0000ff;\"><a style=\"color: #0000ff;\" href=\"https:\/\/sulin.ee\/tootekategooria\/beebid\/riidest-mahkmed\/uhes-suuruses-mahkmed-ja-katted\/\" target=\"_blank\" rel=\"noopener\">\u00fches suuruses m\u00e4hkmetes ja katetes<\/a><\/span>)<\/p>\n<p><strong>L:<\/strong> 34 x 13 cm (Sobib kasutamiseks <span style=\"color: #0000ff;\"><a style=\"color: #0000ff;\" href=\"https:\/\/sulin.ee\/tootekategooria\/beebid\/riidest-mahkmed\/xl-mahkmed\/\" target=\"_blank\" rel=\"noopener\">XL m\u00e4hkmetes<\/a><\/span> ja katetes, v\u00f5i \u00fches suuruses m\u00e4hkmetes suurema lapse puhul, et saavutada suuremat imavust).<\/p>\n","protected":false},"excerpt":{"rendered":"<p>Pupus bambusest sisud suudavad imada vedelikku rohkem kui tavalised mikrokiust sisud. Bambusmaterjal on tuntud oma antibakteriaalse ja p\u00f5letikuvastase toime poolest. \u00a0Sisud sobivad kasutamiseks beebidele, kellel on tundlik nahk v\u00f5i probleeme nahaga. Sisud on m\u00f5eldud kasutamiseks korduvkasutatavates Pupus riidest taskum\u00e4hkmetes ja katetes, kuid sobivad kasutamiseks ka teiste tootjate riidest m\u00e4hkmetes. 3-kihilised bambusfroteest sisud on \u00fchelt poolt [&hellip;]<\/p>\n","protected":false},"featured_media":5582,"comment_status":"open","ping_status":"closed","template":"","meta":[],"product_brand":[],"product_cat":[583,189,191,473],"product_tag":[474],"class_list":{"0":"post-5577","1":"product","2":"type-product","3":"status-publish","4":"has-post-thumbnail","6":"product_cat-sisud","7":"product_cat-potitreening-beebid","8":"product_cat-lisatarvikud-beebid","9":"product_cat-pupus","10":"product_tag-pupus","11":"has-post-title","12":"has-post-date","13":"has-post-category","14":"has-post-tag","15":"has-post-comment","16":"has-post-author","17":"","19":"first","20":"instock","21":"sale","22":"taxable","23":"shipping-taxable","24":"purchasable","25":"product-type-variable"},"yoast_head":"<!-- This site is optimized with the Yoast SEO plugin v26.8 - https:\/\/yoast.com\/product\/yoast-seo-wordpress\/ -->\n<title>Pupus bambusest sisud - sulin.ee<\/title>\n<meta name=\"description\" content=\"Pupus bambusest sisud suudavad imada vedelikku rohkem kui tavalised mikrokiust sisud. Valmistatud 3-kihilised bambusfroteest.\" \/>\n<meta name=\"robots\" content=\"index, follow, max-snippet:-1, max-image-preview:large, max-video-preview:-1\" \/>\n<link rel=\"canonical\" href=\"https:\/\/sulin.ee\/en\/toode\/pupus-bambusest-sisu\/\" \/>\n<meta property=\"og:locale\" content=\"en_US\" \/>\n<meta property=\"og:type\" content=\"article\" \/>\n<meta property=\"og:title\" content=\"Pupus bambusest sisud - sulin.ee\" \/>\n<meta property=\"og:description\" content=\"Pupus bambusest sisud suudavad imada vedelikku rohkem kui tavalised mikrokiust sisud. Valmistatud 3-kihilised bambusfroteest.\" \/>\n<meta property=\"og:url\" content=\"https:\/\/sulin.ee\/en\/toode\/pupus-bambusest-sisu\/\" \/>\n<meta property=\"og:site_name\" content=\"sulin.ee\" \/>\n<meta property=\"article:publisher\" content=\"https:\/\/www.facebook.com\/www.sulin.ee\/\" \/>\n<meta property=\"article:modified_time\" content=\"2026-02-09T14:34:19+00:00\" \/>\n<meta property=\"og:image\" content=\"https:\/\/sulin.ee\/wp-content\/uploads\/2022\/10\/Bambus_L-e1665663953583.jpg\" \/>\n\t<meta property=\"og:image:width\" content=\"604\" \/>\n\t<meta property=\"og:image:height\" content=\"580\" \/>\n\t<meta property=\"og:image:type\" content=\"image\/jpeg\" \/>\n<meta name=\"twitter:card\" content=\"summary_large_image\" \/>\n<meta name=\"twitter:label1\" content=\"Est. reading time\" \/>\n\t<meta name=\"twitter:data1\" content=\"1 minute\" \/>\n<script type=\"application\/ld+json\" class=\"yoast-schema-graph\">{\"@context\":\"https:\/\/schema.org\",\"@graph\":[{\"@type\":\"WebPage\",\"@id\":\"https:\/\/sulin.ee\/en\/toode\/pupus-bambusest-sisu\/\",\"url\":\"https:\/\/sulin.ee\/en\/toode\/pupus-bambusest-sisu\/\",\"name\":\"Pupus bambusest sisud - sulin.ee\",\"isPartOf\":{\"@id\":\"https:\/\/sulin.ee\/en\/#website\"},\"primaryImageOfPage\":{\"@id\":\"https:\/\/sulin.ee\/en\/toode\/pupus-bambusest-sisu\/#primaryimage\"},\"image\":{\"@id\":\"https:\/\/sulin.ee\/en\/toode\/pupus-bambusest-sisu\/#primaryimage\"},\"thumbnailUrl\":\"https:\/\/sulin.ee\/wp-content\/uploads\/2022\/10\/Bambus_L-e1665663953583.jpg\",\"datePublished\":\"2022-10-13T12:25:12+00:00\",\"dateModified\":\"2026-02-09T14:34:19+00:00\",\"description\":\"Pupus bambusest sisud suudavad imada vedelikku rohkem kui tavalised mikrokiust sisud. Valmistatud 3-kihilised bambusfroteest.\",\"breadcrumb\":{\"@id\":\"https:\/\/sulin.ee\/en\/toode\/pupus-bambusest-sisu\/#breadcrumb\"},\"inLanguage\":\"en-US\",\"potentialAction\":[{\"@type\":\"ReadAction\",\"target\":[\"https:\/\/sulin.ee\/en\/toode\/pupus-bambusest-sisu\/\"]}]},{\"@type\":\"ImageObject\",\"inLanguage\":\"en-US\",\"@id\":\"https:\/\/sulin.ee\/en\/toode\/pupus-bambusest-sisu\/#primaryimage\",\"url\":\"https:\/\/sulin.ee\/wp-content\/uploads\/2022\/10\/Bambus_L-e1665663953583.jpg\",\"contentUrl\":\"https:\/\/sulin.ee\/wp-content\/uploads\/2022\/10\/Bambus_L-e1665663953583.jpg\",\"width\":604,\"height\":580,\"caption\":\"Pupus bambusest sisud\"},{\"@type\":\"BreadcrumbList\",\"@id\":\"https:\/\/sulin.ee\/en\/toode\/pupus-bambusest-sisu\/#breadcrumb\",\"itemListElement\":[{\"@type\":\"ListItem\",\"position\":1,\"name\":\"Home\",\"item\":\"https:\/\/sulin.ee\/en\/\"},{\"@type\":\"ListItem\",\"position\":2,\"name\":\"Sulin.ee e-pood\",\"item\":\"https:\/\/sulin.ee\/shop\/\"},{\"@type\":\"ListItem\",\"position\":3,\"name\":\"Pupus bambusest sisud\"}]},{\"@type\":\"WebSite\",\"@id\":\"https:\/\/sulin.ee\/en\/#website\",\"url\":\"https:\/\/sulin.ee\/en\/\",\"name\":\"sulin.ee\",\"description\":\"\",\"publisher\":{\"@id\":\"https:\/\/sulin.ee\/en\/#organization\"},\"potentialAction\":[{\"@type\":\"SearchAction\",\"target\":{\"@type\":\"EntryPoint\",\"urlTemplate\":\"https:\/\/sulin.ee\/en\/?s={search_term_string}\"},\"query-input\":{\"@type\":\"PropertyValueSpecification\",\"valueRequired\":true,\"valueName\":\"search_term_string\"}}],\"inLanguage\":\"en-US\"},{\"@type\":\"Organization\",\"@id\":\"https:\/\/sulin.ee\/en\/#organization\",\"name\":\"SULIN TRADE O\u00dc\",\"url\":\"https:\/\/sulin.ee\/en\/\",\"logo\":{\"@type\":\"ImageObject\",\"inLanguage\":\"en-US\",\"@id\":\"https:\/\/sulin.ee\/en\/#\/schema\/logo\/image\/\",\"url\":\"https:\/\/sulin.ee\/wp-content\/uploads\/2022\/11\/sulin-logo.png\",\"contentUrl\":\"https:\/\/sulin.ee\/wp-content\/uploads\/2022\/11\/sulin-logo.png\",\"width\":871,\"height\":321,\"caption\":\"SULIN TRADE O\u00dc\"},\"image\":{\"@id\":\"https:\/\/sulin.ee\/en\/#\/schema\/logo\/image\/\"},\"sameAs\":[\"https:\/\/www.facebook.com\/www.sulin.ee\/\",\"https:\/\/www.instagram.com\/sulintrade\/\"]}]}<\/script>\n<!-- \/ Yoast SEO plugin. -->","yoast_head_json":{"title":"Pupus bambusest sisud - sulin.ee","description":"Pupus bambusest sisud suudavad imada vedelikku rohkem kui tavalised mikrokiust sisud. Valmistatud 3-kihilised bambusfroteest.","robots":{"index":"index","follow":"follow","max-snippet":"max-snippet:-1","max-image-preview":"max-image-preview:large","max-video-preview":"max-video-preview:-1"},"canonical":"https:\/\/sulin.ee\/en\/toode\/pupus-bambusest-sisu\/","og_locale":"en_US","og_type":"article","og_title":"Pupus bambusest sisud - sulin.ee","og_description":"Pupus bambusest sisud suudavad imada vedelikku rohkem kui tavalised mikrokiust sisud. Valmistatud 3-kihilised bambusfroteest.","og_url":"https:\/\/sulin.ee\/en\/toode\/pupus-bambusest-sisu\/","og_site_name":"sulin.ee","article_publisher":"https:\/\/www.facebook.com\/www.sulin.ee\/","article_modified_time":"2026-02-09T14:34:19+00:00","og_image":[{"width":604,"height":580,"url":"https:\/\/sulin.ee\/wp-content\/uploads\/2022\/10\/Bambus_L-e1665663953583.jpg","type":"image\/jpeg"}],"twitter_card":"summary_large_image","twitter_misc":{"Est. reading time":"1 minute"},"schema":{"@context":"https:\/\/schema.org","@graph":[{"@type":"WebPage","@id":"https:\/\/sulin.ee\/en\/toode\/pupus-bambusest-sisu\/","url":"https:\/\/sulin.ee\/en\/toode\/pupus-bambusest-sisu\/","name":"Pupus bambusest sisud - sulin.ee","isPartOf":{"@id":"https:\/\/sulin.ee\/en\/#website"},"primaryImageOfPage":{"@id":"https:\/\/sulin.ee\/en\/toode\/pupus-bambusest-sisu\/#primaryimage"},"image":{"@id":"https:\/\/sulin.ee\/en\/toode\/pupus-bambusest-sisu\/#primaryimage"},"thumbnailUrl":"https:\/\/sulin.ee\/wp-content\/uploads\/2022\/10\/Bambus_L-e1665663953583.jpg","datePublished":"2022-10-13T12:25:12+00:00","dateModified":"2026-02-09T14:34:19+00:00","description":"Pupus bambusest sisud suudavad imada vedelikku rohkem kui tavalised mikrokiust sisud. Valmistatud 3-kihilised bambusfroteest.","breadcrumb":{"@id":"https:\/\/sulin.ee\/en\/toode\/pupus-bambusest-sisu\/#breadcrumb"},"inLanguage":"en-US","potentialAction":[{"@type":"ReadAction","target":["https:\/\/sulin.ee\/en\/toode\/pupus-bambusest-sisu\/"]}]},{"@type":"ImageObject","inLanguage":"en-US","@id":"https:\/\/sulin.ee\/en\/toode\/pupus-bambusest-sisu\/#primaryimage","url":"https:\/\/sulin.ee\/wp-content\/uploads\/2022\/10\/Bambus_L-e1665663953583.jpg","contentUrl":"https:\/\/sulin.ee\/wp-content\/uploads\/2022\/10\/Bambus_L-e1665663953583.jpg","width":604,"height":580,"caption":"Pupus bambusest sisud"},{"@type":"BreadcrumbList","@id":"https:\/\/sulin.ee\/en\/toode\/pupus-bambusest-sisu\/#breadcrumb","itemListElement":[{"@type":"ListItem","position":1,"name":"Home","item":"https:\/\/sulin.ee\/en\/"},{"@type":"ListItem","position":2,"name":"Sulin.ee e-pood","item":"https:\/\/sulin.ee\/shop\/"},{"@type":"ListItem","position":3,"name":"Pupus bambusest sisud"}]},{"@type":"WebSite","@id":"https:\/\/sulin.ee\/en\/#website","url":"https:\/\/sulin.ee\/en\/","name":"sulin.ee","description":"","publisher":{"@id":"https:\/\/sulin.ee\/en\/#organization"},"potentialAction":[{"@type":"SearchAction","target":{"@type":"EntryPoint","urlTemplate":"https:\/\/sulin.ee\/en\/?s={search_term_string}"},"query-input":{"@type":"PropertyValueSpecification","valueRequired":true,"valueName":"search_term_string"}}],"inLanguage":"en-US"},{"@type":"Organization","@id":"https:\/\/sulin.ee\/en\/#organization","name":"SULIN TRADE O\u00dc","url":"https:\/\/sulin.ee\/en\/","logo":{"@type":"ImageObject","inLanguage":"en-US","@id":"https:\/\/sulin.ee\/en\/#\/schema\/logo\/image\/","url":"https:\/\/sulin.ee\/wp-content\/uploads\/2022\/11\/sulin-logo.png","contentUrl":"https:\/\/sulin.ee\/wp-content\/uploads\/2022\/11\/sulin-logo.png","width":871,"height":321,"caption":"SULIN TRADE O\u00dc"},"image":{"@id":"https:\/\/sulin.ee\/en\/#\/schema\/logo\/image\/"},"sameAs":["https:\/\/www.facebook.com\/www.sulin.ee\/","https:\/\/www.instagram.com\/sulintrade\/"]}]}},"builder_content":"","_links":{"self":[{"href":"https:\/\/sulin.ee\/en\/wp-json\/wp\/v2\/product\/5577","targetHints":{"allow":["GET"]}}],"collection":[{"href":"https:\/\/sulin.ee\/en\/wp-json\/wp\/v2\/product"}],"about":[{"href":"https:\/\/sulin.ee\/en\/wp-json\/wp\/v2\/types\/product"}],"replies":[{"embeddable":true,"href":"https:\/\/sulin.ee\/en\/wp-json\/wp\/v2\/comments?post=5577"}],"wp:featuredmedia":[{"embeddable":true,"href":"https:\/\/sulin.ee\/en\/wp-json\/wp\/v2\/media\/5582"}],"wp:attachment":[{"href":"https:\/\/sulin.ee\/en\/wp-json\/wp\/v2\/media?parent=5577"}],"wp:term":[{"taxonomy":"product_brand","embeddable":true,"href":"https:\/\/sulin.ee\/en\/wp-json\/wp\/v2\/product_brand?post=5577"},{"taxonomy":"product_cat","embeddable":true,"href":"https:\/\/sulin.ee\/en\/wp-json\/wp\/v2\/product_cat?post=5577"},{"taxonomy":"product_tag","embeddable":true,"href":"https:\/\/sulin.ee\/en\/wp-json\/wp\/v2\/product_tag?post=5577"}],"curies":[{"name":"wp","href":"https:\/\/api.w.org\/{rel}","templated":true}]}}