{"id":5467,"date":"2022-10-11T11:08:10","date_gmt":"2022-10-11T11:08:10","guid":{"rendered":"http:\/\/test.itson.ee\/sulin\/?post_type=product&#038;p=5467"},"modified":"2026-03-27T12:44:59","modified_gmt":"2026-03-27T12:44:59","slug":"pupus-potitreeningupuksid","status":"publish","type":"product","link":"https:\/\/sulin.ee\/en\/toode\/pupus-potitreeningupuksid\/","title":{"rendered":"Pupus potitreeningup\u00fcksid (erinevad mustrid)"},"content":{"rendered":"<p><strong><a href=\"https:\/\/pupus.pl\/main-eng.html\" target=\"_blank\" rel=\"noopener\">Pupus<\/a> potitreeningup\u00fcksid on disainitud v\u00e4ltimaks v\u00e4ikseid \u201c\u00f5nnetusi\u201d.<\/strong> P\u00fckste\u00a0 pealispind on kaetud veekindla PUL materjaliga. Lapse naha vastas olev pind on kaetud pehme puuvilla kihiga, mis laseb lapsel tunda niiskustunnet. Puuvillakihi all on peidus 2 kihti bambusfroteed.\u00a0P\u00fckstel on sees tasku, kuhu on v\u00f5imalik lisada sisusid suurema imavuse tagamiseks, nii saab neid kasutada ka n\u00e4iteks \u00f6\u00f6sel.<\/p>\n<p><strong>P\u00fcksid n\u00e4evad v\u00e4lja nagu tavalised alusp\u00fcksid ning lapsel on mugav neid ise \u00fcles ja alla t\u00f5mmata.<\/strong><\/p>\n<p>P\u00fckstesse sobivad k\u00f5ige paremini S suuruses <a href=\"https:\/\/sulin.ee\/toode\/pupus-mikrokiust-sisud\/\" target=\"_blank\" rel=\"noopener\"><span style=\"color: #0000ff;\">Pupus mikrokiust sisud\u00a0<\/span><\/a>v\u00f5i S suuruses <a href=\"https:\/\/sulin.ee\/toode\/pupus-bambusest-sisu\/\">Pupus bambusest sisud<\/a><\/p>\n<p>M\u00e4rgade p\u00fckste hoiustamiseks vaata sobivaid <a href=\"https:\/\/sulin.ee\/tootekategooria\/beebid\/riidest-mahkmed\/mahkmesisud-ja-lisatarvikud\/mahkmekotid\/\" target=\"_blank\" rel=\"noopener\"><span style=\"color: #0000ff;\">m\u00e4hkmekotte siit.<\/span><\/a><\/p>\n<p>Valmistatud Poolas. K\u00f5ik materjalid omavad \u00d6ko-Tex sertifikaati.<\/p>\n<table border=\"1\">\n<tbody>\n<tr>\n<td><strong>Suurus<\/strong><\/td>\n<td><strong>Kaal<\/strong><\/td>\n<td><strong>K\u00f5ht \u00d8\u00a0<\/strong><\/td>\n<td><strong>Reis \u00d8<\/strong><\/td>\n<\/tr>\n<tr>\n<td><strong>M<\/strong><\/td>\n<td>10 &#8211; 13 kg<\/td>\n<td>40 &#8211; 52 cm<\/td>\n<td>25 &#8211; 30 cm<\/td>\n<\/tr>\n<tr>\n<td><strong>L<\/strong><\/td>\n<td>13 &#8211; 16 kg<\/td>\n<td>44 &#8211; 53 cm<\/td>\n<td>26 &#8211; 32 cm<\/td>\n<\/tr>\n<tr>\n<td><strong>XL<\/strong><\/td>\n<td>15 &#8211; 19 kg<\/td>\n<td>46 &#8211; 55 cm<\/td>\n<td>30 &#8211; 34 cm<\/td>\n<\/tr>\n<\/tbody>\n<\/table>\n<p>&nbsp;<\/p>\n","protected":false},"excerpt":{"rendered":"<p>Pupus potitreeningup\u00fcksid on disainitud v\u00e4ltimaks v\u00e4ikseid \u201c\u00f5nnetusi\u201d. P\u00fckste\u00a0 pealispind on kaetud veekindla PUL materjaliga. Lapse naha vastas olev pind on kaetud pehme puuvilla kihiga, mis laseb lapsel tunda niiskustunnet. Puuvillakihi all on peidus 2 kihti bambusfroteed.\u00a0P\u00fckstel on sees tasku, kuhu on v\u00f5imalik lisada sisusid suurema imavuse tagamiseks, nii saab neid kasutada ka n\u00e4iteks \u00f6\u00f6sel. P\u00fcksid [&hellip;]<\/p>\n","protected":false},"featured_media":5563,"comment_status":"open","ping_status":"closed","template":"","meta":[],"product_brand":[],"product_cat":[190,187,473],"product_tag":[474],"class_list":{"0":"post-5467","1":"product","2":"type-product","3":"status-publish","4":"has-post-thumbnail","6":"product_cat-potitreeningupuksid-beebid","7":"product_cat-potitreeningupuksid","8":"product_cat-pupus","9":"product_tag-pupus","10":"has-post-title","11":"has-post-date","12":"has-post-category","13":"has-post-tag","14":"has-post-comment","15":"has-post-author","16":"","18":"first","19":"instock","20":"sale","21":"taxable","22":"shipping-taxable","23":"purchasable","24":"product-type-variable"},"yoast_head":"<!-- This site is optimized with the Yoast SEO plugin v26.8 - https:\/\/yoast.com\/product\/yoast-seo-wordpress\/ -->\n<title>Pupus potitreeningup\u00fcksid (erinevad mustrid) - sulin.ee<\/title>\n<meta name=\"description\" content=\"Pupus potitreeningup\u00fcksid on disainitud v\u00e4ltimaks v\u00e4ikseid \u201c\u00f5nnetusi\u201d. P\u00fckste\u00a0 pealispind on kaetud veekindla PUL materjaliga.\" \/>\n<meta name=\"robots\" content=\"index, follow, max-snippet:-1, max-image-preview:large, max-video-preview:-1\" \/>\n<link rel=\"canonical\" href=\"https:\/\/sulin.ee\/en\/toode\/pupus-potitreeningupuksid\/\" \/>\n<meta property=\"og:locale\" content=\"en_US\" \/>\n<meta property=\"og:type\" content=\"article\" \/>\n<meta property=\"og:title\" content=\"Pupus potitreeningup\u00fcksid (erinevad mustrid) - sulin.ee\" \/>\n<meta property=\"og:description\" content=\"Pupus potitreeningup\u00fcksid on disainitud v\u00e4ltimaks v\u00e4ikseid \u201c\u00f5nnetusi\u201d. P\u00fckste\u00a0 pealispind on kaetud veekindla PUL materjaliga.\" \/>\n<meta property=\"og:url\" content=\"https:\/\/sulin.ee\/en\/toode\/pupus-potitreeningupuksid\/\" \/>\n<meta property=\"og:site_name\" content=\"sulin.ee\" \/>\n<meta property=\"article:publisher\" content=\"https:\/\/www.facebook.com\/www.sulin.ee\/\" \/>\n<meta property=\"article:modified_time\" content=\"2026-03-27T12:44:59+00:00\" \/>\n<meta property=\"og:image\" content=\"https:\/\/sulin.ee\/wp-content\/uploads\/2022\/10\/Hummingbirds-2-e1699553404190.png\" \/>\n\t<meta property=\"og:image:width\" content=\"590\" \/>\n\t<meta property=\"og:image:height\" content=\"503\" \/>\n\t<meta property=\"og:image:type\" content=\"image\/png\" \/>\n<meta name=\"twitter:card\" content=\"summary_large_image\" \/>\n<meta name=\"twitter:label1\" content=\"Est. reading time\" \/>\n\t<meta name=\"twitter:data1\" content=\"1 minute\" \/>\n<script type=\"application\/ld+json\" class=\"yoast-schema-graph\">{\"@context\":\"https:\/\/schema.org\",\"@graph\":[{\"@type\":\"WebPage\",\"@id\":\"https:\/\/sulin.ee\/en\/toode\/pupus-potitreeningupuksid\/\",\"url\":\"https:\/\/sulin.ee\/en\/toode\/pupus-potitreeningupuksid\/\",\"name\":\"Pupus potitreeningup\u00fcksid (erinevad mustrid) - sulin.ee\",\"isPartOf\":{\"@id\":\"https:\/\/sulin.ee\/en\/#website\"},\"primaryImageOfPage\":{\"@id\":\"https:\/\/sulin.ee\/en\/toode\/pupus-potitreeningupuksid\/#primaryimage\"},\"image\":{\"@id\":\"https:\/\/sulin.ee\/en\/toode\/pupus-potitreeningupuksid\/#primaryimage\"},\"thumbnailUrl\":\"https:\/\/sulin.ee\/wp-content\/uploads\/2022\/10\/Hummingbirds-2-e1699553404190.png\",\"datePublished\":\"2022-10-11T11:08:10+00:00\",\"dateModified\":\"2026-03-27T12:44:59+00:00\",\"description\":\"Pupus potitreeningup\u00fcksid on disainitud v\u00e4ltimaks v\u00e4ikseid \u201c\u00f5nnetusi\u201d. P\u00fckste\u00a0 pealispind on kaetud veekindla PUL materjaliga.\",\"breadcrumb\":{\"@id\":\"https:\/\/sulin.ee\/en\/toode\/pupus-potitreeningupuksid\/#breadcrumb\"},\"inLanguage\":\"en-US\",\"potentialAction\":[{\"@type\":\"ReadAction\",\"target\":[\"https:\/\/sulin.ee\/en\/toode\/pupus-potitreeningupuksid\/\"]}]},{\"@type\":\"ImageObject\",\"inLanguage\":\"en-US\",\"@id\":\"https:\/\/sulin.ee\/en\/toode\/pupus-potitreeningupuksid\/#primaryimage\",\"url\":\"https:\/\/sulin.ee\/wp-content\/uploads\/2022\/10\/Hummingbirds-2-e1699553404190.png\",\"contentUrl\":\"https:\/\/sulin.ee\/wp-content\/uploads\/2022\/10\/Hummingbirds-2-e1699553404190.png\",\"width\":590,\"height\":503,\"caption\":\"Pupus potitreeningup\u00fcksid\"},{\"@type\":\"BreadcrumbList\",\"@id\":\"https:\/\/sulin.ee\/en\/toode\/pupus-potitreeningupuksid\/#breadcrumb\",\"itemListElement\":[{\"@type\":\"ListItem\",\"position\":1,\"name\":\"Home\",\"item\":\"https:\/\/sulin.ee\/en\/\"},{\"@type\":\"ListItem\",\"position\":2,\"name\":\"Sulin.ee e-pood\",\"item\":\"https:\/\/sulin.ee\/shop\/\"},{\"@type\":\"ListItem\",\"position\":3,\"name\":\"Pupus potitreeningup\u00fcksid (erinevad mustrid)\"}]},{\"@type\":\"WebSite\",\"@id\":\"https:\/\/sulin.ee\/en\/#website\",\"url\":\"https:\/\/sulin.ee\/en\/\",\"name\":\"sulin.ee\",\"description\":\"\",\"publisher\":{\"@id\":\"https:\/\/sulin.ee\/en\/#organization\"},\"potentialAction\":[{\"@type\":\"SearchAction\",\"target\":{\"@type\":\"EntryPoint\",\"urlTemplate\":\"https:\/\/sulin.ee\/en\/?s={search_term_string}\"},\"query-input\":{\"@type\":\"PropertyValueSpecification\",\"valueRequired\":true,\"valueName\":\"search_term_string\"}}],\"inLanguage\":\"en-US\"},{\"@type\":\"Organization\",\"@id\":\"https:\/\/sulin.ee\/en\/#organization\",\"name\":\"SULIN TRADE O\u00dc\",\"url\":\"https:\/\/sulin.ee\/en\/\",\"logo\":{\"@type\":\"ImageObject\",\"inLanguage\":\"en-US\",\"@id\":\"https:\/\/sulin.ee\/en\/#\/schema\/logo\/image\/\",\"url\":\"https:\/\/sulin.ee\/wp-content\/uploads\/2022\/11\/sulin-logo.png\",\"contentUrl\":\"https:\/\/sulin.ee\/wp-content\/uploads\/2022\/11\/sulin-logo.png\",\"width\":871,\"height\":321,\"caption\":\"SULIN TRADE O\u00dc\"},\"image\":{\"@id\":\"https:\/\/sulin.ee\/en\/#\/schema\/logo\/image\/\"},\"sameAs\":[\"https:\/\/www.facebook.com\/www.sulin.ee\/\",\"https:\/\/www.instagram.com\/sulintrade\/\"]}]}<\/script>\n<!-- \/ Yoast SEO plugin. -->","yoast_head_json":{"title":"Pupus potitreeningup\u00fcksid (erinevad mustrid) - sulin.ee","description":"Pupus potitreeningup\u00fcksid on disainitud v\u00e4ltimaks v\u00e4ikseid \u201c\u00f5nnetusi\u201d. P\u00fckste\u00a0 pealispind on kaetud veekindla PUL materjaliga.","robots":{"index":"index","follow":"follow","max-snippet":"max-snippet:-1","max-image-preview":"max-image-preview:large","max-video-preview":"max-video-preview:-1"},"canonical":"https:\/\/sulin.ee\/en\/toode\/pupus-potitreeningupuksid\/","og_locale":"en_US","og_type":"article","og_title":"Pupus potitreeningup\u00fcksid (erinevad mustrid) - sulin.ee","og_description":"Pupus potitreeningup\u00fcksid on disainitud v\u00e4ltimaks v\u00e4ikseid \u201c\u00f5nnetusi\u201d. P\u00fckste\u00a0 pealispind on kaetud veekindla PUL materjaliga.","og_url":"https:\/\/sulin.ee\/en\/toode\/pupus-potitreeningupuksid\/","og_site_name":"sulin.ee","article_publisher":"https:\/\/www.facebook.com\/www.sulin.ee\/","article_modified_time":"2026-03-27T12:44:59+00:00","og_image":[{"width":590,"height":503,"url":"https:\/\/sulin.ee\/wp-content\/uploads\/2022\/10\/Hummingbirds-2-e1699553404190.png","type":"image\/png"}],"twitter_card":"summary_large_image","twitter_misc":{"Est. reading time":"1 minute"},"schema":{"@context":"https:\/\/schema.org","@graph":[{"@type":"WebPage","@id":"https:\/\/sulin.ee\/en\/toode\/pupus-potitreeningupuksid\/","url":"https:\/\/sulin.ee\/en\/toode\/pupus-potitreeningupuksid\/","name":"Pupus potitreeningup\u00fcksid (erinevad mustrid) - sulin.ee","isPartOf":{"@id":"https:\/\/sulin.ee\/en\/#website"},"primaryImageOfPage":{"@id":"https:\/\/sulin.ee\/en\/toode\/pupus-potitreeningupuksid\/#primaryimage"},"image":{"@id":"https:\/\/sulin.ee\/en\/toode\/pupus-potitreeningupuksid\/#primaryimage"},"thumbnailUrl":"https:\/\/sulin.ee\/wp-content\/uploads\/2022\/10\/Hummingbirds-2-e1699553404190.png","datePublished":"2022-10-11T11:08:10+00:00","dateModified":"2026-03-27T12:44:59+00:00","description":"Pupus potitreeningup\u00fcksid on disainitud v\u00e4ltimaks v\u00e4ikseid \u201c\u00f5nnetusi\u201d. P\u00fckste\u00a0 pealispind on kaetud veekindla PUL materjaliga.","breadcrumb":{"@id":"https:\/\/sulin.ee\/en\/toode\/pupus-potitreeningupuksid\/#breadcrumb"},"inLanguage":"en-US","potentialAction":[{"@type":"ReadAction","target":["https:\/\/sulin.ee\/en\/toode\/pupus-potitreeningupuksid\/"]}]},{"@type":"ImageObject","inLanguage":"en-US","@id":"https:\/\/sulin.ee\/en\/toode\/pupus-potitreeningupuksid\/#primaryimage","url":"https:\/\/sulin.ee\/wp-content\/uploads\/2022\/10\/Hummingbirds-2-e1699553404190.png","contentUrl":"https:\/\/sulin.ee\/wp-content\/uploads\/2022\/10\/Hummingbirds-2-e1699553404190.png","width":590,"height":503,"caption":"Pupus potitreeningup\u00fcksid"},{"@type":"BreadcrumbList","@id":"https:\/\/sulin.ee\/en\/toode\/pupus-potitreeningupuksid\/#breadcrumb","itemListElement":[{"@type":"ListItem","position":1,"name":"Home","item":"https:\/\/sulin.ee\/en\/"},{"@type":"ListItem","position":2,"name":"Sulin.ee e-pood","item":"https:\/\/sulin.ee\/shop\/"},{"@type":"ListItem","position":3,"name":"Pupus potitreeningup\u00fcksid (erinevad mustrid)"}]},{"@type":"WebSite","@id":"https:\/\/sulin.ee\/en\/#website","url":"https:\/\/sulin.ee\/en\/","name":"sulin.ee","description":"","publisher":{"@id":"https:\/\/sulin.ee\/en\/#organization"},"potentialAction":[{"@type":"SearchAction","target":{"@type":"EntryPoint","urlTemplate":"https:\/\/sulin.ee\/en\/?s={search_term_string}"},"query-input":{"@type":"PropertyValueSpecification","valueRequired":true,"valueName":"search_term_string"}}],"inLanguage":"en-US"},{"@type":"Organization","@id":"https:\/\/sulin.ee\/en\/#organization","name":"SULIN TRADE O\u00dc","url":"https:\/\/sulin.ee\/en\/","logo":{"@type":"ImageObject","inLanguage":"en-US","@id":"https:\/\/sulin.ee\/en\/#\/schema\/logo\/image\/","url":"https:\/\/sulin.ee\/wp-content\/uploads\/2022\/11\/sulin-logo.png","contentUrl":"https:\/\/sulin.ee\/wp-content\/uploads\/2022\/11\/sulin-logo.png","width":871,"height":321,"caption":"SULIN TRADE O\u00dc"},"image":{"@id":"https:\/\/sulin.ee\/en\/#\/schema\/logo\/image\/"},"sameAs":["https:\/\/www.facebook.com\/www.sulin.ee\/","https:\/\/www.instagram.com\/sulintrade\/"]}]}},"builder_content":"","_links":{"self":[{"href":"https:\/\/sulin.ee\/en\/wp-json\/wp\/v2\/product\/5467","targetHints":{"allow":["GET"]}}],"collection":[{"href":"https:\/\/sulin.ee\/en\/wp-json\/wp\/v2\/product"}],"about":[{"href":"https:\/\/sulin.ee\/en\/wp-json\/wp\/v2\/types\/product"}],"replies":[{"embeddable":true,"href":"https:\/\/sulin.ee\/en\/wp-json\/wp\/v2\/comments?post=5467"}],"wp:featuredmedia":[{"embeddable":true,"href":"https:\/\/sulin.ee\/en\/wp-json\/wp\/v2\/media\/5563"}],"wp:attachment":[{"href":"https:\/\/sulin.ee\/en\/wp-json\/wp\/v2\/media?parent=5467"}],"wp:term":[{"taxonomy":"product_brand","embeddable":true,"href":"https:\/\/sulin.ee\/en\/wp-json\/wp\/v2\/product_brand?post=5467"},{"taxonomy":"product_cat","embeddable":true,"href":"https:\/\/sulin.ee\/en\/wp-json\/wp\/v2\/product_cat?post=5467"},{"taxonomy":"product_tag","embeddable":true,"href":"https:\/\/sulin.ee\/en\/wp-json\/wp\/v2\/product_tag?post=5467"}],"curies":[{"name":"wp","href":"https:\/\/api.w.org\/{rel}","templated":true}]}}