{"id":539,"date":"2022-09-13T14:01:19","date_gmt":"2022-09-13T14:01:19","guid":{"rendered":"http:\/\/test.itson.ee\/sulin\/product\/naturaalse-plastiliini-komplekt-5\/"},"modified":"2025-09-09T11:07:44","modified_gmt":"2025-09-09T11:07:44","slug":"naturaalse-plastiliini-komplekt-5","status":"publish","type":"product","link":"https:\/\/sulin.ee\/en\/toode\/naturaalse-plastiliini-komplekt-5\/","title":{"rendered":"Naturaalse plastiliini komplekt MICI"},"content":{"rendered":"<div class=\"flex max-w-full flex-col flex-grow\">\n<div class=\"min-h-8 text-message flex w-full flex-col items-end gap-2 whitespace-normal break-words text-start [.text-message+&amp;]:mt-5\" dir=\"auto\" data-message-author-role=\"assistant\" data-message-id=\"99ea7876-5157-4f66-87c2-2a5f6aa8f642\" data-message-model-slug=\"gpt-4\">\n<div class=\"flex w-full flex-col gap-1 empty:hidden first:pt-[3px]\">\n<div class=\"markdown prose w-full break-words dark:prose-invert light\">\n<p data-start=\"0\" data-end=\"69\"><strong data-start=\"0\" data-end=\"69\">Naturaalse plastiliini komplekt pakub l\u00f5putult loovaid v\u00f5imalusi:<\/strong><\/p>\n<p data-start=\"71\" data-end=\"350\">Vanilje l\u00f5hnaga, h\u00e4sti vormitav voolimismass on suurep\u00e4rane vahend sensoorseteks m\u00e4ngudeks ning peenmotoorika arendamiseks. L\u00e4bi m\u00e4nguliste tegevuste saab laps \u00f5ppida tundma erinevaid v\u00e4rve ja kujundeid ning arendada rollim\u00e4nguoskusi, mis pakuvad nii l\u00f5bu kui ka \u00f5petlikke hetki.<\/p>\n<p data-start=\"352\" data-end=\"675\"><strong data-start=\"352\" data-end=\"379\">Hoiustamine ja hooldus:<\/strong> S\u00e4ilita mass alati kinnises n\u00f5us, et v\u00e4ltida selle kuivamist. Kui mass peaks siiski kuivama, aitab niiskete k\u00e4tega s\u00f5tkumine taas selle pehmeks muuta. \u00c4ra leota massi vees. Kui mass on liiga vedel, aita selle konsistentsi taastada, lisades natuke nisujahu. Hoida eemal otsesest p\u00e4ikesevalgusest.<\/p>\n<p data-start=\"677\" data-end=\"980\"><strong data-start=\"677\" data-end=\"693\">Koostisosad:<\/strong> Naturaalne voolimismass on valmistatud nisujahust, soolast, veest, taime\u00f5list ning monokaaliumtartraadist, mida kasutatakse kondiitritoodetes stabilisaatorina. Lisatud toiduv\u00e4rvid ja vanilliin annavad massile meeldiva l\u00f5hna. Kuigi koostisosad on s\u00f6\u00f6davad, ei ole mass m\u00f5eldud s\u00f6\u00f6miseks.<\/p>\n<p data-start=\"982\" data-end=\"1145\"><strong data-start=\"982\" data-end=\"1012\">Komplekti kuuluvad v\u00e4rvid:<\/strong> helelilla, virsik ja helesinine,<\/p>\n<p data-start=\"982\" data-end=\"1145\"><strong>Kogus:<\/strong> 3 x 120 g.<\/p>\n<p data-start=\"1147\" data-end=\"1254\"><strong data-start=\"1147\" data-end=\"1171\">P\u00e4ritolu ja sobivus:<\/strong> L\u00e4tis valmistatud kvaliteettoode sobib kasutamiseks lastele alates kolmandast eluaastast.<\/p>\n<p data-start=\"1256\" data-end=\"1326\" data-is-last-node=\"\">Avasta loovuse piiritu maailm <a href=\"https:\/\/www.mici.lv\/home-1\/\">MICI<\/a> plastiliini komplektiga!<\/p>\n<p data-start=\"1256\" data-end=\"1326\" data-is-last-node=\"\">Avastage loovuse piiritu maailm meie naturaalse plastiliini komplektiga ja teiste <a href=\"https:\/\/sulin.ee\/tootekategooria\/brandid\/mici\/\">MICI toodetega<\/a>!<\/p>\n<\/div>\n<\/div>\n<\/div>\n<\/div>\n","protected":false},"excerpt":{"rendered":"<p><strong>Naturaalse plastiliini komplekt on suurep\u00e4rane vahend, mis aitab lastel arendada peenmotoorikat ja sensoorseid oskusi l\u00e4bi m\u00e4ngulise tegevuse. <\/strong><\/p>\n<p><strong>Komplekt sisaldab kolme erinevat v\u00e4rvi voolimismassi:<\/strong> helelilla, virsik, helesinine, iga\u00fcks 120 grammi.<\/p>\n<p>Vanilje l\u00f5hnaga ja h\u00e4sti vormitav mass on valmistatud mittes\u00f6\u00f6davatest, kvaliteetsetest koostisosadest. Toode on valmistatud L\u00e4tis ja soovitatakse s\u00e4ilitada kinnises n\u00f5us, et v\u00e4ltida kuivamist. See on ideaalne kingitus noortele loovate m\u00e4ngude huvilistele.<\/p>\n","protected":false},"featured_media":10879,"comment_status":"open","ping_status":"closed","template":"","meta":[],"product_brand":[],"product_cat":[1164,1165,1166,1162,232,926],"product_tag":[],"class_list":{"0":"post-539","1":"product","2":"type-product","3":"status-publish","4":"has-post-thumbnail","6":"product_cat-1-3-aastat","7":"product_cat-3-5-aastat","8":"product_cat-6-8-aastat","9":"product_cat-kingituseks","10":"product_cat-mici","11":"product_cat-voolimismassid","12":"has-post-title","13":"has-post-date","14":"has-post-category","15":"has-post-tag","16":"has-post-comment","17":"has-post-author","18":"","20":"first","21":"outofstock","22":"sale","23":"taxable","24":"shipping-taxable","25":"purchasable","26":"product-type-simple"},"yoast_head":"<!-- This site is optimized with the Yoast SEO plugin v27.6 - https:\/\/yoast.com\/product\/yoast-seo-wordpress\/ -->\n<title>Naturaalse plastiliini komplekt MICI - sulin.ee<\/title>\n<meta name=\"description\" content=\"Naturaalse plastiliini komplekt on loodud selleks, et pakkuda v\u00f5imalust arendada lapse peenmotoorikat ja sensoorseid oskusi l\u00e4bi m\u00e4ngulise tegevuse.\" \/>\n<meta name=\"robots\" content=\"index, follow, max-snippet:-1, max-image-preview:large, max-video-preview:-1\" \/>\n<link rel=\"canonical\" href=\"https:\/\/sulin.ee\/en\/toode\/naturaalse-plastiliini-komplekt-5\/\" \/>\n<meta property=\"og:locale\" content=\"en_US\" \/>\n<meta property=\"og:type\" content=\"article\" \/>\n<meta property=\"og:title\" content=\"Naturaalse plastiliini komplekt MICI - sulin.ee\" \/>\n<meta property=\"og:description\" content=\"Naturaalse plastiliini komplekt on loodud selleks, et pakkuda v\u00f5imalust arendada lapse peenmotoorikat ja sensoorseid oskusi l\u00e4bi m\u00e4ngulise tegevuse.\" \/>\n<meta property=\"og:url\" content=\"https:\/\/sulin.ee\/en\/toode\/naturaalse-plastiliini-komplekt-5\/\" \/>\n<meta property=\"og:site_name\" content=\"sulin.ee\" \/>\n<meta property=\"article:publisher\" content=\"https:\/\/www.facebook.com\/www.sulin.ee\/\" \/>\n<meta property=\"article:modified_time\" content=\"2025-09-09T11:07:44+00:00\" \/>\n<meta property=\"og:image\" content=\"https:\/\/sulin.ee\/wp-content\/uploads\/2022\/09\/helesinine-lilla-virsik.jpeg\" \/>\n\t<meta property=\"og:image:width\" content=\"547\" \/>\n\t<meta property=\"og:image:height\" content=\"900\" \/>\n\t<meta property=\"og:image:type\" content=\"image\/jpeg\" \/>\n<meta name=\"twitter:card\" content=\"summary_large_image\" \/>\n<meta name=\"twitter:label1\" content=\"Est. reading time\" \/>\n\t<meta name=\"twitter:data1\" content=\"2 minutes\" \/>\n<script type=\"application\/ld+json\" class=\"yoast-schema-graph\">{\"@context\":\"https:\\\/\\\/schema.org\",\"@graph\":[{\"@type\":\"WebPage\",\"@id\":\"https:\\\/\\\/sulin.ee\\\/en\\\/toode\\\/naturaalse-plastiliini-komplekt-5\\\/\",\"url\":\"https:\\\/\\\/sulin.ee\\\/en\\\/toode\\\/naturaalse-plastiliini-komplekt-5\\\/\",\"name\":\"Naturaalse plastiliini komplekt MICI - sulin.ee\",\"isPartOf\":{\"@id\":\"https:\\\/\\\/sulin.ee\\\/en\\\/#website\"},\"primaryImageOfPage\":{\"@id\":\"https:\\\/\\\/sulin.ee\\\/en\\\/toode\\\/naturaalse-plastiliini-komplekt-5\\\/#primaryimage\"},\"image\":{\"@id\":\"https:\\\/\\\/sulin.ee\\\/en\\\/toode\\\/naturaalse-plastiliini-komplekt-5\\\/#primaryimage\"},\"thumbnailUrl\":\"https:\\\/\\\/sulin.ee\\\/wp-content\\\/uploads\\\/2022\\\/09\\\/helesinine-lilla-virsik.jpeg\",\"datePublished\":\"2022-09-13T14:01:19+00:00\",\"dateModified\":\"2025-09-09T11:07:44+00:00\",\"description\":\"Naturaalse plastiliini komplekt on loodud selleks, et pakkuda v\u00f5imalust arendada lapse peenmotoorikat ja sensoorseid oskusi l\u00e4bi m\u00e4ngulise tegevuse.\",\"breadcrumb\":{\"@id\":\"https:\\\/\\\/sulin.ee\\\/en\\\/toode\\\/naturaalse-plastiliini-komplekt-5\\\/#breadcrumb\"},\"inLanguage\":\"en-US\",\"potentialAction\":[{\"@type\":\"ReadAction\",\"target\":[\"https:\\\/\\\/sulin.ee\\\/en\\\/toode\\\/naturaalse-plastiliini-komplekt-5\\\/\"]}]},{\"@type\":\"ImageObject\",\"inLanguage\":\"en-US\",\"@id\":\"https:\\\/\\\/sulin.ee\\\/en\\\/toode\\\/naturaalse-plastiliini-komplekt-5\\\/#primaryimage\",\"url\":\"https:\\\/\\\/sulin.ee\\\/wp-content\\\/uploads\\\/2022\\\/09\\\/helesinine-lilla-virsik.jpeg\",\"contentUrl\":\"https:\\\/\\\/sulin.ee\\\/wp-content\\\/uploads\\\/2022\\\/09\\\/helesinine-lilla-virsik.jpeg\",\"width\":547,\"height\":900,\"caption\":\"Naturaalse plastiliini\"},{\"@type\":\"BreadcrumbList\",\"@id\":\"https:\\\/\\\/sulin.ee\\\/en\\\/toode\\\/naturaalse-plastiliini-komplekt-5\\\/#breadcrumb\",\"itemListElement\":[{\"@type\":\"ListItem\",\"position\":1,\"name\":\"Home\",\"item\":\"https:\\\/\\\/sulin.ee\\\/en\\\/\"},{\"@type\":\"ListItem\",\"position\":2,\"name\":\"Sulin.ee e-pood\",\"item\":\"https:\\\/\\\/sulin.ee\\\/shop\\\/\"},{\"@type\":\"ListItem\",\"position\":3,\"name\":\"Naturaalse plastiliini komplekt MICI\"}]},{\"@type\":\"WebSite\",\"@id\":\"https:\\\/\\\/sulin.ee\\\/en\\\/#website\",\"url\":\"https:\\\/\\\/sulin.ee\\\/en\\\/\",\"name\":\"sulin.ee\",\"description\":\"\",\"publisher\":{\"@id\":\"https:\\\/\\\/sulin.ee\\\/en\\\/#organization\"},\"potentialAction\":[{\"@type\":\"SearchAction\",\"target\":{\"@type\":\"EntryPoint\",\"urlTemplate\":\"https:\\\/\\\/sulin.ee\\\/en\\\/?s={search_term_string}\"},\"query-input\":{\"@type\":\"PropertyValueSpecification\",\"valueRequired\":true,\"valueName\":\"search_term_string\"}}],\"inLanguage\":\"en-US\"},{\"@type\":\"Organization\",\"@id\":\"https:\\\/\\\/sulin.ee\\\/en\\\/#organization\",\"name\":\"SULIN TRADE O\u00dc\",\"url\":\"https:\\\/\\\/sulin.ee\\\/en\\\/\",\"logo\":{\"@type\":\"ImageObject\",\"inLanguage\":\"en-US\",\"@id\":\"https:\\\/\\\/sulin.ee\\\/en\\\/#\\\/schema\\\/logo\\\/image\\\/\",\"url\":\"https:\\\/\\\/sulin.ee\\\/wp-content\\\/uploads\\\/2022\\\/11\\\/sulin-logo.png\",\"contentUrl\":\"https:\\\/\\\/sulin.ee\\\/wp-content\\\/uploads\\\/2022\\\/11\\\/sulin-logo.png\",\"width\":871,\"height\":321,\"caption\":\"SULIN TRADE O\u00dc\"},\"image\":{\"@id\":\"https:\\\/\\\/sulin.ee\\\/en\\\/#\\\/schema\\\/logo\\\/image\\\/\"},\"sameAs\":[\"https:\\\/\\\/www.facebook.com\\\/www.sulin.ee\\\/\",\"https:\\\/\\\/www.instagram.com\\\/sulintrade\\\/\"]}]}<\/script>\n<!-- \/ Yoast SEO plugin. -->","yoast_head_json":{"title":"Naturaalse plastiliini komplekt MICI - sulin.ee","description":"Naturaalse plastiliini komplekt on loodud selleks, et pakkuda v\u00f5imalust arendada lapse peenmotoorikat ja sensoorseid oskusi l\u00e4bi m\u00e4ngulise tegevuse.","robots":{"index":"index","follow":"follow","max-snippet":"max-snippet:-1","max-image-preview":"max-image-preview:large","max-video-preview":"max-video-preview:-1"},"canonical":"https:\/\/sulin.ee\/en\/toode\/naturaalse-plastiliini-komplekt-5\/","og_locale":"en_US","og_type":"article","og_title":"Naturaalse plastiliini komplekt MICI - sulin.ee","og_description":"Naturaalse plastiliini komplekt on loodud selleks, et pakkuda v\u00f5imalust arendada lapse peenmotoorikat ja sensoorseid oskusi l\u00e4bi m\u00e4ngulise tegevuse.","og_url":"https:\/\/sulin.ee\/en\/toode\/naturaalse-plastiliini-komplekt-5\/","og_site_name":"sulin.ee","article_publisher":"https:\/\/www.facebook.com\/www.sulin.ee\/","article_modified_time":"2025-09-09T11:07:44+00:00","og_image":[{"width":547,"height":900,"url":"https:\/\/sulin.ee\/wp-content\/uploads\/2022\/09\/helesinine-lilla-virsik.jpeg","type":"image\/jpeg"}],"twitter_card":"summary_large_image","twitter_misc":{"Est. reading time":"2 minutes"},"schema":{"@context":"https:\/\/schema.org","@graph":[{"@type":"WebPage","@id":"https:\/\/sulin.ee\/en\/toode\/naturaalse-plastiliini-komplekt-5\/","url":"https:\/\/sulin.ee\/en\/toode\/naturaalse-plastiliini-komplekt-5\/","name":"Naturaalse plastiliini komplekt MICI - sulin.ee","isPartOf":{"@id":"https:\/\/sulin.ee\/en\/#website"},"primaryImageOfPage":{"@id":"https:\/\/sulin.ee\/en\/toode\/naturaalse-plastiliini-komplekt-5\/#primaryimage"},"image":{"@id":"https:\/\/sulin.ee\/en\/toode\/naturaalse-plastiliini-komplekt-5\/#primaryimage"},"thumbnailUrl":"https:\/\/sulin.ee\/wp-content\/uploads\/2022\/09\/helesinine-lilla-virsik.jpeg","datePublished":"2022-09-13T14:01:19+00:00","dateModified":"2025-09-09T11:07:44+00:00","description":"Naturaalse plastiliini komplekt on loodud selleks, et pakkuda v\u00f5imalust arendada lapse peenmotoorikat ja sensoorseid oskusi l\u00e4bi m\u00e4ngulise tegevuse.","breadcrumb":{"@id":"https:\/\/sulin.ee\/en\/toode\/naturaalse-plastiliini-komplekt-5\/#breadcrumb"},"inLanguage":"en-US","potentialAction":[{"@type":"ReadAction","target":["https:\/\/sulin.ee\/en\/toode\/naturaalse-plastiliini-komplekt-5\/"]}]},{"@type":"ImageObject","inLanguage":"en-US","@id":"https:\/\/sulin.ee\/en\/toode\/naturaalse-plastiliini-komplekt-5\/#primaryimage","url":"https:\/\/sulin.ee\/wp-content\/uploads\/2022\/09\/helesinine-lilla-virsik.jpeg","contentUrl":"https:\/\/sulin.ee\/wp-content\/uploads\/2022\/09\/helesinine-lilla-virsik.jpeg","width":547,"height":900,"caption":"Naturaalse plastiliini"},{"@type":"BreadcrumbList","@id":"https:\/\/sulin.ee\/en\/toode\/naturaalse-plastiliini-komplekt-5\/#breadcrumb","itemListElement":[{"@type":"ListItem","position":1,"name":"Home","item":"https:\/\/sulin.ee\/en\/"},{"@type":"ListItem","position":2,"name":"Sulin.ee e-pood","item":"https:\/\/sulin.ee\/shop\/"},{"@type":"ListItem","position":3,"name":"Naturaalse plastiliini komplekt MICI"}]},{"@type":"WebSite","@id":"https:\/\/sulin.ee\/en\/#website","url":"https:\/\/sulin.ee\/en\/","name":"sulin.ee","description":"","publisher":{"@id":"https:\/\/sulin.ee\/en\/#organization"},"potentialAction":[{"@type":"SearchAction","target":{"@type":"EntryPoint","urlTemplate":"https:\/\/sulin.ee\/en\/?s={search_term_string}"},"query-input":{"@type":"PropertyValueSpecification","valueRequired":true,"valueName":"search_term_string"}}],"inLanguage":"en-US"},{"@type":"Organization","@id":"https:\/\/sulin.ee\/en\/#organization","name":"SULIN TRADE O\u00dc","url":"https:\/\/sulin.ee\/en\/","logo":{"@type":"ImageObject","inLanguage":"en-US","@id":"https:\/\/sulin.ee\/en\/#\/schema\/logo\/image\/","url":"https:\/\/sulin.ee\/wp-content\/uploads\/2022\/11\/sulin-logo.png","contentUrl":"https:\/\/sulin.ee\/wp-content\/uploads\/2022\/11\/sulin-logo.png","width":871,"height":321,"caption":"SULIN TRADE O\u00dc"},"image":{"@id":"https:\/\/sulin.ee\/en\/#\/schema\/logo\/image\/"},"sameAs":["https:\/\/www.facebook.com\/www.sulin.ee\/","https:\/\/www.instagram.com\/sulintrade\/"]}]}},"builder_content":"","_links":{"self":[{"href":"https:\/\/sulin.ee\/en\/wp-json\/wp\/v2\/product\/539","targetHints":{"allow":["GET"]}}],"collection":[{"href":"https:\/\/sulin.ee\/en\/wp-json\/wp\/v2\/product"}],"about":[{"href":"https:\/\/sulin.ee\/en\/wp-json\/wp\/v2\/types\/product"}],"replies":[{"embeddable":true,"href":"https:\/\/sulin.ee\/en\/wp-json\/wp\/v2\/comments?post=539"}],"wp:featuredmedia":[{"embeddable":true,"href":"https:\/\/sulin.ee\/en\/wp-json\/wp\/v2\/media\/10879"}],"wp:attachment":[{"href":"https:\/\/sulin.ee\/en\/wp-json\/wp\/v2\/media?parent=539"}],"wp:term":[{"taxonomy":"product_brand","embeddable":true,"href":"https:\/\/sulin.ee\/en\/wp-json\/wp\/v2\/product_brand?post=539"},{"taxonomy":"product_cat","embeddable":true,"href":"https:\/\/sulin.ee\/en\/wp-json\/wp\/v2\/product_cat?post=539"},{"taxonomy":"product_tag","embeddable":true,"href":"https:\/\/sulin.ee\/en\/wp-json\/wp\/v2\/product_tag?post=539"}],"curies":[{"name":"wp","href":"https:\/\/api.w.org\/{rel}","templated":true}]}}