{"id":5378,"date":"2022-10-11T09:13:47","date_gmt":"2022-10-11T09:13:47","guid":{"rendered":"http:\/\/test.itson.ee\/sulin\/?post_type=product&#038;p=5378"},"modified":"2025-10-01T18:35:50","modified_gmt":"2025-10-01T18:35:50","slug":"pupus-taskumahkmed-5-15-kg","status":"publish","type":"product","link":"https:\/\/sulin.ee\/en\/toode\/pupus-taskumahkmed-5-15-kg\/","title":{"rendered":"Pupus taskum\u00e4hkmed 5-15 kg"},"content":{"rendered":"<p style=\"text-align: justify;\"><span style=\"font-family: arial, helvetica, sans-serif; font-size: medium;\"><strong>Pupus taskum\u00e4he on valmistatud Poolas, pehmest PUL materjalist. Sobib kasutamiseks lastele kaaluga\u00a05- 15 kg<\/strong>.\u00a0M\u00e4hkmel on ees 3 rida trukke, mille abil on m\u00e4hkme suurust lihtne lapse keha j\u00e4rgi kohandada.<\/span><\/p>\n<p style=\"text-align: justify;\"><strong><span style=\"font-family: arial, helvetica, sans-serif; font-size: medium;\">M\u00e4hkme sees on mikrofliisist kuivahoidev kiht, mis on beebi naha vastas \u00f5rn ja m\u00f5nusalt pehme.<\/span><\/strong><\/p>\n<p style=\"text-align: justify;\"><span style=\"font-family: arial, helvetica, sans-serif; font-size: medium;\">Pehmed topelt kummid jalaosas aitavad \u00e4ra hoida lekkeid.<\/span><\/p>\n<p style=\"text-align: justify;\"><strong><span style=\"font-family: arial, helvetica, sans-serif; font-size: medium;\">NB! Taskum\u00e4he on ilma sisudeta.\u00a0<\/span><\/strong><\/p>\n","protected":false},"excerpt":{"rendered":"<p>Pupus taskum\u00e4he on valmistatud Poolas, pehmest PUL materjalist. Sobib kasutamiseks lastele kaaluga\u00a05- 15 kg.\u00a0M\u00e4hkmel on ees 3 rida trukke, mille abil on m\u00e4hkme suurust lihtne lapse keha j\u00e4rgi kohandada. M\u00e4hkme sees on mikrofliisist kuivahoidev kiht, mis on beebi naha vastas \u00f5rn ja m\u00f5nusalt pehme. Pehmed topelt kummid jalaosas aitavad \u00e4ra hoida lekkeid. NB! Taskum\u00e4he on [&hellip;]<\/p>\n","protected":false},"featured_media":5422,"comment_status":"open","ping_status":"closed","template":"","meta":[],"product_brand":[],"product_cat":[449,473],"product_tag":[474],"class_list":{"0":"post-5378","1":"product","2":"type-product","3":"status-publish","4":"has-post-thumbnail","6":"product_cat-taskumahkmed","7":"product_cat-pupus","8":"product_tag-pupus","9":"has-post-title","10":"has-post-date","11":"has-post-category","12":"has-post-tag","13":"has-post-comment","14":"has-post-author","15":"","17":"first","18":"instock","19":"sale","20":"taxable","21":"shipping-taxable","22":"purchasable","23":"product-type-variable"},"yoast_head":"<!-- This site is optimized with the Yoast SEO plugin v26.8 - https:\/\/yoast.com\/product\/yoast-seo-wordpress\/ -->\n<title>Pupus taskum\u00e4hkmed 5-15 kg - sulin.ee<\/title>\n<meta name=\"robots\" content=\"index, follow, max-snippet:-1, max-image-preview:large, max-video-preview:-1\" \/>\n<link rel=\"canonical\" href=\"https:\/\/sulin.ee\/en\/toode\/pupus-taskumahkmed-5-15-kg\/\" \/>\n<meta property=\"og:locale\" content=\"en_US\" \/>\n<meta property=\"og:type\" content=\"article\" \/>\n<meta property=\"og:title\" content=\"Pupus taskum\u00e4hkmed 5-15 kg - sulin.ee\" \/>\n<meta property=\"og:description\" content=\"Pupus taskum\u00e4he on valmistatud Poolas, pehmest PUL materjalist. Sobib kasutamiseks lastele kaaluga\u00a05- 15 kg.\u00a0M\u00e4hkmel on ees 3 rida trukke, mille abil on m\u00e4hkme suurust lihtne lapse keha j\u00e4rgi kohandada. M\u00e4hkme sees on mikrofliisist kuivahoidev kiht, mis on beebi naha vastas \u00f5rn ja m\u00f5nusalt pehme. Pehmed topelt kummid jalaosas aitavad \u00e4ra hoida lekkeid. NB! Taskum\u00e4he on [&hellip;]\" \/>\n<meta property=\"og:url\" content=\"https:\/\/sulin.ee\/en\/toode\/pupus-taskumahkmed-5-15-kg\/\" \/>\n<meta property=\"og:site_name\" content=\"sulin.ee\" \/>\n<meta property=\"article:publisher\" content=\"https:\/\/www.facebook.com\/www.sulin.ee\/\" \/>\n<meta property=\"article:modified_time\" content=\"2025-10-01T18:35:50+00:00\" \/>\n<meta property=\"og:image\" content=\"https:\/\/sulin.ee\/wp-content\/uploads\/2022\/10\/Bugs-2-e1665481175782.jpg\" \/>\n\t<meta property=\"og:image:width\" content=\"580\" \/>\n\t<meta property=\"og:image:height\" content=\"552\" \/>\n\t<meta property=\"og:image:type\" content=\"image\/jpeg\" \/>\n<meta name=\"twitter:card\" content=\"summary_large_image\" \/>\n<meta name=\"twitter:label1\" content=\"Est. reading time\" \/>\n\t<meta name=\"twitter:data1\" content=\"1 minute\" \/>\n<script type=\"application\/ld+json\" class=\"yoast-schema-graph\">{\"@context\":\"https:\/\/schema.org\",\"@graph\":[{\"@type\":\"WebPage\",\"@id\":\"https:\/\/sulin.ee\/en\/toode\/pupus-taskumahkmed-5-15-kg\/\",\"url\":\"https:\/\/sulin.ee\/en\/toode\/pupus-taskumahkmed-5-15-kg\/\",\"name\":\"Pupus taskum\u00e4hkmed 5-15 kg - sulin.ee\",\"isPartOf\":{\"@id\":\"https:\/\/sulin.ee\/en\/#website\"},\"primaryImageOfPage\":{\"@id\":\"https:\/\/sulin.ee\/en\/toode\/pupus-taskumahkmed-5-15-kg\/#primaryimage\"},\"image\":{\"@id\":\"https:\/\/sulin.ee\/en\/toode\/pupus-taskumahkmed-5-15-kg\/#primaryimage\"},\"thumbnailUrl\":\"https:\/\/sulin.ee\/wp-content\/uploads\/2022\/10\/Bugs-2-e1665481175782.jpg\",\"datePublished\":\"2022-10-11T09:13:47+00:00\",\"dateModified\":\"2025-10-01T18:35:50+00:00\",\"breadcrumb\":{\"@id\":\"https:\/\/sulin.ee\/en\/toode\/pupus-taskumahkmed-5-15-kg\/#breadcrumb\"},\"inLanguage\":\"en-US\",\"potentialAction\":[{\"@type\":\"ReadAction\",\"target\":[\"https:\/\/sulin.ee\/en\/toode\/pupus-taskumahkmed-5-15-kg\/\"]}]},{\"@type\":\"ImageObject\",\"inLanguage\":\"en-US\",\"@id\":\"https:\/\/sulin.ee\/en\/toode\/pupus-taskumahkmed-5-15-kg\/#primaryimage\",\"url\":\"https:\/\/sulin.ee\/wp-content\/uploads\/2022\/10\/Bugs-2-e1665481175782.jpg\",\"contentUrl\":\"https:\/\/sulin.ee\/wp-content\/uploads\/2022\/10\/Bugs-2-e1665481175782.jpg\",\"width\":580,\"height\":552},{\"@type\":\"BreadcrumbList\",\"@id\":\"https:\/\/sulin.ee\/en\/toode\/pupus-taskumahkmed-5-15-kg\/#breadcrumb\",\"itemListElement\":[{\"@type\":\"ListItem\",\"position\":1,\"name\":\"Home\",\"item\":\"https:\/\/sulin.ee\/en\/\"},{\"@type\":\"ListItem\",\"position\":2,\"name\":\"Sulin.ee e-pood\",\"item\":\"https:\/\/sulin.ee\/shop\/\"},{\"@type\":\"ListItem\",\"position\":3,\"name\":\"Pupus taskum\u00e4hkmed 5-15 kg\"}]},{\"@type\":\"WebSite\",\"@id\":\"https:\/\/sulin.ee\/en\/#website\",\"url\":\"https:\/\/sulin.ee\/en\/\",\"name\":\"sulin.ee\",\"description\":\"\",\"publisher\":{\"@id\":\"https:\/\/sulin.ee\/en\/#organization\"},\"potentialAction\":[{\"@type\":\"SearchAction\",\"target\":{\"@type\":\"EntryPoint\",\"urlTemplate\":\"https:\/\/sulin.ee\/en\/?s={search_term_string}\"},\"query-input\":{\"@type\":\"PropertyValueSpecification\",\"valueRequired\":true,\"valueName\":\"search_term_string\"}}],\"inLanguage\":\"en-US\"},{\"@type\":\"Organization\",\"@id\":\"https:\/\/sulin.ee\/en\/#organization\",\"name\":\"SULIN TRADE O\u00dc\",\"url\":\"https:\/\/sulin.ee\/en\/\",\"logo\":{\"@type\":\"ImageObject\",\"inLanguage\":\"en-US\",\"@id\":\"https:\/\/sulin.ee\/en\/#\/schema\/logo\/image\/\",\"url\":\"https:\/\/sulin.ee\/wp-content\/uploads\/2022\/11\/sulin-logo.png\",\"contentUrl\":\"https:\/\/sulin.ee\/wp-content\/uploads\/2022\/11\/sulin-logo.png\",\"width\":871,\"height\":321,\"caption\":\"SULIN TRADE O\u00dc\"},\"image\":{\"@id\":\"https:\/\/sulin.ee\/en\/#\/schema\/logo\/image\/\"},\"sameAs\":[\"https:\/\/www.facebook.com\/www.sulin.ee\/\",\"https:\/\/www.instagram.com\/sulintrade\/\"]}]}<\/script>\n<!-- \/ Yoast SEO plugin. -->","yoast_head_json":{"title":"Pupus taskum\u00e4hkmed 5-15 kg - sulin.ee","robots":{"index":"index","follow":"follow","max-snippet":"max-snippet:-1","max-image-preview":"max-image-preview:large","max-video-preview":"max-video-preview:-1"},"canonical":"https:\/\/sulin.ee\/en\/toode\/pupus-taskumahkmed-5-15-kg\/","og_locale":"en_US","og_type":"article","og_title":"Pupus taskum\u00e4hkmed 5-15 kg - sulin.ee","og_description":"Pupus taskum\u00e4he on valmistatud Poolas, pehmest PUL materjalist. Sobib kasutamiseks lastele kaaluga\u00a05- 15 kg.\u00a0M\u00e4hkmel on ees 3 rida trukke, mille abil on m\u00e4hkme suurust lihtne lapse keha j\u00e4rgi kohandada. M\u00e4hkme sees on mikrofliisist kuivahoidev kiht, mis on beebi naha vastas \u00f5rn ja m\u00f5nusalt pehme. Pehmed topelt kummid jalaosas aitavad \u00e4ra hoida lekkeid. NB! Taskum\u00e4he on [&hellip;]","og_url":"https:\/\/sulin.ee\/en\/toode\/pupus-taskumahkmed-5-15-kg\/","og_site_name":"sulin.ee","article_publisher":"https:\/\/www.facebook.com\/www.sulin.ee\/","article_modified_time":"2025-10-01T18:35:50+00:00","og_image":[{"width":580,"height":552,"url":"https:\/\/sulin.ee\/wp-content\/uploads\/2022\/10\/Bugs-2-e1665481175782.jpg","type":"image\/jpeg"}],"twitter_card":"summary_large_image","twitter_misc":{"Est. reading time":"1 minute"},"schema":{"@context":"https:\/\/schema.org","@graph":[{"@type":"WebPage","@id":"https:\/\/sulin.ee\/en\/toode\/pupus-taskumahkmed-5-15-kg\/","url":"https:\/\/sulin.ee\/en\/toode\/pupus-taskumahkmed-5-15-kg\/","name":"Pupus taskum\u00e4hkmed 5-15 kg - sulin.ee","isPartOf":{"@id":"https:\/\/sulin.ee\/en\/#website"},"primaryImageOfPage":{"@id":"https:\/\/sulin.ee\/en\/toode\/pupus-taskumahkmed-5-15-kg\/#primaryimage"},"image":{"@id":"https:\/\/sulin.ee\/en\/toode\/pupus-taskumahkmed-5-15-kg\/#primaryimage"},"thumbnailUrl":"https:\/\/sulin.ee\/wp-content\/uploads\/2022\/10\/Bugs-2-e1665481175782.jpg","datePublished":"2022-10-11T09:13:47+00:00","dateModified":"2025-10-01T18:35:50+00:00","breadcrumb":{"@id":"https:\/\/sulin.ee\/en\/toode\/pupus-taskumahkmed-5-15-kg\/#breadcrumb"},"inLanguage":"en-US","potentialAction":[{"@type":"ReadAction","target":["https:\/\/sulin.ee\/en\/toode\/pupus-taskumahkmed-5-15-kg\/"]}]},{"@type":"ImageObject","inLanguage":"en-US","@id":"https:\/\/sulin.ee\/en\/toode\/pupus-taskumahkmed-5-15-kg\/#primaryimage","url":"https:\/\/sulin.ee\/wp-content\/uploads\/2022\/10\/Bugs-2-e1665481175782.jpg","contentUrl":"https:\/\/sulin.ee\/wp-content\/uploads\/2022\/10\/Bugs-2-e1665481175782.jpg","width":580,"height":552},{"@type":"BreadcrumbList","@id":"https:\/\/sulin.ee\/en\/toode\/pupus-taskumahkmed-5-15-kg\/#breadcrumb","itemListElement":[{"@type":"ListItem","position":1,"name":"Home","item":"https:\/\/sulin.ee\/en\/"},{"@type":"ListItem","position":2,"name":"Sulin.ee e-pood","item":"https:\/\/sulin.ee\/shop\/"},{"@type":"ListItem","position":3,"name":"Pupus taskum\u00e4hkmed 5-15 kg"}]},{"@type":"WebSite","@id":"https:\/\/sulin.ee\/en\/#website","url":"https:\/\/sulin.ee\/en\/","name":"sulin.ee","description":"","publisher":{"@id":"https:\/\/sulin.ee\/en\/#organization"},"potentialAction":[{"@type":"SearchAction","target":{"@type":"EntryPoint","urlTemplate":"https:\/\/sulin.ee\/en\/?s={search_term_string}"},"query-input":{"@type":"PropertyValueSpecification","valueRequired":true,"valueName":"search_term_string"}}],"inLanguage":"en-US"},{"@type":"Organization","@id":"https:\/\/sulin.ee\/en\/#organization","name":"SULIN TRADE O\u00dc","url":"https:\/\/sulin.ee\/en\/","logo":{"@type":"ImageObject","inLanguage":"en-US","@id":"https:\/\/sulin.ee\/en\/#\/schema\/logo\/image\/","url":"https:\/\/sulin.ee\/wp-content\/uploads\/2022\/11\/sulin-logo.png","contentUrl":"https:\/\/sulin.ee\/wp-content\/uploads\/2022\/11\/sulin-logo.png","width":871,"height":321,"caption":"SULIN TRADE O\u00dc"},"image":{"@id":"https:\/\/sulin.ee\/en\/#\/schema\/logo\/image\/"},"sameAs":["https:\/\/www.facebook.com\/www.sulin.ee\/","https:\/\/www.instagram.com\/sulintrade\/"]}]}},"builder_content":"","_links":{"self":[{"href":"https:\/\/sulin.ee\/en\/wp-json\/wp\/v2\/product\/5378","targetHints":{"allow":["GET"]}}],"collection":[{"href":"https:\/\/sulin.ee\/en\/wp-json\/wp\/v2\/product"}],"about":[{"href":"https:\/\/sulin.ee\/en\/wp-json\/wp\/v2\/types\/product"}],"replies":[{"embeddable":true,"href":"https:\/\/sulin.ee\/en\/wp-json\/wp\/v2\/comments?post=5378"}],"wp:featuredmedia":[{"embeddable":true,"href":"https:\/\/sulin.ee\/en\/wp-json\/wp\/v2\/media\/5422"}],"wp:attachment":[{"href":"https:\/\/sulin.ee\/en\/wp-json\/wp\/v2\/media?parent=5378"}],"wp:term":[{"taxonomy":"product_brand","embeddable":true,"href":"https:\/\/sulin.ee\/en\/wp-json\/wp\/v2\/product_brand?post=5378"},{"taxonomy":"product_cat","embeddable":true,"href":"https:\/\/sulin.ee\/en\/wp-json\/wp\/v2\/product_cat?post=5378"},{"taxonomy":"product_tag","embeddable":true,"href":"https:\/\/sulin.ee\/en\/wp-json\/wp\/v2\/product_tag?post=5378"}],"curies":[{"name":"wp","href":"https:\/\/api.w.org\/{rel}","templated":true}]}}