{"id":523,"date":"2022-09-13T14:01:18","date_gmt":"2022-09-13T14:01:18","guid":{"rendered":"http:\/\/test.itson.ee\/sulin\/product\/naturaalne-plastiliin-heleroheline\/"},"modified":"2025-09-07T21:52:41","modified_gmt":"2025-09-07T21:52:41","slug":"naturaalne-plastiliin-heleroheline","status":"publish","type":"product","link":"https:\/\/sulin.ee\/en\/toode\/naturaalne-plastiliin-heleroheline\/","title":{"rendered":"Naturaalne plastiliin MICI &#8211; heleroheline"},"content":{"rendered":"<p id=\"tw-target-text\" class=\"tw-data-text tw-text-large tw-ta\" dir=\"ltr\" style=\"text-align: justify;\" data-placeholder=\"T\u00f5lge\"><strong><span class=\"Y2IQFc\" style=\"font-family: arial, helvetica, sans-serif; font-size: medium;\">Naturaalne plastiliin on suurep\u00e4rane valik neile, kes otsivad keskkonnas\u00f5bralikke ja mittetoksilisi alternatiive traditsioonilisele plastiliinile. <\/span><\/strong><\/p>\n<p class=\"tw-data-text tw-text-large tw-ta\" dir=\"ltr\" style=\"text-align: justify;\" data-placeholder=\"T\u00f5lge\"><span class=\"Y2IQFc\" style=\"font-family: arial, helvetica, sans-serif; font-size: medium;\"><a href=\"https:\/\/www.mici.lv\/\" target=\"_blank\" rel=\"noopener\">MICI<\/a> plastiliin on kerge vanilje l\u00f5hnaga ja h\u00e4sti voolitav voolimismass, mis sobib ideaalselt sensoorseteks m\u00e4ngudeks ning aitab samal ajal arendada peenmotoorikat. Plastiliini abil on v\u00f5imalik lapsele \u00f5petada v\u00e4rve, kujundeid ning m\u00e4ngida erinevaid rollim\u00e4nge.\u00a0<\/span><\/p>\n<p class=\"tw-data-text tw-text-large tw-ta\" dir=\"ltr\" style=\"text-align: justify;\" data-placeholder=\"T\u00f5lge\"><span class=\"Y2IQFc\" style=\"font-family: arial, helvetica, sans-serif; font-size: medium;\">Hoiusta plastiliini kinnises n\u00f5us, et see \u00e4ra ei kuivaks. Kui peaks juhtuma, et see j\u00e4\u00e4b \u00f5hu k\u00e4tte kuivama, saab selle niiskete k\u00e4tega voolides taas pehmeks muuta. Kindlasti \u00e4ra pane plastiliini vette!<\/span><\/p>\n<p class=\"tw-data-text tw-text-large tw-ta\" dir=\"ltr\" style=\"text-align: justify;\" data-placeholder=\"T\u00f5lge\"><span class=\"Y2IQFc\" style=\"font-family: arial, helvetica, sans-serif; font-size: medium;\">Kui juhtub vastupidi, et plastiliin on muutunud liiga vedelaks, lisage sellele lihtsalt natuke nisujahu. J\u00e4lgi, et plastiliin ei j\u00e4\u00e4ks p\u00e4ikese k\u00e4tte seisma.<\/span><\/p>\n<p class=\"tw-data-text tw-text-large tw-ta\" dir=\"ltr\" style=\"text-align: justify;\" data-placeholder=\"T\u00f5lge\"><span style=\"font-family: arial, helvetica, sans-serif; font-size: medium;\"><span class=\"Y2IQFc\"><strong>Koostis:\u00a0<\/strong><\/span>nisujahu, sool, vesi, taime\u00f5li, monokaaliumtartraat (stabilisaator, mida kasutatakse kondiitritoodetes), toiduv\u00e4rv ja vanilliin.\u00a0Valmistatud s\u00f6\u00f6davatest koostisosadest, kuid ei ole m\u00f5eldud s\u00f6\u00f6miseks!<\/span><\/p>\n<p class=\"tw-data-text tw-text-large tw-ta\" dir=\"ltr\" style=\"text-align: justify;\" data-placeholder=\"T\u00f5lge\"><span class=\"Y2IQFc\" style=\"font-family: arial, helvetica, sans-serif; font-size: medium;\"><strong>Kogus:<\/strong>\u00a0120 grammi.<\/span><\/p>\n<p class=\"tw-data-text tw-text-large tw-ta\" dir=\"ltr\" style=\"text-align: justify;\" data-placeholder=\"T\u00f5lge\"><span class=\"Y2IQFc\" style=\"font-family: arial, helvetica, sans-serif; font-size: medium;\">Valmistatud L\u00e4tis. Sobib alates 3+ vanuses lastele.\u00a0<\/span><\/p>\n<p dir=\"ltr\" data-placeholder=\"T\u00f5lge\">Vaata ka teisi MICI plastiliine ja vorme <a href=\"https:\/\/sulin.ee\/tootekategooria\/brandid\/mici\/\" target=\"_blank\" rel=\"noopener\">siit<\/a>.<\/p>\n","protected":false},"excerpt":{"rendered":"<p><strong><span class=\"Y2IQFc\" style=\"font-family: arial, helvetica, sans-serif; font-size: medium;\">MICI naturaalne plastiliin on kerge vanilje l\u00f5hnaga ja h\u00e4sti voolitav voolimismass, mis sobib ideaalselt sensoorseteks m\u00e4ngudeks ning aitab samal ajal arendada peenmotoorikat. Plastiliini abil on v\u00f5imalik lapsele \u00f5petada v\u00e4rve, kujundeid ning m\u00e4ngida erinevaid rollim\u00e4nge.\u00a0<\/span><\/strong><\/p>\n<p class=\"tw-data-text tw-text-large tw-ta\" dir=\"ltr\" style=\"text-align: justify;\" data-placeholder=\"T\u00f5lge\"><span class=\"Y2IQFc\" style=\"font-family: arial, helvetica, sans-serif; font-size: medium;\"><strong>Kogus:<\/strong>\u00a0120 grammi.<\/span><\/p>\n<p class=\"tw-data-text tw-text-large tw-ta\" dir=\"ltr\" style=\"text-align: justify;\" data-placeholder=\"T\u00f5lge\">Sobib kasutamiseks lastele alates kolmandast eluaastast.<\/p>\n","protected":false},"featured_media":11551,"comment_status":"open","ping_status":"closed","template":"","meta":[],"product_brand":[],"product_cat":[1162,1164,1165,1166,926,232],"product_tag":[],"class_list":{"0":"post-523","1":"product","2":"type-product","3":"status-publish","4":"has-post-thumbnail","6":"product_cat-kingituseks","7":"product_cat-1-3-aastat","8":"product_cat-3-5-aastat","9":"product_cat-6-8-aastat","10":"product_cat-voolimismassid","11":"product_cat-mici","12":"has-post-title","13":"has-post-date","14":"has-post-category","15":"has-post-tag","16":"has-post-comment","17":"has-post-author","18":"","20":"first","21":"outofstock","22":"sale","23":"taxable","24":"shipping-taxable","25":"purchasable","26":"product-type-simple"},"yoast_head":"<!-- This site is optimized with the Yoast SEO plugin v26.8 - https:\/\/yoast.com\/product\/yoast-seo-wordpress\/ -->\n<title>Naturaalne plastiliin MICI - heleroheline - sulin.ee<\/title>\n<meta name=\"description\" content=\"Naturaalne plastiliin on kerge vanilje l\u00f5hnaga, h\u00e4sti voolitav voolimismass, mis sobib ideaalselt sensoorseteks m\u00e4ngudeks ja aitab arendada peenmotoorikat.\" \/>\n<meta name=\"robots\" content=\"index, follow, max-snippet:-1, max-image-preview:large, max-video-preview:-1\" \/>\n<link rel=\"canonical\" href=\"https:\/\/sulin.ee\/en\/toode\/naturaalne-plastiliin-heleroheline\/\" \/>\n<meta property=\"og:locale\" content=\"en_US\" \/>\n<meta property=\"og:type\" content=\"article\" \/>\n<meta property=\"og:title\" content=\"Naturaalne plastiliin MICI - heleroheline - sulin.ee\" \/>\n<meta property=\"og:description\" content=\"Naturaalne plastiliin on kerge vanilje l\u00f5hnaga, h\u00e4sti voolitav voolimismass, mis sobib ideaalselt sensoorseteks m\u00e4ngudeks ja aitab arendada peenmotoorikat.\" \/>\n<meta property=\"og:url\" content=\"https:\/\/sulin.ee\/en\/toode\/naturaalne-plastiliin-heleroheline\/\" \/>\n<meta property=\"og:site_name\" content=\"sulin.ee\" \/>\n<meta property=\"article:publisher\" content=\"https:\/\/www.facebook.com\/www.sulin.ee\/\" \/>\n<meta property=\"article:modified_time\" content=\"2025-09-07T21:52:41+00:00\" \/>\n<meta property=\"og:image\" content=\"https:\/\/sulin.ee\/wp-content\/uploads\/2022\/09\/heleroheline.jpg\" \/>\n\t<meta property=\"og:image:width\" content=\"600\" \/>\n\t<meta property=\"og:image:height\" content=\"900\" \/>\n\t<meta property=\"og:image:type\" content=\"image\/jpeg\" \/>\n<meta name=\"twitter:card\" content=\"summary_large_image\" \/>\n<meta name=\"twitter:label1\" content=\"Est. reading time\" \/>\n\t<meta name=\"twitter:data1\" content=\"1 minute\" \/>\n<script type=\"application\/ld+json\" class=\"yoast-schema-graph\">{\"@context\":\"https:\/\/schema.org\",\"@graph\":[{\"@type\":\"WebPage\",\"@id\":\"https:\/\/sulin.ee\/en\/toode\/naturaalne-plastiliin-heleroheline\/\",\"url\":\"https:\/\/sulin.ee\/en\/toode\/naturaalne-plastiliin-heleroheline\/\",\"name\":\"Naturaalne plastiliin MICI - heleroheline - sulin.ee\",\"isPartOf\":{\"@id\":\"https:\/\/sulin.ee\/en\/#website\"},\"primaryImageOfPage\":{\"@id\":\"https:\/\/sulin.ee\/en\/toode\/naturaalne-plastiliin-heleroheline\/#primaryimage\"},\"image\":{\"@id\":\"https:\/\/sulin.ee\/en\/toode\/naturaalne-plastiliin-heleroheline\/#primaryimage\"},\"thumbnailUrl\":\"https:\/\/sulin.ee\/wp-content\/uploads\/2022\/09\/heleroheline.jpg\",\"datePublished\":\"2022-09-13T14:01:18+00:00\",\"dateModified\":\"2025-09-07T21:52:41+00:00\",\"description\":\"Naturaalne plastiliin on kerge vanilje l\u00f5hnaga, h\u00e4sti voolitav voolimismass, mis sobib ideaalselt sensoorseteks m\u00e4ngudeks ja aitab arendada peenmotoorikat.\",\"breadcrumb\":{\"@id\":\"https:\/\/sulin.ee\/en\/toode\/naturaalne-plastiliin-heleroheline\/#breadcrumb\"},\"inLanguage\":\"en-US\",\"potentialAction\":[{\"@type\":\"ReadAction\",\"target\":[\"https:\/\/sulin.ee\/en\/toode\/naturaalne-plastiliin-heleroheline\/\"]}]},{\"@type\":\"ImageObject\",\"inLanguage\":\"en-US\",\"@id\":\"https:\/\/sulin.ee\/en\/toode\/naturaalne-plastiliin-heleroheline\/#primaryimage\",\"url\":\"https:\/\/sulin.ee\/wp-content\/uploads\/2022\/09\/heleroheline.jpg\",\"contentUrl\":\"https:\/\/sulin.ee\/wp-content\/uploads\/2022\/09\/heleroheline.jpg\",\"width\":600,\"height\":900,\"caption\":\"Naturaalne plastiliin\"},{\"@type\":\"BreadcrumbList\",\"@id\":\"https:\/\/sulin.ee\/en\/toode\/naturaalne-plastiliin-heleroheline\/#breadcrumb\",\"itemListElement\":[{\"@type\":\"ListItem\",\"position\":1,\"name\":\"Home\",\"item\":\"https:\/\/sulin.ee\/en\/\"},{\"@type\":\"ListItem\",\"position\":2,\"name\":\"Sulin.ee e-pood\",\"item\":\"https:\/\/sulin.ee\/shop\/\"},{\"@type\":\"ListItem\",\"position\":3,\"name\":\"Naturaalne plastiliin MICI &#8211; heleroheline\"}]},{\"@type\":\"WebSite\",\"@id\":\"https:\/\/sulin.ee\/en\/#website\",\"url\":\"https:\/\/sulin.ee\/en\/\",\"name\":\"sulin.ee\",\"description\":\"\",\"publisher\":{\"@id\":\"https:\/\/sulin.ee\/en\/#organization\"},\"potentialAction\":[{\"@type\":\"SearchAction\",\"target\":{\"@type\":\"EntryPoint\",\"urlTemplate\":\"https:\/\/sulin.ee\/en\/?s={search_term_string}\"},\"query-input\":{\"@type\":\"PropertyValueSpecification\",\"valueRequired\":true,\"valueName\":\"search_term_string\"}}],\"inLanguage\":\"en-US\"},{\"@type\":\"Organization\",\"@id\":\"https:\/\/sulin.ee\/en\/#organization\",\"name\":\"SULIN TRADE O\u00dc\",\"url\":\"https:\/\/sulin.ee\/en\/\",\"logo\":{\"@type\":\"ImageObject\",\"inLanguage\":\"en-US\",\"@id\":\"https:\/\/sulin.ee\/en\/#\/schema\/logo\/image\/\",\"url\":\"https:\/\/sulin.ee\/wp-content\/uploads\/2022\/11\/sulin-logo.png\",\"contentUrl\":\"https:\/\/sulin.ee\/wp-content\/uploads\/2022\/11\/sulin-logo.png\",\"width\":871,\"height\":321,\"caption\":\"SULIN TRADE O\u00dc\"},\"image\":{\"@id\":\"https:\/\/sulin.ee\/en\/#\/schema\/logo\/image\/\"},\"sameAs\":[\"https:\/\/www.facebook.com\/www.sulin.ee\/\",\"https:\/\/www.instagram.com\/sulintrade\/\"]}]}<\/script>\n<!-- \/ Yoast SEO plugin. -->","yoast_head_json":{"title":"Naturaalne plastiliin MICI - heleroheline - sulin.ee","description":"Naturaalne plastiliin on kerge vanilje l\u00f5hnaga, h\u00e4sti voolitav voolimismass, mis sobib ideaalselt sensoorseteks m\u00e4ngudeks ja aitab arendada peenmotoorikat.","robots":{"index":"index","follow":"follow","max-snippet":"max-snippet:-1","max-image-preview":"max-image-preview:large","max-video-preview":"max-video-preview:-1"},"canonical":"https:\/\/sulin.ee\/en\/toode\/naturaalne-plastiliin-heleroheline\/","og_locale":"en_US","og_type":"article","og_title":"Naturaalne plastiliin MICI - heleroheline - sulin.ee","og_description":"Naturaalne plastiliin on kerge vanilje l\u00f5hnaga, h\u00e4sti voolitav voolimismass, mis sobib ideaalselt sensoorseteks m\u00e4ngudeks ja aitab arendada peenmotoorikat.","og_url":"https:\/\/sulin.ee\/en\/toode\/naturaalne-plastiliin-heleroheline\/","og_site_name":"sulin.ee","article_publisher":"https:\/\/www.facebook.com\/www.sulin.ee\/","article_modified_time":"2025-09-07T21:52:41+00:00","og_image":[{"width":600,"height":900,"url":"https:\/\/sulin.ee\/wp-content\/uploads\/2022\/09\/heleroheline.jpg","type":"image\/jpeg"}],"twitter_card":"summary_large_image","twitter_misc":{"Est. reading time":"1 minute"},"schema":{"@context":"https:\/\/schema.org","@graph":[{"@type":"WebPage","@id":"https:\/\/sulin.ee\/en\/toode\/naturaalne-plastiliin-heleroheline\/","url":"https:\/\/sulin.ee\/en\/toode\/naturaalne-plastiliin-heleroheline\/","name":"Naturaalne plastiliin MICI - heleroheline - sulin.ee","isPartOf":{"@id":"https:\/\/sulin.ee\/en\/#website"},"primaryImageOfPage":{"@id":"https:\/\/sulin.ee\/en\/toode\/naturaalne-plastiliin-heleroheline\/#primaryimage"},"image":{"@id":"https:\/\/sulin.ee\/en\/toode\/naturaalne-plastiliin-heleroheline\/#primaryimage"},"thumbnailUrl":"https:\/\/sulin.ee\/wp-content\/uploads\/2022\/09\/heleroheline.jpg","datePublished":"2022-09-13T14:01:18+00:00","dateModified":"2025-09-07T21:52:41+00:00","description":"Naturaalne plastiliin on kerge vanilje l\u00f5hnaga, h\u00e4sti voolitav voolimismass, mis sobib ideaalselt sensoorseteks m\u00e4ngudeks ja aitab arendada peenmotoorikat.","breadcrumb":{"@id":"https:\/\/sulin.ee\/en\/toode\/naturaalne-plastiliin-heleroheline\/#breadcrumb"},"inLanguage":"en-US","potentialAction":[{"@type":"ReadAction","target":["https:\/\/sulin.ee\/en\/toode\/naturaalne-plastiliin-heleroheline\/"]}]},{"@type":"ImageObject","inLanguage":"en-US","@id":"https:\/\/sulin.ee\/en\/toode\/naturaalne-plastiliin-heleroheline\/#primaryimage","url":"https:\/\/sulin.ee\/wp-content\/uploads\/2022\/09\/heleroheline.jpg","contentUrl":"https:\/\/sulin.ee\/wp-content\/uploads\/2022\/09\/heleroheline.jpg","width":600,"height":900,"caption":"Naturaalne plastiliin"},{"@type":"BreadcrumbList","@id":"https:\/\/sulin.ee\/en\/toode\/naturaalne-plastiliin-heleroheline\/#breadcrumb","itemListElement":[{"@type":"ListItem","position":1,"name":"Home","item":"https:\/\/sulin.ee\/en\/"},{"@type":"ListItem","position":2,"name":"Sulin.ee e-pood","item":"https:\/\/sulin.ee\/shop\/"},{"@type":"ListItem","position":3,"name":"Naturaalne plastiliin MICI &#8211; heleroheline"}]},{"@type":"WebSite","@id":"https:\/\/sulin.ee\/en\/#website","url":"https:\/\/sulin.ee\/en\/","name":"sulin.ee","description":"","publisher":{"@id":"https:\/\/sulin.ee\/en\/#organization"},"potentialAction":[{"@type":"SearchAction","target":{"@type":"EntryPoint","urlTemplate":"https:\/\/sulin.ee\/en\/?s={search_term_string}"},"query-input":{"@type":"PropertyValueSpecification","valueRequired":true,"valueName":"search_term_string"}}],"inLanguage":"en-US"},{"@type":"Organization","@id":"https:\/\/sulin.ee\/en\/#organization","name":"SULIN TRADE O\u00dc","url":"https:\/\/sulin.ee\/en\/","logo":{"@type":"ImageObject","inLanguage":"en-US","@id":"https:\/\/sulin.ee\/en\/#\/schema\/logo\/image\/","url":"https:\/\/sulin.ee\/wp-content\/uploads\/2022\/11\/sulin-logo.png","contentUrl":"https:\/\/sulin.ee\/wp-content\/uploads\/2022\/11\/sulin-logo.png","width":871,"height":321,"caption":"SULIN TRADE O\u00dc"},"image":{"@id":"https:\/\/sulin.ee\/en\/#\/schema\/logo\/image\/"},"sameAs":["https:\/\/www.facebook.com\/www.sulin.ee\/","https:\/\/www.instagram.com\/sulintrade\/"]}]}},"builder_content":"","_links":{"self":[{"href":"https:\/\/sulin.ee\/en\/wp-json\/wp\/v2\/product\/523","targetHints":{"allow":["GET"]}}],"collection":[{"href":"https:\/\/sulin.ee\/en\/wp-json\/wp\/v2\/product"}],"about":[{"href":"https:\/\/sulin.ee\/en\/wp-json\/wp\/v2\/types\/product"}],"replies":[{"embeddable":true,"href":"https:\/\/sulin.ee\/en\/wp-json\/wp\/v2\/comments?post=523"}],"wp:featuredmedia":[{"embeddable":true,"href":"https:\/\/sulin.ee\/en\/wp-json\/wp\/v2\/media\/11551"}],"wp:attachment":[{"href":"https:\/\/sulin.ee\/en\/wp-json\/wp\/v2\/media?parent=523"}],"wp:term":[{"taxonomy":"product_brand","embeddable":true,"href":"https:\/\/sulin.ee\/en\/wp-json\/wp\/v2\/product_brand?post=523"},{"taxonomy":"product_cat","embeddable":true,"href":"https:\/\/sulin.ee\/en\/wp-json\/wp\/v2\/product_cat?post=523"},{"taxonomy":"product_tag","embeddable":true,"href":"https:\/\/sulin.ee\/en\/wp-json\/wp\/v2\/product_tag?post=523"}],"curies":[{"name":"wp","href":"https:\/\/api.w.org\/{rel}","templated":true}]}}