{"id":5038,"date":"2022-10-10T09:41:00","date_gmt":"2022-10-10T09:41:00","guid":{"rendered":"http:\/\/test.itson.ee\/sulin\/?post_type=product&#038;p=5038"},"modified":"2026-01-21T10:47:34","modified_gmt":"2026-01-21T10:47:34","slug":"littlelamb-mahkmekatted-mustritega","status":"publish","type":"product","link":"https:\/\/sulin.ee\/en\/toode\/littlelamb-mahkmekatted-mustritega\/","title":{"rendered":"LittleLamb m\u00e4hkmekatted mustritega"},"content":{"rendered":"<p><strong>LittleLamb veekindel m\u00e4hkmekate on tehtud elastest ja pehmest \u00f5hul\u00e4bilaskvast PUL kangast, mis kaitseb lekete eest.<\/strong> Kr\u00f5pskinnitusega kate on loodud kasutamiseks LittleLamb vormi\u00f5mmeldud sisem\u00e4hkme peal, kuid sobib ka kasutamiseks teiste tootjate sisem\u00e4hkmete katteks. Saadaval kahes suuruses.<\/p>\n<p><b>Suurused:<\/b><\/p>\n<ul>\n<li>1 \u2013 3-9 kg<\/li>\n<li>2 \u2013 9-17 kg<\/li>\n<\/ul>\n","protected":false},"excerpt":{"rendered":"<p>LittleLamb veekindel m\u00e4hkmekate on tehtud elastest ja pehmest \u00f5hul\u00e4bilaskvast PUL kangast, mis kaitseb lekete eest. Kr\u00f5pskinnitusega kate on loodud kasutamiseks LittleLamb vormi\u00f5mmeldud sisem\u00e4hkme peal, kuid sobib ka kasutamiseks teiste tootjate sisem\u00e4hkmete katteks. Saadaval kahes suuruses. Suurused: 1 \u2013 3-9 kg 2 \u2013 9-17 kg<\/p>\n","protected":false},"featured_media":5083,"comment_status":"open","ping_status":"closed","template":"","meta":[],"product_brand":[],"product_cat":[612,412],"product_tag":[413],"class_list":{"0":"post-5038","1":"product","2":"type-product","3":"status-publish","4":"has-post-thumbnail","6":"product_cat-uhes-suuruses-katted","7":"product_cat-littlelamb","8":"product_tag-littlelamb","9":"has-post-title","10":"has-post-date","11":"has-post-category","12":"has-post-tag","13":"has-post-comment","14":"has-post-author","15":"","17":"first","18":"instock","19":"sale","20":"taxable","21":"shipping-taxable","22":"purchasable","23":"product-type-variable"},"yoast_head":"<!-- This site is optimized with the Yoast SEO plugin v26.8 - https:\/\/yoast.com\/product\/yoast-seo-wordpress\/ -->\n<title>LittleLamb m\u00e4hkmekatted mustritega - sulin.ee<\/title>\n<meta name=\"robots\" content=\"index, follow, max-snippet:-1, max-image-preview:large, max-video-preview:-1\" \/>\n<link rel=\"canonical\" href=\"https:\/\/sulin.ee\/en\/toode\/littlelamb-mahkmekatted-mustritega\/\" \/>\n<meta property=\"og:locale\" content=\"en_US\" \/>\n<meta property=\"og:type\" content=\"article\" \/>\n<meta property=\"og:title\" content=\"LittleLamb m\u00e4hkmekatted mustritega - sulin.ee\" \/>\n<meta property=\"og:description\" content=\"LittleLamb veekindel m\u00e4hkmekate on tehtud elastest ja pehmest \u00f5hul\u00e4bilaskvast PUL kangast, mis kaitseb lekete eest. Kr\u00f5pskinnitusega kate on loodud kasutamiseks LittleLamb vormi\u00f5mmeldud sisem\u00e4hkme peal, kuid sobib ka kasutamiseks teiste tootjate sisem\u00e4hkmete katteks. Saadaval kahes suuruses. Suurused: 1 \u2013 3-9 kg 2 \u2013 9-17 kg\" \/>\n<meta property=\"og:url\" content=\"https:\/\/sulin.ee\/en\/toode\/littlelamb-mahkmekatted-mustritega\/\" \/>\n<meta property=\"og:site_name\" content=\"sulin.ee\" \/>\n<meta property=\"article:publisher\" content=\"https:\/\/www.facebook.com\/www.sulin.ee\/\" \/>\n<meta property=\"article:modified_time\" content=\"2026-01-21T10:47:34+00:00\" \/>\n<meta property=\"og:image\" content=\"https:\/\/sulin.ee\/wp-content\/uploads\/2022\/10\/Wraps-Insects-5pack_823x.webp\" \/>\n\t<meta property=\"og:image:width\" content=\"823\" \/>\n\t<meta property=\"og:image:height\" content=\"823\" \/>\n\t<meta property=\"og:image:type\" content=\"image\/webp\" \/>\n<meta name=\"twitter:card\" content=\"summary_large_image\" \/>\n<meta name=\"twitter:label1\" content=\"Est. reading time\" \/>\n\t<meta name=\"twitter:data1\" content=\"1 minute\" \/>\n<script type=\"application\/ld+json\" class=\"yoast-schema-graph\">{\"@context\":\"https:\/\/schema.org\",\"@graph\":[{\"@type\":\"WebPage\",\"@id\":\"https:\/\/sulin.ee\/en\/toode\/littlelamb-mahkmekatted-mustritega\/\",\"url\":\"https:\/\/sulin.ee\/en\/toode\/littlelamb-mahkmekatted-mustritega\/\",\"name\":\"LittleLamb m\u00e4hkmekatted mustritega - sulin.ee\",\"isPartOf\":{\"@id\":\"https:\/\/sulin.ee\/en\/#website\"},\"primaryImageOfPage\":{\"@id\":\"https:\/\/sulin.ee\/en\/toode\/littlelamb-mahkmekatted-mustritega\/#primaryimage\"},\"image\":{\"@id\":\"https:\/\/sulin.ee\/en\/toode\/littlelamb-mahkmekatted-mustritega\/#primaryimage\"},\"thumbnailUrl\":\"https:\/\/sulin.ee\/wp-content\/uploads\/2022\/10\/Wraps-Insects-5pack_823x.webp\",\"datePublished\":\"2022-10-10T09:41:00+00:00\",\"dateModified\":\"2026-01-21T10:47:34+00:00\",\"breadcrumb\":{\"@id\":\"https:\/\/sulin.ee\/en\/toode\/littlelamb-mahkmekatted-mustritega\/#breadcrumb\"},\"inLanguage\":\"en-US\",\"potentialAction\":[{\"@type\":\"ReadAction\",\"target\":[\"https:\/\/sulin.ee\/en\/toode\/littlelamb-mahkmekatted-mustritega\/\"]}]},{\"@type\":\"ImageObject\",\"inLanguage\":\"en-US\",\"@id\":\"https:\/\/sulin.ee\/en\/toode\/littlelamb-mahkmekatted-mustritega\/#primaryimage\",\"url\":\"https:\/\/sulin.ee\/wp-content\/uploads\/2022\/10\/Wraps-Insects-5pack_823x.webp\",\"contentUrl\":\"https:\/\/sulin.ee\/wp-content\/uploads\/2022\/10\/Wraps-Insects-5pack_823x.webp\",\"width\":823,\"height\":823},{\"@type\":\"BreadcrumbList\",\"@id\":\"https:\/\/sulin.ee\/en\/toode\/littlelamb-mahkmekatted-mustritega\/#breadcrumb\",\"itemListElement\":[{\"@type\":\"ListItem\",\"position\":1,\"name\":\"Home\",\"item\":\"https:\/\/sulin.ee\/en\/\"},{\"@type\":\"ListItem\",\"position\":2,\"name\":\"Sulin.ee e-pood\",\"item\":\"https:\/\/sulin.ee\/shop\/\"},{\"@type\":\"ListItem\",\"position\":3,\"name\":\"LittleLamb m\u00e4hkmekatted mustritega\"}]},{\"@type\":\"WebSite\",\"@id\":\"https:\/\/sulin.ee\/en\/#website\",\"url\":\"https:\/\/sulin.ee\/en\/\",\"name\":\"sulin.ee\",\"description\":\"\",\"publisher\":{\"@id\":\"https:\/\/sulin.ee\/en\/#organization\"},\"potentialAction\":[{\"@type\":\"SearchAction\",\"target\":{\"@type\":\"EntryPoint\",\"urlTemplate\":\"https:\/\/sulin.ee\/en\/?s={search_term_string}\"},\"query-input\":{\"@type\":\"PropertyValueSpecification\",\"valueRequired\":true,\"valueName\":\"search_term_string\"}}],\"inLanguage\":\"en-US\"},{\"@type\":\"Organization\",\"@id\":\"https:\/\/sulin.ee\/en\/#organization\",\"name\":\"SULIN TRADE O\u00dc\",\"url\":\"https:\/\/sulin.ee\/en\/\",\"logo\":{\"@type\":\"ImageObject\",\"inLanguage\":\"en-US\",\"@id\":\"https:\/\/sulin.ee\/en\/#\/schema\/logo\/image\/\",\"url\":\"https:\/\/sulin.ee\/wp-content\/uploads\/2022\/11\/sulin-logo.png\",\"contentUrl\":\"https:\/\/sulin.ee\/wp-content\/uploads\/2022\/11\/sulin-logo.png\",\"width\":871,\"height\":321,\"caption\":\"SULIN TRADE O\u00dc\"},\"image\":{\"@id\":\"https:\/\/sulin.ee\/en\/#\/schema\/logo\/image\/\"},\"sameAs\":[\"https:\/\/www.facebook.com\/www.sulin.ee\/\",\"https:\/\/www.instagram.com\/sulintrade\/\"]}]}<\/script>\n<!-- \/ Yoast SEO plugin. -->","yoast_head_json":{"title":"LittleLamb m\u00e4hkmekatted mustritega - sulin.ee","robots":{"index":"index","follow":"follow","max-snippet":"max-snippet:-1","max-image-preview":"max-image-preview:large","max-video-preview":"max-video-preview:-1"},"canonical":"https:\/\/sulin.ee\/en\/toode\/littlelamb-mahkmekatted-mustritega\/","og_locale":"en_US","og_type":"article","og_title":"LittleLamb m\u00e4hkmekatted mustritega - sulin.ee","og_description":"LittleLamb veekindel m\u00e4hkmekate on tehtud elastest ja pehmest \u00f5hul\u00e4bilaskvast PUL kangast, mis kaitseb lekete eest. Kr\u00f5pskinnitusega kate on loodud kasutamiseks LittleLamb vormi\u00f5mmeldud sisem\u00e4hkme peal, kuid sobib ka kasutamiseks teiste tootjate sisem\u00e4hkmete katteks. Saadaval kahes suuruses. Suurused: 1 \u2013 3-9 kg 2 \u2013 9-17 kg","og_url":"https:\/\/sulin.ee\/en\/toode\/littlelamb-mahkmekatted-mustritega\/","og_site_name":"sulin.ee","article_publisher":"https:\/\/www.facebook.com\/www.sulin.ee\/","article_modified_time":"2026-01-21T10:47:34+00:00","og_image":[{"width":823,"height":823,"url":"https:\/\/sulin.ee\/wp-content\/uploads\/2022\/10\/Wraps-Insects-5pack_823x.webp","type":"image\/webp"}],"twitter_card":"summary_large_image","twitter_misc":{"Est. reading time":"1 minute"},"schema":{"@context":"https:\/\/schema.org","@graph":[{"@type":"WebPage","@id":"https:\/\/sulin.ee\/en\/toode\/littlelamb-mahkmekatted-mustritega\/","url":"https:\/\/sulin.ee\/en\/toode\/littlelamb-mahkmekatted-mustritega\/","name":"LittleLamb m\u00e4hkmekatted mustritega - sulin.ee","isPartOf":{"@id":"https:\/\/sulin.ee\/en\/#website"},"primaryImageOfPage":{"@id":"https:\/\/sulin.ee\/en\/toode\/littlelamb-mahkmekatted-mustritega\/#primaryimage"},"image":{"@id":"https:\/\/sulin.ee\/en\/toode\/littlelamb-mahkmekatted-mustritega\/#primaryimage"},"thumbnailUrl":"https:\/\/sulin.ee\/wp-content\/uploads\/2022\/10\/Wraps-Insects-5pack_823x.webp","datePublished":"2022-10-10T09:41:00+00:00","dateModified":"2026-01-21T10:47:34+00:00","breadcrumb":{"@id":"https:\/\/sulin.ee\/en\/toode\/littlelamb-mahkmekatted-mustritega\/#breadcrumb"},"inLanguage":"en-US","potentialAction":[{"@type":"ReadAction","target":["https:\/\/sulin.ee\/en\/toode\/littlelamb-mahkmekatted-mustritega\/"]}]},{"@type":"ImageObject","inLanguage":"en-US","@id":"https:\/\/sulin.ee\/en\/toode\/littlelamb-mahkmekatted-mustritega\/#primaryimage","url":"https:\/\/sulin.ee\/wp-content\/uploads\/2022\/10\/Wraps-Insects-5pack_823x.webp","contentUrl":"https:\/\/sulin.ee\/wp-content\/uploads\/2022\/10\/Wraps-Insects-5pack_823x.webp","width":823,"height":823},{"@type":"BreadcrumbList","@id":"https:\/\/sulin.ee\/en\/toode\/littlelamb-mahkmekatted-mustritega\/#breadcrumb","itemListElement":[{"@type":"ListItem","position":1,"name":"Home","item":"https:\/\/sulin.ee\/en\/"},{"@type":"ListItem","position":2,"name":"Sulin.ee e-pood","item":"https:\/\/sulin.ee\/shop\/"},{"@type":"ListItem","position":3,"name":"LittleLamb m\u00e4hkmekatted mustritega"}]},{"@type":"WebSite","@id":"https:\/\/sulin.ee\/en\/#website","url":"https:\/\/sulin.ee\/en\/","name":"sulin.ee","description":"","publisher":{"@id":"https:\/\/sulin.ee\/en\/#organization"},"potentialAction":[{"@type":"SearchAction","target":{"@type":"EntryPoint","urlTemplate":"https:\/\/sulin.ee\/en\/?s={search_term_string}"},"query-input":{"@type":"PropertyValueSpecification","valueRequired":true,"valueName":"search_term_string"}}],"inLanguage":"en-US"},{"@type":"Organization","@id":"https:\/\/sulin.ee\/en\/#organization","name":"SULIN TRADE O\u00dc","url":"https:\/\/sulin.ee\/en\/","logo":{"@type":"ImageObject","inLanguage":"en-US","@id":"https:\/\/sulin.ee\/en\/#\/schema\/logo\/image\/","url":"https:\/\/sulin.ee\/wp-content\/uploads\/2022\/11\/sulin-logo.png","contentUrl":"https:\/\/sulin.ee\/wp-content\/uploads\/2022\/11\/sulin-logo.png","width":871,"height":321,"caption":"SULIN TRADE O\u00dc"},"image":{"@id":"https:\/\/sulin.ee\/en\/#\/schema\/logo\/image\/"},"sameAs":["https:\/\/www.facebook.com\/www.sulin.ee\/","https:\/\/www.instagram.com\/sulintrade\/"]}]}},"builder_content":"","_links":{"self":[{"href":"https:\/\/sulin.ee\/en\/wp-json\/wp\/v2\/product\/5038","targetHints":{"allow":["GET"]}}],"collection":[{"href":"https:\/\/sulin.ee\/en\/wp-json\/wp\/v2\/product"}],"about":[{"href":"https:\/\/sulin.ee\/en\/wp-json\/wp\/v2\/types\/product"}],"replies":[{"embeddable":true,"href":"https:\/\/sulin.ee\/en\/wp-json\/wp\/v2\/comments?post=5038"}],"wp:featuredmedia":[{"embeddable":true,"href":"https:\/\/sulin.ee\/en\/wp-json\/wp\/v2\/media\/5083"}],"wp:attachment":[{"href":"https:\/\/sulin.ee\/en\/wp-json\/wp\/v2\/media?parent=5038"}],"wp:term":[{"taxonomy":"product_brand","embeddable":true,"href":"https:\/\/sulin.ee\/en\/wp-json\/wp\/v2\/product_brand?post=5038"},{"taxonomy":"product_cat","embeddable":true,"href":"https:\/\/sulin.ee\/en\/wp-json\/wp\/v2\/product_cat?post=5038"},{"taxonomy":"product_tag","embeddable":true,"href":"https:\/\/sulin.ee\/en\/wp-json\/wp\/v2\/product_tag?post=5038"}],"curies":[{"name":"wp","href":"https:\/\/api.w.org\/{rel}","templated":true}]}}