{"id":4969,"date":"2022-10-10T09:00:12","date_gmt":"2022-10-10T09:00:12","guid":{"rendered":"http:\/\/test.itson.ee\/sulin\/?post_type=product&#038;p=4969"},"modified":"2026-01-29T12:35:53","modified_gmt":"2026-01-29T12:35:53","slug":"littlelamb-uhes-suuruses-taskumahkmed-mustritega","status":"publish","type":"product","link":"https:\/\/sulin.ee\/en\/toode\/littlelamb-uhes-suuruses-taskumahkmed-mustritega\/","title":{"rendered":"LittleLamb \u00fches suuruses taskum\u00e4hkmed mustritega"},"content":{"rendered":"<p><strong>LittleLamb \u00fches suuruses taskum\u00e4he sobib kasutamiseks s\u00fcnnist kuni m\u00e4hkmeea l\u00f5puni\u00a0(4,5-14 kg).<\/strong><\/p>\n<p>M\u00e4hkme v\u00e4limine veekindel kiht on tehtud elastsest PUL kangast. Pehme mikrofliisist sisepind juhib vedeliku kiiresti m\u00e4hkme sisudesse ning hoiab lapse naha kuivana. Ees asetsevate trukkide abil saab m\u00e4hkme suurust muuta vastavalt lapse kasvule ning tagaosas paikneva ava kaudu on m\u00e4hkmesse lihtne sisusid lisada.<\/p>\n<p><strong>M\u00e4hkmega on kaasas kaks bambusest sisu. Suurema imavuse tagamiseks kasutada m\u00f5lemat sisu korraga.<\/strong><\/p>\n","protected":false},"excerpt":{"rendered":"<p>LittleLamb<\/p>\n","protected":false},"featured_media":4970,"comment_status":"open","ping_status":"closed","template":"","meta":[],"product_brand":[],"product_cat":[449,412],"product_tag":[413],"class_list":{"0":"post-4969","1":"product","2":"type-product","3":"status-publish","4":"has-post-thumbnail","6":"product_cat-taskumahkmed","7":"product_cat-littlelamb","8":"product_tag-littlelamb","9":"has-post-title","10":"has-post-date","11":"has-post-category","12":"has-post-tag","13":"has-post-comment","14":"has-post-author","15":"","17":"first","18":"outofstock","19":"taxable","20":"shipping-taxable","21":"product-type-variable"},"yoast_head":"<!-- This site is optimized with the Yoast SEO plugin v26.8 - https:\/\/yoast.com\/product\/yoast-seo-wordpress\/ -->\n<title>LittleLamb \u00fches suuruses taskum\u00e4hkmed mustritega - sulin.ee<\/title>\n<meta name=\"robots\" content=\"index, follow, max-snippet:-1, max-image-preview:large, max-video-preview:-1\" \/>\n<link rel=\"canonical\" href=\"https:\/\/sulin.ee\/en\/toode\/littlelamb-uhes-suuruses-taskumahkmed-mustritega\/\" \/>\n<meta property=\"og:locale\" content=\"en_US\" \/>\n<meta property=\"og:type\" content=\"article\" \/>\n<meta property=\"og:title\" content=\"LittleLamb \u00fches suuruses taskum\u00e4hkmed mustritega - sulin.ee\" \/>\n<meta property=\"og:description\" content=\"LittleLamb\" \/>\n<meta property=\"og:url\" content=\"https:\/\/sulin.ee\/en\/toode\/littlelamb-uhes-suuruses-taskumahkmed-mustritega\/\" \/>\n<meta property=\"og:site_name\" content=\"sulin.ee\" \/>\n<meta property=\"article:publisher\" content=\"https:\/\/www.facebook.com\/www.sulin.ee\/\" \/>\n<meta property=\"article:modified_time\" content=\"2026-01-29T12:35:53+00:00\" \/>\n<meta property=\"og:image\" content=\"https:\/\/sulin.ee\/wp-content\/uploads\/2022\/10\/Insects-5pack_823x.webp\" \/>\n\t<meta property=\"og:image:width\" content=\"823\" \/>\n\t<meta property=\"og:image:height\" content=\"823\" \/>\n\t<meta property=\"og:image:type\" content=\"image\/webp\" \/>\n<meta name=\"twitter:card\" content=\"summary_large_image\" \/>\n<meta name=\"twitter:label1\" content=\"Est. reading time\" \/>\n\t<meta name=\"twitter:data1\" content=\"1 minute\" \/>\n<script type=\"application\/ld+json\" class=\"yoast-schema-graph\">{\"@context\":\"https:\/\/schema.org\",\"@graph\":[{\"@type\":\"WebPage\",\"@id\":\"https:\/\/sulin.ee\/en\/toode\/littlelamb-uhes-suuruses-taskumahkmed-mustritega\/\",\"url\":\"https:\/\/sulin.ee\/en\/toode\/littlelamb-uhes-suuruses-taskumahkmed-mustritega\/\",\"name\":\"LittleLamb \u00fches suuruses taskum\u00e4hkmed mustritega - sulin.ee\",\"isPartOf\":{\"@id\":\"https:\/\/sulin.ee\/en\/#website\"},\"primaryImageOfPage\":{\"@id\":\"https:\/\/sulin.ee\/en\/toode\/littlelamb-uhes-suuruses-taskumahkmed-mustritega\/#primaryimage\"},\"image\":{\"@id\":\"https:\/\/sulin.ee\/en\/toode\/littlelamb-uhes-suuruses-taskumahkmed-mustritega\/#primaryimage\"},\"thumbnailUrl\":\"https:\/\/sulin.ee\/wp-content\/uploads\/2022\/10\/Insects-5pack_823x.webp\",\"datePublished\":\"2022-10-10T09:00:12+00:00\",\"dateModified\":\"2026-01-29T12:35:53+00:00\",\"breadcrumb\":{\"@id\":\"https:\/\/sulin.ee\/en\/toode\/littlelamb-uhes-suuruses-taskumahkmed-mustritega\/#breadcrumb\"},\"inLanguage\":\"en-US\",\"potentialAction\":[{\"@type\":\"ReadAction\",\"target\":[\"https:\/\/sulin.ee\/en\/toode\/littlelamb-uhes-suuruses-taskumahkmed-mustritega\/\"]}]},{\"@type\":\"ImageObject\",\"inLanguage\":\"en-US\",\"@id\":\"https:\/\/sulin.ee\/en\/toode\/littlelamb-uhes-suuruses-taskumahkmed-mustritega\/#primaryimage\",\"url\":\"https:\/\/sulin.ee\/wp-content\/uploads\/2022\/10\/Insects-5pack_823x.webp\",\"contentUrl\":\"https:\/\/sulin.ee\/wp-content\/uploads\/2022\/10\/Insects-5pack_823x.webp\",\"width\":823,\"height\":823},{\"@type\":\"BreadcrumbList\",\"@id\":\"https:\/\/sulin.ee\/en\/toode\/littlelamb-uhes-suuruses-taskumahkmed-mustritega\/#breadcrumb\",\"itemListElement\":[{\"@type\":\"ListItem\",\"position\":1,\"name\":\"Home\",\"item\":\"https:\/\/sulin.ee\/en\/\"},{\"@type\":\"ListItem\",\"position\":2,\"name\":\"Sulin.ee e-pood\",\"item\":\"https:\/\/sulin.ee\/shop\/\"},{\"@type\":\"ListItem\",\"position\":3,\"name\":\"LittleLamb \u00fches suuruses taskum\u00e4hkmed mustritega\"}]},{\"@type\":\"WebSite\",\"@id\":\"https:\/\/sulin.ee\/en\/#website\",\"url\":\"https:\/\/sulin.ee\/en\/\",\"name\":\"sulin.ee\",\"description\":\"\",\"publisher\":{\"@id\":\"https:\/\/sulin.ee\/en\/#organization\"},\"potentialAction\":[{\"@type\":\"SearchAction\",\"target\":{\"@type\":\"EntryPoint\",\"urlTemplate\":\"https:\/\/sulin.ee\/en\/?s={search_term_string}\"},\"query-input\":{\"@type\":\"PropertyValueSpecification\",\"valueRequired\":true,\"valueName\":\"search_term_string\"}}],\"inLanguage\":\"en-US\"},{\"@type\":\"Organization\",\"@id\":\"https:\/\/sulin.ee\/en\/#organization\",\"name\":\"SULIN TRADE O\u00dc\",\"url\":\"https:\/\/sulin.ee\/en\/\",\"logo\":{\"@type\":\"ImageObject\",\"inLanguage\":\"en-US\",\"@id\":\"https:\/\/sulin.ee\/en\/#\/schema\/logo\/image\/\",\"url\":\"https:\/\/sulin.ee\/wp-content\/uploads\/2022\/11\/sulin-logo.png\",\"contentUrl\":\"https:\/\/sulin.ee\/wp-content\/uploads\/2022\/11\/sulin-logo.png\",\"width\":871,\"height\":321,\"caption\":\"SULIN TRADE O\u00dc\"},\"image\":{\"@id\":\"https:\/\/sulin.ee\/en\/#\/schema\/logo\/image\/\"},\"sameAs\":[\"https:\/\/www.facebook.com\/www.sulin.ee\/\",\"https:\/\/www.instagram.com\/sulintrade\/\"]}]}<\/script>\n<!-- \/ Yoast SEO plugin. -->","yoast_head_json":{"title":"LittleLamb \u00fches suuruses taskum\u00e4hkmed mustritega - sulin.ee","robots":{"index":"index","follow":"follow","max-snippet":"max-snippet:-1","max-image-preview":"max-image-preview:large","max-video-preview":"max-video-preview:-1"},"canonical":"https:\/\/sulin.ee\/en\/toode\/littlelamb-uhes-suuruses-taskumahkmed-mustritega\/","og_locale":"en_US","og_type":"article","og_title":"LittleLamb \u00fches suuruses taskum\u00e4hkmed mustritega - sulin.ee","og_description":"LittleLamb","og_url":"https:\/\/sulin.ee\/en\/toode\/littlelamb-uhes-suuruses-taskumahkmed-mustritega\/","og_site_name":"sulin.ee","article_publisher":"https:\/\/www.facebook.com\/www.sulin.ee\/","article_modified_time":"2026-01-29T12:35:53+00:00","og_image":[{"width":823,"height":823,"url":"https:\/\/sulin.ee\/wp-content\/uploads\/2022\/10\/Insects-5pack_823x.webp","type":"image\/webp"}],"twitter_card":"summary_large_image","twitter_misc":{"Est. reading time":"1 minute"},"schema":{"@context":"https:\/\/schema.org","@graph":[{"@type":"WebPage","@id":"https:\/\/sulin.ee\/en\/toode\/littlelamb-uhes-suuruses-taskumahkmed-mustritega\/","url":"https:\/\/sulin.ee\/en\/toode\/littlelamb-uhes-suuruses-taskumahkmed-mustritega\/","name":"LittleLamb \u00fches suuruses taskum\u00e4hkmed mustritega - sulin.ee","isPartOf":{"@id":"https:\/\/sulin.ee\/en\/#website"},"primaryImageOfPage":{"@id":"https:\/\/sulin.ee\/en\/toode\/littlelamb-uhes-suuruses-taskumahkmed-mustritega\/#primaryimage"},"image":{"@id":"https:\/\/sulin.ee\/en\/toode\/littlelamb-uhes-suuruses-taskumahkmed-mustritega\/#primaryimage"},"thumbnailUrl":"https:\/\/sulin.ee\/wp-content\/uploads\/2022\/10\/Insects-5pack_823x.webp","datePublished":"2022-10-10T09:00:12+00:00","dateModified":"2026-01-29T12:35:53+00:00","breadcrumb":{"@id":"https:\/\/sulin.ee\/en\/toode\/littlelamb-uhes-suuruses-taskumahkmed-mustritega\/#breadcrumb"},"inLanguage":"en-US","potentialAction":[{"@type":"ReadAction","target":["https:\/\/sulin.ee\/en\/toode\/littlelamb-uhes-suuruses-taskumahkmed-mustritega\/"]}]},{"@type":"ImageObject","inLanguage":"en-US","@id":"https:\/\/sulin.ee\/en\/toode\/littlelamb-uhes-suuruses-taskumahkmed-mustritega\/#primaryimage","url":"https:\/\/sulin.ee\/wp-content\/uploads\/2022\/10\/Insects-5pack_823x.webp","contentUrl":"https:\/\/sulin.ee\/wp-content\/uploads\/2022\/10\/Insects-5pack_823x.webp","width":823,"height":823},{"@type":"BreadcrumbList","@id":"https:\/\/sulin.ee\/en\/toode\/littlelamb-uhes-suuruses-taskumahkmed-mustritega\/#breadcrumb","itemListElement":[{"@type":"ListItem","position":1,"name":"Home","item":"https:\/\/sulin.ee\/en\/"},{"@type":"ListItem","position":2,"name":"Sulin.ee e-pood","item":"https:\/\/sulin.ee\/shop\/"},{"@type":"ListItem","position":3,"name":"LittleLamb \u00fches suuruses taskum\u00e4hkmed mustritega"}]},{"@type":"WebSite","@id":"https:\/\/sulin.ee\/en\/#website","url":"https:\/\/sulin.ee\/en\/","name":"sulin.ee","description":"","publisher":{"@id":"https:\/\/sulin.ee\/en\/#organization"},"potentialAction":[{"@type":"SearchAction","target":{"@type":"EntryPoint","urlTemplate":"https:\/\/sulin.ee\/en\/?s={search_term_string}"},"query-input":{"@type":"PropertyValueSpecification","valueRequired":true,"valueName":"search_term_string"}}],"inLanguage":"en-US"},{"@type":"Organization","@id":"https:\/\/sulin.ee\/en\/#organization","name":"SULIN TRADE O\u00dc","url":"https:\/\/sulin.ee\/en\/","logo":{"@type":"ImageObject","inLanguage":"en-US","@id":"https:\/\/sulin.ee\/en\/#\/schema\/logo\/image\/","url":"https:\/\/sulin.ee\/wp-content\/uploads\/2022\/11\/sulin-logo.png","contentUrl":"https:\/\/sulin.ee\/wp-content\/uploads\/2022\/11\/sulin-logo.png","width":871,"height":321,"caption":"SULIN TRADE O\u00dc"},"image":{"@id":"https:\/\/sulin.ee\/en\/#\/schema\/logo\/image\/"},"sameAs":["https:\/\/www.facebook.com\/www.sulin.ee\/","https:\/\/www.instagram.com\/sulintrade\/"]}]}},"builder_content":"","_links":{"self":[{"href":"https:\/\/sulin.ee\/en\/wp-json\/wp\/v2\/product\/4969","targetHints":{"allow":["GET"]}}],"collection":[{"href":"https:\/\/sulin.ee\/en\/wp-json\/wp\/v2\/product"}],"about":[{"href":"https:\/\/sulin.ee\/en\/wp-json\/wp\/v2\/types\/product"}],"replies":[{"embeddable":true,"href":"https:\/\/sulin.ee\/en\/wp-json\/wp\/v2\/comments?post=4969"}],"wp:featuredmedia":[{"embeddable":true,"href":"https:\/\/sulin.ee\/en\/wp-json\/wp\/v2\/media\/4970"}],"wp:attachment":[{"href":"https:\/\/sulin.ee\/en\/wp-json\/wp\/v2\/media?parent=4969"}],"wp:term":[{"taxonomy":"product_brand","embeddable":true,"href":"https:\/\/sulin.ee\/en\/wp-json\/wp\/v2\/product_brand?post=4969"},{"taxonomy":"product_cat","embeddable":true,"href":"https:\/\/sulin.ee\/en\/wp-json\/wp\/v2\/product_cat?post=4969"},{"taxonomy":"product_tag","embeddable":true,"href":"https:\/\/sulin.ee\/en\/wp-json\/wp\/v2\/product_tag?post=4969"}],"curies":[{"name":"wp","href":"https:\/\/api.w.org\/{rel}","templated":true}]}}