{"id":4913,"date":"2022-10-07T10:21:48","date_gmt":"2022-10-07T10:21:48","guid":{"rendered":"http:\/\/test.itson.ee\/sulin\/?post_type=product&#038;p=4913"},"modified":"2025-02-02T14:47:55","modified_gmt":"2025-02-02T14:47:55","slug":"littlelamb-korduvkasutatavad-hugieenisidemed-oised","status":"publish","type":"product","link":"https:\/\/sulin.ee\/en\/toode\/littlelamb-korduvkasutatavad-hugieenisidemed-oised\/","title":{"rendered":"LittleLamb korduvkasutatavad h\u00fcgieenisidemed \u00f6ised"},"content":{"rendered":"<p><strong>LittleLamb h\u00fcgieenisidemed on tervislikum valik sinu kehale. Kasutades korduvkasutatavaid h\u00fcgieenisidemeid aitad hoida loodust, tekitad v\u00e4hem pr\u00fcgi ning s\u00e4\u00e4stad raha.<\/strong> LittleLamb h\u00fcgieenisidemetel on \u00fcliimav bambusmaterjalist kiht, kombineeritud pehme mikrofliisiga, mis juhib vedeliku sidemesse j\u00e4ttes v\u00e4rskema tunde kauemaks.<\/p>\n<p><b>\u00d5ised sidemed on m\u00f5eldud <\/b><strong>suurema vooluse jaoks.<\/strong><\/p>\n<p><strong>Hooldus:<\/strong>\u00a0Pesta pseumasina temperatuuril 40\u2103. Enne esmakordset kasutamist pese h\u00fcgieenisidemed l\u00e4bi, et t\u00f5sta nende imavust. Bambus vajab v\u00e4hemalt 8 pesu, et saavutada maksimaalne imavus.<\/p>\n","protected":false},"excerpt":{"rendered":"<p>LittleLamb h\u00fcgieenisidemed on tervislikum valik sinu kehale. Kasutades korduvkasutatavaid h\u00fcgieenisidemeid aitad hoida loodust, tekitad v\u00e4hem pr\u00fcgi ning s\u00e4\u00e4stad raha. LittleLamb h\u00fcgieenisidemetel on \u00fcliimav bambusmaterjalist kiht, kombineeritud pehme mikrofliisiga, mis juhib vedeliku sidemesse j\u00e4ttes v\u00e4rskema tunde kauemaks. \u00d5ised sidemed on m\u00f5eldud suurema vooluse jaoks. Hooldus:\u00a0Pesta pseumasina temperatuuril 40\u2103. Enne esmakordset kasutamist pese h\u00fcgieenisidemed l\u00e4bi, et t\u00f5sta [&hellip;]<\/p>\n","protected":false},"featured_media":4927,"comment_status":"open","ping_status":"closed","template":"","meta":[],"product_brand":[],"product_cat":[57,412],"product_tag":[413],"class_list":{"0":"post-4913","1":"product","2":"type-product","3":"status-publish","4":"has-post-thumbnail","6":"product_cat-korduvkasutatavad-hugieenisidemed","7":"product_cat-littlelamb","8":"product_tag-littlelamb","9":"has-post-title","10":"has-post-date","11":"has-post-category","12":"has-post-tag","13":"has-post-comment","14":"has-post-author","15":"","17":"first","18":"outofstock","19":"taxable","20":"shipping-taxable","21":"product-type-variable"},"yoast_head":"<!-- This site is optimized with the Yoast SEO plugin v26.8 - https:\/\/yoast.com\/product\/yoast-seo-wordpress\/ -->\n<title>LittleLamb korduvkasutatavad h\u00fcgieenisidemed \u00f6ised - sulin.ee<\/title>\n<meta name=\"robots\" content=\"index, follow, max-snippet:-1, max-image-preview:large, max-video-preview:-1\" \/>\n<link rel=\"canonical\" href=\"https:\/\/sulin.ee\/en\/toode\/littlelamb-korduvkasutatavad-hugieenisidemed-oised\/\" \/>\n<meta property=\"og:locale\" content=\"en_US\" \/>\n<meta property=\"og:type\" content=\"article\" \/>\n<meta property=\"og:title\" content=\"LittleLamb korduvkasutatavad h\u00fcgieenisidemed \u00f6ised - sulin.ee\" \/>\n<meta property=\"og:description\" content=\"LittleLamb h\u00fcgieenisidemed on tervislikum valik sinu kehale. Kasutades korduvkasutatavaid h\u00fcgieenisidemeid aitad hoida loodust, tekitad v\u00e4hem pr\u00fcgi ning s\u00e4\u00e4stad raha. LittleLamb h\u00fcgieenisidemetel on \u00fcliimav bambusmaterjalist kiht, kombineeritud pehme mikrofliisiga, mis juhib vedeliku sidemesse j\u00e4ttes v\u00e4rskema tunde kauemaks. \u00d5ised sidemed on m\u00f5eldud suurema vooluse jaoks. Hooldus:\u00a0Pesta pseumasina temperatuuril 40\u2103. Enne esmakordset kasutamist pese h\u00fcgieenisidemed l\u00e4bi, et t\u00f5sta [&hellip;]\" \/>\n<meta property=\"og:url\" content=\"https:\/\/sulin.ee\/en\/toode\/littlelamb-korduvkasutatavad-hugieenisidemed-oised\/\" \/>\n<meta property=\"og:site_name\" content=\"sulin.ee\" \/>\n<meta property=\"article:publisher\" content=\"https:\/\/www.facebook.com\/www.sulin.ee\/\" \/>\n<meta property=\"article:modified_time\" content=\"2025-02-02T14:47:55+00:00\" \/>\n<meta property=\"og:image\" content=\"https:\/\/sulin.ee\/wp-content\/uploads\/2022\/10\/Hugieeniside_L.jpeg\" \/>\n\t<meta property=\"og:image:width\" content=\"800\" \/>\n\t<meta property=\"og:image:height\" content=\"800\" \/>\n\t<meta property=\"og:image:type\" content=\"image\/jpeg\" \/>\n<meta name=\"twitter:card\" content=\"summary_large_image\" \/>\n<meta name=\"twitter:label1\" content=\"Est. reading time\" \/>\n\t<meta name=\"twitter:data1\" content=\"1 minute\" \/>\n<script type=\"application\/ld+json\" class=\"yoast-schema-graph\">{\"@context\":\"https:\/\/schema.org\",\"@graph\":[{\"@type\":\"WebPage\",\"@id\":\"https:\/\/sulin.ee\/en\/toode\/littlelamb-korduvkasutatavad-hugieenisidemed-oised\/\",\"url\":\"https:\/\/sulin.ee\/en\/toode\/littlelamb-korduvkasutatavad-hugieenisidemed-oised\/\",\"name\":\"LittleLamb korduvkasutatavad h\u00fcgieenisidemed \u00f6ised - sulin.ee\",\"isPartOf\":{\"@id\":\"https:\/\/sulin.ee\/en\/#website\"},\"primaryImageOfPage\":{\"@id\":\"https:\/\/sulin.ee\/en\/toode\/littlelamb-korduvkasutatavad-hugieenisidemed-oised\/#primaryimage\"},\"image\":{\"@id\":\"https:\/\/sulin.ee\/en\/toode\/littlelamb-korduvkasutatavad-hugieenisidemed-oised\/#primaryimage\"},\"thumbnailUrl\":\"https:\/\/sulin.ee\/wp-content\/uploads\/2022\/10\/Hugieeniside_L.jpeg\",\"datePublished\":\"2022-10-07T10:21:48+00:00\",\"dateModified\":\"2025-02-02T14:47:55+00:00\",\"breadcrumb\":{\"@id\":\"https:\/\/sulin.ee\/en\/toode\/littlelamb-korduvkasutatavad-hugieenisidemed-oised\/#breadcrumb\"},\"inLanguage\":\"en-US\",\"potentialAction\":[{\"@type\":\"ReadAction\",\"target\":[\"https:\/\/sulin.ee\/en\/toode\/littlelamb-korduvkasutatavad-hugieenisidemed-oised\/\"]}]},{\"@type\":\"ImageObject\",\"inLanguage\":\"en-US\",\"@id\":\"https:\/\/sulin.ee\/en\/toode\/littlelamb-korduvkasutatavad-hugieenisidemed-oised\/#primaryimage\",\"url\":\"https:\/\/sulin.ee\/wp-content\/uploads\/2022\/10\/Hugieeniside_L.jpeg\",\"contentUrl\":\"https:\/\/sulin.ee\/wp-content\/uploads\/2022\/10\/Hugieeniside_L.jpeg\",\"width\":800,\"height\":800},{\"@type\":\"BreadcrumbList\",\"@id\":\"https:\/\/sulin.ee\/en\/toode\/littlelamb-korduvkasutatavad-hugieenisidemed-oised\/#breadcrumb\",\"itemListElement\":[{\"@type\":\"ListItem\",\"position\":1,\"name\":\"Home\",\"item\":\"https:\/\/sulin.ee\/en\/\"},{\"@type\":\"ListItem\",\"position\":2,\"name\":\"Sulin.ee e-pood\",\"item\":\"https:\/\/sulin.ee\/shop\/\"},{\"@type\":\"ListItem\",\"position\":3,\"name\":\"LittleLamb korduvkasutatavad h\u00fcgieenisidemed \u00f6ised\"}]},{\"@type\":\"WebSite\",\"@id\":\"https:\/\/sulin.ee\/en\/#website\",\"url\":\"https:\/\/sulin.ee\/en\/\",\"name\":\"sulin.ee\",\"description\":\"\",\"publisher\":{\"@id\":\"https:\/\/sulin.ee\/en\/#organization\"},\"potentialAction\":[{\"@type\":\"SearchAction\",\"target\":{\"@type\":\"EntryPoint\",\"urlTemplate\":\"https:\/\/sulin.ee\/en\/?s={search_term_string}\"},\"query-input\":{\"@type\":\"PropertyValueSpecification\",\"valueRequired\":true,\"valueName\":\"search_term_string\"}}],\"inLanguage\":\"en-US\"},{\"@type\":\"Organization\",\"@id\":\"https:\/\/sulin.ee\/en\/#organization\",\"name\":\"SULIN TRADE O\u00dc\",\"url\":\"https:\/\/sulin.ee\/en\/\",\"logo\":{\"@type\":\"ImageObject\",\"inLanguage\":\"en-US\",\"@id\":\"https:\/\/sulin.ee\/en\/#\/schema\/logo\/image\/\",\"url\":\"https:\/\/sulin.ee\/wp-content\/uploads\/2022\/11\/sulin-logo.png\",\"contentUrl\":\"https:\/\/sulin.ee\/wp-content\/uploads\/2022\/11\/sulin-logo.png\",\"width\":871,\"height\":321,\"caption\":\"SULIN TRADE O\u00dc\"},\"image\":{\"@id\":\"https:\/\/sulin.ee\/en\/#\/schema\/logo\/image\/\"},\"sameAs\":[\"https:\/\/www.facebook.com\/www.sulin.ee\/\",\"https:\/\/www.instagram.com\/sulintrade\/\"]}]}<\/script>\n<!-- \/ Yoast SEO plugin. -->","yoast_head_json":{"title":"LittleLamb korduvkasutatavad h\u00fcgieenisidemed \u00f6ised - sulin.ee","robots":{"index":"index","follow":"follow","max-snippet":"max-snippet:-1","max-image-preview":"max-image-preview:large","max-video-preview":"max-video-preview:-1"},"canonical":"https:\/\/sulin.ee\/en\/toode\/littlelamb-korduvkasutatavad-hugieenisidemed-oised\/","og_locale":"en_US","og_type":"article","og_title":"LittleLamb korduvkasutatavad h\u00fcgieenisidemed \u00f6ised - sulin.ee","og_description":"LittleLamb h\u00fcgieenisidemed on tervislikum valik sinu kehale. Kasutades korduvkasutatavaid h\u00fcgieenisidemeid aitad hoida loodust, tekitad v\u00e4hem pr\u00fcgi ning s\u00e4\u00e4stad raha. LittleLamb h\u00fcgieenisidemetel on \u00fcliimav bambusmaterjalist kiht, kombineeritud pehme mikrofliisiga, mis juhib vedeliku sidemesse j\u00e4ttes v\u00e4rskema tunde kauemaks. \u00d5ised sidemed on m\u00f5eldud suurema vooluse jaoks. Hooldus:\u00a0Pesta pseumasina temperatuuril 40\u2103. Enne esmakordset kasutamist pese h\u00fcgieenisidemed l\u00e4bi, et t\u00f5sta [&hellip;]","og_url":"https:\/\/sulin.ee\/en\/toode\/littlelamb-korduvkasutatavad-hugieenisidemed-oised\/","og_site_name":"sulin.ee","article_publisher":"https:\/\/www.facebook.com\/www.sulin.ee\/","article_modified_time":"2025-02-02T14:47:55+00:00","og_image":[{"width":800,"height":800,"url":"https:\/\/sulin.ee\/wp-content\/uploads\/2022\/10\/Hugieeniside_L.jpeg","type":"image\/jpeg"}],"twitter_card":"summary_large_image","twitter_misc":{"Est. reading time":"1 minute"},"schema":{"@context":"https:\/\/schema.org","@graph":[{"@type":"WebPage","@id":"https:\/\/sulin.ee\/en\/toode\/littlelamb-korduvkasutatavad-hugieenisidemed-oised\/","url":"https:\/\/sulin.ee\/en\/toode\/littlelamb-korduvkasutatavad-hugieenisidemed-oised\/","name":"LittleLamb korduvkasutatavad h\u00fcgieenisidemed \u00f6ised - sulin.ee","isPartOf":{"@id":"https:\/\/sulin.ee\/en\/#website"},"primaryImageOfPage":{"@id":"https:\/\/sulin.ee\/en\/toode\/littlelamb-korduvkasutatavad-hugieenisidemed-oised\/#primaryimage"},"image":{"@id":"https:\/\/sulin.ee\/en\/toode\/littlelamb-korduvkasutatavad-hugieenisidemed-oised\/#primaryimage"},"thumbnailUrl":"https:\/\/sulin.ee\/wp-content\/uploads\/2022\/10\/Hugieeniside_L.jpeg","datePublished":"2022-10-07T10:21:48+00:00","dateModified":"2025-02-02T14:47:55+00:00","breadcrumb":{"@id":"https:\/\/sulin.ee\/en\/toode\/littlelamb-korduvkasutatavad-hugieenisidemed-oised\/#breadcrumb"},"inLanguage":"en-US","potentialAction":[{"@type":"ReadAction","target":["https:\/\/sulin.ee\/en\/toode\/littlelamb-korduvkasutatavad-hugieenisidemed-oised\/"]}]},{"@type":"ImageObject","inLanguage":"en-US","@id":"https:\/\/sulin.ee\/en\/toode\/littlelamb-korduvkasutatavad-hugieenisidemed-oised\/#primaryimage","url":"https:\/\/sulin.ee\/wp-content\/uploads\/2022\/10\/Hugieeniside_L.jpeg","contentUrl":"https:\/\/sulin.ee\/wp-content\/uploads\/2022\/10\/Hugieeniside_L.jpeg","width":800,"height":800},{"@type":"BreadcrumbList","@id":"https:\/\/sulin.ee\/en\/toode\/littlelamb-korduvkasutatavad-hugieenisidemed-oised\/#breadcrumb","itemListElement":[{"@type":"ListItem","position":1,"name":"Home","item":"https:\/\/sulin.ee\/en\/"},{"@type":"ListItem","position":2,"name":"Sulin.ee e-pood","item":"https:\/\/sulin.ee\/shop\/"},{"@type":"ListItem","position":3,"name":"LittleLamb korduvkasutatavad h\u00fcgieenisidemed \u00f6ised"}]},{"@type":"WebSite","@id":"https:\/\/sulin.ee\/en\/#website","url":"https:\/\/sulin.ee\/en\/","name":"sulin.ee","description":"","publisher":{"@id":"https:\/\/sulin.ee\/en\/#organization"},"potentialAction":[{"@type":"SearchAction","target":{"@type":"EntryPoint","urlTemplate":"https:\/\/sulin.ee\/en\/?s={search_term_string}"},"query-input":{"@type":"PropertyValueSpecification","valueRequired":true,"valueName":"search_term_string"}}],"inLanguage":"en-US"},{"@type":"Organization","@id":"https:\/\/sulin.ee\/en\/#organization","name":"SULIN TRADE O\u00dc","url":"https:\/\/sulin.ee\/en\/","logo":{"@type":"ImageObject","inLanguage":"en-US","@id":"https:\/\/sulin.ee\/en\/#\/schema\/logo\/image\/","url":"https:\/\/sulin.ee\/wp-content\/uploads\/2022\/11\/sulin-logo.png","contentUrl":"https:\/\/sulin.ee\/wp-content\/uploads\/2022\/11\/sulin-logo.png","width":871,"height":321,"caption":"SULIN TRADE O\u00dc"},"image":{"@id":"https:\/\/sulin.ee\/en\/#\/schema\/logo\/image\/"},"sameAs":["https:\/\/www.facebook.com\/www.sulin.ee\/","https:\/\/www.instagram.com\/sulintrade\/"]}]}},"builder_content":"","_links":{"self":[{"href":"https:\/\/sulin.ee\/en\/wp-json\/wp\/v2\/product\/4913","targetHints":{"allow":["GET"]}}],"collection":[{"href":"https:\/\/sulin.ee\/en\/wp-json\/wp\/v2\/product"}],"about":[{"href":"https:\/\/sulin.ee\/en\/wp-json\/wp\/v2\/types\/product"}],"replies":[{"embeddable":true,"href":"https:\/\/sulin.ee\/en\/wp-json\/wp\/v2\/comments?post=4913"}],"wp:featuredmedia":[{"embeddable":true,"href":"https:\/\/sulin.ee\/en\/wp-json\/wp\/v2\/media\/4927"}],"wp:attachment":[{"href":"https:\/\/sulin.ee\/en\/wp-json\/wp\/v2\/media?parent=4913"}],"wp:term":[{"taxonomy":"product_brand","embeddable":true,"href":"https:\/\/sulin.ee\/en\/wp-json\/wp\/v2\/product_brand?post=4913"},{"taxonomy":"product_cat","embeddable":true,"href":"https:\/\/sulin.ee\/en\/wp-json\/wp\/v2\/product_cat?post=4913"},{"taxonomy":"product_tag","embeddable":true,"href":"https:\/\/sulin.ee\/en\/wp-json\/wp\/v2\/product_tag?post=4913"}],"curies":[{"name":"wp","href":"https:\/\/api.w.org\/{rel}","templated":true}]}}