{"id":491,"date":"2022-09-13T14:01:15","date_gmt":"2022-09-13T14:01:15","guid":{"rendered":"http:\/\/test.itson.ee\/sulin\/product\/muslinz-puuvillased-nelinurkmahkmed-12tk\/"},"modified":"2026-01-12T07:19:19","modified_gmt":"2026-01-12T07:19:19","slug":"muslinz-puuvillased-nelinurkmahkmed-12tk","status":"publish","type":"product","link":"https:\/\/sulin.ee\/en\/toode\/muslinz-puuvillased-nelinurkmahkmed-12tk\/","title":{"rendered":"MuslinZ\u00ae puuvillased nelinurkm\u00e4hkmed 12tk"},"content":{"rendered":"<p><strong>MuslinZ\u00ae puuvillased nelinurkm\u00e4hkmed<\/strong> on valmistatud <strong>100% puuvillast<\/strong>, mis tagab suurep\u00e4rase \u00f5hul\u00e4bilaskvuse, pehmuse ja vastupidavuse. Need nelinurkm\u00e4hkmed muutuvad kasutamise ja pesemise k\u00e4igus aina pehmemaks, pakkudes teie lapsele kasvava mugavuse. Need on loodud kestma ja sobivad igap\u00e4evaseks mitmek\u00fclgseks kasutamiseks.<\/p>\n<p>T\u00e4nu oma mitmek\u00fclgsusele v\u00f5ib neid nelinurkm\u00e4hkmeid kasutada mitmel erineval viisil: alates m\u00e4hkmetest ja beebi tekidest kuni p\u00e4iksevarjude ja aluslina kateteni. See teeb neist ideaalse valiku vanematele, kes otsivad praktilisi lahendusi igap\u00e4evaseks kasutamiseks. Olgu tegemist m\u00e4hkimise, kaitse v\u00f5i lihtsalt mugavuse tagamisega.<\/p>\n<p><strong>Pakendis on 12 lappi<\/strong>, mis v\u00f5imaldab teil alati omada puhtaid lappe k\u00e4ep\u00e4rast, ilma et peaks pidevalt pesema. <a href=\"https:\/\/www.muslinz.com\/\">MuslinZ\u00ae puuvillased<\/a> nelinurkm\u00e4hkmed ei ole ainult praktiline, vaid ka keskkonnas\u00f5bralik valik, aidates v\u00e4hendada \u00fchekordsete toodete tarbimist ja pr\u00fcgi teket.<\/p>\n<p>Investeerides nendesse kvaliteetsetesse puuvillastesse nelinurkm\u00e4hkmetesse, valite toote, mis toetab teie lapse heaolu igap\u00e4evaselt, pakkudes samal ajal vastupidavust ja mitmek\u00fclgsust, mida kaasaegne vanem vajab.<\/p>\n<p>Meie tootevalikust leiate ka teisi <a href=\"https:\/\/sulin.ee\/tootekategooria\/beebile\/riidest-mahkmed\/\">korduvkasutatavaid m\u00e4hkmeid,<\/a> mis vastavad t\u00e4ielikult teie beebi vajadustele.<\/p>\n","protected":false},"excerpt":{"rendered":"<p><strong>MuslinZ\u00ae puuvillased nelinurkm\u00e4hkmed on valmistatud 100% puuvillast, tagades suurep\u00e4rase \u00f5hul\u00e4bilaskvuse ja pehmust. Neid saab mitmek\u00fclgselt kasutada m\u00e4hkmete, beebi tekide, p\u00e4iksevarjude v\u00f5i aluslina katetena. Need on masinpestavad ja keskkonnas\u00f5bralikud, pakkudes praktilist lahendust igap\u00e4evaseks kasutamiseks ja v\u00e4hendades \u00fchekordsete toodete tarbimist.<\/strong><\/p>\n<p><strong>Komplektis:<\/strong> 12 tk.<\/p>\n","protected":false},"featured_media":6754,"comment_status":"open","ping_status":"closed","template":"","meta":[],"product_brand":[],"product_cat":[583,657],"product_tag":[658],"class_list":{"0":"post-491","1":"product","2":"type-product","3":"status-publish","4":"has-post-thumbnail","6":"product_cat-sisud","7":"product_cat-muslinz","8":"product_tag-muslinz","9":"has-post-title","10":"has-post-date","11":"has-post-category","12":"has-post-tag","13":"has-post-comment","14":"has-post-author","15":"","17":"first","18":"instock","19":"sale","20":"taxable","21":"shipping-taxable","22":"purchasable","23":"product-type-simple"},"yoast_head":"<!-- This site is optimized with the Yoast SEO plugin v26.8 - https:\/\/yoast.com\/product\/yoast-seo-wordpress\/ -->\n<title>MuslinZ\u00ae puuvillased nelinurkm\u00e4hkmed 12tk - sulin.ee<\/title>\n<meta name=\"description\" content=\"MuslinZ\u00ae puuvillased nelinurkm\u00e4hkmed on valmistatud 100% puuvillast, tagades suurep\u00e4rase \u00f5hul\u00e4bilaskvuse ja pehmust. Komplektis on 12 tk.\" \/>\n<meta name=\"robots\" content=\"index, follow, max-snippet:-1, max-image-preview:large, max-video-preview:-1\" \/>\n<link rel=\"canonical\" href=\"https:\/\/sulin.ee\/en\/toode\/muslinz-puuvillased-nelinurkmahkmed-12tk\/\" \/>\n<meta property=\"og:locale\" content=\"en_US\" \/>\n<meta property=\"og:type\" content=\"article\" \/>\n<meta property=\"og:title\" content=\"MuslinZ\u00ae puuvillased nelinurkm\u00e4hkmed 12tk - sulin.ee\" \/>\n<meta property=\"og:description\" content=\"MuslinZ\u00ae puuvillased nelinurkm\u00e4hkmed on valmistatud 100% puuvillast, tagades suurep\u00e4rase \u00f5hul\u00e4bilaskvuse ja pehmust. Komplektis on 12 tk.\" \/>\n<meta property=\"og:url\" content=\"https:\/\/sulin.ee\/en\/toode\/muslinz-puuvillased-nelinurkmahkmed-12tk\/\" \/>\n<meta property=\"og:site_name\" content=\"sulin.ee\" \/>\n<meta property=\"article:publisher\" content=\"https:\/\/www.facebook.com\/www.sulin.ee\/\" \/>\n<meta property=\"article:modified_time\" content=\"2026-01-12T07:19:19+00:00\" \/>\n<meta property=\"og:image\" content=\"https:\/\/sulin.ee\/wp-content\/uploads\/2022\/09\/Puuvillased-12-tk.jpg\" \/>\n\t<meta property=\"og:image:width\" content=\"800\" \/>\n\t<meta property=\"og:image:height\" content=\"800\" \/>\n\t<meta property=\"og:image:type\" content=\"image\/jpeg\" \/>\n<meta name=\"twitter:card\" content=\"summary_large_image\" \/>\n<meta name=\"twitter:label1\" content=\"Est. reading time\" \/>\n\t<meta name=\"twitter:data1\" content=\"2 minutes\" \/>\n<script type=\"application\/ld+json\" class=\"yoast-schema-graph\">{\"@context\":\"https:\/\/schema.org\",\"@graph\":[{\"@type\":\"WebPage\",\"@id\":\"https:\/\/sulin.ee\/en\/toode\/muslinz-puuvillased-nelinurkmahkmed-12tk\/\",\"url\":\"https:\/\/sulin.ee\/en\/toode\/muslinz-puuvillased-nelinurkmahkmed-12tk\/\",\"name\":\"MuslinZ\u00ae puuvillased nelinurkm\u00e4hkmed 12tk - sulin.ee\",\"isPartOf\":{\"@id\":\"https:\/\/sulin.ee\/en\/#website\"},\"primaryImageOfPage\":{\"@id\":\"https:\/\/sulin.ee\/en\/toode\/muslinz-puuvillased-nelinurkmahkmed-12tk\/#primaryimage\"},\"image\":{\"@id\":\"https:\/\/sulin.ee\/en\/toode\/muslinz-puuvillased-nelinurkmahkmed-12tk\/#primaryimage\"},\"thumbnailUrl\":\"https:\/\/sulin.ee\/wp-content\/uploads\/2022\/09\/Puuvillased-12-tk.jpg\",\"datePublished\":\"2022-09-13T14:01:15+00:00\",\"dateModified\":\"2026-01-12T07:19:19+00:00\",\"description\":\"MuslinZ\u00ae puuvillased nelinurkm\u00e4hkmed on valmistatud 100% puuvillast, tagades suurep\u00e4rase \u00f5hul\u00e4bilaskvuse ja pehmust. Komplektis on 12 tk.\",\"breadcrumb\":{\"@id\":\"https:\/\/sulin.ee\/en\/toode\/muslinz-puuvillased-nelinurkmahkmed-12tk\/#breadcrumb\"},\"inLanguage\":\"en-US\",\"potentialAction\":[{\"@type\":\"ReadAction\",\"target\":[\"https:\/\/sulin.ee\/en\/toode\/muslinz-puuvillased-nelinurkmahkmed-12tk\/\"]}]},{\"@type\":\"ImageObject\",\"inLanguage\":\"en-US\",\"@id\":\"https:\/\/sulin.ee\/en\/toode\/muslinz-puuvillased-nelinurkmahkmed-12tk\/#primaryimage\",\"url\":\"https:\/\/sulin.ee\/wp-content\/uploads\/2022\/09\/Puuvillased-12-tk.jpg\",\"contentUrl\":\"https:\/\/sulin.ee\/wp-content\/uploads\/2022\/09\/Puuvillased-12-tk.jpg\",\"width\":800,\"height\":800},{\"@type\":\"BreadcrumbList\",\"@id\":\"https:\/\/sulin.ee\/en\/toode\/muslinz-puuvillased-nelinurkmahkmed-12tk\/#breadcrumb\",\"itemListElement\":[{\"@type\":\"ListItem\",\"position\":1,\"name\":\"Home\",\"item\":\"https:\/\/sulin.ee\/en\/\"},{\"@type\":\"ListItem\",\"position\":2,\"name\":\"Sulin.ee e-pood\",\"item\":\"https:\/\/sulin.ee\/shop\/\"},{\"@type\":\"ListItem\",\"position\":3,\"name\":\"MuslinZ\u00ae puuvillased nelinurkm\u00e4hkmed 12tk\"}]},{\"@type\":\"WebSite\",\"@id\":\"https:\/\/sulin.ee\/en\/#website\",\"url\":\"https:\/\/sulin.ee\/en\/\",\"name\":\"sulin.ee\",\"description\":\"\",\"publisher\":{\"@id\":\"https:\/\/sulin.ee\/en\/#organization\"},\"potentialAction\":[{\"@type\":\"SearchAction\",\"target\":{\"@type\":\"EntryPoint\",\"urlTemplate\":\"https:\/\/sulin.ee\/en\/?s={search_term_string}\"},\"query-input\":{\"@type\":\"PropertyValueSpecification\",\"valueRequired\":true,\"valueName\":\"search_term_string\"}}],\"inLanguage\":\"en-US\"},{\"@type\":\"Organization\",\"@id\":\"https:\/\/sulin.ee\/en\/#organization\",\"name\":\"SULIN TRADE O\u00dc\",\"url\":\"https:\/\/sulin.ee\/en\/\",\"logo\":{\"@type\":\"ImageObject\",\"inLanguage\":\"en-US\",\"@id\":\"https:\/\/sulin.ee\/en\/#\/schema\/logo\/image\/\",\"url\":\"https:\/\/sulin.ee\/wp-content\/uploads\/2022\/11\/sulin-logo.png\",\"contentUrl\":\"https:\/\/sulin.ee\/wp-content\/uploads\/2022\/11\/sulin-logo.png\",\"width\":871,\"height\":321,\"caption\":\"SULIN TRADE O\u00dc\"},\"image\":{\"@id\":\"https:\/\/sulin.ee\/en\/#\/schema\/logo\/image\/\"},\"sameAs\":[\"https:\/\/www.facebook.com\/www.sulin.ee\/\",\"https:\/\/www.instagram.com\/sulintrade\/\"]}]}<\/script>\n<!-- \/ Yoast SEO plugin. -->","yoast_head_json":{"title":"MuslinZ\u00ae puuvillased nelinurkm\u00e4hkmed 12tk - sulin.ee","description":"MuslinZ\u00ae puuvillased nelinurkm\u00e4hkmed on valmistatud 100% puuvillast, tagades suurep\u00e4rase \u00f5hul\u00e4bilaskvuse ja pehmust. Komplektis on 12 tk.","robots":{"index":"index","follow":"follow","max-snippet":"max-snippet:-1","max-image-preview":"max-image-preview:large","max-video-preview":"max-video-preview:-1"},"canonical":"https:\/\/sulin.ee\/en\/toode\/muslinz-puuvillased-nelinurkmahkmed-12tk\/","og_locale":"en_US","og_type":"article","og_title":"MuslinZ\u00ae puuvillased nelinurkm\u00e4hkmed 12tk - sulin.ee","og_description":"MuslinZ\u00ae puuvillased nelinurkm\u00e4hkmed on valmistatud 100% puuvillast, tagades suurep\u00e4rase \u00f5hul\u00e4bilaskvuse ja pehmust. Komplektis on 12 tk.","og_url":"https:\/\/sulin.ee\/en\/toode\/muslinz-puuvillased-nelinurkmahkmed-12tk\/","og_site_name":"sulin.ee","article_publisher":"https:\/\/www.facebook.com\/www.sulin.ee\/","article_modified_time":"2026-01-12T07:19:19+00:00","og_image":[{"width":800,"height":800,"url":"https:\/\/sulin.ee\/wp-content\/uploads\/2022\/09\/Puuvillased-12-tk.jpg","type":"image\/jpeg"}],"twitter_card":"summary_large_image","twitter_misc":{"Est. reading time":"2 minutes"},"schema":{"@context":"https:\/\/schema.org","@graph":[{"@type":"WebPage","@id":"https:\/\/sulin.ee\/en\/toode\/muslinz-puuvillased-nelinurkmahkmed-12tk\/","url":"https:\/\/sulin.ee\/en\/toode\/muslinz-puuvillased-nelinurkmahkmed-12tk\/","name":"MuslinZ\u00ae puuvillased nelinurkm\u00e4hkmed 12tk - sulin.ee","isPartOf":{"@id":"https:\/\/sulin.ee\/en\/#website"},"primaryImageOfPage":{"@id":"https:\/\/sulin.ee\/en\/toode\/muslinz-puuvillased-nelinurkmahkmed-12tk\/#primaryimage"},"image":{"@id":"https:\/\/sulin.ee\/en\/toode\/muslinz-puuvillased-nelinurkmahkmed-12tk\/#primaryimage"},"thumbnailUrl":"https:\/\/sulin.ee\/wp-content\/uploads\/2022\/09\/Puuvillased-12-tk.jpg","datePublished":"2022-09-13T14:01:15+00:00","dateModified":"2026-01-12T07:19:19+00:00","description":"MuslinZ\u00ae puuvillased nelinurkm\u00e4hkmed on valmistatud 100% puuvillast, tagades suurep\u00e4rase \u00f5hul\u00e4bilaskvuse ja pehmust. Komplektis on 12 tk.","breadcrumb":{"@id":"https:\/\/sulin.ee\/en\/toode\/muslinz-puuvillased-nelinurkmahkmed-12tk\/#breadcrumb"},"inLanguage":"en-US","potentialAction":[{"@type":"ReadAction","target":["https:\/\/sulin.ee\/en\/toode\/muslinz-puuvillased-nelinurkmahkmed-12tk\/"]}]},{"@type":"ImageObject","inLanguage":"en-US","@id":"https:\/\/sulin.ee\/en\/toode\/muslinz-puuvillased-nelinurkmahkmed-12tk\/#primaryimage","url":"https:\/\/sulin.ee\/wp-content\/uploads\/2022\/09\/Puuvillased-12-tk.jpg","contentUrl":"https:\/\/sulin.ee\/wp-content\/uploads\/2022\/09\/Puuvillased-12-tk.jpg","width":800,"height":800},{"@type":"BreadcrumbList","@id":"https:\/\/sulin.ee\/en\/toode\/muslinz-puuvillased-nelinurkmahkmed-12tk\/#breadcrumb","itemListElement":[{"@type":"ListItem","position":1,"name":"Home","item":"https:\/\/sulin.ee\/en\/"},{"@type":"ListItem","position":2,"name":"Sulin.ee e-pood","item":"https:\/\/sulin.ee\/shop\/"},{"@type":"ListItem","position":3,"name":"MuslinZ\u00ae puuvillased nelinurkm\u00e4hkmed 12tk"}]},{"@type":"WebSite","@id":"https:\/\/sulin.ee\/en\/#website","url":"https:\/\/sulin.ee\/en\/","name":"sulin.ee","description":"","publisher":{"@id":"https:\/\/sulin.ee\/en\/#organization"},"potentialAction":[{"@type":"SearchAction","target":{"@type":"EntryPoint","urlTemplate":"https:\/\/sulin.ee\/en\/?s={search_term_string}"},"query-input":{"@type":"PropertyValueSpecification","valueRequired":true,"valueName":"search_term_string"}}],"inLanguage":"en-US"},{"@type":"Organization","@id":"https:\/\/sulin.ee\/en\/#organization","name":"SULIN TRADE O\u00dc","url":"https:\/\/sulin.ee\/en\/","logo":{"@type":"ImageObject","inLanguage":"en-US","@id":"https:\/\/sulin.ee\/en\/#\/schema\/logo\/image\/","url":"https:\/\/sulin.ee\/wp-content\/uploads\/2022\/11\/sulin-logo.png","contentUrl":"https:\/\/sulin.ee\/wp-content\/uploads\/2022\/11\/sulin-logo.png","width":871,"height":321,"caption":"SULIN TRADE O\u00dc"},"image":{"@id":"https:\/\/sulin.ee\/en\/#\/schema\/logo\/image\/"},"sameAs":["https:\/\/www.facebook.com\/www.sulin.ee\/","https:\/\/www.instagram.com\/sulintrade\/"]}]}},"builder_content":"","_links":{"self":[{"href":"https:\/\/sulin.ee\/en\/wp-json\/wp\/v2\/product\/491","targetHints":{"allow":["GET"]}}],"collection":[{"href":"https:\/\/sulin.ee\/en\/wp-json\/wp\/v2\/product"}],"about":[{"href":"https:\/\/sulin.ee\/en\/wp-json\/wp\/v2\/types\/product"}],"replies":[{"embeddable":true,"href":"https:\/\/sulin.ee\/en\/wp-json\/wp\/v2\/comments?post=491"}],"wp:featuredmedia":[{"embeddable":true,"href":"https:\/\/sulin.ee\/en\/wp-json\/wp\/v2\/media\/6754"}],"wp:attachment":[{"href":"https:\/\/sulin.ee\/en\/wp-json\/wp\/v2\/media?parent=491"}],"wp:term":[{"taxonomy":"product_brand","embeddable":true,"href":"https:\/\/sulin.ee\/en\/wp-json\/wp\/v2\/product_brand?post=491"},{"taxonomy":"product_cat","embeddable":true,"href":"https:\/\/sulin.ee\/en\/wp-json\/wp\/v2\/product_cat?post=491"},{"taxonomy":"product_tag","embeddable":true,"href":"https:\/\/sulin.ee\/en\/wp-json\/wp\/v2\/product_tag?post=491"}],"curies":[{"name":"wp","href":"https:\/\/api.w.org\/{rel}","templated":true}]}}