{"id":490,"date":"2022-09-13T14:01:15","date_gmt":"2022-09-13T14:01:15","guid":{"rendered":"http:\/\/test.itson.ee\/sulin\/product\/muslinz-orgaanilisest-puuvillast-nelinurkmahkmed-3tk\/"},"modified":"2025-05-08T17:08:02","modified_gmt":"2025-05-08T17:08:02","slug":"muslinz-orgaanilisest-puuvillast-nelinurkmahkmed-3tk","status":"publish","type":"product","link":"https:\/\/sulin.ee\/en\/toode\/muslinz-orgaanilisest-puuvillast-nelinurkmahkmed-3tk\/","title":{"rendered":"MuslinZ\u00ae orgaanilisest puuvillast nelinurkm\u00e4hkmed 3tk"},"content":{"rendered":"<p style=\"text-align: justify;\"><span style=\"font-family: arial, helvetica, sans-serif; font-size: medium;\"><strong>Valmistatud 100% orgaanilisest pleekitamata puuvillast.<\/strong> V\u00e4ga imav ja pehme lapse \u00f5rna naha vastas.\u00a0Sobivad suurep\u00e4raselt musliinm\u00e4hkmeteks, beebi tekiks, piima p\u00fchkimise lapiks, p\u00e4iksevarjuks jne.<\/span><\/p>\n<p style=\"text-align: justify;\"><strong><span style=\"font-family: arial, helvetica, sans-serif; font-size: medium;\">Pakis 3 tk.<\/span><\/strong><\/p>\n","protected":false},"excerpt":{"rendered":"<p>MuslinZ<\/p>\n","protected":false},"featured_media":6748,"comment_status":"open","ping_status":"closed","template":"","meta":[],"product_brand":[],"product_cat":[48,583,657],"product_tag":[658],"class_list":{"0":"post-490","1":"product","2":"type-product","3":"status-publish","4":"has-post-thumbnail","6":"product_cat-mahkmesisud-ja-lisatarvikud","7":"product_cat-sisud","8":"product_cat-muslinz","9":"product_tag-muslinz","10":"has-post-title","11":"has-post-date","12":"has-post-category","13":"has-post-tag","14":"has-post-comment","15":"has-post-author","16":"","18":"first","19":"instock","20":"sale","21":"taxable","22":"shipping-taxable","23":"purchasable","24":"product-type-simple"},"yoast_head":"<!-- This site is optimized with the Yoast SEO plugin v26.8 - https:\/\/yoast.com\/product\/yoast-seo-wordpress\/ -->\n<title>MuslinZ\u00ae orgaanilisest puuvillast nelinurkm\u00e4hkmed 3tk - sulin.ee<\/title>\n<meta name=\"robots\" content=\"index, follow, max-snippet:-1, max-image-preview:large, max-video-preview:-1\" \/>\n<link rel=\"canonical\" href=\"https:\/\/sulin.ee\/en\/toode\/muslinz-orgaanilisest-puuvillast-nelinurkmahkmed-3tk\/\" \/>\n<meta property=\"og:locale\" content=\"en_US\" \/>\n<meta property=\"og:type\" content=\"article\" \/>\n<meta property=\"og:title\" content=\"MuslinZ\u00ae orgaanilisest puuvillast nelinurkm\u00e4hkmed 3tk - sulin.ee\" \/>\n<meta property=\"og:description\" content=\"MuslinZ\" \/>\n<meta property=\"og:url\" content=\"https:\/\/sulin.ee\/en\/toode\/muslinz-orgaanilisest-puuvillast-nelinurkmahkmed-3tk\/\" \/>\n<meta property=\"og:site_name\" content=\"sulin.ee\" \/>\n<meta property=\"article:publisher\" content=\"https:\/\/www.facebook.com\/www.sulin.ee\/\" \/>\n<meta property=\"article:modified_time\" content=\"2025-05-08T17:08:02+00:00\" \/>\n<meta property=\"og:image\" content=\"https:\/\/sulin.ee\/wp-content\/uploads\/2022\/09\/Orgaaniline-puuvill-3-tk.png\" \/>\n\t<meta property=\"og:image:width\" content=\"800\" \/>\n\t<meta property=\"og:image:height\" content=\"800\" \/>\n\t<meta property=\"og:image:type\" content=\"image\/png\" \/>\n<meta name=\"twitter:card\" content=\"summary_large_image\" \/>\n<meta name=\"twitter:label1\" content=\"Est. reading time\" \/>\n\t<meta name=\"twitter:data1\" content=\"1 minute\" \/>\n<script type=\"application\/ld+json\" class=\"yoast-schema-graph\">{\"@context\":\"https:\/\/schema.org\",\"@graph\":[{\"@type\":\"WebPage\",\"@id\":\"https:\/\/sulin.ee\/en\/toode\/muslinz-orgaanilisest-puuvillast-nelinurkmahkmed-3tk\/\",\"url\":\"https:\/\/sulin.ee\/en\/toode\/muslinz-orgaanilisest-puuvillast-nelinurkmahkmed-3tk\/\",\"name\":\"MuslinZ\u00ae orgaanilisest puuvillast nelinurkm\u00e4hkmed 3tk - sulin.ee\",\"isPartOf\":{\"@id\":\"https:\/\/sulin.ee\/en\/#website\"},\"primaryImageOfPage\":{\"@id\":\"https:\/\/sulin.ee\/en\/toode\/muslinz-orgaanilisest-puuvillast-nelinurkmahkmed-3tk\/#primaryimage\"},\"image\":{\"@id\":\"https:\/\/sulin.ee\/en\/toode\/muslinz-orgaanilisest-puuvillast-nelinurkmahkmed-3tk\/#primaryimage\"},\"thumbnailUrl\":\"https:\/\/sulin.ee\/wp-content\/uploads\/2022\/09\/Orgaaniline-puuvill-3-tk.png\",\"datePublished\":\"2022-09-13T14:01:15+00:00\",\"dateModified\":\"2025-05-08T17:08:02+00:00\",\"breadcrumb\":{\"@id\":\"https:\/\/sulin.ee\/en\/toode\/muslinz-orgaanilisest-puuvillast-nelinurkmahkmed-3tk\/#breadcrumb\"},\"inLanguage\":\"en-US\",\"potentialAction\":[{\"@type\":\"ReadAction\",\"target\":[\"https:\/\/sulin.ee\/en\/toode\/muslinz-orgaanilisest-puuvillast-nelinurkmahkmed-3tk\/\"]}]},{\"@type\":\"ImageObject\",\"inLanguage\":\"en-US\",\"@id\":\"https:\/\/sulin.ee\/en\/toode\/muslinz-orgaanilisest-puuvillast-nelinurkmahkmed-3tk\/#primaryimage\",\"url\":\"https:\/\/sulin.ee\/wp-content\/uploads\/2022\/09\/Orgaaniline-puuvill-3-tk.png\",\"contentUrl\":\"https:\/\/sulin.ee\/wp-content\/uploads\/2022\/09\/Orgaaniline-puuvill-3-tk.png\",\"width\":800,\"height\":800},{\"@type\":\"BreadcrumbList\",\"@id\":\"https:\/\/sulin.ee\/en\/toode\/muslinz-orgaanilisest-puuvillast-nelinurkmahkmed-3tk\/#breadcrumb\",\"itemListElement\":[{\"@type\":\"ListItem\",\"position\":1,\"name\":\"Home\",\"item\":\"https:\/\/sulin.ee\/en\/\"},{\"@type\":\"ListItem\",\"position\":2,\"name\":\"Sulin.ee e-pood\",\"item\":\"https:\/\/sulin.ee\/shop\/\"},{\"@type\":\"ListItem\",\"position\":3,\"name\":\"MuslinZ\u00ae orgaanilisest puuvillast nelinurkm\u00e4hkmed 3tk\"}]},{\"@type\":\"WebSite\",\"@id\":\"https:\/\/sulin.ee\/en\/#website\",\"url\":\"https:\/\/sulin.ee\/en\/\",\"name\":\"sulin.ee\",\"description\":\"\",\"publisher\":{\"@id\":\"https:\/\/sulin.ee\/en\/#organization\"},\"potentialAction\":[{\"@type\":\"SearchAction\",\"target\":{\"@type\":\"EntryPoint\",\"urlTemplate\":\"https:\/\/sulin.ee\/en\/?s={search_term_string}\"},\"query-input\":{\"@type\":\"PropertyValueSpecification\",\"valueRequired\":true,\"valueName\":\"search_term_string\"}}],\"inLanguage\":\"en-US\"},{\"@type\":\"Organization\",\"@id\":\"https:\/\/sulin.ee\/en\/#organization\",\"name\":\"SULIN TRADE O\u00dc\",\"url\":\"https:\/\/sulin.ee\/en\/\",\"logo\":{\"@type\":\"ImageObject\",\"inLanguage\":\"en-US\",\"@id\":\"https:\/\/sulin.ee\/en\/#\/schema\/logo\/image\/\",\"url\":\"https:\/\/sulin.ee\/wp-content\/uploads\/2022\/11\/sulin-logo.png\",\"contentUrl\":\"https:\/\/sulin.ee\/wp-content\/uploads\/2022\/11\/sulin-logo.png\",\"width\":871,\"height\":321,\"caption\":\"SULIN TRADE O\u00dc\"},\"image\":{\"@id\":\"https:\/\/sulin.ee\/en\/#\/schema\/logo\/image\/\"},\"sameAs\":[\"https:\/\/www.facebook.com\/www.sulin.ee\/\",\"https:\/\/www.instagram.com\/sulintrade\/\"]}]}<\/script>\n<!-- \/ Yoast SEO plugin. -->","yoast_head_json":{"title":"MuslinZ\u00ae orgaanilisest puuvillast nelinurkm\u00e4hkmed 3tk - sulin.ee","robots":{"index":"index","follow":"follow","max-snippet":"max-snippet:-1","max-image-preview":"max-image-preview:large","max-video-preview":"max-video-preview:-1"},"canonical":"https:\/\/sulin.ee\/en\/toode\/muslinz-orgaanilisest-puuvillast-nelinurkmahkmed-3tk\/","og_locale":"en_US","og_type":"article","og_title":"MuslinZ\u00ae orgaanilisest puuvillast nelinurkm\u00e4hkmed 3tk - sulin.ee","og_description":"MuslinZ","og_url":"https:\/\/sulin.ee\/en\/toode\/muslinz-orgaanilisest-puuvillast-nelinurkmahkmed-3tk\/","og_site_name":"sulin.ee","article_publisher":"https:\/\/www.facebook.com\/www.sulin.ee\/","article_modified_time":"2025-05-08T17:08:02+00:00","og_image":[{"width":800,"height":800,"url":"https:\/\/sulin.ee\/wp-content\/uploads\/2022\/09\/Orgaaniline-puuvill-3-tk.png","type":"image\/png"}],"twitter_card":"summary_large_image","twitter_misc":{"Est. reading time":"1 minute"},"schema":{"@context":"https:\/\/schema.org","@graph":[{"@type":"WebPage","@id":"https:\/\/sulin.ee\/en\/toode\/muslinz-orgaanilisest-puuvillast-nelinurkmahkmed-3tk\/","url":"https:\/\/sulin.ee\/en\/toode\/muslinz-orgaanilisest-puuvillast-nelinurkmahkmed-3tk\/","name":"MuslinZ\u00ae orgaanilisest puuvillast nelinurkm\u00e4hkmed 3tk - sulin.ee","isPartOf":{"@id":"https:\/\/sulin.ee\/en\/#website"},"primaryImageOfPage":{"@id":"https:\/\/sulin.ee\/en\/toode\/muslinz-orgaanilisest-puuvillast-nelinurkmahkmed-3tk\/#primaryimage"},"image":{"@id":"https:\/\/sulin.ee\/en\/toode\/muslinz-orgaanilisest-puuvillast-nelinurkmahkmed-3tk\/#primaryimage"},"thumbnailUrl":"https:\/\/sulin.ee\/wp-content\/uploads\/2022\/09\/Orgaaniline-puuvill-3-tk.png","datePublished":"2022-09-13T14:01:15+00:00","dateModified":"2025-05-08T17:08:02+00:00","breadcrumb":{"@id":"https:\/\/sulin.ee\/en\/toode\/muslinz-orgaanilisest-puuvillast-nelinurkmahkmed-3tk\/#breadcrumb"},"inLanguage":"en-US","potentialAction":[{"@type":"ReadAction","target":["https:\/\/sulin.ee\/en\/toode\/muslinz-orgaanilisest-puuvillast-nelinurkmahkmed-3tk\/"]}]},{"@type":"ImageObject","inLanguage":"en-US","@id":"https:\/\/sulin.ee\/en\/toode\/muslinz-orgaanilisest-puuvillast-nelinurkmahkmed-3tk\/#primaryimage","url":"https:\/\/sulin.ee\/wp-content\/uploads\/2022\/09\/Orgaaniline-puuvill-3-tk.png","contentUrl":"https:\/\/sulin.ee\/wp-content\/uploads\/2022\/09\/Orgaaniline-puuvill-3-tk.png","width":800,"height":800},{"@type":"BreadcrumbList","@id":"https:\/\/sulin.ee\/en\/toode\/muslinz-orgaanilisest-puuvillast-nelinurkmahkmed-3tk\/#breadcrumb","itemListElement":[{"@type":"ListItem","position":1,"name":"Home","item":"https:\/\/sulin.ee\/en\/"},{"@type":"ListItem","position":2,"name":"Sulin.ee e-pood","item":"https:\/\/sulin.ee\/shop\/"},{"@type":"ListItem","position":3,"name":"MuslinZ\u00ae orgaanilisest puuvillast nelinurkm\u00e4hkmed 3tk"}]},{"@type":"WebSite","@id":"https:\/\/sulin.ee\/en\/#website","url":"https:\/\/sulin.ee\/en\/","name":"sulin.ee","description":"","publisher":{"@id":"https:\/\/sulin.ee\/en\/#organization"},"potentialAction":[{"@type":"SearchAction","target":{"@type":"EntryPoint","urlTemplate":"https:\/\/sulin.ee\/en\/?s={search_term_string}"},"query-input":{"@type":"PropertyValueSpecification","valueRequired":true,"valueName":"search_term_string"}}],"inLanguage":"en-US"},{"@type":"Organization","@id":"https:\/\/sulin.ee\/en\/#organization","name":"SULIN TRADE O\u00dc","url":"https:\/\/sulin.ee\/en\/","logo":{"@type":"ImageObject","inLanguage":"en-US","@id":"https:\/\/sulin.ee\/en\/#\/schema\/logo\/image\/","url":"https:\/\/sulin.ee\/wp-content\/uploads\/2022\/11\/sulin-logo.png","contentUrl":"https:\/\/sulin.ee\/wp-content\/uploads\/2022\/11\/sulin-logo.png","width":871,"height":321,"caption":"SULIN TRADE O\u00dc"},"image":{"@id":"https:\/\/sulin.ee\/en\/#\/schema\/logo\/image\/"},"sameAs":["https:\/\/www.facebook.com\/www.sulin.ee\/","https:\/\/www.instagram.com\/sulintrade\/"]}]}},"builder_content":"","_links":{"self":[{"href":"https:\/\/sulin.ee\/en\/wp-json\/wp\/v2\/product\/490","targetHints":{"allow":["GET"]}}],"collection":[{"href":"https:\/\/sulin.ee\/en\/wp-json\/wp\/v2\/product"}],"about":[{"href":"https:\/\/sulin.ee\/en\/wp-json\/wp\/v2\/types\/product"}],"replies":[{"embeddable":true,"href":"https:\/\/sulin.ee\/en\/wp-json\/wp\/v2\/comments?post=490"}],"wp:featuredmedia":[{"embeddable":true,"href":"https:\/\/sulin.ee\/en\/wp-json\/wp\/v2\/media\/6748"}],"wp:attachment":[{"href":"https:\/\/sulin.ee\/en\/wp-json\/wp\/v2\/media?parent=490"}],"wp:term":[{"taxonomy":"product_brand","embeddable":true,"href":"https:\/\/sulin.ee\/en\/wp-json\/wp\/v2\/product_brand?post=490"},{"taxonomy":"product_cat","embeddable":true,"href":"https:\/\/sulin.ee\/en\/wp-json\/wp\/v2\/product_cat?post=490"},{"taxonomy":"product_tag","embeddable":true,"href":"https:\/\/sulin.ee\/en\/wp-json\/wp\/v2\/product_tag?post=490"}],"curies":[{"name":"wp","href":"https:\/\/api.w.org\/{rel}","templated":true}]}}