{"id":487,"date":"2022-09-13T14:01:14","date_gmt":"2022-09-13T14:01:14","guid":{"rendered":"http:\/\/test.itson.ee\/sulin\/product\/muslinz-bambus-puuvilla-puhastuslapid-12tk\/"},"modified":"2026-02-09T17:31:37","modified_gmt":"2026-02-09T17:31:37","slug":"muslinz-bambus-puuvilla-puhastuslapid-12tk","status":"publish","type":"product","link":"https:\/\/sulin.ee\/en\/toode\/muslinz-bambus-puuvilla-puhastuslapid-12tk\/","title":{"rendered":"MuslinZ\u00ae bambus\/puuvilla puhastuslapid 12tk"},"content":{"rendered":"<p><strong>MuslinZ\u00ae bambus\/puuvilla puhastuslapid<\/strong> on universaalsed abilised igas kodus. Sobivad suurep\u00e4raselt mitmesugusteks otstarveteks &#8211; olgu selleks n\u00e4o puhastamine, beebi pepu p\u00fchkimine, lisaimu andmine m\u00e4hkmetele v\u00f5i isegi tolmu p\u00fchkimine. Need lapid on valmistatud kvaliteetsest materjalist, mis tagab nende vastupidavuse ja imavuse erinevates olukordades.<\/p>\n<p>Kodust v\u00e4ljudes v\u00f5ite lapid niisutada ja panna need veekindlasse kotti. Nii on teil alati kaasas niisked lapid, mis on valmis kasutamiseks igal hetkel ja igas kohas. See teeb neist asendamatud kaaslased reisil olles, pakkudes mugavust ja h\u00fcgieeni teel olles.<\/p>\n<p><strong>Komplekt sisaldab 12 lappi<\/strong>, mis on piisavalt suur kogus, et katta k\u00f5ik teie vajadused ilma, et peaks pidevalt pesema. Lapid on lihtsasti pestavad ja kiiresti kuivavad, muutes need ideaalseks valikuks keskkonnateadlikele tarbijatele, kes soovivad v\u00e4hendada \u00fchekordsete toodete kasutamist.<\/p>\n<p>Investeerides nendesse korduvkasutatavatesse lappidesse, toetate j\u00e4tkusuutlikku eluviisi, v\u00e4hendate j\u00e4\u00e4tmeid ja s\u00e4\u00e4state raha. T\u00e4nu nende mitmek\u00fclgsusele ja vastupidavusele on need lapid suurep\u00e4rane investeering igasse majapidamisse, tuues mugavust ja efektiivsust igap\u00e4evastesse toimingutesse.<\/p>\n","protected":false},"excerpt":{"rendered":"<p>MuslinZ\u00ae bambus\/puuvilla puhastuslapid on universaalsed abilised igas kodus. Sobivad suurep\u00e4raselt mitmesugusteks otstarveteks &#8211; olgu selleks n\u00e4o puhastamine, beebi pepu p\u00fchkimine, lisaimu andmine m\u00e4hkmetele v\u00f5i isegi tolmu p\u00fchkimine. Need lapid on valmistatud kvaliteetsest materjalist, mis tagab nende vastupidavuse ja imavuse erinevates olukordades. Kodust v\u00e4ljudes v\u00f5ite lapid niisutada ja panna need veekindlasse kotti. Nii on teil alati [&hellip;]<\/p>\n","protected":false},"featured_media":6762,"comment_status":"open","ping_status":"closed","template":"","meta":[],"product_brand":[],"product_cat":[584,38,657],"product_tag":[658],"class_list":{"0":"post-487","1":"product","2":"type-product","3":"status-publish","4":"has-post-thumbnail","6":"product_cat-puhastuslapid-2","7":"product_cat-puhastuslapid","8":"product_cat-muslinz","9":"product_tag-muslinz","10":"has-post-title","11":"has-post-date","12":"has-post-category","13":"has-post-tag","14":"has-post-comment","15":"has-post-author","16":"","18":"first","19":"outofstock","20":"sale","21":"taxable","22":"shipping-taxable","23":"purchasable","24":"product-type-simple"},"yoast_head":"<!-- This site is optimized with the Yoast SEO plugin v26.8 - https:\/\/yoast.com\/product\/yoast-seo-wordpress\/ -->\n<title>MuslinZ\u00ae bambus\/puuvilla puhastuslapid 12tk - sulin.ee<\/title>\n<meta name=\"description\" content=\"MuslinZ\u00ae bambus\/puuvilla puhastuslapid on universaalsed abilised igas kodus. Sobivad suurep\u00e4raselt mitmesugusteks otstarveteks.\" \/>\n<meta name=\"robots\" content=\"index, follow, max-snippet:-1, max-image-preview:large, max-video-preview:-1\" \/>\n<link rel=\"canonical\" href=\"https:\/\/sulin.ee\/en\/toode\/muslinz-bambus-puuvilla-puhastuslapid-12tk\/\" \/>\n<meta property=\"og:locale\" content=\"en_US\" \/>\n<meta property=\"og:type\" content=\"article\" \/>\n<meta property=\"og:title\" content=\"MuslinZ\u00ae bambus\/puuvilla puhastuslapid 12tk - sulin.ee\" \/>\n<meta property=\"og:description\" content=\"MuslinZ\u00ae bambus\/puuvilla puhastuslapid on universaalsed abilised igas kodus. Sobivad suurep\u00e4raselt mitmesugusteks otstarveteks.\" \/>\n<meta property=\"og:url\" content=\"https:\/\/sulin.ee\/en\/toode\/muslinz-bambus-puuvilla-puhastuslapid-12tk\/\" \/>\n<meta property=\"og:site_name\" content=\"sulin.ee\" \/>\n<meta property=\"article:publisher\" content=\"https:\/\/www.facebook.com\/www.sulin.ee\/\" \/>\n<meta property=\"article:modified_time\" content=\"2026-02-09T17:31:37+00:00\" \/>\n<meta property=\"og:image\" content=\"https:\/\/sulin.ee\/wp-content\/uploads\/2022\/09\/Puhastuslapid-12-tk.png\" \/>\n\t<meta property=\"og:image:width\" content=\"800\" \/>\n\t<meta property=\"og:image:height\" content=\"800\" \/>\n\t<meta property=\"og:image:type\" content=\"image\/png\" \/>\n<meta name=\"twitter:card\" content=\"summary_large_image\" \/>\n<meta name=\"twitter:label1\" content=\"Est. reading time\" \/>\n\t<meta name=\"twitter:data1\" content=\"2 minutes\" \/>\n<script type=\"application\/ld+json\" class=\"yoast-schema-graph\">{\"@context\":\"https:\/\/schema.org\",\"@graph\":[{\"@type\":\"WebPage\",\"@id\":\"https:\/\/sulin.ee\/en\/toode\/muslinz-bambus-puuvilla-puhastuslapid-12tk\/\",\"url\":\"https:\/\/sulin.ee\/en\/toode\/muslinz-bambus-puuvilla-puhastuslapid-12tk\/\",\"name\":\"MuslinZ\u00ae bambus\/puuvilla puhastuslapid 12tk - sulin.ee\",\"isPartOf\":{\"@id\":\"https:\/\/sulin.ee\/en\/#website\"},\"primaryImageOfPage\":{\"@id\":\"https:\/\/sulin.ee\/en\/toode\/muslinz-bambus-puuvilla-puhastuslapid-12tk\/#primaryimage\"},\"image\":{\"@id\":\"https:\/\/sulin.ee\/en\/toode\/muslinz-bambus-puuvilla-puhastuslapid-12tk\/#primaryimage\"},\"thumbnailUrl\":\"https:\/\/sulin.ee\/wp-content\/uploads\/2022\/09\/Puhastuslapid-12-tk.png\",\"datePublished\":\"2022-09-13T14:01:14+00:00\",\"dateModified\":\"2026-02-09T17:31:37+00:00\",\"description\":\"MuslinZ\u00ae bambus\/puuvilla puhastuslapid on universaalsed abilised igas kodus. Sobivad suurep\u00e4raselt mitmesugusteks otstarveteks.\",\"breadcrumb\":{\"@id\":\"https:\/\/sulin.ee\/en\/toode\/muslinz-bambus-puuvilla-puhastuslapid-12tk\/#breadcrumb\"},\"inLanguage\":\"en-US\",\"potentialAction\":[{\"@type\":\"ReadAction\",\"target\":[\"https:\/\/sulin.ee\/en\/toode\/muslinz-bambus-puuvilla-puhastuslapid-12tk\/\"]}]},{\"@type\":\"ImageObject\",\"inLanguage\":\"en-US\",\"@id\":\"https:\/\/sulin.ee\/en\/toode\/muslinz-bambus-puuvilla-puhastuslapid-12tk\/#primaryimage\",\"url\":\"https:\/\/sulin.ee\/wp-content\/uploads\/2022\/09\/Puhastuslapid-12-tk.png\",\"contentUrl\":\"https:\/\/sulin.ee\/wp-content\/uploads\/2022\/09\/Puhastuslapid-12-tk.png\",\"width\":800,\"height\":800},{\"@type\":\"BreadcrumbList\",\"@id\":\"https:\/\/sulin.ee\/en\/toode\/muslinz-bambus-puuvilla-puhastuslapid-12tk\/#breadcrumb\",\"itemListElement\":[{\"@type\":\"ListItem\",\"position\":1,\"name\":\"Home\",\"item\":\"https:\/\/sulin.ee\/en\/\"},{\"@type\":\"ListItem\",\"position\":2,\"name\":\"Sulin.ee e-pood\",\"item\":\"https:\/\/sulin.ee\/shop\/\"},{\"@type\":\"ListItem\",\"position\":3,\"name\":\"MuslinZ\u00ae bambus\/puuvilla puhastuslapid 12tk\"}]},{\"@type\":\"WebSite\",\"@id\":\"https:\/\/sulin.ee\/en\/#website\",\"url\":\"https:\/\/sulin.ee\/en\/\",\"name\":\"sulin.ee\",\"description\":\"\",\"publisher\":{\"@id\":\"https:\/\/sulin.ee\/en\/#organization\"},\"potentialAction\":[{\"@type\":\"SearchAction\",\"target\":{\"@type\":\"EntryPoint\",\"urlTemplate\":\"https:\/\/sulin.ee\/en\/?s={search_term_string}\"},\"query-input\":{\"@type\":\"PropertyValueSpecification\",\"valueRequired\":true,\"valueName\":\"search_term_string\"}}],\"inLanguage\":\"en-US\"},{\"@type\":\"Organization\",\"@id\":\"https:\/\/sulin.ee\/en\/#organization\",\"name\":\"SULIN TRADE O\u00dc\",\"url\":\"https:\/\/sulin.ee\/en\/\",\"logo\":{\"@type\":\"ImageObject\",\"inLanguage\":\"en-US\",\"@id\":\"https:\/\/sulin.ee\/en\/#\/schema\/logo\/image\/\",\"url\":\"https:\/\/sulin.ee\/wp-content\/uploads\/2022\/11\/sulin-logo.png\",\"contentUrl\":\"https:\/\/sulin.ee\/wp-content\/uploads\/2022\/11\/sulin-logo.png\",\"width\":871,\"height\":321,\"caption\":\"SULIN TRADE O\u00dc\"},\"image\":{\"@id\":\"https:\/\/sulin.ee\/en\/#\/schema\/logo\/image\/\"},\"sameAs\":[\"https:\/\/www.facebook.com\/www.sulin.ee\/\",\"https:\/\/www.instagram.com\/sulintrade\/\"]}]}<\/script>\n<!-- \/ Yoast SEO plugin. -->","yoast_head_json":{"title":"MuslinZ\u00ae bambus\/puuvilla puhastuslapid 12tk - sulin.ee","description":"MuslinZ\u00ae bambus\/puuvilla puhastuslapid on universaalsed abilised igas kodus. Sobivad suurep\u00e4raselt mitmesugusteks otstarveteks.","robots":{"index":"index","follow":"follow","max-snippet":"max-snippet:-1","max-image-preview":"max-image-preview:large","max-video-preview":"max-video-preview:-1"},"canonical":"https:\/\/sulin.ee\/en\/toode\/muslinz-bambus-puuvilla-puhastuslapid-12tk\/","og_locale":"en_US","og_type":"article","og_title":"MuslinZ\u00ae bambus\/puuvilla puhastuslapid 12tk - sulin.ee","og_description":"MuslinZ\u00ae bambus\/puuvilla puhastuslapid on universaalsed abilised igas kodus. Sobivad suurep\u00e4raselt mitmesugusteks otstarveteks.","og_url":"https:\/\/sulin.ee\/en\/toode\/muslinz-bambus-puuvilla-puhastuslapid-12tk\/","og_site_name":"sulin.ee","article_publisher":"https:\/\/www.facebook.com\/www.sulin.ee\/","article_modified_time":"2026-02-09T17:31:37+00:00","og_image":[{"width":800,"height":800,"url":"https:\/\/sulin.ee\/wp-content\/uploads\/2022\/09\/Puhastuslapid-12-tk.png","type":"image\/png"}],"twitter_card":"summary_large_image","twitter_misc":{"Est. reading time":"2 minutes"},"schema":{"@context":"https:\/\/schema.org","@graph":[{"@type":"WebPage","@id":"https:\/\/sulin.ee\/en\/toode\/muslinz-bambus-puuvilla-puhastuslapid-12tk\/","url":"https:\/\/sulin.ee\/en\/toode\/muslinz-bambus-puuvilla-puhastuslapid-12tk\/","name":"MuslinZ\u00ae bambus\/puuvilla puhastuslapid 12tk - sulin.ee","isPartOf":{"@id":"https:\/\/sulin.ee\/en\/#website"},"primaryImageOfPage":{"@id":"https:\/\/sulin.ee\/en\/toode\/muslinz-bambus-puuvilla-puhastuslapid-12tk\/#primaryimage"},"image":{"@id":"https:\/\/sulin.ee\/en\/toode\/muslinz-bambus-puuvilla-puhastuslapid-12tk\/#primaryimage"},"thumbnailUrl":"https:\/\/sulin.ee\/wp-content\/uploads\/2022\/09\/Puhastuslapid-12-tk.png","datePublished":"2022-09-13T14:01:14+00:00","dateModified":"2026-02-09T17:31:37+00:00","description":"MuslinZ\u00ae bambus\/puuvilla puhastuslapid on universaalsed abilised igas kodus. Sobivad suurep\u00e4raselt mitmesugusteks otstarveteks.","breadcrumb":{"@id":"https:\/\/sulin.ee\/en\/toode\/muslinz-bambus-puuvilla-puhastuslapid-12tk\/#breadcrumb"},"inLanguage":"en-US","potentialAction":[{"@type":"ReadAction","target":["https:\/\/sulin.ee\/en\/toode\/muslinz-bambus-puuvilla-puhastuslapid-12tk\/"]}]},{"@type":"ImageObject","inLanguage":"en-US","@id":"https:\/\/sulin.ee\/en\/toode\/muslinz-bambus-puuvilla-puhastuslapid-12tk\/#primaryimage","url":"https:\/\/sulin.ee\/wp-content\/uploads\/2022\/09\/Puhastuslapid-12-tk.png","contentUrl":"https:\/\/sulin.ee\/wp-content\/uploads\/2022\/09\/Puhastuslapid-12-tk.png","width":800,"height":800},{"@type":"BreadcrumbList","@id":"https:\/\/sulin.ee\/en\/toode\/muslinz-bambus-puuvilla-puhastuslapid-12tk\/#breadcrumb","itemListElement":[{"@type":"ListItem","position":1,"name":"Home","item":"https:\/\/sulin.ee\/en\/"},{"@type":"ListItem","position":2,"name":"Sulin.ee e-pood","item":"https:\/\/sulin.ee\/shop\/"},{"@type":"ListItem","position":3,"name":"MuslinZ\u00ae bambus\/puuvilla puhastuslapid 12tk"}]},{"@type":"WebSite","@id":"https:\/\/sulin.ee\/en\/#website","url":"https:\/\/sulin.ee\/en\/","name":"sulin.ee","description":"","publisher":{"@id":"https:\/\/sulin.ee\/en\/#organization"},"potentialAction":[{"@type":"SearchAction","target":{"@type":"EntryPoint","urlTemplate":"https:\/\/sulin.ee\/en\/?s={search_term_string}"},"query-input":{"@type":"PropertyValueSpecification","valueRequired":true,"valueName":"search_term_string"}}],"inLanguage":"en-US"},{"@type":"Organization","@id":"https:\/\/sulin.ee\/en\/#organization","name":"SULIN TRADE O\u00dc","url":"https:\/\/sulin.ee\/en\/","logo":{"@type":"ImageObject","inLanguage":"en-US","@id":"https:\/\/sulin.ee\/en\/#\/schema\/logo\/image\/","url":"https:\/\/sulin.ee\/wp-content\/uploads\/2022\/11\/sulin-logo.png","contentUrl":"https:\/\/sulin.ee\/wp-content\/uploads\/2022\/11\/sulin-logo.png","width":871,"height":321,"caption":"SULIN TRADE O\u00dc"},"image":{"@id":"https:\/\/sulin.ee\/en\/#\/schema\/logo\/image\/"},"sameAs":["https:\/\/www.facebook.com\/www.sulin.ee\/","https:\/\/www.instagram.com\/sulintrade\/"]}]}},"builder_content":"","_links":{"self":[{"href":"https:\/\/sulin.ee\/en\/wp-json\/wp\/v2\/product\/487","targetHints":{"allow":["GET"]}}],"collection":[{"href":"https:\/\/sulin.ee\/en\/wp-json\/wp\/v2\/product"}],"about":[{"href":"https:\/\/sulin.ee\/en\/wp-json\/wp\/v2\/types\/product"}],"replies":[{"embeddable":true,"href":"https:\/\/sulin.ee\/en\/wp-json\/wp\/v2\/comments?post=487"}],"wp:featuredmedia":[{"embeddable":true,"href":"https:\/\/sulin.ee\/en\/wp-json\/wp\/v2\/media\/6762"}],"wp:attachment":[{"href":"https:\/\/sulin.ee\/en\/wp-json\/wp\/v2\/media?parent=487"}],"wp:term":[{"taxonomy":"product_brand","embeddable":true,"href":"https:\/\/sulin.ee\/en\/wp-json\/wp\/v2\/product_brand?post=487"},{"taxonomy":"product_cat","embeddable":true,"href":"https:\/\/sulin.ee\/en\/wp-json\/wp\/v2\/product_cat?post=487"},{"taxonomy":"product_tag","embeddable":true,"href":"https:\/\/sulin.ee\/en\/wp-json\/wp\/v2\/product_tag?post=487"}],"curies":[{"name":"wp","href":"https:\/\/api.w.org\/{rel}","templated":true}]}}