{"id":47307,"date":"2025-04-28T11:59:58","date_gmt":"2025-04-28T11:59:58","guid":{"rendered":"https:\/\/sulin.ee\/?post_type=product&#038;p=47307"},"modified":"2025-09-07T21:27:41","modified_gmt":"2025-09-07T21:27:41","slug":"petit-monkey-lounasoogikarp-puuviljad-vaheseinaga","status":"publish","type":"product","link":"https:\/\/sulin.ee\/en\/toode\/petit-monkey-lounasoogikarp-puuviljad-vaheseinaga\/","title":{"rendered":"Petit Monkey l\u00f5unas\u00f6\u00f6gikarp &#8220;Puuviljad&#8221; vaheseinaga"},"content":{"rendered":"<p class=\"\" data-start=\"137\" data-end=\"233\"><strong data-start=\"137\" data-end=\"233\">Petit Monkey l\u00f5unas\u00f6\u00f6gikarp &#8220;Puuviljad&#8221; vaheseinaga \u2013 praktiline ja l\u00f5bus valik igasse p\u00e4eva<\/strong><\/p>\n<p class=\"\" data-start=\"235\" data-end=\"452\"><a href=\"https:\/\/petitmonkey.com\/\">Petit Monkey<\/a> l\u00f5unas\u00f6\u00f6gikarp &#8220;Puuviljad&#8221; vaheseinaga on ideaalne kaaslane kooli, lasteaeda v\u00f5i v\u00e4ljas\u00f5idule. Karp on kaunistatud r\u00f5\u00f5msate puuviljamotiividega.<\/p>\n<p class=\"\" data-start=\"454\" data-end=\"767\">Kompaktsete <strong>m\u00f5\u00f5tudega 17 \u00d7 13 \u00d7 6,5 cm<\/strong> mahutab karp mugavalt v\u00f5ileivad, puuviljad ja muud suupisted. Integreeritud vahesein v\u00f5imaldab toitu korralikult eraldada \u2013 n\u00e4iteks saad \u00fchte sektsiooni pakkida k\u00f6\u00f6giviljad ja teise puuviljad. Tugev klik-sulgur tagab, et toit p\u00fcsib kindlalt karbis ka aktiivse p\u00e4eva jooksul.<\/p>\n<p class=\"\" data-start=\"769\" data-end=\"932\">L\u00f5unas\u00f6\u00f6gikarp on valmistatud BPA-vabast materjalist, see on toidukindel ja n\u00f5udepesumasinas pestav (ainult \u00fclemisel restil ja jahedal re\u017eiimil kuni 40 \u00b0C juures).<\/p>\n<p class=\"\" data-start=\"934\" data-end=\"1002\"><strong data-start=\"934\" data-end=\"1002\">Miks valida l\u00f5unas\u00f6\u00f6gikarp vaheseinaga?<\/strong><\/p>\n<p class=\"\" data-start=\"1005\" data-end=\"1056\">\u2705 Kompaktne ja praktiline suurus (17 \u00d7 13 \u00d7 6,5 cm)<\/p>\n<p class=\"\" data-start=\"1059\" data-end=\"1081\">\u2705 L\u00f5bus puuviljamotiiv<\/p>\n<p class=\"\" data-start=\"1084\" data-end=\"1113\">\u2705 Vahesein toidu eraldamiseks<\/p>\n<p class=\"\" data-start=\"1116\" data-end=\"1143\">\u2705 Tugev klik-sulguriga kaas<\/p>\n<p class=\"\" data-start=\"1146\" data-end=\"1180\">\u2705 Toidukindel ja BPA-vaba materjal<\/p>\n<p class=\"\" data-start=\"1183\" data-end=\"1238\">\u2705 N\u00f5udepesumasinas pestav (\u00fclemisel restil, kuni 40 \u00b0C)<\/p>\n<p class=\"\" data-start=\"1240\" data-end=\"1434\">Too igasse p\u00e4eva r\u00f5\u00f5mu ja korda \u2013 vali Petit Monkey l\u00f5unas\u00f6\u00f6gikarp vaheseinaga!<br data-start=\"1331\" data-end=\"1334\" \/><a href=\"https:\/\/sulin.ee\/tootekategooria\/lounasoogikarbid-lastele\/\"><strong data-start=\"1334\" data-end=\"1434\">Vaata ka meie teisi l\u00f5busate mustritega laste l\u00f5unas\u00f6\u00f6gikarpe ja komplekteeri t\u00e4iuslik komplekt!<\/strong><\/a><\/p>\n","protected":false},"excerpt":{"rendered":"<p class=\"\" data-start=\"1460\" data-end=\"1658\"><strong data-start=\"1460\" data-end=\"1658\">Petit Monkey l\u00f5unas\u00f6\u00f6gikarp &#8220;Puuviljad&#8221; vaheseinaga on praktiline ja l\u00f5bus valik kooli ja lasteaeda. M\u00f5\u00f5dud 17 \u00d7 13 \u00d7 6,5 cm, BPA-vaba, n\u00f5udepesumasinas pestav \u00fclemisel restil kuni 40 \u00b0C juures.<\/strong><\/p>\n","protected":false},"featured_media":47308,"comment_status":"open","ping_status":"closed","template":"","meta":[],"product_brand":[],"product_cat":[43,171,1473,20,161,1126],"product_tag":[],"class_list":{"0":"post-47307","1":"product","2":"type-product","3":"status-publish","4":"has-post-thumbnail","6":"product_cat-lastele","7":"product_cat-soomine","8":"product_cat-lounasoogikarbid-lastele","9":"product_cat-elustiil","10":"product_cat-toidukarbid-elustiil","11":"product_cat-petit-monkey","12":"has-post-title","13":"has-post-date","14":"has-post-category","15":"has-post-tag","16":"has-post-comment","17":"has-post-author","18":"","20":"first","21":"instock","22":"sale","23":"taxable","24":"shipping-taxable","25":"purchasable","26":"product-type-simple"},"yoast_head":"<!-- This site is optimized with the Yoast SEO plugin v26.8 - https:\/\/yoast.com\/product\/yoast-seo-wordpress\/ -->\n<title>Petit Monkey l\u00f5unas\u00f6\u00f6gikarp &quot;Puuviljad&quot; vaheseinaga - sulin.ee<\/title>\n<meta name=\"description\" content=\"Petit Monkey l\u00f5unas\u00f6\u00f6gikarp &quot;Puuviljad&quot; vaheseinaga \u2013 kompaktne ja r\u00f5\u00f5mus karp toidu kaasav\u00f5tmiseks. Toidukindel, BPA-vaba ja pestav n\u00f5udepesumasinas.\" \/>\n<meta name=\"robots\" content=\"index, follow, max-snippet:-1, max-image-preview:large, max-video-preview:-1\" \/>\n<link rel=\"canonical\" href=\"https:\/\/sulin.ee\/en\/toode\/petit-monkey-lounasoogikarp-puuviljad-vaheseinaga\/\" \/>\n<meta property=\"og:locale\" content=\"en_US\" \/>\n<meta property=\"og:type\" content=\"article\" \/>\n<meta property=\"og:title\" content=\"Petit Monkey l\u00f5unas\u00f6\u00f6gikarp &quot;Puuviljad&quot; vaheseinaga - sulin.ee\" \/>\n<meta property=\"og:description\" content=\"Petit Monkey l\u00f5unas\u00f6\u00f6gikarp &quot;Puuviljad&quot; vaheseinaga \u2013 kompaktne ja r\u00f5\u00f5mus karp toidu kaasav\u00f5tmiseks. Toidukindel, BPA-vaba ja pestav n\u00f5udepesumasinas.\" \/>\n<meta property=\"og:url\" content=\"https:\/\/sulin.ee\/en\/toode\/petit-monkey-lounasoogikarp-puuviljad-vaheseinaga\/\" \/>\n<meta property=\"og:site_name\" content=\"sulin.ee\" \/>\n<meta property=\"article:publisher\" content=\"https:\/\/www.facebook.com\/www.sulin.ee\/\" \/>\n<meta property=\"article:modified_time\" content=\"2025-09-07T21:27:41+00:00\" \/>\n<meta property=\"og:image\" content=\"https:\/\/sulin.ee\/wp-content\/uploads\/2025\/04\/ARH06879_f5e688a8-345b-47ea-863a-541abc417e78_x705_crop_center.webp\" \/>\n\t<meta property=\"og:image:width\" content=\"705\" \/>\n\t<meta property=\"og:image:height\" content=\"705\" \/>\n\t<meta property=\"og:image:type\" content=\"image\/webp\" \/>\n<meta name=\"twitter:card\" content=\"summary_large_image\" \/>\n<meta name=\"twitter:label1\" content=\"Est. reading time\" \/>\n\t<meta name=\"twitter:data1\" content=\"2 minutes\" \/>\n<script type=\"application\/ld+json\" class=\"yoast-schema-graph\">{\"@context\":\"https:\/\/schema.org\",\"@graph\":[{\"@type\":\"WebPage\",\"@id\":\"https:\/\/sulin.ee\/en\/toode\/petit-monkey-lounasoogikarp-puuviljad-vaheseinaga\/\",\"url\":\"https:\/\/sulin.ee\/en\/toode\/petit-monkey-lounasoogikarp-puuviljad-vaheseinaga\/\",\"name\":\"Petit Monkey l\u00f5unas\u00f6\u00f6gikarp \\\"Puuviljad\\\" vaheseinaga - sulin.ee\",\"isPartOf\":{\"@id\":\"https:\/\/sulin.ee\/en\/#website\"},\"primaryImageOfPage\":{\"@id\":\"https:\/\/sulin.ee\/en\/toode\/petit-monkey-lounasoogikarp-puuviljad-vaheseinaga\/#primaryimage\"},\"image\":{\"@id\":\"https:\/\/sulin.ee\/en\/toode\/petit-monkey-lounasoogikarp-puuviljad-vaheseinaga\/#primaryimage\"},\"thumbnailUrl\":\"https:\/\/sulin.ee\/wp-content\/uploads\/2025\/04\/ARH06879_f5e688a8-345b-47ea-863a-541abc417e78_x705_crop_center.webp\",\"datePublished\":\"2025-04-28T11:59:58+00:00\",\"dateModified\":\"2025-09-07T21:27:41+00:00\",\"description\":\"Petit Monkey l\u00f5unas\u00f6\u00f6gikarp \\\"Puuviljad\\\" vaheseinaga \u2013 kompaktne ja r\u00f5\u00f5mus karp toidu kaasav\u00f5tmiseks. Toidukindel, BPA-vaba ja pestav n\u00f5udepesumasinas.\",\"breadcrumb\":{\"@id\":\"https:\/\/sulin.ee\/en\/toode\/petit-monkey-lounasoogikarp-puuviljad-vaheseinaga\/#breadcrumb\"},\"inLanguage\":\"en-US\",\"potentialAction\":[{\"@type\":\"ReadAction\",\"target\":[\"https:\/\/sulin.ee\/en\/toode\/petit-monkey-lounasoogikarp-puuviljad-vaheseinaga\/\"]}]},{\"@type\":\"ImageObject\",\"inLanguage\":\"en-US\",\"@id\":\"https:\/\/sulin.ee\/en\/toode\/petit-monkey-lounasoogikarp-puuviljad-vaheseinaga\/#primaryimage\",\"url\":\"https:\/\/sulin.ee\/wp-content\/uploads\/2025\/04\/ARH06879_f5e688a8-345b-47ea-863a-541abc417e78_x705_crop_center.webp\",\"contentUrl\":\"https:\/\/sulin.ee\/wp-content\/uploads\/2025\/04\/ARH06879_f5e688a8-345b-47ea-863a-541abc417e78_x705_crop_center.webp\",\"width\":705,\"height\":705,\"caption\":\"Petiti Monkey l\u00f5unas\u00f6\u00f6gikarp \\\"Puuviljad\\\" vaheseinaga\"},{\"@type\":\"BreadcrumbList\",\"@id\":\"https:\/\/sulin.ee\/en\/toode\/petit-monkey-lounasoogikarp-puuviljad-vaheseinaga\/#breadcrumb\",\"itemListElement\":[{\"@type\":\"ListItem\",\"position\":1,\"name\":\"Home\",\"item\":\"https:\/\/sulin.ee\/en\/\"},{\"@type\":\"ListItem\",\"position\":2,\"name\":\"Sulin.ee e-pood\",\"item\":\"https:\/\/sulin.ee\/shop\/\"},{\"@type\":\"ListItem\",\"position\":3,\"name\":\"Petit Monkey l\u00f5unas\u00f6\u00f6gikarp &#8220;Puuviljad&#8221; vaheseinaga\"}]},{\"@type\":\"WebSite\",\"@id\":\"https:\/\/sulin.ee\/en\/#website\",\"url\":\"https:\/\/sulin.ee\/en\/\",\"name\":\"sulin.ee\",\"description\":\"\",\"publisher\":{\"@id\":\"https:\/\/sulin.ee\/en\/#organization\"},\"potentialAction\":[{\"@type\":\"SearchAction\",\"target\":{\"@type\":\"EntryPoint\",\"urlTemplate\":\"https:\/\/sulin.ee\/en\/?s={search_term_string}\"},\"query-input\":{\"@type\":\"PropertyValueSpecification\",\"valueRequired\":true,\"valueName\":\"search_term_string\"}}],\"inLanguage\":\"en-US\"},{\"@type\":\"Organization\",\"@id\":\"https:\/\/sulin.ee\/en\/#organization\",\"name\":\"SULIN TRADE O\u00dc\",\"url\":\"https:\/\/sulin.ee\/en\/\",\"logo\":{\"@type\":\"ImageObject\",\"inLanguage\":\"en-US\",\"@id\":\"https:\/\/sulin.ee\/en\/#\/schema\/logo\/image\/\",\"url\":\"https:\/\/sulin.ee\/wp-content\/uploads\/2022\/11\/sulin-logo.png\",\"contentUrl\":\"https:\/\/sulin.ee\/wp-content\/uploads\/2022\/11\/sulin-logo.png\",\"width\":871,\"height\":321,\"caption\":\"SULIN TRADE O\u00dc\"},\"image\":{\"@id\":\"https:\/\/sulin.ee\/en\/#\/schema\/logo\/image\/\"},\"sameAs\":[\"https:\/\/www.facebook.com\/www.sulin.ee\/\",\"https:\/\/www.instagram.com\/sulintrade\/\"]}]}<\/script>\n<!-- \/ Yoast SEO plugin. -->","yoast_head_json":{"title":"Petit Monkey l\u00f5unas\u00f6\u00f6gikarp \"Puuviljad\" vaheseinaga - sulin.ee","description":"Petit Monkey l\u00f5unas\u00f6\u00f6gikarp \"Puuviljad\" vaheseinaga \u2013 kompaktne ja r\u00f5\u00f5mus karp toidu kaasav\u00f5tmiseks. Toidukindel, BPA-vaba ja pestav n\u00f5udepesumasinas.","robots":{"index":"index","follow":"follow","max-snippet":"max-snippet:-1","max-image-preview":"max-image-preview:large","max-video-preview":"max-video-preview:-1"},"canonical":"https:\/\/sulin.ee\/en\/toode\/petit-monkey-lounasoogikarp-puuviljad-vaheseinaga\/","og_locale":"en_US","og_type":"article","og_title":"Petit Monkey l\u00f5unas\u00f6\u00f6gikarp \"Puuviljad\" vaheseinaga - sulin.ee","og_description":"Petit Monkey l\u00f5unas\u00f6\u00f6gikarp \"Puuviljad\" vaheseinaga \u2013 kompaktne ja r\u00f5\u00f5mus karp toidu kaasav\u00f5tmiseks. Toidukindel, BPA-vaba ja pestav n\u00f5udepesumasinas.","og_url":"https:\/\/sulin.ee\/en\/toode\/petit-monkey-lounasoogikarp-puuviljad-vaheseinaga\/","og_site_name":"sulin.ee","article_publisher":"https:\/\/www.facebook.com\/www.sulin.ee\/","article_modified_time":"2025-09-07T21:27:41+00:00","og_image":[{"width":705,"height":705,"url":"https:\/\/sulin.ee\/wp-content\/uploads\/2025\/04\/ARH06879_f5e688a8-345b-47ea-863a-541abc417e78_x705_crop_center.webp","type":"image\/webp"}],"twitter_card":"summary_large_image","twitter_misc":{"Est. reading time":"2 minutes"},"schema":{"@context":"https:\/\/schema.org","@graph":[{"@type":"WebPage","@id":"https:\/\/sulin.ee\/en\/toode\/petit-monkey-lounasoogikarp-puuviljad-vaheseinaga\/","url":"https:\/\/sulin.ee\/en\/toode\/petit-monkey-lounasoogikarp-puuviljad-vaheseinaga\/","name":"Petit Monkey l\u00f5unas\u00f6\u00f6gikarp \"Puuviljad\" vaheseinaga - sulin.ee","isPartOf":{"@id":"https:\/\/sulin.ee\/en\/#website"},"primaryImageOfPage":{"@id":"https:\/\/sulin.ee\/en\/toode\/petit-monkey-lounasoogikarp-puuviljad-vaheseinaga\/#primaryimage"},"image":{"@id":"https:\/\/sulin.ee\/en\/toode\/petit-monkey-lounasoogikarp-puuviljad-vaheseinaga\/#primaryimage"},"thumbnailUrl":"https:\/\/sulin.ee\/wp-content\/uploads\/2025\/04\/ARH06879_f5e688a8-345b-47ea-863a-541abc417e78_x705_crop_center.webp","datePublished":"2025-04-28T11:59:58+00:00","dateModified":"2025-09-07T21:27:41+00:00","description":"Petit Monkey l\u00f5unas\u00f6\u00f6gikarp \"Puuviljad\" vaheseinaga \u2013 kompaktne ja r\u00f5\u00f5mus karp toidu kaasav\u00f5tmiseks. Toidukindel, BPA-vaba ja pestav n\u00f5udepesumasinas.","breadcrumb":{"@id":"https:\/\/sulin.ee\/en\/toode\/petit-monkey-lounasoogikarp-puuviljad-vaheseinaga\/#breadcrumb"},"inLanguage":"en-US","potentialAction":[{"@type":"ReadAction","target":["https:\/\/sulin.ee\/en\/toode\/petit-monkey-lounasoogikarp-puuviljad-vaheseinaga\/"]}]},{"@type":"ImageObject","inLanguage":"en-US","@id":"https:\/\/sulin.ee\/en\/toode\/petit-monkey-lounasoogikarp-puuviljad-vaheseinaga\/#primaryimage","url":"https:\/\/sulin.ee\/wp-content\/uploads\/2025\/04\/ARH06879_f5e688a8-345b-47ea-863a-541abc417e78_x705_crop_center.webp","contentUrl":"https:\/\/sulin.ee\/wp-content\/uploads\/2025\/04\/ARH06879_f5e688a8-345b-47ea-863a-541abc417e78_x705_crop_center.webp","width":705,"height":705,"caption":"Petiti Monkey l\u00f5unas\u00f6\u00f6gikarp \"Puuviljad\" vaheseinaga"},{"@type":"BreadcrumbList","@id":"https:\/\/sulin.ee\/en\/toode\/petit-monkey-lounasoogikarp-puuviljad-vaheseinaga\/#breadcrumb","itemListElement":[{"@type":"ListItem","position":1,"name":"Home","item":"https:\/\/sulin.ee\/en\/"},{"@type":"ListItem","position":2,"name":"Sulin.ee e-pood","item":"https:\/\/sulin.ee\/shop\/"},{"@type":"ListItem","position":3,"name":"Petit Monkey l\u00f5unas\u00f6\u00f6gikarp &#8220;Puuviljad&#8221; vaheseinaga"}]},{"@type":"WebSite","@id":"https:\/\/sulin.ee\/en\/#website","url":"https:\/\/sulin.ee\/en\/","name":"sulin.ee","description":"","publisher":{"@id":"https:\/\/sulin.ee\/en\/#organization"},"potentialAction":[{"@type":"SearchAction","target":{"@type":"EntryPoint","urlTemplate":"https:\/\/sulin.ee\/en\/?s={search_term_string}"},"query-input":{"@type":"PropertyValueSpecification","valueRequired":true,"valueName":"search_term_string"}}],"inLanguage":"en-US"},{"@type":"Organization","@id":"https:\/\/sulin.ee\/en\/#organization","name":"SULIN TRADE O\u00dc","url":"https:\/\/sulin.ee\/en\/","logo":{"@type":"ImageObject","inLanguage":"en-US","@id":"https:\/\/sulin.ee\/en\/#\/schema\/logo\/image\/","url":"https:\/\/sulin.ee\/wp-content\/uploads\/2022\/11\/sulin-logo.png","contentUrl":"https:\/\/sulin.ee\/wp-content\/uploads\/2022\/11\/sulin-logo.png","width":871,"height":321,"caption":"SULIN TRADE O\u00dc"},"image":{"@id":"https:\/\/sulin.ee\/en\/#\/schema\/logo\/image\/"},"sameAs":["https:\/\/www.facebook.com\/www.sulin.ee\/","https:\/\/www.instagram.com\/sulintrade\/"]}]}},"builder_content":"","_links":{"self":[{"href":"https:\/\/sulin.ee\/en\/wp-json\/wp\/v2\/product\/47307","targetHints":{"allow":["GET"]}}],"collection":[{"href":"https:\/\/sulin.ee\/en\/wp-json\/wp\/v2\/product"}],"about":[{"href":"https:\/\/sulin.ee\/en\/wp-json\/wp\/v2\/types\/product"}],"replies":[{"embeddable":true,"href":"https:\/\/sulin.ee\/en\/wp-json\/wp\/v2\/comments?post=47307"}],"wp:featuredmedia":[{"embeddable":true,"href":"https:\/\/sulin.ee\/en\/wp-json\/wp\/v2\/media\/47308"}],"wp:attachment":[{"href":"https:\/\/sulin.ee\/en\/wp-json\/wp\/v2\/media?parent=47307"}],"wp:term":[{"taxonomy":"product_brand","embeddable":true,"href":"https:\/\/sulin.ee\/en\/wp-json\/wp\/v2\/product_brand?post=47307"},{"taxonomy":"product_cat","embeddable":true,"href":"https:\/\/sulin.ee\/en\/wp-json\/wp\/v2\/product_cat?post=47307"},{"taxonomy":"product_tag","embeddable":true,"href":"https:\/\/sulin.ee\/en\/wp-json\/wp\/v2\/product_tag?post=47307"}],"curies":[{"name":"wp","href":"https:\/\/api.w.org\/{rel}","templated":true}]}}