{"id":47287,"date":"2025-04-28T11:20:09","date_gmt":"2025-04-28T11:20:09","guid":{"rendered":"https:\/\/sulin.ee\/?post_type=product&#038;p=47287"},"modified":"2025-09-07T21:35:40","modified_gmt":"2025-09-07T21:35:40","slug":"petit-money-lounasoogikarp-rula-ja-maja","status":"publish","type":"product","link":"https:\/\/sulin.ee\/en\/toode\/petit-money-lounasoogikarp-rula-ja-maja\/","title":{"rendered":"Petit Money l\u00f5unas\u00f6\u00f6gikarp &#8220;Rula ja Maja&#8221;"},"content":{"rendered":"<h3 data-start=\"90\" data-end=\"180\"><strong data-start=\"90\" data-end=\"180\">Petit Monkey l\u00f5unas\u00f6\u00f6gikarp &#8220;Uisk ja Maja&#8221; \u2013 stiilne ja praktiline valik igap\u00e4evaseks kasutamiseks<\/strong><\/h3>\n<p class=\"\" data-start=\"182\" data-end=\"496\">Petit Money l\u00f5unas\u00f6\u00f6gikarp &#8220;Rula ja Maja&#8221; on \u00fchtaegu praktiline ja r\u00f5\u00f5msameelne. L\u00f5unas\u00f6\u00f6gikarp &#8220;Uisk ja Maja&#8221; \u00fchendab kvaliteetse materjali ja armsa disaini, et muuta iga kooli- v\u00f5i t\u00f6\u00f6p\u00e4ev erilisemaks. Selle karbi kaunistavad m\u00e4ngulised uisu- ja majamotiivid, mis toovad lapse v\u00f5i t\u00e4iskasvanu p\u00e4evadesse v\u00e4rvi ja head tuju.<\/p>\n<p class=\"\" data-start=\"498\" data-end=\"792\">Karbil on mugavad <strong>m\u00f5\u00f5dud 17 \u00d7 13 \u00d7 6,5 cm,<\/strong> mis teevad selle ideaalseks erinevate toitude \u2013 n\u00e4iteks v\u00f5ileibade, puuviljade ja suupistete \u2013 kaasav\u00f5tmiseks. T\u00e4nu tugevast materjalist valmistatud konstruktsioonile ja lihtsale klik-sulgurile p\u00fcsib toit kindlalt karbis ka aktiivse liikumise korral.<\/p>\n<p class=\"\" data-start=\"794\" data-end=\"1046\"><a href=\"https:\/\/petitmonkey.com\/\">Petit Money<\/a> l\u00f5unas\u00f6\u00f6gikarp &#8220;Rula ja Maja&#8221; sobib suurep\u00e4raselt kasutamiseks koolis, lasteaias, t\u00f6\u00f6le kaasa v\u00f5tmiseks v\u00f5i ka n\u00e4dalavahetuse v\u00e4ljas\u00f5itudel. Karpi on lihtne hooldada \u2013 see on n\u00f5udepesumasinas pestav (ainult \u00fclemisel restil), mis s\u00e4\u00e4stab aega ja vaeva.<\/p>\n<p class=\"\" data-start=\"1048\" data-end=\"1095\"><strong data-start=\"1048\" data-end=\"1095\">Miks valida l\u00f5unas\u00f6\u00f6gikarp &#8220;Uisk ja Maja&#8221;?<\/strong><\/p>\n<p class=\"\" data-start=\"1124\" data-end=\"1165\">\u2705 Kompaktne ja mahukas (17 \u00d7 13 \u00d7 6,5 cm)<\/p>\n<p class=\"\" data-start=\"1168\" data-end=\"1215\">\u2705 Armsad ja m\u00e4ngulised uisu ja majade kujutised<\/p>\n<p class=\"\" data-start=\"1218\" data-end=\"1248\">\u2705 Tugev ja vastupidav materjal<\/p>\n<p class=\"\" data-start=\"1251\" data-end=\"1279\">\u2705 Lihtne klik-sulguriga kaas<\/p>\n<p class=\"\" data-start=\"1282\" data-end=\"1332\">\u2705 N\u00f5udepesumasinas pestav (ainult \u00fclemisel restil)<\/p>\n<p class=\"\" data-start=\"1284\" data-end=\"1454\">Lisa oma argip\u00e4eva r\u00f5\u00f5msaid hetki ja vali l\u00f5unas\u00f6\u00f6gikarp, mis \u00fchendab praktilisuse ja kauni disaini.<br data-start=\"1437\" data-end=\"1440\" \/><a href=\"https:\/\/sulin.ee\/tootekategooria\/lounasoogikarbid-lastele\/\"><strong data-start=\"1440\" data-end=\"1564\">Vaata ka meie teisi l\u00f5busate mustrite ja kujundustega laste l\u00f5unas\u00f6\u00f6gikarpe ning leia oma lapsele v\u00f5i endale uus lemmik!\u00a0<\/strong><\/a><\/p>\n","protected":false},"excerpt":{"rendered":"<p class=\"\" data-start=\"38\" data-end=\"315\"><strong data-start=\"38\" data-end=\"315\">L\u00f5unas\u00f6\u00f6gikarp &#8220;Uisk ja Maja&#8221; on kompaktne ja vastupidav karp, kaunistatud armsate uisu- ja majamotiividega. Sobib ideaalselt kooli, lasteaeda ja v\u00e4ljas\u00f5itudele. <\/strong><\/p>\n<p class=\"\" data-start=\"38\" data-end=\"315\"><strong data-start=\"38\" data-end=\"315\">M\u00f5\u00f5dud 17 \u00d7 13 \u00d7 6,5 cm. <\/strong><\/p>\n<p class=\"\" data-start=\"38\" data-end=\"315\"><strong data-start=\"38\" data-end=\"315\">N\u00f5udepesumasinas pestav \u00fclemisel restil.\u00a0<\/strong><\/p>\n","protected":false},"featured_media":47283,"comment_status":"open","ping_status":"closed","template":"","meta":[],"product_brand":[],"product_cat":[43,171,1473,20,161,1126],"product_tag":[],"class_list":{"0":"post-47287","1":"product","2":"type-product","3":"status-publish","4":"has-post-thumbnail","6":"product_cat-lastele","7":"product_cat-soomine","8":"product_cat-lounasoogikarbid-lastele","9":"product_cat-elustiil","10":"product_cat-toidukarbid-elustiil","11":"product_cat-petit-monkey","12":"has-post-title","13":"has-post-date","14":"has-post-category","15":"has-post-tag","16":"has-post-comment","17":"has-post-author","18":"","20":"first","21":"instock","22":"sale","23":"taxable","24":"shipping-taxable","25":"purchasable","26":"product-type-simple"},"yoast_head":"<!-- This site is optimized with the Yoast SEO plugin v26.8 - https:\/\/yoast.com\/product\/yoast-seo-wordpress\/ -->\n<title>Petit Money l\u00f5unas\u00f6\u00f6gikarp &quot;Rula ja Maja&quot; - sulin.ee<\/title>\n<meta name=\"description\" content=\"Petit Money l\u00f5unas\u00f6\u00f6gikarp &quot;Rula ja Maja&quot; \u2013 praktiline ja m\u00e4nguline valik lastele. Mugav suurus, tugev sulgur ja r\u00f5\u00f5msad motiivid.\" \/>\n<meta name=\"robots\" content=\"index, follow, max-snippet:-1, max-image-preview:large, max-video-preview:-1\" \/>\n<link rel=\"canonical\" href=\"https:\/\/sulin.ee\/en\/toode\/petit-money-lounasoogikarp-rula-ja-maja\/\" \/>\n<meta property=\"og:locale\" content=\"en_US\" \/>\n<meta property=\"og:type\" content=\"article\" \/>\n<meta property=\"og:title\" content=\"Petit Money l\u00f5unas\u00f6\u00f6gikarp &quot;Rula ja Maja&quot; - sulin.ee\" \/>\n<meta property=\"og:description\" content=\"Petit Money l\u00f5unas\u00f6\u00f6gikarp &quot;Rula ja Maja&quot; \u2013 praktiline ja m\u00e4nguline valik lastele. Mugav suurus, tugev sulgur ja r\u00f5\u00f5msad motiivid.\" \/>\n<meta property=\"og:url\" content=\"https:\/\/sulin.ee\/en\/toode\/petit-money-lounasoogikarp-rula-ja-maja\/\" \/>\n<meta property=\"og:site_name\" content=\"sulin.ee\" \/>\n<meta property=\"article:publisher\" content=\"https:\/\/www.facebook.com\/www.sulin.ee\/\" \/>\n<meta property=\"article:modified_time\" content=\"2025-09-07T21:35:40+00:00\" \/>\n<meta property=\"og:image\" content=\"https:\/\/sulin.ee\/wp-content\/uploads\/2025\/04\/lunchbox_skate_house_lb28_x705_crop_center.webp\" \/>\n\t<meta property=\"og:image:width\" content=\"799\" \/>\n\t<meta property=\"og:image:height\" content=\"705\" \/>\n\t<meta property=\"og:image:type\" content=\"image\/webp\" \/>\n<meta name=\"twitter:card\" content=\"summary_large_image\" \/>\n<meta name=\"twitter:label1\" content=\"Est. reading time\" \/>\n\t<meta name=\"twitter:data1\" content=\"2 minutes\" \/>\n<script type=\"application\/ld+json\" class=\"yoast-schema-graph\">{\"@context\":\"https:\/\/schema.org\",\"@graph\":[{\"@type\":\"WebPage\",\"@id\":\"https:\/\/sulin.ee\/en\/toode\/petit-money-lounasoogikarp-rula-ja-maja\/\",\"url\":\"https:\/\/sulin.ee\/en\/toode\/petit-money-lounasoogikarp-rula-ja-maja\/\",\"name\":\"Petit Money l\u00f5unas\u00f6\u00f6gikarp \\\"Rula ja Maja\\\" - sulin.ee\",\"isPartOf\":{\"@id\":\"https:\/\/sulin.ee\/en\/#website\"},\"primaryImageOfPage\":{\"@id\":\"https:\/\/sulin.ee\/en\/toode\/petit-money-lounasoogikarp-rula-ja-maja\/#primaryimage\"},\"image\":{\"@id\":\"https:\/\/sulin.ee\/en\/toode\/petit-money-lounasoogikarp-rula-ja-maja\/#primaryimage\"},\"thumbnailUrl\":\"https:\/\/sulin.ee\/wp-content\/uploads\/2025\/04\/lunchbox_skate_house_lb28_x705_crop_center.webp\",\"datePublished\":\"2025-04-28T11:20:09+00:00\",\"dateModified\":\"2025-09-07T21:35:40+00:00\",\"description\":\"Petit Money l\u00f5unas\u00f6\u00f6gikarp \\\"Rula ja Maja\\\" \u2013 praktiline ja m\u00e4nguline valik lastele. Mugav suurus, tugev sulgur ja r\u00f5\u00f5msad motiivid.\",\"breadcrumb\":{\"@id\":\"https:\/\/sulin.ee\/en\/toode\/petit-money-lounasoogikarp-rula-ja-maja\/#breadcrumb\"},\"inLanguage\":\"en-US\",\"potentialAction\":[{\"@type\":\"ReadAction\",\"target\":[\"https:\/\/sulin.ee\/en\/toode\/petit-money-lounasoogikarp-rula-ja-maja\/\"]}]},{\"@type\":\"ImageObject\",\"inLanguage\":\"en-US\",\"@id\":\"https:\/\/sulin.ee\/en\/toode\/petit-money-lounasoogikarp-rula-ja-maja\/#primaryimage\",\"url\":\"https:\/\/sulin.ee\/wp-content\/uploads\/2025\/04\/lunchbox_skate_house_lb28_x705_crop_center.webp\",\"contentUrl\":\"https:\/\/sulin.ee\/wp-content\/uploads\/2025\/04\/lunchbox_skate_house_lb28_x705_crop_center.webp\",\"width\":799,\"height\":705,\"caption\":\"Petit Money l\u00f5unas\u00f6\u00f6gikarp \\\"Rula ja Maja\\\"\"},{\"@type\":\"BreadcrumbList\",\"@id\":\"https:\/\/sulin.ee\/en\/toode\/petit-money-lounasoogikarp-rula-ja-maja\/#breadcrumb\",\"itemListElement\":[{\"@type\":\"ListItem\",\"position\":1,\"name\":\"Home\",\"item\":\"https:\/\/sulin.ee\/en\/\"},{\"@type\":\"ListItem\",\"position\":2,\"name\":\"Sulin.ee e-pood\",\"item\":\"https:\/\/sulin.ee\/shop\/\"},{\"@type\":\"ListItem\",\"position\":3,\"name\":\"Petit Money l\u00f5unas\u00f6\u00f6gikarp &#8220;Rula ja Maja&#8221;\"}]},{\"@type\":\"WebSite\",\"@id\":\"https:\/\/sulin.ee\/en\/#website\",\"url\":\"https:\/\/sulin.ee\/en\/\",\"name\":\"sulin.ee\",\"description\":\"\",\"publisher\":{\"@id\":\"https:\/\/sulin.ee\/en\/#organization\"},\"potentialAction\":[{\"@type\":\"SearchAction\",\"target\":{\"@type\":\"EntryPoint\",\"urlTemplate\":\"https:\/\/sulin.ee\/en\/?s={search_term_string}\"},\"query-input\":{\"@type\":\"PropertyValueSpecification\",\"valueRequired\":true,\"valueName\":\"search_term_string\"}}],\"inLanguage\":\"en-US\"},{\"@type\":\"Organization\",\"@id\":\"https:\/\/sulin.ee\/en\/#organization\",\"name\":\"SULIN TRADE O\u00dc\",\"url\":\"https:\/\/sulin.ee\/en\/\",\"logo\":{\"@type\":\"ImageObject\",\"inLanguage\":\"en-US\",\"@id\":\"https:\/\/sulin.ee\/en\/#\/schema\/logo\/image\/\",\"url\":\"https:\/\/sulin.ee\/wp-content\/uploads\/2022\/11\/sulin-logo.png\",\"contentUrl\":\"https:\/\/sulin.ee\/wp-content\/uploads\/2022\/11\/sulin-logo.png\",\"width\":871,\"height\":321,\"caption\":\"SULIN TRADE O\u00dc\"},\"image\":{\"@id\":\"https:\/\/sulin.ee\/en\/#\/schema\/logo\/image\/\"},\"sameAs\":[\"https:\/\/www.facebook.com\/www.sulin.ee\/\",\"https:\/\/www.instagram.com\/sulintrade\/\"]}]}<\/script>\n<!-- \/ Yoast SEO plugin. -->","yoast_head_json":{"title":"Petit Money l\u00f5unas\u00f6\u00f6gikarp \"Rula ja Maja\" - sulin.ee","description":"Petit Money l\u00f5unas\u00f6\u00f6gikarp \"Rula ja Maja\" \u2013 praktiline ja m\u00e4nguline valik lastele. Mugav suurus, tugev sulgur ja r\u00f5\u00f5msad motiivid.","robots":{"index":"index","follow":"follow","max-snippet":"max-snippet:-1","max-image-preview":"max-image-preview:large","max-video-preview":"max-video-preview:-1"},"canonical":"https:\/\/sulin.ee\/en\/toode\/petit-money-lounasoogikarp-rula-ja-maja\/","og_locale":"en_US","og_type":"article","og_title":"Petit Money l\u00f5unas\u00f6\u00f6gikarp \"Rula ja Maja\" - sulin.ee","og_description":"Petit Money l\u00f5unas\u00f6\u00f6gikarp \"Rula ja Maja\" \u2013 praktiline ja m\u00e4nguline valik lastele. Mugav suurus, tugev sulgur ja r\u00f5\u00f5msad motiivid.","og_url":"https:\/\/sulin.ee\/en\/toode\/petit-money-lounasoogikarp-rula-ja-maja\/","og_site_name":"sulin.ee","article_publisher":"https:\/\/www.facebook.com\/www.sulin.ee\/","article_modified_time":"2025-09-07T21:35:40+00:00","og_image":[{"width":799,"height":705,"url":"https:\/\/sulin.ee\/wp-content\/uploads\/2025\/04\/lunchbox_skate_house_lb28_x705_crop_center.webp","type":"image\/webp"}],"twitter_card":"summary_large_image","twitter_misc":{"Est. reading time":"2 minutes"},"schema":{"@context":"https:\/\/schema.org","@graph":[{"@type":"WebPage","@id":"https:\/\/sulin.ee\/en\/toode\/petit-money-lounasoogikarp-rula-ja-maja\/","url":"https:\/\/sulin.ee\/en\/toode\/petit-money-lounasoogikarp-rula-ja-maja\/","name":"Petit Money l\u00f5unas\u00f6\u00f6gikarp \"Rula ja Maja\" - sulin.ee","isPartOf":{"@id":"https:\/\/sulin.ee\/en\/#website"},"primaryImageOfPage":{"@id":"https:\/\/sulin.ee\/en\/toode\/petit-money-lounasoogikarp-rula-ja-maja\/#primaryimage"},"image":{"@id":"https:\/\/sulin.ee\/en\/toode\/petit-money-lounasoogikarp-rula-ja-maja\/#primaryimage"},"thumbnailUrl":"https:\/\/sulin.ee\/wp-content\/uploads\/2025\/04\/lunchbox_skate_house_lb28_x705_crop_center.webp","datePublished":"2025-04-28T11:20:09+00:00","dateModified":"2025-09-07T21:35:40+00:00","description":"Petit Money l\u00f5unas\u00f6\u00f6gikarp \"Rula ja Maja\" \u2013 praktiline ja m\u00e4nguline valik lastele. Mugav suurus, tugev sulgur ja r\u00f5\u00f5msad motiivid.","breadcrumb":{"@id":"https:\/\/sulin.ee\/en\/toode\/petit-money-lounasoogikarp-rula-ja-maja\/#breadcrumb"},"inLanguage":"en-US","potentialAction":[{"@type":"ReadAction","target":["https:\/\/sulin.ee\/en\/toode\/petit-money-lounasoogikarp-rula-ja-maja\/"]}]},{"@type":"ImageObject","inLanguage":"en-US","@id":"https:\/\/sulin.ee\/en\/toode\/petit-money-lounasoogikarp-rula-ja-maja\/#primaryimage","url":"https:\/\/sulin.ee\/wp-content\/uploads\/2025\/04\/lunchbox_skate_house_lb28_x705_crop_center.webp","contentUrl":"https:\/\/sulin.ee\/wp-content\/uploads\/2025\/04\/lunchbox_skate_house_lb28_x705_crop_center.webp","width":799,"height":705,"caption":"Petit Money l\u00f5unas\u00f6\u00f6gikarp \"Rula ja Maja\""},{"@type":"BreadcrumbList","@id":"https:\/\/sulin.ee\/en\/toode\/petit-money-lounasoogikarp-rula-ja-maja\/#breadcrumb","itemListElement":[{"@type":"ListItem","position":1,"name":"Home","item":"https:\/\/sulin.ee\/en\/"},{"@type":"ListItem","position":2,"name":"Sulin.ee e-pood","item":"https:\/\/sulin.ee\/shop\/"},{"@type":"ListItem","position":3,"name":"Petit Money l\u00f5unas\u00f6\u00f6gikarp &#8220;Rula ja Maja&#8221;"}]},{"@type":"WebSite","@id":"https:\/\/sulin.ee\/en\/#website","url":"https:\/\/sulin.ee\/en\/","name":"sulin.ee","description":"","publisher":{"@id":"https:\/\/sulin.ee\/en\/#organization"},"potentialAction":[{"@type":"SearchAction","target":{"@type":"EntryPoint","urlTemplate":"https:\/\/sulin.ee\/en\/?s={search_term_string}"},"query-input":{"@type":"PropertyValueSpecification","valueRequired":true,"valueName":"search_term_string"}}],"inLanguage":"en-US"},{"@type":"Organization","@id":"https:\/\/sulin.ee\/en\/#organization","name":"SULIN TRADE O\u00dc","url":"https:\/\/sulin.ee\/en\/","logo":{"@type":"ImageObject","inLanguage":"en-US","@id":"https:\/\/sulin.ee\/en\/#\/schema\/logo\/image\/","url":"https:\/\/sulin.ee\/wp-content\/uploads\/2022\/11\/sulin-logo.png","contentUrl":"https:\/\/sulin.ee\/wp-content\/uploads\/2022\/11\/sulin-logo.png","width":871,"height":321,"caption":"SULIN TRADE O\u00dc"},"image":{"@id":"https:\/\/sulin.ee\/en\/#\/schema\/logo\/image\/"},"sameAs":["https:\/\/www.facebook.com\/www.sulin.ee\/","https:\/\/www.instagram.com\/sulintrade\/"]}]}},"builder_content":"","_links":{"self":[{"href":"https:\/\/sulin.ee\/en\/wp-json\/wp\/v2\/product\/47287","targetHints":{"allow":["GET"]}}],"collection":[{"href":"https:\/\/sulin.ee\/en\/wp-json\/wp\/v2\/product"}],"about":[{"href":"https:\/\/sulin.ee\/en\/wp-json\/wp\/v2\/types\/product"}],"replies":[{"embeddable":true,"href":"https:\/\/sulin.ee\/en\/wp-json\/wp\/v2\/comments?post=47287"}],"wp:featuredmedia":[{"embeddable":true,"href":"https:\/\/sulin.ee\/en\/wp-json\/wp\/v2\/media\/47283"}],"wp:attachment":[{"href":"https:\/\/sulin.ee\/en\/wp-json\/wp\/v2\/media?parent=47287"}],"wp:term":[{"taxonomy":"product_brand","embeddable":true,"href":"https:\/\/sulin.ee\/en\/wp-json\/wp\/v2\/product_brand?post=47287"},{"taxonomy":"product_cat","embeddable":true,"href":"https:\/\/sulin.ee\/en\/wp-json\/wp\/v2\/product_cat?post=47287"},{"taxonomy":"product_tag","embeddable":true,"href":"https:\/\/sulin.ee\/en\/wp-json\/wp\/v2\/product_tag?post=47287"}],"curies":[{"name":"wp","href":"https:\/\/api.w.org\/{rel}","templated":true}]}}